{"id":1499238,"date":"2025-09-22T15:17:30","date_gmt":"2025-09-22T13:17:30","guid":{"rendered":"https:\/\/www.vetorino.com\/boutique\/product\/vetexpert-iclonet\/"},"modified":"2026-02-18T16:54:40","modified_gmt":"2026-02-18T15:54:40","slug":"vetexpert-iclonet","status":"publish","type":"product","link":"https:\/\/www.vetorino.com\/veterinaire\/plouzevede-29440\/boutique\/product\/vetexpert-iclonet\/","title":{"rendered":"Iclonet"},"content":{"rendered":"<div class=\"tabs product-tabs visible--desktop\">\n<div id=\"tab-content\" class=\"tab-content\">\n<div id=\"description\" class=\"tab-pane fade show active\" role=\"tabpanel\">\n<div class=\"product-description\">\n<p>Sa composition unique est bas\u00e9e sur l\u2019<strong>acide hypochloreux<\/strong>.<\/p>\n<p>Ce dernier a un large \u00e9ventail d&#8217;actions et permet une excellente <strong>pr\u00e9paration<\/strong> de la peau pour les proc\u00e9dures v\u00e9t\u00e9rinaires, cr\u00e9ant un environnement appropri\u00e9 pour la<strong> cicatrisation<\/strong>, la <strong>protection des tissus<\/strong> endommag\u00e9s des facteurs externes et la prise en charge de sa <strong>r\u00e9g\u00e9n\u00e9ration<\/strong>.<\/p>\n<p>Cette composante se distingue \u00e9galement par ses effets globaux, son potentiel de s\u00e9curit\u00e9 \u00e9lev\u00e9 (param\u00e8tre de biocompatibilit\u00e9) et son action tr\u00e8s rapide. Le produit est pr\u00eat \u00e0 l&#8217;emploi imm\u00e9diat.<\/p>\n<p>Il <strong>agit en moins d&#8217;une minute.<\/strong><\/p>\n<p><strong>Utilisation :<\/strong><\/p>\n<ul>\n<li>Frammage, gratte et pa\u00eetre<\/li>\n<li>Plaies telles que morsures, lac\u00e9rations, plaies postop\u00e9ratoires<\/li>\n<li>Urgences, tendons, os et ligaments expos\u00e9s, y compris lavage p\u00e9riton\u00e9al<\/li>\n<li>Blessures aigues infect\u00e9es et non infect\u00e9es (blessures traumatiques, plaies chirurgicales)<\/li>\n<li>Blessures chroniques (ulc\u00e8res, escarres)<\/li>\n<li>Br\u00fblures<\/li>\n<li>Nettoyage et entretien de la surface de la plaie avant pansement<\/li>\n<li>Pr\u00e9paration du patient et pendant les interventions chirurgicales.<\/li>\n<\/ul>\n<p><strong>Utilisation :<\/strong><\/p>\n<p><em>Appliquer de fa\u00e7on uniforme sur les coussinets ; r\u00e9p\u00e9ter si n\u00e9cessaire.<\/em><\/p>\n<\/div>\n<\/div>\n<\/div>\n<\/div>\n","protected":false},"excerpt":{"rendered":"<p><strong>Solution nettoyante et de rin\u00e7age pour le traitement des abrasions, des lac\u00e9rations et des plaies. <\/strong><\/p>\n<p>Cette <strong>solution naturelle<\/strong> pr\u00e9pare la zone \u00e0 une intervention m\u00e9dicale suppl\u00e9mentaire et<strong> favorise la r\u00e9paration<\/strong> de la peau.<\/p>\n","protected":false},"featured_media":1500504,"template":"","meta":[],"product_cat":[2697,2698,12611,12612,12560,12561,12618,12619,15841,2727,12570],"product_tag":[],"class_list":{"0":"post-1499238","1":"product","2":"type-product","3":"status-publish","4":"has-post-thumbnail","6":"product_cat-chat","7":"product_cat-chien","8":"product_cat-hygiene-de-la-peau-et-du-pelage-du-chat","9":"product_cat-hygiene-de-la-peau-et-du-pelage-du-chien","10":"product_cat-hygiene-du-chat","11":"product_cat-hygiene-du-chien","12":"product_cat-hygiene-du-lapin","13":"product_cat-hygiene-du-rongeur","14":"product_cat-lapins","15":"product_cat-nac","16":"product_cat-rongeur","17":"pa_marque-vetexpert","19":"first","20":"instock","21":"taxable","22":"shipping-taxable","23":"purchasable","24":"product-type-simple"},"yoast_head":"<!-- This site is optimized with the Yoast SEO plugin v27.3 - https:\/\/yoast.com\/product\/yoast-seo-wordpress\/ -->\n<title>Iclonet Vetexpert - V\u00e9torino<\/title>\n<meta name=\"description\" content=\"Solution nettoyante et de rin\u00e7age pour le traitement des abrasions, des lac\u00e9rations et des plaies.   Cette solution naturelle pr\u00e9pare la zone \u00e0 une intervention m\u00e9dicale suppl\u00e9mentaire et favorise la r\u00e9paration de la peau.\" \/>\n<meta name=\"robots\" content=\"noindex, nofollow\" \/>\n<meta property=\"og:locale\" content=\"fr_FR\" \/>\n<meta property=\"og:type\" content=\"article\" \/>\n<meta property=\"og:title\" content=\"Iclonet Vetexpert - V\u00e9torino\" \/>\n<meta property=\"og:description\" content=\"Solution nettoyante et de rin\u00e7age pour le traitement des abrasions, des lac\u00e9rations et des plaies.   Cette solution naturelle pr\u00e9pare la zone \u00e0 une intervention m\u00e9dicale suppl\u00e9mentaire et favorise la r\u00e9paration de la peau.\" \/>\n<meta property=\"og:url\" content=\"https:\/\/www.vetorino.com\/veterinaire\/plouzevede-29440\/boutique\/product\/vetexpert-iclonet\/\" \/>\n<meta property=\"og:site_name\" content=\"V\u00e9torino\" \/>\n<meta property=\"article:publisher\" content=\"https:\/\/www.facebook.com\/Vetorino\/\" \/>\n<meta property=\"article:modified_time\" content=\"2026-02-18T15:54:40+00:00\" \/>\n<meta property=\"og:image\" content=\"https:\/\/www.vetorino.com\/boutique\/wp-content\/uploads\/2025\/09\/vetexpert-iclonet-solution-antiseptique.webp\" \/>\n\t<meta property=\"og:image:width\" content=\"800\" \/>\n\t<meta property=\"og:image:height\" content=\"800\" \/>\n\t<meta property=\"og:image:type\" content=\"image\/webp\" \/>\n<meta name=\"twitter:card\" content=\"summary_large_image\" \/>\n<meta name=\"twitter:label1\" content=\"Prix\" \/>\n\t<meta name=\"twitter:data1\" content=\"16,60&euro;\" \/>\n\t<meta name=\"twitter:label2\" content=\"Disponibilit\u00e9\" \/>\n\t<meta name=\"twitter:data2\" content=\"En stock\" \/>\n<script type=\"application\/ld+json\" class=\"yoast-schema-graph\">{\"@context\":\"https:\\\/\\\/schema.org\",\"@graph\":[{\"@type\":\"WebPage\",\"@id\":\"https:\\\/\\\/www.vetorino.com\\\/boutique\\\/product\\\/vetexpert-iclonet\\\/\",\"url\":\"https:\\\/\\\/www.vetorino.com\\\/boutique\\\/product\\\/vetexpert-iclonet\\\/\",\"name\":\"Iclonet Vetexpert - V\u00e9torino\",\"isPartOf\":{\"@id\":\"https:\\\/\\\/www.vetorino.com\\\/boutique\\\/#website\"},\"primaryImageOfPage\":{\"@id\":\"https:\\\/\\\/www.vetorino.com\\\/boutique\\\/product\\\/vetexpert-iclonet\\\/#primaryimage\"},\"image\":{\"@id\":\"https:\\\/\\\/www.vetorino.com\\\/boutique\\\/product\\\/vetexpert-iclonet\\\/#primaryimage\"},\"thumbnailUrl\":\"https:\\\/\\\/www.vetorino.com\\\/boutique\\\/wp-content\\\/uploads\\\/2025\\\/09\\\/vetexpert-iclonet-solution-antiseptique.webp\",\"datePublished\":\"2025-09-22T13:17:30+00:00\",\"dateModified\":\"2026-02-18T15:54:40+00:00\",\"description\":\"Solution nettoyante et de rin\u00e7age pour le traitement des abrasions, des lac\u00e9rations et des plaies. Cette solution naturelle pr\u00e9pare la zone \u00e0 une intervention m\u00e9dicale suppl\u00e9mentaire et favorise la r\u00e9paration de la peau.\",\"breadcrumb\":{\"@id\":\"https:\\\/\\\/www.vetorino.com\\\/boutique\\\/product\\\/vetexpert-iclonet\\\/#breadcrumb\"},\"inLanguage\":\"fr-FR\",\"potentialAction\":[{\"@type\":\"ReadAction\",\"target\":[\"https:\\\/\\\/www.vetorino.com\\\/boutique\\\/product\\\/vetexpert-iclonet\\\/\"]}]},{\"@type\":\"ImageObject\",\"inLanguage\":\"fr-FR\",\"@id\":\"https:\\\/\\\/www.vetorino.com\\\/boutique\\\/product\\\/vetexpert-iclonet\\\/#primaryimage\",\"url\":\"https:\\\/\\\/www.vetorino.com\\\/boutique\\\/wp-content\\\/uploads\\\/2025\\\/09\\\/vetexpert-iclonet-solution-antiseptique.webp\",\"contentUrl\":\"https:\\\/\\\/www.vetorino.com\\\/boutique\\\/wp-content\\\/uploads\\\/2025\\\/09\\\/vetexpert-iclonet-solution-antiseptique.webp\",\"width\":800,\"height\":800},{\"@type\":\"BreadcrumbList\",\"@id\":\"https:\\\/\\\/www.vetorino.com\\\/boutique\\\/product\\\/vetexpert-iclonet\\\/#breadcrumb\",\"itemListElement\":[{\"@type\":\"ListItem\",\"position\":1,\"name\":\"Accueil\",\"item\":\"https:\\\/\\\/www.vetorino.com\\\/boutique\\\/\"},{\"@type\":\"ListItem\",\"position\":2,\"name\":\"Produits\",\"item\":\"https:\\\/\\\/www.vetorino.com\\\/boutique\\\/\"},{\"@type\":\"ListItem\",\"position\":3,\"name\":\"Iclonet\"}]},{\"@type\":\"WebSite\",\"@id\":\"https:\\\/\\\/www.vetorino.com\\\/boutique\\\/#website\",\"url\":\"https:\\\/\\\/www.vetorino.com\\\/boutique\\\/\",\"name\":\"V\u00e9torino\",\"description\":\"\",\"publisher\":{\"@id\":\"https:\\\/\\\/www.vetorino.com\\\/boutique\\\/#organization\"},\"potentialAction\":[{\"@type\":\"SearchAction\",\"target\":{\"@type\":\"EntryPoint\",\"urlTemplate\":\"https:\\\/\\\/www.vetorino.com\\\/boutique\\\/?s={search_term_string}\"},\"query-input\":{\"@type\":\"PropertyValueSpecification\",\"valueRequired\":true,\"valueName\":\"search_term_string\"}}],\"inLanguage\":\"fr-FR\"},{\"@type\":\"Organization\",\"@id\":\"https:\\\/\\\/www.vetorino.com\\\/boutique\\\/#organization\",\"name\":\"V\u00e9torino\",\"url\":\"https:\\\/\\\/www.vetorino.com\\\/boutique\\\/\",\"logo\":{\"@type\":\"ImageObject\",\"inLanguage\":\"fr-FR\",\"@id\":\"https:\\\/\\\/www.vetorino.com\\\/boutique\\\/#\\\/schema\\\/logo\\\/image\\\/\",\"url\":\"https:\\\/\\\/www.vetorino.com\\\/boutique\\\/wp-content\\\/uploads\\\/2024\\\/10\\\/logo.jpg\",\"contentUrl\":\"https:\\\/\\\/www.vetorino.com\\\/boutique\\\/wp-content\\\/uploads\\\/2024\\\/10\\\/logo.jpg\",\"width\":1200,\"height\":610,\"caption\":\"V\u00e9torino\"},\"image\":{\"@id\":\"https:\\\/\\\/www.vetorino.com\\\/boutique\\\/#\\\/schema\\\/logo\\\/image\\\/\"},\"sameAs\":[\"https:\\\/\\\/www.facebook.com\\\/Vetorino\\\/\",\"https:\\\/\\\/www.instagram.com\\\/vetorino_off\\\/\",\"https:\\\/\\\/www.linkedin.com\\\/company\\\/vtorino\\\/\"]}]}<\/script>\n<meta property=\"product:brand\" content=\"Vetexpert\" \/>\n<meta property=\"product:price:amount\" content=\"16.60\" \/>\n<meta property=\"product:price:currency\" content=\"EUR\" \/>\n<meta property=\"og:availability\" content=\"instock\" \/>\n<meta property=\"product:availability\" content=\"instock\" \/>\n<meta property=\"product:retailer_item_id\" content=\"A-1894060\" \/>\n<meta property=\"product:condition\" content=\"new\" \/>\n<!-- \/ Yoast SEO plugin. -->","yoast_head_json":{"title":"Iclonet Vetexpert - V\u00e9torino","description":"Solution nettoyante et de rin\u00e7age pour le traitement des abrasions, des lac\u00e9rations et des plaies.   Cette solution naturelle pr\u00e9pare la zone \u00e0 une intervention m\u00e9dicale suppl\u00e9mentaire et favorise la r\u00e9paration de la peau.","robots":{"index":"noindex","follow":"nofollow"},"og_locale":"fr_FR","og_type":"article","og_title":"Iclonet Vetexpert - V\u00e9torino","og_description":"Solution nettoyante et de rin\u00e7age pour le traitement des abrasions, des lac\u00e9rations et des plaies.   Cette solution naturelle pr\u00e9pare la zone \u00e0 une intervention m\u00e9dicale suppl\u00e9mentaire et favorise la r\u00e9paration de la peau.","og_url":"https:\/\/www.vetorino.com\/veterinaire\/plouzevede-29440\/boutique\/product\/vetexpert-iclonet\/","og_site_name":"V\u00e9torino","article_publisher":"https:\/\/www.facebook.com\/Vetorino\/","article_modified_time":"2026-02-18T15:54:40+00:00","og_image":[{"width":800,"height":800,"url":"https:\/\/www.vetorino.com\/boutique\/wp-content\/uploads\/2025\/09\/vetexpert-iclonet-solution-antiseptique.webp","type":"image\/webp"}],"twitter_card":"summary_large_image","twitter_misc":{"Prix":"16,60&euro;","Disponibilit\u00e9":"En stock"},"schema":{"@context":"https:\/\/schema.org","@graph":[{"@type":"WebPage","@id":"https:\/\/www.vetorino.com\/boutique\/product\/vetexpert-iclonet\/","url":"https:\/\/www.vetorino.com\/boutique\/product\/vetexpert-iclonet\/","name":"Iclonet Vetexpert - V\u00e9torino","isPartOf":{"@id":"https:\/\/www.vetorino.com\/boutique\/#website"},"primaryImageOfPage":{"@id":"https:\/\/www.vetorino.com\/boutique\/product\/vetexpert-iclonet\/#primaryimage"},"image":{"@id":"https:\/\/www.vetorino.com\/boutique\/product\/vetexpert-iclonet\/#primaryimage"},"thumbnailUrl":"https:\/\/www.vetorino.com\/boutique\/wp-content\/uploads\/2025\/09\/vetexpert-iclonet-solution-antiseptique.webp","datePublished":"2025-09-22T13:17:30+00:00","dateModified":"2026-02-18T15:54:40+00:00","description":"Solution nettoyante et de rin\u00e7age pour le traitement des abrasions, des lac\u00e9rations et des plaies. Cette solution naturelle pr\u00e9pare la zone \u00e0 une intervention m\u00e9dicale suppl\u00e9mentaire et favorise la r\u00e9paration de la peau.","breadcrumb":{"@id":"https:\/\/www.vetorino.com\/boutique\/product\/vetexpert-iclonet\/#breadcrumb"},"inLanguage":"fr-FR","potentialAction":[{"@type":"ReadAction","target":["https:\/\/www.vetorino.com\/boutique\/product\/vetexpert-iclonet\/"]}]},{"@type":"ImageObject","inLanguage":"fr-FR","@id":"https:\/\/www.vetorino.com\/boutique\/product\/vetexpert-iclonet\/#primaryimage","url":"https:\/\/www.vetorino.com\/boutique\/wp-content\/uploads\/2025\/09\/vetexpert-iclonet-solution-antiseptique.webp","contentUrl":"https:\/\/www.vetorino.com\/boutique\/wp-content\/uploads\/2025\/09\/vetexpert-iclonet-solution-antiseptique.webp","width":800,"height":800},{"@type":"BreadcrumbList","@id":"https:\/\/www.vetorino.com\/boutique\/product\/vetexpert-iclonet\/#breadcrumb","itemListElement":[{"@type":"ListItem","position":1,"name":"Accueil","item":"https:\/\/www.vetorino.com\/boutique\/"},{"@type":"ListItem","position":2,"name":"Produits","item":"https:\/\/www.vetorino.com\/boutique\/"},{"@type":"ListItem","position":3,"name":"Iclonet"}]},{"@type":"WebSite","@id":"https:\/\/www.vetorino.com\/boutique\/#website","url":"https:\/\/www.vetorino.com\/boutique\/","name":"V\u00e9torino","description":"","publisher":{"@id":"https:\/\/www.vetorino.com\/boutique\/#organization"},"potentialAction":[{"@type":"SearchAction","target":{"@type":"EntryPoint","urlTemplate":"https:\/\/www.vetorino.com\/boutique\/?s={search_term_string}"},"query-input":{"@type":"PropertyValueSpecification","valueRequired":true,"valueName":"search_term_string"}}],"inLanguage":"fr-FR"},{"@type":"Organization","@id":"https:\/\/www.vetorino.com\/boutique\/#organization","name":"V\u00e9torino","url":"https:\/\/www.vetorino.com\/boutique\/","logo":{"@type":"ImageObject","inLanguage":"fr-FR","@id":"https:\/\/www.vetorino.com\/boutique\/#\/schema\/logo\/image\/","url":"https:\/\/www.vetorino.com\/boutique\/wp-content\/uploads\/2024\/10\/logo.jpg","contentUrl":"https:\/\/www.vetorino.com\/boutique\/wp-content\/uploads\/2024\/10\/logo.jpg","width":1200,"height":610,"caption":"V\u00e9torino"},"image":{"@id":"https:\/\/www.vetorino.com\/boutique\/#\/schema\/logo\/image\/"},"sameAs":["https:\/\/www.facebook.com\/Vetorino\/","https:\/\/www.instagram.com\/vetorino_off\/","https:\/\/www.linkedin.com\/company\/vtorino\/"]}]},"product_brand":"Vetexpert","product_price_amount":"16.60","product_price_currency":"EUR","og_availability":"instock","product_availability":"instock","product_retailer_item_id":"A-1894060","product_condition":"new"},"_links":{"self":[{"href":"https:\/\/www.vetorino.com\/veterinaire\/plouzevede-29440\/boutique\/wp-json\/wp\/v2\/product\/1499238","targetHints":{"allow":["GET"]}}],"collection":[{"href":"https:\/\/www.vetorino.com\/veterinaire\/plouzevede-29440\/boutique\/wp-json\/wp\/v2\/product"}],"about":[{"href":"https:\/\/www.vetorino.com\/veterinaire\/plouzevede-29440\/boutique\/wp-json\/wp\/v2\/types\/product"}],"wp:featuredmedia":[{"embeddable":true,"href":"https:\/\/www.vetorino.com\/veterinaire\/plouzevede-29440\/boutique\/wp-json\/wp\/v2\/media\/1500504"}],"wp:attachment":[{"href":"https:\/\/www.vetorino.com\/veterinaire\/plouzevede-29440\/boutique\/wp-json\/wp\/v2\/media?parent=1499238"}],"wp:term":[{"taxonomy":"product_cat","embeddable":true,"href":"https:\/\/www.vetorino.com\/veterinaire\/plouzevede-29440\/boutique\/wp-json\/wp\/v2\/product_cat?post=1499238"},{"taxonomy":"product_tag","embeddable":true,"href":"https:\/\/www.vetorino.com\/veterinaire\/plouzevede-29440\/boutique\/wp-json\/wp\/v2\/product_tag?post=1499238"}],"curies":[{"name":"wp","href":"https:\/\/api.w.org\/{rel}","templated":true}]}}