{"id":1506647,"date":"2025-09-28T05:35:05","date_gmt":"2025-09-28T03:35:05","guid":{"rendered":"https:\/\/www.vetorino.com\/boutique\/product\/feline-i-d-digestive-kitten-sachets\/"},"modified":"2025-10-01T17:33:23","modified_gmt":"2025-10-01T15:33:23","slug":"feline-i-d-digestive-kitten-sachets","status":"publish","type":"product","link":"https:\/\/www.vetorino.com\/veterinaire\/plouzevede-29440\/boutique\/product\/feline-i-d-digestive-kitten-sachets\/","title":{"rendered":"I\/D Digestive Kitten Poulet &#8211; chaton"},"content":{"rendered":"<p><em>Hill\u2019s Prescription Diet i\/d &#8211; Aliment pour Chaton<\/em> est un aliment \u00e0 la saveur d\u00e9licieuse dont il a \u00e9t\u00e9 cliniquement prouv\u00e9 qu\u2019il <strong>contribue \u00e0 r\u00e9duire les troubles digestifs. <\/strong><\/p>\n<p>Cet aliment hautement digestible, enrichi en \u00e9lectrolytes et riche en vitamines B, <strong>facilite l\u2019absorption des nutriments et compense la perte de nutriments. <\/strong><\/p>\n<p>Formul\u00e9 avec la<strong> technologie exclusive de Hill\u2019s ActivBiome+ Digestion<\/strong>, un m\u00e9lange exclusif de fibres pr\u00e9biotiques, dont il a \u00e9t\u00e9 cliniquement prouv\u00e9 qu\u2019il nourrit rapidement le microbiome intestinal afin de favoriser une qualit\u00e9 optimale des selles et une<strong> bonne sant\u00e9 digestive. <\/strong><\/p>\n<p>Enrichi en acides gras Om\u00e9ga-3 et 6 et en antioxydants dont il a \u00e9t\u00e9 cliniquement d\u00e9montr\u00e9 qu\u2019ils contribuent \u00e0 <strong>renforcer le syst\u00e8me immunitaire.<\/strong><\/p>\n<p>Hill\u2019s Prescription Diet i\/d &#8211; Aliment pour Chaton est sp\u00e9cialement formul\u00e9 pour contribuer \u00e0<strong> r\u00e9duire les troubles digestifs<\/strong> et r\u00e9pondre aux <strong>besoins nutritionnels particuliers du chaton.<\/strong><\/p>\n<p><strong>Utilisation :<\/strong><\/p>\n<ul>\n<li>Gastro-ent\u00e9rite aigu\u00eb (diarrh\u00e9e ou vomissements)<\/li>\n<li>Constipation (alt\u00e9ration de la motilit\u00e9)<\/li>\n<li>Insuffisance pancr\u00e9atique exocrine (IPE)<\/li>\n<li>Gastrite (aigu\u00eb ou chronique)<\/li>\n<li>Troubles \u0153sophagiens<\/li>\n<li>Pancr\u00e9atite<\/li>\n<li>R\u00e9cup\u00e9ration apr\u00e8s une chirurgie gastro-intestinale<\/li>\n<li>Croissance<\/li>\n<\/ul>\n","protected":false},"excerpt":{"rendered":"<p><em>Hill\u2019s Prescription Diet i\/d &#8211; Aliment pour Chaton<\/em> est un aliment di\u00e9t\u00e9tique complet hautement digestible formul\u00e9 <strong>pour r\u00e9duire les troubles de l\u2019absorption intestinale<\/strong>, et<strong> compenser la mauvaise digestion<\/strong> et <strong>l\u2019insuffisance pancr\u00e9atique exocrine<\/strong> chez le chaton.<\/p>\n<p>Cet aliment a une<strong> teneur \u00e9lev\u00e9e en sodium et en potassium<\/strong> ainsi qu\u2019en <strong>ingr\u00e9dients hautement digestibles.<\/strong><\/p>\n<p><strong>Utilisation :<\/strong><\/p>\n<ul>\n<li>Gastro-ent\u00e9rite aigu\u00eb (diarrh\u00e9e ou vomissements)<\/li>\n<li>Constipation (alt\u00e9ration de la motilit\u00e9)<\/li>\n<li>Insuffisance pancr\u00e9atique exocrine (IPE)<\/li>\n<li>Gastrite (aigu\u00eb ou chronique)<\/li>\n<li>Troubles \u0153sophagiens<\/li>\n<li>Pancr\u00e9atite<\/li>\n<li>R\u00e9cup\u00e9ration apr\u00e8s une chirurgie gastro-intestinale<\/li>\n<li>Croissance<\/li>\n<\/ul>\n","protected":false},"featured_media":1511262,"template":"","meta":[],"product_cat":[12551,12581,2697],"product_tag":[],"class_list":{"0":"post-1506647","1":"product","2":"type-product","3":"status-publish","4":"has-post-thumbnail","6":"product_cat-alimentation-du-chat","7":"product_cat-alimentation-medicalisee-pour-chat","8":"product_cat-chat","9":"pa_marque-hills-pet-nutrition","11":"first","12":"instock","13":"taxable","14":"shipping-taxable","15":"purchasable","16":"product-type-simple"},"yoast_head":"<!-- This site is optimized with the Yoast SEO plugin v27.3 - https:\/\/yoast.com\/product\/yoast-seo-wordpress\/ -->\n<title>I\/D Digestive Kitten Poulet - chaton Hill&#039;s - V\u00e9torino<\/title>\n<meta name=\"description\" content=\"Hill\u2019s Prescription Diet i\/d - Aliment pour Chaton est un aliment di\u00e9t\u00e9tique complet hautement digestible formul\u00e9 pour r\u00e9duire les troubles de l\u2019absorption intestinale, et compenser la mauvaise digestion et l\u2019insuffisance pancr\u00e9atique exocrine chez le chaton.  Cet aliment a une teneur \u00e9lev\u00e9e en sodium et en potassium ainsi qu\u2019en ingr\u00e9dients hautement digestibles.  Utilisation :   Gastro-ent\u00e9rite aigu\u00eb (diarrh\u00e9e ou vomissements)  Constipation (alt\u00e9ration de la motilit\u00e9)  Insuffisance pancr\u00e9atique exocrine (IPE)  Gastrite (aigu\u00eb ou chronique)  Troubles \u0153sophagiens  Pancr\u00e9atite  R\u00e9cup\u00e9ration apr\u00e8s une chirurgie gastro-intestinale  Croissance\" \/>\n<meta name=\"robots\" content=\"noindex, nofollow\" \/>\n<meta property=\"og:locale\" content=\"fr_FR\" \/>\n<meta property=\"og:type\" content=\"article\" \/>\n<meta property=\"og:title\" content=\"I\/D Digestive Kitten Poulet - chaton Hill&#039;s - V\u00e9torino\" \/>\n<meta property=\"og:description\" content=\"Hill\u2019s Prescription Diet i\/d - Aliment pour Chaton est un aliment di\u00e9t\u00e9tique complet hautement digestible formul\u00e9 pour r\u00e9duire les troubles de l\u2019absorption intestinale, et compenser la mauvaise digestion et l\u2019insuffisance pancr\u00e9atique exocrine chez le chaton.  Cet aliment a une teneur \u00e9lev\u00e9e en sodium et en potassium ainsi qu\u2019en ingr\u00e9dients hautement digestibles.  Utilisation :   Gastro-ent\u00e9rite aigu\u00eb (diarrh\u00e9e ou vomissements)  Constipation (alt\u00e9ration de la motilit\u00e9)  Insuffisance pancr\u00e9atique exocrine (IPE)  Gastrite (aigu\u00eb ou chronique)  Troubles \u0153sophagiens  Pancr\u00e9atite  R\u00e9cup\u00e9ration apr\u00e8s une chirurgie gastro-intestinale  Croissance\" \/>\n<meta property=\"og:url\" content=\"https:\/\/www.vetorino.com\/veterinaire\/plouzevede-29440\/boutique\/product\/feline-i-d-digestive-kitten-sachets\/\" \/>\n<meta property=\"og:site_name\" content=\"V\u00e9torino\" \/>\n<meta property=\"article:publisher\" content=\"https:\/\/www.facebook.com\/Vetorino\/\" \/>\n<meta property=\"article:modified_time\" content=\"2025-10-01T15:33:23+00:00\" \/>\n<meta property=\"og:image\" content=\"https:\/\/www.vetorino.com\/boutique\/wp-content\/uploads\/2025\/09\/digestive-care-kitten-sachet-hills.jpg\" \/>\n\t<meta property=\"og:image:width\" content=\"1000\" \/>\n\t<meta property=\"og:image:height\" content=\"1000\" \/>\n\t<meta property=\"og:image:type\" content=\"image\/jpeg\" \/>\n<meta name=\"twitter:card\" content=\"summary_large_image\" \/>\n<meta name=\"twitter:label1\" content=\"Prix\" \/>\n\t<meta name=\"twitter:data1\" content=\"21,69&euro;\" \/>\n\t<meta name=\"twitter:label2\" content=\"Disponibilit\u00e9\" \/>\n\t<meta name=\"twitter:data2\" content=\"En stock\" \/>\n<script type=\"application\/ld+json\" class=\"yoast-schema-graph\">{\"@context\":\"https:\\\/\\\/schema.org\",\"@graph\":[{\"@type\":\"WebPage\",\"@id\":\"https:\\\/\\\/www.vetorino.com\\\/veterinaire\\\/briancon-05100\\\/boutique\\\/product\\\/feline-i-d-digestive-kitten-sachets\\\/\",\"url\":\"https:\\\/\\\/www.vetorino.com\\\/veterinaire\\\/briancon-05100\\\/boutique\\\/product\\\/feline-i-d-digestive-kitten-sachets\\\/\",\"name\":\"I\\\/D Digestive Kitten Poulet - chaton Hill's - V\u00e9torino\",\"isPartOf\":{\"@id\":\"https:\\\/\\\/www.vetorino.com\\\/boutique\\\/#website\"},\"primaryImageOfPage\":{\"@id\":\"https:\\\/\\\/www.vetorino.com\\\/veterinaire\\\/briancon-05100\\\/boutique\\\/product\\\/feline-i-d-digestive-kitten-sachets\\\/#primaryimage\"},\"image\":{\"@id\":\"https:\\\/\\\/www.vetorino.com\\\/veterinaire\\\/briancon-05100\\\/boutique\\\/product\\\/feline-i-d-digestive-kitten-sachets\\\/#primaryimage\"},\"thumbnailUrl\":\"https:\\\/\\\/www.vetorino.com\\\/boutique\\\/wp-content\\\/uploads\\\/2025\\\/09\\\/digestive-care-kitten-sachet-hills.jpg\",\"datePublished\":\"2025-09-28T03:35:05+00:00\",\"dateModified\":\"2025-10-01T15:33:23+00:00\",\"description\":\"Hill\u2019s Prescription Diet i\\\/d - Aliment pour Chaton est un aliment di\u00e9t\u00e9tique complet hautement digestible formul\u00e9 pour r\u00e9duire les troubles de l\u2019absorption intestinale, et compenser la mauvaise digestion et l\u2019insuffisance pancr\u00e9atique exocrine chez le chaton. Cet aliment a une teneur \u00e9lev\u00e9e en sodium et en potassium ainsi qu\u2019en ingr\u00e9dients hautement digestibles. Utilisation : Gastro-ent\u00e9rite aigu\u00eb (diarrh\u00e9e ou vomissements) Constipation (alt\u00e9ration de la motilit\u00e9) Insuffisance pancr\u00e9atique exocrine (IPE) Gastrite (aigu\u00eb ou chronique) Troubles \u0153sophagiens Pancr\u00e9atite R\u00e9cup\u00e9ration apr\u00e8s une chirurgie gastro-intestinale Croissance\",\"breadcrumb\":{\"@id\":\"https:\\\/\\\/www.vetorino.com\\\/veterinaire\\\/briancon-05100\\\/boutique\\\/product\\\/feline-i-d-digestive-kitten-sachets\\\/#breadcrumb\"},\"inLanguage\":\"fr-FR\",\"potentialAction\":[{\"@type\":\"ReadAction\",\"target\":[\"https:\\\/\\\/www.vetorino.com\\\/veterinaire\\\/briancon-05100\\\/boutique\\\/product\\\/feline-i-d-digestive-kitten-sachets\\\/\"]}]},{\"@type\":\"ImageObject\",\"inLanguage\":\"fr-FR\",\"@id\":\"https:\\\/\\\/www.vetorino.com\\\/veterinaire\\\/briancon-05100\\\/boutique\\\/product\\\/feline-i-d-digestive-kitten-sachets\\\/#primaryimage\",\"url\":\"https:\\\/\\\/www.vetorino.com\\\/boutique\\\/wp-content\\\/uploads\\\/2025\\\/09\\\/digestive-care-kitten-sachet-hills.jpg\",\"contentUrl\":\"https:\\\/\\\/www.vetorino.com\\\/boutique\\\/wp-content\\\/uploads\\\/2025\\\/09\\\/digestive-care-kitten-sachet-hills.jpg\",\"width\":1000,\"height\":1000},{\"@type\":\"BreadcrumbList\",\"@id\":\"https:\\\/\\\/www.vetorino.com\\\/veterinaire\\\/briancon-05100\\\/boutique\\\/product\\\/feline-i-d-digestive-kitten-sachets\\\/#breadcrumb\",\"itemListElement\":[{\"@type\":\"ListItem\",\"position\":1,\"name\":\"Accueil\",\"item\":\"https:\\\/\\\/www.vetorino.com\\\/boutique\\\/\"},{\"@type\":\"ListItem\",\"position\":2,\"name\":\"Produits\",\"item\":\"https:\\\/\\\/www.vetorino.com\\\/boutique\\\/\"},{\"@type\":\"ListItem\",\"position\":3,\"name\":\"I\\\/D Digestive Kitten Poulet &#8211; chaton\"}]},{\"@type\":\"WebSite\",\"@id\":\"https:\\\/\\\/www.vetorino.com\\\/boutique\\\/#website\",\"url\":\"https:\\\/\\\/www.vetorino.com\\\/boutique\\\/\",\"name\":\"V\u00e9torino\",\"description\":\"\",\"publisher\":{\"@id\":\"https:\\\/\\\/www.vetorino.com\\\/boutique\\\/#organization\"},\"potentialAction\":[{\"@type\":\"SearchAction\",\"target\":{\"@type\":\"EntryPoint\",\"urlTemplate\":\"https:\\\/\\\/www.vetorino.com\\\/boutique\\\/?s={search_term_string}\"},\"query-input\":{\"@type\":\"PropertyValueSpecification\",\"valueRequired\":true,\"valueName\":\"search_term_string\"}}],\"inLanguage\":\"fr-FR\"},{\"@type\":\"Organization\",\"@id\":\"https:\\\/\\\/www.vetorino.com\\\/boutique\\\/#organization\",\"name\":\"V\u00e9torino\",\"url\":\"https:\\\/\\\/www.vetorino.com\\\/boutique\\\/\",\"logo\":{\"@type\":\"ImageObject\",\"inLanguage\":\"fr-FR\",\"@id\":\"https:\\\/\\\/www.vetorino.com\\\/boutique\\\/#\\\/schema\\\/logo\\\/image\\\/\",\"url\":\"https:\\\/\\\/www.vetorino.com\\\/boutique\\\/wp-content\\\/uploads\\\/2024\\\/10\\\/logo.jpg\",\"contentUrl\":\"https:\\\/\\\/www.vetorino.com\\\/boutique\\\/wp-content\\\/uploads\\\/2024\\\/10\\\/logo.jpg\",\"width\":1200,\"height\":610,\"caption\":\"V\u00e9torino\"},\"image\":{\"@id\":\"https:\\\/\\\/www.vetorino.com\\\/boutique\\\/#\\\/schema\\\/logo\\\/image\\\/\"},\"sameAs\":[\"https:\\\/\\\/www.facebook.com\\\/Vetorino\\\/\",\"https:\\\/\\\/www.instagram.com\\\/vetorino_off\\\/\",\"https:\\\/\\\/www.linkedin.com\\\/company\\\/vtorino\\\/\"]}]}<\/script>\n<meta property=\"product:brand\" content=\"Hill&#039;s\" \/>\n<meta property=\"product:price:amount\" content=\"21.69\" \/>\n<meta property=\"product:price:currency\" content=\"EUR\" \/>\n<meta property=\"og:availability\" content=\"instock\" \/>\n<meta property=\"product:availability\" content=\"instock\" \/>\n<meta property=\"product:retailer_item_id\" content=\"A-1898170\" \/>\n<meta property=\"product:condition\" content=\"new\" \/>\n<!-- \/ Yoast SEO plugin. -->","yoast_head_json":{"title":"I\/D Digestive Kitten Poulet - chaton Hill's - V\u00e9torino","description":"Hill\u2019s Prescription Diet i\/d - Aliment pour Chaton est un aliment di\u00e9t\u00e9tique complet hautement digestible formul\u00e9 pour r\u00e9duire les troubles de l\u2019absorption intestinale, et compenser la mauvaise digestion et l\u2019insuffisance pancr\u00e9atique exocrine chez le chaton.  Cet aliment a une teneur \u00e9lev\u00e9e en sodium et en potassium ainsi qu\u2019en ingr\u00e9dients hautement digestibles.  Utilisation :   Gastro-ent\u00e9rite aigu\u00eb (diarrh\u00e9e ou vomissements)  Constipation (alt\u00e9ration de la motilit\u00e9)  Insuffisance pancr\u00e9atique exocrine (IPE)  Gastrite (aigu\u00eb ou chronique)  Troubles \u0153sophagiens  Pancr\u00e9atite  R\u00e9cup\u00e9ration apr\u00e8s une chirurgie gastro-intestinale  Croissance","robots":{"index":"noindex","follow":"nofollow"},"og_locale":"fr_FR","og_type":"article","og_title":"I\/D Digestive Kitten Poulet - chaton Hill's - V\u00e9torino","og_description":"Hill\u2019s Prescription Diet i\/d - Aliment pour Chaton est un aliment di\u00e9t\u00e9tique complet hautement digestible formul\u00e9 pour r\u00e9duire les troubles de l\u2019absorption intestinale, et compenser la mauvaise digestion et l\u2019insuffisance pancr\u00e9atique exocrine chez le chaton.  Cet aliment a une teneur \u00e9lev\u00e9e en sodium et en potassium ainsi qu\u2019en ingr\u00e9dients hautement digestibles.  Utilisation :   Gastro-ent\u00e9rite aigu\u00eb (diarrh\u00e9e ou vomissements)  Constipation (alt\u00e9ration de la motilit\u00e9)  Insuffisance pancr\u00e9atique exocrine (IPE)  Gastrite (aigu\u00eb ou chronique)  Troubles \u0153sophagiens  Pancr\u00e9atite  R\u00e9cup\u00e9ration apr\u00e8s une chirurgie gastro-intestinale  Croissance","og_url":"https:\/\/www.vetorino.com\/veterinaire\/plouzevede-29440\/boutique\/product\/feline-i-d-digestive-kitten-sachets\/","og_site_name":"V\u00e9torino","article_publisher":"https:\/\/www.facebook.com\/Vetorino\/","article_modified_time":"2025-10-01T15:33:23+00:00","og_image":[{"width":1000,"height":1000,"url":"https:\/\/www.vetorino.com\/boutique\/wp-content\/uploads\/2025\/09\/digestive-care-kitten-sachet-hills.jpg","type":"image\/jpeg"}],"twitter_card":"summary_large_image","twitter_misc":{"Prix":"21,69&euro;","Disponibilit\u00e9":"En stock"},"schema":{"@context":"https:\/\/schema.org","@graph":[{"@type":"WebPage","@id":"https:\/\/www.vetorino.com\/veterinaire\/briancon-05100\/boutique\/product\/feline-i-d-digestive-kitten-sachets\/","url":"https:\/\/www.vetorino.com\/veterinaire\/briancon-05100\/boutique\/product\/feline-i-d-digestive-kitten-sachets\/","name":"I\/D Digestive Kitten Poulet - chaton Hill's - V\u00e9torino","isPartOf":{"@id":"https:\/\/www.vetorino.com\/boutique\/#website"},"primaryImageOfPage":{"@id":"https:\/\/www.vetorino.com\/veterinaire\/briancon-05100\/boutique\/product\/feline-i-d-digestive-kitten-sachets\/#primaryimage"},"image":{"@id":"https:\/\/www.vetorino.com\/veterinaire\/briancon-05100\/boutique\/product\/feline-i-d-digestive-kitten-sachets\/#primaryimage"},"thumbnailUrl":"https:\/\/www.vetorino.com\/boutique\/wp-content\/uploads\/2025\/09\/digestive-care-kitten-sachet-hills.jpg","datePublished":"2025-09-28T03:35:05+00:00","dateModified":"2025-10-01T15:33:23+00:00","description":"Hill\u2019s Prescription Diet i\/d - Aliment pour Chaton est un aliment di\u00e9t\u00e9tique complet hautement digestible formul\u00e9 pour r\u00e9duire les troubles de l\u2019absorption intestinale, et compenser la mauvaise digestion et l\u2019insuffisance pancr\u00e9atique exocrine chez le chaton. Cet aliment a une teneur \u00e9lev\u00e9e en sodium et en potassium ainsi qu\u2019en ingr\u00e9dients hautement digestibles. Utilisation : Gastro-ent\u00e9rite aigu\u00eb (diarrh\u00e9e ou vomissements) Constipation (alt\u00e9ration de la motilit\u00e9) Insuffisance pancr\u00e9atique exocrine (IPE) Gastrite (aigu\u00eb ou chronique) Troubles \u0153sophagiens Pancr\u00e9atite R\u00e9cup\u00e9ration apr\u00e8s une chirurgie gastro-intestinale Croissance","breadcrumb":{"@id":"https:\/\/www.vetorino.com\/veterinaire\/briancon-05100\/boutique\/product\/feline-i-d-digestive-kitten-sachets\/#breadcrumb"},"inLanguage":"fr-FR","potentialAction":[{"@type":"ReadAction","target":["https:\/\/www.vetorino.com\/veterinaire\/briancon-05100\/boutique\/product\/feline-i-d-digestive-kitten-sachets\/"]}]},{"@type":"ImageObject","inLanguage":"fr-FR","@id":"https:\/\/www.vetorino.com\/veterinaire\/briancon-05100\/boutique\/product\/feline-i-d-digestive-kitten-sachets\/#primaryimage","url":"https:\/\/www.vetorino.com\/boutique\/wp-content\/uploads\/2025\/09\/digestive-care-kitten-sachet-hills.jpg","contentUrl":"https:\/\/www.vetorino.com\/boutique\/wp-content\/uploads\/2025\/09\/digestive-care-kitten-sachet-hills.jpg","width":1000,"height":1000},{"@type":"BreadcrumbList","@id":"https:\/\/www.vetorino.com\/veterinaire\/briancon-05100\/boutique\/product\/feline-i-d-digestive-kitten-sachets\/#breadcrumb","itemListElement":[{"@type":"ListItem","position":1,"name":"Accueil","item":"https:\/\/www.vetorino.com\/boutique\/"},{"@type":"ListItem","position":2,"name":"Produits","item":"https:\/\/www.vetorino.com\/boutique\/"},{"@type":"ListItem","position":3,"name":"I\/D Digestive Kitten Poulet &#8211; chaton"}]},{"@type":"WebSite","@id":"https:\/\/www.vetorino.com\/boutique\/#website","url":"https:\/\/www.vetorino.com\/boutique\/","name":"V\u00e9torino","description":"","publisher":{"@id":"https:\/\/www.vetorino.com\/boutique\/#organization"},"potentialAction":[{"@type":"SearchAction","target":{"@type":"EntryPoint","urlTemplate":"https:\/\/www.vetorino.com\/boutique\/?s={search_term_string}"},"query-input":{"@type":"PropertyValueSpecification","valueRequired":true,"valueName":"search_term_string"}}],"inLanguage":"fr-FR"},{"@type":"Organization","@id":"https:\/\/www.vetorino.com\/boutique\/#organization","name":"V\u00e9torino","url":"https:\/\/www.vetorino.com\/boutique\/","logo":{"@type":"ImageObject","inLanguage":"fr-FR","@id":"https:\/\/www.vetorino.com\/boutique\/#\/schema\/logo\/image\/","url":"https:\/\/www.vetorino.com\/boutique\/wp-content\/uploads\/2024\/10\/logo.jpg","contentUrl":"https:\/\/www.vetorino.com\/boutique\/wp-content\/uploads\/2024\/10\/logo.jpg","width":1200,"height":610,"caption":"V\u00e9torino"},"image":{"@id":"https:\/\/www.vetorino.com\/boutique\/#\/schema\/logo\/image\/"},"sameAs":["https:\/\/www.facebook.com\/Vetorino\/","https:\/\/www.instagram.com\/vetorino_off\/","https:\/\/www.linkedin.com\/company\/vtorino\/"]}]},"product_brand":"Hill's","product_price_amount":"21.69","product_price_currency":"EUR","og_availability":"instock","product_availability":"instock","product_retailer_item_id":"A-1898170","product_condition":"new"},"_links":{"self":[{"href":"https:\/\/www.vetorino.com\/veterinaire\/plouzevede-29440\/boutique\/wp-json\/wp\/v2\/product\/1506647","targetHints":{"allow":["GET"]}}],"collection":[{"href":"https:\/\/www.vetorino.com\/veterinaire\/plouzevede-29440\/boutique\/wp-json\/wp\/v2\/product"}],"about":[{"href":"https:\/\/www.vetorino.com\/veterinaire\/plouzevede-29440\/boutique\/wp-json\/wp\/v2\/types\/product"}],"wp:featuredmedia":[{"embeddable":true,"href":"https:\/\/www.vetorino.com\/veterinaire\/plouzevede-29440\/boutique\/wp-json\/wp\/v2\/media\/1511262"}],"wp:attachment":[{"href":"https:\/\/www.vetorino.com\/veterinaire\/plouzevede-29440\/boutique\/wp-json\/wp\/v2\/media?parent=1506647"}],"wp:term":[{"taxonomy":"product_cat","embeddable":true,"href":"https:\/\/www.vetorino.com\/veterinaire\/plouzevede-29440\/boutique\/wp-json\/wp\/v2\/product_cat?post=1506647"},{"taxonomy":"product_tag","embeddable":true,"href":"https:\/\/www.vetorino.com\/veterinaire\/plouzevede-29440\/boutique\/wp-json\/wp\/v2\/product_tag?post=1506647"}],"curies":[{"name":"wp","href":"https:\/\/api.w.org\/{rel}","templated":true}]}}