{"id":1508020,"date":"2025-09-29T09:41:56","date_gmt":"2025-09-29T07:41:56","guid":{"rendered":"https:\/\/www.vetorino.com\/boutique\/product\/tiquanis-habitat-spray-insectes-volants\/"},"modified":"2025-09-30T09:35:27","modified_gmt":"2025-09-30T07:35:27","slug":"tiquanis-habitat-spray-insectes-volants","status":"publish","type":"product","link":"https:\/\/www.vetorino.com\/veterinaire\/plouzevede-29440\/boutique\/product\/tiquanis-habitat-spray-insectes-volants\/","title":{"rendered":"Tiquanis Habitat &#8211; Spray Insectes volants"},"content":{"rendered":"<div class=\"tabs product-tabs visible--desktop\">\n<div id=\"tab-content\" class=\"tab-content\">\n<div id=\"description\" class=\"tab-pane fade active show\" role=\"tabpanel\">\n<div class=\"product-description\">\n<p>Tiquanis Habitat est un biocide (TP18) ayant une action puissante contre les insectes volants pr\u00e9sents dans l\u2019habitation. Il <strong>permet d\u2019\u00e9radiquer en une seule op\u00e9ration les mouches, moustiques dont le moustique tigre, gu\u00eapes, frelons asiatiques et mites<\/strong> des v\u00eatements.<\/p>\n<p>Tiquanis<strong> agit de fa\u00e7on imm\u00e9diate<\/strong> sur le contr\u00f4le des populations d\u2019insectes. Il pr\u00e9sente une<strong> formule s\u00e8che<\/strong> sans retomb\u00e9es humides.<\/p>\n<p><strong>Utilisation<\/strong>\u00a0:<\/p>\n<p><em>Tiquanis Habitat spray permet d\u2019\u00e9liminer les insectes volants pr\u00e9sents dans votre habitation.<\/em><\/p>\n<p><em>\u00c0 utiliser soit en tir direct sur l\u2019insecte, soit en pulv\u00e9risation globale de la pi\u00e8ce infest\u00e9e. Ne t\u00e2che pas.<\/em><\/p>\n<p><strong>MODE D&#8217;EMPLOI<\/strong>\u00a0:<\/p>\n<p><strong>&#8211;\u00a0Tir direct\u00a0:<br \/>\n<\/strong>Tirer \u00e0 vue sur les insectes en plein vol ou pos\u00e9s sur une surface, par br\u00e8ves pulv\u00e9risations de 2 secondes \u00e0 une distance de 30 cm, dans la limite de 3 pulv\u00e9risations par jour. Attendre 15 minutes minimum apr\u00e8s utilisation pour a\u00e9rer la pi\u00e8ce pendant 1 heure.<\/p>\n<p><strong>&#8211;\u00a0Pulv\u00e9risation spatiale\u00a0:<\/strong><br \/>\nPulv\u00e9riser 6 secondes pour une pi\u00e8ce de 30 m\u00b3 en commen\u00e7ant du fond de la pi\u00e8ce jusqu\u2019\u00e0 la sortie.<br \/>\nAttendre 15 minutes minimum apr\u00e8s utilisation pour a\u00e9rer la pi\u00e8ce pendant 1 heure.<br \/>\nTraiter au maximum 2 pi\u00e8ces par jour, d\u2019un volume total de 60 m\u00b3, dans une m\u00eame maison.<\/p>\n<p><strong>Lire attentivement les pr\u00e9cautions d\u2019emploi avant tout usage.<\/strong><\/p>\n<p><span style=\"color: #ff0000\">La ph\u00e9nothrine est potentiellement toxique chez les chats. Afin d\u2019\u00e9viter tout risque d\u2019intoxication, veiller \u00e0 sortir votre animal avant le traitement, \u00e0 assurer une bonne ventilation et un nettoyage des surfaces trait\u00e9es avant de le r\u00e9introduire dans l\u2019environnement.<\/span><\/p>\n<\/div>\n<\/div>\n<\/div>\n<\/div>\n","protected":false},"excerpt":{"rendered":"<p><strong>Tiquanis Habitat est un biocide (TP18) ayant une action puissante contre les insectes volants pr\u00e9sents dans l\u2019habitation.\u00a0<\/strong><\/p>\n<p>Il permet d\u2019\u00e9radiquer en une seule op\u00e9ration <strong>les mouches, moustiques dont le moustique tigre, gu\u00eapes, frelons asiatiques et mites<\/strong> des v\u00eatements.<\/p>\n<p>Tiquanis<strong> agit de fa\u00e7on imm\u00e9diate<\/strong> sur le contr\u00f4le des populations d\u2019insectes. Il pr\u00e9sente une <strong>formule s\u00e8che<\/strong> sans retomb\u00e9es humides.<\/p>\n","protected":false},"featured_media":1508056,"template":"","meta":[],"product_cat":[12554,2698],"product_tag":[],"class_list":{"0":"post-1508020","1":"product","2":"type-product","3":"status-publish","4":"has-post-thumbnail","6":"product_cat-antiparasitaire-du-chien","7":"product_cat-chien","8":"pa_marque-vetoquinol","10":"first","11":"instock","12":"taxable","13":"shipping-taxable","14":"purchasable","15":"product-type-simple"},"yoast_head":"<!-- This site is optimized with the Yoast SEO plugin v27.3 - https:\/\/yoast.com\/product\/yoast-seo-wordpress\/ -->\n<title>Tiquanis Habitat - Spray Insectes volants V\u00e9toquinol - V\u00e9torino<\/title>\n<meta name=\"description\" content=\"Tiquanis Habitat est un biocide (TP18) ayant une action puissante contre les insectes volants pr\u00e9sents dans l\u2019habitation.\u00a0  Il permet d\u2019\u00e9radiquer en une seule op\u00e9ration les mouches, moustiques dont le moustique tigre, gu\u00eapes, frelons asiatiques et mites des v\u00eatements.  Tiquanis agit de fa\u00e7on imm\u00e9diate sur le contr\u00f4le des populations d\u2019insectes. Il pr\u00e9sente une formule s\u00e8che sans retomb\u00e9es humides.\" \/>\n<meta name=\"robots\" content=\"noindex, nofollow\" \/>\n<meta property=\"og:locale\" content=\"fr_FR\" \/>\n<meta property=\"og:type\" content=\"article\" \/>\n<meta property=\"og:title\" content=\"Tiquanis Habitat - Spray Insectes volants V\u00e9toquinol - V\u00e9torino\" \/>\n<meta property=\"og:description\" content=\"Tiquanis Habitat est un biocide (TP18) ayant une action puissante contre les insectes volants pr\u00e9sents dans l\u2019habitation.\u00a0  Il permet d\u2019\u00e9radiquer en une seule op\u00e9ration les mouches, moustiques dont le moustique tigre, gu\u00eapes, frelons asiatiques et mites des v\u00eatements.  Tiquanis agit de fa\u00e7on imm\u00e9diate sur le contr\u00f4le des populations d\u2019insectes. Il pr\u00e9sente une formule s\u00e8che sans retomb\u00e9es humides.\" \/>\n<meta property=\"og:url\" content=\"https:\/\/www.vetorino.com\/veterinaire\/plouzevede-29440\/boutique\/product\/tiquanis-habitat-spray-insectes-volants\/\" \/>\n<meta property=\"og:site_name\" content=\"V\u00e9torino\" \/>\n<meta property=\"article:publisher\" content=\"https:\/\/www.facebook.com\/Vetorino\/\" \/>\n<meta property=\"article:modified_time\" content=\"2025-09-30T07:35:27+00:00\" \/>\n<meta property=\"og:image\" content=\"https:\/\/www.vetorino.com\/boutique\/wp-content\/uploads\/2025\/09\/tiquanis-habitat-spray-insectes-volants.jpg\" \/>\n\t<meta property=\"og:image:width\" content=\"800\" \/>\n\t<meta property=\"og:image:height\" content=\"800\" \/>\n\t<meta property=\"og:image:type\" content=\"image\/jpeg\" \/>\n<meta name=\"twitter:card\" content=\"summary_large_image\" \/>\n<meta name=\"twitter:label1\" content=\"Prix\" \/>\n\t<meta name=\"twitter:data1\" content=\"18,83&euro;\" \/>\n\t<meta name=\"twitter:label2\" content=\"Disponibilit\u00e9\" \/>\n\t<meta name=\"twitter:data2\" content=\"En stock\" \/>\n<script type=\"application\/ld+json\" class=\"yoast-schema-graph\">{\"@context\":\"https:\\\/\\\/schema.org\",\"@graph\":[{\"@type\":\"WebPage\",\"@id\":\"https:\\\/\\\/www.vetorino.com\\\/boutique\\\/product\\\/tiquanis-habitat-spray-insectes-volants\\\/\",\"url\":\"https:\\\/\\\/www.vetorino.com\\\/boutique\\\/product\\\/tiquanis-habitat-spray-insectes-volants\\\/\",\"name\":\"Tiquanis Habitat - Spray Insectes volants V\u00e9toquinol - V\u00e9torino\",\"isPartOf\":{\"@id\":\"https:\\\/\\\/www.vetorino.com\\\/boutique\\\/#website\"},\"primaryImageOfPage\":{\"@id\":\"https:\\\/\\\/www.vetorino.com\\\/boutique\\\/product\\\/tiquanis-habitat-spray-insectes-volants\\\/#primaryimage\"},\"image\":{\"@id\":\"https:\\\/\\\/www.vetorino.com\\\/boutique\\\/product\\\/tiquanis-habitat-spray-insectes-volants\\\/#primaryimage\"},\"thumbnailUrl\":\"https:\\\/\\\/www.vetorino.com\\\/boutique\\\/wp-content\\\/uploads\\\/2025\\\/09\\\/tiquanis-habitat-spray-insectes-volants.jpg\",\"datePublished\":\"2025-09-29T07:41:56+00:00\",\"dateModified\":\"2025-09-30T07:35:27+00:00\",\"description\":\"Tiquanis Habitat est un biocide (TP18) ayant une action puissante contre les insectes volants pr\u00e9sents dans l\u2019habitation.\u00a0 Il permet d\u2019\u00e9radiquer en une seule op\u00e9ration les mouches, moustiques dont le moustique tigre, gu\u00eapes, frelons asiatiques et mites des v\u00eatements. Tiquanis agit de fa\u00e7on imm\u00e9diate sur le contr\u00f4le des populations d\u2019insectes. Il pr\u00e9sente une formule s\u00e8che sans retomb\u00e9es humides.\",\"breadcrumb\":{\"@id\":\"https:\\\/\\\/www.vetorino.com\\\/boutique\\\/product\\\/tiquanis-habitat-spray-insectes-volants\\\/#breadcrumb\"},\"inLanguage\":\"fr-FR\",\"potentialAction\":[{\"@type\":\"ReadAction\",\"target\":[\"https:\\\/\\\/www.vetorino.com\\\/boutique\\\/product\\\/tiquanis-habitat-spray-insectes-volants\\\/\"]}]},{\"@type\":\"ImageObject\",\"inLanguage\":\"fr-FR\",\"@id\":\"https:\\\/\\\/www.vetorino.com\\\/boutique\\\/product\\\/tiquanis-habitat-spray-insectes-volants\\\/#primaryimage\",\"url\":\"https:\\\/\\\/www.vetorino.com\\\/boutique\\\/wp-content\\\/uploads\\\/2025\\\/09\\\/tiquanis-habitat-spray-insectes-volants.jpg\",\"contentUrl\":\"https:\\\/\\\/www.vetorino.com\\\/boutique\\\/wp-content\\\/uploads\\\/2025\\\/09\\\/tiquanis-habitat-spray-insectes-volants.jpg\",\"width\":800,\"height\":800},{\"@type\":\"BreadcrumbList\",\"@id\":\"https:\\\/\\\/www.vetorino.com\\\/boutique\\\/product\\\/tiquanis-habitat-spray-insectes-volants\\\/#breadcrumb\",\"itemListElement\":[{\"@type\":\"ListItem\",\"position\":1,\"name\":\"Accueil\",\"item\":\"https:\\\/\\\/www.vetorino.com\\\/boutique\\\/\"},{\"@type\":\"ListItem\",\"position\":2,\"name\":\"Produits\",\"item\":\"https:\\\/\\\/www.vetorino.com\\\/boutique\\\/\"},{\"@type\":\"ListItem\",\"position\":3,\"name\":\"Tiquanis Habitat &#8211; Spray Insectes volants\"}]},{\"@type\":\"WebSite\",\"@id\":\"https:\\\/\\\/www.vetorino.com\\\/boutique\\\/#website\",\"url\":\"https:\\\/\\\/www.vetorino.com\\\/boutique\\\/\",\"name\":\"V\u00e9torino\",\"description\":\"\",\"publisher\":{\"@id\":\"https:\\\/\\\/www.vetorino.com\\\/boutique\\\/#organization\"},\"potentialAction\":[{\"@type\":\"SearchAction\",\"target\":{\"@type\":\"EntryPoint\",\"urlTemplate\":\"https:\\\/\\\/www.vetorino.com\\\/boutique\\\/?s={search_term_string}\"},\"query-input\":{\"@type\":\"PropertyValueSpecification\",\"valueRequired\":true,\"valueName\":\"search_term_string\"}}],\"inLanguage\":\"fr-FR\"},{\"@type\":\"Organization\",\"@id\":\"https:\\\/\\\/www.vetorino.com\\\/boutique\\\/#organization\",\"name\":\"V\u00e9torino\",\"url\":\"https:\\\/\\\/www.vetorino.com\\\/boutique\\\/\",\"logo\":{\"@type\":\"ImageObject\",\"inLanguage\":\"fr-FR\",\"@id\":\"https:\\\/\\\/www.vetorino.com\\\/boutique\\\/#\\\/schema\\\/logo\\\/image\\\/\",\"url\":\"https:\\\/\\\/www.vetorino.com\\\/boutique\\\/wp-content\\\/uploads\\\/2024\\\/10\\\/logo.jpg\",\"contentUrl\":\"https:\\\/\\\/www.vetorino.com\\\/boutique\\\/wp-content\\\/uploads\\\/2024\\\/10\\\/logo.jpg\",\"width\":1200,\"height\":610,\"caption\":\"V\u00e9torino\"},\"image\":{\"@id\":\"https:\\\/\\\/www.vetorino.com\\\/boutique\\\/#\\\/schema\\\/logo\\\/image\\\/\"},\"sameAs\":[\"https:\\\/\\\/www.facebook.com\\\/Vetorino\\\/\",\"https:\\\/\\\/www.instagram.com\\\/vetorino_off\\\/\",\"https:\\\/\\\/www.linkedin.com\\\/company\\\/vtorino\\\/\"]}]}<\/script>\n<meta property=\"product:brand\" content=\"V\u00e9toquinol\" \/>\n<meta property=\"product:price:amount\" content=\"18.83\" \/>\n<meta property=\"product:price:currency\" content=\"EUR\" \/>\n<meta property=\"og:availability\" content=\"instock\" \/>\n<meta property=\"product:availability\" content=\"instock\" \/>\n<meta property=\"product:retailer_item_id\" content=\"A-1888940\" \/>\n<meta property=\"product:condition\" content=\"new\" \/>\n<!-- \/ Yoast SEO plugin. -->","yoast_head_json":{"title":"Tiquanis Habitat - Spray Insectes volants V\u00e9toquinol - V\u00e9torino","description":"Tiquanis Habitat est un biocide (TP18) ayant une action puissante contre les insectes volants pr\u00e9sents dans l\u2019habitation.\u00a0  Il permet d\u2019\u00e9radiquer en une seule op\u00e9ration les mouches, moustiques dont le moustique tigre, gu\u00eapes, frelons asiatiques et mites des v\u00eatements.  Tiquanis agit de fa\u00e7on imm\u00e9diate sur le contr\u00f4le des populations d\u2019insectes. Il pr\u00e9sente une formule s\u00e8che sans retomb\u00e9es humides.","robots":{"index":"noindex","follow":"nofollow"},"og_locale":"fr_FR","og_type":"article","og_title":"Tiquanis Habitat - Spray Insectes volants V\u00e9toquinol - V\u00e9torino","og_description":"Tiquanis Habitat est un biocide (TP18) ayant une action puissante contre les insectes volants pr\u00e9sents dans l\u2019habitation.\u00a0  Il permet d\u2019\u00e9radiquer en une seule op\u00e9ration les mouches, moustiques dont le moustique tigre, gu\u00eapes, frelons asiatiques et mites des v\u00eatements.  Tiquanis agit de fa\u00e7on imm\u00e9diate sur le contr\u00f4le des populations d\u2019insectes. Il pr\u00e9sente une formule s\u00e8che sans retomb\u00e9es humides.","og_url":"https:\/\/www.vetorino.com\/veterinaire\/plouzevede-29440\/boutique\/product\/tiquanis-habitat-spray-insectes-volants\/","og_site_name":"V\u00e9torino","article_publisher":"https:\/\/www.facebook.com\/Vetorino\/","article_modified_time":"2025-09-30T07:35:27+00:00","og_image":[{"width":800,"height":800,"url":"https:\/\/www.vetorino.com\/boutique\/wp-content\/uploads\/2025\/09\/tiquanis-habitat-spray-insectes-volants.jpg","type":"image\/jpeg"}],"twitter_card":"summary_large_image","twitter_misc":{"Prix":"18,83&euro;","Disponibilit\u00e9":"En stock"},"schema":{"@context":"https:\/\/schema.org","@graph":[{"@type":"WebPage","@id":"https:\/\/www.vetorino.com\/boutique\/product\/tiquanis-habitat-spray-insectes-volants\/","url":"https:\/\/www.vetorino.com\/boutique\/product\/tiquanis-habitat-spray-insectes-volants\/","name":"Tiquanis Habitat - Spray Insectes volants V\u00e9toquinol - V\u00e9torino","isPartOf":{"@id":"https:\/\/www.vetorino.com\/boutique\/#website"},"primaryImageOfPage":{"@id":"https:\/\/www.vetorino.com\/boutique\/product\/tiquanis-habitat-spray-insectes-volants\/#primaryimage"},"image":{"@id":"https:\/\/www.vetorino.com\/boutique\/product\/tiquanis-habitat-spray-insectes-volants\/#primaryimage"},"thumbnailUrl":"https:\/\/www.vetorino.com\/boutique\/wp-content\/uploads\/2025\/09\/tiquanis-habitat-spray-insectes-volants.jpg","datePublished":"2025-09-29T07:41:56+00:00","dateModified":"2025-09-30T07:35:27+00:00","description":"Tiquanis Habitat est un biocide (TP18) ayant une action puissante contre les insectes volants pr\u00e9sents dans l\u2019habitation.\u00a0 Il permet d\u2019\u00e9radiquer en une seule op\u00e9ration les mouches, moustiques dont le moustique tigre, gu\u00eapes, frelons asiatiques et mites des v\u00eatements. Tiquanis agit de fa\u00e7on imm\u00e9diate sur le contr\u00f4le des populations d\u2019insectes. Il pr\u00e9sente une formule s\u00e8che sans retomb\u00e9es humides.","breadcrumb":{"@id":"https:\/\/www.vetorino.com\/boutique\/product\/tiquanis-habitat-spray-insectes-volants\/#breadcrumb"},"inLanguage":"fr-FR","potentialAction":[{"@type":"ReadAction","target":["https:\/\/www.vetorino.com\/boutique\/product\/tiquanis-habitat-spray-insectes-volants\/"]}]},{"@type":"ImageObject","inLanguage":"fr-FR","@id":"https:\/\/www.vetorino.com\/boutique\/product\/tiquanis-habitat-spray-insectes-volants\/#primaryimage","url":"https:\/\/www.vetorino.com\/boutique\/wp-content\/uploads\/2025\/09\/tiquanis-habitat-spray-insectes-volants.jpg","contentUrl":"https:\/\/www.vetorino.com\/boutique\/wp-content\/uploads\/2025\/09\/tiquanis-habitat-spray-insectes-volants.jpg","width":800,"height":800},{"@type":"BreadcrumbList","@id":"https:\/\/www.vetorino.com\/boutique\/product\/tiquanis-habitat-spray-insectes-volants\/#breadcrumb","itemListElement":[{"@type":"ListItem","position":1,"name":"Accueil","item":"https:\/\/www.vetorino.com\/boutique\/"},{"@type":"ListItem","position":2,"name":"Produits","item":"https:\/\/www.vetorino.com\/boutique\/"},{"@type":"ListItem","position":3,"name":"Tiquanis Habitat &#8211; Spray Insectes volants"}]},{"@type":"WebSite","@id":"https:\/\/www.vetorino.com\/boutique\/#website","url":"https:\/\/www.vetorino.com\/boutique\/","name":"V\u00e9torino","description":"","publisher":{"@id":"https:\/\/www.vetorino.com\/boutique\/#organization"},"potentialAction":[{"@type":"SearchAction","target":{"@type":"EntryPoint","urlTemplate":"https:\/\/www.vetorino.com\/boutique\/?s={search_term_string}"},"query-input":{"@type":"PropertyValueSpecification","valueRequired":true,"valueName":"search_term_string"}}],"inLanguage":"fr-FR"},{"@type":"Organization","@id":"https:\/\/www.vetorino.com\/boutique\/#organization","name":"V\u00e9torino","url":"https:\/\/www.vetorino.com\/boutique\/","logo":{"@type":"ImageObject","inLanguage":"fr-FR","@id":"https:\/\/www.vetorino.com\/boutique\/#\/schema\/logo\/image\/","url":"https:\/\/www.vetorino.com\/boutique\/wp-content\/uploads\/2024\/10\/logo.jpg","contentUrl":"https:\/\/www.vetorino.com\/boutique\/wp-content\/uploads\/2024\/10\/logo.jpg","width":1200,"height":610,"caption":"V\u00e9torino"},"image":{"@id":"https:\/\/www.vetorino.com\/boutique\/#\/schema\/logo\/image\/"},"sameAs":["https:\/\/www.facebook.com\/Vetorino\/","https:\/\/www.instagram.com\/vetorino_off\/","https:\/\/www.linkedin.com\/company\/vtorino\/"]}]},"product_brand":"V\u00e9toquinol","product_price_amount":"18.83","product_price_currency":"EUR","og_availability":"instock","product_availability":"instock","product_retailer_item_id":"A-1888940","product_condition":"new"},"_links":{"self":[{"href":"https:\/\/www.vetorino.com\/veterinaire\/plouzevede-29440\/boutique\/wp-json\/wp\/v2\/product\/1508020","targetHints":{"allow":["GET"]}}],"collection":[{"href":"https:\/\/www.vetorino.com\/veterinaire\/plouzevede-29440\/boutique\/wp-json\/wp\/v2\/product"}],"about":[{"href":"https:\/\/www.vetorino.com\/veterinaire\/plouzevede-29440\/boutique\/wp-json\/wp\/v2\/types\/product"}],"wp:featuredmedia":[{"embeddable":true,"href":"https:\/\/www.vetorino.com\/veterinaire\/plouzevede-29440\/boutique\/wp-json\/wp\/v2\/media\/1508056"}],"wp:attachment":[{"href":"https:\/\/www.vetorino.com\/veterinaire\/plouzevede-29440\/boutique\/wp-json\/wp\/v2\/media?parent=1508020"}],"wp:term":[{"taxonomy":"product_cat","embeddable":true,"href":"https:\/\/www.vetorino.com\/veterinaire\/plouzevede-29440\/boutique\/wp-json\/wp\/v2\/product_cat?post=1508020"},{"taxonomy":"product_tag","embeddable":true,"href":"https:\/\/www.vetorino.com\/veterinaire\/plouzevede-29440\/boutique\/wp-json\/wp\/v2\/product_tag?post=1508020"}],"curies":[{"name":"wp","href":"https:\/\/api.w.org\/{rel}","templated":true}]}}