{"id":1539511,"date":"2025-10-23T05:35:10","date_gmt":"2025-10-23T03:35:10","guid":{"rendered":"https:\/\/www.vetorino.com\/boutique\/product\/specific-chien-ckd-hy-heart-kidney\/"},"modified":"2026-02-10T15:33:11","modified_gmt":"2026-02-10T14:33:11","slug":"specific-chien-ckd-hy-heart-kidney","status":"publish","type":"product","link":"https:\/\/www.vetorino.com\/veterinaire\/plouzevede-29440\/boutique\/product\/specific-chien-ckd-hy-heart-kidney\/","title":{"rendered":"FKD-HY Kidney Support Hydrolysed \u2013 chien"},"content":{"rendered":"<p><strong>Aliment complet pour le soutien de la fonction r\u00e9nale chez le chien adulte ou s\u00e9nior avec des ingr\u00e9dients favorisant le support de l\u2019axe intestin-rein.<\/strong><\/p>\n<p>Les croquettes\u00a0<strong>SPECIFIC\u00ae FKD-HY Kidney Support Hydrolysed<\/strong>\u00a0ont \u00e9t\u00e9 sp\u00e9cialement formul\u00e9es par des v\u00e9t\u00e9rinaires pour soutenir la fonction r\u00e9nale et cardiaque des chiens adultes et s\u00e9niors. Gr\u00e2ce \u00e0 des ingr\u00e9dients soigneusement s\u00e9lectionn\u00e9s, elles offrent une app\u00e9tence \u00e9lev\u00e9e qui maximise les chances de couvrir les besoins nutritionnels, m\u00eame lorsque l\u2019app\u00e9tit est diminu\u00e9.<\/p>\n<p>Leur formule innovante agit \u00e9galement sur l\u2019<strong>axe intestin\u2013rein<\/strong>, un lien essentiel entre la sant\u00e9 digestive et le bon fonctionnement des reins.<\/p>\n<ul>\n<li>\u00a0Les\u00a0<strong>prot\u00e9ines hydrolys\u00e9es<\/strong>, plus faciles \u00e0 dig\u00e9rer et assimiler, r\u00e9duisent la production de toxines d\u2019origine digestive qui affaiblissent le rein d\u00e9j\u00e0 en souffrance.<\/li>\n<li>Les\u00a0<strong>fibres fermentescibles<\/strong>\u00a0et les\u00a0<strong>pr\u00e9biotiques AuraGuard<\/strong>\u00a0nourrissent un microbiote sain et renforcent la barri\u00e8re intestinale.<\/li>\n<\/ul>\n<p>Ensemble, ces ingr\u00e9dients aident \u00e0 r\u00e9duire la production de toxines issues de la digestion, qui surchargent les reins et acc\u00e9l\u00e8rent leurs l\u00e9sions, tout en am\u00e9liorant durablement le confort de vie de votre chien.<\/p>\n<p>Avec des teneurs \u00e9lev\u00e9es en potassium et en vitamines hydrosolubles, elles aident \u00e0 compenser les pertes urinaires li\u00e9es \u00e0 l\u2019utilisation de diur\u00e9tiques chez les chiens cardiaques. Enfin, l\u2019association d\u2019une teneur r\u00e9duite en prot\u00e9ines et de prot\u00e9ines de qualit\u00e9 et hautement digestibles (via l\u2019hydrolysation) apporte les acides amin\u00e9s essentiels tout en r\u00e9duisant les risques de formation de cristaux urinaires, pour une sant\u00e9 urinaire optimale.<\/p>\n<p><strong>Bienfaits essentiels :<\/strong><\/p>\n<ul>\n<li><strong>Teneur r\u00e9duite en phosphore, prot\u00e9ines et sodium<\/strong>\u00a0pour limiter la progression de l\u2019insuffisance r\u00e9nale et prendre soin du coeur et des reins<\/li>\n<li>Contribue au maintien de la masse musculaire et de l\u2019app\u00e9tit, ainsi qu\u2019\u00e0 la normalisation de la pression art\u00e9rielle gr\u00e2ce \u00e0 des\u00a0<strong>teneurs tr\u00e8s \u00e9lev\u00e9es en acides gras Om\u00e9ga-3 EPA et DHA issus d\u2019huile de poisson<\/strong><\/li>\n<li><strong>Prot\u00e9ines hydrolys\u00e9es ultra digestes, fibres fermentescibles et pr\u00e9bioques Auraguard\u00a0<\/strong>pour soutenir l\u2019axe intestin-rein, solidifie la barri\u00e8re digestive et ainsi contribuer \u00e0 limiter la charge toxique venant de la digestion des aliments, qui p\u00e8se sur les reins et ses effets d\u00e9l\u00e9t\u00e8res, et \u00e0 am\u00e9liorer le confort de vie du chien.<\/li>\n<li>Soutient la fonction cardiaque de par l\u2019ajout de\u00a0<strong>L-carnitine<\/strong>\u00a0et de\u00a0<strong>taurine<\/strong><\/li>\n<\/ul>\n<p><strong>Cet aliment est destin\u00e9 \u00e0 la prise en charge nutritionnelle d\u2019une maladie. Il est recommand\u00e9 de consulter votre v\u00e9t\u00e9rinaire.<\/strong><\/p>\n","protected":false},"excerpt":{"rendered":"<p><strong>Aliment complet pour le soutien de la fonction r\u00e9nale chez le chien adulte ou s\u00e9nior avec des ingr\u00e9dients favorisant le support de l\u2019axe intestin-rein.<\/strong><\/p>\n<p><strong>Utilisation :<\/strong><\/p>\n<ul>\n<li>Chien adulte et s\u00e9nior<\/li>\n<li>Chien souffrant d\u2019insuffisance cardiaque chronique, ou d\u2019insuffisance r\u00e9nale chronique<\/li>\n<li>Chiensouffrant d\u2019insuffisance h\u00e9patique (sauf en cas de cholestase)<\/li>\n<li>Chien souffrant de calculs d\u2019urate, d\u2019oxalate ou de cystine<\/li>\n<li>Chien souffrant d\u2019insuffisance r\u00e9nale, cardiaque ou h\u00e9patique chronique associ\u00e9es \u00e0 des intol\u00e9rances alimentaires<\/li>\n<\/ul>\n<p><strong>Cet aliment est destin\u00e9 \u00e0 la prise en charge nutritionnelle d\u2019une maladie. Il est recommand\u00e9 de consulter votre v\u00e9t\u00e9rinaire.<\/strong><\/p>\n<p><span style=\"color: #ff6600;\"><strong>Le conditionnement 12kg est compos\u00e9 de 3 sacs de 4kg, pour tout retour le lot devra imp\u00e9rativement \u00eatre ramen\u00e9 en int\u00e9gralit\u00e9, soit les 3 sacs de 4kg.<\/strong><\/span><\/p>\n","protected":false},"featured_media":1696587,"template":"","meta":[],"product_cat":[12552,12582,2698],"product_tag":[],"class_list":{"0":"post-1539511","1":"product","2":"type-product","3":"status-publish","4":"has-post-thumbnail","6":"product_cat-alimentation-du-chien","7":"product_cat-alimentation-medicalisee-pour-chien","8":"product_cat-chien","9":"pa_marque-specific","11":"first","12":"instock","13":"taxable","14":"shipping-taxable","15":"purchasable","16":"product-type-simple"},"yoast_head":"<!-- This site is optimized with the Yoast SEO plugin v27.3 - https:\/\/yoast.com\/product\/yoast-seo-wordpress\/ -->\n<title>FKD-HY Kidney Support Hydrolysed \u2013 chien Specific - V\u00e9torino<\/title>\n<meta name=\"description\" content=\"Aliment complet pour le soutien de la fonction r\u00e9nale chez le chien adulte ou s\u00e9nior avec des ingr\u00e9dients favorisant le support de l\u2019axe intestin-rein.  Utilisation :   Chien adulte et s\u00e9nior  Chien souffrant d\u2019insuffisance cardiaque chronique, ou d\u2019insuffisance r\u00e9nale chronique  Chiensouffrant d\u2019insuffisance h\u00e9patique (sauf en cas de cholestase)  Chien souffrant de calculs d\u2019urate, d\u2019oxalate ou de cystine  Chien souffrant d\u2019insuffisance r\u00e9nale, cardiaque ou h\u00e9patique chronique associ\u00e9es \u00e0 des intol\u00e9rances alimentaires  Cet aliment est destin\u00e9 \u00e0 la prise en charge nutritionnelle d\u2019une maladie. Il est recommand\u00e9 de consulter votre v\u00e9t\u00e9rinaire.  Le conditionnement 12kg est compos\u00e9 de 3 sacs de 4kg, pour tout retour le lot devra imp\u00e9rativement \u00eatre ramen\u00e9 en int\u00e9gralit\u00e9, soit les 3 sacs de 4kg.\" \/>\n<meta name=\"robots\" content=\"noindex, nofollow\" \/>\n<meta property=\"og:locale\" content=\"fr_FR\" \/>\n<meta property=\"og:type\" content=\"article\" \/>\n<meta property=\"og:title\" content=\"FKD-HY Kidney Support Hydrolysed \u2013 chien Specific - V\u00e9torino\" \/>\n<meta property=\"og:description\" content=\"Aliment complet pour le soutien de la fonction r\u00e9nale chez le chien adulte ou s\u00e9nior avec des ingr\u00e9dients favorisant le support de l\u2019axe intestin-rein.  Utilisation :   Chien adulte et s\u00e9nior  Chien souffrant d\u2019insuffisance cardiaque chronique, ou d\u2019insuffisance r\u00e9nale chronique  Chiensouffrant d\u2019insuffisance h\u00e9patique (sauf en cas de cholestase)  Chien souffrant de calculs d\u2019urate, d\u2019oxalate ou de cystine  Chien souffrant d\u2019insuffisance r\u00e9nale, cardiaque ou h\u00e9patique chronique associ\u00e9es \u00e0 des intol\u00e9rances alimentaires  Cet aliment est destin\u00e9 \u00e0 la prise en charge nutritionnelle d\u2019une maladie. Il est recommand\u00e9 de consulter votre v\u00e9t\u00e9rinaire.  Le conditionnement 12kg est compos\u00e9 de 3 sacs de 4kg, pour tout retour le lot devra imp\u00e9rativement \u00eatre ramen\u00e9 en int\u00e9gralit\u00e9, soit les 3 sacs de 4kg.\" \/>\n<meta property=\"og:url\" content=\"https:\/\/www.vetorino.com\/veterinaire\/plouzevede-29440\/boutique\/product\/specific-chien-ckd-hy-heart-kidney\/\" \/>\n<meta property=\"og:site_name\" content=\"V\u00e9torino\" \/>\n<meta property=\"article:publisher\" content=\"https:\/\/www.facebook.com\/Vetorino\/\" \/>\n<meta property=\"article:modified_time\" content=\"2026-02-10T14:33:11+00:00\" \/>\n<meta property=\"og:image\" content=\"https:\/\/www.vetorino.com\/boutique\/wp-content\/uploads\/2025\/10\/specific-ckdhy-heartkidney-support-hydrolysed-1.jpg\" \/>\n\t<meta property=\"og:image:width\" content=\"800\" \/>\n\t<meta property=\"og:image:height\" content=\"800\" \/>\n\t<meta property=\"og:image:type\" content=\"image\/jpeg\" \/>\n<meta name=\"twitter:card\" content=\"summary_large_image\" \/>\n<meta name=\"twitter:label1\" content=\"Prix\" \/>\n\t<meta name=\"twitter:data1\" content=\"97,37&euro;\" \/>\n\t<meta name=\"twitter:label2\" content=\"Disponibilit\u00e9\" \/>\n\t<meta name=\"twitter:data2\" content=\"En stock\" \/>\n<script type=\"application\/ld+json\" class=\"yoast-schema-graph\">{\"@context\":\"https:\\\/\\\/schema.org\",\"@graph\":[{\"@type\":\"WebPage\",\"@id\":\"https:\\\/\\\/www.vetorino.com\\\/boutique\\\/product\\\/specific-chien-ckd-hy-heart-kidney\\\/\",\"url\":\"https:\\\/\\\/www.vetorino.com\\\/boutique\\\/product\\\/specific-chien-ckd-hy-heart-kidney\\\/\",\"name\":\"FKD-HY Kidney Support Hydrolysed \u2013 chien Specific - V\u00e9torino\",\"isPartOf\":{\"@id\":\"https:\\\/\\\/www.vetorino.com\\\/boutique\\\/#website\"},\"primaryImageOfPage\":{\"@id\":\"https:\\\/\\\/www.vetorino.com\\\/boutique\\\/product\\\/specific-chien-ckd-hy-heart-kidney\\\/#primaryimage\"},\"image\":{\"@id\":\"https:\\\/\\\/www.vetorino.com\\\/boutique\\\/product\\\/specific-chien-ckd-hy-heart-kidney\\\/#primaryimage\"},\"thumbnailUrl\":\"https:\\\/\\\/www.vetorino.com\\\/boutique\\\/wp-content\\\/uploads\\\/2025\\\/10\\\/specific-ckdhy-heartkidney-support-hydrolysed-1.jpg\",\"datePublished\":\"2025-10-23T03:35:10+00:00\",\"dateModified\":\"2026-02-10T14:33:11+00:00\",\"description\":\"Aliment complet pour le soutien de la fonction r\u00e9nale chez le chien adulte ou s\u00e9nior avec des ingr\u00e9dients favorisant le support de l\u2019axe intestin-rein. Utilisation : Chien adulte et s\u00e9nior Chien souffrant d\u2019insuffisance cardiaque chronique, ou d\u2019insuffisance r\u00e9nale chronique Chiensouffrant d\u2019insuffisance h\u00e9patique (sauf en cas de cholestase) Chien souffrant de calculs d\u2019urate, d\u2019oxalate ou de cystine Chien souffrant d\u2019insuffisance r\u00e9nale, cardiaque ou h\u00e9patique chronique associ\u00e9es \u00e0 des intol\u00e9rances alimentaires Cet aliment est destin\u00e9 \u00e0 la prise en charge nutritionnelle d\u2019une maladie. Il est recommand\u00e9 de consulter votre v\u00e9t\u00e9rinaire. Le conditionnement 12kg est compos\u00e9 de 3 sacs de 4kg, pour tout retour le lot devra imp\u00e9rativement \u00eatre ramen\u00e9 en int\u00e9gralit\u00e9, soit les 3 sacs de 4kg.\",\"breadcrumb\":{\"@id\":\"https:\\\/\\\/www.vetorino.com\\\/boutique\\\/product\\\/specific-chien-ckd-hy-heart-kidney\\\/#breadcrumb\"},\"inLanguage\":\"fr-FR\",\"potentialAction\":[{\"@type\":\"ReadAction\",\"target\":[\"https:\\\/\\\/www.vetorino.com\\\/boutique\\\/product\\\/specific-chien-ckd-hy-heart-kidney\\\/\"]}]},{\"@type\":\"ImageObject\",\"inLanguage\":\"fr-FR\",\"@id\":\"https:\\\/\\\/www.vetorino.com\\\/boutique\\\/product\\\/specific-chien-ckd-hy-heart-kidney\\\/#primaryimage\",\"url\":\"https:\\\/\\\/www.vetorino.com\\\/boutique\\\/wp-content\\\/uploads\\\/2025\\\/10\\\/specific-ckdhy-heartkidney-support-hydrolysed-1.jpg\",\"contentUrl\":\"https:\\\/\\\/www.vetorino.com\\\/boutique\\\/wp-content\\\/uploads\\\/2025\\\/10\\\/specific-ckdhy-heartkidney-support-hydrolysed-1.jpg\",\"width\":800,\"height\":800},{\"@type\":\"BreadcrumbList\",\"@id\":\"https:\\\/\\\/www.vetorino.com\\\/boutique\\\/product\\\/specific-chien-ckd-hy-heart-kidney\\\/#breadcrumb\",\"itemListElement\":[{\"@type\":\"ListItem\",\"position\":1,\"name\":\"Accueil\",\"item\":\"https:\\\/\\\/www.vetorino.com\\\/boutique\\\/\"},{\"@type\":\"ListItem\",\"position\":2,\"name\":\"Produits\",\"item\":\"https:\\\/\\\/www.vetorino.com\\\/boutique\\\/\"},{\"@type\":\"ListItem\",\"position\":3,\"name\":\"FKD-HY Kidney Support Hydrolysed \u2013 chien\"}]},{\"@type\":\"WebSite\",\"@id\":\"https:\\\/\\\/www.vetorino.com\\\/boutique\\\/#website\",\"url\":\"https:\\\/\\\/www.vetorino.com\\\/boutique\\\/\",\"name\":\"V\u00e9torino\",\"description\":\"\",\"publisher\":{\"@id\":\"https:\\\/\\\/www.vetorino.com\\\/boutique\\\/#organization\"},\"potentialAction\":[{\"@type\":\"SearchAction\",\"target\":{\"@type\":\"EntryPoint\",\"urlTemplate\":\"https:\\\/\\\/www.vetorino.com\\\/boutique\\\/?s={search_term_string}\"},\"query-input\":{\"@type\":\"PropertyValueSpecification\",\"valueRequired\":true,\"valueName\":\"search_term_string\"}}],\"inLanguage\":\"fr-FR\"},{\"@type\":\"Organization\",\"@id\":\"https:\\\/\\\/www.vetorino.com\\\/boutique\\\/#organization\",\"name\":\"V\u00e9torino\",\"url\":\"https:\\\/\\\/www.vetorino.com\\\/boutique\\\/\",\"logo\":{\"@type\":\"ImageObject\",\"inLanguage\":\"fr-FR\",\"@id\":\"https:\\\/\\\/www.vetorino.com\\\/boutique\\\/#\\\/schema\\\/logo\\\/image\\\/\",\"url\":\"https:\\\/\\\/www.vetorino.com\\\/boutique\\\/wp-content\\\/uploads\\\/2024\\\/10\\\/logo.jpg\",\"contentUrl\":\"https:\\\/\\\/www.vetorino.com\\\/boutique\\\/wp-content\\\/uploads\\\/2024\\\/10\\\/logo.jpg\",\"width\":1200,\"height\":610,\"caption\":\"V\u00e9torino\"},\"image\":{\"@id\":\"https:\\\/\\\/www.vetorino.com\\\/boutique\\\/#\\\/schema\\\/logo\\\/image\\\/\"},\"sameAs\":[\"https:\\\/\\\/www.facebook.com\\\/Vetorino\\\/\",\"https:\\\/\\\/www.instagram.com\\\/vetorino_off\\\/\",\"https:\\\/\\\/www.linkedin.com\\\/company\\\/vtorino\\\/\"]}]}<\/script>\n<meta property=\"product:brand\" content=\"Specific\" \/>\n<meta property=\"product:price:amount\" content=\"97.37\" \/>\n<meta property=\"product:price:currency\" content=\"EUR\" \/>\n<meta property=\"og:availability\" content=\"instock\" \/>\n<meta property=\"product:availability\" content=\"instock\" \/>\n<meta property=\"product:retailer_item_id\" content=\"A-1898780\" \/>\n<meta property=\"product:condition\" content=\"new\" \/>\n<!-- \/ Yoast SEO plugin. -->","yoast_head_json":{"title":"FKD-HY Kidney Support Hydrolysed \u2013 chien Specific - V\u00e9torino","description":"Aliment complet pour le soutien de la fonction r\u00e9nale chez le chien adulte ou s\u00e9nior avec des ingr\u00e9dients favorisant le support de l\u2019axe intestin-rein.  Utilisation :   Chien adulte et s\u00e9nior  Chien souffrant d\u2019insuffisance cardiaque chronique, ou d\u2019insuffisance r\u00e9nale chronique  Chiensouffrant d\u2019insuffisance h\u00e9patique (sauf en cas de cholestase)  Chien souffrant de calculs d\u2019urate, d\u2019oxalate ou de cystine  Chien souffrant d\u2019insuffisance r\u00e9nale, cardiaque ou h\u00e9patique chronique associ\u00e9es \u00e0 des intol\u00e9rances alimentaires  Cet aliment est destin\u00e9 \u00e0 la prise en charge nutritionnelle d\u2019une maladie. Il est recommand\u00e9 de consulter votre v\u00e9t\u00e9rinaire.  Le conditionnement 12kg est compos\u00e9 de 3 sacs de 4kg, pour tout retour le lot devra imp\u00e9rativement \u00eatre ramen\u00e9 en int\u00e9gralit\u00e9, soit les 3 sacs de 4kg.","robots":{"index":"noindex","follow":"nofollow"},"og_locale":"fr_FR","og_type":"article","og_title":"FKD-HY Kidney Support Hydrolysed \u2013 chien Specific - V\u00e9torino","og_description":"Aliment complet pour le soutien de la fonction r\u00e9nale chez le chien adulte ou s\u00e9nior avec des ingr\u00e9dients favorisant le support de l\u2019axe intestin-rein.  Utilisation :   Chien adulte et s\u00e9nior  Chien souffrant d\u2019insuffisance cardiaque chronique, ou d\u2019insuffisance r\u00e9nale chronique  Chiensouffrant d\u2019insuffisance h\u00e9patique (sauf en cas de cholestase)  Chien souffrant de calculs d\u2019urate, d\u2019oxalate ou de cystine  Chien souffrant d\u2019insuffisance r\u00e9nale, cardiaque ou h\u00e9patique chronique associ\u00e9es \u00e0 des intol\u00e9rances alimentaires  Cet aliment est destin\u00e9 \u00e0 la prise en charge nutritionnelle d\u2019une maladie. Il est recommand\u00e9 de consulter votre v\u00e9t\u00e9rinaire.  Le conditionnement 12kg est compos\u00e9 de 3 sacs de 4kg, pour tout retour le lot devra imp\u00e9rativement \u00eatre ramen\u00e9 en int\u00e9gralit\u00e9, soit les 3 sacs de 4kg.","og_url":"https:\/\/www.vetorino.com\/veterinaire\/plouzevede-29440\/boutique\/product\/specific-chien-ckd-hy-heart-kidney\/","og_site_name":"V\u00e9torino","article_publisher":"https:\/\/www.facebook.com\/Vetorino\/","article_modified_time":"2026-02-10T14:33:11+00:00","og_image":[{"width":800,"height":800,"url":"https:\/\/www.vetorino.com\/boutique\/wp-content\/uploads\/2025\/10\/specific-ckdhy-heartkidney-support-hydrolysed-1.jpg","type":"image\/jpeg"}],"twitter_card":"summary_large_image","twitter_misc":{"Prix":"97,37&euro;","Disponibilit\u00e9":"En stock"},"schema":{"@context":"https:\/\/schema.org","@graph":[{"@type":"WebPage","@id":"https:\/\/www.vetorino.com\/boutique\/product\/specific-chien-ckd-hy-heart-kidney\/","url":"https:\/\/www.vetorino.com\/boutique\/product\/specific-chien-ckd-hy-heart-kidney\/","name":"FKD-HY Kidney Support Hydrolysed \u2013 chien Specific - V\u00e9torino","isPartOf":{"@id":"https:\/\/www.vetorino.com\/boutique\/#website"},"primaryImageOfPage":{"@id":"https:\/\/www.vetorino.com\/boutique\/product\/specific-chien-ckd-hy-heart-kidney\/#primaryimage"},"image":{"@id":"https:\/\/www.vetorino.com\/boutique\/product\/specific-chien-ckd-hy-heart-kidney\/#primaryimage"},"thumbnailUrl":"https:\/\/www.vetorino.com\/boutique\/wp-content\/uploads\/2025\/10\/specific-ckdhy-heartkidney-support-hydrolysed-1.jpg","datePublished":"2025-10-23T03:35:10+00:00","dateModified":"2026-02-10T14:33:11+00:00","description":"Aliment complet pour le soutien de la fonction r\u00e9nale chez le chien adulte ou s\u00e9nior avec des ingr\u00e9dients favorisant le support de l\u2019axe intestin-rein. Utilisation : Chien adulte et s\u00e9nior Chien souffrant d\u2019insuffisance cardiaque chronique, ou d\u2019insuffisance r\u00e9nale chronique Chiensouffrant d\u2019insuffisance h\u00e9patique (sauf en cas de cholestase) Chien souffrant de calculs d\u2019urate, d\u2019oxalate ou de cystine Chien souffrant d\u2019insuffisance r\u00e9nale, cardiaque ou h\u00e9patique chronique associ\u00e9es \u00e0 des intol\u00e9rances alimentaires Cet aliment est destin\u00e9 \u00e0 la prise en charge nutritionnelle d\u2019une maladie. Il est recommand\u00e9 de consulter votre v\u00e9t\u00e9rinaire. Le conditionnement 12kg est compos\u00e9 de 3 sacs de 4kg, pour tout retour le lot devra imp\u00e9rativement \u00eatre ramen\u00e9 en int\u00e9gralit\u00e9, soit les 3 sacs de 4kg.","breadcrumb":{"@id":"https:\/\/www.vetorino.com\/boutique\/product\/specific-chien-ckd-hy-heart-kidney\/#breadcrumb"},"inLanguage":"fr-FR","potentialAction":[{"@type":"ReadAction","target":["https:\/\/www.vetorino.com\/boutique\/product\/specific-chien-ckd-hy-heart-kidney\/"]}]},{"@type":"ImageObject","inLanguage":"fr-FR","@id":"https:\/\/www.vetorino.com\/boutique\/product\/specific-chien-ckd-hy-heart-kidney\/#primaryimage","url":"https:\/\/www.vetorino.com\/boutique\/wp-content\/uploads\/2025\/10\/specific-ckdhy-heartkidney-support-hydrolysed-1.jpg","contentUrl":"https:\/\/www.vetorino.com\/boutique\/wp-content\/uploads\/2025\/10\/specific-ckdhy-heartkidney-support-hydrolysed-1.jpg","width":800,"height":800},{"@type":"BreadcrumbList","@id":"https:\/\/www.vetorino.com\/boutique\/product\/specific-chien-ckd-hy-heart-kidney\/#breadcrumb","itemListElement":[{"@type":"ListItem","position":1,"name":"Accueil","item":"https:\/\/www.vetorino.com\/boutique\/"},{"@type":"ListItem","position":2,"name":"Produits","item":"https:\/\/www.vetorino.com\/boutique\/"},{"@type":"ListItem","position":3,"name":"FKD-HY Kidney Support Hydrolysed \u2013 chien"}]},{"@type":"WebSite","@id":"https:\/\/www.vetorino.com\/boutique\/#website","url":"https:\/\/www.vetorino.com\/boutique\/","name":"V\u00e9torino","description":"","publisher":{"@id":"https:\/\/www.vetorino.com\/boutique\/#organization"},"potentialAction":[{"@type":"SearchAction","target":{"@type":"EntryPoint","urlTemplate":"https:\/\/www.vetorino.com\/boutique\/?s={search_term_string}"},"query-input":{"@type":"PropertyValueSpecification","valueRequired":true,"valueName":"search_term_string"}}],"inLanguage":"fr-FR"},{"@type":"Organization","@id":"https:\/\/www.vetorino.com\/boutique\/#organization","name":"V\u00e9torino","url":"https:\/\/www.vetorino.com\/boutique\/","logo":{"@type":"ImageObject","inLanguage":"fr-FR","@id":"https:\/\/www.vetorino.com\/boutique\/#\/schema\/logo\/image\/","url":"https:\/\/www.vetorino.com\/boutique\/wp-content\/uploads\/2024\/10\/logo.jpg","contentUrl":"https:\/\/www.vetorino.com\/boutique\/wp-content\/uploads\/2024\/10\/logo.jpg","width":1200,"height":610,"caption":"V\u00e9torino"},"image":{"@id":"https:\/\/www.vetorino.com\/boutique\/#\/schema\/logo\/image\/"},"sameAs":["https:\/\/www.facebook.com\/Vetorino\/","https:\/\/www.instagram.com\/vetorino_off\/","https:\/\/www.linkedin.com\/company\/vtorino\/"]}]},"product_brand":"Specific","product_price_amount":"97.37","product_price_currency":"EUR","og_availability":"instock","product_availability":"instock","product_retailer_item_id":"A-1898780","product_condition":"new"},"_links":{"self":[{"href":"https:\/\/www.vetorino.com\/veterinaire\/plouzevede-29440\/boutique\/wp-json\/wp\/v2\/product\/1539511","targetHints":{"allow":["GET"]}}],"collection":[{"href":"https:\/\/www.vetorino.com\/veterinaire\/plouzevede-29440\/boutique\/wp-json\/wp\/v2\/product"}],"about":[{"href":"https:\/\/www.vetorino.com\/veterinaire\/plouzevede-29440\/boutique\/wp-json\/wp\/v2\/types\/product"}],"wp:featuredmedia":[{"embeddable":true,"href":"https:\/\/www.vetorino.com\/veterinaire\/plouzevede-29440\/boutique\/wp-json\/wp\/v2\/media\/1696587"}],"wp:attachment":[{"href":"https:\/\/www.vetorino.com\/veterinaire\/plouzevede-29440\/boutique\/wp-json\/wp\/v2\/media?parent=1539511"}],"wp:term":[{"taxonomy":"product_cat","embeddable":true,"href":"https:\/\/www.vetorino.com\/veterinaire\/plouzevede-29440\/boutique\/wp-json\/wp\/v2\/product_cat?post=1539511"},{"taxonomy":"product_tag","embeddable":true,"href":"https:\/\/www.vetorino.com\/veterinaire\/plouzevede-29440\/boutique\/wp-json\/wp\/v2\/product_tag?post=1539511"}],"curies":[{"name":"wp","href":"https:\/\/api.w.org\/{rel}","templated":true}]}}