{"id":1572639,"date":"2025-11-17T11:28:38","date_gmt":"2025-11-17T10:28:38","guid":{"rendered":"https:\/\/www.vetorino.com\/boutique\/product\/happy-snack-by-feliway-saumon\/"},"modified":"2025-11-18T09:40:36","modified_gmt":"2025-11-18T08:40:36","slug":"happy-snack-by-feliway-saumon","status":"publish","type":"product","link":"https:\/\/www.vetorino.com\/veterinaire\/plouzevede-29440\/boutique\/product\/happy-snack-by-feliway-saumon\/","title":{"rendered":"Happy Snack Feliway Saumon &#8211; chat"},"content":{"rendered":"<p><strong>Friandise Happy Snack by Feliway sous forme de p\u00e2te alimentaire onctueuse et relaxante saveur saumon pour chat.<\/strong><\/p>\n<p><strong>Utilisation :<\/strong><\/p>\n<ul>\n<li>Donner une \u00e0 deux fois par jour en compl\u00e9ment d&#8217;une alimentation \u00e9quilibr\u00e9e.<\/li>\n<li>Apaise en cas de situation inhabituelle ou d\u00e9stabilisante.<\/li>\n<\/ul>\n<p><strong>Avantages :<\/strong><\/p>\n<ul>\n<li>Contient de l&#8217;alpha-casoz\u00e9pine : une prot\u00e9ine naturelle issue du lait aux propri\u00e9t\u00e9s relaxantes reconnues.<\/li>\n<li>Une formule d\u00e9licieuse appr\u00e9ci\u00e9e par 86 % des chats.<\/li>\n<li>Facile \u00e0 donner : \u00e0 m\u00eame le stick, \u00e0 la cuill\u00e8re, sur l&#8217;alimentation &#8230;<\/li>\n<li>Formule sans ingr\u00e9dients controvers\u00e9s : sans colorants, sans conservateurs, sans sucres ajout\u00e9s, sans gluten.<\/li>\n<li>Valid\u00e9 par les propri\u00e9taires : 88 % de satisfaction.<\/li>\n<\/ul>\n","protected":false},"excerpt":{"rendered":"<p><strong>Friandise onctueuse et relaxante sous forme de p\u00e2te alimentaire au saumon \u00e0 donner en compl\u00e9ment d&#8217;une alimentation \u00e9quilibr\u00e9e pour apaiser votre chat en cas de situation stressante.<\/strong><\/p>\n<p><strong>Utilisation :<\/strong><\/p>\n<ul>\n<li>Donner une \u00e0 deux fois par jour en compl\u00e9ment d&#8217;une alimentation \u00e9quilibr\u00e9e.<\/li>\n<li>Apaise en cas de situation inhabituelle ou d\u00e9stabilisante.<\/li>\n<\/ul>\n","protected":false},"featured_media":1572710,"template":"","meta":[],"product_cat":[12551,2759,2697,2733],"product_tag":[],"class_list":{"0":"post-1572639","1":"product","2":"type-product","3":"status-publish","4":"has-post-thumbnail","6":"product_cat-alimentation-du-chat","7":"product_cat-anti-stress-et-anxiete-pour-chat","8":"product_cat-chat","9":"product_cat-friandises-pour-chat","10":"pa_marque-ceva","12":"first","13":"instock","14":"taxable","15":"shipping-taxable","16":"purchasable","17":"product-type-variable"},"yoast_head":"<!-- This site is optimized with the Yoast SEO plugin v27.3 - https:\/\/yoast.com\/product\/yoast-seo-wordpress\/ -->\n<title>Feliway Happy Snack Feliway Saumon - chat Ceva - V\u00e9torino<\/title>\n<meta name=\"description\" content=\"Friandise onctueuse et relaxante sous forme de p\u00e2te alimentaire au saumon \u00e0 donner en compl\u00e9ment d&#039;une alimentation \u00e9quilibr\u00e9e pour apaiser votre chat en cas de situation stressante.  Utilisation :   Donner une \u00e0 deux fois par jour en compl\u00e9ment d&#039;une alimentation \u00e9quilibr\u00e9e.  Apaise en cas de situation inhabituelle ou d\u00e9stabilisante.\" \/>\n<meta name=\"robots\" content=\"noindex, nofollow\" \/>\n<meta property=\"og:locale\" content=\"fr_FR\" \/>\n<meta property=\"og:type\" content=\"article\" \/>\n<meta property=\"og:title\" content=\"Feliway Happy Snack Feliway Saumon - chat Ceva - V\u00e9torino\" \/>\n<meta property=\"og:description\" content=\"Friandise onctueuse et relaxante sous forme de p\u00e2te alimentaire au saumon \u00e0 donner en compl\u00e9ment d&#039;une alimentation \u00e9quilibr\u00e9e pour apaiser votre chat en cas de situation stressante.  Utilisation :   Donner une \u00e0 deux fois par jour en compl\u00e9ment d&#039;une alimentation \u00e9quilibr\u00e9e.  Apaise en cas de situation inhabituelle ou d\u00e9stabilisante.\" \/>\n<meta property=\"og:url\" content=\"https:\/\/www.vetorino.com\/veterinaire\/plouzevede-29440\/boutique\/product\/happy-snack-by-feliway-saumon\/\" \/>\n<meta property=\"og:site_name\" content=\"V\u00e9torino\" \/>\n<meta property=\"article:publisher\" content=\"https:\/\/www.facebook.com\/Vetorino\/\" \/>\n<meta property=\"article:modified_time\" content=\"2025-11-18T08:40:36+00:00\" \/>\n<meta property=\"og:image\" content=\"https:\/\/www.vetorino.com\/boutique\/wp-content\/uploads\/2025\/11\/DAT-Happy_Snack_Salmon_Box_24_MRHI_left_with_stick_FR_3eab0dd4-62f0-4dad-b8ae-dad1866defd8.webp\" \/>\n\t<meta property=\"og:image:width\" content=\"716\" \/>\n\t<meta property=\"og:image:height\" content=\"716\" \/>\n\t<meta property=\"og:image:type\" content=\"image\/webp\" \/>\n<meta name=\"twitter:card\" content=\"summary_large_image\" \/>\n<meta name=\"twitter:label1\" content=\"Disponibilit\u00e9\" \/>\n\t<meta name=\"twitter:data1\" content=\"En stock\" \/>\n<script type=\"application\/ld+json\" class=\"yoast-schema-graph\">{\"@context\":\"https:\\\/\\\/schema.org\",\"@graph\":[{\"@type\":\"WebPage\",\"@id\":\"https:\\\/\\\/www.vetorino.com\\\/boutique\\\/product\\\/happy-snack-by-feliway-saumon\\\/\",\"url\":\"https:\\\/\\\/www.vetorino.com\\\/boutique\\\/product\\\/happy-snack-by-feliway-saumon\\\/\",\"name\":\"Feliway Happy Snack Feliway Saumon - chat Ceva - V\u00e9torino\",\"isPartOf\":{\"@id\":\"https:\\\/\\\/www.vetorino.com\\\/boutique\\\/#website\"},\"primaryImageOfPage\":{\"@id\":\"https:\\\/\\\/www.vetorino.com\\\/boutique\\\/product\\\/happy-snack-by-feliway-saumon\\\/#primaryimage\"},\"image\":{\"@id\":\"https:\\\/\\\/www.vetorino.com\\\/boutique\\\/product\\\/happy-snack-by-feliway-saumon\\\/#primaryimage\"},\"thumbnailUrl\":\"https:\\\/\\\/www.vetorino.com\\\/boutique\\\/wp-content\\\/uploads\\\/2025\\\/11\\\/DAT-Happy_Snack_Salmon_Box_24_MRHI_left_with_stick_FR_3eab0dd4-62f0-4dad-b8ae-dad1866defd8.webp\",\"datePublished\":\"2025-11-17T10:28:38+00:00\",\"dateModified\":\"2025-11-18T08:40:36+00:00\",\"description\":\"Friandise onctueuse et relaxante sous forme de p\u00e2te alimentaire au saumon \u00e0 donner en compl\u00e9ment d'une alimentation \u00e9quilibr\u00e9e pour apaiser votre chat en cas de situation stressante. Utilisation : Donner une \u00e0 deux fois par jour en compl\u00e9ment d'une alimentation \u00e9quilibr\u00e9e. Apaise en cas de situation inhabituelle ou d\u00e9stabilisante.\",\"breadcrumb\":{\"@id\":\"https:\\\/\\\/www.vetorino.com\\\/boutique\\\/product\\\/happy-snack-by-feliway-saumon\\\/#breadcrumb\"},\"inLanguage\":\"fr-FR\",\"potentialAction\":[{\"@type\":\"ReadAction\",\"target\":[\"https:\\\/\\\/www.vetorino.com\\\/boutique\\\/product\\\/happy-snack-by-feliway-saumon\\\/\"]}]},{\"@type\":\"ImageObject\",\"inLanguage\":\"fr-FR\",\"@id\":\"https:\\\/\\\/www.vetorino.com\\\/boutique\\\/product\\\/happy-snack-by-feliway-saumon\\\/#primaryimage\",\"url\":\"https:\\\/\\\/www.vetorino.com\\\/boutique\\\/wp-content\\\/uploads\\\/2025\\\/11\\\/DAT-Happy_Snack_Salmon_Box_24_MRHI_left_with_stick_FR_3eab0dd4-62f0-4dad-b8ae-dad1866defd8.webp\",\"contentUrl\":\"https:\\\/\\\/www.vetorino.com\\\/boutique\\\/wp-content\\\/uploads\\\/2025\\\/11\\\/DAT-Happy_Snack_Salmon_Box_24_MRHI_left_with_stick_FR_3eab0dd4-62f0-4dad-b8ae-dad1866defd8.webp\",\"width\":716,\"height\":716},{\"@type\":\"BreadcrumbList\",\"@id\":\"https:\\\/\\\/www.vetorino.com\\\/boutique\\\/product\\\/happy-snack-by-feliway-saumon\\\/#breadcrumb\",\"itemListElement\":[{\"@type\":\"ListItem\",\"position\":1,\"name\":\"Accueil\",\"item\":\"https:\\\/\\\/www.vetorino.com\\\/boutique\\\/\"},{\"@type\":\"ListItem\",\"position\":2,\"name\":\"Produits\",\"item\":\"https:\\\/\\\/www.vetorino.com\\\/boutique\\\/\"},{\"@type\":\"ListItem\",\"position\":3,\"name\":\"Happy Snack Feliway Saumon &#8211; chat\"}]},{\"@type\":\"WebSite\",\"@id\":\"https:\\\/\\\/www.vetorino.com\\\/boutique\\\/#website\",\"url\":\"https:\\\/\\\/www.vetorino.com\\\/boutique\\\/\",\"name\":\"V\u00e9torino\",\"description\":\"\",\"publisher\":{\"@id\":\"https:\\\/\\\/www.vetorino.com\\\/boutique\\\/#organization\"},\"potentialAction\":[{\"@type\":\"SearchAction\",\"target\":{\"@type\":\"EntryPoint\",\"urlTemplate\":\"https:\\\/\\\/www.vetorino.com\\\/boutique\\\/?s={search_term_string}\"},\"query-input\":{\"@type\":\"PropertyValueSpecification\",\"valueRequired\":true,\"valueName\":\"search_term_string\"}}],\"inLanguage\":\"fr-FR\"},{\"@type\":\"Organization\",\"@id\":\"https:\\\/\\\/www.vetorino.com\\\/boutique\\\/#organization\",\"name\":\"V\u00e9torino\",\"url\":\"https:\\\/\\\/www.vetorino.com\\\/boutique\\\/\",\"logo\":{\"@type\":\"ImageObject\",\"inLanguage\":\"fr-FR\",\"@id\":\"https:\\\/\\\/www.vetorino.com\\\/boutique\\\/#\\\/schema\\\/logo\\\/image\\\/\",\"url\":\"https:\\\/\\\/www.vetorino.com\\\/boutique\\\/wp-content\\\/uploads\\\/2024\\\/10\\\/logo.jpg\",\"contentUrl\":\"https:\\\/\\\/www.vetorino.com\\\/boutique\\\/wp-content\\\/uploads\\\/2024\\\/10\\\/logo.jpg\",\"width\":1200,\"height\":610,\"caption\":\"V\u00e9torino\"},\"image\":{\"@id\":\"https:\\\/\\\/www.vetorino.com\\\/boutique\\\/#\\\/schema\\\/logo\\\/image\\\/\"},\"sameAs\":[\"https:\\\/\\\/www.facebook.com\\\/Vetorino\\\/\",\"https:\\\/\\\/www.instagram.com\\\/vetorino_off\\\/\",\"https:\\\/\\\/www.linkedin.com\\\/company\\\/vtorino\\\/\"]}]}<\/script>\n<meta property=\"product:brand\" content=\"Ceva\" \/>\n<meta property=\"og:availability\" content=\"instock\" \/>\n<meta property=\"product:availability\" content=\"instock\" \/>\n<meta property=\"product:condition\" content=\"new\" \/>\n<!-- \/ Yoast SEO plugin. -->","yoast_head_json":{"title":"Feliway Happy Snack Feliway Saumon - chat Ceva - V\u00e9torino","description":"Friandise onctueuse et relaxante sous forme de p\u00e2te alimentaire au saumon \u00e0 donner en compl\u00e9ment d'une alimentation \u00e9quilibr\u00e9e pour apaiser votre chat en cas de situation stressante.  Utilisation :   Donner une \u00e0 deux fois par jour en compl\u00e9ment d'une alimentation \u00e9quilibr\u00e9e.  Apaise en cas de situation inhabituelle ou d\u00e9stabilisante.","robots":{"index":"noindex","follow":"nofollow"},"og_locale":"fr_FR","og_type":"article","og_title":"Feliway Happy Snack Feliway Saumon - chat Ceva - V\u00e9torino","og_description":"Friandise onctueuse et relaxante sous forme de p\u00e2te alimentaire au saumon \u00e0 donner en compl\u00e9ment d'une alimentation \u00e9quilibr\u00e9e pour apaiser votre chat en cas de situation stressante.  Utilisation :   Donner une \u00e0 deux fois par jour en compl\u00e9ment d'une alimentation \u00e9quilibr\u00e9e.  Apaise en cas de situation inhabituelle ou d\u00e9stabilisante.","og_url":"https:\/\/www.vetorino.com\/veterinaire\/plouzevede-29440\/boutique\/product\/happy-snack-by-feliway-saumon\/","og_site_name":"V\u00e9torino","article_publisher":"https:\/\/www.facebook.com\/Vetorino\/","article_modified_time":"2025-11-18T08:40:36+00:00","og_image":[{"width":716,"height":716,"url":"https:\/\/www.vetorino.com\/boutique\/wp-content\/uploads\/2025\/11\/DAT-Happy_Snack_Salmon_Box_24_MRHI_left_with_stick_FR_3eab0dd4-62f0-4dad-b8ae-dad1866defd8.webp","type":"image\/webp"}],"twitter_card":"summary_large_image","twitter_misc":{"Disponibilit\u00e9":"En stock"},"schema":{"@context":"https:\/\/schema.org","@graph":[{"@type":"WebPage","@id":"https:\/\/www.vetorino.com\/boutique\/product\/happy-snack-by-feliway-saumon\/","url":"https:\/\/www.vetorino.com\/boutique\/product\/happy-snack-by-feliway-saumon\/","name":"Feliway Happy Snack Feliway Saumon - chat Ceva - V\u00e9torino","isPartOf":{"@id":"https:\/\/www.vetorino.com\/boutique\/#website"},"primaryImageOfPage":{"@id":"https:\/\/www.vetorino.com\/boutique\/product\/happy-snack-by-feliway-saumon\/#primaryimage"},"image":{"@id":"https:\/\/www.vetorino.com\/boutique\/product\/happy-snack-by-feliway-saumon\/#primaryimage"},"thumbnailUrl":"https:\/\/www.vetorino.com\/boutique\/wp-content\/uploads\/2025\/11\/DAT-Happy_Snack_Salmon_Box_24_MRHI_left_with_stick_FR_3eab0dd4-62f0-4dad-b8ae-dad1866defd8.webp","datePublished":"2025-11-17T10:28:38+00:00","dateModified":"2025-11-18T08:40:36+00:00","description":"Friandise onctueuse et relaxante sous forme de p\u00e2te alimentaire au saumon \u00e0 donner en compl\u00e9ment d'une alimentation \u00e9quilibr\u00e9e pour apaiser votre chat en cas de situation stressante. Utilisation : Donner une \u00e0 deux fois par jour en compl\u00e9ment d'une alimentation \u00e9quilibr\u00e9e. Apaise en cas de situation inhabituelle ou d\u00e9stabilisante.","breadcrumb":{"@id":"https:\/\/www.vetorino.com\/boutique\/product\/happy-snack-by-feliway-saumon\/#breadcrumb"},"inLanguage":"fr-FR","potentialAction":[{"@type":"ReadAction","target":["https:\/\/www.vetorino.com\/boutique\/product\/happy-snack-by-feliway-saumon\/"]}]},{"@type":"ImageObject","inLanguage":"fr-FR","@id":"https:\/\/www.vetorino.com\/boutique\/product\/happy-snack-by-feliway-saumon\/#primaryimage","url":"https:\/\/www.vetorino.com\/boutique\/wp-content\/uploads\/2025\/11\/DAT-Happy_Snack_Salmon_Box_24_MRHI_left_with_stick_FR_3eab0dd4-62f0-4dad-b8ae-dad1866defd8.webp","contentUrl":"https:\/\/www.vetorino.com\/boutique\/wp-content\/uploads\/2025\/11\/DAT-Happy_Snack_Salmon_Box_24_MRHI_left_with_stick_FR_3eab0dd4-62f0-4dad-b8ae-dad1866defd8.webp","width":716,"height":716},{"@type":"BreadcrumbList","@id":"https:\/\/www.vetorino.com\/boutique\/product\/happy-snack-by-feliway-saumon\/#breadcrumb","itemListElement":[{"@type":"ListItem","position":1,"name":"Accueil","item":"https:\/\/www.vetorino.com\/boutique\/"},{"@type":"ListItem","position":2,"name":"Produits","item":"https:\/\/www.vetorino.com\/boutique\/"},{"@type":"ListItem","position":3,"name":"Happy Snack Feliway Saumon &#8211; chat"}]},{"@type":"WebSite","@id":"https:\/\/www.vetorino.com\/boutique\/#website","url":"https:\/\/www.vetorino.com\/boutique\/","name":"V\u00e9torino","description":"","publisher":{"@id":"https:\/\/www.vetorino.com\/boutique\/#organization"},"potentialAction":[{"@type":"SearchAction","target":{"@type":"EntryPoint","urlTemplate":"https:\/\/www.vetorino.com\/boutique\/?s={search_term_string}"},"query-input":{"@type":"PropertyValueSpecification","valueRequired":true,"valueName":"search_term_string"}}],"inLanguage":"fr-FR"},{"@type":"Organization","@id":"https:\/\/www.vetorino.com\/boutique\/#organization","name":"V\u00e9torino","url":"https:\/\/www.vetorino.com\/boutique\/","logo":{"@type":"ImageObject","inLanguage":"fr-FR","@id":"https:\/\/www.vetorino.com\/boutique\/#\/schema\/logo\/image\/","url":"https:\/\/www.vetorino.com\/boutique\/wp-content\/uploads\/2024\/10\/logo.jpg","contentUrl":"https:\/\/www.vetorino.com\/boutique\/wp-content\/uploads\/2024\/10\/logo.jpg","width":1200,"height":610,"caption":"V\u00e9torino"},"image":{"@id":"https:\/\/www.vetorino.com\/boutique\/#\/schema\/logo\/image\/"},"sameAs":["https:\/\/www.facebook.com\/Vetorino\/","https:\/\/www.instagram.com\/vetorino_off\/","https:\/\/www.linkedin.com\/company\/vtorino\/"]}]},"product_brand":"Ceva","og_availability":"instock","product_availability":"instock","product_condition":"new"},"_links":{"self":[{"href":"https:\/\/www.vetorino.com\/veterinaire\/plouzevede-29440\/boutique\/wp-json\/wp\/v2\/product\/1572639","targetHints":{"allow":["GET"]}}],"collection":[{"href":"https:\/\/www.vetorino.com\/veterinaire\/plouzevede-29440\/boutique\/wp-json\/wp\/v2\/product"}],"about":[{"href":"https:\/\/www.vetorino.com\/veterinaire\/plouzevede-29440\/boutique\/wp-json\/wp\/v2\/types\/product"}],"wp:featuredmedia":[{"embeddable":true,"href":"https:\/\/www.vetorino.com\/veterinaire\/plouzevede-29440\/boutique\/wp-json\/wp\/v2\/media\/1572710"}],"wp:attachment":[{"href":"https:\/\/www.vetorino.com\/veterinaire\/plouzevede-29440\/boutique\/wp-json\/wp\/v2\/media?parent=1572639"}],"wp:term":[{"taxonomy":"product_cat","embeddable":true,"href":"https:\/\/www.vetorino.com\/veterinaire\/plouzevede-29440\/boutique\/wp-json\/wp\/v2\/product_cat?post=1572639"},{"taxonomy":"product_tag","embeddable":true,"href":"https:\/\/www.vetorino.com\/veterinaire\/plouzevede-29440\/boutique\/wp-json\/wp\/v2\/product_tag?post=1572639"}],"curies":[{"name":"wp","href":"https:\/\/api.w.org\/{rel}","templated":true}]}}