{"id":1663405,"date":"2026-01-19T17:51:19","date_gmt":"2026-01-19T16:51:19","guid":{"rendered":"https:\/\/www.vetorino.com\/boutique\/product\/cicavet-3\/"},"modified":"2026-01-21T10:13:19","modified_gmt":"2026-01-21T09:13:19","slug":"cicavet-3","status":"publish","type":"product","link":"https:\/\/www.vetorino.com\/veterinaire\/plouzevede-29440\/boutique\/product\/cicavet-3\/","title":{"rendered":"Cicavet Spray"},"content":{"rendered":"<p><strong>Le spray Cicavet est une lotion r\u00e9paratrice<\/strong> sp\u00e9cialement formul\u00e9e pour\u00a0<strong>favoriser la cicatrisation de la peau chez les chiens, chats et NAC.<\/strong><\/p>\n<p>Sa formule aide \u00e0 <strong>apaiser, r\u00e9parer et prot\u00e9ger la peau<\/strong>\u00a0fragilis\u00e9e apr\u00e8s une irritation, une plaie superficielle, une piq\u00fbre d\u2019insecte ou une petite blessure.<\/p>\n<p>Gr\u00e2ce \u00e0 ses actifs naturels apaisants et hydratants, Cicavet\u00a0<strong>soutient la r\u00e9g\u00e9n\u00e9ration cutan\u00e9e<\/strong>\u00a0tout en formant une\u00a0<strong>barri\u00e8re protectrice qui limite les risques d\u2019infection et emp\u00eache le l\u00e9chage excessif.<\/strong><\/p>\n<p><strong>Mode d\u2019emploi :<\/strong><\/p>\n<p><em>Appliquer sur la zone concern\u00e9e plusieurs fois par jour.<\/em><\/p>\n<p><em>Ne pas appliquer sur les muqueuses oculaires.<\/em><\/p>\n<p><strong>Demander conseil \u00e0 un v\u00e9t\u00e9rinaire.<\/strong><\/p>\n","protected":false},"excerpt":{"rendered":"<div class=\"woocommerce-product-details__short-description\">\n<p><strong>Le spray Cicavet est une lotion r\u00e9paratrice<\/strong> sp\u00e9cialement formul\u00e9e pour <strong>favoriser la cicatrisation de la peau chez les chiens, chats et NAC.<\/strong><\/p>\n<p>Sa formule aide \u00e0 <strong>apaiser, r\u00e9parer et prot\u00e9ger la peau<\/strong>\u00a0fragilis\u00e9e apr\u00e8s une irritation, une plaie superficielle, une piq\u00fbre d\u2019insecte ou une petite blessure.<\/p>\n<p>Gr\u00e2ce \u00e0 ses actifs naturels apaisants et hydratants, Cicavet\u00a0<strong>soutient la r\u00e9g\u00e9n\u00e9ration cutan\u00e9e<\/strong>\u00a0tout en formant une\u00a0<strong>barri\u00e8re protectrice qui limite les risques d\u2019infection et emp\u00eache le l\u00e9chage excessif.<\/strong><\/p>\n<\/div>\n","protected":false},"featured_media":1666159,"template":"","meta":[],"product_cat":[2697,2698,2744,12611,12612,12560,12561,15841,2727,12568,15842],"product_tag":[],"class_list":{"0":"post-1663405","1":"product","2":"type-product","3":"status-publish","4":"has-post-thumbnail","6":"product_cat-chat","7":"product_cat-chien","8":"product_cat-furet","9":"product_cat-hygiene-de-la-peau-et-du-pelage-du-chat","10":"product_cat-hygiene-de-la-peau-et-du-pelage-du-chien","11":"product_cat-hygiene-du-chat","12":"product_cat-hygiene-du-chien","13":"product_cat-lapins","14":"product_cat-nac","15":"product_cat-produit-veterinaire-du-chien","16":"product_cat-rongeurs","17":"pa_marque-labbea","19":"first","20":"instock","21":"taxable","22":"shipping-taxable","23":"purchasable","24":"product-type-variable"},"yoast_head":"<!-- This site is optimized with the Yoast SEO plugin v27.3 - https:\/\/yoast.com\/product\/yoast-seo-wordpress\/ -->\n<title>Cicavet Spray Labbea - V\u00e9torino<\/title>\n<meta name=\"description\" content=\"Le spray Cicavet est une lotion r\u00e9paratrice sp\u00e9cialement formul\u00e9e pour favoriser la cicatrisation de la peau chez les chiens, chats et NAC.  Sa formule aide \u00e0 apaiser, r\u00e9parer et prot\u00e9ger la peau\u00a0fragilis\u00e9e apr\u00e8s une irritation, une plaie superficielle, une piq\u00fbre d\u2019insecte ou une petite blessure.  Gr\u00e2ce \u00e0 ses actifs naturels apaisants et hydratants, Cicavet\u00a0soutient la r\u00e9g\u00e9n\u00e9ration cutan\u00e9e\u00a0tout en formant une\u00a0barri\u00e8re protectrice qui limite les risques d\u2019infection et emp\u00eache le l\u00e9chage excessif.\" \/>\n<meta name=\"robots\" content=\"noindex, nofollow\" \/>\n<meta property=\"og:locale\" content=\"fr_FR\" \/>\n<meta property=\"og:type\" content=\"article\" \/>\n<meta property=\"og:title\" content=\"Cicavet Spray Labbea - V\u00e9torino\" \/>\n<meta property=\"og:description\" content=\"Le spray Cicavet est une lotion r\u00e9paratrice sp\u00e9cialement formul\u00e9e pour favoriser la cicatrisation de la peau chez les chiens, chats et NAC.  Sa formule aide \u00e0 apaiser, r\u00e9parer et prot\u00e9ger la peau\u00a0fragilis\u00e9e apr\u00e8s une irritation, une plaie superficielle, une piq\u00fbre d\u2019insecte ou une petite blessure.  Gr\u00e2ce \u00e0 ses actifs naturels apaisants et hydratants, Cicavet\u00a0soutient la r\u00e9g\u00e9n\u00e9ration cutan\u00e9e\u00a0tout en formant une\u00a0barri\u00e8re protectrice qui limite les risques d\u2019infection et emp\u00eache le l\u00e9chage excessif.\" \/>\n<meta property=\"og:url\" content=\"https:\/\/www.vetorino.com\/veterinaire\/plouzevede-29440\/boutique\/product\/cicavet-3\/\" \/>\n<meta property=\"og:site_name\" content=\"V\u00e9torino\" \/>\n<meta property=\"article:publisher\" content=\"https:\/\/www.facebook.com\/Vetorino\/\" \/>\n<meta property=\"article:modified_time\" content=\"2026-01-21T09:13:19+00:00\" \/>\n<meta property=\"og:image\" content=\"https:\/\/www.vetorino.com\/boutique\/wp-content\/uploads\/2026\/01\/cicavet-spray.jpg\" \/>\n\t<meta property=\"og:image:width\" content=\"1200\" \/>\n\t<meta property=\"og:image:height\" content=\"1200\" \/>\n\t<meta property=\"og:image:type\" content=\"image\/jpeg\" \/>\n<meta name=\"twitter:card\" content=\"summary_large_image\" \/>\n<meta name=\"twitter:label1\" content=\"Disponibilit\u00e9\" \/>\n\t<meta name=\"twitter:data1\" content=\"En stock\" \/>\n<script type=\"application\/ld+json\" class=\"yoast-schema-graph\">{\"@context\":\"https:\\\/\\\/schema.org\",\"@graph\":[{\"@type\":\"WebPage\",\"@id\":\"https:\\\/\\\/www.vetorino.com\\\/boutique\\\/product\\\/cicavet-3\\\/\",\"url\":\"https:\\\/\\\/www.vetorino.com\\\/boutique\\\/product\\\/cicavet-3\\\/\",\"name\":\"Cicavet Spray Labbea - V\u00e9torino\",\"isPartOf\":{\"@id\":\"https:\\\/\\\/www.vetorino.com\\\/boutique\\\/#website\"},\"primaryImageOfPage\":{\"@id\":\"https:\\\/\\\/www.vetorino.com\\\/boutique\\\/product\\\/cicavet-3\\\/#primaryimage\"},\"image\":{\"@id\":\"https:\\\/\\\/www.vetorino.com\\\/boutique\\\/product\\\/cicavet-3\\\/#primaryimage\"},\"thumbnailUrl\":\"https:\\\/\\\/www.vetorino.com\\\/boutique\\\/wp-content\\\/uploads\\\/2026\\\/01\\\/cicavet-spray.jpg\",\"datePublished\":\"2026-01-19T16:51:19+00:00\",\"dateModified\":\"2026-01-21T09:13:19+00:00\",\"description\":\"Le spray Cicavet est une lotion r\u00e9paratrice sp\u00e9cialement formul\u00e9e pour favoriser la cicatrisation de la peau chez les chiens, chats et NAC. Sa formule aide \u00e0 apaiser, r\u00e9parer et prot\u00e9ger la peau\u00a0fragilis\u00e9e apr\u00e8s une irritation, une plaie superficielle, une piq\u00fbre d\u2019insecte ou une petite blessure. Gr\u00e2ce \u00e0 ses actifs naturels apaisants et hydratants, Cicavet\u00a0soutient la r\u00e9g\u00e9n\u00e9ration cutan\u00e9e\u00a0tout en formant une\u00a0barri\u00e8re protectrice qui limite les risques d\u2019infection et emp\u00eache le l\u00e9chage excessif.\",\"breadcrumb\":{\"@id\":\"https:\\\/\\\/www.vetorino.com\\\/boutique\\\/product\\\/cicavet-3\\\/#breadcrumb\"},\"inLanguage\":\"fr-FR\",\"potentialAction\":[{\"@type\":\"ReadAction\",\"target\":[\"https:\\\/\\\/www.vetorino.com\\\/boutique\\\/product\\\/cicavet-3\\\/\"]}]},{\"@type\":\"ImageObject\",\"inLanguage\":\"fr-FR\",\"@id\":\"https:\\\/\\\/www.vetorino.com\\\/boutique\\\/product\\\/cicavet-3\\\/#primaryimage\",\"url\":\"https:\\\/\\\/www.vetorino.com\\\/boutique\\\/wp-content\\\/uploads\\\/2026\\\/01\\\/cicavet-spray.jpg\",\"contentUrl\":\"https:\\\/\\\/www.vetorino.com\\\/boutique\\\/wp-content\\\/uploads\\\/2026\\\/01\\\/cicavet-spray.jpg\",\"width\":1200,\"height\":1200},{\"@type\":\"BreadcrumbList\",\"@id\":\"https:\\\/\\\/www.vetorino.com\\\/boutique\\\/product\\\/cicavet-3\\\/#breadcrumb\",\"itemListElement\":[{\"@type\":\"ListItem\",\"position\":1,\"name\":\"Accueil\",\"item\":\"https:\\\/\\\/www.vetorino.com\\\/boutique\\\/\"},{\"@type\":\"ListItem\",\"position\":2,\"name\":\"Produits\",\"item\":\"https:\\\/\\\/www.vetorino.com\\\/boutique\\\/\"},{\"@type\":\"ListItem\",\"position\":3,\"name\":\"Cicavet Spray\"}]},{\"@type\":\"WebSite\",\"@id\":\"https:\\\/\\\/www.vetorino.com\\\/boutique\\\/#website\",\"url\":\"https:\\\/\\\/www.vetorino.com\\\/boutique\\\/\",\"name\":\"V\u00e9torino\",\"description\":\"\",\"publisher\":{\"@id\":\"https:\\\/\\\/www.vetorino.com\\\/boutique\\\/#organization\"},\"potentialAction\":[{\"@type\":\"SearchAction\",\"target\":{\"@type\":\"EntryPoint\",\"urlTemplate\":\"https:\\\/\\\/www.vetorino.com\\\/boutique\\\/?s={search_term_string}\"},\"query-input\":{\"@type\":\"PropertyValueSpecification\",\"valueRequired\":true,\"valueName\":\"search_term_string\"}}],\"inLanguage\":\"fr-FR\"},{\"@type\":\"Organization\",\"@id\":\"https:\\\/\\\/www.vetorino.com\\\/boutique\\\/#organization\",\"name\":\"V\u00e9torino\",\"url\":\"https:\\\/\\\/www.vetorino.com\\\/boutique\\\/\",\"logo\":{\"@type\":\"ImageObject\",\"inLanguage\":\"fr-FR\",\"@id\":\"https:\\\/\\\/www.vetorino.com\\\/boutique\\\/#\\\/schema\\\/logo\\\/image\\\/\",\"url\":\"https:\\\/\\\/www.vetorino.com\\\/boutique\\\/wp-content\\\/uploads\\\/2024\\\/10\\\/logo.jpg\",\"contentUrl\":\"https:\\\/\\\/www.vetorino.com\\\/boutique\\\/wp-content\\\/uploads\\\/2024\\\/10\\\/logo.jpg\",\"width\":1200,\"height\":610,\"caption\":\"V\u00e9torino\"},\"image\":{\"@id\":\"https:\\\/\\\/www.vetorino.com\\\/boutique\\\/#\\\/schema\\\/logo\\\/image\\\/\"},\"sameAs\":[\"https:\\\/\\\/www.facebook.com\\\/Vetorino\\\/\",\"https:\\\/\\\/www.instagram.com\\\/vetorino_off\\\/\",\"https:\\\/\\\/www.linkedin.com\\\/company\\\/vtorino\\\/\"]}]}<\/script>\n<meta property=\"product:brand\" content=\"Labbea\" \/>\n<meta property=\"og:availability\" content=\"instock\" \/>\n<meta property=\"product:availability\" content=\"instock\" \/>\n<meta property=\"product:condition\" content=\"new\" \/>\n<!-- \/ Yoast SEO plugin. -->","yoast_head_json":{"title":"Cicavet Spray Labbea - V\u00e9torino","description":"Le spray Cicavet est une lotion r\u00e9paratrice sp\u00e9cialement formul\u00e9e pour favoriser la cicatrisation de la peau chez les chiens, chats et NAC.  Sa formule aide \u00e0 apaiser, r\u00e9parer et prot\u00e9ger la peau\u00a0fragilis\u00e9e apr\u00e8s une irritation, une plaie superficielle, une piq\u00fbre d\u2019insecte ou une petite blessure.  Gr\u00e2ce \u00e0 ses actifs naturels apaisants et hydratants, Cicavet\u00a0soutient la r\u00e9g\u00e9n\u00e9ration cutan\u00e9e\u00a0tout en formant une\u00a0barri\u00e8re protectrice qui limite les risques d\u2019infection et emp\u00eache le l\u00e9chage excessif.","robots":{"index":"noindex","follow":"nofollow"},"og_locale":"fr_FR","og_type":"article","og_title":"Cicavet Spray Labbea - V\u00e9torino","og_description":"Le spray Cicavet est une lotion r\u00e9paratrice sp\u00e9cialement formul\u00e9e pour favoriser la cicatrisation de la peau chez les chiens, chats et NAC.  Sa formule aide \u00e0 apaiser, r\u00e9parer et prot\u00e9ger la peau\u00a0fragilis\u00e9e apr\u00e8s une irritation, une plaie superficielle, une piq\u00fbre d\u2019insecte ou une petite blessure.  Gr\u00e2ce \u00e0 ses actifs naturels apaisants et hydratants, Cicavet\u00a0soutient la r\u00e9g\u00e9n\u00e9ration cutan\u00e9e\u00a0tout en formant une\u00a0barri\u00e8re protectrice qui limite les risques d\u2019infection et emp\u00eache le l\u00e9chage excessif.","og_url":"https:\/\/www.vetorino.com\/veterinaire\/plouzevede-29440\/boutique\/product\/cicavet-3\/","og_site_name":"V\u00e9torino","article_publisher":"https:\/\/www.facebook.com\/Vetorino\/","article_modified_time":"2026-01-21T09:13:19+00:00","og_image":[{"width":1200,"height":1200,"url":"https:\/\/www.vetorino.com\/boutique\/wp-content\/uploads\/2026\/01\/cicavet-spray.jpg","type":"image\/jpeg"}],"twitter_card":"summary_large_image","twitter_misc":{"Disponibilit\u00e9":"En stock"},"schema":{"@context":"https:\/\/schema.org","@graph":[{"@type":"WebPage","@id":"https:\/\/www.vetorino.com\/boutique\/product\/cicavet-3\/","url":"https:\/\/www.vetorino.com\/boutique\/product\/cicavet-3\/","name":"Cicavet Spray Labbea - V\u00e9torino","isPartOf":{"@id":"https:\/\/www.vetorino.com\/boutique\/#website"},"primaryImageOfPage":{"@id":"https:\/\/www.vetorino.com\/boutique\/product\/cicavet-3\/#primaryimage"},"image":{"@id":"https:\/\/www.vetorino.com\/boutique\/product\/cicavet-3\/#primaryimage"},"thumbnailUrl":"https:\/\/www.vetorino.com\/boutique\/wp-content\/uploads\/2026\/01\/cicavet-spray.jpg","datePublished":"2026-01-19T16:51:19+00:00","dateModified":"2026-01-21T09:13:19+00:00","description":"Le spray Cicavet est une lotion r\u00e9paratrice sp\u00e9cialement formul\u00e9e pour favoriser la cicatrisation de la peau chez les chiens, chats et NAC. Sa formule aide \u00e0 apaiser, r\u00e9parer et prot\u00e9ger la peau\u00a0fragilis\u00e9e apr\u00e8s une irritation, une plaie superficielle, une piq\u00fbre d\u2019insecte ou une petite blessure. Gr\u00e2ce \u00e0 ses actifs naturels apaisants et hydratants, Cicavet\u00a0soutient la r\u00e9g\u00e9n\u00e9ration cutan\u00e9e\u00a0tout en formant une\u00a0barri\u00e8re protectrice qui limite les risques d\u2019infection et emp\u00eache le l\u00e9chage excessif.","breadcrumb":{"@id":"https:\/\/www.vetorino.com\/boutique\/product\/cicavet-3\/#breadcrumb"},"inLanguage":"fr-FR","potentialAction":[{"@type":"ReadAction","target":["https:\/\/www.vetorino.com\/boutique\/product\/cicavet-3\/"]}]},{"@type":"ImageObject","inLanguage":"fr-FR","@id":"https:\/\/www.vetorino.com\/boutique\/product\/cicavet-3\/#primaryimage","url":"https:\/\/www.vetorino.com\/boutique\/wp-content\/uploads\/2026\/01\/cicavet-spray.jpg","contentUrl":"https:\/\/www.vetorino.com\/boutique\/wp-content\/uploads\/2026\/01\/cicavet-spray.jpg","width":1200,"height":1200},{"@type":"BreadcrumbList","@id":"https:\/\/www.vetorino.com\/boutique\/product\/cicavet-3\/#breadcrumb","itemListElement":[{"@type":"ListItem","position":1,"name":"Accueil","item":"https:\/\/www.vetorino.com\/boutique\/"},{"@type":"ListItem","position":2,"name":"Produits","item":"https:\/\/www.vetorino.com\/boutique\/"},{"@type":"ListItem","position":3,"name":"Cicavet Spray"}]},{"@type":"WebSite","@id":"https:\/\/www.vetorino.com\/boutique\/#website","url":"https:\/\/www.vetorino.com\/boutique\/","name":"V\u00e9torino","description":"","publisher":{"@id":"https:\/\/www.vetorino.com\/boutique\/#organization"},"potentialAction":[{"@type":"SearchAction","target":{"@type":"EntryPoint","urlTemplate":"https:\/\/www.vetorino.com\/boutique\/?s={search_term_string}"},"query-input":{"@type":"PropertyValueSpecification","valueRequired":true,"valueName":"search_term_string"}}],"inLanguage":"fr-FR"},{"@type":"Organization","@id":"https:\/\/www.vetorino.com\/boutique\/#organization","name":"V\u00e9torino","url":"https:\/\/www.vetorino.com\/boutique\/","logo":{"@type":"ImageObject","inLanguage":"fr-FR","@id":"https:\/\/www.vetorino.com\/boutique\/#\/schema\/logo\/image\/","url":"https:\/\/www.vetorino.com\/boutique\/wp-content\/uploads\/2024\/10\/logo.jpg","contentUrl":"https:\/\/www.vetorino.com\/boutique\/wp-content\/uploads\/2024\/10\/logo.jpg","width":1200,"height":610,"caption":"V\u00e9torino"},"image":{"@id":"https:\/\/www.vetorino.com\/boutique\/#\/schema\/logo\/image\/"},"sameAs":["https:\/\/www.facebook.com\/Vetorino\/","https:\/\/www.instagram.com\/vetorino_off\/","https:\/\/www.linkedin.com\/company\/vtorino\/"]}]},"product_brand":"Labbea","og_availability":"instock","product_availability":"instock","product_condition":"new"},"_links":{"self":[{"href":"https:\/\/www.vetorino.com\/veterinaire\/plouzevede-29440\/boutique\/wp-json\/wp\/v2\/product\/1663405","targetHints":{"allow":["GET"]}}],"collection":[{"href":"https:\/\/www.vetorino.com\/veterinaire\/plouzevede-29440\/boutique\/wp-json\/wp\/v2\/product"}],"about":[{"href":"https:\/\/www.vetorino.com\/veterinaire\/plouzevede-29440\/boutique\/wp-json\/wp\/v2\/types\/product"}],"wp:featuredmedia":[{"embeddable":true,"href":"https:\/\/www.vetorino.com\/veterinaire\/plouzevede-29440\/boutique\/wp-json\/wp\/v2\/media\/1666159"}],"wp:attachment":[{"href":"https:\/\/www.vetorino.com\/veterinaire\/plouzevede-29440\/boutique\/wp-json\/wp\/v2\/media?parent=1663405"}],"wp:term":[{"taxonomy":"product_cat","embeddable":true,"href":"https:\/\/www.vetorino.com\/veterinaire\/plouzevede-29440\/boutique\/wp-json\/wp\/v2\/product_cat?post=1663405"},{"taxonomy":"product_tag","embeddable":true,"href":"https:\/\/www.vetorino.com\/veterinaire\/plouzevede-29440\/boutique\/wp-json\/wp\/v2\/product_tag?post=1663405"}],"curies":[{"name":"wp","href":"https:\/\/api.w.org\/{rel}","templated":true}]}}