{"id":1664865,"date":"2026-01-20T15:40:36","date_gmt":"2026-01-20T14:40:36","guid":{"rendered":"https:\/\/www.vetorino.com\/boutique\/product\/delergyl-spray\/"},"modified":"2026-01-21T14:27:28","modified_gmt":"2026-01-21T13:27:28","slug":"delergyl-spray","status":"publish","type":"product","link":"https:\/\/www.vetorino.com\/veterinaire\/plouzevede-29440\/boutique\/product\/delergyl-spray\/","title":{"rendered":"D\u00e9lergyl"},"content":{"rendered":"<div class=\"product-name desktop\">D\u00e9lergyl est un <strong>spray apaisant, hydratant et calmant <\/strong>pour aider \u00e0 <strong>apaiser la peau<\/strong> <strong>chez les animaux sensibles.<\/strong><\/div>\n<div>\n<ul>\n<li>Convient aux chats, aux chiens et aux rongeurs<\/li>\n<li>En spray<\/li>\n<li>Hydrate et apaise la peau<\/li>\n<li>Simple \u00e0 appliquer<\/li>\n<\/ul>\n<\/div>\n<div class=\"price-info\">\n<div><strong>Mode d&#8217;emploi<\/strong> : Pulv\u00e9risez directement sur la peau une \u00e0 plusieurs fois par jour.<\/div>\n<\/div>\n","protected":false},"excerpt":{"rendered":"<div class=\"product-name desktop\"><\/div>\n<div class=\"price-info\">\n<div class=\"price-box\">D\u00e9lergyl est un <strong>spray apaisant, hydratant et calmant <\/strong>pour aider \u00e0 <strong>apaiser la peau<\/strong> <strong>chez les animaux sensibles.<\/strong><\/div>\n<\/div>\n<div>\n<ul>\n<li>Convient aux chats, aux chiens et aux rongeurs<\/li>\n<li>En spray<\/li>\n<li>Hydrate et apaise la peau<\/li>\n<li>Simple \u00e0 appliquer<\/li>\n<\/ul>\n<\/div>\n<div class=\"price-info\">\n<div><\/div>\n<\/div>\n","protected":false},"featured_media":1666360,"template":"","meta":[],"product_cat":[2697,2698,12611,12612,12560,12561,15841,2727,15842],"product_tag":[],"class_list":{"0":"post-1664865","1":"product","2":"type-product","3":"status-publish","4":"has-post-thumbnail","6":"product_cat-chat","7":"product_cat-chien","8":"product_cat-hygiene-de-la-peau-et-du-pelage-du-chat","9":"product_cat-hygiene-de-la-peau-et-du-pelage-du-chien","10":"product_cat-hygiene-du-chat","11":"product_cat-hygiene-du-chien","12":"product_cat-lapins","13":"product_cat-nac","14":"product_cat-rongeurs","15":"pa_marque-labbea","17":"first","18":"instock","19":"taxable","20":"shipping-taxable","21":"purchasable","22":"product-type-simple"},"yoast_head":"<!-- This site is optimized with the Yoast SEO plugin v27.3 - https:\/\/yoast.com\/product\/yoast-seo-wordpress\/ -->\n<title>D\u00e9lergyl Labbea - V\u00e9torino<\/title>\n<meta name=\"description\" content=\"D\u00e9lergyl est un spray apaisant, hydratant et calmant pour aider \u00e0 apaiser la peau chez les animaux sensibles.     Convient aux chats, aux chiens et aux rongeurs  En spray  Hydrate et apaise la peau  Simple \u00e0 appliquer\" \/>\n<meta name=\"robots\" content=\"noindex, nofollow\" \/>\n<meta property=\"og:locale\" content=\"fr_FR\" \/>\n<meta property=\"og:type\" content=\"article\" \/>\n<meta property=\"og:title\" content=\"D\u00e9lergyl Labbea - V\u00e9torino\" \/>\n<meta property=\"og:description\" content=\"D\u00e9lergyl est un spray apaisant, hydratant et calmant pour aider \u00e0 apaiser la peau chez les animaux sensibles.     Convient aux chats, aux chiens et aux rongeurs  En spray  Hydrate et apaise la peau  Simple \u00e0 appliquer\" \/>\n<meta property=\"og:url\" content=\"https:\/\/www.vetorino.com\/veterinaire\/plouzevede-29440\/boutique\/product\/delergyl-spray\/\" \/>\n<meta property=\"og:site_name\" content=\"V\u00e9torino\" \/>\n<meta property=\"article:publisher\" content=\"https:\/\/www.facebook.com\/Vetorino\/\" \/>\n<meta property=\"article:modified_time\" content=\"2026-01-21T13:27:28+00:00\" \/>\n<meta property=\"og:image\" content=\"https:\/\/www.vetorino.com\/boutique\/wp-content\/uploads\/2026\/01\/labb_a-delergyl-spray-60ml-companimo.jpg\" \/>\n\t<meta property=\"og:image:width\" content=\"600\" \/>\n\t<meta property=\"og:image:height\" content=\"600\" \/>\n\t<meta property=\"og:image:type\" content=\"image\/jpeg\" \/>\n<meta name=\"twitter:card\" content=\"summary_large_image\" \/>\n<meta name=\"twitter:label1\" content=\"Prix\" \/>\n\t<meta name=\"twitter:data1\" content=\"17,57&euro;\" \/>\n\t<meta name=\"twitter:label2\" content=\"Disponibilit\u00e9\" \/>\n\t<meta name=\"twitter:data2\" content=\"En stock\" \/>\n<script type=\"application\/ld+json\" class=\"yoast-schema-graph\">{\"@context\":\"https:\\\/\\\/schema.org\",\"@graph\":[{\"@type\":\"WebPage\",\"@id\":\"https:\\\/\\\/www.vetorino.com\\\/boutique\\\/product\\\/delergyl-spray\\\/\",\"url\":\"https:\\\/\\\/www.vetorino.com\\\/boutique\\\/product\\\/delergyl-spray\\\/\",\"name\":\"D\u00e9lergyl Labbea - V\u00e9torino\",\"isPartOf\":{\"@id\":\"https:\\\/\\\/www.vetorino.com\\\/boutique\\\/#website\"},\"primaryImageOfPage\":{\"@id\":\"https:\\\/\\\/www.vetorino.com\\\/boutique\\\/product\\\/delergyl-spray\\\/#primaryimage\"},\"image\":{\"@id\":\"https:\\\/\\\/www.vetorino.com\\\/boutique\\\/product\\\/delergyl-spray\\\/#primaryimage\"},\"thumbnailUrl\":\"https:\\\/\\\/www.vetorino.com\\\/boutique\\\/wp-content\\\/uploads\\\/2026\\\/01\\\/labb_a-delergyl-spray-60ml-companimo.jpg\",\"datePublished\":\"2026-01-20T14:40:36+00:00\",\"dateModified\":\"2026-01-21T13:27:28+00:00\",\"description\":\"D\u00e9lergyl est un spray apaisant, hydratant et calmant pour aider \u00e0 apaiser la peau chez les animaux sensibles. Convient aux chats, aux chiens et aux rongeurs En spray Hydrate et apaise la peau Simple \u00e0 appliquer\",\"breadcrumb\":{\"@id\":\"https:\\\/\\\/www.vetorino.com\\\/boutique\\\/product\\\/delergyl-spray\\\/#breadcrumb\"},\"inLanguage\":\"fr-FR\",\"potentialAction\":[{\"@type\":\"ReadAction\",\"target\":[\"https:\\\/\\\/www.vetorino.com\\\/boutique\\\/product\\\/delergyl-spray\\\/\"]}]},{\"@type\":\"ImageObject\",\"inLanguage\":\"fr-FR\",\"@id\":\"https:\\\/\\\/www.vetorino.com\\\/boutique\\\/product\\\/delergyl-spray\\\/#primaryimage\",\"url\":\"https:\\\/\\\/www.vetorino.com\\\/boutique\\\/wp-content\\\/uploads\\\/2026\\\/01\\\/labb_a-delergyl-spray-60ml-companimo.jpg\",\"contentUrl\":\"https:\\\/\\\/www.vetorino.com\\\/boutique\\\/wp-content\\\/uploads\\\/2026\\\/01\\\/labb_a-delergyl-spray-60ml-companimo.jpg\",\"width\":600,\"height\":600},{\"@type\":\"BreadcrumbList\",\"@id\":\"https:\\\/\\\/www.vetorino.com\\\/boutique\\\/product\\\/delergyl-spray\\\/#breadcrumb\",\"itemListElement\":[{\"@type\":\"ListItem\",\"position\":1,\"name\":\"Accueil\",\"item\":\"https:\\\/\\\/www.vetorino.com\\\/boutique\\\/\"},{\"@type\":\"ListItem\",\"position\":2,\"name\":\"Produits\",\"item\":\"https:\\\/\\\/www.vetorino.com\\\/boutique\\\/\"},{\"@type\":\"ListItem\",\"position\":3,\"name\":\"D\u00e9lergyl\"}]},{\"@type\":\"WebSite\",\"@id\":\"https:\\\/\\\/www.vetorino.com\\\/boutique\\\/#website\",\"url\":\"https:\\\/\\\/www.vetorino.com\\\/boutique\\\/\",\"name\":\"V\u00e9torino\",\"description\":\"\",\"publisher\":{\"@id\":\"https:\\\/\\\/www.vetorino.com\\\/boutique\\\/#organization\"},\"potentialAction\":[{\"@type\":\"SearchAction\",\"target\":{\"@type\":\"EntryPoint\",\"urlTemplate\":\"https:\\\/\\\/www.vetorino.com\\\/boutique\\\/?s={search_term_string}\"},\"query-input\":{\"@type\":\"PropertyValueSpecification\",\"valueRequired\":true,\"valueName\":\"search_term_string\"}}],\"inLanguage\":\"fr-FR\"},{\"@type\":\"Organization\",\"@id\":\"https:\\\/\\\/www.vetorino.com\\\/boutique\\\/#organization\",\"name\":\"V\u00e9torino\",\"url\":\"https:\\\/\\\/www.vetorino.com\\\/boutique\\\/\",\"logo\":{\"@type\":\"ImageObject\",\"inLanguage\":\"fr-FR\",\"@id\":\"https:\\\/\\\/www.vetorino.com\\\/boutique\\\/#\\\/schema\\\/logo\\\/image\\\/\",\"url\":\"https:\\\/\\\/www.vetorino.com\\\/boutique\\\/wp-content\\\/uploads\\\/2024\\\/10\\\/logo.jpg\",\"contentUrl\":\"https:\\\/\\\/www.vetorino.com\\\/boutique\\\/wp-content\\\/uploads\\\/2024\\\/10\\\/logo.jpg\",\"width\":1200,\"height\":610,\"caption\":\"V\u00e9torino\"},\"image\":{\"@id\":\"https:\\\/\\\/www.vetorino.com\\\/boutique\\\/#\\\/schema\\\/logo\\\/image\\\/\"},\"sameAs\":[\"https:\\\/\\\/www.facebook.com\\\/Vetorino\\\/\",\"https:\\\/\\\/www.instagram.com\\\/vetorino_off\\\/\",\"https:\\\/\\\/www.linkedin.com\\\/company\\\/vtorino\\\/\"]}]}<\/script>\n<meta property=\"product:brand\" content=\"Labbea\" \/>\n<meta property=\"product:price:amount\" content=\"17.57\" \/>\n<meta property=\"product:price:currency\" content=\"EUR\" \/>\n<meta property=\"og:availability\" content=\"instock\" \/>\n<meta property=\"product:availability\" content=\"instock\" \/>\n<meta property=\"product:retailer_item_id\" content=\"A-1875720\" \/>\n<meta property=\"product:condition\" content=\"new\" \/>\n<!-- \/ Yoast SEO plugin. -->","yoast_head_json":{"title":"D\u00e9lergyl Labbea - V\u00e9torino","description":"D\u00e9lergyl est un spray apaisant, hydratant et calmant pour aider \u00e0 apaiser la peau chez les animaux sensibles.     Convient aux chats, aux chiens et aux rongeurs  En spray  Hydrate et apaise la peau  Simple \u00e0 appliquer","robots":{"index":"noindex","follow":"nofollow"},"og_locale":"fr_FR","og_type":"article","og_title":"D\u00e9lergyl Labbea - V\u00e9torino","og_description":"D\u00e9lergyl est un spray apaisant, hydratant et calmant pour aider \u00e0 apaiser la peau chez les animaux sensibles.     Convient aux chats, aux chiens et aux rongeurs  En spray  Hydrate et apaise la peau  Simple \u00e0 appliquer","og_url":"https:\/\/www.vetorino.com\/veterinaire\/plouzevede-29440\/boutique\/product\/delergyl-spray\/","og_site_name":"V\u00e9torino","article_publisher":"https:\/\/www.facebook.com\/Vetorino\/","article_modified_time":"2026-01-21T13:27:28+00:00","og_image":[{"width":600,"height":600,"url":"https:\/\/www.vetorino.com\/boutique\/wp-content\/uploads\/2026\/01\/labb_a-delergyl-spray-60ml-companimo.jpg","type":"image\/jpeg"}],"twitter_card":"summary_large_image","twitter_misc":{"Prix":"17,57&euro;","Disponibilit\u00e9":"En stock"},"schema":{"@context":"https:\/\/schema.org","@graph":[{"@type":"WebPage","@id":"https:\/\/www.vetorino.com\/boutique\/product\/delergyl-spray\/","url":"https:\/\/www.vetorino.com\/boutique\/product\/delergyl-spray\/","name":"D\u00e9lergyl Labbea - V\u00e9torino","isPartOf":{"@id":"https:\/\/www.vetorino.com\/boutique\/#website"},"primaryImageOfPage":{"@id":"https:\/\/www.vetorino.com\/boutique\/product\/delergyl-spray\/#primaryimage"},"image":{"@id":"https:\/\/www.vetorino.com\/boutique\/product\/delergyl-spray\/#primaryimage"},"thumbnailUrl":"https:\/\/www.vetorino.com\/boutique\/wp-content\/uploads\/2026\/01\/labb_a-delergyl-spray-60ml-companimo.jpg","datePublished":"2026-01-20T14:40:36+00:00","dateModified":"2026-01-21T13:27:28+00:00","description":"D\u00e9lergyl est un spray apaisant, hydratant et calmant pour aider \u00e0 apaiser la peau chez les animaux sensibles. Convient aux chats, aux chiens et aux rongeurs En spray Hydrate et apaise la peau Simple \u00e0 appliquer","breadcrumb":{"@id":"https:\/\/www.vetorino.com\/boutique\/product\/delergyl-spray\/#breadcrumb"},"inLanguage":"fr-FR","potentialAction":[{"@type":"ReadAction","target":["https:\/\/www.vetorino.com\/boutique\/product\/delergyl-spray\/"]}]},{"@type":"ImageObject","inLanguage":"fr-FR","@id":"https:\/\/www.vetorino.com\/boutique\/product\/delergyl-spray\/#primaryimage","url":"https:\/\/www.vetorino.com\/boutique\/wp-content\/uploads\/2026\/01\/labb_a-delergyl-spray-60ml-companimo.jpg","contentUrl":"https:\/\/www.vetorino.com\/boutique\/wp-content\/uploads\/2026\/01\/labb_a-delergyl-spray-60ml-companimo.jpg","width":600,"height":600},{"@type":"BreadcrumbList","@id":"https:\/\/www.vetorino.com\/boutique\/product\/delergyl-spray\/#breadcrumb","itemListElement":[{"@type":"ListItem","position":1,"name":"Accueil","item":"https:\/\/www.vetorino.com\/boutique\/"},{"@type":"ListItem","position":2,"name":"Produits","item":"https:\/\/www.vetorino.com\/boutique\/"},{"@type":"ListItem","position":3,"name":"D\u00e9lergyl"}]},{"@type":"WebSite","@id":"https:\/\/www.vetorino.com\/boutique\/#website","url":"https:\/\/www.vetorino.com\/boutique\/","name":"V\u00e9torino","description":"","publisher":{"@id":"https:\/\/www.vetorino.com\/boutique\/#organization"},"potentialAction":[{"@type":"SearchAction","target":{"@type":"EntryPoint","urlTemplate":"https:\/\/www.vetorino.com\/boutique\/?s={search_term_string}"},"query-input":{"@type":"PropertyValueSpecification","valueRequired":true,"valueName":"search_term_string"}}],"inLanguage":"fr-FR"},{"@type":"Organization","@id":"https:\/\/www.vetorino.com\/boutique\/#organization","name":"V\u00e9torino","url":"https:\/\/www.vetorino.com\/boutique\/","logo":{"@type":"ImageObject","inLanguage":"fr-FR","@id":"https:\/\/www.vetorino.com\/boutique\/#\/schema\/logo\/image\/","url":"https:\/\/www.vetorino.com\/boutique\/wp-content\/uploads\/2024\/10\/logo.jpg","contentUrl":"https:\/\/www.vetorino.com\/boutique\/wp-content\/uploads\/2024\/10\/logo.jpg","width":1200,"height":610,"caption":"V\u00e9torino"},"image":{"@id":"https:\/\/www.vetorino.com\/boutique\/#\/schema\/logo\/image\/"},"sameAs":["https:\/\/www.facebook.com\/Vetorino\/","https:\/\/www.instagram.com\/vetorino_off\/","https:\/\/www.linkedin.com\/company\/vtorino\/"]}]},"product_brand":"Labbea","product_price_amount":"17.57","product_price_currency":"EUR","og_availability":"instock","product_availability":"instock","product_retailer_item_id":"A-1875720","product_condition":"new"},"_links":{"self":[{"href":"https:\/\/www.vetorino.com\/veterinaire\/plouzevede-29440\/boutique\/wp-json\/wp\/v2\/product\/1664865","targetHints":{"allow":["GET"]}}],"collection":[{"href":"https:\/\/www.vetorino.com\/veterinaire\/plouzevede-29440\/boutique\/wp-json\/wp\/v2\/product"}],"about":[{"href":"https:\/\/www.vetorino.com\/veterinaire\/plouzevede-29440\/boutique\/wp-json\/wp\/v2\/types\/product"}],"wp:featuredmedia":[{"embeddable":true,"href":"https:\/\/www.vetorino.com\/veterinaire\/plouzevede-29440\/boutique\/wp-json\/wp\/v2\/media\/1666360"}],"wp:attachment":[{"href":"https:\/\/www.vetorino.com\/veterinaire\/plouzevede-29440\/boutique\/wp-json\/wp\/v2\/media?parent=1664865"}],"wp:term":[{"taxonomy":"product_cat","embeddable":true,"href":"https:\/\/www.vetorino.com\/veterinaire\/plouzevede-29440\/boutique\/wp-json\/wp\/v2\/product_cat?post=1664865"},{"taxonomy":"product_tag","embeddable":true,"href":"https:\/\/www.vetorino.com\/veterinaire\/plouzevede-29440\/boutique\/wp-json\/wp\/v2\/product_tag?post=1664865"}],"curies":[{"name":"wp","href":"https:\/\/api.w.org\/{rel}","templated":true}]}}