{"id":167050,"date":"2021-04-02T18:16:00","date_gmt":"2021-04-02T16:16:00","guid":{"rendered":"https:\/\/www.vetorino.com\/boutique\/product\/sativavet-active-medium-3\/"},"modified":"2024-05-02T12:29:57","modified_gmt":"2024-05-02T10:29:57","slug":"sativavet-active-medium-3","status":"publish","type":"product","link":"https:\/\/www.vetorino.com\/veterinaire\/plouzevede-29440\/boutique\/product\/sativavet-active-medium-3\/","title":{"rendered":"Sativavet Active Medium 13%"},"content":{"rendered":"<p><strong>Sativavet Active Medium est un aliment compl\u00e9mentaire \u00e0 base d&#8217;huile de chanvre (dos\u00e9e \u00e0 13%) pour le bien-\u00eatre et l&#8217;\u00e9quilibre comportemental de l&#8217;animal.<\/strong><\/p>\n<p><strong>Utilisation :<\/strong><\/p>\n<ul>\n<li>Chiens et chats<\/li>\n<\/ul>\n<p><strong>Bienfaits essentiels :<\/strong><\/p>\n<ul>\n<li>Ce compl\u00e9ment offrira \u00e0 votre animal <strong>confort et bien-\u00eatre.<\/strong><\/li>\n<li><strong>L&#8217;huile de chanvre<\/strong> est connue pour ces propri\u00e9t\u00e9s sur les articulations afin d&#8217;apporter \u00e0 votre animal plus de confort articulaire.<\/li>\n<li>Contient de la <strong>vitamine E un antioxydant<\/strong> qui permet de prot\u00e9ger l&#8217;organisme de votre animal contre les radicaux libres.<\/li>\n<\/ul>\n<p><strong>Mode d&#8217;emploi :<\/strong><\/p>\n<ul>\n<li>Administration orale.<\/li>\n<li>Consultez votre v\u00e9t\u00e9rinaire pour une quantit\u00e9 adapt\u00e9e aux besoins de votre animal.<\/li>\n<li>Commencer toujours par une quantit\u00e9 faible et l\u2019augmenter lentement si n\u00e9cessaire.<\/li>\n<\/ul>\n","protected":false},"excerpt":{"rendered":"<p><b>Sativavet Active Medium est un aliment compl\u00e9mentaire \u00e0 base d&#8217;huile de chanvre (dos\u00e9e \u00e0 13%) pour le bien-\u00eatre et l&#8217;\u00e9quilibre comportemental de l&#8217;animal.<br \/>\n<\/b><\/p>\n<p><b>Utilisation :<\/b><\/p>\n<ul>\n<li><b>Chiens et chats<\/b><\/li>\n<\/ul>\n","protected":false},"featured_media":167063,"template":"","meta":[],"product_cat":[12551,12552,12581,12582,2730,2738,2759,2697,2698,12567,12568],"product_tag":[],"class_list":{"0":"post-167050","1":"product","2":"type-product","3":"status-publish","4":"has-post-thumbnail","6":"product_cat-alimentation-du-chat","7":"product_cat-alimentation-du-chien","8":"product_cat-alimentation-medicalisee-pour-chat","9":"product_cat-alimentation-medicalisee-pour-chien","10":"product_cat-aliments-complementaires-pour-chat","11":"product_cat-aliments-complementaires-pour-chien","12":"product_cat-anti-stress-et-anxiete-pour-chat","13":"product_cat-chat","14":"product_cat-chien","15":"product_cat-produit-veterinaire-du-chat","16":"product_cat-produit-veterinaire-du-chien","17":"pa_marque-tvm","19":"first","20":"outofstock","21":"taxable","22":"shipping-taxable","23":"purchasable","24":"product-type-simple"},"yoast_head":"<!-- This site is optimized with the Yoast SEO plugin v27.3 - https:\/\/yoast.com\/product\/yoast-seo-wordpress\/ -->\n<title>Sativavet Active Medium 13% D\u00f4mes Pharma TVM - V\u00e9torino<\/title>\n<meta name=\"description\" content=\"Sativavet Active Medium est un aliment compl\u00e9mentaire \u00e0 base d&#039;huile de chanvre (dos\u00e9e \u00e0 13%) pour le bien-\u00eatre et l&#039;\u00e9quilibre comportemental de l&#039;animal.   Utilisation :   Chiens et chats\" \/>\n<meta name=\"robots\" content=\"noindex, nofollow\" \/>\n<meta property=\"og:locale\" content=\"fr_FR\" \/>\n<meta property=\"og:type\" content=\"article\" \/>\n<meta property=\"og:title\" content=\"Sativavet Active Medium 13% D\u00f4mes Pharma TVM - V\u00e9torino\" \/>\n<meta property=\"og:description\" content=\"Sativavet Active Medium est un aliment compl\u00e9mentaire \u00e0 base d&#039;huile de chanvre (dos\u00e9e \u00e0 13%) pour le bien-\u00eatre et l&#039;\u00e9quilibre comportemental de l&#039;animal.   Utilisation :   Chiens et chats\" \/>\n<meta property=\"og:url\" content=\"https:\/\/www.vetorino.com\/veterinaire\/plouzevede-29440\/boutique\/product\/sativavet-active-medium-3\/\" \/>\n<meta property=\"og:site_name\" content=\"V\u00e9torino\" \/>\n<meta property=\"article:publisher\" content=\"https:\/\/www.facebook.com\/Vetorino\/\" \/>\n<meta property=\"article:modified_time\" content=\"2024-05-02T10:29:57+00:00\" \/>\n<meta property=\"og:image\" content=\"https:\/\/www.vetorino.com\/boutique\/wp-content\/uploads\/2021\/04\/tvm_sativavet_active_medium_10_ml_-_vetorino.jpeg\" \/>\n\t<meta property=\"og:image:width\" content=\"700\" \/>\n\t<meta property=\"og:image:height\" content=\"700\" \/>\n\t<meta property=\"og:image:type\" content=\"image\/jpeg\" \/>\n<meta name=\"twitter:card\" content=\"summary_large_image\" \/>\n<meta name=\"twitter:label1\" content=\"Prix\" \/>\n\t<meta name=\"twitter:data1\" content=\"61,15&euro;\" \/>\n\t<meta name=\"twitter:label2\" content=\"Disponibilit\u00e9\" \/>\n\t<meta name=\"twitter:data2\" content=\"Rupture de stock\" \/>\n<script type=\"application\/ld+json\" class=\"yoast-schema-graph\">{\"@context\":\"https:\\\/\\\/schema.org\",\"@graph\":[{\"@type\":\"WebPage\",\"@id\":\"https:\\\/\\\/www.vetorino.com\\\/boutique\\\/product\\\/sativavet-active-medium-3\\\/\",\"url\":\"https:\\\/\\\/www.vetorino.com\\\/boutique\\\/product\\\/sativavet-active-medium-3\\\/\",\"name\":\"Sativavet Active Medium 13% D\u00f4mes Pharma TVM - V\u00e9torino\",\"isPartOf\":{\"@id\":\"https:\\\/\\\/www.vetorino.com\\\/boutique\\\/#website\"},\"primaryImageOfPage\":{\"@id\":\"https:\\\/\\\/www.vetorino.com\\\/boutique\\\/product\\\/sativavet-active-medium-3\\\/#primaryimage\"},\"image\":{\"@id\":\"https:\\\/\\\/www.vetorino.com\\\/boutique\\\/product\\\/sativavet-active-medium-3\\\/#primaryimage\"},\"thumbnailUrl\":\"https:\\\/\\\/www.vetorino.com\\\/boutique\\\/wp-content\\\/uploads\\\/2021\\\/04\\\/tvm_sativavet_active_medium_10_ml_-_vetorino.jpeg\",\"datePublished\":\"2021-04-02T16:16:00+00:00\",\"dateModified\":\"2024-05-02T10:29:57+00:00\",\"description\":\"Sativavet Active Medium est un aliment compl\u00e9mentaire \u00e0 base d'huile de chanvre (dos\u00e9e \u00e0 13%) pour le bien-\u00eatre et l'\u00e9quilibre comportemental de l'animal. Utilisation : Chiens et chats\",\"breadcrumb\":{\"@id\":\"https:\\\/\\\/www.vetorino.com\\\/boutique\\\/product\\\/sativavet-active-medium-3\\\/#breadcrumb\"},\"inLanguage\":\"fr-FR\",\"potentialAction\":[{\"@type\":\"ReadAction\",\"target\":[\"https:\\\/\\\/www.vetorino.com\\\/boutique\\\/product\\\/sativavet-active-medium-3\\\/\"]}]},{\"@type\":\"ImageObject\",\"inLanguage\":\"fr-FR\",\"@id\":\"https:\\\/\\\/www.vetorino.com\\\/boutique\\\/product\\\/sativavet-active-medium-3\\\/#primaryimage\",\"url\":\"https:\\\/\\\/www.vetorino.com\\\/boutique\\\/wp-content\\\/uploads\\\/2021\\\/04\\\/tvm_sativavet_active_medium_10_ml_-_vetorino.jpeg\",\"contentUrl\":\"https:\\\/\\\/www.vetorino.com\\\/boutique\\\/wp-content\\\/uploads\\\/2021\\\/04\\\/tvm_sativavet_active_medium_10_ml_-_vetorino.jpeg\",\"width\":700,\"height\":700},{\"@type\":\"BreadcrumbList\",\"@id\":\"https:\\\/\\\/www.vetorino.com\\\/boutique\\\/product\\\/sativavet-active-medium-3\\\/#breadcrumb\",\"itemListElement\":[{\"@type\":\"ListItem\",\"position\":1,\"name\":\"Accueil\",\"item\":\"https:\\\/\\\/www.vetorino.com\\\/boutique\\\/\"},{\"@type\":\"ListItem\",\"position\":2,\"name\":\"Produits\",\"item\":\"https:\\\/\\\/www.vetorino.com\\\/boutique\\\/\"},{\"@type\":\"ListItem\",\"position\":3,\"name\":\"Sativavet Active Medium 13%\"}]},{\"@type\":\"WebSite\",\"@id\":\"https:\\\/\\\/www.vetorino.com\\\/boutique\\\/#website\",\"url\":\"https:\\\/\\\/www.vetorino.com\\\/boutique\\\/\",\"name\":\"V\u00e9torino\",\"description\":\"\",\"publisher\":{\"@id\":\"https:\\\/\\\/www.vetorino.com\\\/boutique\\\/#organization\"},\"potentialAction\":[{\"@type\":\"SearchAction\",\"target\":{\"@type\":\"EntryPoint\",\"urlTemplate\":\"https:\\\/\\\/www.vetorino.com\\\/boutique\\\/?s={search_term_string}\"},\"query-input\":{\"@type\":\"PropertyValueSpecification\",\"valueRequired\":true,\"valueName\":\"search_term_string\"}}],\"inLanguage\":\"fr-FR\"},{\"@type\":\"Organization\",\"@id\":\"https:\\\/\\\/www.vetorino.com\\\/boutique\\\/#organization\",\"name\":\"V\u00e9torino\",\"url\":\"https:\\\/\\\/www.vetorino.com\\\/boutique\\\/\",\"logo\":{\"@type\":\"ImageObject\",\"inLanguage\":\"fr-FR\",\"@id\":\"https:\\\/\\\/www.vetorino.com\\\/boutique\\\/#\\\/schema\\\/logo\\\/image\\\/\",\"url\":\"https:\\\/\\\/www.vetorino.com\\\/boutique\\\/wp-content\\\/uploads\\\/2024\\\/10\\\/logo.jpg\",\"contentUrl\":\"https:\\\/\\\/www.vetorino.com\\\/boutique\\\/wp-content\\\/uploads\\\/2024\\\/10\\\/logo.jpg\",\"width\":1200,\"height\":610,\"caption\":\"V\u00e9torino\"},\"image\":{\"@id\":\"https:\\\/\\\/www.vetorino.com\\\/boutique\\\/#\\\/schema\\\/logo\\\/image\\\/\"},\"sameAs\":[\"https:\\\/\\\/www.facebook.com\\\/Vetorino\\\/\",\"https:\\\/\\\/www.instagram.com\\\/vetorino_off\\\/\",\"https:\\\/\\\/www.linkedin.com\\\/company\\\/vtorino\\\/\"]}]}<\/script>\n<meta property=\"product:brand\" content=\"D\u00f4mes Pharma TVM\" \/>\n<meta property=\"product:price:amount\" content=\"61.15\" \/>\n<meta property=\"product:price:currency\" content=\"EUR\" \/>\n<meta property=\"og:availability\" content=\"out of stock\" \/>\n<meta property=\"product:availability\" content=\"out of stock\" \/>\n<meta property=\"product:retailer_item_id\" content=\"A-1852940\" \/>\n<meta property=\"product:condition\" content=\"new\" \/>\n<!-- \/ Yoast SEO plugin. -->","yoast_head_json":{"title":"Sativavet Active Medium 13% D\u00f4mes Pharma TVM - V\u00e9torino","description":"Sativavet Active Medium est un aliment compl\u00e9mentaire \u00e0 base d'huile de chanvre (dos\u00e9e \u00e0 13%) pour le bien-\u00eatre et l'\u00e9quilibre comportemental de l'animal.   Utilisation :   Chiens et chats","robots":{"index":"noindex","follow":"nofollow"},"og_locale":"fr_FR","og_type":"article","og_title":"Sativavet Active Medium 13% D\u00f4mes Pharma TVM - V\u00e9torino","og_description":"Sativavet Active Medium est un aliment compl\u00e9mentaire \u00e0 base d'huile de chanvre (dos\u00e9e \u00e0 13%) pour le bien-\u00eatre et l'\u00e9quilibre comportemental de l'animal.   Utilisation :   Chiens et chats","og_url":"https:\/\/www.vetorino.com\/veterinaire\/plouzevede-29440\/boutique\/product\/sativavet-active-medium-3\/","og_site_name":"V\u00e9torino","article_publisher":"https:\/\/www.facebook.com\/Vetorino\/","article_modified_time":"2024-05-02T10:29:57+00:00","og_image":[{"width":700,"height":700,"url":"https:\/\/www.vetorino.com\/boutique\/wp-content\/uploads\/2021\/04\/tvm_sativavet_active_medium_10_ml_-_vetorino.jpeg","type":"image\/jpeg"}],"twitter_card":"summary_large_image","twitter_misc":{"Prix":"61,15&euro;","Disponibilit\u00e9":"Rupture de stock"},"schema":{"@context":"https:\/\/schema.org","@graph":[{"@type":"WebPage","@id":"https:\/\/www.vetorino.com\/boutique\/product\/sativavet-active-medium-3\/","url":"https:\/\/www.vetorino.com\/boutique\/product\/sativavet-active-medium-3\/","name":"Sativavet Active Medium 13% D\u00f4mes Pharma TVM - V\u00e9torino","isPartOf":{"@id":"https:\/\/www.vetorino.com\/boutique\/#website"},"primaryImageOfPage":{"@id":"https:\/\/www.vetorino.com\/boutique\/product\/sativavet-active-medium-3\/#primaryimage"},"image":{"@id":"https:\/\/www.vetorino.com\/boutique\/product\/sativavet-active-medium-3\/#primaryimage"},"thumbnailUrl":"https:\/\/www.vetorino.com\/boutique\/wp-content\/uploads\/2021\/04\/tvm_sativavet_active_medium_10_ml_-_vetorino.jpeg","datePublished":"2021-04-02T16:16:00+00:00","dateModified":"2024-05-02T10:29:57+00:00","description":"Sativavet Active Medium est un aliment compl\u00e9mentaire \u00e0 base d'huile de chanvre (dos\u00e9e \u00e0 13%) pour le bien-\u00eatre et l'\u00e9quilibre comportemental de l'animal. Utilisation : Chiens et chats","breadcrumb":{"@id":"https:\/\/www.vetorino.com\/boutique\/product\/sativavet-active-medium-3\/#breadcrumb"},"inLanguage":"fr-FR","potentialAction":[{"@type":"ReadAction","target":["https:\/\/www.vetorino.com\/boutique\/product\/sativavet-active-medium-3\/"]}]},{"@type":"ImageObject","inLanguage":"fr-FR","@id":"https:\/\/www.vetorino.com\/boutique\/product\/sativavet-active-medium-3\/#primaryimage","url":"https:\/\/www.vetorino.com\/boutique\/wp-content\/uploads\/2021\/04\/tvm_sativavet_active_medium_10_ml_-_vetorino.jpeg","contentUrl":"https:\/\/www.vetorino.com\/boutique\/wp-content\/uploads\/2021\/04\/tvm_sativavet_active_medium_10_ml_-_vetorino.jpeg","width":700,"height":700},{"@type":"BreadcrumbList","@id":"https:\/\/www.vetorino.com\/boutique\/product\/sativavet-active-medium-3\/#breadcrumb","itemListElement":[{"@type":"ListItem","position":1,"name":"Accueil","item":"https:\/\/www.vetorino.com\/boutique\/"},{"@type":"ListItem","position":2,"name":"Produits","item":"https:\/\/www.vetorino.com\/boutique\/"},{"@type":"ListItem","position":3,"name":"Sativavet Active Medium 13%"}]},{"@type":"WebSite","@id":"https:\/\/www.vetorino.com\/boutique\/#website","url":"https:\/\/www.vetorino.com\/boutique\/","name":"V\u00e9torino","description":"","publisher":{"@id":"https:\/\/www.vetorino.com\/boutique\/#organization"},"potentialAction":[{"@type":"SearchAction","target":{"@type":"EntryPoint","urlTemplate":"https:\/\/www.vetorino.com\/boutique\/?s={search_term_string}"},"query-input":{"@type":"PropertyValueSpecification","valueRequired":true,"valueName":"search_term_string"}}],"inLanguage":"fr-FR"},{"@type":"Organization","@id":"https:\/\/www.vetorino.com\/boutique\/#organization","name":"V\u00e9torino","url":"https:\/\/www.vetorino.com\/boutique\/","logo":{"@type":"ImageObject","inLanguage":"fr-FR","@id":"https:\/\/www.vetorino.com\/boutique\/#\/schema\/logo\/image\/","url":"https:\/\/www.vetorino.com\/boutique\/wp-content\/uploads\/2024\/10\/logo.jpg","contentUrl":"https:\/\/www.vetorino.com\/boutique\/wp-content\/uploads\/2024\/10\/logo.jpg","width":1200,"height":610,"caption":"V\u00e9torino"},"image":{"@id":"https:\/\/www.vetorino.com\/boutique\/#\/schema\/logo\/image\/"},"sameAs":["https:\/\/www.facebook.com\/Vetorino\/","https:\/\/www.instagram.com\/vetorino_off\/","https:\/\/www.linkedin.com\/company\/vtorino\/"]}]},"product_brand":"D\u00f4mes Pharma TVM","product_price_amount":"61.15","product_price_currency":"EUR","og_availability":"out of stock","product_availability":"out of stock","product_retailer_item_id":"A-1852940","product_condition":"new"},"_links":{"self":[{"href":"https:\/\/www.vetorino.com\/veterinaire\/plouzevede-29440\/boutique\/wp-json\/wp\/v2\/product\/167050","targetHints":{"allow":["GET"]}}],"collection":[{"href":"https:\/\/www.vetorino.com\/veterinaire\/plouzevede-29440\/boutique\/wp-json\/wp\/v2\/product"}],"about":[{"href":"https:\/\/www.vetorino.com\/veterinaire\/plouzevede-29440\/boutique\/wp-json\/wp\/v2\/types\/product"}],"wp:featuredmedia":[{"embeddable":true,"href":"https:\/\/www.vetorino.com\/veterinaire\/plouzevede-29440\/boutique\/wp-json\/wp\/v2\/media\/167063"}],"wp:attachment":[{"href":"https:\/\/www.vetorino.com\/veterinaire\/plouzevede-29440\/boutique\/wp-json\/wp\/v2\/media?parent=167050"}],"wp:term":[{"taxonomy":"product_cat","embeddable":true,"href":"https:\/\/www.vetorino.com\/veterinaire\/plouzevede-29440\/boutique\/wp-json\/wp\/v2\/product_cat?post=167050"},{"taxonomy":"product_tag","embeddable":true,"href":"https:\/\/www.vetorino.com\/veterinaire\/plouzevede-29440\/boutique\/wp-json\/wp\/v2\/product_tag?post=167050"}],"curies":[{"name":"wp","href":"https:\/\/api.w.org\/{rel}","templated":true}]}}