{"id":1698162,"date":"2026-02-11T14:55:48","date_gmt":"2026-02-11T13:55:48","guid":{"rendered":"https:\/\/www.vetorino.com\/boutique\/product\/supra-rc-15\/"},"modified":"2026-02-16T17:42:11","modified_gmt":"2026-02-16T16:42:11","slug":"supra-rc-15","status":"publish","type":"product","link":"https:\/\/www.vetorino.com\/veterinaire\/plouzevede-29440\/boutique\/product\/supra-rc-15\/","title":{"rendered":"Supra RC-15"},"content":{"rendered":"<p><span style=\"color: #000000; font-family: Helvetica; font-size: medium;\">Formule concentr\u00e9e et \u00e9quilibr\u00e9e de 11 nutriments ; pr\u00e9sent\u00e9e sous format de chews (boulettes \u00e0 m\u00e2cher). <\/span><\/p>\n<p><span style=\"color: #000000; font-family: Helvetica; font-size: medium;\"><strong>Riche en fer, cuivre, vitamines B et vitamine K3,<\/strong> indispensables \u00e0 la synth\u00e8se des \u00e9rythrocytes et de l&#8217;h\u00e9moglobine. <\/span><\/p>\n<p><span style=\"color: #000000; font-family: Helvetica; font-size: medium;\">Contient de la <strong>vitamine C<\/strong> pour une meilleure absorption du fer. <\/span><\/p>\n<p><span style=\"color: #000000; font-family: Helvetica; font-size: medium;\">Contient de la <strong>vitamine E, B1 et B3<\/strong> pour aider \u00e0 stimuler l&#8217;app\u00e9tit et le m\u00e9tabolisme, avec une action antioxydante. <\/span><\/p>\n<p><span style=\"color: #000000; font-family: Helvetica; font-size: medium;\">Contient des niveaux mod\u00e9r\u00e9s de <strong>phosphore<\/strong> &#8211; convient aux animaux souffrant de maladies r\u00e9nales. <\/span><\/p>\n<p><em><span style=\"color: #000000; font-family: Helvetica; font-size: medium;\">Administrer une fois par jour ou divis\u00e9 en deux prises. 1 chew pour 15 kg.<\/span><\/em><\/p>\n<p><span style=\"color: #000000; font-family: Helvetica; font-size: medium;\">Bouch\u00e9es tr\u00e8s <strong>app\u00e9tentes<\/strong> qui facilitent la prise spontan\u00e9e quotidienne, respectant ainsi la relation avec l&#8217;animal et maximisant le respect de l&#8217;observance du traitement.<\/span><\/p>\n<p><strong>Demander conseil \u00e0 un v\u00e9t\u00e9rinaire avant utilisation.<\/strong><\/p>\n","protected":false},"excerpt":{"rendered":"<p><span style=\"color: #000000; font-family: Helvetica; font-size: medium;\"><strong>Aliment compl\u00e9mentaire<\/strong> pour chiens \u00e0 partir de 15kg, contenant des <strong>vitamines et min\u00e9raux<\/strong> en vue de favoriser la <strong>gestion des carences en fer, la perte d&#8217;app\u00e9tit et la r\u00e9cup\u00e9ration. <\/strong><\/span><\/p>\n<p><span style=\"color: #000000; font-family: Helvetica; font-size: medium;\">Formul\u00e9 en bouch\u00e9es tr\u00e8s <strong>app\u00e9tentes<\/strong>.<\/span><\/p>\n<p><strong>Demander conseil \u00e0 un v\u00e9t\u00e9rinaire avant utilisation.<\/strong><\/p>\n","protected":false},"featured_media":1705675,"template":"","meta":[],"product_cat":[2738,2698],"product_tag":[],"class_list":{"0":"post-1698162","1":"product","2":"type-product","3":"status-publish","4":"has-post-thumbnail","6":"product_cat-aliments-complementaires-pour-chien","7":"product_cat-chien","8":"pa_marque-vetnova","10":"first","11":"instock","12":"taxable","13":"shipping-taxable","14":"purchasable","15":"product-type-simple"},"yoast_head":"<!-- This site is optimized with the Yoast SEO plugin v27.3 - https:\/\/yoast.com\/product\/yoast-seo-wordpress\/ -->\n<title>Supra RC-15 Vetnova - V\u00e9torino<\/title>\n<meta name=\"description\" content=\"Aliment compl\u00e9mentaire pour chiens \u00e0 partir de 15kg, contenant des vitamines et min\u00e9raux en vue de favoriser la gestion des carences en fer, la perte d&#039;app\u00e9tit et la r\u00e9cup\u00e9ration.   Formul\u00e9 en bouch\u00e9es tr\u00e8s app\u00e9tentes.  Demander conseil \u00e0 un v\u00e9t\u00e9rinaire avant utilisation.\" \/>\n<meta name=\"robots\" content=\"noindex, nofollow\" \/>\n<meta property=\"og:locale\" content=\"fr_FR\" \/>\n<meta property=\"og:type\" content=\"article\" \/>\n<meta property=\"og:title\" content=\"Supra RC-15 Vetnova - V\u00e9torino\" \/>\n<meta property=\"og:description\" content=\"Aliment compl\u00e9mentaire pour chiens \u00e0 partir de 15kg, contenant des vitamines et min\u00e9raux en vue de favoriser la gestion des carences en fer, la perte d&#039;app\u00e9tit et la r\u00e9cup\u00e9ration.   Formul\u00e9 en bouch\u00e9es tr\u00e8s app\u00e9tentes.  Demander conseil \u00e0 un v\u00e9t\u00e9rinaire avant utilisation.\" \/>\n<meta property=\"og:url\" content=\"https:\/\/www.vetorino.com\/veterinaire\/plouzevede-29440\/boutique\/product\/supra-rc-15\/\" \/>\n<meta property=\"og:site_name\" content=\"V\u00e9torino\" \/>\n<meta property=\"article:publisher\" content=\"https:\/\/www.facebook.com\/Vetorino\/\" \/>\n<meta property=\"article:modified_time\" content=\"2026-02-16T16:42:11+00:00\" \/>\n<meta property=\"og:image\" content=\"https:\/\/www.vetorino.com\/boutique\/wp-content\/uploads\/2026\/02\/complement-nutritionnel-supra-rc-15-chien-chat.webp\" \/>\n\t<meta property=\"og:image:width\" content=\"458\" \/>\n\t<meta property=\"og:image:height\" content=\"458\" \/>\n\t<meta property=\"og:image:type\" content=\"image\/webp\" \/>\n<meta name=\"twitter:card\" content=\"summary_large_image\" \/>\n<meta name=\"twitter:label1\" content=\"Prix\" \/>\n\t<meta name=\"twitter:data1\" content=\"32,44&euro;\" \/>\n\t<meta name=\"twitter:label2\" content=\"Disponibilit\u00e9\" \/>\n\t<meta name=\"twitter:data2\" content=\"En stock\" \/>\n<script type=\"application\/ld+json\" class=\"yoast-schema-graph\">{\"@context\":\"https:\\\/\\\/schema.org\",\"@graph\":[{\"@type\":\"WebPage\",\"@id\":\"https:\\\/\\\/www.vetorino.com\\\/boutique\\\/product\\\/supra-rc-15\\\/\",\"url\":\"https:\\\/\\\/www.vetorino.com\\\/boutique\\\/product\\\/supra-rc-15\\\/\",\"name\":\"Supra RC-15 Vetnova - V\u00e9torino\",\"isPartOf\":{\"@id\":\"https:\\\/\\\/www.vetorino.com\\\/boutique\\\/#website\"},\"primaryImageOfPage\":{\"@id\":\"https:\\\/\\\/www.vetorino.com\\\/boutique\\\/product\\\/supra-rc-15\\\/#primaryimage\"},\"image\":{\"@id\":\"https:\\\/\\\/www.vetorino.com\\\/boutique\\\/product\\\/supra-rc-15\\\/#primaryimage\"},\"thumbnailUrl\":\"https:\\\/\\\/www.vetorino.com\\\/boutique\\\/wp-content\\\/uploads\\\/2026\\\/02\\\/complement-nutritionnel-supra-rc-15-chien-chat.webp\",\"datePublished\":\"2026-02-11T13:55:48+00:00\",\"dateModified\":\"2026-02-16T16:42:11+00:00\",\"description\":\"Aliment compl\u00e9mentaire pour chiens \u00e0 partir de 15kg, contenant des vitamines et min\u00e9raux en vue de favoriser la gestion des carences en fer, la perte d'app\u00e9tit et la r\u00e9cup\u00e9ration. Formul\u00e9 en bouch\u00e9es tr\u00e8s app\u00e9tentes. Demander conseil \u00e0 un v\u00e9t\u00e9rinaire avant utilisation.\",\"breadcrumb\":{\"@id\":\"https:\\\/\\\/www.vetorino.com\\\/boutique\\\/product\\\/supra-rc-15\\\/#breadcrumb\"},\"inLanguage\":\"fr-FR\",\"potentialAction\":[{\"@type\":\"ReadAction\",\"target\":[\"https:\\\/\\\/www.vetorino.com\\\/boutique\\\/product\\\/supra-rc-15\\\/\"]}]},{\"@type\":\"ImageObject\",\"inLanguage\":\"fr-FR\",\"@id\":\"https:\\\/\\\/www.vetorino.com\\\/boutique\\\/product\\\/supra-rc-15\\\/#primaryimage\",\"url\":\"https:\\\/\\\/www.vetorino.com\\\/boutique\\\/wp-content\\\/uploads\\\/2026\\\/02\\\/complement-nutritionnel-supra-rc-15-chien-chat.webp\",\"contentUrl\":\"https:\\\/\\\/www.vetorino.com\\\/boutique\\\/wp-content\\\/uploads\\\/2026\\\/02\\\/complement-nutritionnel-supra-rc-15-chien-chat.webp\",\"width\":458,\"height\":458},{\"@type\":\"BreadcrumbList\",\"@id\":\"https:\\\/\\\/www.vetorino.com\\\/boutique\\\/product\\\/supra-rc-15\\\/#breadcrumb\",\"itemListElement\":[{\"@type\":\"ListItem\",\"position\":1,\"name\":\"Accueil\",\"item\":\"https:\\\/\\\/www.vetorino.com\\\/boutique\\\/\"},{\"@type\":\"ListItem\",\"position\":2,\"name\":\"Produits\",\"item\":\"https:\\\/\\\/www.vetorino.com\\\/boutique\\\/\"},{\"@type\":\"ListItem\",\"position\":3,\"name\":\"Supra RC-15\"}]},{\"@type\":\"WebSite\",\"@id\":\"https:\\\/\\\/www.vetorino.com\\\/boutique\\\/#website\",\"url\":\"https:\\\/\\\/www.vetorino.com\\\/boutique\\\/\",\"name\":\"V\u00e9torino\",\"description\":\"\",\"publisher\":{\"@id\":\"https:\\\/\\\/www.vetorino.com\\\/boutique\\\/#organization\"},\"potentialAction\":[{\"@type\":\"SearchAction\",\"target\":{\"@type\":\"EntryPoint\",\"urlTemplate\":\"https:\\\/\\\/www.vetorino.com\\\/boutique\\\/?s={search_term_string}\"},\"query-input\":{\"@type\":\"PropertyValueSpecification\",\"valueRequired\":true,\"valueName\":\"search_term_string\"}}],\"inLanguage\":\"fr-FR\"},{\"@type\":\"Organization\",\"@id\":\"https:\\\/\\\/www.vetorino.com\\\/boutique\\\/#organization\",\"name\":\"V\u00e9torino\",\"url\":\"https:\\\/\\\/www.vetorino.com\\\/boutique\\\/\",\"logo\":{\"@type\":\"ImageObject\",\"inLanguage\":\"fr-FR\",\"@id\":\"https:\\\/\\\/www.vetorino.com\\\/boutique\\\/#\\\/schema\\\/logo\\\/image\\\/\",\"url\":\"https:\\\/\\\/www.vetorino.com\\\/boutique\\\/wp-content\\\/uploads\\\/2024\\\/10\\\/logo.jpg\",\"contentUrl\":\"https:\\\/\\\/www.vetorino.com\\\/boutique\\\/wp-content\\\/uploads\\\/2024\\\/10\\\/logo.jpg\",\"width\":1200,\"height\":610,\"caption\":\"V\u00e9torino\"},\"image\":{\"@id\":\"https:\\\/\\\/www.vetorino.com\\\/boutique\\\/#\\\/schema\\\/logo\\\/image\\\/\"},\"sameAs\":[\"https:\\\/\\\/www.facebook.com\\\/Vetorino\\\/\",\"https:\\\/\\\/www.instagram.com\\\/vetorino_off\\\/\",\"https:\\\/\\\/www.linkedin.com\\\/company\\\/vtorino\\\/\"]}]}<\/script>\n<meta property=\"product:brand\" content=\"Vetnova\" \/>\n<meta property=\"product:price:amount\" content=\"32.44\" \/>\n<meta property=\"product:price:currency\" content=\"EUR\" \/>\n<meta property=\"og:availability\" content=\"instock\" \/>\n<meta property=\"product:availability\" content=\"instock\" \/>\n<meta property=\"product:retailer_item_id\" content=\"A-1884680\" \/>\n<meta property=\"product:condition\" content=\"new\" \/>\n<!-- \/ Yoast SEO plugin. -->","yoast_head_json":{"title":"Supra RC-15 Vetnova - V\u00e9torino","description":"Aliment compl\u00e9mentaire pour chiens \u00e0 partir de 15kg, contenant des vitamines et min\u00e9raux en vue de favoriser la gestion des carences en fer, la perte d'app\u00e9tit et la r\u00e9cup\u00e9ration.   Formul\u00e9 en bouch\u00e9es tr\u00e8s app\u00e9tentes.  Demander conseil \u00e0 un v\u00e9t\u00e9rinaire avant utilisation.","robots":{"index":"noindex","follow":"nofollow"},"og_locale":"fr_FR","og_type":"article","og_title":"Supra RC-15 Vetnova - V\u00e9torino","og_description":"Aliment compl\u00e9mentaire pour chiens \u00e0 partir de 15kg, contenant des vitamines et min\u00e9raux en vue de favoriser la gestion des carences en fer, la perte d'app\u00e9tit et la r\u00e9cup\u00e9ration.   Formul\u00e9 en bouch\u00e9es tr\u00e8s app\u00e9tentes.  Demander conseil \u00e0 un v\u00e9t\u00e9rinaire avant utilisation.","og_url":"https:\/\/www.vetorino.com\/veterinaire\/plouzevede-29440\/boutique\/product\/supra-rc-15\/","og_site_name":"V\u00e9torino","article_publisher":"https:\/\/www.facebook.com\/Vetorino\/","article_modified_time":"2026-02-16T16:42:11+00:00","og_image":[{"width":458,"height":458,"url":"https:\/\/www.vetorino.com\/boutique\/wp-content\/uploads\/2026\/02\/complement-nutritionnel-supra-rc-15-chien-chat.webp","type":"image\/webp"}],"twitter_card":"summary_large_image","twitter_misc":{"Prix":"32,44&euro;","Disponibilit\u00e9":"En stock"},"schema":{"@context":"https:\/\/schema.org","@graph":[{"@type":"WebPage","@id":"https:\/\/www.vetorino.com\/boutique\/product\/supra-rc-15\/","url":"https:\/\/www.vetorino.com\/boutique\/product\/supra-rc-15\/","name":"Supra RC-15 Vetnova - V\u00e9torino","isPartOf":{"@id":"https:\/\/www.vetorino.com\/boutique\/#website"},"primaryImageOfPage":{"@id":"https:\/\/www.vetorino.com\/boutique\/product\/supra-rc-15\/#primaryimage"},"image":{"@id":"https:\/\/www.vetorino.com\/boutique\/product\/supra-rc-15\/#primaryimage"},"thumbnailUrl":"https:\/\/www.vetorino.com\/boutique\/wp-content\/uploads\/2026\/02\/complement-nutritionnel-supra-rc-15-chien-chat.webp","datePublished":"2026-02-11T13:55:48+00:00","dateModified":"2026-02-16T16:42:11+00:00","description":"Aliment compl\u00e9mentaire pour chiens \u00e0 partir de 15kg, contenant des vitamines et min\u00e9raux en vue de favoriser la gestion des carences en fer, la perte d'app\u00e9tit et la r\u00e9cup\u00e9ration. Formul\u00e9 en bouch\u00e9es tr\u00e8s app\u00e9tentes. Demander conseil \u00e0 un v\u00e9t\u00e9rinaire avant utilisation.","breadcrumb":{"@id":"https:\/\/www.vetorino.com\/boutique\/product\/supra-rc-15\/#breadcrumb"},"inLanguage":"fr-FR","potentialAction":[{"@type":"ReadAction","target":["https:\/\/www.vetorino.com\/boutique\/product\/supra-rc-15\/"]}]},{"@type":"ImageObject","inLanguage":"fr-FR","@id":"https:\/\/www.vetorino.com\/boutique\/product\/supra-rc-15\/#primaryimage","url":"https:\/\/www.vetorino.com\/boutique\/wp-content\/uploads\/2026\/02\/complement-nutritionnel-supra-rc-15-chien-chat.webp","contentUrl":"https:\/\/www.vetorino.com\/boutique\/wp-content\/uploads\/2026\/02\/complement-nutritionnel-supra-rc-15-chien-chat.webp","width":458,"height":458},{"@type":"BreadcrumbList","@id":"https:\/\/www.vetorino.com\/boutique\/product\/supra-rc-15\/#breadcrumb","itemListElement":[{"@type":"ListItem","position":1,"name":"Accueil","item":"https:\/\/www.vetorino.com\/boutique\/"},{"@type":"ListItem","position":2,"name":"Produits","item":"https:\/\/www.vetorino.com\/boutique\/"},{"@type":"ListItem","position":3,"name":"Supra RC-15"}]},{"@type":"WebSite","@id":"https:\/\/www.vetorino.com\/boutique\/#website","url":"https:\/\/www.vetorino.com\/boutique\/","name":"V\u00e9torino","description":"","publisher":{"@id":"https:\/\/www.vetorino.com\/boutique\/#organization"},"potentialAction":[{"@type":"SearchAction","target":{"@type":"EntryPoint","urlTemplate":"https:\/\/www.vetorino.com\/boutique\/?s={search_term_string}"},"query-input":{"@type":"PropertyValueSpecification","valueRequired":true,"valueName":"search_term_string"}}],"inLanguage":"fr-FR"},{"@type":"Organization","@id":"https:\/\/www.vetorino.com\/boutique\/#organization","name":"V\u00e9torino","url":"https:\/\/www.vetorino.com\/boutique\/","logo":{"@type":"ImageObject","inLanguage":"fr-FR","@id":"https:\/\/www.vetorino.com\/boutique\/#\/schema\/logo\/image\/","url":"https:\/\/www.vetorino.com\/boutique\/wp-content\/uploads\/2024\/10\/logo.jpg","contentUrl":"https:\/\/www.vetorino.com\/boutique\/wp-content\/uploads\/2024\/10\/logo.jpg","width":1200,"height":610,"caption":"V\u00e9torino"},"image":{"@id":"https:\/\/www.vetorino.com\/boutique\/#\/schema\/logo\/image\/"},"sameAs":["https:\/\/www.facebook.com\/Vetorino\/","https:\/\/www.instagram.com\/vetorino_off\/","https:\/\/www.linkedin.com\/company\/vtorino\/"]}]},"product_brand":"Vetnova","product_price_amount":"32.44","product_price_currency":"EUR","og_availability":"instock","product_availability":"instock","product_retailer_item_id":"A-1884680","product_condition":"new"},"_links":{"self":[{"href":"https:\/\/www.vetorino.com\/veterinaire\/plouzevede-29440\/boutique\/wp-json\/wp\/v2\/product\/1698162","targetHints":{"allow":["GET"]}}],"collection":[{"href":"https:\/\/www.vetorino.com\/veterinaire\/plouzevede-29440\/boutique\/wp-json\/wp\/v2\/product"}],"about":[{"href":"https:\/\/www.vetorino.com\/veterinaire\/plouzevede-29440\/boutique\/wp-json\/wp\/v2\/types\/product"}],"wp:featuredmedia":[{"embeddable":true,"href":"https:\/\/www.vetorino.com\/veterinaire\/plouzevede-29440\/boutique\/wp-json\/wp\/v2\/media\/1705675"}],"wp:attachment":[{"href":"https:\/\/www.vetorino.com\/veterinaire\/plouzevede-29440\/boutique\/wp-json\/wp\/v2\/media?parent=1698162"}],"wp:term":[{"taxonomy":"product_cat","embeddable":true,"href":"https:\/\/www.vetorino.com\/veterinaire\/plouzevede-29440\/boutique\/wp-json\/wp\/v2\/product_cat?post=1698162"},{"taxonomy":"product_tag","embeddable":true,"href":"https:\/\/www.vetorino.com\/veterinaire\/plouzevede-29440\/boutique\/wp-json\/wp\/v2\/product_tag?post=1698162"}],"curies":[{"name":"wp","href":"https:\/\/api.w.org\/{rel}","templated":true}]}}