{"id":1705413,"date":"2026-02-16T12:14:45","date_gmt":"2026-02-16T11:14:45","guid":{"rendered":"https:\/\/www.vetorino.com\/boutique\/product\/versikor-1250mg-chews-chien\/"},"modified":"2026-02-17T09:38:34","modified_gmt":"2026-02-17T08:38:34","slug":"versikor-1250mg-chews-chien","status":"publish","type":"product","link":"https:\/\/www.vetorino.com\/veterinaire\/plouzevede-29440\/boutique\/product\/versikor-1250mg-chews-chien\/","title":{"rendered":"Versikor 1250 Chews &#8211; chien"},"content":{"rendered":"<p>Versikor\u00ae est riche en PSP, un polysaccharopeptide extrait du myc\u00e9lium du\u00a0<em>Coriolus versicolor<\/em>.<\/p>\n<p>Le\u00a0<em>Coriolus versicolor<\/em>\u00a0est un champignon qui a \u00e9t\u00e9 largement \u00e9tudi\u00e9 en m\u00e9decine humaine et est particuli\u00e8rement utilis\u00e9 en Asie dans diverses approches traditionnelles et modernes en cas d\u2019affections affaiblissant l\u2019organisme.<\/p>\n<p>Gr\u00e2ce \u00e0 une \u00e9tude men\u00e9e sur le PSP en m\u00e9decine v\u00e9t\u00e9rinaire1, il a \u00e9t\u00e9 \u00e9tabli qu\u2019un apport de 100 mg\/ jour\/ kg de poids permet de soutenir la qualit\u00e9 de vie, le poids et l\u2019app\u00e9tit chez le chien et le chat.<\/p>\n<p>En 2016, Versikor\u00ae a \u00e9t\u00e9 d\u00e9velopp\u00e9 par des v\u00e9t\u00e9rinaires en s\u00e9lectionnant une souche sp\u00e9cifique du\u00a0<em>Coriolus versicolor<\/em>, connue sous le nom de COV-1, pour sa qualit\u00e9 et sa concentration en composants d&#8217;int\u00e9r\u00eat comme le PSP.<\/p>\n<p>Depuis, il est prescrit par plus de 2000 cliniques v\u00e9t\u00e9rinaires en France. De nombreux propri\u00e9taires t\u00e9moignent de leur satisfaction r\u00e9guli\u00e8rement.<\/p>\n<p><strong>Mode d&#8217;emploi :<\/strong><\/p>\n<p>Voie orale. L&#8217;excellente app\u00e9tence du produit permet g\u00e9n\u00e9ralement une prise spontan\u00e9e par l&#8217;animal. Proposez en tant que friandise ou ajoutez \u00e0 la ration.<\/p>\n<p><strong>Quantit\u00e9 indicative par jour : <\/strong>100mg\/kg\/j<br \/>\nPolysaccharopeptide (PSP) issu du myc\u00e9lium du<em>\u00a0Coriolus versicolor<\/em>\u00a0(souche cov-1) :\u00a0 1250 mg par bouch\u00e9e<\/p>\n<p><strong>Poids du chien<\/strong> :<\/p>\n<ul>\n<li style=\"list-style-type: none;\">\n<ul>\n<li><em>\u00a00 &#8211; 6,25 kg : 0,5 bouch\u00e9e<\/em><\/li>\n<li><em>6,25 &#8211; 12,5 kg : 1 bouch\u00e9e<\/em><\/li>\n<li><em>12,5 &#8211; 18,75 kg : 1,5 bouch\u00e9es<\/em><\/li>\n<li><em>18,75 &#8211; 25 kg : 2 bouch\u00e9es<\/em><\/li>\n<li><em>25 &#8211; 31,25 kg : 2,5 bouch\u00e9es<\/em><\/li>\n<li><em>31,25 &#8211; 37,5 kg : 3 bouch\u00e9es<\/em><\/li>\n<li><em>37,5 &#8211; 43,75 kg : 3,5 bouch\u00e9es<\/em><\/li>\n<li><em>43,75 &#8211; 50 kg : 4 bouch\u00e9es<\/em><\/li>\n<li><em>50 &#8211; 56,25 kg : 4,5 bouch\u00e9es<\/em><\/li>\n<li><em>56,25 &#8211; 62,5 kg : 5 bouch\u00e9es<\/em><\/li>\n<\/ul>\n<\/li>\n<\/ul>\n","protected":false},"excerpt":{"rendered":"<p>Versikor\u00ae 1250 chews pour chien est un <strong>aliment compl\u00e9mentaire<\/strong> <strong>app\u00e9tent<\/strong> qui <strong>soutient la<\/strong> <strong>qualit\u00e9 de vie, du poids et de l&#8217;app\u00e9tit du chien.<\/strong><\/p>\n<p><strong>Demander conseil \u00e0 votre v\u00e9t\u00e9rinaire avant utilisation.<\/strong><\/p>\n","protected":false},"featured_media":1705422,"template":"","meta":[],"product_cat":[2698],"product_tag":[],"class_list":{"0":"post-1705413","1":"product","2":"type-product","3":"status-publish","4":"has-post-thumbnail","6":"product_cat-chien","7":"pa_marque-osalia","9":"first","10":"instock","11":"taxable","12":"shipping-taxable","13":"purchasable","14":"product-type-simple"},"yoast_head":"<!-- This site is optimized with the Yoast SEO plugin v27.3 - https:\/\/yoast.com\/product\/yoast-seo-wordpress\/ -->\n<title>Versikor 1250 Chews - chien Osalia - V\u00e9torino<\/title>\n<meta name=\"description\" content=\"Versikor\u00ae 1250 chews pour chien est un aliment compl\u00e9mentaire app\u00e9tent qui soutient la qualit\u00e9 de vie, du poids et de l&#039;app\u00e9tit du chien.  Demander conseil \u00e0 votre v\u00e9t\u00e9rinaire avant utilisation.\" \/>\n<meta name=\"robots\" content=\"noindex, nofollow\" \/>\n<meta property=\"og:locale\" content=\"fr_FR\" \/>\n<meta property=\"og:type\" content=\"article\" \/>\n<meta property=\"og:title\" content=\"Versikor 1250 Chews - chien Osalia - V\u00e9torino\" \/>\n<meta property=\"og:description\" content=\"Versikor\u00ae 1250 chews pour chien est un aliment compl\u00e9mentaire app\u00e9tent qui soutient la qualit\u00e9 de vie, du poids et de l&#039;app\u00e9tit du chien.  Demander conseil \u00e0 votre v\u00e9t\u00e9rinaire avant utilisation.\" \/>\n<meta property=\"og:url\" content=\"https:\/\/www.vetorino.com\/veterinaire\/plouzevede-29440\/boutique\/product\/versikor-1250mg-chews-chien\/\" \/>\n<meta property=\"og:site_name\" content=\"V\u00e9torino\" \/>\n<meta property=\"article:publisher\" content=\"https:\/\/www.facebook.com\/Vetorino\/\" \/>\n<meta property=\"article:modified_time\" content=\"2026-02-17T08:38:34+00:00\" \/>\n<meta property=\"og:image\" content=\"https:\/\/www.vetorino.com\/boutique\/wp-content\/uploads\/2026\/02\/versikor-500-chew.webp\" \/>\n\t<meta property=\"og:image:width\" content=\"800\" \/>\n\t<meta property=\"og:image:height\" content=\"800\" \/>\n\t<meta property=\"og:image:type\" content=\"image\/webp\" \/>\n<meta name=\"twitter:card\" content=\"summary_large_image\" \/>\n<meta name=\"twitter:label1\" content=\"Prix\" \/>\n\t<meta name=\"twitter:data1\" content=\"72,44&euro;\" \/>\n\t<meta name=\"twitter:label2\" content=\"Disponibilit\u00e9\" \/>\n\t<meta name=\"twitter:data2\" content=\"En stock\" \/>\n<script type=\"application\/ld+json\" class=\"yoast-schema-graph\">{\"@context\":\"https:\\\/\\\/schema.org\",\"@graph\":[{\"@type\":\"WebPage\",\"@id\":\"https:\\\/\\\/www.vetorino.com\\\/boutique\\\/product\\\/versikor-1250mg-chews-chien\\\/\",\"url\":\"https:\\\/\\\/www.vetorino.com\\\/boutique\\\/product\\\/versikor-1250mg-chews-chien\\\/\",\"name\":\"Versikor 1250 Chews - chien Osalia - V\u00e9torino\",\"isPartOf\":{\"@id\":\"https:\\\/\\\/www.vetorino.com\\\/boutique\\\/#website\"},\"primaryImageOfPage\":{\"@id\":\"https:\\\/\\\/www.vetorino.com\\\/boutique\\\/product\\\/versikor-1250mg-chews-chien\\\/#primaryimage\"},\"image\":{\"@id\":\"https:\\\/\\\/www.vetorino.com\\\/boutique\\\/product\\\/versikor-1250mg-chews-chien\\\/#primaryimage\"},\"thumbnailUrl\":\"https:\\\/\\\/www.vetorino.com\\\/boutique\\\/wp-content\\\/uploads\\\/2026\\\/02\\\/versikor-500-chew.webp\",\"datePublished\":\"2026-02-16T11:14:45+00:00\",\"dateModified\":\"2026-02-17T08:38:34+00:00\",\"description\":\"Versikor\u00ae 1250 chews pour chien est un aliment compl\u00e9mentaire app\u00e9tent qui soutient la qualit\u00e9 de vie, du poids et de l'app\u00e9tit du chien. Demander conseil \u00e0 votre v\u00e9t\u00e9rinaire avant utilisation.\",\"breadcrumb\":{\"@id\":\"https:\\\/\\\/www.vetorino.com\\\/boutique\\\/product\\\/versikor-1250mg-chews-chien\\\/#breadcrumb\"},\"inLanguage\":\"fr-FR\",\"potentialAction\":[{\"@type\":\"ReadAction\",\"target\":[\"https:\\\/\\\/www.vetorino.com\\\/boutique\\\/product\\\/versikor-1250mg-chews-chien\\\/\"]}]},{\"@type\":\"ImageObject\",\"inLanguage\":\"fr-FR\",\"@id\":\"https:\\\/\\\/www.vetorino.com\\\/boutique\\\/product\\\/versikor-1250mg-chews-chien\\\/#primaryimage\",\"url\":\"https:\\\/\\\/www.vetorino.com\\\/boutique\\\/wp-content\\\/uploads\\\/2026\\\/02\\\/versikor-500-chew.webp\",\"contentUrl\":\"https:\\\/\\\/www.vetorino.com\\\/boutique\\\/wp-content\\\/uploads\\\/2026\\\/02\\\/versikor-500-chew.webp\",\"width\":800,\"height\":800},{\"@type\":\"BreadcrumbList\",\"@id\":\"https:\\\/\\\/www.vetorino.com\\\/boutique\\\/product\\\/versikor-1250mg-chews-chien\\\/#breadcrumb\",\"itemListElement\":[{\"@type\":\"ListItem\",\"position\":1,\"name\":\"Accueil\",\"item\":\"https:\\\/\\\/www.vetorino.com\\\/boutique\\\/\"},{\"@type\":\"ListItem\",\"position\":2,\"name\":\"Produits\",\"item\":\"https:\\\/\\\/www.vetorino.com\\\/boutique\\\/\"},{\"@type\":\"ListItem\",\"position\":3,\"name\":\"Versikor 1250 Chews &#8211; chien\"}]},{\"@type\":\"WebSite\",\"@id\":\"https:\\\/\\\/www.vetorino.com\\\/boutique\\\/#website\",\"url\":\"https:\\\/\\\/www.vetorino.com\\\/boutique\\\/\",\"name\":\"V\u00e9torino\",\"description\":\"\",\"publisher\":{\"@id\":\"https:\\\/\\\/www.vetorino.com\\\/boutique\\\/#organization\"},\"potentialAction\":[{\"@type\":\"SearchAction\",\"target\":{\"@type\":\"EntryPoint\",\"urlTemplate\":\"https:\\\/\\\/www.vetorino.com\\\/boutique\\\/?s={search_term_string}\"},\"query-input\":{\"@type\":\"PropertyValueSpecification\",\"valueRequired\":true,\"valueName\":\"search_term_string\"}}],\"inLanguage\":\"fr-FR\"},{\"@type\":\"Organization\",\"@id\":\"https:\\\/\\\/www.vetorino.com\\\/boutique\\\/#organization\",\"name\":\"V\u00e9torino\",\"url\":\"https:\\\/\\\/www.vetorino.com\\\/boutique\\\/\",\"logo\":{\"@type\":\"ImageObject\",\"inLanguage\":\"fr-FR\",\"@id\":\"https:\\\/\\\/www.vetorino.com\\\/boutique\\\/#\\\/schema\\\/logo\\\/image\\\/\",\"url\":\"https:\\\/\\\/www.vetorino.com\\\/boutique\\\/wp-content\\\/uploads\\\/2024\\\/10\\\/logo.jpg\",\"contentUrl\":\"https:\\\/\\\/www.vetorino.com\\\/boutique\\\/wp-content\\\/uploads\\\/2024\\\/10\\\/logo.jpg\",\"width\":1200,\"height\":610,\"caption\":\"V\u00e9torino\"},\"image\":{\"@id\":\"https:\\\/\\\/www.vetorino.com\\\/boutique\\\/#\\\/schema\\\/logo\\\/image\\\/\"},\"sameAs\":[\"https:\\\/\\\/www.facebook.com\\\/Vetorino\\\/\",\"https:\\\/\\\/www.instagram.com\\\/vetorino_off\\\/\",\"https:\\\/\\\/www.linkedin.com\\\/company\\\/vtorino\\\/\"]}]}<\/script>\n<meta property=\"product:brand\" content=\"Osalia\" \/>\n<meta property=\"product:price:amount\" content=\"72.44\" \/>\n<meta property=\"product:price:currency\" content=\"EUR\" \/>\n<meta property=\"og:availability\" content=\"instock\" \/>\n<meta property=\"product:availability\" content=\"instock\" \/>\n<meta property=\"product:retailer_item_id\" content=\"A-1888710\" \/>\n<meta property=\"product:condition\" content=\"new\" \/>\n<!-- \/ Yoast SEO plugin. -->","yoast_head_json":{"title":"Versikor 1250 Chews - chien Osalia - V\u00e9torino","description":"Versikor\u00ae 1250 chews pour chien est un aliment compl\u00e9mentaire app\u00e9tent qui soutient la qualit\u00e9 de vie, du poids et de l'app\u00e9tit du chien.  Demander conseil \u00e0 votre v\u00e9t\u00e9rinaire avant utilisation.","robots":{"index":"noindex","follow":"nofollow"},"og_locale":"fr_FR","og_type":"article","og_title":"Versikor 1250 Chews - chien Osalia - V\u00e9torino","og_description":"Versikor\u00ae 1250 chews pour chien est un aliment compl\u00e9mentaire app\u00e9tent qui soutient la qualit\u00e9 de vie, du poids et de l'app\u00e9tit du chien.  Demander conseil \u00e0 votre v\u00e9t\u00e9rinaire avant utilisation.","og_url":"https:\/\/www.vetorino.com\/veterinaire\/plouzevede-29440\/boutique\/product\/versikor-1250mg-chews-chien\/","og_site_name":"V\u00e9torino","article_publisher":"https:\/\/www.facebook.com\/Vetorino\/","article_modified_time":"2026-02-17T08:38:34+00:00","og_image":[{"width":800,"height":800,"url":"https:\/\/www.vetorino.com\/boutique\/wp-content\/uploads\/2026\/02\/versikor-500-chew.webp","type":"image\/webp"}],"twitter_card":"summary_large_image","twitter_misc":{"Prix":"72,44&euro;","Disponibilit\u00e9":"En stock"},"schema":{"@context":"https:\/\/schema.org","@graph":[{"@type":"WebPage","@id":"https:\/\/www.vetorino.com\/boutique\/product\/versikor-1250mg-chews-chien\/","url":"https:\/\/www.vetorino.com\/boutique\/product\/versikor-1250mg-chews-chien\/","name":"Versikor 1250 Chews - chien Osalia - V\u00e9torino","isPartOf":{"@id":"https:\/\/www.vetorino.com\/boutique\/#website"},"primaryImageOfPage":{"@id":"https:\/\/www.vetorino.com\/boutique\/product\/versikor-1250mg-chews-chien\/#primaryimage"},"image":{"@id":"https:\/\/www.vetorino.com\/boutique\/product\/versikor-1250mg-chews-chien\/#primaryimage"},"thumbnailUrl":"https:\/\/www.vetorino.com\/boutique\/wp-content\/uploads\/2026\/02\/versikor-500-chew.webp","datePublished":"2026-02-16T11:14:45+00:00","dateModified":"2026-02-17T08:38:34+00:00","description":"Versikor\u00ae 1250 chews pour chien est un aliment compl\u00e9mentaire app\u00e9tent qui soutient la qualit\u00e9 de vie, du poids et de l'app\u00e9tit du chien. Demander conseil \u00e0 votre v\u00e9t\u00e9rinaire avant utilisation.","breadcrumb":{"@id":"https:\/\/www.vetorino.com\/boutique\/product\/versikor-1250mg-chews-chien\/#breadcrumb"},"inLanguage":"fr-FR","potentialAction":[{"@type":"ReadAction","target":["https:\/\/www.vetorino.com\/boutique\/product\/versikor-1250mg-chews-chien\/"]}]},{"@type":"ImageObject","inLanguage":"fr-FR","@id":"https:\/\/www.vetorino.com\/boutique\/product\/versikor-1250mg-chews-chien\/#primaryimage","url":"https:\/\/www.vetorino.com\/boutique\/wp-content\/uploads\/2026\/02\/versikor-500-chew.webp","contentUrl":"https:\/\/www.vetorino.com\/boutique\/wp-content\/uploads\/2026\/02\/versikor-500-chew.webp","width":800,"height":800},{"@type":"BreadcrumbList","@id":"https:\/\/www.vetorino.com\/boutique\/product\/versikor-1250mg-chews-chien\/#breadcrumb","itemListElement":[{"@type":"ListItem","position":1,"name":"Accueil","item":"https:\/\/www.vetorino.com\/boutique\/"},{"@type":"ListItem","position":2,"name":"Produits","item":"https:\/\/www.vetorino.com\/boutique\/"},{"@type":"ListItem","position":3,"name":"Versikor 1250 Chews &#8211; chien"}]},{"@type":"WebSite","@id":"https:\/\/www.vetorino.com\/boutique\/#website","url":"https:\/\/www.vetorino.com\/boutique\/","name":"V\u00e9torino","description":"","publisher":{"@id":"https:\/\/www.vetorino.com\/boutique\/#organization"},"potentialAction":[{"@type":"SearchAction","target":{"@type":"EntryPoint","urlTemplate":"https:\/\/www.vetorino.com\/boutique\/?s={search_term_string}"},"query-input":{"@type":"PropertyValueSpecification","valueRequired":true,"valueName":"search_term_string"}}],"inLanguage":"fr-FR"},{"@type":"Organization","@id":"https:\/\/www.vetorino.com\/boutique\/#organization","name":"V\u00e9torino","url":"https:\/\/www.vetorino.com\/boutique\/","logo":{"@type":"ImageObject","inLanguage":"fr-FR","@id":"https:\/\/www.vetorino.com\/boutique\/#\/schema\/logo\/image\/","url":"https:\/\/www.vetorino.com\/boutique\/wp-content\/uploads\/2024\/10\/logo.jpg","contentUrl":"https:\/\/www.vetorino.com\/boutique\/wp-content\/uploads\/2024\/10\/logo.jpg","width":1200,"height":610,"caption":"V\u00e9torino"},"image":{"@id":"https:\/\/www.vetorino.com\/boutique\/#\/schema\/logo\/image\/"},"sameAs":["https:\/\/www.facebook.com\/Vetorino\/","https:\/\/www.instagram.com\/vetorino_off\/","https:\/\/www.linkedin.com\/company\/vtorino\/"]}]},"product_brand":"Osalia","product_price_amount":"72.44","product_price_currency":"EUR","og_availability":"instock","product_availability":"instock","product_retailer_item_id":"A-1888710","product_condition":"new"},"_links":{"self":[{"href":"https:\/\/www.vetorino.com\/veterinaire\/plouzevede-29440\/boutique\/wp-json\/wp\/v2\/product\/1705413","targetHints":{"allow":["GET"]}}],"collection":[{"href":"https:\/\/www.vetorino.com\/veterinaire\/plouzevede-29440\/boutique\/wp-json\/wp\/v2\/product"}],"about":[{"href":"https:\/\/www.vetorino.com\/veterinaire\/plouzevede-29440\/boutique\/wp-json\/wp\/v2\/types\/product"}],"wp:featuredmedia":[{"embeddable":true,"href":"https:\/\/www.vetorino.com\/veterinaire\/plouzevede-29440\/boutique\/wp-json\/wp\/v2\/media\/1705422"}],"wp:attachment":[{"href":"https:\/\/www.vetorino.com\/veterinaire\/plouzevede-29440\/boutique\/wp-json\/wp\/v2\/media?parent=1705413"}],"wp:term":[{"taxonomy":"product_cat","embeddable":true,"href":"https:\/\/www.vetorino.com\/veterinaire\/plouzevede-29440\/boutique\/wp-json\/wp\/v2\/product_cat?post=1705413"},{"taxonomy":"product_tag","embeddable":true,"href":"https:\/\/www.vetorino.com\/veterinaire\/plouzevede-29440\/boutique\/wp-json\/wp\/v2\/product_tag?post=1705413"}],"curies":[{"name":"wp","href":"https:\/\/api.w.org\/{rel}","templated":true}]}}