{"id":1711026,"date":"2026-02-20T05:35:03","date_gmt":"2026-02-20T04:35:03","guid":{"rendered":"https:\/\/www.vetorino.com\/boutique\/product\/dog-glycobalance-small-dog\/"},"modified":"2026-03-02T12:17:34","modified_gmt":"2026-03-02T11:17:34","slug":"dog-glycobalance-small-dog","status":"publish","type":"product","link":"https:\/\/www.vetorino.com\/veterinaire\/plouzevede-29440\/boutique\/product\/dog-glycobalance-small-dog\/","title":{"rendered":"Glycobalance Small Dog &#8211; chien"},"content":{"rendered":"<p>Les aliments di\u00e9t\u00e9tiques ROYAL CANIN\u00ae ont \u00e9t\u00e9 con\u00e7us en se basant sur des<strong> connaissances nutritionnelles prouv\u00e9es et en partenariat avec des v\u00e9t\u00e9rinaires<\/strong>, afin d\u2019offrir une<strong> nutrition adapt\u00e9e qui r\u00e9pond aux besoins sp\u00e9cifiques<\/strong> de votre animal de compagnie.<\/p>\n<p>ROYAL CANIN\u00ae Glycobalance Small Dogs est un aliment di\u00e9t\u00e9tique complet <strong>pour chiens adultes de petite taille. <\/strong><\/p>\n<p>Ces croquettes ont \u00e9t\u00e9 sp\u00e9cialement con\u00e7ues pour <strong>soutenir la r\u00e9gulation de l\u2019apport en glucose<\/strong> (diab\u00e8te sucr\u00e9).<\/p>\n<p><strong>Glucomodulation<\/strong> :<\/p>\n<p>ROYAL CANIN\u00ae Glycobalance Small Dogs a \u00e9t\u00e9 con\u00e7u pour aider \u00e0 <strong>contr\u00f4ler l\u2019hyperglyc\u00e9mie postprandiale chez les chiens diab\u00e9tiques.<\/strong><\/p>\n<p>Aide \u00e0 <strong>soutenir les sensibilit\u00e9s digestives<\/strong>, <strong>dentaires<\/strong> et <strong>urinaires<\/strong> des chiens de petite taille :<\/p>\n<p>ROYAL CANIN\u00ae Glycobalance Small Dogs a \u00e9t\u00e9 con\u00e7u pour soutenir les sensibilit\u00e9s digestives, dentaires et urinaires couramment observ\u00e9es chez les chiens de petite taille.<\/p>\n<p><strong>Prise alimentaire :<\/strong><\/p>\n<p>ROYAL CANIN\u00ae Glycobalance Small Dogs a \u00e9t\u00e9 con\u00e7u avec une <strong>haute app\u00e9tence<\/strong> pour une bonne prise alimentaire lors des repas.<\/p>\n<p><strong>Une taille de croquettes adapt\u00e9e aux petites m\u00e2choires :<\/strong><\/p>\n<p>Les croquettes ROYAL CANIN\u00ae Glycobalance Small Dogs ont \u00e9t\u00e9 sp\u00e9cialement con\u00e7ues <strong>pour les petites m\u00e2choires des chiens de petite taille.<\/strong><\/p>\n<p><strong>Une nutrition adapt\u00e9e bas\u00e9e sur la science :<\/strong><\/p>\n<p>ROYAL CANIN\u00ae Glycobalance Small Dogs a \u00e9t\u00e9 con\u00e7u avec une<strong> teneur r\u00e9duite en glucides digestibles<\/strong>, un<strong>e teneur \u00e9lev\u00e9e en prot\u00e9ine<\/strong>s pour aider \u00e0 maintenir la masse musculaire et une teneur mod\u00e9r\u00e9e en mati\u00e8res grasses pour aider \u00e0 maintenir un <strong>poids id\u00e9al<\/strong>.<\/p>\n<p>Cette approche nutritionnelle bas\u00e9e sur la science aide \u00e0 contr\u00f4ler le diab\u00e8te chez les chiens de petite taille.<\/p>\n<p><strong>\u00c0 noter :<\/strong><\/p>\n<p>Cet aliment faisant partie de la gamme ROYAL CANIN\u00ae Veterinary Health Nutrition, il est recommand\u00e9 de demander l\u2019avis d\u2019un v\u00e9t\u00e9rinaire avant de l\u2019utiliser.<\/p>\n<p><strong>Demander conseil \u00e0 un v\u00e9t\u00e9rinaire avant utilisation.<\/strong><\/p>\n","protected":false},"excerpt":{"rendered":"<p>Aliment di\u00e9t\u00e9tique complet pour chiens adultes de petite taille.<\/p>\n<p><strong>Utilisation :\u00a0<\/strong><\/p>\n<ul>\n<li>Soutenir la r\u00e9gulation de l\u2019apport en glucose (diab\u00e8te sucr\u00e9).<\/li>\n<li>Aider \u00e0 contr\u00f4ler l\u2019hyperglyc\u00e9mie postprandiale chez les chiens diab\u00e9tiques.<\/li>\n<li>Soutenir les sensibilit\u00e9s digestives, dentaires et urinaires couramment observ\u00e9es chez les chiens de petite taille.<\/li>\n<li>Haute app\u00e9tence pour une bonne prise alimentaire lors des repas.<\/li>\n<\/ul>\n<p><strong>Demander conseil \u00e0 un v\u00e9t\u00e9rinaire avant utilisation.<\/strong><\/p>\n","protected":false},"featured_media":1720639,"template":"","meta":[],"product_cat":[2698],"product_tag":[],"class_list":{"0":"post-1711026","1":"product","2":"type-product","3":"status-publish","4":"has-post-thumbnail","6":"product_cat-chien","7":"pa_marque-royal-canin","9":"first","10":"instock","11":"taxable","12":"shipping-taxable","13":"purchasable","14":"product-type-variable"},"yoast_head":"<!-- This site is optimized with the Yoast SEO plugin v27.3 - https:\/\/yoast.com\/product\/yoast-seo-wordpress\/ -->\n<title>Veterinary Health Nutrition (Royal Canin) Glycobalance Small Dog - chien Royal Canin - V\u00e9torino<\/title>\n<meta name=\"description\" content=\"Aliment di\u00e9t\u00e9tique complet pour chiens adultes de petite taille.  Utilisation :\u00a0   Soutenir la r\u00e9gulation de l\u2019apport en glucose (diab\u00e8te sucr\u00e9).  Aider \u00e0 contr\u00f4ler l\u2019hyperglyc\u00e9mie postprandiale chez les chiens diab\u00e9tiques.  Soutenir les sensibilit\u00e9s digestives, dentaires et urinaires couramment observ\u00e9es chez les chiens de petite taille.  Haute app\u00e9tence pour une bonne prise alimentaire lors des repas.  Demander conseil \u00e0 un v\u00e9t\u00e9rinaire avant utilisation.\" \/>\n<meta name=\"robots\" content=\"noindex, nofollow\" \/>\n<meta property=\"og:locale\" content=\"fr_FR\" \/>\n<meta property=\"og:type\" content=\"article\" \/>\n<meta property=\"og:title\" content=\"Veterinary Health Nutrition (Royal Canin) Glycobalance Small Dog - chien Royal Canin - V\u00e9torino\" \/>\n<meta property=\"og:description\" content=\"Aliment di\u00e9t\u00e9tique complet pour chiens adultes de petite taille.  Utilisation :\u00a0   Soutenir la r\u00e9gulation de l\u2019apport en glucose (diab\u00e8te sucr\u00e9).  Aider \u00e0 contr\u00f4ler l\u2019hyperglyc\u00e9mie postprandiale chez les chiens diab\u00e9tiques.  Soutenir les sensibilit\u00e9s digestives, dentaires et urinaires couramment observ\u00e9es chez les chiens de petite taille.  Haute app\u00e9tence pour une bonne prise alimentaire lors des repas.  Demander conseil \u00e0 un v\u00e9t\u00e9rinaire avant utilisation.\" \/>\n<meta property=\"og:url\" content=\"https:\/\/www.vetorino.com\/veterinaire\/plouzevede-29440\/boutique\/product\/dog-glycobalance-small-dog\/\" \/>\n<meta property=\"og:site_name\" content=\"V\u00e9torino\" \/>\n<meta property=\"article:publisher\" content=\"https:\/\/www.facebook.com\/Vetorino\/\" \/>\n<meta property=\"article:modified_time\" content=\"2026-03-02T11:17:34+00:00\" \/>\n<meta property=\"og:image\" content=\"https:\/\/www.vetorino.com\/boutique\/wp-content\/uploads\/2026\/02\/RC-VHN-GlycobalanceSmallDogDry-MV-1-fr_FR.pdf.jpeg\" \/>\n\t<meta property=\"og:image:width\" content=\"900\" \/>\n\t<meta property=\"og:image:height\" content=\"900\" \/>\n\t<meta property=\"og:image:type\" content=\"image\/jpeg\" \/>\n<meta name=\"twitter:card\" content=\"summary_large_image\" \/>\n<meta name=\"twitter:label1\" content=\"Disponibilit\u00e9\" \/>\n\t<meta name=\"twitter:data1\" content=\"En stock\" \/>\n<script type=\"application\/ld+json\" class=\"yoast-schema-graph\">{\"@context\":\"https:\\\/\\\/schema.org\",\"@graph\":[{\"@type\":\"WebPage\",\"@id\":\"https:\\\/\\\/www.vetorino.com\\\/veterinaire\\\/briancon-05100\\\/boutique\\\/product\\\/dog-glycobalance-small-dog\\\/\",\"url\":\"https:\\\/\\\/www.vetorino.com\\\/veterinaire\\\/briancon-05100\\\/boutique\\\/product\\\/dog-glycobalance-small-dog\\\/\",\"name\":\"Veterinary Health Nutrition (Royal Canin) Glycobalance Small Dog - chien Royal Canin - V\u00e9torino\",\"isPartOf\":{\"@id\":\"https:\\\/\\\/www.vetorino.com\\\/boutique\\\/#website\"},\"primaryImageOfPage\":{\"@id\":\"https:\\\/\\\/www.vetorino.com\\\/veterinaire\\\/briancon-05100\\\/boutique\\\/product\\\/dog-glycobalance-small-dog\\\/#primaryimage\"},\"image\":{\"@id\":\"https:\\\/\\\/www.vetorino.com\\\/veterinaire\\\/briancon-05100\\\/boutique\\\/product\\\/dog-glycobalance-small-dog\\\/#primaryimage\"},\"thumbnailUrl\":\"https:\\\/\\\/www.vetorino.com\\\/boutique\\\/wp-content\\\/uploads\\\/2026\\\/02\\\/RC-VHN-GlycobalanceSmallDogDry-MV-1-fr_FR.pdf.jpeg\",\"datePublished\":\"2026-02-20T04:35:03+00:00\",\"dateModified\":\"2026-03-02T11:17:34+00:00\",\"description\":\"Aliment di\u00e9t\u00e9tique complet pour chiens adultes de petite taille. Utilisation :\u00a0 Soutenir la r\u00e9gulation de l\u2019apport en glucose (diab\u00e8te sucr\u00e9). Aider \u00e0 contr\u00f4ler l\u2019hyperglyc\u00e9mie postprandiale chez les chiens diab\u00e9tiques. Soutenir les sensibilit\u00e9s digestives, dentaires et urinaires couramment observ\u00e9es chez les chiens de petite taille. Haute app\u00e9tence pour une bonne prise alimentaire lors des repas. Demander conseil \u00e0 un v\u00e9t\u00e9rinaire avant utilisation.\",\"breadcrumb\":{\"@id\":\"https:\\\/\\\/www.vetorino.com\\\/veterinaire\\\/briancon-05100\\\/boutique\\\/product\\\/dog-glycobalance-small-dog\\\/#breadcrumb\"},\"inLanguage\":\"fr-FR\",\"potentialAction\":[{\"@type\":\"ReadAction\",\"target\":[\"https:\\\/\\\/www.vetorino.com\\\/veterinaire\\\/briancon-05100\\\/boutique\\\/product\\\/dog-glycobalance-small-dog\\\/\"]}]},{\"@type\":\"ImageObject\",\"inLanguage\":\"fr-FR\",\"@id\":\"https:\\\/\\\/www.vetorino.com\\\/veterinaire\\\/briancon-05100\\\/boutique\\\/product\\\/dog-glycobalance-small-dog\\\/#primaryimage\",\"url\":\"https:\\\/\\\/www.vetorino.com\\\/boutique\\\/wp-content\\\/uploads\\\/2026\\\/02\\\/RC-VHN-GlycobalanceSmallDogDry-MV-1-fr_FR.pdf.jpeg\",\"contentUrl\":\"https:\\\/\\\/www.vetorino.com\\\/boutique\\\/wp-content\\\/uploads\\\/2026\\\/02\\\/RC-VHN-GlycobalanceSmallDogDry-MV-1-fr_FR.pdf.jpeg\",\"width\":900,\"height\":900},{\"@type\":\"BreadcrumbList\",\"@id\":\"https:\\\/\\\/www.vetorino.com\\\/veterinaire\\\/briancon-05100\\\/boutique\\\/product\\\/dog-glycobalance-small-dog\\\/#breadcrumb\",\"itemListElement\":[{\"@type\":\"ListItem\",\"position\":1,\"name\":\"Accueil\",\"item\":\"https:\\\/\\\/www.vetorino.com\\\/boutique\\\/\"},{\"@type\":\"ListItem\",\"position\":2,\"name\":\"Produits\",\"item\":\"https:\\\/\\\/www.vetorino.com\\\/boutique\\\/\"},{\"@type\":\"ListItem\",\"position\":3,\"name\":\"Glycobalance Small Dog &#8211; chien\"}]},{\"@type\":\"WebSite\",\"@id\":\"https:\\\/\\\/www.vetorino.com\\\/boutique\\\/#website\",\"url\":\"https:\\\/\\\/www.vetorino.com\\\/boutique\\\/\",\"name\":\"V\u00e9torino\",\"description\":\"\",\"publisher\":{\"@id\":\"https:\\\/\\\/www.vetorino.com\\\/boutique\\\/#organization\"},\"potentialAction\":[{\"@type\":\"SearchAction\",\"target\":{\"@type\":\"EntryPoint\",\"urlTemplate\":\"https:\\\/\\\/www.vetorino.com\\\/boutique\\\/?s={search_term_string}\"},\"query-input\":{\"@type\":\"PropertyValueSpecification\",\"valueRequired\":true,\"valueName\":\"search_term_string\"}}],\"inLanguage\":\"fr-FR\"},{\"@type\":\"Organization\",\"@id\":\"https:\\\/\\\/www.vetorino.com\\\/boutique\\\/#organization\",\"name\":\"V\u00e9torino\",\"url\":\"https:\\\/\\\/www.vetorino.com\\\/boutique\\\/\",\"logo\":{\"@type\":\"ImageObject\",\"inLanguage\":\"fr-FR\",\"@id\":\"https:\\\/\\\/www.vetorino.com\\\/boutique\\\/#\\\/schema\\\/logo\\\/image\\\/\",\"url\":\"https:\\\/\\\/www.vetorino.com\\\/boutique\\\/wp-content\\\/uploads\\\/2024\\\/10\\\/logo.jpg\",\"contentUrl\":\"https:\\\/\\\/www.vetorino.com\\\/boutique\\\/wp-content\\\/uploads\\\/2024\\\/10\\\/logo.jpg\",\"width\":1200,\"height\":610,\"caption\":\"V\u00e9torino\"},\"image\":{\"@id\":\"https:\\\/\\\/www.vetorino.com\\\/boutique\\\/#\\\/schema\\\/logo\\\/image\\\/\"},\"sameAs\":[\"https:\\\/\\\/www.facebook.com\\\/Vetorino\\\/\",\"https:\\\/\\\/www.instagram.com\\\/vetorino_off\\\/\",\"https:\\\/\\\/www.linkedin.com\\\/company\\\/vtorino\\\/\"]}]}<\/script>\n<meta property=\"product:brand\" content=\"Royal Canin\" \/>\n<meta property=\"og:availability\" content=\"instock\" \/>\n<meta property=\"product:availability\" content=\"instock\" \/>\n<meta property=\"product:condition\" content=\"new\" \/>\n<!-- \/ Yoast SEO plugin. -->","yoast_head_json":{"title":"Veterinary Health Nutrition (Royal Canin) Glycobalance Small Dog - chien Royal Canin - V\u00e9torino","description":"Aliment di\u00e9t\u00e9tique complet pour chiens adultes de petite taille.  Utilisation :\u00a0   Soutenir la r\u00e9gulation de l\u2019apport en glucose (diab\u00e8te sucr\u00e9).  Aider \u00e0 contr\u00f4ler l\u2019hyperglyc\u00e9mie postprandiale chez les chiens diab\u00e9tiques.  Soutenir les sensibilit\u00e9s digestives, dentaires et urinaires couramment observ\u00e9es chez les chiens de petite taille.  Haute app\u00e9tence pour une bonne prise alimentaire lors des repas.  Demander conseil \u00e0 un v\u00e9t\u00e9rinaire avant utilisation.","robots":{"index":"noindex","follow":"nofollow"},"og_locale":"fr_FR","og_type":"article","og_title":"Veterinary Health Nutrition (Royal Canin) Glycobalance Small Dog - chien Royal Canin - V\u00e9torino","og_description":"Aliment di\u00e9t\u00e9tique complet pour chiens adultes de petite taille.  Utilisation :\u00a0   Soutenir la r\u00e9gulation de l\u2019apport en glucose (diab\u00e8te sucr\u00e9).  Aider \u00e0 contr\u00f4ler l\u2019hyperglyc\u00e9mie postprandiale chez les chiens diab\u00e9tiques.  Soutenir les sensibilit\u00e9s digestives, dentaires et urinaires couramment observ\u00e9es chez les chiens de petite taille.  Haute app\u00e9tence pour une bonne prise alimentaire lors des repas.  Demander conseil \u00e0 un v\u00e9t\u00e9rinaire avant utilisation.","og_url":"https:\/\/www.vetorino.com\/veterinaire\/plouzevede-29440\/boutique\/product\/dog-glycobalance-small-dog\/","og_site_name":"V\u00e9torino","article_publisher":"https:\/\/www.facebook.com\/Vetorino\/","article_modified_time":"2026-03-02T11:17:34+00:00","og_image":[{"width":900,"height":900,"url":"https:\/\/www.vetorino.com\/boutique\/wp-content\/uploads\/2026\/02\/RC-VHN-GlycobalanceSmallDogDry-MV-1-fr_FR.pdf.jpeg","type":"image\/jpeg"}],"twitter_card":"summary_large_image","twitter_misc":{"Disponibilit\u00e9":"En stock"},"schema":{"@context":"https:\/\/schema.org","@graph":[{"@type":"WebPage","@id":"https:\/\/www.vetorino.com\/veterinaire\/briancon-05100\/boutique\/product\/dog-glycobalance-small-dog\/","url":"https:\/\/www.vetorino.com\/veterinaire\/briancon-05100\/boutique\/product\/dog-glycobalance-small-dog\/","name":"Veterinary Health Nutrition (Royal Canin) Glycobalance Small Dog - chien Royal Canin - V\u00e9torino","isPartOf":{"@id":"https:\/\/www.vetorino.com\/boutique\/#website"},"primaryImageOfPage":{"@id":"https:\/\/www.vetorino.com\/veterinaire\/briancon-05100\/boutique\/product\/dog-glycobalance-small-dog\/#primaryimage"},"image":{"@id":"https:\/\/www.vetorino.com\/veterinaire\/briancon-05100\/boutique\/product\/dog-glycobalance-small-dog\/#primaryimage"},"thumbnailUrl":"https:\/\/www.vetorino.com\/boutique\/wp-content\/uploads\/2026\/02\/RC-VHN-GlycobalanceSmallDogDry-MV-1-fr_FR.pdf.jpeg","datePublished":"2026-02-20T04:35:03+00:00","dateModified":"2026-03-02T11:17:34+00:00","description":"Aliment di\u00e9t\u00e9tique complet pour chiens adultes de petite taille. Utilisation :\u00a0 Soutenir la r\u00e9gulation de l\u2019apport en glucose (diab\u00e8te sucr\u00e9). Aider \u00e0 contr\u00f4ler l\u2019hyperglyc\u00e9mie postprandiale chez les chiens diab\u00e9tiques. Soutenir les sensibilit\u00e9s digestives, dentaires et urinaires couramment observ\u00e9es chez les chiens de petite taille. Haute app\u00e9tence pour une bonne prise alimentaire lors des repas. Demander conseil \u00e0 un v\u00e9t\u00e9rinaire avant utilisation.","breadcrumb":{"@id":"https:\/\/www.vetorino.com\/veterinaire\/briancon-05100\/boutique\/product\/dog-glycobalance-small-dog\/#breadcrumb"},"inLanguage":"fr-FR","potentialAction":[{"@type":"ReadAction","target":["https:\/\/www.vetorino.com\/veterinaire\/briancon-05100\/boutique\/product\/dog-glycobalance-small-dog\/"]}]},{"@type":"ImageObject","inLanguage":"fr-FR","@id":"https:\/\/www.vetorino.com\/veterinaire\/briancon-05100\/boutique\/product\/dog-glycobalance-small-dog\/#primaryimage","url":"https:\/\/www.vetorino.com\/boutique\/wp-content\/uploads\/2026\/02\/RC-VHN-GlycobalanceSmallDogDry-MV-1-fr_FR.pdf.jpeg","contentUrl":"https:\/\/www.vetorino.com\/boutique\/wp-content\/uploads\/2026\/02\/RC-VHN-GlycobalanceSmallDogDry-MV-1-fr_FR.pdf.jpeg","width":900,"height":900},{"@type":"BreadcrumbList","@id":"https:\/\/www.vetorino.com\/veterinaire\/briancon-05100\/boutique\/product\/dog-glycobalance-small-dog\/#breadcrumb","itemListElement":[{"@type":"ListItem","position":1,"name":"Accueil","item":"https:\/\/www.vetorino.com\/boutique\/"},{"@type":"ListItem","position":2,"name":"Produits","item":"https:\/\/www.vetorino.com\/boutique\/"},{"@type":"ListItem","position":3,"name":"Glycobalance Small Dog &#8211; chien"}]},{"@type":"WebSite","@id":"https:\/\/www.vetorino.com\/boutique\/#website","url":"https:\/\/www.vetorino.com\/boutique\/","name":"V\u00e9torino","description":"","publisher":{"@id":"https:\/\/www.vetorino.com\/boutique\/#organization"},"potentialAction":[{"@type":"SearchAction","target":{"@type":"EntryPoint","urlTemplate":"https:\/\/www.vetorino.com\/boutique\/?s={search_term_string}"},"query-input":{"@type":"PropertyValueSpecification","valueRequired":true,"valueName":"search_term_string"}}],"inLanguage":"fr-FR"},{"@type":"Organization","@id":"https:\/\/www.vetorino.com\/boutique\/#organization","name":"V\u00e9torino","url":"https:\/\/www.vetorino.com\/boutique\/","logo":{"@type":"ImageObject","inLanguage":"fr-FR","@id":"https:\/\/www.vetorino.com\/boutique\/#\/schema\/logo\/image\/","url":"https:\/\/www.vetorino.com\/boutique\/wp-content\/uploads\/2024\/10\/logo.jpg","contentUrl":"https:\/\/www.vetorino.com\/boutique\/wp-content\/uploads\/2024\/10\/logo.jpg","width":1200,"height":610,"caption":"V\u00e9torino"},"image":{"@id":"https:\/\/www.vetorino.com\/boutique\/#\/schema\/logo\/image\/"},"sameAs":["https:\/\/www.facebook.com\/Vetorino\/","https:\/\/www.instagram.com\/vetorino_off\/","https:\/\/www.linkedin.com\/company\/vtorino\/"]}]},"product_brand":"Royal Canin","og_availability":"instock","product_availability":"instock","product_condition":"new"},"_links":{"self":[{"href":"https:\/\/www.vetorino.com\/veterinaire\/plouzevede-29440\/boutique\/wp-json\/wp\/v2\/product\/1711026","targetHints":{"allow":["GET"]}}],"collection":[{"href":"https:\/\/www.vetorino.com\/veterinaire\/plouzevede-29440\/boutique\/wp-json\/wp\/v2\/product"}],"about":[{"href":"https:\/\/www.vetorino.com\/veterinaire\/plouzevede-29440\/boutique\/wp-json\/wp\/v2\/types\/product"}],"wp:featuredmedia":[{"embeddable":true,"href":"https:\/\/www.vetorino.com\/veterinaire\/plouzevede-29440\/boutique\/wp-json\/wp\/v2\/media\/1720639"}],"wp:attachment":[{"href":"https:\/\/www.vetorino.com\/veterinaire\/plouzevede-29440\/boutique\/wp-json\/wp\/v2\/media?parent=1711026"}],"wp:term":[{"taxonomy":"product_cat","embeddable":true,"href":"https:\/\/www.vetorino.com\/veterinaire\/plouzevede-29440\/boutique\/wp-json\/wp\/v2\/product_cat?post=1711026"},{"taxonomy":"product_tag","embeddable":true,"href":"https:\/\/www.vetorino.com\/veterinaire\/plouzevede-29440\/boutique\/wp-json\/wp\/v2\/product_tag?post=1711026"}],"curies":[{"name":"wp","href":"https:\/\/api.w.org\/{rel}","templated":true}]}}