{"id":1713958,"date":"2026-02-22T05:35:04","date_gmt":"2026-02-22T04:35:04","guid":{"rendered":"https:\/\/www.vetorino.com\/boutique\/product\/advance-veterinary-diets-recovery\/"},"modified":"2026-02-23T09:53:35","modified_gmt":"2026-02-23T08:53:35","slug":"advance-veterinary-diets-recovery","status":"publish","type":"product","link":"https:\/\/www.vetorino.com\/veterinaire\/plouzevede-29440\/boutique\/product\/advance-veterinary-diets-recovery\/","title":{"rendered":"Recovery Poulet &#8211; chien, chat"},"content":{"rendered":"<p>Id\u00e9al apr\u00e8s une<strong> intervention chirurgicale<\/strong> ou une <strong>longue maladie<\/strong>, l&#8217;aliment di\u00e9t\u00e9tique Advance Veterinary Diets Recovery Mini poss\u00e8de des\u00a0<b>teneurs accrues en \u00e9nergie et en nutriments\u00a0<\/b>et convient <strong>pour les chiens et les chats en convalescence. <\/strong><\/p>\n<p>Riche en prot\u00e9ines et en \u00e9nergie, une<strong>\u00a0petite portion de nourriture suffit \u00e0 couvrir les besoins nutritionnels<\/strong>\u00a0de votre animal et contribue ainsi \u00e0 sa gu\u00e9rison.<\/p>\n<p>L&#8217;aliment Advance Veterinary Diets Recovery Mini poss\u00e8de une\u00a0<b>texture moelleuse\u00a0<\/b>et des ingr\u00e9dients faciles \u00e0 dig\u00e9rer et \u00e0 assimiler. Son go\u00fbt savoureux est appr\u00e9ci\u00e9 par la plupart des chiens et des chats, m\u00eame par ceux qui ont peu d&#8217;app\u00e9tit.<\/p>\n<p><strong>Caract\u00e9ristiques de l&#8217;aliment Advance Veterinary Diets Recovery Mini pour chien et chat :<\/strong><\/p>\n<ul>\n<li>Aliment di\u00e9t\u00e9tique complet pour les chiens et les chats adultes en convalescence<\/li>\n<li><strong>Riche en \u00e9nergie : <\/strong>une petite portion suffit \u00e0 couvrir les besoins \u00e9nerg\u00e9tiques de l&#8217;animal<\/li>\n<li><strong>Tr\u00e8s nourrissant : <\/strong>teneur \u00e9lev\u00e9e en prot\u00e9ines, riche en nutriments, vitamines et min\u00e9raux essentiels<\/li>\n<li><strong>Ingr\u00e9dients s\u00e9lectionn\u00e9s : <\/strong>digestes et faciles \u00e0 assimiler, pour une meilleure assimilation des nutriments<\/li>\n<li><strong>Texture moelleuse : <\/strong>consistance app\u00e9tissante, permet de m\u00e2cher facilement<\/li>\n<li><strong>Go\u00fbt savoureux : <\/strong>\u00e0 base de poulet, m\u00eame appr\u00e9ci\u00e9 par les animaux qui ont peu d&#8217;app\u00e9tit<\/li>\n<li><strong>Sachets fra\u00eecheur pratiques : <\/strong>dosage facile<\/li>\n<\/ul>\n<p><strong>Remarques g\u00e9n\u00e9rales :<\/strong><\/p>\n<ul>\n<li>Il est recommand\u00e9 de<strong> consulter un v\u00e9t\u00e9rinaire<\/strong> avant de commencer ou prolonger la p\u00e9riode du traitement.<\/li>\n<li>Pendant le traitement, veuillez consulter r\u00e9guli\u00e8rement votre v\u00e9t\u00e9rinaire pour v\u00e9rifier l&#8217;\u00e9tat de sant\u00e9 de votre animal.<\/li>\n<li>Veuillez imm\u00e9diatement consulter votre v\u00e9t\u00e9rinaire si l&#8217;\u00e9tat de sant\u00e9 g\u00e9n\u00e9ral de votre animal venait \u00e0 se d\u00e9grader.<\/li>\n<\/ul>\n","protected":false},"excerpt":{"rendered":"<p>Aliment humide di\u00e9t\u00e9tique complet <strong>pour les chiens et les chats en convalescence, teneurs accrues en \u00e9nergie et en nutriments essentiels<\/strong>, recette digeste et savoureuse.<\/p>\n<p><strong>Demander conseil \u00e0 un v\u00e9t\u00e9rinaire avant utilisation.<\/strong><\/p>\n","protected":false},"featured_media":1715523,"template":"","meta":[],"product_cat":[12551,12552,12581,12582,2697,2698],"product_tag":[],"class_list":{"0":"post-1713958","1":"product","2":"type-product","3":"status-publish","4":"has-post-thumbnail","6":"product_cat-alimentation-du-chat","7":"product_cat-alimentation-du-chien","8":"product_cat-alimentation-medicalisee-pour-chat","9":"product_cat-alimentation-medicalisee-pour-chien","10":"product_cat-chat","11":"product_cat-chien","12":"pa_marque-advance","14":"first","15":"outofstock","16":"taxable","17":"shipping-taxable","18":"purchasable","19":"product-type-simple"},"yoast_head":"<!-- This site is optimized with the Yoast SEO plugin v27.3 - https:\/\/yoast.com\/product\/yoast-seo-wordpress\/ -->\n<title>Recovery Poulet - chien, chat Advance - V\u00e9torino<\/title>\n<meta name=\"description\" content=\"Aliment humide di\u00e9t\u00e9tique complet pour les chiens et les chats en convalescence, teneurs accrues en \u00e9nergie et en nutriments essentiels, recette digeste et savoureuse.  Demander conseil \u00e0 un v\u00e9t\u00e9rinaire avant utilisation.\" \/>\n<meta name=\"robots\" content=\"noindex, nofollow\" \/>\n<meta property=\"og:locale\" content=\"fr_FR\" \/>\n<meta property=\"og:type\" content=\"article\" \/>\n<meta property=\"og:title\" content=\"Recovery Poulet - chien, chat Advance - V\u00e9torino\" \/>\n<meta property=\"og:description\" content=\"Aliment humide di\u00e9t\u00e9tique complet pour les chiens et les chats en convalescence, teneurs accrues en \u00e9nergie et en nutriments essentiels, recette digeste et savoureuse.  Demander conseil \u00e0 un v\u00e9t\u00e9rinaire avant utilisation.\" \/>\n<meta property=\"og:url\" content=\"https:\/\/www.vetorino.com\/veterinaire\/plouzevede-29440\/boutique\/product\/advance-veterinary-diets-recovery\/\" \/>\n<meta property=\"og:site_name\" content=\"V\u00e9torino\" \/>\n<meta property=\"article:publisher\" content=\"https:\/\/www.facebook.com\/Vetorino\/\" \/>\n<meta property=\"article:modified_time\" content=\"2026-02-23T08:53:35+00:00\" \/>\n<meta property=\"og:image\" content=\"https:\/\/www.vetorino.com\/boutique\/wp-content\/uploads\/2026\/02\/309899_pla_affinity_advance_veterinarydiets_dogrecovery_hs_01_9-copie.webp\" \/>\n\t<meta property=\"og:image:width\" content=\"800\" \/>\n\t<meta property=\"og:image:height\" content=\"800\" \/>\n\t<meta property=\"og:image:type\" content=\"image\/webp\" \/>\n<meta name=\"twitter:card\" content=\"summary_large_image\" \/>\n<meta name=\"twitter:label1\" content=\"Prix\" \/>\n\t<meta name=\"twitter:data1\" content=\"23,18&euro;\" \/>\n\t<meta name=\"twitter:label2\" content=\"Disponibilit\u00e9\" \/>\n\t<meta name=\"twitter:data2\" content=\"Rupture de stock\" \/>\n<script type=\"application\/ld+json\" class=\"yoast-schema-graph\">{\"@context\":\"https:\\\/\\\/schema.org\",\"@graph\":[{\"@type\":\"WebPage\",\"@id\":\"https:\\\/\\\/www.vetorino.com\\\/veterinaire\\\/briancon-05100\\\/boutique\\\/product\\\/advance-veterinary-diets-recovery\\\/\",\"url\":\"https:\\\/\\\/www.vetorino.com\\\/veterinaire\\\/briancon-05100\\\/boutique\\\/product\\\/advance-veterinary-diets-recovery\\\/\",\"name\":\"Recovery Poulet - chien, chat Advance - V\u00e9torino\",\"isPartOf\":{\"@id\":\"https:\\\/\\\/www.vetorino.com\\\/boutique\\\/#website\"},\"primaryImageOfPage\":{\"@id\":\"https:\\\/\\\/www.vetorino.com\\\/veterinaire\\\/briancon-05100\\\/boutique\\\/product\\\/advance-veterinary-diets-recovery\\\/#primaryimage\"},\"image\":{\"@id\":\"https:\\\/\\\/www.vetorino.com\\\/veterinaire\\\/briancon-05100\\\/boutique\\\/product\\\/advance-veterinary-diets-recovery\\\/#primaryimage\"},\"thumbnailUrl\":\"https:\\\/\\\/www.vetorino.com\\\/boutique\\\/wp-content\\\/uploads\\\/2026\\\/02\\\/309899_pla_affinity_advance_veterinarydiets_dogrecovery_hs_01_9-copie.webp\",\"datePublished\":\"2026-02-22T04:35:04+00:00\",\"dateModified\":\"2026-02-23T08:53:35+00:00\",\"description\":\"Aliment humide di\u00e9t\u00e9tique complet pour les chiens et les chats en convalescence, teneurs accrues en \u00e9nergie et en nutriments essentiels, recette digeste et savoureuse. Demander conseil \u00e0 un v\u00e9t\u00e9rinaire avant utilisation.\",\"breadcrumb\":{\"@id\":\"https:\\\/\\\/www.vetorino.com\\\/veterinaire\\\/briancon-05100\\\/boutique\\\/product\\\/advance-veterinary-diets-recovery\\\/#breadcrumb\"},\"inLanguage\":\"fr-FR\",\"potentialAction\":[{\"@type\":\"ReadAction\",\"target\":[\"https:\\\/\\\/www.vetorino.com\\\/veterinaire\\\/briancon-05100\\\/boutique\\\/product\\\/advance-veterinary-diets-recovery\\\/\"]}]},{\"@type\":\"ImageObject\",\"inLanguage\":\"fr-FR\",\"@id\":\"https:\\\/\\\/www.vetorino.com\\\/veterinaire\\\/briancon-05100\\\/boutique\\\/product\\\/advance-veterinary-diets-recovery\\\/#primaryimage\",\"url\":\"https:\\\/\\\/www.vetorino.com\\\/boutique\\\/wp-content\\\/uploads\\\/2026\\\/02\\\/309899_pla_affinity_advance_veterinarydiets_dogrecovery_hs_01_9-copie.webp\",\"contentUrl\":\"https:\\\/\\\/www.vetorino.com\\\/boutique\\\/wp-content\\\/uploads\\\/2026\\\/02\\\/309899_pla_affinity_advance_veterinarydiets_dogrecovery_hs_01_9-copie.webp\",\"width\":800,\"height\":800},{\"@type\":\"BreadcrumbList\",\"@id\":\"https:\\\/\\\/www.vetorino.com\\\/veterinaire\\\/briancon-05100\\\/boutique\\\/product\\\/advance-veterinary-diets-recovery\\\/#breadcrumb\",\"itemListElement\":[{\"@type\":\"ListItem\",\"position\":1,\"name\":\"Accueil\",\"item\":\"https:\\\/\\\/www.vetorino.com\\\/boutique\\\/\"},{\"@type\":\"ListItem\",\"position\":2,\"name\":\"Produits\",\"item\":\"https:\\\/\\\/www.vetorino.com\\\/boutique\\\/\"},{\"@type\":\"ListItem\",\"position\":3,\"name\":\"Recovery Poulet &#8211; chien, chat\"}]},{\"@type\":\"WebSite\",\"@id\":\"https:\\\/\\\/www.vetorino.com\\\/boutique\\\/#website\",\"url\":\"https:\\\/\\\/www.vetorino.com\\\/boutique\\\/\",\"name\":\"V\u00e9torino\",\"description\":\"\",\"publisher\":{\"@id\":\"https:\\\/\\\/www.vetorino.com\\\/boutique\\\/#organization\"},\"potentialAction\":[{\"@type\":\"SearchAction\",\"target\":{\"@type\":\"EntryPoint\",\"urlTemplate\":\"https:\\\/\\\/www.vetorino.com\\\/boutique\\\/?s={search_term_string}\"},\"query-input\":{\"@type\":\"PropertyValueSpecification\",\"valueRequired\":true,\"valueName\":\"search_term_string\"}}],\"inLanguage\":\"fr-FR\"},{\"@type\":\"Organization\",\"@id\":\"https:\\\/\\\/www.vetorino.com\\\/boutique\\\/#organization\",\"name\":\"V\u00e9torino\",\"url\":\"https:\\\/\\\/www.vetorino.com\\\/boutique\\\/\",\"logo\":{\"@type\":\"ImageObject\",\"inLanguage\":\"fr-FR\",\"@id\":\"https:\\\/\\\/www.vetorino.com\\\/boutique\\\/#\\\/schema\\\/logo\\\/image\\\/\",\"url\":\"https:\\\/\\\/www.vetorino.com\\\/boutique\\\/wp-content\\\/uploads\\\/2024\\\/10\\\/logo.jpg\",\"contentUrl\":\"https:\\\/\\\/www.vetorino.com\\\/boutique\\\/wp-content\\\/uploads\\\/2024\\\/10\\\/logo.jpg\",\"width\":1200,\"height\":610,\"caption\":\"V\u00e9torino\"},\"image\":{\"@id\":\"https:\\\/\\\/www.vetorino.com\\\/boutique\\\/#\\\/schema\\\/logo\\\/image\\\/\"},\"sameAs\":[\"https:\\\/\\\/www.facebook.com\\\/Vetorino\\\/\",\"https:\\\/\\\/www.instagram.com\\\/vetorino_off\\\/\",\"https:\\\/\\\/www.linkedin.com\\\/company\\\/vtorino\\\/\"]}]}<\/script>\n<meta property=\"product:brand\" content=\"Advance\" \/>\n<meta property=\"product:price:amount\" content=\"23.18\" \/>\n<meta property=\"product:price:currency\" content=\"EUR\" \/>\n<meta property=\"og:availability\" content=\"out of stock\" \/>\n<meta property=\"product:availability\" content=\"out of stock\" \/>\n<meta property=\"product:retailer_item_id\" content=\"A-1901140\" \/>\n<meta property=\"product:condition\" content=\"new\" \/>\n<!-- \/ Yoast SEO plugin. -->","yoast_head_json":{"title":"Recovery Poulet - chien, chat Advance - V\u00e9torino","description":"Aliment humide di\u00e9t\u00e9tique complet pour les chiens et les chats en convalescence, teneurs accrues en \u00e9nergie et en nutriments essentiels, recette digeste et savoureuse.  Demander conseil \u00e0 un v\u00e9t\u00e9rinaire avant utilisation.","robots":{"index":"noindex","follow":"nofollow"},"og_locale":"fr_FR","og_type":"article","og_title":"Recovery Poulet - chien, chat Advance - V\u00e9torino","og_description":"Aliment humide di\u00e9t\u00e9tique complet pour les chiens et les chats en convalescence, teneurs accrues en \u00e9nergie et en nutriments essentiels, recette digeste et savoureuse.  Demander conseil \u00e0 un v\u00e9t\u00e9rinaire avant utilisation.","og_url":"https:\/\/www.vetorino.com\/veterinaire\/plouzevede-29440\/boutique\/product\/advance-veterinary-diets-recovery\/","og_site_name":"V\u00e9torino","article_publisher":"https:\/\/www.facebook.com\/Vetorino\/","article_modified_time":"2026-02-23T08:53:35+00:00","og_image":[{"width":800,"height":800,"url":"https:\/\/www.vetorino.com\/boutique\/wp-content\/uploads\/2026\/02\/309899_pla_affinity_advance_veterinarydiets_dogrecovery_hs_01_9-copie.webp","type":"image\/webp"}],"twitter_card":"summary_large_image","twitter_misc":{"Prix":"23,18&euro;","Disponibilit\u00e9":"Rupture de stock"},"schema":{"@context":"https:\/\/schema.org","@graph":[{"@type":"WebPage","@id":"https:\/\/www.vetorino.com\/veterinaire\/briancon-05100\/boutique\/product\/advance-veterinary-diets-recovery\/","url":"https:\/\/www.vetorino.com\/veterinaire\/briancon-05100\/boutique\/product\/advance-veterinary-diets-recovery\/","name":"Recovery Poulet - chien, chat Advance - V\u00e9torino","isPartOf":{"@id":"https:\/\/www.vetorino.com\/boutique\/#website"},"primaryImageOfPage":{"@id":"https:\/\/www.vetorino.com\/veterinaire\/briancon-05100\/boutique\/product\/advance-veterinary-diets-recovery\/#primaryimage"},"image":{"@id":"https:\/\/www.vetorino.com\/veterinaire\/briancon-05100\/boutique\/product\/advance-veterinary-diets-recovery\/#primaryimage"},"thumbnailUrl":"https:\/\/www.vetorino.com\/boutique\/wp-content\/uploads\/2026\/02\/309899_pla_affinity_advance_veterinarydiets_dogrecovery_hs_01_9-copie.webp","datePublished":"2026-02-22T04:35:04+00:00","dateModified":"2026-02-23T08:53:35+00:00","description":"Aliment humide di\u00e9t\u00e9tique complet pour les chiens et les chats en convalescence, teneurs accrues en \u00e9nergie et en nutriments essentiels, recette digeste et savoureuse. Demander conseil \u00e0 un v\u00e9t\u00e9rinaire avant utilisation.","breadcrumb":{"@id":"https:\/\/www.vetorino.com\/veterinaire\/briancon-05100\/boutique\/product\/advance-veterinary-diets-recovery\/#breadcrumb"},"inLanguage":"fr-FR","potentialAction":[{"@type":"ReadAction","target":["https:\/\/www.vetorino.com\/veterinaire\/briancon-05100\/boutique\/product\/advance-veterinary-diets-recovery\/"]}]},{"@type":"ImageObject","inLanguage":"fr-FR","@id":"https:\/\/www.vetorino.com\/veterinaire\/briancon-05100\/boutique\/product\/advance-veterinary-diets-recovery\/#primaryimage","url":"https:\/\/www.vetorino.com\/boutique\/wp-content\/uploads\/2026\/02\/309899_pla_affinity_advance_veterinarydiets_dogrecovery_hs_01_9-copie.webp","contentUrl":"https:\/\/www.vetorino.com\/boutique\/wp-content\/uploads\/2026\/02\/309899_pla_affinity_advance_veterinarydiets_dogrecovery_hs_01_9-copie.webp","width":800,"height":800},{"@type":"BreadcrumbList","@id":"https:\/\/www.vetorino.com\/veterinaire\/briancon-05100\/boutique\/product\/advance-veterinary-diets-recovery\/#breadcrumb","itemListElement":[{"@type":"ListItem","position":1,"name":"Accueil","item":"https:\/\/www.vetorino.com\/boutique\/"},{"@type":"ListItem","position":2,"name":"Produits","item":"https:\/\/www.vetorino.com\/boutique\/"},{"@type":"ListItem","position":3,"name":"Recovery Poulet &#8211; chien, chat"}]},{"@type":"WebSite","@id":"https:\/\/www.vetorino.com\/boutique\/#website","url":"https:\/\/www.vetorino.com\/boutique\/","name":"V\u00e9torino","description":"","publisher":{"@id":"https:\/\/www.vetorino.com\/boutique\/#organization"},"potentialAction":[{"@type":"SearchAction","target":{"@type":"EntryPoint","urlTemplate":"https:\/\/www.vetorino.com\/boutique\/?s={search_term_string}"},"query-input":{"@type":"PropertyValueSpecification","valueRequired":true,"valueName":"search_term_string"}}],"inLanguage":"fr-FR"},{"@type":"Organization","@id":"https:\/\/www.vetorino.com\/boutique\/#organization","name":"V\u00e9torino","url":"https:\/\/www.vetorino.com\/boutique\/","logo":{"@type":"ImageObject","inLanguage":"fr-FR","@id":"https:\/\/www.vetorino.com\/boutique\/#\/schema\/logo\/image\/","url":"https:\/\/www.vetorino.com\/boutique\/wp-content\/uploads\/2024\/10\/logo.jpg","contentUrl":"https:\/\/www.vetorino.com\/boutique\/wp-content\/uploads\/2024\/10\/logo.jpg","width":1200,"height":610,"caption":"V\u00e9torino"},"image":{"@id":"https:\/\/www.vetorino.com\/boutique\/#\/schema\/logo\/image\/"},"sameAs":["https:\/\/www.facebook.com\/Vetorino\/","https:\/\/www.instagram.com\/vetorino_off\/","https:\/\/www.linkedin.com\/company\/vtorino\/"]}]},"product_brand":"Advance","product_price_amount":"23.18","product_price_currency":"EUR","og_availability":"out of stock","product_availability":"out of stock","product_retailer_item_id":"A-1901140","product_condition":"new"},"_links":{"self":[{"href":"https:\/\/www.vetorino.com\/veterinaire\/plouzevede-29440\/boutique\/wp-json\/wp\/v2\/product\/1713958","targetHints":{"allow":["GET"]}}],"collection":[{"href":"https:\/\/www.vetorino.com\/veterinaire\/plouzevede-29440\/boutique\/wp-json\/wp\/v2\/product"}],"about":[{"href":"https:\/\/www.vetorino.com\/veterinaire\/plouzevede-29440\/boutique\/wp-json\/wp\/v2\/types\/product"}],"wp:featuredmedia":[{"embeddable":true,"href":"https:\/\/www.vetorino.com\/veterinaire\/plouzevede-29440\/boutique\/wp-json\/wp\/v2\/media\/1715523"}],"wp:attachment":[{"href":"https:\/\/www.vetorino.com\/veterinaire\/plouzevede-29440\/boutique\/wp-json\/wp\/v2\/media?parent=1713958"}],"wp:term":[{"taxonomy":"product_cat","embeddable":true,"href":"https:\/\/www.vetorino.com\/veterinaire\/plouzevede-29440\/boutique\/wp-json\/wp\/v2\/product_cat?post=1713958"},{"taxonomy":"product_tag","embeddable":true,"href":"https:\/\/www.vetorino.com\/veterinaire\/plouzevede-29440\/boutique\/wp-json\/wp\/v2\/product_tag?post=1713958"}],"curies":[{"name":"wp","href":"https:\/\/api.w.org\/{rel}","templated":true}]}}