{"id":174574,"date":"2021-04-29T20:22:15","date_gmt":"2021-04-29T18:22:15","guid":{"rendered":"https:\/\/www.vetorino.com\/boutique\/product\/effitix-spot-on-134-mg-1200-mg-moyen-chien\/"},"modified":"2024-11-06T14:27:14","modified_gmt":"2024-11-06T13:27:14","slug":"effitix-spot-on-134-mg-1200-mg-moyen-chien","status":"publish","type":"product","link":"https:\/\/www.vetorino.com\/veterinaire\/plouzevede-29440\/boutique\/product\/effitix-spot-on-134-mg-1200-mg-moyen-chien\/","title":{"rendered":"Effitix Spot On Chien Moyen 10-20 kg"},"content":{"rendered":"<p><strong>UTILISATION :<\/strong><\/p>\n<p>Chez les chiens utilisation lors d&#8217;infestations par les puces et\/ou les tiques, lorsqu&#8217;une activit\u00e9 r\u00e9pulsive (anti-gorgement) contre les phl\u00e9botomes et\/ou les moustiques est \u00e9galement n\u00e9cessaire.<\/p>\n<p><strong>Puces<\/strong><br \/>\nTraitement et pr\u00e9vention des infestations par les puces (<i>Ctenocephalides felis<\/i>). Les puces sur le chien sont tu\u00e9es dans les 24 heures qui suivent le traitement. Un seul traitement a une efficacit\u00e9 persistante contre de nouvelles infestations par des puces adultes pendant quatre semaines. Le produit peut \u00eatre int\u00e9gr\u00e9 \u00e0\u00a0une strat\u00e9gie de traitement de la dermatite par allergie aux piq\u00fbres de puces (DAPP) lorsque cette affection a pr\u00e9alablement fait l&#8217;objet d&#8217;un diagnostic par un v\u00e9t\u00e9rinaire.<\/p>\n<p><strong>Tiques<\/strong><br \/>\nTraitement des infestations par les tiques <i>Ixodes ricinus<\/i>.<br \/>\nUne seule application procure 4 semaines\u00a0d&#8217;efficacit\u00e9 acaricide persistante contre les infestations par les tiques (Ixodes <i>ricinus, Dermacentor reticulatus et Rhipicephalus sanguineus<\/i>).<br \/>\nSi des tiques des esp\u00e8ces <i>Dermacentor reticulatus <\/i>et <i>Rhipicephalus sanguineus<\/i> sont pr\u00e9sentes au moment de lapplication, elles peuvent ne pas \u00eatre toutes tu\u00e9es dans les 48 heures.<\/p>\n<p><strong>Phl\u00e9botomes et moustiques<\/strong><br \/>\nUn seul traitement assure une activit\u00e9 r\u00e9pulsive (anti-gorgement) contre les phl\u00e9botomes (<i>Phlebotomus perniciosus<\/i>) et contre les moustiques (<i>Culex pipiens, Aedes aegypti<\/i>) pendant quatre semaines.<\/p>\n","protected":false},"excerpt":{"rendered":"<p><strong>Solution spot-on pour les chiens, utilisation lors d&#8217;infestations par les puces et\/ou les tiques, lorsqu&#8217;une activit\u00e9 r\u00e9pulsive (anti-gorgement) contre les phl\u00e9botomes et\/ou les moustiques est \u00e9galement n\u00e9cessaire.<\/strong><\/p>\n","protected":false},"featured_media":717303,"template":"","meta":[],"product_cat":[12554,2698],"product_tag":[],"class_list":{"0":"post-174574","1":"product","2":"type-product","3":"status-publish","4":"has-post-thumbnail","6":"product_cat-antiparasitaire-du-chien","7":"product_cat-chien","8":"pa_marque-virbac","10":"first","11":"instock","12":"taxable","13":"shipping-taxable","14":"purchasable","15":"product-type-variable"},"yoast_head":"<!-- This site is optimized with the Yoast SEO plugin v27.3 - https:\/\/yoast.com\/product\/yoast-seo-wordpress\/ -->\n<title>Effitix Spot On Chien Moyen 10-20 kg Virbac - V\u00e9torino<\/title>\n<meta name=\"description\" content=\"Solution spot-on pour les chiens, utilisation lors d&#039;infestations par les puces et\/ou les tiques, lorsqu&#039;une activit\u00e9 r\u00e9pulsive (anti-gorgement) contre les phl\u00e9botomes et\/ou les moustiques est \u00e9galement n\u00e9cessaire.\" \/>\n<meta name=\"robots\" content=\"noindex, nofollow\" \/>\n<meta property=\"og:locale\" content=\"fr_FR\" \/>\n<meta property=\"og:type\" content=\"article\" \/>\n<meta property=\"og:title\" content=\"Effitix Spot On Chien Moyen 10-20 kg Virbac - V\u00e9torino\" \/>\n<meta property=\"og:description\" content=\"Solution spot-on pour les chiens, utilisation lors d&#039;infestations par les puces et\/ou les tiques, lorsqu&#039;une activit\u00e9 r\u00e9pulsive (anti-gorgement) contre les phl\u00e9botomes et\/ou les moustiques est \u00e9galement n\u00e9cessaire.\" \/>\n<meta property=\"og:url\" content=\"https:\/\/www.vetorino.com\/veterinaire\/plouzevede-29440\/boutique\/product\/effitix-spot-on-134-mg-1200-mg-moyen-chien\/\" \/>\n<meta property=\"og:site_name\" content=\"V\u00e9torino\" \/>\n<meta property=\"article:publisher\" content=\"https:\/\/www.facebook.com\/Vetorino\/\" \/>\n<meta property=\"article:modified_time\" content=\"2024-11-06T13:27:14+00:00\" \/>\n<meta property=\"og:image\" content=\"https:\/\/www.vetorino.com\/boutique\/wp-content\/uploads\/2021\/04\/VIRBA-8129549-2.jpg\" \/>\n\t<meta property=\"og:image:width\" content=\"1000\" \/>\n\t<meta property=\"og:image:height\" content=\"724\" \/>\n\t<meta property=\"og:image:type\" content=\"image\/jpeg\" \/>\n<meta name=\"twitter:card\" content=\"summary_large_image\" \/>\n<meta name=\"twitter:label1\" content=\"Disponibilit\u00e9\" \/>\n\t<meta name=\"twitter:data1\" content=\"En stock\" \/>\n<script type=\"application\/ld+json\" class=\"yoast-schema-graph\">{\"@context\":\"https:\\\/\\\/schema.org\",\"@graph\":[{\"@type\":\"WebPage\",\"@id\":\"https:\\\/\\\/www.vetorino.com\\\/veterinaire\\\/pontarlier-25300\\\/boutique\\\/product\\\/effitix-spot-on-134-mg-1200-mg-moyen-chien\\\/\",\"url\":\"https:\\\/\\\/www.vetorino.com\\\/veterinaire\\\/pontarlier-25300\\\/boutique\\\/product\\\/effitix-spot-on-134-mg-1200-mg-moyen-chien\\\/\",\"name\":\"Effitix Spot On Chien Moyen 10-20 kg Virbac - V\u00e9torino\",\"isPartOf\":{\"@id\":\"https:\\\/\\\/www.vetorino.com\\\/boutique\\\/#website\"},\"primaryImageOfPage\":{\"@id\":\"https:\\\/\\\/www.vetorino.com\\\/veterinaire\\\/pontarlier-25300\\\/boutique\\\/product\\\/effitix-spot-on-134-mg-1200-mg-moyen-chien\\\/#primaryimage\"},\"image\":{\"@id\":\"https:\\\/\\\/www.vetorino.com\\\/veterinaire\\\/pontarlier-25300\\\/boutique\\\/product\\\/effitix-spot-on-134-mg-1200-mg-moyen-chien\\\/#primaryimage\"},\"thumbnailUrl\":\"https:\\\/\\\/www.vetorino.com\\\/boutique\\\/wp-content\\\/uploads\\\/2021\\\/04\\\/VIRBA-8129549-2.jpg\",\"datePublished\":\"2021-04-29T18:22:15+00:00\",\"dateModified\":\"2024-11-06T13:27:14+00:00\",\"description\":\"Solution spot-on pour les chiens, utilisation lors d'infestations par les puces et\\\/ou les tiques, lorsqu'une activit\u00e9 r\u00e9pulsive (anti-gorgement) contre les phl\u00e9botomes et\\\/ou les moustiques est \u00e9galement n\u00e9cessaire.\",\"breadcrumb\":{\"@id\":\"https:\\\/\\\/www.vetorino.com\\\/veterinaire\\\/pontarlier-25300\\\/boutique\\\/product\\\/effitix-spot-on-134-mg-1200-mg-moyen-chien\\\/#breadcrumb\"},\"inLanguage\":\"fr-FR\",\"potentialAction\":[{\"@type\":\"ReadAction\",\"target\":[\"https:\\\/\\\/www.vetorino.com\\\/veterinaire\\\/pontarlier-25300\\\/boutique\\\/product\\\/effitix-spot-on-134-mg-1200-mg-moyen-chien\\\/\"]}]},{\"@type\":\"ImageObject\",\"inLanguage\":\"fr-FR\",\"@id\":\"https:\\\/\\\/www.vetorino.com\\\/veterinaire\\\/pontarlier-25300\\\/boutique\\\/product\\\/effitix-spot-on-134-mg-1200-mg-moyen-chien\\\/#primaryimage\",\"url\":\"https:\\\/\\\/www.vetorino.com\\\/boutique\\\/wp-content\\\/uploads\\\/2021\\\/04\\\/VIRBA-8129549-2.jpg\",\"contentUrl\":\"https:\\\/\\\/www.vetorino.com\\\/boutique\\\/wp-content\\\/uploads\\\/2021\\\/04\\\/VIRBA-8129549-2.jpg\",\"width\":1000,\"height\":724},{\"@type\":\"BreadcrumbList\",\"@id\":\"https:\\\/\\\/www.vetorino.com\\\/veterinaire\\\/pontarlier-25300\\\/boutique\\\/product\\\/effitix-spot-on-134-mg-1200-mg-moyen-chien\\\/#breadcrumb\",\"itemListElement\":[{\"@type\":\"ListItem\",\"position\":1,\"name\":\"Accueil\",\"item\":\"https:\\\/\\\/www.vetorino.com\\\/boutique\\\/\"},{\"@type\":\"ListItem\",\"position\":2,\"name\":\"Produits\",\"item\":\"https:\\\/\\\/www.vetorino.com\\\/boutique\\\/\"},{\"@type\":\"ListItem\",\"position\":3,\"name\":\"Effitix Spot On Chien Moyen 10-20 kg\"}]},{\"@type\":\"WebSite\",\"@id\":\"https:\\\/\\\/www.vetorino.com\\\/boutique\\\/#website\",\"url\":\"https:\\\/\\\/www.vetorino.com\\\/boutique\\\/\",\"name\":\"V\u00e9torino\",\"description\":\"\",\"publisher\":{\"@id\":\"https:\\\/\\\/www.vetorino.com\\\/boutique\\\/#organization\"},\"potentialAction\":[{\"@type\":\"SearchAction\",\"target\":{\"@type\":\"EntryPoint\",\"urlTemplate\":\"https:\\\/\\\/www.vetorino.com\\\/boutique\\\/?s={search_term_string}\"},\"query-input\":{\"@type\":\"PropertyValueSpecification\",\"valueRequired\":true,\"valueName\":\"search_term_string\"}}],\"inLanguage\":\"fr-FR\"},{\"@type\":\"Organization\",\"@id\":\"https:\\\/\\\/www.vetorino.com\\\/boutique\\\/#organization\",\"name\":\"V\u00e9torino\",\"url\":\"https:\\\/\\\/www.vetorino.com\\\/boutique\\\/\",\"logo\":{\"@type\":\"ImageObject\",\"inLanguage\":\"fr-FR\",\"@id\":\"https:\\\/\\\/www.vetorino.com\\\/boutique\\\/#\\\/schema\\\/logo\\\/image\\\/\",\"url\":\"https:\\\/\\\/www.vetorino.com\\\/boutique\\\/wp-content\\\/uploads\\\/2024\\\/10\\\/logo.jpg\",\"contentUrl\":\"https:\\\/\\\/www.vetorino.com\\\/boutique\\\/wp-content\\\/uploads\\\/2024\\\/10\\\/logo.jpg\",\"width\":1200,\"height\":610,\"caption\":\"V\u00e9torino\"},\"image\":{\"@id\":\"https:\\\/\\\/www.vetorino.com\\\/boutique\\\/#\\\/schema\\\/logo\\\/image\\\/\"},\"sameAs\":[\"https:\\\/\\\/www.facebook.com\\\/Vetorino\\\/\",\"https:\\\/\\\/www.instagram.com\\\/vetorino_off\\\/\",\"https:\\\/\\\/www.linkedin.com\\\/company\\\/vtorino\\\/\"]}]}<\/script>\n<meta property=\"product:brand\" content=\"Virbac\" \/>\n<meta property=\"og:availability\" content=\"instock\" \/>\n<meta property=\"product:availability\" content=\"instock\" \/>\n<meta property=\"product:condition\" content=\"new\" \/>\n<!-- \/ Yoast SEO plugin. -->","yoast_head_json":{"title":"Effitix Spot On Chien Moyen 10-20 kg Virbac - V\u00e9torino","description":"Solution spot-on pour les chiens, utilisation lors d'infestations par les puces et\/ou les tiques, lorsqu'une activit\u00e9 r\u00e9pulsive (anti-gorgement) contre les phl\u00e9botomes et\/ou les moustiques est \u00e9galement n\u00e9cessaire.","robots":{"index":"noindex","follow":"nofollow"},"og_locale":"fr_FR","og_type":"article","og_title":"Effitix Spot On Chien Moyen 10-20 kg Virbac - V\u00e9torino","og_description":"Solution spot-on pour les chiens, utilisation lors d'infestations par les puces et\/ou les tiques, lorsqu'une activit\u00e9 r\u00e9pulsive (anti-gorgement) contre les phl\u00e9botomes et\/ou les moustiques est \u00e9galement n\u00e9cessaire.","og_url":"https:\/\/www.vetorino.com\/veterinaire\/plouzevede-29440\/boutique\/product\/effitix-spot-on-134-mg-1200-mg-moyen-chien\/","og_site_name":"V\u00e9torino","article_publisher":"https:\/\/www.facebook.com\/Vetorino\/","article_modified_time":"2024-11-06T13:27:14+00:00","og_image":[{"width":1000,"height":724,"url":"https:\/\/www.vetorino.com\/boutique\/wp-content\/uploads\/2021\/04\/VIRBA-8129549-2.jpg","type":"image\/jpeg"}],"twitter_card":"summary_large_image","twitter_misc":{"Disponibilit\u00e9":"En stock"},"schema":{"@context":"https:\/\/schema.org","@graph":[{"@type":"WebPage","@id":"https:\/\/www.vetorino.com\/veterinaire\/pontarlier-25300\/boutique\/product\/effitix-spot-on-134-mg-1200-mg-moyen-chien\/","url":"https:\/\/www.vetorino.com\/veterinaire\/pontarlier-25300\/boutique\/product\/effitix-spot-on-134-mg-1200-mg-moyen-chien\/","name":"Effitix Spot On Chien Moyen 10-20 kg Virbac - V\u00e9torino","isPartOf":{"@id":"https:\/\/www.vetorino.com\/boutique\/#website"},"primaryImageOfPage":{"@id":"https:\/\/www.vetorino.com\/veterinaire\/pontarlier-25300\/boutique\/product\/effitix-spot-on-134-mg-1200-mg-moyen-chien\/#primaryimage"},"image":{"@id":"https:\/\/www.vetorino.com\/veterinaire\/pontarlier-25300\/boutique\/product\/effitix-spot-on-134-mg-1200-mg-moyen-chien\/#primaryimage"},"thumbnailUrl":"https:\/\/www.vetorino.com\/boutique\/wp-content\/uploads\/2021\/04\/VIRBA-8129549-2.jpg","datePublished":"2021-04-29T18:22:15+00:00","dateModified":"2024-11-06T13:27:14+00:00","description":"Solution spot-on pour les chiens, utilisation lors d'infestations par les puces et\/ou les tiques, lorsqu'une activit\u00e9 r\u00e9pulsive (anti-gorgement) contre les phl\u00e9botomes et\/ou les moustiques est \u00e9galement n\u00e9cessaire.","breadcrumb":{"@id":"https:\/\/www.vetorino.com\/veterinaire\/pontarlier-25300\/boutique\/product\/effitix-spot-on-134-mg-1200-mg-moyen-chien\/#breadcrumb"},"inLanguage":"fr-FR","potentialAction":[{"@type":"ReadAction","target":["https:\/\/www.vetorino.com\/veterinaire\/pontarlier-25300\/boutique\/product\/effitix-spot-on-134-mg-1200-mg-moyen-chien\/"]}]},{"@type":"ImageObject","inLanguage":"fr-FR","@id":"https:\/\/www.vetorino.com\/veterinaire\/pontarlier-25300\/boutique\/product\/effitix-spot-on-134-mg-1200-mg-moyen-chien\/#primaryimage","url":"https:\/\/www.vetorino.com\/boutique\/wp-content\/uploads\/2021\/04\/VIRBA-8129549-2.jpg","contentUrl":"https:\/\/www.vetorino.com\/boutique\/wp-content\/uploads\/2021\/04\/VIRBA-8129549-2.jpg","width":1000,"height":724},{"@type":"BreadcrumbList","@id":"https:\/\/www.vetorino.com\/veterinaire\/pontarlier-25300\/boutique\/product\/effitix-spot-on-134-mg-1200-mg-moyen-chien\/#breadcrumb","itemListElement":[{"@type":"ListItem","position":1,"name":"Accueil","item":"https:\/\/www.vetorino.com\/boutique\/"},{"@type":"ListItem","position":2,"name":"Produits","item":"https:\/\/www.vetorino.com\/boutique\/"},{"@type":"ListItem","position":3,"name":"Effitix Spot On Chien Moyen 10-20 kg"}]},{"@type":"WebSite","@id":"https:\/\/www.vetorino.com\/boutique\/#website","url":"https:\/\/www.vetorino.com\/boutique\/","name":"V\u00e9torino","description":"","publisher":{"@id":"https:\/\/www.vetorino.com\/boutique\/#organization"},"potentialAction":[{"@type":"SearchAction","target":{"@type":"EntryPoint","urlTemplate":"https:\/\/www.vetorino.com\/boutique\/?s={search_term_string}"},"query-input":{"@type":"PropertyValueSpecification","valueRequired":true,"valueName":"search_term_string"}}],"inLanguage":"fr-FR"},{"@type":"Organization","@id":"https:\/\/www.vetorino.com\/boutique\/#organization","name":"V\u00e9torino","url":"https:\/\/www.vetorino.com\/boutique\/","logo":{"@type":"ImageObject","inLanguage":"fr-FR","@id":"https:\/\/www.vetorino.com\/boutique\/#\/schema\/logo\/image\/","url":"https:\/\/www.vetorino.com\/boutique\/wp-content\/uploads\/2024\/10\/logo.jpg","contentUrl":"https:\/\/www.vetorino.com\/boutique\/wp-content\/uploads\/2024\/10\/logo.jpg","width":1200,"height":610,"caption":"V\u00e9torino"},"image":{"@id":"https:\/\/www.vetorino.com\/boutique\/#\/schema\/logo\/image\/"},"sameAs":["https:\/\/www.facebook.com\/Vetorino\/","https:\/\/www.instagram.com\/vetorino_off\/","https:\/\/www.linkedin.com\/company\/vtorino\/"]}]},"product_brand":"Virbac","og_availability":"instock","product_availability":"instock","product_condition":"new"},"_links":{"self":[{"href":"https:\/\/www.vetorino.com\/veterinaire\/plouzevede-29440\/boutique\/wp-json\/wp\/v2\/product\/174574","targetHints":{"allow":["GET"]}}],"collection":[{"href":"https:\/\/www.vetorino.com\/veterinaire\/plouzevede-29440\/boutique\/wp-json\/wp\/v2\/product"}],"about":[{"href":"https:\/\/www.vetorino.com\/veterinaire\/plouzevede-29440\/boutique\/wp-json\/wp\/v2\/types\/product"}],"wp:featuredmedia":[{"embeddable":true,"href":"https:\/\/www.vetorino.com\/veterinaire\/plouzevede-29440\/boutique\/wp-json\/wp\/v2\/media\/717303"}],"wp:attachment":[{"href":"https:\/\/www.vetorino.com\/veterinaire\/plouzevede-29440\/boutique\/wp-json\/wp\/v2\/media?parent=174574"}],"wp:term":[{"taxonomy":"product_cat","embeddable":true,"href":"https:\/\/www.vetorino.com\/veterinaire\/plouzevede-29440\/boutique\/wp-json\/wp\/v2\/product_cat?post=174574"},{"taxonomy":"product_tag","embeddable":true,"href":"https:\/\/www.vetorino.com\/veterinaire\/plouzevede-29440\/boutique\/wp-json\/wp\/v2\/product_tag?post=174574"}],"curies":[{"name":"wp","href":"https:\/\/api.w.org\/{rel}","templated":true}]}}