{"id":174596,"date":"2021-04-29T20:22:33","date_gmt":"2021-04-29T18:22:33","guid":{"rendered":"https:\/\/www.vetorino.com\/boutique\/product\/clx-wipes-chlorhexidine\/"},"modified":"2024-12-10T16:28:38","modified_gmt":"2024-12-10T15:28:38","slug":"clx-wipes-chlorhexidine","status":"publish","type":"product","link":"https:\/\/www.vetorino.com\/veterinaire\/plouzevede-29440\/boutique\/product\/clx-wipes-chlorhexidine\/","title":{"rendered":"CLX Wipes"},"content":{"rendered":"<p><strong>Lingettes nettoyantes humides, d\u00e9sinfectantes pour chiens, chats, <b>chevaux et autres animaux.<\/b><\/strong><\/p>\n<p><strong>Utilisation :<\/strong><\/p>\n<p>1. Utiliser une \u00e0 plusieurs fois par jour, ou autant que n\u00e9cessaire.<br \/>\n2. Appliquer \u00e0 rebrousse-poil. Ne pas rincer apr\u00e8s application.<br \/>\n3. Refermer l&#8217;emballage pour \u00e9viter que les lingettes ne se dess\u00e8chent.<br \/>\n4. \u00c9viter tout contact avec les yeux.<\/p>\n<p><strong>Avantages :<\/strong><\/p>\n<ul>\n<li>Id\u00e9ales pour le nettoyage des pattes, des espaces interdigit\u00e9s et des plis cutan\u00e9s, zones localis\u00e9es<\/li>\n<li>\u00c9liminent efficacement les mauvaises odeurs.<\/li>\n<li>Compatibles avec un traitement m\u00e9dicamenteux contre les infections cutan\u00e9es telles que celles dues \u00e0 des levures Malassezia et \u00e0 des bact\u00e9ries.<\/li>\n<li>Ne provoquent pas de picotements ni d&#8217;inconfort lors de l&#8217;application.<\/li>\n<li>Format pocket pratique pour les voyages, transportable partout avec soi.<\/li>\n<\/ul>\n","protected":false},"excerpt":{"rendered":"<p class=\"value\"><b>Lingettes humides nettoyantes, assainissantes et hydratantes pratiques pour chiens, chats, chevaux et autres animaux, contenant de la chlorhexidine et du Tris-EDTA.<\/b><\/p>\n<p><strong>Utilisation :<\/strong><\/p>\n<p>Les CLX Wipes sont des lingettes humides nettoyantes, assainissantes et hydratantes pratiques pour chiens, chats, chevaux et autres animaux, con\u00e7ues pour le nettoyage des pattes, espaces interdigit\u00e9s et plis cutan\u00e9s (nez, l\u00e8vres et vulve).<\/p>\n<p>Elles \u00e9liminent \u00e9galement les mauvaises odeurs. Elles peuvent \u00eatre utilis\u00e9es en compl\u00e9ment d&#8217;un traitement m\u00e9dicamenteux contre les infections cutan\u00e9es (dues par exemple \u00e0 des levures Malassezia et \u00e0 des bact\u00e9ries). Ne piquent pas.<\/p>\n","protected":false},"featured_media":1130146,"template":"","meta":[],"product_cat":[2697,12547,2698,12611,12612,12560,12561,12617,12618,12619,2727,12565],"product_tag":[],"class_list":{"0":"post-174596","1":"product","2":"type-product","3":"status-publish","4":"has-post-thumbnail","6":"product_cat-chat","7":"product_cat-cheval","8":"product_cat-chien","9":"product_cat-hygiene-de-la-peau-et-du-pelage-du-chat","10":"product_cat-hygiene-de-la-peau-et-du-pelage-du-chien","11":"product_cat-hygiene-du-chat","12":"product_cat-hygiene-du-chien","13":"product_cat-hygiene-du-furet","14":"product_cat-hygiene-du-lapin","15":"product_cat-hygiene-du-rongeur","16":"product_cat-nac","17":"product_cat-peau-corne-crin-du-cheval","18":"pa_marque-icf","19":"pa_marque-nextmune","21":"first","22":"instock","23":"taxable","24":"shipping-taxable","25":"purchasable","26":"product-type-variable"},"yoast_head":"<!-- This site is optimized with the Yoast SEO plugin v27.3 - https:\/\/yoast.com\/product\/yoast-seo-wordpress\/ -->\n<title>CLX Wipes ICF, NEXTMUNE - V\u00e9torino<\/title>\n<meta name=\"description\" content=\"Lingettes humides nettoyantes, assainissantes et hydratantes pratiques pour chiens, chats, chevaux et autres animaux, contenant de la chlorhexidine et du Tris-EDTA. Utilisation :  Les CLX Wipes sont des lingettes humides nettoyantes, assainissantes et hydratantes pratiques pour chiens, chats, chevaux et autres animaux, con\u00e7ues pour le nettoyage des pattes, espaces interdigit\u00e9s et plis cutan\u00e9s (nez, l\u00e8vres et vulve).  Elles \u00e9liminent \u00e9galement les mauvaises odeurs. Elles peuvent \u00eatre utilis\u00e9es en compl\u00e9ment d&#039;un traitement m\u00e9dicamenteux contre les infections cutan\u00e9es (dues par exemple \u00e0 des levures Malassezia et \u00e0 des bact\u00e9ries). Ne piquent pas.\" \/>\n<meta name=\"robots\" content=\"noindex, nofollow\" \/>\n<meta property=\"og:locale\" content=\"fr_FR\" \/>\n<meta property=\"og:type\" content=\"article\" \/>\n<meta property=\"og:title\" content=\"CLX Wipes ICF, NEXTMUNE - V\u00e9torino\" \/>\n<meta property=\"og:description\" content=\"Lingettes humides nettoyantes, assainissantes et hydratantes pratiques pour chiens, chats, chevaux et autres animaux, contenant de la chlorhexidine et du Tris-EDTA. Utilisation :  Les CLX Wipes sont des lingettes humides nettoyantes, assainissantes et hydratantes pratiques pour chiens, chats, chevaux et autres animaux, con\u00e7ues pour le nettoyage des pattes, espaces interdigit\u00e9s et plis cutan\u00e9s (nez, l\u00e8vres et vulve).  Elles \u00e9liminent \u00e9galement les mauvaises odeurs. Elles peuvent \u00eatre utilis\u00e9es en compl\u00e9ment d&#039;un traitement m\u00e9dicamenteux contre les infections cutan\u00e9es (dues par exemple \u00e0 des levures Malassezia et \u00e0 des bact\u00e9ries). Ne piquent pas.\" \/>\n<meta property=\"og:url\" content=\"https:\/\/www.vetorino.com\/veterinaire\/plouzevede-29440\/boutique\/product\/clx-wipes-chlorhexidine\/\" \/>\n<meta property=\"og:site_name\" content=\"V\u00e9torino\" \/>\n<meta property=\"article:publisher\" content=\"https:\/\/www.facebook.com\/Vetorino\/\" \/>\n<meta property=\"article:modified_time\" content=\"2024-12-10T15:28:38+00:00\" \/>\n<meta property=\"og:image\" content=\"https:\/\/www.vetorino.com\/boutique\/wp-content\/uploads\/2021\/04\/clx-wipes-1.webp\" \/>\n\t<meta property=\"og:image:width\" content=\"800\" \/>\n\t<meta property=\"og:image:height\" content=\"800\" \/>\n\t<meta property=\"og:image:type\" content=\"image\/webp\" \/>\n<meta name=\"twitter:card\" content=\"summary_large_image\" \/>\n<meta name=\"twitter:label1\" content=\"Disponibilit\u00e9\" \/>\n\t<meta name=\"twitter:data1\" content=\"En stock\" \/>\n<script type=\"application\/ld+json\" class=\"yoast-schema-graph\">{\"@context\":\"https:\\\/\\\/schema.org\",\"@graph\":[{\"@type\":\"WebPage\",\"@id\":\"https:\\\/\\\/www.vetorino.com\\\/boutique\\\/product\\\/clx-wipes-chlorhexidine\\\/\",\"url\":\"https:\\\/\\\/www.vetorino.com\\\/boutique\\\/product\\\/clx-wipes-chlorhexidine\\\/\",\"name\":\"CLX Wipes ICF, NEXTMUNE - V\u00e9torino\",\"isPartOf\":{\"@id\":\"https:\\\/\\\/www.vetorino.com\\\/boutique\\\/#website\"},\"primaryImageOfPage\":{\"@id\":\"https:\\\/\\\/www.vetorino.com\\\/boutique\\\/product\\\/clx-wipes-chlorhexidine\\\/#primaryimage\"},\"image\":{\"@id\":\"https:\\\/\\\/www.vetorino.com\\\/boutique\\\/product\\\/clx-wipes-chlorhexidine\\\/#primaryimage\"},\"thumbnailUrl\":\"https:\\\/\\\/www.vetorino.com\\\/boutique\\\/wp-content\\\/uploads\\\/2021\\\/04\\\/clx-wipes-1.webp\",\"datePublished\":\"2021-04-29T18:22:33+00:00\",\"dateModified\":\"2024-12-10T15:28:38+00:00\",\"description\":\"Lingettes humides nettoyantes, assainissantes et hydratantes pratiques pour chiens, chats, chevaux et autres animaux, contenant de la chlorhexidine et du Tris-EDTA. Utilisation : Les CLX Wipes sont des lingettes humides nettoyantes, assainissantes et hydratantes pratiques pour chiens, chats, chevaux et autres animaux, con\u00e7ues pour le nettoyage des pattes, espaces interdigit\u00e9s et plis cutan\u00e9s (nez, l\u00e8vres et vulve). Elles \u00e9liminent \u00e9galement les mauvaises odeurs. Elles peuvent \u00eatre utilis\u00e9es en compl\u00e9ment d'un traitement m\u00e9dicamenteux contre les infections cutan\u00e9es (dues par exemple \u00e0 des levures Malassezia et \u00e0 des bact\u00e9ries). Ne piquent pas.\",\"breadcrumb\":{\"@id\":\"https:\\\/\\\/www.vetorino.com\\\/boutique\\\/product\\\/clx-wipes-chlorhexidine\\\/#breadcrumb\"},\"inLanguage\":\"fr-FR\",\"potentialAction\":[{\"@type\":\"ReadAction\",\"target\":[\"https:\\\/\\\/www.vetorino.com\\\/boutique\\\/product\\\/clx-wipes-chlorhexidine\\\/\"]}]},{\"@type\":\"ImageObject\",\"inLanguage\":\"fr-FR\",\"@id\":\"https:\\\/\\\/www.vetorino.com\\\/boutique\\\/product\\\/clx-wipes-chlorhexidine\\\/#primaryimage\",\"url\":\"https:\\\/\\\/www.vetorino.com\\\/boutique\\\/wp-content\\\/uploads\\\/2021\\\/04\\\/clx-wipes-1.webp\",\"contentUrl\":\"https:\\\/\\\/www.vetorino.com\\\/boutique\\\/wp-content\\\/uploads\\\/2021\\\/04\\\/clx-wipes-1.webp\",\"width\":800,\"height\":800},{\"@type\":\"BreadcrumbList\",\"@id\":\"https:\\\/\\\/www.vetorino.com\\\/boutique\\\/product\\\/clx-wipes-chlorhexidine\\\/#breadcrumb\",\"itemListElement\":[{\"@type\":\"ListItem\",\"position\":1,\"name\":\"Accueil\",\"item\":\"https:\\\/\\\/www.vetorino.com\\\/boutique\\\/\"},{\"@type\":\"ListItem\",\"position\":2,\"name\":\"Produits\",\"item\":\"https:\\\/\\\/www.vetorino.com\\\/boutique\\\/\"},{\"@type\":\"ListItem\",\"position\":3,\"name\":\"CLX Wipes\"}]},{\"@type\":\"WebSite\",\"@id\":\"https:\\\/\\\/www.vetorino.com\\\/boutique\\\/#website\",\"url\":\"https:\\\/\\\/www.vetorino.com\\\/boutique\\\/\",\"name\":\"V\u00e9torino\",\"description\":\"\",\"publisher\":{\"@id\":\"https:\\\/\\\/www.vetorino.com\\\/boutique\\\/#organization\"},\"potentialAction\":[{\"@type\":\"SearchAction\",\"target\":{\"@type\":\"EntryPoint\",\"urlTemplate\":\"https:\\\/\\\/www.vetorino.com\\\/boutique\\\/?s={search_term_string}\"},\"query-input\":{\"@type\":\"PropertyValueSpecification\",\"valueRequired\":true,\"valueName\":\"search_term_string\"}}],\"inLanguage\":\"fr-FR\"},{\"@type\":\"Organization\",\"@id\":\"https:\\\/\\\/www.vetorino.com\\\/boutique\\\/#organization\",\"name\":\"V\u00e9torino\",\"url\":\"https:\\\/\\\/www.vetorino.com\\\/boutique\\\/\",\"logo\":{\"@type\":\"ImageObject\",\"inLanguage\":\"fr-FR\",\"@id\":\"https:\\\/\\\/www.vetorino.com\\\/boutique\\\/#\\\/schema\\\/logo\\\/image\\\/\",\"url\":\"https:\\\/\\\/www.vetorino.com\\\/boutique\\\/wp-content\\\/uploads\\\/2024\\\/10\\\/logo.jpg\",\"contentUrl\":\"https:\\\/\\\/www.vetorino.com\\\/boutique\\\/wp-content\\\/uploads\\\/2024\\\/10\\\/logo.jpg\",\"width\":1200,\"height\":610,\"caption\":\"V\u00e9torino\"},\"image\":{\"@id\":\"https:\\\/\\\/www.vetorino.com\\\/boutique\\\/#\\\/schema\\\/logo\\\/image\\\/\"},\"sameAs\":[\"https:\\\/\\\/www.facebook.com\\\/Vetorino\\\/\",\"https:\\\/\\\/www.instagram.com\\\/vetorino_off\\\/\",\"https:\\\/\\\/www.linkedin.com\\\/company\\\/vtorino\\\/\"]}]}<\/script>\n<meta property=\"product:brand\" content=\"ICF\" \/>\n<meta property=\"og:availability\" content=\"instock\" \/>\n<meta property=\"product:availability\" content=\"instock\" \/>\n<meta property=\"product:condition\" content=\"new\" \/>\n<!-- \/ Yoast SEO plugin. -->","yoast_head_json":{"title":"CLX Wipes ICF, NEXTMUNE - V\u00e9torino","description":"Lingettes humides nettoyantes, assainissantes et hydratantes pratiques pour chiens, chats, chevaux et autres animaux, contenant de la chlorhexidine et du Tris-EDTA. Utilisation :  Les CLX Wipes sont des lingettes humides nettoyantes, assainissantes et hydratantes pratiques pour chiens, chats, chevaux et autres animaux, con\u00e7ues pour le nettoyage des pattes, espaces interdigit\u00e9s et plis cutan\u00e9s (nez, l\u00e8vres et vulve).  Elles \u00e9liminent \u00e9galement les mauvaises odeurs. Elles peuvent \u00eatre utilis\u00e9es en compl\u00e9ment d'un traitement m\u00e9dicamenteux contre les infections cutan\u00e9es (dues par exemple \u00e0 des levures Malassezia et \u00e0 des bact\u00e9ries). Ne piquent pas.","robots":{"index":"noindex","follow":"nofollow"},"og_locale":"fr_FR","og_type":"article","og_title":"CLX Wipes ICF, NEXTMUNE - V\u00e9torino","og_description":"Lingettes humides nettoyantes, assainissantes et hydratantes pratiques pour chiens, chats, chevaux et autres animaux, contenant de la chlorhexidine et du Tris-EDTA. Utilisation :  Les CLX Wipes sont des lingettes humides nettoyantes, assainissantes et hydratantes pratiques pour chiens, chats, chevaux et autres animaux, con\u00e7ues pour le nettoyage des pattes, espaces interdigit\u00e9s et plis cutan\u00e9s (nez, l\u00e8vres et vulve).  Elles \u00e9liminent \u00e9galement les mauvaises odeurs. Elles peuvent \u00eatre utilis\u00e9es en compl\u00e9ment d'un traitement m\u00e9dicamenteux contre les infections cutan\u00e9es (dues par exemple \u00e0 des levures Malassezia et \u00e0 des bact\u00e9ries). Ne piquent pas.","og_url":"https:\/\/www.vetorino.com\/veterinaire\/plouzevede-29440\/boutique\/product\/clx-wipes-chlorhexidine\/","og_site_name":"V\u00e9torino","article_publisher":"https:\/\/www.facebook.com\/Vetorino\/","article_modified_time":"2024-12-10T15:28:38+00:00","og_image":[{"width":800,"height":800,"url":"https:\/\/www.vetorino.com\/boutique\/wp-content\/uploads\/2021\/04\/clx-wipes-1.webp","type":"image\/webp"}],"twitter_card":"summary_large_image","twitter_misc":{"Disponibilit\u00e9":"En stock"},"schema":{"@context":"https:\/\/schema.org","@graph":[{"@type":"WebPage","@id":"https:\/\/www.vetorino.com\/boutique\/product\/clx-wipes-chlorhexidine\/","url":"https:\/\/www.vetorino.com\/boutique\/product\/clx-wipes-chlorhexidine\/","name":"CLX Wipes ICF, NEXTMUNE - V\u00e9torino","isPartOf":{"@id":"https:\/\/www.vetorino.com\/boutique\/#website"},"primaryImageOfPage":{"@id":"https:\/\/www.vetorino.com\/boutique\/product\/clx-wipes-chlorhexidine\/#primaryimage"},"image":{"@id":"https:\/\/www.vetorino.com\/boutique\/product\/clx-wipes-chlorhexidine\/#primaryimage"},"thumbnailUrl":"https:\/\/www.vetorino.com\/boutique\/wp-content\/uploads\/2021\/04\/clx-wipes-1.webp","datePublished":"2021-04-29T18:22:33+00:00","dateModified":"2024-12-10T15:28:38+00:00","description":"Lingettes humides nettoyantes, assainissantes et hydratantes pratiques pour chiens, chats, chevaux et autres animaux, contenant de la chlorhexidine et du Tris-EDTA. Utilisation : Les CLX Wipes sont des lingettes humides nettoyantes, assainissantes et hydratantes pratiques pour chiens, chats, chevaux et autres animaux, con\u00e7ues pour le nettoyage des pattes, espaces interdigit\u00e9s et plis cutan\u00e9s (nez, l\u00e8vres et vulve). Elles \u00e9liminent \u00e9galement les mauvaises odeurs. Elles peuvent \u00eatre utilis\u00e9es en compl\u00e9ment d'un traitement m\u00e9dicamenteux contre les infections cutan\u00e9es (dues par exemple \u00e0 des levures Malassezia et \u00e0 des bact\u00e9ries). Ne piquent pas.","breadcrumb":{"@id":"https:\/\/www.vetorino.com\/boutique\/product\/clx-wipes-chlorhexidine\/#breadcrumb"},"inLanguage":"fr-FR","potentialAction":[{"@type":"ReadAction","target":["https:\/\/www.vetorino.com\/boutique\/product\/clx-wipes-chlorhexidine\/"]}]},{"@type":"ImageObject","inLanguage":"fr-FR","@id":"https:\/\/www.vetorino.com\/boutique\/product\/clx-wipes-chlorhexidine\/#primaryimage","url":"https:\/\/www.vetorino.com\/boutique\/wp-content\/uploads\/2021\/04\/clx-wipes-1.webp","contentUrl":"https:\/\/www.vetorino.com\/boutique\/wp-content\/uploads\/2021\/04\/clx-wipes-1.webp","width":800,"height":800},{"@type":"BreadcrumbList","@id":"https:\/\/www.vetorino.com\/boutique\/product\/clx-wipes-chlorhexidine\/#breadcrumb","itemListElement":[{"@type":"ListItem","position":1,"name":"Accueil","item":"https:\/\/www.vetorino.com\/boutique\/"},{"@type":"ListItem","position":2,"name":"Produits","item":"https:\/\/www.vetorino.com\/boutique\/"},{"@type":"ListItem","position":3,"name":"CLX Wipes"}]},{"@type":"WebSite","@id":"https:\/\/www.vetorino.com\/boutique\/#website","url":"https:\/\/www.vetorino.com\/boutique\/","name":"V\u00e9torino","description":"","publisher":{"@id":"https:\/\/www.vetorino.com\/boutique\/#organization"},"potentialAction":[{"@type":"SearchAction","target":{"@type":"EntryPoint","urlTemplate":"https:\/\/www.vetorino.com\/boutique\/?s={search_term_string}"},"query-input":{"@type":"PropertyValueSpecification","valueRequired":true,"valueName":"search_term_string"}}],"inLanguage":"fr-FR"},{"@type":"Organization","@id":"https:\/\/www.vetorino.com\/boutique\/#organization","name":"V\u00e9torino","url":"https:\/\/www.vetorino.com\/boutique\/","logo":{"@type":"ImageObject","inLanguage":"fr-FR","@id":"https:\/\/www.vetorino.com\/boutique\/#\/schema\/logo\/image\/","url":"https:\/\/www.vetorino.com\/boutique\/wp-content\/uploads\/2024\/10\/logo.jpg","contentUrl":"https:\/\/www.vetorino.com\/boutique\/wp-content\/uploads\/2024\/10\/logo.jpg","width":1200,"height":610,"caption":"V\u00e9torino"},"image":{"@id":"https:\/\/www.vetorino.com\/boutique\/#\/schema\/logo\/image\/"},"sameAs":["https:\/\/www.facebook.com\/Vetorino\/","https:\/\/www.instagram.com\/vetorino_off\/","https:\/\/www.linkedin.com\/company\/vtorino\/"]}]},"product_brand":"ICF","og_availability":"instock","product_availability":"instock","product_condition":"new"},"_links":{"self":[{"href":"https:\/\/www.vetorino.com\/veterinaire\/plouzevede-29440\/boutique\/wp-json\/wp\/v2\/product\/174596","targetHints":{"allow":["GET"]}}],"collection":[{"href":"https:\/\/www.vetorino.com\/veterinaire\/plouzevede-29440\/boutique\/wp-json\/wp\/v2\/product"}],"about":[{"href":"https:\/\/www.vetorino.com\/veterinaire\/plouzevede-29440\/boutique\/wp-json\/wp\/v2\/types\/product"}],"wp:featuredmedia":[{"embeddable":true,"href":"https:\/\/www.vetorino.com\/veterinaire\/plouzevede-29440\/boutique\/wp-json\/wp\/v2\/media\/1130146"}],"wp:attachment":[{"href":"https:\/\/www.vetorino.com\/veterinaire\/plouzevede-29440\/boutique\/wp-json\/wp\/v2\/media?parent=174596"}],"wp:term":[{"taxonomy":"product_cat","embeddable":true,"href":"https:\/\/www.vetorino.com\/veterinaire\/plouzevede-29440\/boutique\/wp-json\/wp\/v2\/product_cat?post=174596"},{"taxonomy":"product_tag","embeddable":true,"href":"https:\/\/www.vetorino.com\/veterinaire\/plouzevede-29440\/boutique\/wp-json\/wp\/v2\/product_tag?post=174596"}],"curies":[{"name":"wp","href":"https:\/\/api.w.org\/{rel}","templated":true}]}}