{"id":174602,"date":"2021-04-29T20:22:40","date_gmt":"2021-04-29T18:22:40","guid":{"rendered":"https:\/\/www.vetorino.com\/boutique\/product\/phytobiovet-nettoyant-yeux\/"},"modified":"2024-05-07T11:16:06","modified_gmt":"2024-05-07T09:16:06","slug":"phytobiovet-nettoyant-yeux","status":"publish","type":"product","link":"https:\/\/www.vetorino.com\/veterinaire\/plouzevede-29440\/boutique\/product\/phytobiovet-nettoyant-yeux\/","title":{"rendered":"Phytobiovet Nettoyant yeux"},"content":{"rendered":"<p><strong>Phytoviovet nettoyant pour les yeux est une solution d&#8217;hygi\u00e8ne oculaire calmante et \u00e9molliente pour le nettoyage des paupi\u00e8res et du contour de l&#8217;oeil.<\/strong><\/p>\n<p><strong>Utilisation :<\/strong><\/p>\n<ul>\n<li>En entretien r\u00e9gulier ou avant l\u2019utilisation d\u2019un traitement ophtalmique<\/li>\n<li>Pour chiens et chats<\/li>\n<\/ul>\n<p><strong>Mode d&#8217;emploi :<\/strong><\/p>\n<ul>\n<li>Appliquer aussi souvent que n\u00e9cessaire pour le nettoyage du contour de l\u2019\u0153il et des paupi\u00e8res soit directement, soit \u00e0 l\u2019aide d\u2019une compresse imbib\u00e9e.<\/li>\n<li>En entretien r\u00e9gulier ou avant l\u2019instillation d\u2019un collyre ou d\u2019une pommade ophtalmique.<\/li>\n<\/ul>\n<p><strong>Avantages :<\/strong><\/p>\n<ul>\n<li>Le distillat de bleuet est apaisant, astringent et d\u00e9congestionnant. Il poss\u00e8de des propri\u00e9t\u00e9s anti-inflammatoires et antioxydantes.<\/li>\n<li>La rose de Damas est connue pour ses propri\u00e9t\u00e9s apaisantes et antimicrobiennes.<\/li>\n<li>L\u2019eau florale de camomille romaine aux propri\u00e9t\u00e9s anti-inflammatoires, cicatrisantes et apaisantes soulage les yeux fatigu\u00e9s, les peaux irrit\u00e9es ainsi que les rougeurs.<\/li>\n<\/ul>\n","protected":false},"excerpt":{"rendered":"<p><strong>Phytoviovet nettoyant pour les yeux est une solution d&#8217;hygi\u00e8ne oculaire calmante et \u00e9molliente pour le nettoyage des paupi\u00e8res et du contour de l&#8217;oeil.<\/strong><\/p>\n<p><strong>Utilisation :<\/strong><\/p>\n<ul>\n<li>En entretien r\u00e9gulier ou avant l\u2019utilisation d\u2019un traitement ophtalmique<\/li>\n<li>Pour chiens et chats<\/li>\n<\/ul>\n","protected":false},"featured_media":915912,"template":"","meta":[],"product_cat":[2697,2698,12615,12616,12560,12561],"product_tag":[],"class_list":{"0":"post-174602","1":"product","2":"type-product","3":"status-publish","4":"has-post-thumbnail","6":"product_cat-chat","7":"product_cat-chien","8":"product_cat-hygiene-des-yeux-du-chat","9":"product_cat-hygiene-des-yeux-du-chien","10":"product_cat-hygiene-du-chat","11":"product_cat-hygiene-du-chien","12":"pa_marque-mp-labo","14":"first","15":"instock","16":"taxable","17":"shipping-taxable","18":"purchasable","19":"product-type-simple"},"yoast_head":"<!-- This site is optimized with the Yoast SEO plugin v27.3 - https:\/\/yoast.com\/product\/yoast-seo-wordpress\/ -->\n<title>Phytobiovet Nettoyant yeux Mp Labo - V\u00e9torino<\/title>\n<meta name=\"description\" content=\"Phytoviovet nettoyant pour les yeux est une solution d&#039;hygi\u00e8ne oculaire calmante et \u00e9molliente pour le nettoyage des paupi\u00e8res et du contour de l&#039;oeil.  Utilisation :   En entretien r\u00e9gulier ou avant l\u2019utilisation d\u2019un traitement ophtalmique  Pour chiens et chats\" \/>\n<meta name=\"robots\" content=\"noindex, nofollow\" \/>\n<meta property=\"og:locale\" content=\"fr_FR\" \/>\n<meta property=\"og:type\" content=\"article\" \/>\n<meta property=\"og:title\" content=\"Phytobiovet Nettoyant yeux Mp Labo - V\u00e9torino\" \/>\n<meta property=\"og:description\" content=\"Phytoviovet nettoyant pour les yeux est une solution d&#039;hygi\u00e8ne oculaire calmante et \u00e9molliente pour le nettoyage des paupi\u00e8res et du contour de l&#039;oeil.  Utilisation :   En entretien r\u00e9gulier ou avant l\u2019utilisation d\u2019un traitement ophtalmique  Pour chiens et chats\" \/>\n<meta property=\"og:url\" content=\"https:\/\/www.vetorino.com\/veterinaire\/plouzevede-29440\/boutique\/product\/phytobiovet-nettoyant-yeux\/\" \/>\n<meta property=\"og:site_name\" content=\"V\u00e9torino\" \/>\n<meta property=\"article:publisher\" content=\"https:\/\/www.facebook.com\/Vetorino\/\" \/>\n<meta property=\"article:modified_time\" content=\"2024-05-07T09:16:06+00:00\" \/>\n<meta property=\"og:image\" content=\"https:\/\/www.vetorino.com\/boutique\/wp-content\/uploads\/2020\/11\/phytobiovet-nettoyant-yeux.webp\" \/>\n\t<meta property=\"og:image:width\" content=\"800\" \/>\n\t<meta property=\"og:image:height\" content=\"800\" \/>\n\t<meta property=\"og:image:type\" content=\"image\/webp\" \/>\n<meta name=\"twitter:card\" content=\"summary_large_image\" \/>\n<meta name=\"twitter:label1\" content=\"Prix\" \/>\n\t<meta name=\"twitter:data1\" content=\"13,17&euro;\" \/>\n\t<meta name=\"twitter:label2\" content=\"Disponibilit\u00e9\" \/>\n\t<meta name=\"twitter:data2\" content=\"En stock\" \/>\n<script type=\"application\/ld+json\" class=\"yoast-schema-graph\">{\"@context\":\"https:\\\/\\\/schema.org\",\"@graph\":[{\"@type\":\"WebPage\",\"@id\":\"https:\\\/\\\/www.vetorino.com\\\/boutique\\\/product\\\/phytobiovet-nettoyant-yeux\\\/\",\"url\":\"https:\\\/\\\/www.vetorino.com\\\/boutique\\\/product\\\/phytobiovet-nettoyant-yeux\\\/\",\"name\":\"Phytobiovet Nettoyant yeux Mp Labo - V\u00e9torino\",\"isPartOf\":{\"@id\":\"https:\\\/\\\/www.vetorino.com\\\/boutique\\\/#website\"},\"primaryImageOfPage\":{\"@id\":\"https:\\\/\\\/www.vetorino.com\\\/boutique\\\/product\\\/phytobiovet-nettoyant-yeux\\\/#primaryimage\"},\"image\":{\"@id\":\"https:\\\/\\\/www.vetorino.com\\\/boutique\\\/product\\\/phytobiovet-nettoyant-yeux\\\/#primaryimage\"},\"thumbnailUrl\":\"https:\\\/\\\/www.vetorino.com\\\/boutique\\\/wp-content\\\/uploads\\\/2020\\\/11\\\/phytobiovet-nettoyant-yeux.webp\",\"datePublished\":\"2021-04-29T18:22:40+00:00\",\"dateModified\":\"2024-05-07T09:16:06+00:00\",\"description\":\"Phytoviovet nettoyant pour les yeux est une solution d'hygi\u00e8ne oculaire calmante et \u00e9molliente pour le nettoyage des paupi\u00e8res et du contour de l'oeil. Utilisation : En entretien r\u00e9gulier ou avant l\u2019utilisation d\u2019un traitement ophtalmique Pour chiens et chats\",\"breadcrumb\":{\"@id\":\"https:\\\/\\\/www.vetorino.com\\\/boutique\\\/product\\\/phytobiovet-nettoyant-yeux\\\/#breadcrumb\"},\"inLanguage\":\"fr-FR\",\"potentialAction\":[{\"@type\":\"ReadAction\",\"target\":[\"https:\\\/\\\/www.vetorino.com\\\/boutique\\\/product\\\/phytobiovet-nettoyant-yeux\\\/\"]}]},{\"@type\":\"ImageObject\",\"inLanguage\":\"fr-FR\",\"@id\":\"https:\\\/\\\/www.vetorino.com\\\/boutique\\\/product\\\/phytobiovet-nettoyant-yeux\\\/#primaryimage\",\"url\":\"https:\\\/\\\/www.vetorino.com\\\/boutique\\\/wp-content\\\/uploads\\\/2020\\\/11\\\/phytobiovet-nettoyant-yeux.webp\",\"contentUrl\":\"https:\\\/\\\/www.vetorino.com\\\/boutique\\\/wp-content\\\/uploads\\\/2020\\\/11\\\/phytobiovet-nettoyant-yeux.webp\",\"width\":800,\"height\":800},{\"@type\":\"BreadcrumbList\",\"@id\":\"https:\\\/\\\/www.vetorino.com\\\/boutique\\\/product\\\/phytobiovet-nettoyant-yeux\\\/#breadcrumb\",\"itemListElement\":[{\"@type\":\"ListItem\",\"position\":1,\"name\":\"Accueil\",\"item\":\"https:\\\/\\\/www.vetorino.com\\\/boutique\\\/\"},{\"@type\":\"ListItem\",\"position\":2,\"name\":\"Produits\",\"item\":\"https:\\\/\\\/www.vetorino.com\\\/boutique\\\/\"},{\"@type\":\"ListItem\",\"position\":3,\"name\":\"Phytobiovet Nettoyant yeux\"}]},{\"@type\":\"WebSite\",\"@id\":\"https:\\\/\\\/www.vetorino.com\\\/boutique\\\/#website\",\"url\":\"https:\\\/\\\/www.vetorino.com\\\/boutique\\\/\",\"name\":\"V\u00e9torino\",\"description\":\"\",\"publisher\":{\"@id\":\"https:\\\/\\\/www.vetorino.com\\\/boutique\\\/#organization\"},\"potentialAction\":[{\"@type\":\"SearchAction\",\"target\":{\"@type\":\"EntryPoint\",\"urlTemplate\":\"https:\\\/\\\/www.vetorino.com\\\/boutique\\\/?s={search_term_string}\"},\"query-input\":{\"@type\":\"PropertyValueSpecification\",\"valueRequired\":true,\"valueName\":\"search_term_string\"}}],\"inLanguage\":\"fr-FR\"},{\"@type\":\"Organization\",\"@id\":\"https:\\\/\\\/www.vetorino.com\\\/boutique\\\/#organization\",\"name\":\"V\u00e9torino\",\"url\":\"https:\\\/\\\/www.vetorino.com\\\/boutique\\\/\",\"logo\":{\"@type\":\"ImageObject\",\"inLanguage\":\"fr-FR\",\"@id\":\"https:\\\/\\\/www.vetorino.com\\\/boutique\\\/#\\\/schema\\\/logo\\\/image\\\/\",\"url\":\"https:\\\/\\\/www.vetorino.com\\\/boutique\\\/wp-content\\\/uploads\\\/2024\\\/10\\\/logo.jpg\",\"contentUrl\":\"https:\\\/\\\/www.vetorino.com\\\/boutique\\\/wp-content\\\/uploads\\\/2024\\\/10\\\/logo.jpg\",\"width\":1200,\"height\":610,\"caption\":\"V\u00e9torino\"},\"image\":{\"@id\":\"https:\\\/\\\/www.vetorino.com\\\/boutique\\\/#\\\/schema\\\/logo\\\/image\\\/\"},\"sameAs\":[\"https:\\\/\\\/www.facebook.com\\\/Vetorino\\\/\",\"https:\\\/\\\/www.instagram.com\\\/vetorino_off\\\/\",\"https:\\\/\\\/www.linkedin.com\\\/company\\\/vtorino\\\/\"]}]}<\/script>\n<meta property=\"product:brand\" content=\"Mp Labo\" \/>\n<meta property=\"product:price:amount\" content=\"13.17\" \/>\n<meta property=\"product:price:currency\" content=\"EUR\" \/>\n<meta property=\"og:availability\" content=\"instock\" \/>\n<meta property=\"product:availability\" content=\"instock\" \/>\n<meta property=\"product:retailer_item_id\" content=\"A-1849220\" \/>\n<meta property=\"product:condition\" content=\"new\" \/>\n<!-- \/ Yoast SEO plugin. -->","yoast_head_json":{"title":"Phytobiovet Nettoyant yeux Mp Labo - V\u00e9torino","description":"Phytoviovet nettoyant pour les yeux est une solution d'hygi\u00e8ne oculaire calmante et \u00e9molliente pour le nettoyage des paupi\u00e8res et du contour de l'oeil.  Utilisation :   En entretien r\u00e9gulier ou avant l\u2019utilisation d\u2019un traitement ophtalmique  Pour chiens et chats","robots":{"index":"noindex","follow":"nofollow"},"og_locale":"fr_FR","og_type":"article","og_title":"Phytobiovet Nettoyant yeux Mp Labo - V\u00e9torino","og_description":"Phytoviovet nettoyant pour les yeux est une solution d'hygi\u00e8ne oculaire calmante et \u00e9molliente pour le nettoyage des paupi\u00e8res et du contour de l'oeil.  Utilisation :   En entretien r\u00e9gulier ou avant l\u2019utilisation d\u2019un traitement ophtalmique  Pour chiens et chats","og_url":"https:\/\/www.vetorino.com\/veterinaire\/plouzevede-29440\/boutique\/product\/phytobiovet-nettoyant-yeux\/","og_site_name":"V\u00e9torino","article_publisher":"https:\/\/www.facebook.com\/Vetorino\/","article_modified_time":"2024-05-07T09:16:06+00:00","og_image":[{"width":800,"height":800,"url":"https:\/\/www.vetorino.com\/boutique\/wp-content\/uploads\/2020\/11\/phytobiovet-nettoyant-yeux.webp","type":"image\/webp"}],"twitter_card":"summary_large_image","twitter_misc":{"Prix":"13,17&euro;","Disponibilit\u00e9":"En stock"},"schema":{"@context":"https:\/\/schema.org","@graph":[{"@type":"WebPage","@id":"https:\/\/www.vetorino.com\/boutique\/product\/phytobiovet-nettoyant-yeux\/","url":"https:\/\/www.vetorino.com\/boutique\/product\/phytobiovet-nettoyant-yeux\/","name":"Phytobiovet Nettoyant yeux Mp Labo - V\u00e9torino","isPartOf":{"@id":"https:\/\/www.vetorino.com\/boutique\/#website"},"primaryImageOfPage":{"@id":"https:\/\/www.vetorino.com\/boutique\/product\/phytobiovet-nettoyant-yeux\/#primaryimage"},"image":{"@id":"https:\/\/www.vetorino.com\/boutique\/product\/phytobiovet-nettoyant-yeux\/#primaryimage"},"thumbnailUrl":"https:\/\/www.vetorino.com\/boutique\/wp-content\/uploads\/2020\/11\/phytobiovet-nettoyant-yeux.webp","datePublished":"2021-04-29T18:22:40+00:00","dateModified":"2024-05-07T09:16:06+00:00","description":"Phytoviovet nettoyant pour les yeux est une solution d'hygi\u00e8ne oculaire calmante et \u00e9molliente pour le nettoyage des paupi\u00e8res et du contour de l'oeil. Utilisation : En entretien r\u00e9gulier ou avant l\u2019utilisation d\u2019un traitement ophtalmique Pour chiens et chats","breadcrumb":{"@id":"https:\/\/www.vetorino.com\/boutique\/product\/phytobiovet-nettoyant-yeux\/#breadcrumb"},"inLanguage":"fr-FR","potentialAction":[{"@type":"ReadAction","target":["https:\/\/www.vetorino.com\/boutique\/product\/phytobiovet-nettoyant-yeux\/"]}]},{"@type":"ImageObject","inLanguage":"fr-FR","@id":"https:\/\/www.vetorino.com\/boutique\/product\/phytobiovet-nettoyant-yeux\/#primaryimage","url":"https:\/\/www.vetorino.com\/boutique\/wp-content\/uploads\/2020\/11\/phytobiovet-nettoyant-yeux.webp","contentUrl":"https:\/\/www.vetorino.com\/boutique\/wp-content\/uploads\/2020\/11\/phytobiovet-nettoyant-yeux.webp","width":800,"height":800},{"@type":"BreadcrumbList","@id":"https:\/\/www.vetorino.com\/boutique\/product\/phytobiovet-nettoyant-yeux\/#breadcrumb","itemListElement":[{"@type":"ListItem","position":1,"name":"Accueil","item":"https:\/\/www.vetorino.com\/boutique\/"},{"@type":"ListItem","position":2,"name":"Produits","item":"https:\/\/www.vetorino.com\/boutique\/"},{"@type":"ListItem","position":3,"name":"Phytobiovet Nettoyant yeux"}]},{"@type":"WebSite","@id":"https:\/\/www.vetorino.com\/boutique\/#website","url":"https:\/\/www.vetorino.com\/boutique\/","name":"V\u00e9torino","description":"","publisher":{"@id":"https:\/\/www.vetorino.com\/boutique\/#organization"},"potentialAction":[{"@type":"SearchAction","target":{"@type":"EntryPoint","urlTemplate":"https:\/\/www.vetorino.com\/boutique\/?s={search_term_string}"},"query-input":{"@type":"PropertyValueSpecification","valueRequired":true,"valueName":"search_term_string"}}],"inLanguage":"fr-FR"},{"@type":"Organization","@id":"https:\/\/www.vetorino.com\/boutique\/#organization","name":"V\u00e9torino","url":"https:\/\/www.vetorino.com\/boutique\/","logo":{"@type":"ImageObject","inLanguage":"fr-FR","@id":"https:\/\/www.vetorino.com\/boutique\/#\/schema\/logo\/image\/","url":"https:\/\/www.vetorino.com\/boutique\/wp-content\/uploads\/2024\/10\/logo.jpg","contentUrl":"https:\/\/www.vetorino.com\/boutique\/wp-content\/uploads\/2024\/10\/logo.jpg","width":1200,"height":610,"caption":"V\u00e9torino"},"image":{"@id":"https:\/\/www.vetorino.com\/boutique\/#\/schema\/logo\/image\/"},"sameAs":["https:\/\/www.facebook.com\/Vetorino\/","https:\/\/www.instagram.com\/vetorino_off\/","https:\/\/www.linkedin.com\/company\/vtorino\/"]}]},"product_brand":"Mp Labo","product_price_amount":"13.17","product_price_currency":"EUR","og_availability":"instock","product_availability":"instock","product_retailer_item_id":"A-1849220","product_condition":"new"},"_links":{"self":[{"href":"https:\/\/www.vetorino.com\/veterinaire\/plouzevede-29440\/boutique\/wp-json\/wp\/v2\/product\/174602","targetHints":{"allow":["GET"]}}],"collection":[{"href":"https:\/\/www.vetorino.com\/veterinaire\/plouzevede-29440\/boutique\/wp-json\/wp\/v2\/product"}],"about":[{"href":"https:\/\/www.vetorino.com\/veterinaire\/plouzevede-29440\/boutique\/wp-json\/wp\/v2\/types\/product"}],"wp:featuredmedia":[{"embeddable":true,"href":"https:\/\/www.vetorino.com\/veterinaire\/plouzevede-29440\/boutique\/wp-json\/wp\/v2\/media\/915912"}],"wp:attachment":[{"href":"https:\/\/www.vetorino.com\/veterinaire\/plouzevede-29440\/boutique\/wp-json\/wp\/v2\/media?parent=174602"}],"wp:term":[{"taxonomy":"product_cat","embeddable":true,"href":"https:\/\/www.vetorino.com\/veterinaire\/plouzevede-29440\/boutique\/wp-json\/wp\/v2\/product_cat?post=174602"},{"taxonomy":"product_tag","embeddable":true,"href":"https:\/\/www.vetorino.com\/veterinaire\/plouzevede-29440\/boutique\/wp-json\/wp\/v2\/product_tag?post=174602"}],"curies":[{"name":"wp","href":"https:\/\/api.w.org\/{rel}","templated":true}]}}