{"id":175044,"date":"2021-04-30T20:24:09","date_gmt":"2021-04-30T18:24:09","guid":{"rendered":"https:\/\/www.vetorino.com\/boutique\/product\/cat-gastro-intestinal-moderate-calorie-sachets\/"},"modified":"2025-09-03T12:20:51","modified_gmt":"2025-09-03T10:20:51","slug":"cat-gastro-intestinal-moderate-calorie-sachets","status":"publish","type":"product","link":"https:\/\/www.vetorino.com\/veterinaire\/plouzevede-29440\/boutique\/product\/cat-gastro-intestinal-moderate-calorie-sachets\/","title":{"rendered":"Gastro Intestinal Moderate Calorie \u2013 chat"},"content":{"rendered":"<p><strong>Cat Gastro Intestinal Moderate Calorie est un aliment di\u00e9t\u00e9tique complet pour la gestion des troubles gastro-intestinaux du chat. Son faible taux de calories est id\u00e9al pour les chats ayant tendance \u00e0 l&#8217;embonpoint.<\/strong><\/p>\n<p><strong>Bienfaits essentiels :<\/strong><\/p>\n<ul>\n<li><strong>SOUTIEN DIGESTIF :<\/strong><br \/>\nUne formule hautement digestible gr\u00e2ce \u00e0 une teneur \u00e9quilibr\u00e9e en fibres afin de favoriser une digestion et un transit sains.<\/li>\n<li><strong>TENEUR MOD\u00c9R\u00c9E EN CALORIES :<\/strong><br \/>\nTeneur mod\u00e9r\u00e9e en calories pour aider \u00e0 maintenir un poids id\u00e9al.<\/li>\n<li><strong>SOUTIEN DU MICROBIOME :<\/strong><br \/>\nFormule incluant des pr\u00e9biotiques s\u00e9lectionn\u00e9s afin de soutenir la sant\u00e9 du syst\u00e8me digestif et du microbiome intestinal.<\/li>\n<\/ul>\n<p><strong><br \/>\nCet aliment est destin\u00e9 \u00e0 la prise en charge nutritionnelle d\u2019une maladie. Pour la sant\u00e9 de votre animal, il est recommand\u00e9 de consulter votre v\u00e9t\u00e9rinaire et de respecter scrupuleusement ses recommandations nutritionnelles.<\/strong><\/p>\n","protected":false},"excerpt":{"rendered":"<p><strong>Cat Gastro Intestinal Moderate Calorie est un aliment di\u00e9t\u00e9tique complet pour la gestion des troubles gastro-intestinaux du chat. Son faible taux de calories est id\u00e9al pour les chats ayant tendance \u00e0 l&#8217;embonpoint.<\/strong><\/p>\n<p><strong>Recommand\u00e9 pour les chats adultes en sur poids ou ayant tendance au surpoids en cas de :<\/strong><\/p>\n<ul>\n<li>Diarrh\u00e9e aigu\u00eb et chronique<\/li>\n<li>Gastrite<\/li>\n<li>Maladie Inflammatoire Chronique Intestinale (MICI) , ent\u00e9ropathie chronique<\/li>\n<li>Colite<\/li>\n<li>Prolif\u00e9ration bact\u00e9rienne, dysbiose intestinale<\/li>\n<li>Maldigestion, malabsorption<\/li>\n<li>Dysorexie, r\u00e9alimentation post-op\u00e9ratoire<\/li>\n<li>Pancr\u00e9atite ou historique de pancr\u00e9atite<\/li>\n<li>Lymphangiectasie, ent\u00e9ropathie exsudative<\/li>\n<li>Hyperlipid\u00e9mie<\/li>\n<\/ul>\n<p><strong>Veuillez consulter votre v\u00e9t\u00e9rinaire avant utilisation.\u00a0\u00a0<\/strong><\/p>\n","protected":false},"featured_media":198494,"template":"","meta":[],"product_cat":[12551,12581,2697],"product_tag":[],"class_list":{"0":"post-175044","1":"product","2":"type-product","3":"status-publish","4":"has-post-thumbnail","6":"product_cat-alimentation-du-chat","7":"product_cat-alimentation-medicalisee-pour-chat","8":"product_cat-chat","9":"pa_marque-royal-canin","11":"first","12":"instock","13":"taxable","14":"shipping-taxable","15":"purchasable","16":"product-type-simple"},"yoast_head":"<!-- This site is optimized with the Yoast SEO plugin v27.3 - https:\/\/yoast.com\/product\/yoast-seo-wordpress\/ -->\n<title>Veterinary Diet (Royal Canin) Gastro Intestinal Moderate Calorie \u2013 chat Royal Canin - V\u00e9torino<\/title>\n<meta name=\"description\" content=\"Cat Gastro Intestinal Moderate Calorie est un aliment di\u00e9t\u00e9tique complet pour la gestion des troubles gastro-intestinaux du chat. Son faible taux de calories est id\u00e9al pour les chats ayant tendance \u00e0 l&#039;embonpoint.  Recommand\u00e9 pour les chats adultes en sur poids ou ayant tendance au surpoids en cas de :   Diarrh\u00e9e aigu\u00eb et chronique  Gastrite  Maladie Inflammatoire Chronique Intestinale (MICI) , ent\u00e9ropathie chronique  Colite  Prolif\u00e9ration bact\u00e9rienne, dysbiose intestinale  Maldigestion, malabsorption  Dysorexie, r\u00e9alimentation post-op\u00e9ratoire  Pancr\u00e9atite ou historique de pancr\u00e9atite  Lymphangiectasie, ent\u00e9ropathie exsudative  Hyperlipid\u00e9mie  Veuillez consulter votre v\u00e9t\u00e9rinaire avant utilisation.\u00a0\u00a0\" \/>\n<meta name=\"robots\" content=\"noindex, nofollow\" \/>\n<meta property=\"og:locale\" content=\"fr_FR\" \/>\n<meta property=\"og:type\" content=\"article\" \/>\n<meta property=\"og:title\" content=\"Veterinary Diet (Royal Canin) Gastro Intestinal Moderate Calorie \u2013 chat Royal Canin - V\u00e9torino\" \/>\n<meta property=\"og:description\" content=\"Cat Gastro Intestinal Moderate Calorie est un aliment di\u00e9t\u00e9tique complet pour la gestion des troubles gastro-intestinaux du chat. Son faible taux de calories est id\u00e9al pour les chats ayant tendance \u00e0 l&#039;embonpoint.  Recommand\u00e9 pour les chats adultes en sur poids ou ayant tendance au surpoids en cas de :   Diarrh\u00e9e aigu\u00eb et chronique  Gastrite  Maladie Inflammatoire Chronique Intestinale (MICI) , ent\u00e9ropathie chronique  Colite  Prolif\u00e9ration bact\u00e9rienne, dysbiose intestinale  Maldigestion, malabsorption  Dysorexie, r\u00e9alimentation post-op\u00e9ratoire  Pancr\u00e9atite ou historique de pancr\u00e9atite  Lymphangiectasie, ent\u00e9ropathie exsudative  Hyperlipid\u00e9mie  Veuillez consulter votre v\u00e9t\u00e9rinaire avant utilisation.\u00a0\u00a0\" \/>\n<meta property=\"og:url\" content=\"https:\/\/www.vetorino.com\/veterinaire\/plouzevede-29440\/boutique\/product\/cat-gastro-intestinal-moderate-calorie-sachets\/\" \/>\n<meta property=\"og:site_name\" content=\"V\u00e9torino\" \/>\n<meta property=\"article:publisher\" content=\"https:\/\/www.facebook.com\/Vetorino\/\" \/>\n<meta property=\"article:modified_time\" content=\"2025-09-03T10:20:51+00:00\" \/>\n<meta property=\"og:image\" content=\"https:\/\/www.vetorino.com\/boutique\/wp-content\/uploads\/2021\/04\/cat-gastro-intestinal-moderate-calorie.png\" \/>\n\t<meta property=\"og:image:width\" content=\"800\" \/>\n\t<meta property=\"og:image:height\" content=\"800\" \/>\n\t<meta property=\"og:image:type\" content=\"image\/png\" \/>\n<meta name=\"twitter:card\" content=\"summary_large_image\" \/>\n<meta name=\"twitter:label1\" content=\"Prix\" \/>\n\t<meta name=\"twitter:data1\" content=\"19,42&euro;\" \/>\n\t<meta name=\"twitter:label2\" content=\"Disponibilit\u00e9\" \/>\n\t<meta name=\"twitter:data2\" content=\"En stock\" \/>\n<script type=\"application\/ld+json\" class=\"yoast-schema-graph\">{\"@context\":\"https:\\\/\\\/schema.org\",\"@graph\":[{\"@type\":\"WebPage\",\"@id\":\"https:\\\/\\\/www.vetorino.com\\\/veterinaire\\\/briancon-05100\\\/boutique\\\/product\\\/cat-gastro-intestinal-moderate-calorie-sachets\\\/\",\"url\":\"https:\\\/\\\/www.vetorino.com\\\/veterinaire\\\/briancon-05100\\\/boutique\\\/product\\\/cat-gastro-intestinal-moderate-calorie-sachets\\\/\",\"name\":\"Veterinary Diet (Royal Canin) Gastro Intestinal Moderate Calorie \u2013 chat Royal Canin - V\u00e9torino\",\"isPartOf\":{\"@id\":\"https:\\\/\\\/www.vetorino.com\\\/boutique\\\/#website\"},\"primaryImageOfPage\":{\"@id\":\"https:\\\/\\\/www.vetorino.com\\\/veterinaire\\\/briancon-05100\\\/boutique\\\/product\\\/cat-gastro-intestinal-moderate-calorie-sachets\\\/#primaryimage\"},\"image\":{\"@id\":\"https:\\\/\\\/www.vetorino.com\\\/veterinaire\\\/briancon-05100\\\/boutique\\\/product\\\/cat-gastro-intestinal-moderate-calorie-sachets\\\/#primaryimage\"},\"thumbnailUrl\":\"https:\\\/\\\/www.vetorino.com\\\/boutique\\\/wp-content\\\/uploads\\\/2021\\\/04\\\/cat-gastro-intestinal-moderate-calorie.png\",\"datePublished\":\"2021-04-30T18:24:09+00:00\",\"dateModified\":\"2025-09-03T10:20:51+00:00\",\"description\":\"Cat Gastro Intestinal Moderate Calorie est un aliment di\u00e9t\u00e9tique complet pour la gestion des troubles gastro-intestinaux du chat. Son faible taux de calories est id\u00e9al pour les chats ayant tendance \u00e0 l'embonpoint. Recommand\u00e9 pour les chats adultes en sur poids ou ayant tendance au surpoids en cas de : Diarrh\u00e9e aigu\u00eb et chronique Gastrite Maladie Inflammatoire Chronique Intestinale (MICI) , ent\u00e9ropathie chronique Colite Prolif\u00e9ration bact\u00e9rienne, dysbiose intestinale Maldigestion, malabsorption Dysorexie, r\u00e9alimentation post-op\u00e9ratoire Pancr\u00e9atite ou historique de pancr\u00e9atite Lymphangiectasie, ent\u00e9ropathie exsudative Hyperlipid\u00e9mie Veuillez consulter votre v\u00e9t\u00e9rinaire avant utilisation.\u00a0\u00a0\",\"breadcrumb\":{\"@id\":\"https:\\\/\\\/www.vetorino.com\\\/veterinaire\\\/briancon-05100\\\/boutique\\\/product\\\/cat-gastro-intestinal-moderate-calorie-sachets\\\/#breadcrumb\"},\"inLanguage\":\"fr-FR\",\"potentialAction\":[{\"@type\":\"ReadAction\",\"target\":[\"https:\\\/\\\/www.vetorino.com\\\/veterinaire\\\/briancon-05100\\\/boutique\\\/product\\\/cat-gastro-intestinal-moderate-calorie-sachets\\\/\"]}]},{\"@type\":\"ImageObject\",\"inLanguage\":\"fr-FR\",\"@id\":\"https:\\\/\\\/www.vetorino.com\\\/veterinaire\\\/briancon-05100\\\/boutique\\\/product\\\/cat-gastro-intestinal-moderate-calorie-sachets\\\/#primaryimage\",\"url\":\"https:\\\/\\\/www.vetorino.com\\\/boutique\\\/wp-content\\\/uploads\\\/2021\\\/04\\\/cat-gastro-intestinal-moderate-calorie.png\",\"contentUrl\":\"https:\\\/\\\/www.vetorino.com\\\/boutique\\\/wp-content\\\/uploads\\\/2021\\\/04\\\/cat-gastro-intestinal-moderate-calorie.png\",\"width\":800,\"height\":800},{\"@type\":\"BreadcrumbList\",\"@id\":\"https:\\\/\\\/www.vetorino.com\\\/veterinaire\\\/briancon-05100\\\/boutique\\\/product\\\/cat-gastro-intestinal-moderate-calorie-sachets\\\/#breadcrumb\",\"itemListElement\":[{\"@type\":\"ListItem\",\"position\":1,\"name\":\"Accueil\",\"item\":\"https:\\\/\\\/www.vetorino.com\\\/boutique\\\/\"},{\"@type\":\"ListItem\",\"position\":2,\"name\":\"Produits\",\"item\":\"https:\\\/\\\/www.vetorino.com\\\/boutique\\\/\"},{\"@type\":\"ListItem\",\"position\":3,\"name\":\"Gastro Intestinal Moderate Calorie \u2013 chat\"}]},{\"@type\":\"WebSite\",\"@id\":\"https:\\\/\\\/www.vetorino.com\\\/boutique\\\/#website\",\"url\":\"https:\\\/\\\/www.vetorino.com\\\/boutique\\\/\",\"name\":\"V\u00e9torino\",\"description\":\"\",\"publisher\":{\"@id\":\"https:\\\/\\\/www.vetorino.com\\\/boutique\\\/#organization\"},\"potentialAction\":[{\"@type\":\"SearchAction\",\"target\":{\"@type\":\"EntryPoint\",\"urlTemplate\":\"https:\\\/\\\/www.vetorino.com\\\/boutique\\\/?s={search_term_string}\"},\"query-input\":{\"@type\":\"PropertyValueSpecification\",\"valueRequired\":true,\"valueName\":\"search_term_string\"}}],\"inLanguage\":\"fr-FR\"},{\"@type\":\"Organization\",\"@id\":\"https:\\\/\\\/www.vetorino.com\\\/boutique\\\/#organization\",\"name\":\"V\u00e9torino\",\"url\":\"https:\\\/\\\/www.vetorino.com\\\/boutique\\\/\",\"logo\":{\"@type\":\"ImageObject\",\"inLanguage\":\"fr-FR\",\"@id\":\"https:\\\/\\\/www.vetorino.com\\\/boutique\\\/#\\\/schema\\\/logo\\\/image\\\/\",\"url\":\"https:\\\/\\\/www.vetorino.com\\\/boutique\\\/wp-content\\\/uploads\\\/2024\\\/10\\\/logo.jpg\",\"contentUrl\":\"https:\\\/\\\/www.vetorino.com\\\/boutique\\\/wp-content\\\/uploads\\\/2024\\\/10\\\/logo.jpg\",\"width\":1200,\"height\":610,\"caption\":\"V\u00e9torino\"},\"image\":{\"@id\":\"https:\\\/\\\/www.vetorino.com\\\/boutique\\\/#\\\/schema\\\/logo\\\/image\\\/\"},\"sameAs\":[\"https:\\\/\\\/www.facebook.com\\\/Vetorino\\\/\",\"https:\\\/\\\/www.instagram.com\\\/vetorino_off\\\/\",\"https:\\\/\\\/www.linkedin.com\\\/company\\\/vtorino\\\/\"]}]}<\/script>\n<meta property=\"product:brand\" content=\"Royal Canin\" \/>\n<meta property=\"product:price:amount\" content=\"19.42\" \/>\n<meta property=\"product:price:currency\" content=\"EUR\" \/>\n<meta property=\"og:availability\" content=\"instock\" \/>\n<meta property=\"product:availability\" content=\"instock\" \/>\n<meta property=\"product:retailer_item_id\" content=\"A-1847070\" \/>\n<meta property=\"product:condition\" content=\"new\" \/>\n<!-- \/ Yoast SEO plugin. -->","yoast_head_json":{"title":"Veterinary Diet (Royal Canin) Gastro Intestinal Moderate Calorie \u2013 chat Royal Canin - V\u00e9torino","description":"Cat Gastro Intestinal Moderate Calorie est un aliment di\u00e9t\u00e9tique complet pour la gestion des troubles gastro-intestinaux du chat. Son faible taux de calories est id\u00e9al pour les chats ayant tendance \u00e0 l'embonpoint.  Recommand\u00e9 pour les chats adultes en sur poids ou ayant tendance au surpoids en cas de :   Diarrh\u00e9e aigu\u00eb et chronique  Gastrite  Maladie Inflammatoire Chronique Intestinale (MICI) , ent\u00e9ropathie chronique  Colite  Prolif\u00e9ration bact\u00e9rienne, dysbiose intestinale  Maldigestion, malabsorption  Dysorexie, r\u00e9alimentation post-op\u00e9ratoire  Pancr\u00e9atite ou historique de pancr\u00e9atite  Lymphangiectasie, ent\u00e9ropathie exsudative  Hyperlipid\u00e9mie  Veuillez consulter votre v\u00e9t\u00e9rinaire avant utilisation.\u00a0\u00a0","robots":{"index":"noindex","follow":"nofollow"},"og_locale":"fr_FR","og_type":"article","og_title":"Veterinary Diet (Royal Canin) Gastro Intestinal Moderate Calorie \u2013 chat Royal Canin - V\u00e9torino","og_description":"Cat Gastro Intestinal Moderate Calorie est un aliment di\u00e9t\u00e9tique complet pour la gestion des troubles gastro-intestinaux du chat. Son faible taux de calories est id\u00e9al pour les chats ayant tendance \u00e0 l'embonpoint.  Recommand\u00e9 pour les chats adultes en sur poids ou ayant tendance au surpoids en cas de :   Diarrh\u00e9e aigu\u00eb et chronique  Gastrite  Maladie Inflammatoire Chronique Intestinale (MICI) , ent\u00e9ropathie chronique  Colite  Prolif\u00e9ration bact\u00e9rienne, dysbiose intestinale  Maldigestion, malabsorption  Dysorexie, r\u00e9alimentation post-op\u00e9ratoire  Pancr\u00e9atite ou historique de pancr\u00e9atite  Lymphangiectasie, ent\u00e9ropathie exsudative  Hyperlipid\u00e9mie  Veuillez consulter votre v\u00e9t\u00e9rinaire avant utilisation.\u00a0\u00a0","og_url":"https:\/\/www.vetorino.com\/veterinaire\/plouzevede-29440\/boutique\/product\/cat-gastro-intestinal-moderate-calorie-sachets\/","og_site_name":"V\u00e9torino","article_publisher":"https:\/\/www.facebook.com\/Vetorino\/","article_modified_time":"2025-09-03T10:20:51+00:00","og_image":[{"width":800,"height":800,"url":"https:\/\/www.vetorino.com\/boutique\/wp-content\/uploads\/2021\/04\/cat-gastro-intestinal-moderate-calorie.png","type":"image\/png"}],"twitter_card":"summary_large_image","twitter_misc":{"Prix":"19,42&euro;","Disponibilit\u00e9":"En stock"},"schema":{"@context":"https:\/\/schema.org","@graph":[{"@type":"WebPage","@id":"https:\/\/www.vetorino.com\/veterinaire\/briancon-05100\/boutique\/product\/cat-gastro-intestinal-moderate-calorie-sachets\/","url":"https:\/\/www.vetorino.com\/veterinaire\/briancon-05100\/boutique\/product\/cat-gastro-intestinal-moderate-calorie-sachets\/","name":"Veterinary Diet (Royal Canin) Gastro Intestinal Moderate Calorie \u2013 chat Royal Canin - V\u00e9torino","isPartOf":{"@id":"https:\/\/www.vetorino.com\/boutique\/#website"},"primaryImageOfPage":{"@id":"https:\/\/www.vetorino.com\/veterinaire\/briancon-05100\/boutique\/product\/cat-gastro-intestinal-moderate-calorie-sachets\/#primaryimage"},"image":{"@id":"https:\/\/www.vetorino.com\/veterinaire\/briancon-05100\/boutique\/product\/cat-gastro-intestinal-moderate-calorie-sachets\/#primaryimage"},"thumbnailUrl":"https:\/\/www.vetorino.com\/boutique\/wp-content\/uploads\/2021\/04\/cat-gastro-intestinal-moderate-calorie.png","datePublished":"2021-04-30T18:24:09+00:00","dateModified":"2025-09-03T10:20:51+00:00","description":"Cat Gastro Intestinal Moderate Calorie est un aliment di\u00e9t\u00e9tique complet pour la gestion des troubles gastro-intestinaux du chat. Son faible taux de calories est id\u00e9al pour les chats ayant tendance \u00e0 l'embonpoint. Recommand\u00e9 pour les chats adultes en sur poids ou ayant tendance au surpoids en cas de : Diarrh\u00e9e aigu\u00eb et chronique Gastrite Maladie Inflammatoire Chronique Intestinale (MICI) , ent\u00e9ropathie chronique Colite Prolif\u00e9ration bact\u00e9rienne, dysbiose intestinale Maldigestion, malabsorption Dysorexie, r\u00e9alimentation post-op\u00e9ratoire Pancr\u00e9atite ou historique de pancr\u00e9atite Lymphangiectasie, ent\u00e9ropathie exsudative Hyperlipid\u00e9mie Veuillez consulter votre v\u00e9t\u00e9rinaire avant utilisation.\u00a0\u00a0","breadcrumb":{"@id":"https:\/\/www.vetorino.com\/veterinaire\/briancon-05100\/boutique\/product\/cat-gastro-intestinal-moderate-calorie-sachets\/#breadcrumb"},"inLanguage":"fr-FR","potentialAction":[{"@type":"ReadAction","target":["https:\/\/www.vetorino.com\/veterinaire\/briancon-05100\/boutique\/product\/cat-gastro-intestinal-moderate-calorie-sachets\/"]}]},{"@type":"ImageObject","inLanguage":"fr-FR","@id":"https:\/\/www.vetorino.com\/veterinaire\/briancon-05100\/boutique\/product\/cat-gastro-intestinal-moderate-calorie-sachets\/#primaryimage","url":"https:\/\/www.vetorino.com\/boutique\/wp-content\/uploads\/2021\/04\/cat-gastro-intestinal-moderate-calorie.png","contentUrl":"https:\/\/www.vetorino.com\/boutique\/wp-content\/uploads\/2021\/04\/cat-gastro-intestinal-moderate-calorie.png","width":800,"height":800},{"@type":"BreadcrumbList","@id":"https:\/\/www.vetorino.com\/veterinaire\/briancon-05100\/boutique\/product\/cat-gastro-intestinal-moderate-calorie-sachets\/#breadcrumb","itemListElement":[{"@type":"ListItem","position":1,"name":"Accueil","item":"https:\/\/www.vetorino.com\/boutique\/"},{"@type":"ListItem","position":2,"name":"Produits","item":"https:\/\/www.vetorino.com\/boutique\/"},{"@type":"ListItem","position":3,"name":"Gastro Intestinal Moderate Calorie \u2013 chat"}]},{"@type":"WebSite","@id":"https:\/\/www.vetorino.com\/boutique\/#website","url":"https:\/\/www.vetorino.com\/boutique\/","name":"V\u00e9torino","description":"","publisher":{"@id":"https:\/\/www.vetorino.com\/boutique\/#organization"},"potentialAction":[{"@type":"SearchAction","target":{"@type":"EntryPoint","urlTemplate":"https:\/\/www.vetorino.com\/boutique\/?s={search_term_string}"},"query-input":{"@type":"PropertyValueSpecification","valueRequired":true,"valueName":"search_term_string"}}],"inLanguage":"fr-FR"},{"@type":"Organization","@id":"https:\/\/www.vetorino.com\/boutique\/#organization","name":"V\u00e9torino","url":"https:\/\/www.vetorino.com\/boutique\/","logo":{"@type":"ImageObject","inLanguage":"fr-FR","@id":"https:\/\/www.vetorino.com\/boutique\/#\/schema\/logo\/image\/","url":"https:\/\/www.vetorino.com\/boutique\/wp-content\/uploads\/2024\/10\/logo.jpg","contentUrl":"https:\/\/www.vetorino.com\/boutique\/wp-content\/uploads\/2024\/10\/logo.jpg","width":1200,"height":610,"caption":"V\u00e9torino"},"image":{"@id":"https:\/\/www.vetorino.com\/boutique\/#\/schema\/logo\/image\/"},"sameAs":["https:\/\/www.facebook.com\/Vetorino\/","https:\/\/www.instagram.com\/vetorino_off\/","https:\/\/www.linkedin.com\/company\/vtorino\/"]}]},"product_brand":"Royal Canin","product_price_amount":"19.42","product_price_currency":"EUR","og_availability":"instock","product_availability":"instock","product_retailer_item_id":"A-1847070","product_condition":"new"},"_links":{"self":[{"href":"https:\/\/www.vetorino.com\/veterinaire\/plouzevede-29440\/boutique\/wp-json\/wp\/v2\/product\/175044","targetHints":{"allow":["GET"]}}],"collection":[{"href":"https:\/\/www.vetorino.com\/veterinaire\/plouzevede-29440\/boutique\/wp-json\/wp\/v2\/product"}],"about":[{"href":"https:\/\/www.vetorino.com\/veterinaire\/plouzevede-29440\/boutique\/wp-json\/wp\/v2\/types\/product"}],"wp:featuredmedia":[{"embeddable":true,"href":"https:\/\/www.vetorino.com\/veterinaire\/plouzevede-29440\/boutique\/wp-json\/wp\/v2\/media\/198494"}],"wp:attachment":[{"href":"https:\/\/www.vetorino.com\/veterinaire\/plouzevede-29440\/boutique\/wp-json\/wp\/v2\/media?parent=175044"}],"wp:term":[{"taxonomy":"product_cat","embeddable":true,"href":"https:\/\/www.vetorino.com\/veterinaire\/plouzevede-29440\/boutique\/wp-json\/wp\/v2\/product_cat?post=175044"},{"taxonomy":"product_tag","embeddable":true,"href":"https:\/\/www.vetorino.com\/veterinaire\/plouzevede-29440\/boutique\/wp-json\/wp\/v2\/product_tag?post=175044"}],"curies":[{"name":"wp","href":"https:\/\/api.w.org\/{rel}","templated":true}]}}