{"id":176178,"date":"2021-05-04T17:12:17","date_gmt":"2021-05-04T15:12:17","guid":{"rendered":"https:\/\/www.vetorino.com\/boutique\/product\/ekyflex-mobility-3\/"},"modified":"2025-02-18T11:56:55","modified_gmt":"2025-02-18T10:56:55","slug":"ekyflex-mobility-3","status":"publish","type":"product","link":"https:\/\/www.vetorino.com\/veterinaire\/plouzevede-29440\/boutique\/product\/ekyflex-mobility-3\/","title":{"rendered":"Ekyflex Mobility"},"content":{"rendered":"<p><strong>EKYFLEX MOBILITY a \u00e9t\u00e9 formul\u00e9 pour apporter un soutien nutritionnel compl\u00e9mentaire aux chevaux n&#8217;ayant pas de contrainte de dopage, suivi pour raideurs ou g\u00eane locomotrice.<\/strong><\/p>\n<p><strong><br \/>\nUtilisation :<\/strong><\/p>\n<ul>\n<li>Cheval ayant des probl\u00e8mes de mobilit\u00e9 (raideurs, g\u00e8ne ..)<\/li>\n<\/ul>\n<p><strong>Avantages :<\/strong><\/p>\n<ul>\n<li>Apport de complexes phyto-actifs : Harpagophytum et Chrysanthellum, connus pour leur\u00a0<strong>action apaisante<\/strong>.<\/li>\n<li>Apport d\u2019acide hyaluronique qui assure la \u201clubrification\u201d de l\u2019articulation et a un effet\u00a0<strong>anti-inflammatoire prouv\u00e9<\/strong>.<\/li>\n<li>Apport de Vitamine C \u00e0 l\u2019effet anti-oxydant pour\u00a0<strong>prot\u00e9ger la cellule musculaire<\/strong>\u00a0autour de l\u2019articulation.<\/li>\n<\/ul>\n<p><strong><br \/>\nEKYFLEX MOBILITY contient de l&#8217;Harpagophtytum, ingr\u00e9dient consid\u00e9r\u00e9 comme dopant, il est donc recommand\u00e9 d&#8217;arr\u00eater le produit au moins 48h avant une comp\u00e9tition.<\/strong><\/p>\n","protected":false},"excerpt":{"rendered":"<p><strong>EKYFLEX MOBILITY a \u00e9t\u00e9 formul\u00e9 pour apporter un soutien nutritionnel compl\u00e9mentaire aux chevaux n&#8217;ayant pas de contrainte de dopage, suivi pour raideurs ou g\u00eane locomotrice.<\/strong><\/p>\n<p><strong>Utilisation :<\/strong><\/p>\n<ul>\n<li>Cheval ayant des probl\u00e8mes de mobilit\u00e9 (raideurs, g\u00e8ne ..)<\/li>\n<\/ul>\n<p><strong>EKYFLEX MOBILITY contient de l&#8217;Harpagophtytum, ingr\u00e9dient consid\u00e9r\u00e9 comme dopant, il est donc recommand\u00e9 d&#8217;arr\u00eater le produit au moins 48h avant une comp\u00e9tition.<\/strong><\/p>\n","protected":false},"featured_media":212730,"template":"","meta":[],"product_cat":[12564,12547,14072,12566,13093,12754],"product_tag":[],"class_list":{"0":"post-176178","1":"product","2":"type-product","3":"status-publish","4":"has-post-thumbnail","6":"product_cat-locomotion-du-cheval","7":"product_cat-cheval","8":"product_cat-dietetique-et-complements-alimentaires-du-cheval","9":"product_cat-performance-du-cheval","10":"product_cat-soin-musculaire-du-cheval","11":"product_cat-soins-au-quotidien-du-cheval","12":"pa_marque-audevard","14":"first","15":"instock","16":"taxable","17":"shipping-taxable","18":"purchasable","19":"product-type-simple"},"yoast_head":"<!-- This site is optimized with the Yoast SEO plugin v27.3 - https:\/\/yoast.com\/product\/yoast-seo-wordpress\/ -->\n<title>Ekyflex Mobility Audevard - V\u00e9torino<\/title>\n<meta name=\"description\" content=\"EKYFLEX MOBILITY a \u00e9t\u00e9 formul\u00e9 pour apporter un soutien nutritionnel compl\u00e9mentaire aux chevaux n&#039;ayant pas de contrainte de dopage, suivi pour raideurs ou g\u00eane locomotrice.  Utilisation :   Cheval ayant des probl\u00e8mes de mobilit\u00e9 (raideurs, g\u00e8ne ..)  EKYFLEX MOBILITY contient de l&#039;Harpagophtytum, ingr\u00e9dient consid\u00e9r\u00e9 comme dopant, il est donc recommand\u00e9 d&#039;arr\u00eater le produit au moins 48h avant une comp\u00e9tition.\" \/>\n<meta name=\"robots\" content=\"noindex, nofollow\" \/>\n<meta property=\"og:locale\" content=\"fr_FR\" \/>\n<meta property=\"og:type\" content=\"article\" \/>\n<meta property=\"og:title\" content=\"Ekyflex Mobility Audevard - V\u00e9torino\" \/>\n<meta property=\"og:description\" content=\"EKYFLEX MOBILITY a \u00e9t\u00e9 formul\u00e9 pour apporter un soutien nutritionnel compl\u00e9mentaire aux chevaux n&#039;ayant pas de contrainte de dopage, suivi pour raideurs ou g\u00eane locomotrice.  Utilisation :   Cheval ayant des probl\u00e8mes de mobilit\u00e9 (raideurs, g\u00e8ne ..)  EKYFLEX MOBILITY contient de l&#039;Harpagophtytum, ingr\u00e9dient consid\u00e9r\u00e9 comme dopant, il est donc recommand\u00e9 d&#039;arr\u00eater le produit au moins 48h avant une comp\u00e9tition.\" \/>\n<meta property=\"og:url\" content=\"https:\/\/www.vetorino.com\/veterinaire\/plouzevede-29440\/boutique\/product\/ekyflex-mobility-3\/\" \/>\n<meta property=\"og:site_name\" content=\"V\u00e9torino\" \/>\n<meta property=\"article:publisher\" content=\"https:\/\/www.facebook.com\/Vetorino\/\" \/>\n<meta property=\"article:modified_time\" content=\"2025-02-18T10:56:55+00:00\" \/>\n<meta property=\"og:image\" content=\"https:\/\/www.vetorino.com\/boutique\/wp-content\/uploads\/2021\/05\/ekyflex-mobility.png\" \/>\n\t<meta property=\"og:image:width\" content=\"800\" \/>\n\t<meta property=\"og:image:height\" content=\"800\" \/>\n\t<meta property=\"og:image:type\" content=\"image\/png\" \/>\n<meta name=\"twitter:card\" content=\"summary_large_image\" \/>\n<meta name=\"twitter:label1\" content=\"Prix\" \/>\n\t<meta name=\"twitter:data1\" content=\"60,90&euro;\" \/>\n\t<meta name=\"twitter:label2\" content=\"Disponibilit\u00e9\" \/>\n\t<meta name=\"twitter:data2\" content=\"En stock\" \/>\n<script type=\"application\/ld+json\" class=\"yoast-schema-graph\">{\"@context\":\"https:\\\/\\\/schema.org\",\"@graph\":[{\"@type\":\"WebPage\",\"@id\":\"https:\\\/\\\/www.vetorino.com\\\/boutique\\\/product\\\/ekyflex-mobility-3\\\/\",\"url\":\"https:\\\/\\\/www.vetorino.com\\\/boutique\\\/product\\\/ekyflex-mobility-3\\\/\",\"name\":\"Ekyflex Mobility Audevard - V\u00e9torino\",\"isPartOf\":{\"@id\":\"https:\\\/\\\/www.vetorino.com\\\/boutique\\\/#website\"},\"primaryImageOfPage\":{\"@id\":\"https:\\\/\\\/www.vetorino.com\\\/boutique\\\/product\\\/ekyflex-mobility-3\\\/#primaryimage\"},\"image\":{\"@id\":\"https:\\\/\\\/www.vetorino.com\\\/boutique\\\/product\\\/ekyflex-mobility-3\\\/#primaryimage\"},\"thumbnailUrl\":\"https:\\\/\\\/www.vetorino.com\\\/boutique\\\/wp-content\\\/uploads\\\/2021\\\/05\\\/ekyflex-mobility.png\",\"datePublished\":\"2021-05-04T15:12:17+00:00\",\"dateModified\":\"2025-02-18T10:56:55+00:00\",\"description\":\"EKYFLEX MOBILITY a \u00e9t\u00e9 formul\u00e9 pour apporter un soutien nutritionnel compl\u00e9mentaire aux chevaux n'ayant pas de contrainte de dopage, suivi pour raideurs ou g\u00eane locomotrice. Utilisation : Cheval ayant des probl\u00e8mes de mobilit\u00e9 (raideurs, g\u00e8ne ..) EKYFLEX MOBILITY contient de l'Harpagophtytum, ingr\u00e9dient consid\u00e9r\u00e9 comme dopant, il est donc recommand\u00e9 d'arr\u00eater le produit au moins 48h avant une comp\u00e9tition.\",\"breadcrumb\":{\"@id\":\"https:\\\/\\\/www.vetorino.com\\\/boutique\\\/product\\\/ekyflex-mobility-3\\\/#breadcrumb\"},\"inLanguage\":\"fr-FR\",\"potentialAction\":[{\"@type\":\"ReadAction\",\"target\":[\"https:\\\/\\\/www.vetorino.com\\\/boutique\\\/product\\\/ekyflex-mobility-3\\\/\"]}]},{\"@type\":\"ImageObject\",\"inLanguage\":\"fr-FR\",\"@id\":\"https:\\\/\\\/www.vetorino.com\\\/boutique\\\/product\\\/ekyflex-mobility-3\\\/#primaryimage\",\"url\":\"https:\\\/\\\/www.vetorino.com\\\/boutique\\\/wp-content\\\/uploads\\\/2021\\\/05\\\/ekyflex-mobility.png\",\"contentUrl\":\"https:\\\/\\\/www.vetorino.com\\\/boutique\\\/wp-content\\\/uploads\\\/2021\\\/05\\\/ekyflex-mobility.png\",\"width\":800,\"height\":800},{\"@type\":\"BreadcrumbList\",\"@id\":\"https:\\\/\\\/www.vetorino.com\\\/boutique\\\/product\\\/ekyflex-mobility-3\\\/#breadcrumb\",\"itemListElement\":[{\"@type\":\"ListItem\",\"position\":1,\"name\":\"Accueil\",\"item\":\"https:\\\/\\\/www.vetorino.com\\\/boutique\\\/\"},{\"@type\":\"ListItem\",\"position\":2,\"name\":\"Produits\",\"item\":\"https:\\\/\\\/www.vetorino.com\\\/boutique\\\/\"},{\"@type\":\"ListItem\",\"position\":3,\"name\":\"Ekyflex Mobility\"}]},{\"@type\":\"WebSite\",\"@id\":\"https:\\\/\\\/www.vetorino.com\\\/boutique\\\/#website\",\"url\":\"https:\\\/\\\/www.vetorino.com\\\/boutique\\\/\",\"name\":\"V\u00e9torino\",\"description\":\"\",\"publisher\":{\"@id\":\"https:\\\/\\\/www.vetorino.com\\\/boutique\\\/#organization\"},\"potentialAction\":[{\"@type\":\"SearchAction\",\"target\":{\"@type\":\"EntryPoint\",\"urlTemplate\":\"https:\\\/\\\/www.vetorino.com\\\/boutique\\\/?s={search_term_string}\"},\"query-input\":{\"@type\":\"PropertyValueSpecification\",\"valueRequired\":true,\"valueName\":\"search_term_string\"}}],\"inLanguage\":\"fr-FR\"},{\"@type\":\"Organization\",\"@id\":\"https:\\\/\\\/www.vetorino.com\\\/boutique\\\/#organization\",\"name\":\"V\u00e9torino\",\"url\":\"https:\\\/\\\/www.vetorino.com\\\/boutique\\\/\",\"logo\":{\"@type\":\"ImageObject\",\"inLanguage\":\"fr-FR\",\"@id\":\"https:\\\/\\\/www.vetorino.com\\\/boutique\\\/#\\\/schema\\\/logo\\\/image\\\/\",\"url\":\"https:\\\/\\\/www.vetorino.com\\\/boutique\\\/wp-content\\\/uploads\\\/2024\\\/10\\\/logo.jpg\",\"contentUrl\":\"https:\\\/\\\/www.vetorino.com\\\/boutique\\\/wp-content\\\/uploads\\\/2024\\\/10\\\/logo.jpg\",\"width\":1200,\"height\":610,\"caption\":\"V\u00e9torino\"},\"image\":{\"@id\":\"https:\\\/\\\/www.vetorino.com\\\/boutique\\\/#\\\/schema\\\/logo\\\/image\\\/\"},\"sameAs\":[\"https:\\\/\\\/www.facebook.com\\\/Vetorino\\\/\",\"https:\\\/\\\/www.instagram.com\\\/vetorino_off\\\/\",\"https:\\\/\\\/www.linkedin.com\\\/company\\\/vtorino\\\/\"]}]}<\/script>\n<meta property=\"product:brand\" content=\"Audevard\" \/>\n<meta property=\"product:price:amount\" content=\"60.90\" \/>\n<meta property=\"product:price:currency\" content=\"EUR\" \/>\n<meta property=\"og:availability\" content=\"instock\" \/>\n<meta property=\"product:availability\" content=\"instock\" \/>\n<meta property=\"product:retailer_item_id\" content=\"A-4456576\" \/>\n<meta property=\"product:condition\" content=\"new\" \/>\n<!-- \/ Yoast SEO plugin. -->","yoast_head_json":{"title":"Ekyflex Mobility Audevard - V\u00e9torino","description":"EKYFLEX MOBILITY a \u00e9t\u00e9 formul\u00e9 pour apporter un soutien nutritionnel compl\u00e9mentaire aux chevaux n'ayant pas de contrainte de dopage, suivi pour raideurs ou g\u00eane locomotrice.  Utilisation :   Cheval ayant des probl\u00e8mes de mobilit\u00e9 (raideurs, g\u00e8ne ..)  EKYFLEX MOBILITY contient de l'Harpagophtytum, ingr\u00e9dient consid\u00e9r\u00e9 comme dopant, il est donc recommand\u00e9 d'arr\u00eater le produit au moins 48h avant une comp\u00e9tition.","robots":{"index":"noindex","follow":"nofollow"},"og_locale":"fr_FR","og_type":"article","og_title":"Ekyflex Mobility Audevard - V\u00e9torino","og_description":"EKYFLEX MOBILITY a \u00e9t\u00e9 formul\u00e9 pour apporter un soutien nutritionnel compl\u00e9mentaire aux chevaux n'ayant pas de contrainte de dopage, suivi pour raideurs ou g\u00eane locomotrice.  Utilisation :   Cheval ayant des probl\u00e8mes de mobilit\u00e9 (raideurs, g\u00e8ne ..)  EKYFLEX MOBILITY contient de l'Harpagophtytum, ingr\u00e9dient consid\u00e9r\u00e9 comme dopant, il est donc recommand\u00e9 d'arr\u00eater le produit au moins 48h avant une comp\u00e9tition.","og_url":"https:\/\/www.vetorino.com\/veterinaire\/plouzevede-29440\/boutique\/product\/ekyflex-mobility-3\/","og_site_name":"V\u00e9torino","article_publisher":"https:\/\/www.facebook.com\/Vetorino\/","article_modified_time":"2025-02-18T10:56:55+00:00","og_image":[{"width":800,"height":800,"url":"https:\/\/www.vetorino.com\/boutique\/wp-content\/uploads\/2021\/05\/ekyflex-mobility.png","type":"image\/png"}],"twitter_card":"summary_large_image","twitter_misc":{"Prix":"60,90&euro;","Disponibilit\u00e9":"En stock"},"schema":{"@context":"https:\/\/schema.org","@graph":[{"@type":"WebPage","@id":"https:\/\/www.vetorino.com\/boutique\/product\/ekyflex-mobility-3\/","url":"https:\/\/www.vetorino.com\/boutique\/product\/ekyflex-mobility-3\/","name":"Ekyflex Mobility Audevard - V\u00e9torino","isPartOf":{"@id":"https:\/\/www.vetorino.com\/boutique\/#website"},"primaryImageOfPage":{"@id":"https:\/\/www.vetorino.com\/boutique\/product\/ekyflex-mobility-3\/#primaryimage"},"image":{"@id":"https:\/\/www.vetorino.com\/boutique\/product\/ekyflex-mobility-3\/#primaryimage"},"thumbnailUrl":"https:\/\/www.vetorino.com\/boutique\/wp-content\/uploads\/2021\/05\/ekyflex-mobility.png","datePublished":"2021-05-04T15:12:17+00:00","dateModified":"2025-02-18T10:56:55+00:00","description":"EKYFLEX MOBILITY a \u00e9t\u00e9 formul\u00e9 pour apporter un soutien nutritionnel compl\u00e9mentaire aux chevaux n'ayant pas de contrainte de dopage, suivi pour raideurs ou g\u00eane locomotrice. Utilisation : Cheval ayant des probl\u00e8mes de mobilit\u00e9 (raideurs, g\u00e8ne ..) EKYFLEX MOBILITY contient de l'Harpagophtytum, ingr\u00e9dient consid\u00e9r\u00e9 comme dopant, il est donc recommand\u00e9 d'arr\u00eater le produit au moins 48h avant une comp\u00e9tition.","breadcrumb":{"@id":"https:\/\/www.vetorino.com\/boutique\/product\/ekyflex-mobility-3\/#breadcrumb"},"inLanguage":"fr-FR","potentialAction":[{"@type":"ReadAction","target":["https:\/\/www.vetorino.com\/boutique\/product\/ekyflex-mobility-3\/"]}]},{"@type":"ImageObject","inLanguage":"fr-FR","@id":"https:\/\/www.vetorino.com\/boutique\/product\/ekyflex-mobility-3\/#primaryimage","url":"https:\/\/www.vetorino.com\/boutique\/wp-content\/uploads\/2021\/05\/ekyflex-mobility.png","contentUrl":"https:\/\/www.vetorino.com\/boutique\/wp-content\/uploads\/2021\/05\/ekyflex-mobility.png","width":800,"height":800},{"@type":"BreadcrumbList","@id":"https:\/\/www.vetorino.com\/boutique\/product\/ekyflex-mobility-3\/#breadcrumb","itemListElement":[{"@type":"ListItem","position":1,"name":"Accueil","item":"https:\/\/www.vetorino.com\/boutique\/"},{"@type":"ListItem","position":2,"name":"Produits","item":"https:\/\/www.vetorino.com\/boutique\/"},{"@type":"ListItem","position":3,"name":"Ekyflex Mobility"}]},{"@type":"WebSite","@id":"https:\/\/www.vetorino.com\/boutique\/#website","url":"https:\/\/www.vetorino.com\/boutique\/","name":"V\u00e9torino","description":"","publisher":{"@id":"https:\/\/www.vetorino.com\/boutique\/#organization"},"potentialAction":[{"@type":"SearchAction","target":{"@type":"EntryPoint","urlTemplate":"https:\/\/www.vetorino.com\/boutique\/?s={search_term_string}"},"query-input":{"@type":"PropertyValueSpecification","valueRequired":true,"valueName":"search_term_string"}}],"inLanguage":"fr-FR"},{"@type":"Organization","@id":"https:\/\/www.vetorino.com\/boutique\/#organization","name":"V\u00e9torino","url":"https:\/\/www.vetorino.com\/boutique\/","logo":{"@type":"ImageObject","inLanguage":"fr-FR","@id":"https:\/\/www.vetorino.com\/boutique\/#\/schema\/logo\/image\/","url":"https:\/\/www.vetorino.com\/boutique\/wp-content\/uploads\/2024\/10\/logo.jpg","contentUrl":"https:\/\/www.vetorino.com\/boutique\/wp-content\/uploads\/2024\/10\/logo.jpg","width":1200,"height":610,"caption":"V\u00e9torino"},"image":{"@id":"https:\/\/www.vetorino.com\/boutique\/#\/schema\/logo\/image\/"},"sameAs":["https:\/\/www.facebook.com\/Vetorino\/","https:\/\/www.instagram.com\/vetorino_off\/","https:\/\/www.linkedin.com\/company\/vtorino\/"]}]},"product_brand":"Audevard","product_price_amount":"60.90","product_price_currency":"EUR","og_availability":"instock","product_availability":"instock","product_retailer_item_id":"A-4456576","product_condition":"new"},"_links":{"self":[{"href":"https:\/\/www.vetorino.com\/veterinaire\/plouzevede-29440\/boutique\/wp-json\/wp\/v2\/product\/176178","targetHints":{"allow":["GET"]}}],"collection":[{"href":"https:\/\/www.vetorino.com\/veterinaire\/plouzevede-29440\/boutique\/wp-json\/wp\/v2\/product"}],"about":[{"href":"https:\/\/www.vetorino.com\/veterinaire\/plouzevede-29440\/boutique\/wp-json\/wp\/v2\/types\/product"}],"wp:featuredmedia":[{"embeddable":true,"href":"https:\/\/www.vetorino.com\/veterinaire\/plouzevede-29440\/boutique\/wp-json\/wp\/v2\/media\/212730"}],"wp:attachment":[{"href":"https:\/\/www.vetorino.com\/veterinaire\/plouzevede-29440\/boutique\/wp-json\/wp\/v2\/media?parent=176178"}],"wp:term":[{"taxonomy":"product_cat","embeddable":true,"href":"https:\/\/www.vetorino.com\/veterinaire\/plouzevede-29440\/boutique\/wp-json\/wp\/v2\/product_cat?post=176178"},{"taxonomy":"product_tag","embeddable":true,"href":"https:\/\/www.vetorino.com\/veterinaire\/plouzevede-29440\/boutique\/wp-json\/wp\/v2\/product_tag?post=176178"}],"curies":[{"name":"wp","href":"https:\/\/api.w.org\/{rel}","templated":true}]}}