{"id":176198,"date":"2021-05-04T17:30:14","date_gmt":"2021-05-04T15:30:14","guid":{"rendered":"https:\/\/www.vetorino.com\/boutique\/product\/equistro-myo-power-granules\/"},"modified":"2022-01-04T16:54:21","modified_gmt":"2022-01-04T15:54:21","slug":"equistro-myo-power-granules","status":"publish","type":"product","link":"https:\/\/www.vetorino.com\/veterinaire\/plouzevede-29440\/boutique\/product\/equistro-myo-power-granules\/","title":{"rendered":"Equistro Myo Power Granules"},"content":{"rendered":"<p>Equistro Myo Power en granules est un aliment compl\u00e9mentaire destin\u00e9 \u00e0 am\u00e9liorer le potentiel musculaire des chevaux. d\u00e9velopper ou conserver leur masse musculaire et maintenir le m\u00e9tabolisme des muscles.<\/p>\n<p><strong>Utilisation<\/strong><\/p>\n<ul>\n<li>Jeunes chevaux en croissance<\/li>\n<li>Chevaux \u00e0 l&#8217;entra\u00eenement<\/li>\n<li>Juments en gestation avanc\u00e9e<\/li>\n<li>\u00e9talons en p\u00e9riode de saillie, n\u00e9cessitant une suppl\u00e9mentation en acides amin\u00e9s essentiels<\/li>\n<\/ul>\n","protected":false},"excerpt":{"rendered":"<p><strong>Equistro Myo Power<\/strong> en granules est un aliment compl\u00e9mentaire destin\u00e9 \u00e0 am\u00e9liorer le potentiel musculaire des chevaux par le d\u00e9veloppement ou la conservation de leur masse musculaire. Maintenir le m\u00e9tabolisme des muscles.<\/p>\n","protected":false},"featured_media":178045,"template":"","meta":[],"product_cat":[12564,12547,14072,12753,12566,12754],"product_tag":[],"class_list":{"0":"post-176198","1":"product","2":"type-product","3":"status-publish","4":"has-post-thumbnail","6":"product_cat-locomotion-du-cheval","7":"product_cat-cheval","8":"product_cat-dietetique-et-complements-alimentaires-du-cheval","9":"product_cat-muscle-du-cheval","10":"product_cat-performance-du-cheval","11":"product_cat-soins-au-quotidien-du-cheval","12":"pa_marque-equistro","14":"first","15":"instock","16":"taxable","17":"shipping-taxable","18":"purchasable","19":"product-type-variable"},"yoast_head":"<!-- This site is optimized with the Yoast SEO plugin v27.3 - https:\/\/yoast.com\/product\/yoast-seo-wordpress\/ -->\n<title>Equistro Myo Power Granules Equistro - V\u00e9torino<\/title>\n<meta name=\"description\" content=\"Equistro Myo Power en granules est un aliment compl\u00e9mentaire destin\u00e9 \u00e0 am\u00e9liorer le potentiel musculaire des chevaux par le d\u00e9veloppement ou la conservation de leur masse musculaire. Maintenir le m\u00e9tabolisme des muscles.\" \/>\n<meta name=\"robots\" content=\"noindex, nofollow\" \/>\n<meta property=\"og:locale\" content=\"fr_FR\" \/>\n<meta property=\"og:type\" content=\"article\" \/>\n<meta property=\"og:title\" content=\"Equistro Myo Power Granules Equistro - V\u00e9torino\" \/>\n<meta property=\"og:description\" content=\"Equistro Myo Power en granules est un aliment compl\u00e9mentaire destin\u00e9 \u00e0 am\u00e9liorer le potentiel musculaire des chevaux par le d\u00e9veloppement ou la conservation de leur masse musculaire. Maintenir le m\u00e9tabolisme des muscles.\" \/>\n<meta property=\"og:url\" content=\"https:\/\/www.vetorino.com\/veterinaire\/plouzevede-29440\/boutique\/product\/equistro-myo-power-granules\/\" \/>\n<meta property=\"og:site_name\" content=\"V\u00e9torino\" \/>\n<meta property=\"article:publisher\" content=\"https:\/\/www.facebook.com\/Vetorino\/\" \/>\n<meta property=\"article:modified_time\" content=\"2022-01-04T15:54:21+00:00\" \/>\n<meta property=\"og:image\" content=\"https:\/\/www.vetorino.com\/boutique\/wp-content\/uploads\/2020\/06\/equistro-myo-power.jpg\" \/>\n\t<meta property=\"og:image:width\" content=\"555\" \/>\n\t<meta property=\"og:image:height\" content=\"555\" \/>\n\t<meta property=\"og:image:type\" content=\"image\/jpeg\" \/>\n<meta name=\"twitter:card\" content=\"summary_large_image\" \/>\n<meta name=\"twitter:label1\" content=\"Disponibilit\u00e9\" \/>\n\t<meta name=\"twitter:data1\" content=\"En stock\" \/>\n<script type=\"application\/ld+json\" class=\"yoast-schema-graph\">{\"@context\":\"https:\\\/\\\/schema.org\",\"@graph\":[{\"@type\":\"WebPage\",\"@id\":\"https:\\\/\\\/www.vetorino.com\\\/boutique\\\/product\\\/equistro-myo-power-granules\\\/\",\"url\":\"https:\\\/\\\/www.vetorino.com\\\/boutique\\\/product\\\/equistro-myo-power-granules\\\/\",\"name\":\"Equistro Myo Power Granules Equistro - V\u00e9torino\",\"isPartOf\":{\"@id\":\"https:\\\/\\\/www.vetorino.com\\\/boutique\\\/#website\"},\"primaryImageOfPage\":{\"@id\":\"https:\\\/\\\/www.vetorino.com\\\/boutique\\\/product\\\/equistro-myo-power-granules\\\/#primaryimage\"},\"image\":{\"@id\":\"https:\\\/\\\/www.vetorino.com\\\/boutique\\\/product\\\/equistro-myo-power-granules\\\/#primaryimage\"},\"thumbnailUrl\":\"https:\\\/\\\/www.vetorino.com\\\/boutique\\\/wp-content\\\/uploads\\\/2020\\\/06\\\/equistro-myo-power.jpg\",\"datePublished\":\"2021-05-04T15:30:14+00:00\",\"dateModified\":\"2022-01-04T15:54:21+00:00\",\"description\":\"Equistro Myo Power en granules est un aliment compl\u00e9mentaire destin\u00e9 \u00e0 am\u00e9liorer le potentiel musculaire des chevaux par le d\u00e9veloppement ou la conservation de leur masse musculaire. Maintenir le m\u00e9tabolisme des muscles.\",\"breadcrumb\":{\"@id\":\"https:\\\/\\\/www.vetorino.com\\\/boutique\\\/product\\\/equistro-myo-power-granules\\\/#breadcrumb\"},\"inLanguage\":\"fr-FR\",\"potentialAction\":[{\"@type\":\"ReadAction\",\"target\":[\"https:\\\/\\\/www.vetorino.com\\\/boutique\\\/product\\\/equistro-myo-power-granules\\\/\"]}]},{\"@type\":\"ImageObject\",\"inLanguage\":\"fr-FR\",\"@id\":\"https:\\\/\\\/www.vetorino.com\\\/boutique\\\/product\\\/equistro-myo-power-granules\\\/#primaryimage\",\"url\":\"https:\\\/\\\/www.vetorino.com\\\/boutique\\\/wp-content\\\/uploads\\\/2020\\\/06\\\/equistro-myo-power.jpg\",\"contentUrl\":\"https:\\\/\\\/www.vetorino.com\\\/boutique\\\/wp-content\\\/uploads\\\/2020\\\/06\\\/equistro-myo-power.jpg\",\"width\":555,\"height\":555},{\"@type\":\"BreadcrumbList\",\"@id\":\"https:\\\/\\\/www.vetorino.com\\\/boutique\\\/product\\\/equistro-myo-power-granules\\\/#breadcrumb\",\"itemListElement\":[{\"@type\":\"ListItem\",\"position\":1,\"name\":\"Accueil\",\"item\":\"https:\\\/\\\/www.vetorino.com\\\/boutique\\\/\"},{\"@type\":\"ListItem\",\"position\":2,\"name\":\"Produits\",\"item\":\"https:\\\/\\\/www.vetorino.com\\\/boutique\\\/\"},{\"@type\":\"ListItem\",\"position\":3,\"name\":\"Equistro Myo Power Granules\"}]},{\"@type\":\"WebSite\",\"@id\":\"https:\\\/\\\/www.vetorino.com\\\/boutique\\\/#website\",\"url\":\"https:\\\/\\\/www.vetorino.com\\\/boutique\\\/\",\"name\":\"V\u00e9torino\",\"description\":\"\",\"publisher\":{\"@id\":\"https:\\\/\\\/www.vetorino.com\\\/boutique\\\/#organization\"},\"potentialAction\":[{\"@type\":\"SearchAction\",\"target\":{\"@type\":\"EntryPoint\",\"urlTemplate\":\"https:\\\/\\\/www.vetorino.com\\\/boutique\\\/?s={search_term_string}\"},\"query-input\":{\"@type\":\"PropertyValueSpecification\",\"valueRequired\":true,\"valueName\":\"search_term_string\"}}],\"inLanguage\":\"fr-FR\"},{\"@type\":\"Organization\",\"@id\":\"https:\\\/\\\/www.vetorino.com\\\/boutique\\\/#organization\",\"name\":\"V\u00e9torino\",\"url\":\"https:\\\/\\\/www.vetorino.com\\\/boutique\\\/\",\"logo\":{\"@type\":\"ImageObject\",\"inLanguage\":\"fr-FR\",\"@id\":\"https:\\\/\\\/www.vetorino.com\\\/boutique\\\/#\\\/schema\\\/logo\\\/image\\\/\",\"url\":\"https:\\\/\\\/www.vetorino.com\\\/boutique\\\/wp-content\\\/uploads\\\/2024\\\/10\\\/logo.jpg\",\"contentUrl\":\"https:\\\/\\\/www.vetorino.com\\\/boutique\\\/wp-content\\\/uploads\\\/2024\\\/10\\\/logo.jpg\",\"width\":1200,\"height\":610,\"caption\":\"V\u00e9torino\"},\"image\":{\"@id\":\"https:\\\/\\\/www.vetorino.com\\\/boutique\\\/#\\\/schema\\\/logo\\\/image\\\/\"},\"sameAs\":[\"https:\\\/\\\/www.facebook.com\\\/Vetorino\\\/\",\"https:\\\/\\\/www.instagram.com\\\/vetorino_off\\\/\",\"https:\\\/\\\/www.linkedin.com\\\/company\\\/vtorino\\\/\"]}]}<\/script>\n<meta property=\"product:brand\" content=\"Equistro\" \/>\n<meta property=\"og:availability\" content=\"instock\" \/>\n<meta property=\"product:availability\" content=\"instock\" \/>\n<meta property=\"product:condition\" content=\"new\" \/>\n<!-- \/ Yoast SEO plugin. -->","yoast_head_json":{"title":"Equistro Myo Power Granules Equistro - V\u00e9torino","description":"Equistro Myo Power en granules est un aliment compl\u00e9mentaire destin\u00e9 \u00e0 am\u00e9liorer le potentiel musculaire des chevaux par le d\u00e9veloppement ou la conservation de leur masse musculaire. Maintenir le m\u00e9tabolisme des muscles.","robots":{"index":"noindex","follow":"nofollow"},"og_locale":"fr_FR","og_type":"article","og_title":"Equistro Myo Power Granules Equistro - V\u00e9torino","og_description":"Equistro Myo Power en granules est un aliment compl\u00e9mentaire destin\u00e9 \u00e0 am\u00e9liorer le potentiel musculaire des chevaux par le d\u00e9veloppement ou la conservation de leur masse musculaire. Maintenir le m\u00e9tabolisme des muscles.","og_url":"https:\/\/www.vetorino.com\/veterinaire\/plouzevede-29440\/boutique\/product\/equistro-myo-power-granules\/","og_site_name":"V\u00e9torino","article_publisher":"https:\/\/www.facebook.com\/Vetorino\/","article_modified_time":"2022-01-04T15:54:21+00:00","og_image":[{"width":555,"height":555,"url":"https:\/\/www.vetorino.com\/boutique\/wp-content\/uploads\/2020\/06\/equistro-myo-power.jpg","type":"image\/jpeg"}],"twitter_card":"summary_large_image","twitter_misc":{"Disponibilit\u00e9":"En stock"},"schema":{"@context":"https:\/\/schema.org","@graph":[{"@type":"WebPage","@id":"https:\/\/www.vetorino.com\/boutique\/product\/equistro-myo-power-granules\/","url":"https:\/\/www.vetorino.com\/boutique\/product\/equistro-myo-power-granules\/","name":"Equistro Myo Power Granules Equistro - V\u00e9torino","isPartOf":{"@id":"https:\/\/www.vetorino.com\/boutique\/#website"},"primaryImageOfPage":{"@id":"https:\/\/www.vetorino.com\/boutique\/product\/equistro-myo-power-granules\/#primaryimage"},"image":{"@id":"https:\/\/www.vetorino.com\/boutique\/product\/equistro-myo-power-granules\/#primaryimage"},"thumbnailUrl":"https:\/\/www.vetorino.com\/boutique\/wp-content\/uploads\/2020\/06\/equistro-myo-power.jpg","datePublished":"2021-05-04T15:30:14+00:00","dateModified":"2022-01-04T15:54:21+00:00","description":"Equistro Myo Power en granules est un aliment compl\u00e9mentaire destin\u00e9 \u00e0 am\u00e9liorer le potentiel musculaire des chevaux par le d\u00e9veloppement ou la conservation de leur masse musculaire. Maintenir le m\u00e9tabolisme des muscles.","breadcrumb":{"@id":"https:\/\/www.vetorino.com\/boutique\/product\/equistro-myo-power-granules\/#breadcrumb"},"inLanguage":"fr-FR","potentialAction":[{"@type":"ReadAction","target":["https:\/\/www.vetorino.com\/boutique\/product\/equistro-myo-power-granules\/"]}]},{"@type":"ImageObject","inLanguage":"fr-FR","@id":"https:\/\/www.vetorino.com\/boutique\/product\/equistro-myo-power-granules\/#primaryimage","url":"https:\/\/www.vetorino.com\/boutique\/wp-content\/uploads\/2020\/06\/equistro-myo-power.jpg","contentUrl":"https:\/\/www.vetorino.com\/boutique\/wp-content\/uploads\/2020\/06\/equistro-myo-power.jpg","width":555,"height":555},{"@type":"BreadcrumbList","@id":"https:\/\/www.vetorino.com\/boutique\/product\/equistro-myo-power-granules\/#breadcrumb","itemListElement":[{"@type":"ListItem","position":1,"name":"Accueil","item":"https:\/\/www.vetorino.com\/boutique\/"},{"@type":"ListItem","position":2,"name":"Produits","item":"https:\/\/www.vetorino.com\/boutique\/"},{"@type":"ListItem","position":3,"name":"Equistro Myo Power Granules"}]},{"@type":"WebSite","@id":"https:\/\/www.vetorino.com\/boutique\/#website","url":"https:\/\/www.vetorino.com\/boutique\/","name":"V\u00e9torino","description":"","publisher":{"@id":"https:\/\/www.vetorino.com\/boutique\/#organization"},"potentialAction":[{"@type":"SearchAction","target":{"@type":"EntryPoint","urlTemplate":"https:\/\/www.vetorino.com\/boutique\/?s={search_term_string}"},"query-input":{"@type":"PropertyValueSpecification","valueRequired":true,"valueName":"search_term_string"}}],"inLanguage":"fr-FR"},{"@type":"Organization","@id":"https:\/\/www.vetorino.com\/boutique\/#organization","name":"V\u00e9torino","url":"https:\/\/www.vetorino.com\/boutique\/","logo":{"@type":"ImageObject","inLanguage":"fr-FR","@id":"https:\/\/www.vetorino.com\/boutique\/#\/schema\/logo\/image\/","url":"https:\/\/www.vetorino.com\/boutique\/wp-content\/uploads\/2024\/10\/logo.jpg","contentUrl":"https:\/\/www.vetorino.com\/boutique\/wp-content\/uploads\/2024\/10\/logo.jpg","width":1200,"height":610,"caption":"V\u00e9torino"},"image":{"@id":"https:\/\/www.vetorino.com\/boutique\/#\/schema\/logo\/image\/"},"sameAs":["https:\/\/www.facebook.com\/Vetorino\/","https:\/\/www.instagram.com\/vetorino_off\/","https:\/\/www.linkedin.com\/company\/vtorino\/"]}]},"product_brand":"Equistro","og_availability":"instock","product_availability":"instock","product_condition":"new"},"_links":{"self":[{"href":"https:\/\/www.vetorino.com\/veterinaire\/plouzevede-29440\/boutique\/wp-json\/wp\/v2\/product\/176198","targetHints":{"allow":["GET"]}}],"collection":[{"href":"https:\/\/www.vetorino.com\/veterinaire\/plouzevede-29440\/boutique\/wp-json\/wp\/v2\/product"}],"about":[{"href":"https:\/\/www.vetorino.com\/veterinaire\/plouzevede-29440\/boutique\/wp-json\/wp\/v2\/types\/product"}],"wp:featuredmedia":[{"embeddable":true,"href":"https:\/\/www.vetorino.com\/veterinaire\/plouzevede-29440\/boutique\/wp-json\/wp\/v2\/media\/178045"}],"wp:attachment":[{"href":"https:\/\/www.vetorino.com\/veterinaire\/plouzevede-29440\/boutique\/wp-json\/wp\/v2\/media?parent=176198"}],"wp:term":[{"taxonomy":"product_cat","embeddable":true,"href":"https:\/\/www.vetorino.com\/veterinaire\/plouzevede-29440\/boutique\/wp-json\/wp\/v2\/product_cat?post=176198"},{"taxonomy":"product_tag","embeddable":true,"href":"https:\/\/www.vetorino.com\/veterinaire\/plouzevede-29440\/boutique\/wp-json\/wp\/v2\/product_tag?post=176198"}],"curies":[{"name":"wp","href":"https:\/\/api.w.org\/{rel}","templated":true}]}}