{"id":1764165,"date":"2026-03-27T12:08:06","date_gmt":"2026-03-27T11:08:06","guid":{"rendered":"https:\/\/www.vetorino.com\/boutique\/product\/viti5-ration-menagere-comprimes-orange\/"},"modified":"2026-03-27T12:08:08","modified_gmt":"2026-03-27T11:08:08","slug":"viti5-ration-menagere-comprimes-orange","status":"publish","type":"product","link":"https:\/\/www.vetorino.com\/veterinaire\/plouzevede-29440\/boutique\/product\/viti5-ration-menagere-comprimes-orange\/","title":{"rendered":"Vit&#8217;i5 Ration M\u00e9nag\u00e8re Comprim\u00e9s (orange)"},"content":{"rendered":"<p><strong>INDICATION :<\/strong> aliment min&eacute;ral et vitamin&eacute; en comprim&eacute;s pour &eacute;quilibrer une ration chez les chiens et chats de moins de 8 ans, les chiots et les chatons et les femelles en gestation et en lactation (gamme vit&rsquo;i5 orange).<\/p>\n<p><strong>FORME GAL&Eacute;NIQUE :<\/strong> comprim&eacute;s app&eacute;tents de 2 g s&eacute;cables.<\/p>\n<p><strong>COMPOSITION :<\/strong> levures de bi&egrave;re inactiv&eacute;es, phosphate bicalcique, carbonate de calcium, prot&eacute;ines hydrolys&eacute;es de poulet (5 %), st&eacute;arate de magn&eacute;sium.<\/p>\n<p><strong>CONSTITUANTS ANALYTIQUES :<\/strong> prot&eacute;ine brute 22 %, mati&egrave;re grasse brute 4 %, min&eacute;raux 47 %, fibre brute 5 %, humidit&eacute; 3 %, calcium 15 %, phosphore 5 %, potassium 0,4 %, sodium 0.1 %, magn&eacute;sium 0,2 %, chlore 0,36 %.<\/p>\n<p><strong>ADDITIFS PAR KG :<\/strong> vitamines : A (3a672) 288 000 UI, D3 (3a671) 28 800 UI, E (3a700) 4 400 mg, B1 (3a821) 280 mg, B2 (3a825i) 260 mg, PP (3a315) 1 500 mg, B5 (3a841) 570 mg, B6 (3a831) 100 mg, B8 (3a880) 3 000 &mu;g, B9 (3a316) 28 mg, B12 (3a835) 1 500 &mu;g, choline (3a890) 637 mg. Taurine :(3a370) 10 000 mg. Oligo-&eacute;l&eacute;ments : Fe (3b108) 825 mg, I (3b203) 33 mg, Cu (3b405 &amp; 3b413) 56 mg &amp; 56 mg, Mn (3b503) 100 mg, Zn (3b607 &amp; 3b605) 750 mg &amp; 750 mg, Se (3b801 &amp; 3b811) 1,65 mg &amp; 1,65 mg. Technologiques : cellulose microcristalline (E 460(i)) 50 g<\/p>\n","protected":false},"excerpt":{"rendered":"<p>Compl\u00e9ment Min\u00e9ral Vitamin\u00e9<\/p>\n","protected":false},"featured_media":3520,"template":"","meta":[],"product_cat":[2697],"product_tag":[],"class_list":{"0":"post-1764165","1":"product","2":"type-product","3":"status-publish","4":"has-post-thumbnail","6":"product_cat-chat","7":"pa_marque-animal-nutrition-expertise","9":"first","10":"instock","11":"taxable","12":"shipping-taxable","13":"purchasable","14":"product-type-simple"},"yoast_head":"<!-- This site is optimized with the Yoast SEO plugin v27.3 - https:\/\/yoast.com\/product\/yoast-seo-wordpress\/ -->\n<title>Vit&#039;i5 Ration M\u00e9nag\u00e8re Comprim\u00e9s (orange) Animal Nutrition Expertise - V\u00e9torino<\/title>\n<meta name=\"description\" content=\"Compl\u00e9ment Min\u00e9ral Vitamin\u00e9\" \/>\n<meta name=\"robots\" content=\"noindex, nofollow\" \/>\n<meta property=\"og:locale\" content=\"fr_FR\" \/>\n<meta property=\"og:type\" content=\"article\" \/>\n<meta property=\"og:title\" content=\"Vit&#039;i5 Ration M\u00e9nag\u00e8re Comprim\u00e9s (orange) Animal Nutrition Expertise - V\u00e9torino\" \/>\n<meta property=\"og:description\" content=\"Compl\u00e9ment Min\u00e9ral Vitamin\u00e9\" \/>\n<meta property=\"og:url\" content=\"https:\/\/www.vetorino.com\/veterinaire\/plouzevede-29440\/boutique\/product\/viti5-ration-menagere-comprimes-orange\/\" \/>\n<meta property=\"og:site_name\" content=\"V\u00e9torino\" \/>\n<meta property=\"article:publisher\" content=\"https:\/\/www.facebook.com\/Vetorino\/\" \/>\n<meta property=\"article:modified_time\" content=\"2026-03-27T11:08:08+00:00\" \/>\n<meta property=\"og:image\" content=\"https:\/\/www.vetorino.com\/boutique\/wp-content\/uploads\/2020\/02\/placeholder-os-chien-chat-nourriture.jpg\" \/>\n\t<meta property=\"og:image:width\" content=\"555\" \/>\n\t<meta property=\"og:image:height\" content=\"555\" \/>\n\t<meta property=\"og:image:type\" content=\"image\/jpeg\" \/>\n<meta name=\"twitter:card\" content=\"summary_large_image\" \/>\n<meta name=\"twitter:label1\" content=\"Prix\" \/>\n\t<meta name=\"twitter:data1\" content=\"48,41&euro;\" \/>\n\t<meta name=\"twitter:label2\" content=\"Disponibilit\u00e9\" \/>\n\t<meta name=\"twitter:data2\" content=\"En stock\" \/>\n<script type=\"application\/ld+json\" class=\"yoast-schema-graph\">{\"@context\":\"https:\\\/\\\/schema.org\",\"@graph\":[{\"@type\":\"WebPage\",\"@id\":\"https:\\\/\\\/www.vetorino.com\\\/boutique\\\/product\\\/viti5-ration-menagere-comprimes-orange\\\/\",\"url\":\"https:\\\/\\\/www.vetorino.com\\\/boutique\\\/product\\\/viti5-ration-menagere-comprimes-orange\\\/\",\"name\":\"Vit'i5 Ration M\u00e9nag\u00e8re Comprim\u00e9s (orange) Animal Nutrition Expertise - V\u00e9torino\",\"isPartOf\":{\"@id\":\"https:\\\/\\\/www.vetorino.com\\\/boutique\\\/#website\"},\"primaryImageOfPage\":{\"@id\":\"https:\\\/\\\/www.vetorino.com\\\/boutique\\\/product\\\/viti5-ration-menagere-comprimes-orange\\\/#primaryimage\"},\"image\":{\"@id\":\"https:\\\/\\\/www.vetorino.com\\\/boutique\\\/product\\\/viti5-ration-menagere-comprimes-orange\\\/#primaryimage\"},\"thumbnailUrl\":\"https:\\\/\\\/www.vetorino.com\\\/boutique\\\/wp-content\\\/uploads\\\/2020\\\/02\\\/placeholder-os-chien-chat-nourriture.jpg\",\"datePublished\":\"2026-03-27T11:08:06+00:00\",\"dateModified\":\"2026-03-27T11:08:08+00:00\",\"description\":\"Compl\u00e9ment Min\u00e9ral Vitamin\u00e9\",\"breadcrumb\":{\"@id\":\"https:\\\/\\\/www.vetorino.com\\\/boutique\\\/product\\\/viti5-ration-menagere-comprimes-orange\\\/#breadcrumb\"},\"inLanguage\":\"fr-FR\",\"potentialAction\":[{\"@type\":\"ReadAction\",\"target\":[\"https:\\\/\\\/www.vetorino.com\\\/boutique\\\/product\\\/viti5-ration-menagere-comprimes-orange\\\/\"]}]},{\"@type\":\"ImageObject\",\"inLanguage\":\"fr-FR\",\"@id\":\"https:\\\/\\\/www.vetorino.com\\\/boutique\\\/product\\\/viti5-ration-menagere-comprimes-orange\\\/#primaryimage\",\"url\":\"https:\\\/\\\/www.vetorino.com\\\/boutique\\\/wp-content\\\/uploads\\\/2020\\\/02\\\/placeholder-os-chien-chat-nourriture.jpg\",\"contentUrl\":\"https:\\\/\\\/www.vetorino.com\\\/boutique\\\/wp-content\\\/uploads\\\/2020\\\/02\\\/placeholder-os-chien-chat-nourriture.jpg\",\"width\":555,\"height\":555},{\"@type\":\"BreadcrumbList\",\"@id\":\"https:\\\/\\\/www.vetorino.com\\\/boutique\\\/product\\\/viti5-ration-menagere-comprimes-orange\\\/#breadcrumb\",\"itemListElement\":[{\"@type\":\"ListItem\",\"position\":1,\"name\":\"Accueil\",\"item\":\"https:\\\/\\\/www.vetorino.com\\\/boutique\\\/\"},{\"@type\":\"ListItem\",\"position\":2,\"name\":\"Produits\",\"item\":\"https:\\\/\\\/www.vetorino.com\\\/boutique\\\/\"},{\"@type\":\"ListItem\",\"position\":3,\"name\":\"Vit&#8217;i5 Ration M\u00e9nag\u00e8re Comprim\u00e9s (orange)\"}]},{\"@type\":\"WebSite\",\"@id\":\"https:\\\/\\\/www.vetorino.com\\\/boutique\\\/#website\",\"url\":\"https:\\\/\\\/www.vetorino.com\\\/boutique\\\/\",\"name\":\"V\u00e9torino\",\"description\":\"\",\"publisher\":{\"@id\":\"https:\\\/\\\/www.vetorino.com\\\/boutique\\\/#organization\"},\"potentialAction\":[{\"@type\":\"SearchAction\",\"target\":{\"@type\":\"EntryPoint\",\"urlTemplate\":\"https:\\\/\\\/www.vetorino.com\\\/boutique\\\/?s={search_term_string}\"},\"query-input\":{\"@type\":\"PropertyValueSpecification\",\"valueRequired\":true,\"valueName\":\"search_term_string\"}}],\"inLanguage\":\"fr-FR\"},{\"@type\":\"Organization\",\"@id\":\"https:\\\/\\\/www.vetorino.com\\\/boutique\\\/#organization\",\"name\":\"V\u00e9torino\",\"url\":\"https:\\\/\\\/www.vetorino.com\\\/boutique\\\/\",\"logo\":{\"@type\":\"ImageObject\",\"inLanguage\":\"fr-FR\",\"@id\":\"https:\\\/\\\/www.vetorino.com\\\/boutique\\\/#\\\/schema\\\/logo\\\/image\\\/\",\"url\":\"https:\\\/\\\/www.vetorino.com\\\/boutique\\\/wp-content\\\/uploads\\\/2024\\\/10\\\/logo.jpg\",\"contentUrl\":\"https:\\\/\\\/www.vetorino.com\\\/boutique\\\/wp-content\\\/uploads\\\/2024\\\/10\\\/logo.jpg\",\"width\":1200,\"height\":610,\"caption\":\"V\u00e9torino\"},\"image\":{\"@id\":\"https:\\\/\\\/www.vetorino.com\\\/boutique\\\/#\\\/schema\\\/logo\\\/image\\\/\"},\"sameAs\":[\"https:\\\/\\\/www.facebook.com\\\/Vetorino\\\/\",\"https:\\\/\\\/www.instagram.com\\\/vetorino_off\\\/\",\"https:\\\/\\\/www.linkedin.com\\\/company\\\/vtorino\\\/\"]}]}<\/script>\n<meta property=\"product:brand\" content=\"Animal Nutrition Expertise\" \/>\n<meta property=\"product:price:amount\" content=\"48.41\" \/>\n<meta property=\"product:price:currency\" content=\"EUR\" \/>\n<meta property=\"og:availability\" content=\"instock\" \/>\n<meta property=\"product:availability\" content=\"instock\" \/>\n<meta property=\"product:retailer_item_id\" content=\"A-1900460\" \/>\n<meta property=\"product:condition\" content=\"new\" \/>\n<!-- \/ Yoast SEO plugin. -->","yoast_head_json":{"title":"Vit'i5 Ration M\u00e9nag\u00e8re Comprim\u00e9s (orange) Animal Nutrition Expertise - V\u00e9torino","description":"Compl\u00e9ment Min\u00e9ral Vitamin\u00e9","robots":{"index":"noindex","follow":"nofollow"},"og_locale":"fr_FR","og_type":"article","og_title":"Vit'i5 Ration M\u00e9nag\u00e8re Comprim\u00e9s (orange) Animal Nutrition Expertise - V\u00e9torino","og_description":"Compl\u00e9ment Min\u00e9ral Vitamin\u00e9","og_url":"https:\/\/www.vetorino.com\/veterinaire\/plouzevede-29440\/boutique\/product\/viti5-ration-menagere-comprimes-orange\/","og_site_name":"V\u00e9torino","article_publisher":"https:\/\/www.facebook.com\/Vetorino\/","article_modified_time":"2026-03-27T11:08:08+00:00","og_image":[{"width":555,"height":555,"url":"https:\/\/www.vetorino.com\/boutique\/wp-content\/uploads\/2020\/02\/placeholder-os-chien-chat-nourriture.jpg","type":"image\/jpeg"}],"twitter_card":"summary_large_image","twitter_misc":{"Prix":"48,41&euro;","Disponibilit\u00e9":"En stock"},"schema":{"@context":"https:\/\/schema.org","@graph":[{"@type":"WebPage","@id":"https:\/\/www.vetorino.com\/boutique\/product\/viti5-ration-menagere-comprimes-orange\/","url":"https:\/\/www.vetorino.com\/boutique\/product\/viti5-ration-menagere-comprimes-orange\/","name":"Vit'i5 Ration M\u00e9nag\u00e8re Comprim\u00e9s (orange) Animal Nutrition Expertise - V\u00e9torino","isPartOf":{"@id":"https:\/\/www.vetorino.com\/boutique\/#website"},"primaryImageOfPage":{"@id":"https:\/\/www.vetorino.com\/boutique\/product\/viti5-ration-menagere-comprimes-orange\/#primaryimage"},"image":{"@id":"https:\/\/www.vetorino.com\/boutique\/product\/viti5-ration-menagere-comprimes-orange\/#primaryimage"},"thumbnailUrl":"https:\/\/www.vetorino.com\/boutique\/wp-content\/uploads\/2020\/02\/placeholder-os-chien-chat-nourriture.jpg","datePublished":"2026-03-27T11:08:06+00:00","dateModified":"2026-03-27T11:08:08+00:00","description":"Compl\u00e9ment Min\u00e9ral Vitamin\u00e9","breadcrumb":{"@id":"https:\/\/www.vetorino.com\/boutique\/product\/viti5-ration-menagere-comprimes-orange\/#breadcrumb"},"inLanguage":"fr-FR","potentialAction":[{"@type":"ReadAction","target":["https:\/\/www.vetorino.com\/boutique\/product\/viti5-ration-menagere-comprimes-orange\/"]}]},{"@type":"ImageObject","inLanguage":"fr-FR","@id":"https:\/\/www.vetorino.com\/boutique\/product\/viti5-ration-menagere-comprimes-orange\/#primaryimage","url":"https:\/\/www.vetorino.com\/boutique\/wp-content\/uploads\/2020\/02\/placeholder-os-chien-chat-nourriture.jpg","contentUrl":"https:\/\/www.vetorino.com\/boutique\/wp-content\/uploads\/2020\/02\/placeholder-os-chien-chat-nourriture.jpg","width":555,"height":555},{"@type":"BreadcrumbList","@id":"https:\/\/www.vetorino.com\/boutique\/product\/viti5-ration-menagere-comprimes-orange\/#breadcrumb","itemListElement":[{"@type":"ListItem","position":1,"name":"Accueil","item":"https:\/\/www.vetorino.com\/boutique\/"},{"@type":"ListItem","position":2,"name":"Produits","item":"https:\/\/www.vetorino.com\/boutique\/"},{"@type":"ListItem","position":3,"name":"Vit&#8217;i5 Ration M\u00e9nag\u00e8re Comprim\u00e9s (orange)"}]},{"@type":"WebSite","@id":"https:\/\/www.vetorino.com\/boutique\/#website","url":"https:\/\/www.vetorino.com\/boutique\/","name":"V\u00e9torino","description":"","publisher":{"@id":"https:\/\/www.vetorino.com\/boutique\/#organization"},"potentialAction":[{"@type":"SearchAction","target":{"@type":"EntryPoint","urlTemplate":"https:\/\/www.vetorino.com\/boutique\/?s={search_term_string}"},"query-input":{"@type":"PropertyValueSpecification","valueRequired":true,"valueName":"search_term_string"}}],"inLanguage":"fr-FR"},{"@type":"Organization","@id":"https:\/\/www.vetorino.com\/boutique\/#organization","name":"V\u00e9torino","url":"https:\/\/www.vetorino.com\/boutique\/","logo":{"@type":"ImageObject","inLanguage":"fr-FR","@id":"https:\/\/www.vetorino.com\/boutique\/#\/schema\/logo\/image\/","url":"https:\/\/www.vetorino.com\/boutique\/wp-content\/uploads\/2024\/10\/logo.jpg","contentUrl":"https:\/\/www.vetorino.com\/boutique\/wp-content\/uploads\/2024\/10\/logo.jpg","width":1200,"height":610,"caption":"V\u00e9torino"},"image":{"@id":"https:\/\/www.vetorino.com\/boutique\/#\/schema\/logo\/image\/"},"sameAs":["https:\/\/www.facebook.com\/Vetorino\/","https:\/\/www.instagram.com\/vetorino_off\/","https:\/\/www.linkedin.com\/company\/vtorino\/"]}]},"product_brand":"Animal Nutrition Expertise","product_price_amount":"48.41","product_price_currency":"EUR","og_availability":"instock","product_availability":"instock","product_retailer_item_id":"A-1900460","product_condition":"new"},"_links":{"self":[{"href":"https:\/\/www.vetorino.com\/veterinaire\/plouzevede-29440\/boutique\/wp-json\/wp\/v2\/product\/1764165","targetHints":{"allow":["GET"]}}],"collection":[{"href":"https:\/\/www.vetorino.com\/veterinaire\/plouzevede-29440\/boutique\/wp-json\/wp\/v2\/product"}],"about":[{"href":"https:\/\/www.vetorino.com\/veterinaire\/plouzevede-29440\/boutique\/wp-json\/wp\/v2\/types\/product"}],"wp:featuredmedia":[{"embeddable":true,"href":"https:\/\/www.vetorino.com\/veterinaire\/plouzevede-29440\/boutique\/wp-json\/wp\/v2\/media\/3520"}],"wp:attachment":[{"href":"https:\/\/www.vetorino.com\/veterinaire\/plouzevede-29440\/boutique\/wp-json\/wp\/v2\/media?parent=1764165"}],"wp:term":[{"taxonomy":"product_cat","embeddable":true,"href":"https:\/\/www.vetorino.com\/veterinaire\/plouzevede-29440\/boutique\/wp-json\/wp\/v2\/product_cat?post=1764165"},{"taxonomy":"product_tag","embeddable":true,"href":"https:\/\/www.vetorino.com\/veterinaire\/plouzevede-29440\/boutique\/wp-json\/wp\/v2\/product_tag?post=1764165"}],"curies":[{"name":"wp","href":"https:\/\/api.w.org\/{rel}","templated":true}]}}