{"id":177052,"date":"2021-05-04T18:37:56","date_gmt":"2021-05-04T16:37:56","guid":{"rendered":"https:\/\/www.vetorino.com\/boutique\/product\/correct-it-coupe-faim-chat\/"},"modified":"2024-08-28T10:39:20","modified_gmt":"2024-08-28T08:39:20","slug":"correct-it-coupe-faim-chat","status":"publish","type":"product","link":"https:\/\/www.vetorino.com\/veterinaire\/plouzevede-29440\/boutique\/product\/correct-it-coupe-faim-chat\/","title":{"rendered":"Correct&#8217;it Coupe Faim Chat"},"content":{"rendered":"<p>L&#8217;<strong>aliment<\/strong><strong> compl\u00e9mentaire Correct&#8217;it Coupe Faim<\/strong> de Greenvet vise \u00e0 renforcer la sati\u00e9t\u00e9 chez les <strong>chats <\/strong>pour une meilleure gestion du poids.<\/p>\n<p><strong>B\u00e9n\u00e9fices<\/strong><\/p>\n<ul>\n<li>Contient de la poudre de Fucus vesiculosus,<\/li>\n<li>Contient des fibres de pommes,<\/li>\n<li>A pour objectif de renforcer et obtenir plus rapidement la sensation de sati\u00e9t\u00e9.<\/li>\n<\/ul>\n<p><strong>Composition<\/strong><\/p>\n<p>Fucus vesiculosus, Fibres de pommes.<\/p>\n<p><strong>Valeur nutritionnelle<\/strong><\/p>\n<p>Valeur \u00e9nerg\u00e9tique (par comprim\u00e9) : 2 kcal \u2013 7 kJ<\/p>\n<p><strong>Ration journali\u00e8re recommand\u00e9e<\/strong><\/p>\n<p>Donner la dose recommand\u00e9e une demi-heure avant le repas (\u00e9quilibr\u00e9 et minor\u00e9), de pr\u00e9f\u00e9rence associ\u00e9e \u00e0 un liquide. Peut remplacer une friandise.<\/p>\n<ul>\n<li>1 comprim\u00e9 : de 2.5 kg \u00e0 5 kg.<\/li>\n<li>1\/4 comprim\u00e9 : jusqu\u2019\u00e0 2.5 kg.<\/li>\n<\/ul>\n<p>L\u2019id\u00e9al \u00e9tant : 2\/3 de la dose quotidienne le matin, 1\/3 de la dose quotidienne le soir plut\u00f4t 1\/2 heure avant chaque repas. Ne pas utiliser chez les chas hyperthyro\u00efdiens.<\/p>\n","protected":false},"excerpt":{"rendered":"<div id=\"product-description-short-20668\" class=\"product-description-short\">\n<p>Le compl\u00e9ment alimentaire\u00a0Correct&#8217;it Coupe Faim de Greenvet\u00a0pour chat permet d&#8217;induire la sati\u00e9t\u00e9 et aide \u00e0 r\u00e9guler l\u2019app\u00e9tit.<\/p>\n<\/div>\n","protected":false},"featured_media":1006359,"template":"","meta":[],"product_cat":[12551,12581,2730,2697],"product_tag":[],"class_list":{"0":"post-177052","1":"product","2":"type-product","3":"status-publish","4":"has-post-thumbnail","6":"product_cat-alimentation-du-chat","7":"product_cat-alimentation-medicalisee-pour-chat","8":"product_cat-aliments-complementaires-pour-chat","9":"product_cat-chat","10":"pa_marque-greenvet","12":"first","13":"instock","14":"taxable","15":"shipping-taxable","16":"purchasable","17":"product-type-simple"},"yoast_head":"<!-- This site is optimized with the Yoast SEO plugin v27.3 - https:\/\/yoast.com\/product\/yoast-seo-wordpress\/ -->\n<title>Correct&#039;it Coupe Faim Chat Greenvet - V\u00e9torino<\/title>\n<meta name=\"description\" content=\"Le compl\u00e9ment alimentaire\u00a0Correct&#039;it Coupe Faim de Greenvet\u00a0pour chat permet d&#039;induire la sati\u00e9t\u00e9 et aide \u00e0 r\u00e9guler l\u2019app\u00e9tit.\" \/>\n<meta name=\"robots\" content=\"noindex, nofollow\" \/>\n<meta property=\"og:locale\" content=\"fr_FR\" \/>\n<meta property=\"og:type\" content=\"article\" \/>\n<meta property=\"og:title\" content=\"Correct&#039;it Coupe Faim Chat Greenvet - V\u00e9torino\" \/>\n<meta property=\"og:description\" content=\"Le compl\u00e9ment alimentaire\u00a0Correct&#039;it Coupe Faim de Greenvet\u00a0pour chat permet d&#039;induire la sati\u00e9t\u00e9 et aide \u00e0 r\u00e9guler l\u2019app\u00e9tit.\" \/>\n<meta property=\"og:url\" content=\"https:\/\/www.vetorino.com\/veterinaire\/plouzevede-29440\/boutique\/product\/correct-it-coupe-faim-chat\/\" \/>\n<meta property=\"og:site_name\" content=\"V\u00e9torino\" \/>\n<meta property=\"article:publisher\" content=\"https:\/\/www.facebook.com\/Vetorino\/\" \/>\n<meta property=\"article:modified_time\" content=\"2024-08-28T08:39:20+00:00\" \/>\n<meta property=\"og:image\" content=\"https:\/\/www.vetorino.com\/boutique\/wp-content\/uploads\/2021\/05\/correct-it-coupe-faim-chat-boite-de-30-comprimes.jpg\" \/>\n\t<meta property=\"og:image:width\" content=\"800\" \/>\n\t<meta property=\"og:image:height\" content=\"800\" \/>\n\t<meta property=\"og:image:type\" content=\"image\/jpeg\" \/>\n<meta name=\"twitter:card\" content=\"summary_large_image\" \/>\n<meta name=\"twitter:label1\" content=\"Prix\" \/>\n\t<meta name=\"twitter:data1\" content=\"10,37&euro;\" \/>\n\t<meta name=\"twitter:label2\" content=\"Disponibilit\u00e9\" \/>\n\t<meta name=\"twitter:data2\" content=\"En stock\" \/>\n<script type=\"application\/ld+json\" class=\"yoast-schema-graph\">{\"@context\":\"https:\\\/\\\/schema.org\",\"@graph\":[{\"@type\":\"WebPage\",\"@id\":\"https:\\\/\\\/www.vetorino.com\\\/boutique\\\/product\\\/correct-it-coupe-faim-chat\\\/\",\"url\":\"https:\\\/\\\/www.vetorino.com\\\/boutique\\\/product\\\/correct-it-coupe-faim-chat\\\/\",\"name\":\"Correct'it Coupe Faim Chat Greenvet - V\u00e9torino\",\"isPartOf\":{\"@id\":\"https:\\\/\\\/www.vetorino.com\\\/boutique\\\/#website\"},\"primaryImageOfPage\":{\"@id\":\"https:\\\/\\\/www.vetorino.com\\\/boutique\\\/product\\\/correct-it-coupe-faim-chat\\\/#primaryimage\"},\"image\":{\"@id\":\"https:\\\/\\\/www.vetorino.com\\\/boutique\\\/product\\\/correct-it-coupe-faim-chat\\\/#primaryimage\"},\"thumbnailUrl\":\"https:\\\/\\\/www.vetorino.com\\\/boutique\\\/wp-content\\\/uploads\\\/2021\\\/05\\\/correct-it-coupe-faim-chat-boite-de-30-comprimes.jpg\",\"datePublished\":\"2021-05-04T16:37:56+00:00\",\"dateModified\":\"2024-08-28T08:39:20+00:00\",\"description\":\"Le compl\u00e9ment alimentaire\u00a0Correct'it Coupe Faim de Greenvet\u00a0pour chat permet d'induire la sati\u00e9t\u00e9 et aide \u00e0 r\u00e9guler l\u2019app\u00e9tit.\",\"breadcrumb\":{\"@id\":\"https:\\\/\\\/www.vetorino.com\\\/boutique\\\/product\\\/correct-it-coupe-faim-chat\\\/#breadcrumb\"},\"inLanguage\":\"fr-FR\",\"potentialAction\":[{\"@type\":\"ReadAction\",\"target\":[\"https:\\\/\\\/www.vetorino.com\\\/boutique\\\/product\\\/correct-it-coupe-faim-chat\\\/\"]}]},{\"@type\":\"ImageObject\",\"inLanguage\":\"fr-FR\",\"@id\":\"https:\\\/\\\/www.vetorino.com\\\/boutique\\\/product\\\/correct-it-coupe-faim-chat\\\/#primaryimage\",\"url\":\"https:\\\/\\\/www.vetorino.com\\\/boutique\\\/wp-content\\\/uploads\\\/2021\\\/05\\\/correct-it-coupe-faim-chat-boite-de-30-comprimes.jpg\",\"contentUrl\":\"https:\\\/\\\/www.vetorino.com\\\/boutique\\\/wp-content\\\/uploads\\\/2021\\\/05\\\/correct-it-coupe-faim-chat-boite-de-30-comprimes.jpg\",\"width\":800,\"height\":800},{\"@type\":\"BreadcrumbList\",\"@id\":\"https:\\\/\\\/www.vetorino.com\\\/boutique\\\/product\\\/correct-it-coupe-faim-chat\\\/#breadcrumb\",\"itemListElement\":[{\"@type\":\"ListItem\",\"position\":1,\"name\":\"Accueil\",\"item\":\"https:\\\/\\\/www.vetorino.com\\\/boutique\\\/\"},{\"@type\":\"ListItem\",\"position\":2,\"name\":\"Produits\",\"item\":\"https:\\\/\\\/www.vetorino.com\\\/boutique\\\/\"},{\"@type\":\"ListItem\",\"position\":3,\"name\":\"Correct&#8217;it Coupe Faim Chat\"}]},{\"@type\":\"WebSite\",\"@id\":\"https:\\\/\\\/www.vetorino.com\\\/boutique\\\/#website\",\"url\":\"https:\\\/\\\/www.vetorino.com\\\/boutique\\\/\",\"name\":\"V\u00e9torino\",\"description\":\"\",\"publisher\":{\"@id\":\"https:\\\/\\\/www.vetorino.com\\\/boutique\\\/#organization\"},\"potentialAction\":[{\"@type\":\"SearchAction\",\"target\":{\"@type\":\"EntryPoint\",\"urlTemplate\":\"https:\\\/\\\/www.vetorino.com\\\/boutique\\\/?s={search_term_string}\"},\"query-input\":{\"@type\":\"PropertyValueSpecification\",\"valueRequired\":true,\"valueName\":\"search_term_string\"}}],\"inLanguage\":\"fr-FR\"},{\"@type\":\"Organization\",\"@id\":\"https:\\\/\\\/www.vetorino.com\\\/boutique\\\/#organization\",\"name\":\"V\u00e9torino\",\"url\":\"https:\\\/\\\/www.vetorino.com\\\/boutique\\\/\",\"logo\":{\"@type\":\"ImageObject\",\"inLanguage\":\"fr-FR\",\"@id\":\"https:\\\/\\\/www.vetorino.com\\\/boutique\\\/#\\\/schema\\\/logo\\\/image\\\/\",\"url\":\"https:\\\/\\\/www.vetorino.com\\\/boutique\\\/wp-content\\\/uploads\\\/2024\\\/10\\\/logo.jpg\",\"contentUrl\":\"https:\\\/\\\/www.vetorino.com\\\/boutique\\\/wp-content\\\/uploads\\\/2024\\\/10\\\/logo.jpg\",\"width\":1200,\"height\":610,\"caption\":\"V\u00e9torino\"},\"image\":{\"@id\":\"https:\\\/\\\/www.vetorino.com\\\/boutique\\\/#\\\/schema\\\/logo\\\/image\\\/\"},\"sameAs\":[\"https:\\\/\\\/www.facebook.com\\\/Vetorino\\\/\",\"https:\\\/\\\/www.instagram.com\\\/vetorino_off\\\/\",\"https:\\\/\\\/www.linkedin.com\\\/company\\\/vtorino\\\/\"]}]}<\/script>\n<meta property=\"product:brand\" content=\"Greenvet\" \/>\n<meta property=\"product:price:amount\" content=\"10.37\" \/>\n<meta property=\"product:price:currency\" content=\"EUR\" \/>\n<meta property=\"og:availability\" content=\"instock\" \/>\n<meta property=\"product:availability\" content=\"instock\" \/>\n<meta property=\"product:retailer_item_id\" content=\"A-8093917\" \/>\n<meta property=\"product:condition\" content=\"new\" \/>\n<!-- \/ Yoast SEO plugin. -->","yoast_head_json":{"title":"Correct'it Coupe Faim Chat Greenvet - V\u00e9torino","description":"Le compl\u00e9ment alimentaire\u00a0Correct'it Coupe Faim de Greenvet\u00a0pour chat permet d'induire la sati\u00e9t\u00e9 et aide \u00e0 r\u00e9guler l\u2019app\u00e9tit.","robots":{"index":"noindex","follow":"nofollow"},"og_locale":"fr_FR","og_type":"article","og_title":"Correct'it Coupe Faim Chat Greenvet - V\u00e9torino","og_description":"Le compl\u00e9ment alimentaire\u00a0Correct'it Coupe Faim de Greenvet\u00a0pour chat permet d'induire la sati\u00e9t\u00e9 et aide \u00e0 r\u00e9guler l\u2019app\u00e9tit.","og_url":"https:\/\/www.vetorino.com\/veterinaire\/plouzevede-29440\/boutique\/product\/correct-it-coupe-faim-chat\/","og_site_name":"V\u00e9torino","article_publisher":"https:\/\/www.facebook.com\/Vetorino\/","article_modified_time":"2024-08-28T08:39:20+00:00","og_image":[{"width":800,"height":800,"url":"https:\/\/www.vetorino.com\/boutique\/wp-content\/uploads\/2021\/05\/correct-it-coupe-faim-chat-boite-de-30-comprimes.jpg","type":"image\/jpeg"}],"twitter_card":"summary_large_image","twitter_misc":{"Prix":"10,37&euro;","Disponibilit\u00e9":"En stock"},"schema":{"@context":"https:\/\/schema.org","@graph":[{"@type":"WebPage","@id":"https:\/\/www.vetorino.com\/boutique\/product\/correct-it-coupe-faim-chat\/","url":"https:\/\/www.vetorino.com\/boutique\/product\/correct-it-coupe-faim-chat\/","name":"Correct'it Coupe Faim Chat Greenvet - V\u00e9torino","isPartOf":{"@id":"https:\/\/www.vetorino.com\/boutique\/#website"},"primaryImageOfPage":{"@id":"https:\/\/www.vetorino.com\/boutique\/product\/correct-it-coupe-faim-chat\/#primaryimage"},"image":{"@id":"https:\/\/www.vetorino.com\/boutique\/product\/correct-it-coupe-faim-chat\/#primaryimage"},"thumbnailUrl":"https:\/\/www.vetorino.com\/boutique\/wp-content\/uploads\/2021\/05\/correct-it-coupe-faim-chat-boite-de-30-comprimes.jpg","datePublished":"2021-05-04T16:37:56+00:00","dateModified":"2024-08-28T08:39:20+00:00","description":"Le compl\u00e9ment alimentaire\u00a0Correct'it Coupe Faim de Greenvet\u00a0pour chat permet d'induire la sati\u00e9t\u00e9 et aide \u00e0 r\u00e9guler l\u2019app\u00e9tit.","breadcrumb":{"@id":"https:\/\/www.vetorino.com\/boutique\/product\/correct-it-coupe-faim-chat\/#breadcrumb"},"inLanguage":"fr-FR","potentialAction":[{"@type":"ReadAction","target":["https:\/\/www.vetorino.com\/boutique\/product\/correct-it-coupe-faim-chat\/"]}]},{"@type":"ImageObject","inLanguage":"fr-FR","@id":"https:\/\/www.vetorino.com\/boutique\/product\/correct-it-coupe-faim-chat\/#primaryimage","url":"https:\/\/www.vetorino.com\/boutique\/wp-content\/uploads\/2021\/05\/correct-it-coupe-faim-chat-boite-de-30-comprimes.jpg","contentUrl":"https:\/\/www.vetorino.com\/boutique\/wp-content\/uploads\/2021\/05\/correct-it-coupe-faim-chat-boite-de-30-comprimes.jpg","width":800,"height":800},{"@type":"BreadcrumbList","@id":"https:\/\/www.vetorino.com\/boutique\/product\/correct-it-coupe-faim-chat\/#breadcrumb","itemListElement":[{"@type":"ListItem","position":1,"name":"Accueil","item":"https:\/\/www.vetorino.com\/boutique\/"},{"@type":"ListItem","position":2,"name":"Produits","item":"https:\/\/www.vetorino.com\/boutique\/"},{"@type":"ListItem","position":3,"name":"Correct&#8217;it Coupe Faim Chat"}]},{"@type":"WebSite","@id":"https:\/\/www.vetorino.com\/boutique\/#website","url":"https:\/\/www.vetorino.com\/boutique\/","name":"V\u00e9torino","description":"","publisher":{"@id":"https:\/\/www.vetorino.com\/boutique\/#organization"},"potentialAction":[{"@type":"SearchAction","target":{"@type":"EntryPoint","urlTemplate":"https:\/\/www.vetorino.com\/boutique\/?s={search_term_string}"},"query-input":{"@type":"PropertyValueSpecification","valueRequired":true,"valueName":"search_term_string"}}],"inLanguage":"fr-FR"},{"@type":"Organization","@id":"https:\/\/www.vetorino.com\/boutique\/#organization","name":"V\u00e9torino","url":"https:\/\/www.vetorino.com\/boutique\/","logo":{"@type":"ImageObject","inLanguage":"fr-FR","@id":"https:\/\/www.vetorino.com\/boutique\/#\/schema\/logo\/image\/","url":"https:\/\/www.vetorino.com\/boutique\/wp-content\/uploads\/2024\/10\/logo.jpg","contentUrl":"https:\/\/www.vetorino.com\/boutique\/wp-content\/uploads\/2024\/10\/logo.jpg","width":1200,"height":610,"caption":"V\u00e9torino"},"image":{"@id":"https:\/\/www.vetorino.com\/boutique\/#\/schema\/logo\/image\/"},"sameAs":["https:\/\/www.facebook.com\/Vetorino\/","https:\/\/www.instagram.com\/vetorino_off\/","https:\/\/www.linkedin.com\/company\/vtorino\/"]}]},"product_brand":"Greenvet","product_price_amount":"10.37","product_price_currency":"EUR","og_availability":"instock","product_availability":"instock","product_retailer_item_id":"A-8093917","product_condition":"new"},"_links":{"self":[{"href":"https:\/\/www.vetorino.com\/veterinaire\/plouzevede-29440\/boutique\/wp-json\/wp\/v2\/product\/177052","targetHints":{"allow":["GET"]}}],"collection":[{"href":"https:\/\/www.vetorino.com\/veterinaire\/plouzevede-29440\/boutique\/wp-json\/wp\/v2\/product"}],"about":[{"href":"https:\/\/www.vetorino.com\/veterinaire\/plouzevede-29440\/boutique\/wp-json\/wp\/v2\/types\/product"}],"wp:featuredmedia":[{"embeddable":true,"href":"https:\/\/www.vetorino.com\/veterinaire\/plouzevede-29440\/boutique\/wp-json\/wp\/v2\/media\/1006359"}],"wp:attachment":[{"href":"https:\/\/www.vetorino.com\/veterinaire\/plouzevede-29440\/boutique\/wp-json\/wp\/v2\/media?parent=177052"}],"wp:term":[{"taxonomy":"product_cat","embeddable":true,"href":"https:\/\/www.vetorino.com\/veterinaire\/plouzevede-29440\/boutique\/wp-json\/wp\/v2\/product_cat?post=177052"},{"taxonomy":"product_tag","embeddable":true,"href":"https:\/\/www.vetorino.com\/veterinaire\/plouzevede-29440\/boutique\/wp-json\/wp\/v2\/product_tag?post=177052"}],"curies":[{"name":"wp","href":"https:\/\/api.w.org\/{rel}","templated":true}]}}