{"id":177127,"date":"2021-05-04T18:40:53","date_gmt":"2021-05-04T16:40:53","guid":{"rendered":"https:\/\/www.vetorino.com\/boutique\/product\/equistro-megabase\/"},"modified":"2022-01-04T15:39:36","modified_gmt":"2022-01-04T14:39:36","slug":"equistro-megabase","status":"publish","type":"product","link":"https:\/\/www.vetorino.com\/veterinaire\/plouzevede-29440\/boutique\/product\/equistro-megabase\/","title":{"rendered":"Equistro Megabase"},"content":{"rendered":"<p>Equistro Mega Base est formul\u00e9 pour aider \u00e0 couvrir les besoins essentiels en min\u00e9raux des chevaux, en particulier ceux nourris sous forme de concentr\u00e9s (granul\u00e9s&#8230;). En adaptant l&#8217;apport journalier, les besoins croissants en p\u00e9riode d&#8217;\u00e9levage ou de dressage sont \u00e9galement satisfaits.<\/p>\n<p><strong>Utilisation :<\/strong><\/p>\n<ul>\n<li>Recommand\u00e9 pour les chevaux actifs en bonne sant\u00e9 recevant une ration de nourriture riche en c\u00e9r\u00e9ales.<\/li>\n<\/ul>\n","protected":false},"excerpt":{"rendered":"<p><strong>Equistro Mega Base<\/strong> est formul\u00e9 pour aider \u00e0 couvrir les besoins essentiels en min\u00e9raux des chevaux, en particulier pour ceux nourris par des concentr\u00e9s (granul\u00e9s&#8230;). En adaptant l&#8217;apport journalier, les besoins croissants en p\u00e9riode d&#8217;\u00e9levage ou de dressage sont \u00e9galement satisfaits.<\/p>\n","protected":false},"featured_media":212330,"template":"","meta":[],"product_cat":[12547,12758],"product_tag":[],"class_list":{"0":"post-177127","1":"product","2":"type-product","3":"status-publish","4":"has-post-thumbnail","6":"product_cat-cheval","7":"product_cat-elevage-et-lait-maternise-pour-cheval","8":"pa_marque-vetoquinol","10":"first","11":"instock","12":"taxable","13":"shipping-taxable","14":"purchasable","15":"product-type-simple"},"yoast_head":"<!-- This site is optimized with the Yoast SEO plugin v27.3 - https:\/\/yoast.com\/product\/yoast-seo-wordpress\/ -->\n<title>Equistro Megabase V\u00e9toquinol - V\u00e9torino<\/title>\n<meta name=\"description\" content=\"Equistro Mega Base est formul\u00e9 pour aider \u00e0 couvrir les besoins essentiels en min\u00e9raux des chevaux, en particulier pour ceux nourris par des concentr\u00e9s (granul\u00e9s...). En adaptant l&#039;apport journalier, les besoins croissants en p\u00e9riode d&#039;\u00e9levage ou de dressage sont \u00e9galement satisfaits.\" \/>\n<meta name=\"robots\" content=\"noindex, nofollow\" \/>\n<meta property=\"og:locale\" content=\"fr_FR\" \/>\n<meta property=\"og:type\" content=\"article\" \/>\n<meta property=\"og:title\" content=\"Equistro Megabase V\u00e9toquinol - V\u00e9torino\" \/>\n<meta property=\"og:description\" content=\"Equistro Mega Base est formul\u00e9 pour aider \u00e0 couvrir les besoins essentiels en min\u00e9raux des chevaux, en particulier pour ceux nourris par des concentr\u00e9s (granul\u00e9s...). En adaptant l&#039;apport journalier, les besoins croissants en p\u00e9riode d&#039;\u00e9levage ou de dressage sont \u00e9galement satisfaits.\" \/>\n<meta property=\"og:url\" content=\"https:\/\/www.vetorino.com\/veterinaire\/plouzevede-29440\/boutique\/product\/equistro-megabase\/\" \/>\n<meta property=\"og:site_name\" content=\"V\u00e9torino\" \/>\n<meta property=\"article:publisher\" content=\"https:\/\/www.facebook.com\/Vetorino\/\" \/>\n<meta property=\"article:modified_time\" content=\"2022-01-04T14:39:36+00:00\" \/>\n<meta property=\"og:image\" content=\"https:\/\/www.vetorino.com\/boutique\/wp-content\/uploads\/2021\/05\/equistro-mega-base-fertility.jpg\" \/>\n\t<meta property=\"og:image:width\" content=\"800\" \/>\n\t<meta property=\"og:image:height\" content=\"800\" \/>\n\t<meta property=\"og:image:type\" content=\"image\/jpeg\" \/>\n<meta name=\"twitter:card\" content=\"summary_large_image\" \/>\n<meta name=\"twitter:label1\" content=\"Prix\" \/>\n\t<meta name=\"twitter:data1\" content=\"81,26&euro;\" \/>\n\t<meta name=\"twitter:label2\" content=\"Disponibilit\u00e9\" \/>\n\t<meta name=\"twitter:data2\" content=\"En stock\" \/>\n<script type=\"application\/ld+json\" class=\"yoast-schema-graph\">{\"@context\":\"https:\\\/\\\/schema.org\",\"@graph\":[{\"@type\":\"WebPage\",\"@id\":\"https:\\\/\\\/www.vetorino.com\\\/boutique\\\/product\\\/equistro-megabase\\\/\",\"url\":\"https:\\\/\\\/www.vetorino.com\\\/boutique\\\/product\\\/equistro-megabase\\\/\",\"name\":\"Equistro Megabase V\u00e9toquinol - V\u00e9torino\",\"isPartOf\":{\"@id\":\"https:\\\/\\\/www.vetorino.com\\\/boutique\\\/#website\"},\"primaryImageOfPage\":{\"@id\":\"https:\\\/\\\/www.vetorino.com\\\/boutique\\\/product\\\/equistro-megabase\\\/#primaryimage\"},\"image\":{\"@id\":\"https:\\\/\\\/www.vetorino.com\\\/boutique\\\/product\\\/equistro-megabase\\\/#primaryimage\"},\"thumbnailUrl\":\"https:\\\/\\\/www.vetorino.com\\\/boutique\\\/wp-content\\\/uploads\\\/2021\\\/05\\\/equistro-mega-base-fertility.jpg\",\"datePublished\":\"2021-05-04T16:40:53+00:00\",\"dateModified\":\"2022-01-04T14:39:36+00:00\",\"description\":\"Equistro Mega Base est formul\u00e9 pour aider \u00e0 couvrir les besoins essentiels en min\u00e9raux des chevaux, en particulier pour ceux nourris par des concentr\u00e9s (granul\u00e9s...). En adaptant l'apport journalier, les besoins croissants en p\u00e9riode d'\u00e9levage ou de dressage sont \u00e9galement satisfaits.\",\"breadcrumb\":{\"@id\":\"https:\\\/\\\/www.vetorino.com\\\/boutique\\\/product\\\/equistro-megabase\\\/#breadcrumb\"},\"inLanguage\":\"fr-FR\",\"potentialAction\":[{\"@type\":\"ReadAction\",\"target\":[\"https:\\\/\\\/www.vetorino.com\\\/boutique\\\/product\\\/equistro-megabase\\\/\"]}]},{\"@type\":\"ImageObject\",\"inLanguage\":\"fr-FR\",\"@id\":\"https:\\\/\\\/www.vetorino.com\\\/boutique\\\/product\\\/equistro-megabase\\\/#primaryimage\",\"url\":\"https:\\\/\\\/www.vetorino.com\\\/boutique\\\/wp-content\\\/uploads\\\/2021\\\/05\\\/equistro-mega-base-fertility.jpg\",\"contentUrl\":\"https:\\\/\\\/www.vetorino.com\\\/boutique\\\/wp-content\\\/uploads\\\/2021\\\/05\\\/equistro-mega-base-fertility.jpg\",\"width\":800,\"height\":800},{\"@type\":\"BreadcrumbList\",\"@id\":\"https:\\\/\\\/www.vetorino.com\\\/boutique\\\/product\\\/equistro-megabase\\\/#breadcrumb\",\"itemListElement\":[{\"@type\":\"ListItem\",\"position\":1,\"name\":\"Accueil\",\"item\":\"https:\\\/\\\/www.vetorino.com\\\/boutique\\\/\"},{\"@type\":\"ListItem\",\"position\":2,\"name\":\"Produits\",\"item\":\"https:\\\/\\\/www.vetorino.com\\\/boutique\\\/\"},{\"@type\":\"ListItem\",\"position\":3,\"name\":\"Equistro Megabase\"}]},{\"@type\":\"WebSite\",\"@id\":\"https:\\\/\\\/www.vetorino.com\\\/boutique\\\/#website\",\"url\":\"https:\\\/\\\/www.vetorino.com\\\/boutique\\\/\",\"name\":\"V\u00e9torino\",\"description\":\"\",\"publisher\":{\"@id\":\"https:\\\/\\\/www.vetorino.com\\\/boutique\\\/#organization\"},\"potentialAction\":[{\"@type\":\"SearchAction\",\"target\":{\"@type\":\"EntryPoint\",\"urlTemplate\":\"https:\\\/\\\/www.vetorino.com\\\/boutique\\\/?s={search_term_string}\"},\"query-input\":{\"@type\":\"PropertyValueSpecification\",\"valueRequired\":true,\"valueName\":\"search_term_string\"}}],\"inLanguage\":\"fr-FR\"},{\"@type\":\"Organization\",\"@id\":\"https:\\\/\\\/www.vetorino.com\\\/boutique\\\/#organization\",\"name\":\"V\u00e9torino\",\"url\":\"https:\\\/\\\/www.vetorino.com\\\/boutique\\\/\",\"logo\":{\"@type\":\"ImageObject\",\"inLanguage\":\"fr-FR\",\"@id\":\"https:\\\/\\\/www.vetorino.com\\\/boutique\\\/#\\\/schema\\\/logo\\\/image\\\/\",\"url\":\"https:\\\/\\\/www.vetorino.com\\\/boutique\\\/wp-content\\\/uploads\\\/2024\\\/10\\\/logo.jpg\",\"contentUrl\":\"https:\\\/\\\/www.vetorino.com\\\/boutique\\\/wp-content\\\/uploads\\\/2024\\\/10\\\/logo.jpg\",\"width\":1200,\"height\":610,\"caption\":\"V\u00e9torino\"},\"image\":{\"@id\":\"https:\\\/\\\/www.vetorino.com\\\/boutique\\\/#\\\/schema\\\/logo\\\/image\\\/\"},\"sameAs\":[\"https:\\\/\\\/www.facebook.com\\\/Vetorino\\\/\",\"https:\\\/\\\/www.instagram.com\\\/vetorino_off\\\/\",\"https:\\\/\\\/www.linkedin.com\\\/company\\\/vtorino\\\/\"]}]}<\/script>\n<meta property=\"product:brand\" content=\"V\u00e9toquinol\" \/>\n<meta property=\"product:price:amount\" content=\"81.26\" \/>\n<meta property=\"product:price:currency\" content=\"EUR\" \/>\n<meta property=\"og:availability\" content=\"instock\" \/>\n<meta property=\"product:availability\" content=\"instock\" \/>\n<meta property=\"product:retailer_item_id\" content=\"A-7772875\" \/>\n<meta property=\"product:condition\" content=\"new\" \/>\n<!-- \/ Yoast SEO plugin. -->","yoast_head_json":{"title":"Equistro Megabase V\u00e9toquinol - V\u00e9torino","description":"Equistro Mega Base est formul\u00e9 pour aider \u00e0 couvrir les besoins essentiels en min\u00e9raux des chevaux, en particulier pour ceux nourris par des concentr\u00e9s (granul\u00e9s...). En adaptant l'apport journalier, les besoins croissants en p\u00e9riode d'\u00e9levage ou de dressage sont \u00e9galement satisfaits.","robots":{"index":"noindex","follow":"nofollow"},"og_locale":"fr_FR","og_type":"article","og_title":"Equistro Megabase V\u00e9toquinol - V\u00e9torino","og_description":"Equistro Mega Base est formul\u00e9 pour aider \u00e0 couvrir les besoins essentiels en min\u00e9raux des chevaux, en particulier pour ceux nourris par des concentr\u00e9s (granul\u00e9s...). En adaptant l'apport journalier, les besoins croissants en p\u00e9riode d'\u00e9levage ou de dressage sont \u00e9galement satisfaits.","og_url":"https:\/\/www.vetorino.com\/veterinaire\/plouzevede-29440\/boutique\/product\/equistro-megabase\/","og_site_name":"V\u00e9torino","article_publisher":"https:\/\/www.facebook.com\/Vetorino\/","article_modified_time":"2022-01-04T14:39:36+00:00","og_image":[{"width":800,"height":800,"url":"https:\/\/www.vetorino.com\/boutique\/wp-content\/uploads\/2021\/05\/equistro-mega-base-fertility.jpg","type":"image\/jpeg"}],"twitter_card":"summary_large_image","twitter_misc":{"Prix":"81,26&euro;","Disponibilit\u00e9":"En stock"},"schema":{"@context":"https:\/\/schema.org","@graph":[{"@type":"WebPage","@id":"https:\/\/www.vetorino.com\/boutique\/product\/equistro-megabase\/","url":"https:\/\/www.vetorino.com\/boutique\/product\/equistro-megabase\/","name":"Equistro Megabase V\u00e9toquinol - V\u00e9torino","isPartOf":{"@id":"https:\/\/www.vetorino.com\/boutique\/#website"},"primaryImageOfPage":{"@id":"https:\/\/www.vetorino.com\/boutique\/product\/equistro-megabase\/#primaryimage"},"image":{"@id":"https:\/\/www.vetorino.com\/boutique\/product\/equistro-megabase\/#primaryimage"},"thumbnailUrl":"https:\/\/www.vetorino.com\/boutique\/wp-content\/uploads\/2021\/05\/equistro-mega-base-fertility.jpg","datePublished":"2021-05-04T16:40:53+00:00","dateModified":"2022-01-04T14:39:36+00:00","description":"Equistro Mega Base est formul\u00e9 pour aider \u00e0 couvrir les besoins essentiels en min\u00e9raux des chevaux, en particulier pour ceux nourris par des concentr\u00e9s (granul\u00e9s...). En adaptant l'apport journalier, les besoins croissants en p\u00e9riode d'\u00e9levage ou de dressage sont \u00e9galement satisfaits.","breadcrumb":{"@id":"https:\/\/www.vetorino.com\/boutique\/product\/equistro-megabase\/#breadcrumb"},"inLanguage":"fr-FR","potentialAction":[{"@type":"ReadAction","target":["https:\/\/www.vetorino.com\/boutique\/product\/equistro-megabase\/"]}]},{"@type":"ImageObject","inLanguage":"fr-FR","@id":"https:\/\/www.vetorino.com\/boutique\/product\/equistro-megabase\/#primaryimage","url":"https:\/\/www.vetorino.com\/boutique\/wp-content\/uploads\/2021\/05\/equistro-mega-base-fertility.jpg","contentUrl":"https:\/\/www.vetorino.com\/boutique\/wp-content\/uploads\/2021\/05\/equistro-mega-base-fertility.jpg","width":800,"height":800},{"@type":"BreadcrumbList","@id":"https:\/\/www.vetorino.com\/boutique\/product\/equistro-megabase\/#breadcrumb","itemListElement":[{"@type":"ListItem","position":1,"name":"Accueil","item":"https:\/\/www.vetorino.com\/boutique\/"},{"@type":"ListItem","position":2,"name":"Produits","item":"https:\/\/www.vetorino.com\/boutique\/"},{"@type":"ListItem","position":3,"name":"Equistro Megabase"}]},{"@type":"WebSite","@id":"https:\/\/www.vetorino.com\/boutique\/#website","url":"https:\/\/www.vetorino.com\/boutique\/","name":"V\u00e9torino","description":"","publisher":{"@id":"https:\/\/www.vetorino.com\/boutique\/#organization"},"potentialAction":[{"@type":"SearchAction","target":{"@type":"EntryPoint","urlTemplate":"https:\/\/www.vetorino.com\/boutique\/?s={search_term_string}"},"query-input":{"@type":"PropertyValueSpecification","valueRequired":true,"valueName":"search_term_string"}}],"inLanguage":"fr-FR"},{"@type":"Organization","@id":"https:\/\/www.vetorino.com\/boutique\/#organization","name":"V\u00e9torino","url":"https:\/\/www.vetorino.com\/boutique\/","logo":{"@type":"ImageObject","inLanguage":"fr-FR","@id":"https:\/\/www.vetorino.com\/boutique\/#\/schema\/logo\/image\/","url":"https:\/\/www.vetorino.com\/boutique\/wp-content\/uploads\/2024\/10\/logo.jpg","contentUrl":"https:\/\/www.vetorino.com\/boutique\/wp-content\/uploads\/2024\/10\/logo.jpg","width":1200,"height":610,"caption":"V\u00e9torino"},"image":{"@id":"https:\/\/www.vetorino.com\/boutique\/#\/schema\/logo\/image\/"},"sameAs":["https:\/\/www.facebook.com\/Vetorino\/","https:\/\/www.instagram.com\/vetorino_off\/","https:\/\/www.linkedin.com\/company\/vtorino\/"]}]},"product_brand":"V\u00e9toquinol","product_price_amount":"81.26","product_price_currency":"EUR","og_availability":"instock","product_availability":"instock","product_retailer_item_id":"A-7772875","product_condition":"new"},"_links":{"self":[{"href":"https:\/\/www.vetorino.com\/veterinaire\/plouzevede-29440\/boutique\/wp-json\/wp\/v2\/product\/177127","targetHints":{"allow":["GET"]}}],"collection":[{"href":"https:\/\/www.vetorino.com\/veterinaire\/plouzevede-29440\/boutique\/wp-json\/wp\/v2\/product"}],"about":[{"href":"https:\/\/www.vetorino.com\/veterinaire\/plouzevede-29440\/boutique\/wp-json\/wp\/v2\/types\/product"}],"wp:featuredmedia":[{"embeddable":true,"href":"https:\/\/www.vetorino.com\/veterinaire\/plouzevede-29440\/boutique\/wp-json\/wp\/v2\/media\/212330"}],"wp:attachment":[{"href":"https:\/\/www.vetorino.com\/veterinaire\/plouzevede-29440\/boutique\/wp-json\/wp\/v2\/media?parent=177127"}],"wp:term":[{"taxonomy":"product_cat","embeddable":true,"href":"https:\/\/www.vetorino.com\/veterinaire\/plouzevede-29440\/boutique\/wp-json\/wp\/v2\/product_cat?post=177127"},{"taxonomy":"product_tag","embeddable":true,"href":"https:\/\/www.vetorino.com\/veterinaire\/plouzevede-29440\/boutique\/wp-json\/wp\/v2\/product_tag?post=177127"}],"curies":[{"name":"wp","href":"https:\/\/api.w.org\/{rel}","templated":true}]}}