{"id":177154,"date":"2021-05-04T18:41:27","date_gmt":"2021-05-04T16:41:27","guid":{"rendered":"https:\/\/www.vetorino.com\/boutique\/product\/hoof-biotine-3\/"},"modified":"2025-02-19T16:45:59","modified_gmt":"2025-02-19T15:45:59","slug":"hoof-biotine-3","status":"publish","type":"product","link":"https:\/\/www.vetorino.com\/veterinaire\/plouzevede-29440\/boutique\/product\/hoof-biotine-3\/","title":{"rendered":"Hoof Biotine"},"content":{"rendered":"<p><strong>HOOF BIOTINE est un aliment con\u00e7u pour apporter aux chevaux un soutien nutritionnel adapt\u00e9 \u00e0 une augmentation importante des besoins au niveau du pied, en particulier lorsque la corne du sabot est en mauvais \u00e9tat, cassante ou d\u00e9form\u00e9e.<\/strong><\/p>\n<p><strong><br \/>\nUtilisation :<\/strong><\/p>\n<ul>\n<li>Soin du pied, de la peau et des crins pour le cheval.<\/li>\n<li>Favorise la repousse de la corne, sa solidit\u00e9 et garantit la beaut\u00e9 de la robe.<\/li>\n<li>Lors de traitements en cas de maladie naviculaire et fourbure.<\/li>\n<\/ul>\n<p><strong>Avantages :<\/strong><\/p>\n<ul>\n<li>Les\u00a0<strong>besoins circulatoires du pied<\/strong>\u00a0ont \u00e9galement \u00e9t\u00e9 pris en compte avec l\u2019addition de 4 plantes soigneusement s\u00e9lectionn\u00e9es.<\/li>\n<li>Les utilisateurs appr\u00e9cient HOOF BIOTINE pour sa<strong>\u00a0formule compl\u00e8te<\/strong>\u00a0qui associe des micro-nutriments sp\u00e9cifiques et des plantes.<\/li>\n<li>Pour les sabots tr\u00e8s ab\u00eem\u00e9s, il est recommand\u00e9 de donner HOOF BIOTINE en permanence pendant plusieurs mois, jusqu\u2019au renouvellement complet de la boite corn\u00e9e.<\/li>\n<\/ul>\n","protected":false},"excerpt":{"rendered":"<p><strong>HOOF BIOTINE est un aliment con\u00e7u pour apporter aux chevaux un soutien nutritionnel adapt\u00e9 \u00e0 une augmentation importante des besoins au niveau du pied, en particulier lorsque la corne du sabot est en mauvais \u00e9tat, cassante ou d\u00e9form\u00e9e.<\/strong><\/p>\n<p><strong>Utilisation :<\/strong><\/p>\n<ul>\n<li>Soin du pied, de la peau et des crins pour le cheval.<\/li>\n<li>Favorise la repousse de la corne, sa solidit\u00e9 et garantit la beaut\u00e9 de la robe.<\/li>\n<li>Lors de traitements en cas de maladie naviculaire et fourbure.<\/li>\n<\/ul>\n","protected":false},"featured_media":1219704,"template":"","meta":[],"product_cat":[12564,12547,14072,12565,12755,12754],"product_tag":[],"class_list":{"0":"post-177154","1":"product","2":"type-product","3":"status-publish","4":"has-post-thumbnail","6":"product_cat-locomotion-du-cheval","7":"product_cat-cheval","8":"product_cat-dietetique-et-complements-alimentaires-du-cheval","9":"product_cat-peau-corne-crin-du-cheval","10":"product_cat-soins-des-pieds-du-cheval","11":"product_cat-soins-au-quotidien-du-cheval","12":"pa_marque-audevard","14":"first","15":"instock","16":"taxable","17":"shipping-taxable","18":"purchasable","19":"product-type-variable"},"yoast_head":"<!-- This site is optimized with the Yoast SEO plugin v27.3 - https:\/\/yoast.com\/product\/yoast-seo-wordpress\/ -->\n<title>Hoof Biotine Audevard - V\u00e9torino<\/title>\n<meta name=\"description\" content=\"HOOF BIOTINE est un aliment con\u00e7u pour apporter aux chevaux un soutien nutritionnel adapt\u00e9 \u00e0 une augmentation importante des besoins au niveau du pied, en particulier lorsque la corne du sabot est en mauvais \u00e9tat, cassante ou d\u00e9form\u00e9e.  Utilisation :   Soin du pied, de la peau et des crins pour le cheval.  Favorise la repousse de la corne, sa solidit\u00e9 et garantit la beaut\u00e9 de la robe.  Lors de traitements en cas de maladie naviculaire et fourbure.\" \/>\n<meta name=\"robots\" content=\"noindex, nofollow\" \/>\n<meta property=\"og:locale\" content=\"fr_FR\" \/>\n<meta property=\"og:type\" content=\"article\" \/>\n<meta property=\"og:title\" content=\"Hoof Biotine Audevard - V\u00e9torino\" \/>\n<meta property=\"og:description\" content=\"HOOF BIOTINE est un aliment con\u00e7u pour apporter aux chevaux un soutien nutritionnel adapt\u00e9 \u00e0 une augmentation importante des besoins au niveau du pied, en particulier lorsque la corne du sabot est en mauvais \u00e9tat, cassante ou d\u00e9form\u00e9e.  Utilisation :   Soin du pied, de la peau et des crins pour le cheval.  Favorise la repousse de la corne, sa solidit\u00e9 et garantit la beaut\u00e9 de la robe.  Lors de traitements en cas de maladie naviculaire et fourbure.\" \/>\n<meta property=\"og:url\" content=\"https:\/\/www.vetorino.com\/veterinaire\/plouzevede-29440\/boutique\/product\/hoof-biotine-3\/\" \/>\n<meta property=\"og:site_name\" content=\"V\u00e9torino\" \/>\n<meta property=\"article:publisher\" content=\"https:\/\/www.facebook.com\/Vetorino\/\" \/>\n<meta property=\"article:modified_time\" content=\"2025-02-19T15:45:59+00:00\" \/>\n<meta property=\"og:image\" content=\"https:\/\/www.vetorino.com\/boutique\/wp-content\/uploads\/2021\/05\/hoof-biotine.webp\" \/>\n\t<meta property=\"og:image:width\" content=\"800\" \/>\n\t<meta property=\"og:image:height\" content=\"800\" \/>\n\t<meta property=\"og:image:type\" content=\"image\/webp\" \/>\n<meta name=\"twitter:card\" content=\"summary_large_image\" \/>\n<meta name=\"twitter:label1\" content=\"Disponibilit\u00e9\" \/>\n\t<meta name=\"twitter:data1\" content=\"En stock\" \/>\n<script type=\"application\/ld+json\" class=\"yoast-schema-graph\">{\"@context\":\"https:\\\/\\\/schema.org\",\"@graph\":[{\"@type\":\"WebPage\",\"@id\":\"https:\\\/\\\/www.vetorino.com\\\/boutique\\\/product\\\/hoof-biotine-3\\\/\",\"url\":\"https:\\\/\\\/www.vetorino.com\\\/boutique\\\/product\\\/hoof-biotine-3\\\/\",\"name\":\"Hoof Biotine Audevard - V\u00e9torino\",\"isPartOf\":{\"@id\":\"https:\\\/\\\/www.vetorino.com\\\/boutique\\\/#website\"},\"primaryImageOfPage\":{\"@id\":\"https:\\\/\\\/www.vetorino.com\\\/boutique\\\/product\\\/hoof-biotine-3\\\/#primaryimage\"},\"image\":{\"@id\":\"https:\\\/\\\/www.vetorino.com\\\/boutique\\\/product\\\/hoof-biotine-3\\\/#primaryimage\"},\"thumbnailUrl\":\"https:\\\/\\\/www.vetorino.com\\\/boutique\\\/wp-content\\\/uploads\\\/2021\\\/05\\\/hoof-biotine.webp\",\"datePublished\":\"2021-05-04T16:41:27+00:00\",\"dateModified\":\"2025-02-19T15:45:59+00:00\",\"description\":\"HOOF BIOTINE est un aliment con\u00e7u pour apporter aux chevaux un soutien nutritionnel adapt\u00e9 \u00e0 une augmentation importante des besoins au niveau du pied, en particulier lorsque la corne du sabot est en mauvais \u00e9tat, cassante ou d\u00e9form\u00e9e. Utilisation : Soin du pied, de la peau et des crins pour le cheval. Favorise la repousse de la corne, sa solidit\u00e9 et garantit la beaut\u00e9 de la robe. Lors de traitements en cas de maladie naviculaire et fourbure.\",\"breadcrumb\":{\"@id\":\"https:\\\/\\\/www.vetorino.com\\\/boutique\\\/product\\\/hoof-biotine-3\\\/#breadcrumb\"},\"inLanguage\":\"fr-FR\",\"potentialAction\":[{\"@type\":\"ReadAction\",\"target\":[\"https:\\\/\\\/www.vetorino.com\\\/boutique\\\/product\\\/hoof-biotine-3\\\/\"]}]},{\"@type\":\"ImageObject\",\"inLanguage\":\"fr-FR\",\"@id\":\"https:\\\/\\\/www.vetorino.com\\\/boutique\\\/product\\\/hoof-biotine-3\\\/#primaryimage\",\"url\":\"https:\\\/\\\/www.vetorino.com\\\/boutique\\\/wp-content\\\/uploads\\\/2021\\\/05\\\/hoof-biotine.webp\",\"contentUrl\":\"https:\\\/\\\/www.vetorino.com\\\/boutique\\\/wp-content\\\/uploads\\\/2021\\\/05\\\/hoof-biotine.webp\",\"width\":800,\"height\":800},{\"@type\":\"BreadcrumbList\",\"@id\":\"https:\\\/\\\/www.vetorino.com\\\/boutique\\\/product\\\/hoof-biotine-3\\\/#breadcrumb\",\"itemListElement\":[{\"@type\":\"ListItem\",\"position\":1,\"name\":\"Accueil\",\"item\":\"https:\\\/\\\/www.vetorino.com\\\/boutique\\\/\"},{\"@type\":\"ListItem\",\"position\":2,\"name\":\"Produits\",\"item\":\"https:\\\/\\\/www.vetorino.com\\\/boutique\\\/\"},{\"@type\":\"ListItem\",\"position\":3,\"name\":\"Hoof Biotine\"}]},{\"@type\":\"WebSite\",\"@id\":\"https:\\\/\\\/www.vetorino.com\\\/boutique\\\/#website\",\"url\":\"https:\\\/\\\/www.vetorino.com\\\/boutique\\\/\",\"name\":\"V\u00e9torino\",\"description\":\"\",\"publisher\":{\"@id\":\"https:\\\/\\\/www.vetorino.com\\\/boutique\\\/#organization\"},\"potentialAction\":[{\"@type\":\"SearchAction\",\"target\":{\"@type\":\"EntryPoint\",\"urlTemplate\":\"https:\\\/\\\/www.vetorino.com\\\/boutique\\\/?s={search_term_string}\"},\"query-input\":{\"@type\":\"PropertyValueSpecification\",\"valueRequired\":true,\"valueName\":\"search_term_string\"}}],\"inLanguage\":\"fr-FR\"},{\"@type\":\"Organization\",\"@id\":\"https:\\\/\\\/www.vetorino.com\\\/boutique\\\/#organization\",\"name\":\"V\u00e9torino\",\"url\":\"https:\\\/\\\/www.vetorino.com\\\/boutique\\\/\",\"logo\":{\"@type\":\"ImageObject\",\"inLanguage\":\"fr-FR\",\"@id\":\"https:\\\/\\\/www.vetorino.com\\\/boutique\\\/#\\\/schema\\\/logo\\\/image\\\/\",\"url\":\"https:\\\/\\\/www.vetorino.com\\\/boutique\\\/wp-content\\\/uploads\\\/2024\\\/10\\\/logo.jpg\",\"contentUrl\":\"https:\\\/\\\/www.vetorino.com\\\/boutique\\\/wp-content\\\/uploads\\\/2024\\\/10\\\/logo.jpg\",\"width\":1200,\"height\":610,\"caption\":\"V\u00e9torino\"},\"image\":{\"@id\":\"https:\\\/\\\/www.vetorino.com\\\/boutique\\\/#\\\/schema\\\/logo\\\/image\\\/\"},\"sameAs\":[\"https:\\\/\\\/www.facebook.com\\\/Vetorino\\\/\",\"https:\\\/\\\/www.instagram.com\\\/vetorino_off\\\/\",\"https:\\\/\\\/www.linkedin.com\\\/company\\\/vtorino\\\/\"]}]}<\/script>\n<meta property=\"product:brand\" content=\"Audevard\" \/>\n<meta property=\"og:availability\" content=\"instock\" \/>\n<meta property=\"product:availability\" content=\"instock\" \/>\n<meta property=\"product:condition\" content=\"new\" \/>\n<!-- \/ Yoast SEO plugin. -->","yoast_head_json":{"title":"Hoof Biotine Audevard - V\u00e9torino","description":"HOOF BIOTINE est un aliment con\u00e7u pour apporter aux chevaux un soutien nutritionnel adapt\u00e9 \u00e0 une augmentation importante des besoins au niveau du pied, en particulier lorsque la corne du sabot est en mauvais \u00e9tat, cassante ou d\u00e9form\u00e9e.  Utilisation :   Soin du pied, de la peau et des crins pour le cheval.  Favorise la repousse de la corne, sa solidit\u00e9 et garantit la beaut\u00e9 de la robe.  Lors de traitements en cas de maladie naviculaire et fourbure.","robots":{"index":"noindex","follow":"nofollow"},"og_locale":"fr_FR","og_type":"article","og_title":"Hoof Biotine Audevard - V\u00e9torino","og_description":"HOOF BIOTINE est un aliment con\u00e7u pour apporter aux chevaux un soutien nutritionnel adapt\u00e9 \u00e0 une augmentation importante des besoins au niveau du pied, en particulier lorsque la corne du sabot est en mauvais \u00e9tat, cassante ou d\u00e9form\u00e9e.  Utilisation :   Soin du pied, de la peau et des crins pour le cheval.  Favorise la repousse de la corne, sa solidit\u00e9 et garantit la beaut\u00e9 de la robe.  Lors de traitements en cas de maladie naviculaire et fourbure.","og_url":"https:\/\/www.vetorino.com\/veterinaire\/plouzevede-29440\/boutique\/product\/hoof-biotine-3\/","og_site_name":"V\u00e9torino","article_publisher":"https:\/\/www.facebook.com\/Vetorino\/","article_modified_time":"2025-02-19T15:45:59+00:00","og_image":[{"width":800,"height":800,"url":"https:\/\/www.vetorino.com\/boutique\/wp-content\/uploads\/2021\/05\/hoof-biotine.webp","type":"image\/webp"}],"twitter_card":"summary_large_image","twitter_misc":{"Disponibilit\u00e9":"En stock"},"schema":{"@context":"https:\/\/schema.org","@graph":[{"@type":"WebPage","@id":"https:\/\/www.vetorino.com\/boutique\/product\/hoof-biotine-3\/","url":"https:\/\/www.vetorino.com\/boutique\/product\/hoof-biotine-3\/","name":"Hoof Biotine Audevard - V\u00e9torino","isPartOf":{"@id":"https:\/\/www.vetorino.com\/boutique\/#website"},"primaryImageOfPage":{"@id":"https:\/\/www.vetorino.com\/boutique\/product\/hoof-biotine-3\/#primaryimage"},"image":{"@id":"https:\/\/www.vetorino.com\/boutique\/product\/hoof-biotine-3\/#primaryimage"},"thumbnailUrl":"https:\/\/www.vetorino.com\/boutique\/wp-content\/uploads\/2021\/05\/hoof-biotine.webp","datePublished":"2021-05-04T16:41:27+00:00","dateModified":"2025-02-19T15:45:59+00:00","description":"HOOF BIOTINE est un aliment con\u00e7u pour apporter aux chevaux un soutien nutritionnel adapt\u00e9 \u00e0 une augmentation importante des besoins au niveau du pied, en particulier lorsque la corne du sabot est en mauvais \u00e9tat, cassante ou d\u00e9form\u00e9e. Utilisation : Soin du pied, de la peau et des crins pour le cheval. Favorise la repousse de la corne, sa solidit\u00e9 et garantit la beaut\u00e9 de la robe. Lors de traitements en cas de maladie naviculaire et fourbure.","breadcrumb":{"@id":"https:\/\/www.vetorino.com\/boutique\/product\/hoof-biotine-3\/#breadcrumb"},"inLanguage":"fr-FR","potentialAction":[{"@type":"ReadAction","target":["https:\/\/www.vetorino.com\/boutique\/product\/hoof-biotine-3\/"]}]},{"@type":"ImageObject","inLanguage":"fr-FR","@id":"https:\/\/www.vetorino.com\/boutique\/product\/hoof-biotine-3\/#primaryimage","url":"https:\/\/www.vetorino.com\/boutique\/wp-content\/uploads\/2021\/05\/hoof-biotine.webp","contentUrl":"https:\/\/www.vetorino.com\/boutique\/wp-content\/uploads\/2021\/05\/hoof-biotine.webp","width":800,"height":800},{"@type":"BreadcrumbList","@id":"https:\/\/www.vetorino.com\/boutique\/product\/hoof-biotine-3\/#breadcrumb","itemListElement":[{"@type":"ListItem","position":1,"name":"Accueil","item":"https:\/\/www.vetorino.com\/boutique\/"},{"@type":"ListItem","position":2,"name":"Produits","item":"https:\/\/www.vetorino.com\/boutique\/"},{"@type":"ListItem","position":3,"name":"Hoof Biotine"}]},{"@type":"WebSite","@id":"https:\/\/www.vetorino.com\/boutique\/#website","url":"https:\/\/www.vetorino.com\/boutique\/","name":"V\u00e9torino","description":"","publisher":{"@id":"https:\/\/www.vetorino.com\/boutique\/#organization"},"potentialAction":[{"@type":"SearchAction","target":{"@type":"EntryPoint","urlTemplate":"https:\/\/www.vetorino.com\/boutique\/?s={search_term_string}"},"query-input":{"@type":"PropertyValueSpecification","valueRequired":true,"valueName":"search_term_string"}}],"inLanguage":"fr-FR"},{"@type":"Organization","@id":"https:\/\/www.vetorino.com\/boutique\/#organization","name":"V\u00e9torino","url":"https:\/\/www.vetorino.com\/boutique\/","logo":{"@type":"ImageObject","inLanguage":"fr-FR","@id":"https:\/\/www.vetorino.com\/boutique\/#\/schema\/logo\/image\/","url":"https:\/\/www.vetorino.com\/boutique\/wp-content\/uploads\/2024\/10\/logo.jpg","contentUrl":"https:\/\/www.vetorino.com\/boutique\/wp-content\/uploads\/2024\/10\/logo.jpg","width":1200,"height":610,"caption":"V\u00e9torino"},"image":{"@id":"https:\/\/www.vetorino.com\/boutique\/#\/schema\/logo\/image\/"},"sameAs":["https:\/\/www.facebook.com\/Vetorino\/","https:\/\/www.instagram.com\/vetorino_off\/","https:\/\/www.linkedin.com\/company\/vtorino\/"]}]},"product_brand":"Audevard","og_availability":"instock","product_availability":"instock","product_condition":"new"},"_links":{"self":[{"href":"https:\/\/www.vetorino.com\/veterinaire\/plouzevede-29440\/boutique\/wp-json\/wp\/v2\/product\/177154","targetHints":{"allow":["GET"]}}],"collection":[{"href":"https:\/\/www.vetorino.com\/veterinaire\/plouzevede-29440\/boutique\/wp-json\/wp\/v2\/product"}],"about":[{"href":"https:\/\/www.vetorino.com\/veterinaire\/plouzevede-29440\/boutique\/wp-json\/wp\/v2\/types\/product"}],"wp:featuredmedia":[{"embeddable":true,"href":"https:\/\/www.vetorino.com\/veterinaire\/plouzevede-29440\/boutique\/wp-json\/wp\/v2\/media\/1219704"}],"wp:attachment":[{"href":"https:\/\/www.vetorino.com\/veterinaire\/plouzevede-29440\/boutique\/wp-json\/wp\/v2\/media?parent=177154"}],"wp:term":[{"taxonomy":"product_cat","embeddable":true,"href":"https:\/\/www.vetorino.com\/veterinaire\/plouzevede-29440\/boutique\/wp-json\/wp\/v2\/product_cat?post=177154"},{"taxonomy":"product_tag","embeddable":true,"href":"https:\/\/www.vetorino.com\/veterinaire\/plouzevede-29440\/boutique\/wp-json\/wp\/v2\/product_tag?post=177154"}],"curies":[{"name":"wp","href":"https:\/\/api.w.org\/{rel}","templated":true}]}}