{"id":177169,"date":"2021-05-04T18:41:43","date_gmt":"2021-05-04T16:41:43","guid":{"rendered":"https:\/\/www.vetorino.com\/boutique\/product\/staysound-emplatre\/"},"modified":"2022-01-04T15:32:36","modified_gmt":"2022-01-04T14:32:36","slug":"staysound-emplatre","status":"publish","type":"product","link":"https:\/\/www.vetorino.com\/veterinaire\/plouzevede-29440\/boutique\/product\/staysound-emplatre\/","title":{"rendered":"Staysound (Emplatre)"},"content":{"rendered":"<p>Staysound de chez TRM est une p\u00e2te relaxante pour le confort des tendons et des articulations du cheval.<\/p>\n<p>Elle permet de diminuer les \u00e9chauffements et engorgements \u00e0 la suite des efforts du travail.<\/p>\n<p>Sa formule sp\u00e9ciale \u00e0 la glyc\u00e9rine et au thymol lui permet de s\u00e9cher tr\u00e8s lentement en restant souple et de bien adh\u00e9rer aux membres sans s\u2019\u00e9cailler et de pouvoir \u00eatre utilis\u00e9e sans risque m\u00eame sur des atteintes.<\/p>\n<p>Staysound est pr\u00eate \u00e0 l\u2019emploi et peut \u00eatre utilis\u00e9e aussi longtemps et souvent que n\u00e9cessaire.  <\/p>\n<p>Elle s\u2019\u00e9limine facilement \u00e0 la douche.<\/p>\n<p><strong>Comment utiliser Staysound de chez TRM ?<\/strong><\/p>\n<p>EN PR\u00c9PARATION :<\/p>\n<p>Appliquer une couche de 6mm sur les articulations des membres et les tendons apr\u00e8s les s\u00e9ances d\u2019entra\u00eenement intensif.<br \/>\nPour enlever, simplement doucher \u00e0 l\u2019eau froide.<br \/>\nRenouveler tous les jours. <\/p>\n<p>EN CAS D\u2019ENGORGEMENTS POUR UN EFFET PROLONG\u00c9 : <\/p>\n<p>Appliquer Staysound g\u00e9n\u00e9reusement en couche d\u2019environ 6 mm d\u2019\u00e9paisseur.<br \/>\nCouvrir avec un papier kraft humide puis une bande de coton mouill\u00e9.<br \/>\nR\u00e9p\u00e9ter une fois par jour.<\/p>\n","protected":false},"excerpt":{"rendered":"<p>P\u00e2te relaxante pour le confort des tendons et des articulations du cheval.<br \/>&#8211; Empl\u00e2tre \u00e0 froid \u00e0 base d&#8217;argile pour les membres. <br \/>&#8211; Permet de diminuer les \u00e9chauffements et engorgements \u00e0 la suite des efforts du travail. <br \/>&#8211; S&#8217;\u00e9limine facilement \u00e0 la douche.<br \/>&#8211; Pr\u00eat \u00e0 l&#8217;emploi, peut \u00eatre utilis\u00e9 aussi longtemps et souvent que n\u00e9cessaire.<\/p>\n","protected":false},"featured_media":177168,"template":"","meta":[],"product_cat":[12547,12566,13093,12754],"product_tag":[],"class_list":{"0":"post-177169","1":"product","2":"type-product","3":"status-publish","4":"has-post-thumbnail","6":"product_cat-cheval","7":"product_cat-performance-du-cheval","8":"product_cat-soin-musculaire-du-cheval","9":"product_cat-soins-au-quotidien-du-cheval","10":"pa_marque-seoa-veterinair","12":"first","13":"outofstock","14":"taxable","15":"shipping-taxable","16":"purchasable","17":"product-type-simple"},"yoast_head":"<!-- This site is optimized with the Yoast SEO plugin v27.3 - https:\/\/yoast.com\/product\/yoast-seo-wordpress\/ -->\n<title>Staysound (Emplatre) SEOA v\u00e9t\u00e9rinair - V\u00e9torino<\/title>\n<meta name=\"description\" content=\"P\u00e2te relaxante pour le confort des tendons et des articulations du cheval.- Empl\u00e2tre \u00e0 froid \u00e0 base d&#039;argile pour les membres. - Permet de diminuer les \u00e9chauffements et engorgements \u00e0 la suite des efforts du travail. - S&#039;\u00e9limine facilement \u00e0 la douche.- Pr\u00eat \u00e0 l&#039;emploi, peut \u00eatre utilis\u00e9 aussi longtemps et souvent que n\u00e9cessaire.\" \/>\n<meta name=\"robots\" content=\"noindex, nofollow\" \/>\n<meta property=\"og:locale\" content=\"fr_FR\" \/>\n<meta property=\"og:type\" content=\"article\" \/>\n<meta property=\"og:title\" content=\"Staysound (Emplatre) SEOA v\u00e9t\u00e9rinair - V\u00e9torino\" \/>\n<meta property=\"og:description\" content=\"P\u00e2te relaxante pour le confort des tendons et des articulations du cheval.- Empl\u00e2tre \u00e0 froid \u00e0 base d&#039;argile pour les membres. - Permet de diminuer les \u00e9chauffements et engorgements \u00e0 la suite des efforts du travail. - S&#039;\u00e9limine facilement \u00e0 la douche.- Pr\u00eat \u00e0 l&#039;emploi, peut \u00eatre utilis\u00e9 aussi longtemps et souvent que n\u00e9cessaire.\" \/>\n<meta property=\"og:url\" content=\"https:\/\/www.vetorino.com\/veterinaire\/plouzevede-29440\/boutique\/product\/staysound-emplatre\/\" \/>\n<meta property=\"og:site_name\" content=\"V\u00e9torino\" \/>\n<meta property=\"article:publisher\" content=\"https:\/\/www.facebook.com\/Vetorino\/\" \/>\n<meta property=\"article:modified_time\" content=\"2022-01-04T14:32:36+00:00\" \/>\n<meta property=\"og:image\" content=\"https:\/\/www.vetorino.com\/boutique\/wp-content\/uploads\/2021\/05\/SEOAX-7256352_7151044.jpg\" \/>\n\t<meta property=\"og:image:width\" content=\"255\" \/>\n\t<meta property=\"og:image:height\" content=\"255\" \/>\n\t<meta property=\"og:image:type\" content=\"image\/jpeg\" \/>\n<meta name=\"twitter:card\" content=\"summary_large_image\" \/>\n<meta name=\"twitter:label1\" content=\"Prix\" \/>\n\t<meta name=\"twitter:data1\" content=\"20,57&euro;\" \/>\n\t<meta name=\"twitter:label2\" content=\"Disponibilit\u00e9\" \/>\n\t<meta name=\"twitter:data2\" content=\"Rupture de stock\" \/>\n<script type=\"application\/ld+json\" class=\"yoast-schema-graph\">{\"@context\":\"https:\\\/\\\/schema.org\",\"@graph\":[{\"@type\":\"WebPage\",\"@id\":\"https:\\\/\\\/www.vetorino.com\\\/boutique\\\/product\\\/staysound-emplatre\\\/\",\"url\":\"https:\\\/\\\/www.vetorino.com\\\/boutique\\\/product\\\/staysound-emplatre\\\/\",\"name\":\"Staysound (Emplatre) SEOA v\u00e9t\u00e9rinair - V\u00e9torino\",\"isPartOf\":{\"@id\":\"https:\\\/\\\/www.vetorino.com\\\/boutique\\\/#website\"},\"primaryImageOfPage\":{\"@id\":\"https:\\\/\\\/www.vetorino.com\\\/boutique\\\/product\\\/staysound-emplatre\\\/#primaryimage\"},\"image\":{\"@id\":\"https:\\\/\\\/www.vetorino.com\\\/boutique\\\/product\\\/staysound-emplatre\\\/#primaryimage\"},\"thumbnailUrl\":\"https:\\\/\\\/www.vetorino.com\\\/boutique\\\/wp-content\\\/uploads\\\/2021\\\/05\\\/SEOAX-7256352_7151044.jpg\",\"datePublished\":\"2021-05-04T16:41:43+00:00\",\"dateModified\":\"2022-01-04T14:32:36+00:00\",\"description\":\"P\u00e2te relaxante pour le confort des tendons et des articulations du cheval.- Empl\u00e2tre \u00e0 froid \u00e0 base d'argile pour les membres. - Permet de diminuer les \u00e9chauffements et engorgements \u00e0 la suite des efforts du travail. - S'\u00e9limine facilement \u00e0 la douche.- Pr\u00eat \u00e0 l'emploi, peut \u00eatre utilis\u00e9 aussi longtemps et souvent que n\u00e9cessaire.\",\"breadcrumb\":{\"@id\":\"https:\\\/\\\/www.vetorino.com\\\/boutique\\\/product\\\/staysound-emplatre\\\/#breadcrumb\"},\"inLanguage\":\"fr-FR\",\"potentialAction\":[{\"@type\":\"ReadAction\",\"target\":[\"https:\\\/\\\/www.vetorino.com\\\/boutique\\\/product\\\/staysound-emplatre\\\/\"]}]},{\"@type\":\"ImageObject\",\"inLanguage\":\"fr-FR\",\"@id\":\"https:\\\/\\\/www.vetorino.com\\\/boutique\\\/product\\\/staysound-emplatre\\\/#primaryimage\",\"url\":\"https:\\\/\\\/www.vetorino.com\\\/boutique\\\/wp-content\\\/uploads\\\/2021\\\/05\\\/SEOAX-7256352_7151044.jpg\",\"contentUrl\":\"https:\\\/\\\/www.vetorino.com\\\/boutique\\\/wp-content\\\/uploads\\\/2021\\\/05\\\/SEOAX-7256352_7151044.jpg\",\"width\":255,\"height\":255},{\"@type\":\"BreadcrumbList\",\"@id\":\"https:\\\/\\\/www.vetorino.com\\\/boutique\\\/product\\\/staysound-emplatre\\\/#breadcrumb\",\"itemListElement\":[{\"@type\":\"ListItem\",\"position\":1,\"name\":\"Accueil\",\"item\":\"https:\\\/\\\/www.vetorino.com\\\/boutique\\\/\"},{\"@type\":\"ListItem\",\"position\":2,\"name\":\"Produits\",\"item\":\"https:\\\/\\\/www.vetorino.com\\\/boutique\\\/\"},{\"@type\":\"ListItem\",\"position\":3,\"name\":\"Staysound (Emplatre)\"}]},{\"@type\":\"WebSite\",\"@id\":\"https:\\\/\\\/www.vetorino.com\\\/boutique\\\/#website\",\"url\":\"https:\\\/\\\/www.vetorino.com\\\/boutique\\\/\",\"name\":\"V\u00e9torino\",\"description\":\"\",\"publisher\":{\"@id\":\"https:\\\/\\\/www.vetorino.com\\\/boutique\\\/#organization\"},\"potentialAction\":[{\"@type\":\"SearchAction\",\"target\":{\"@type\":\"EntryPoint\",\"urlTemplate\":\"https:\\\/\\\/www.vetorino.com\\\/boutique\\\/?s={search_term_string}\"},\"query-input\":{\"@type\":\"PropertyValueSpecification\",\"valueRequired\":true,\"valueName\":\"search_term_string\"}}],\"inLanguage\":\"fr-FR\"},{\"@type\":\"Organization\",\"@id\":\"https:\\\/\\\/www.vetorino.com\\\/boutique\\\/#organization\",\"name\":\"V\u00e9torino\",\"url\":\"https:\\\/\\\/www.vetorino.com\\\/boutique\\\/\",\"logo\":{\"@type\":\"ImageObject\",\"inLanguage\":\"fr-FR\",\"@id\":\"https:\\\/\\\/www.vetorino.com\\\/boutique\\\/#\\\/schema\\\/logo\\\/image\\\/\",\"url\":\"https:\\\/\\\/www.vetorino.com\\\/boutique\\\/wp-content\\\/uploads\\\/2024\\\/10\\\/logo.jpg\",\"contentUrl\":\"https:\\\/\\\/www.vetorino.com\\\/boutique\\\/wp-content\\\/uploads\\\/2024\\\/10\\\/logo.jpg\",\"width\":1200,\"height\":610,\"caption\":\"V\u00e9torino\"},\"image\":{\"@id\":\"https:\\\/\\\/www.vetorino.com\\\/boutique\\\/#\\\/schema\\\/logo\\\/image\\\/\"},\"sameAs\":[\"https:\\\/\\\/www.facebook.com\\\/Vetorino\\\/\",\"https:\\\/\\\/www.instagram.com\\\/vetorino_off\\\/\",\"https:\\\/\\\/www.linkedin.com\\\/company\\\/vtorino\\\/\"]}]}<\/script>\n<meta property=\"product:brand\" content=\"SEOA v\u00e9t\u00e9rinair\" \/>\n<meta property=\"product:price:amount\" content=\"20.57\" \/>\n<meta property=\"product:price:currency\" content=\"EUR\" \/>\n<meta property=\"og:availability\" content=\"out of stock\" \/>\n<meta property=\"product:availability\" content=\"out of stock\" \/>\n<meta property=\"product:retailer_item_id\" content=\"A-7256352\" \/>\n<meta property=\"product:condition\" content=\"new\" \/>\n<!-- \/ Yoast SEO plugin. -->","yoast_head_json":{"title":"Staysound (Emplatre) SEOA v\u00e9t\u00e9rinair - V\u00e9torino","description":"P\u00e2te relaxante pour le confort des tendons et des articulations du cheval.- Empl\u00e2tre \u00e0 froid \u00e0 base d'argile pour les membres. - Permet de diminuer les \u00e9chauffements et engorgements \u00e0 la suite des efforts du travail. - S'\u00e9limine facilement \u00e0 la douche.- Pr\u00eat \u00e0 l'emploi, peut \u00eatre utilis\u00e9 aussi longtemps et souvent que n\u00e9cessaire.","robots":{"index":"noindex","follow":"nofollow"},"og_locale":"fr_FR","og_type":"article","og_title":"Staysound (Emplatre) SEOA v\u00e9t\u00e9rinair - V\u00e9torino","og_description":"P\u00e2te relaxante pour le confort des tendons et des articulations du cheval.- Empl\u00e2tre \u00e0 froid \u00e0 base d'argile pour les membres. - Permet de diminuer les \u00e9chauffements et engorgements \u00e0 la suite des efforts du travail. - S'\u00e9limine facilement \u00e0 la douche.- Pr\u00eat \u00e0 l'emploi, peut \u00eatre utilis\u00e9 aussi longtemps et souvent que n\u00e9cessaire.","og_url":"https:\/\/www.vetorino.com\/veterinaire\/plouzevede-29440\/boutique\/product\/staysound-emplatre\/","og_site_name":"V\u00e9torino","article_publisher":"https:\/\/www.facebook.com\/Vetorino\/","article_modified_time":"2022-01-04T14:32:36+00:00","og_image":[{"width":255,"height":255,"url":"https:\/\/www.vetorino.com\/boutique\/wp-content\/uploads\/2021\/05\/SEOAX-7256352_7151044.jpg","type":"image\/jpeg"}],"twitter_card":"summary_large_image","twitter_misc":{"Prix":"20,57&euro;","Disponibilit\u00e9":"Rupture de stock"},"schema":{"@context":"https:\/\/schema.org","@graph":[{"@type":"WebPage","@id":"https:\/\/www.vetorino.com\/boutique\/product\/staysound-emplatre\/","url":"https:\/\/www.vetorino.com\/boutique\/product\/staysound-emplatre\/","name":"Staysound (Emplatre) SEOA v\u00e9t\u00e9rinair - V\u00e9torino","isPartOf":{"@id":"https:\/\/www.vetorino.com\/boutique\/#website"},"primaryImageOfPage":{"@id":"https:\/\/www.vetorino.com\/boutique\/product\/staysound-emplatre\/#primaryimage"},"image":{"@id":"https:\/\/www.vetorino.com\/boutique\/product\/staysound-emplatre\/#primaryimage"},"thumbnailUrl":"https:\/\/www.vetorino.com\/boutique\/wp-content\/uploads\/2021\/05\/SEOAX-7256352_7151044.jpg","datePublished":"2021-05-04T16:41:43+00:00","dateModified":"2022-01-04T14:32:36+00:00","description":"P\u00e2te relaxante pour le confort des tendons et des articulations du cheval.- Empl\u00e2tre \u00e0 froid \u00e0 base d'argile pour les membres. - Permet de diminuer les \u00e9chauffements et engorgements \u00e0 la suite des efforts du travail. - S'\u00e9limine facilement \u00e0 la douche.- Pr\u00eat \u00e0 l'emploi, peut \u00eatre utilis\u00e9 aussi longtemps et souvent que n\u00e9cessaire.","breadcrumb":{"@id":"https:\/\/www.vetorino.com\/boutique\/product\/staysound-emplatre\/#breadcrumb"},"inLanguage":"fr-FR","potentialAction":[{"@type":"ReadAction","target":["https:\/\/www.vetorino.com\/boutique\/product\/staysound-emplatre\/"]}]},{"@type":"ImageObject","inLanguage":"fr-FR","@id":"https:\/\/www.vetorino.com\/boutique\/product\/staysound-emplatre\/#primaryimage","url":"https:\/\/www.vetorino.com\/boutique\/wp-content\/uploads\/2021\/05\/SEOAX-7256352_7151044.jpg","contentUrl":"https:\/\/www.vetorino.com\/boutique\/wp-content\/uploads\/2021\/05\/SEOAX-7256352_7151044.jpg","width":255,"height":255},{"@type":"BreadcrumbList","@id":"https:\/\/www.vetorino.com\/boutique\/product\/staysound-emplatre\/#breadcrumb","itemListElement":[{"@type":"ListItem","position":1,"name":"Accueil","item":"https:\/\/www.vetorino.com\/boutique\/"},{"@type":"ListItem","position":2,"name":"Produits","item":"https:\/\/www.vetorino.com\/boutique\/"},{"@type":"ListItem","position":3,"name":"Staysound (Emplatre)"}]},{"@type":"WebSite","@id":"https:\/\/www.vetorino.com\/boutique\/#website","url":"https:\/\/www.vetorino.com\/boutique\/","name":"V\u00e9torino","description":"","publisher":{"@id":"https:\/\/www.vetorino.com\/boutique\/#organization"},"potentialAction":[{"@type":"SearchAction","target":{"@type":"EntryPoint","urlTemplate":"https:\/\/www.vetorino.com\/boutique\/?s={search_term_string}"},"query-input":{"@type":"PropertyValueSpecification","valueRequired":true,"valueName":"search_term_string"}}],"inLanguage":"fr-FR"},{"@type":"Organization","@id":"https:\/\/www.vetorino.com\/boutique\/#organization","name":"V\u00e9torino","url":"https:\/\/www.vetorino.com\/boutique\/","logo":{"@type":"ImageObject","inLanguage":"fr-FR","@id":"https:\/\/www.vetorino.com\/boutique\/#\/schema\/logo\/image\/","url":"https:\/\/www.vetorino.com\/boutique\/wp-content\/uploads\/2024\/10\/logo.jpg","contentUrl":"https:\/\/www.vetorino.com\/boutique\/wp-content\/uploads\/2024\/10\/logo.jpg","width":1200,"height":610,"caption":"V\u00e9torino"},"image":{"@id":"https:\/\/www.vetorino.com\/boutique\/#\/schema\/logo\/image\/"},"sameAs":["https:\/\/www.facebook.com\/Vetorino\/","https:\/\/www.instagram.com\/vetorino_off\/","https:\/\/www.linkedin.com\/company\/vtorino\/"]}]},"product_brand":"SEOA v\u00e9t\u00e9rinair","product_price_amount":"20.57","product_price_currency":"EUR","og_availability":"out of stock","product_availability":"out of stock","product_retailer_item_id":"A-7256352","product_condition":"new"},"_links":{"self":[{"href":"https:\/\/www.vetorino.com\/veterinaire\/plouzevede-29440\/boutique\/wp-json\/wp\/v2\/product\/177169","targetHints":{"allow":["GET"]}}],"collection":[{"href":"https:\/\/www.vetorino.com\/veterinaire\/plouzevede-29440\/boutique\/wp-json\/wp\/v2\/product"}],"about":[{"href":"https:\/\/www.vetorino.com\/veterinaire\/plouzevede-29440\/boutique\/wp-json\/wp\/v2\/types\/product"}],"wp:featuredmedia":[{"embeddable":true,"href":"https:\/\/www.vetorino.com\/veterinaire\/plouzevede-29440\/boutique\/wp-json\/wp\/v2\/media\/177168"}],"wp:attachment":[{"href":"https:\/\/www.vetorino.com\/veterinaire\/plouzevede-29440\/boutique\/wp-json\/wp\/v2\/media?parent=177169"}],"wp:term":[{"taxonomy":"product_cat","embeddable":true,"href":"https:\/\/www.vetorino.com\/veterinaire\/plouzevede-29440\/boutique\/wp-json\/wp\/v2\/product_cat?post=177169"},{"taxonomy":"product_tag","embeddable":true,"href":"https:\/\/www.vetorino.com\/veterinaire\/plouzevede-29440\/boutique\/wp-json\/wp\/v2\/product_tag?post=177169"}],"curies":[{"name":"wp","href":"https:\/\/api.w.org\/{rel}","templated":true}]}}