{"id":177230,"date":"2021-05-04T18:45:05","date_gmt":"2021-05-04T16:45:05","guid":{"rendered":"https:\/\/www.vetorino.com\/boutique\/product\/redplex-2\/"},"modified":"2025-02-18T16:39:22","modified_gmt":"2025-02-18T15:39:22","slug":"redplex-2","status":"publish","type":"product","link":"https:\/\/www.vetorino.com\/veterinaire\/plouzevede-29440\/boutique\/product\/redplex-2\/","title":{"rendered":"Redplex +"},"content":{"rendered":"<p><strong>REDPLEX + est un aliment con\u00e7u pour apporter aux chevaux un soutien nutritionnel adapt\u00e9 aux chevaux \u00e0 l&#8217;entra\u00eenement et en comp\u00e9tition, ainsi qu&#8217;aux chevaux ayant des baisses de performance.<\/strong><\/p>\n<p>La formule concentr\u00e9e de REDPLEX + est id\u00e9ale pour soutenir ponctuellement le cheval. Pour un soutien tout au long de l&#8217;ann\u00e9e BONUTRON (Sport Pro, Galop, Trot ou Endurance) sera plus adapt\u00e9.<\/p>\n<p><strong>Utilisation :<\/strong><\/p>\n<ul>\n<li>Cheval athl\u00e8te \u00e0 l\u2019entra\u00eenement et en comp\u00e9tition.<\/li>\n<\/ul>\n<p><strong>Avantages :<\/strong><\/p>\n<ul>\n<li>Riche en Fer, Vitamines et Min\u00e9raux, et contient tous les \u00e9l\u00e9ments\u00a0<strong>n\u00e9cessaires \u00e0 la synth\u00e8se des globules rouges<\/strong>.<\/li>\n<li>Contient de l&#8217;extrait d\u2019Echinacea reconnu pour son r\u00f4le de\u00a0<strong>stimulant de l\u2019immunit\u00e9<\/strong>.<\/li>\n<li>Effet\u00a0<strong>tonifiant<\/strong>\u00a0et\u00a0<strong>d\u00e9fatigant<\/strong>\u00a0b\u00e9n\u00e9fique pour le cheval athl\u00e8te gr\u00e2ce au Ginseng.<\/li>\n<li>Aromatis\u00e9 au Yucca pour un go\u00fbt tr\u00e8s\u00a0<strong>savoureux<\/strong>.<\/li>\n<li>Effet dynamisant visible apr\u00e8s la<strong>\u00a0premi\u00e8re semaine d\u2019utilisation<\/strong>.<\/li>\n<\/ul>\n","protected":false},"excerpt":{"rendered":"<p><strong>REDPLEX + est un aliment con\u00e7u pour apporter aux chevaux un soutien nutritionnel adapt\u00e9 aux chevaux \u00e0 l&#8217;entra\u00eenement et en comp\u00e9tition, ainsi qu&#8217;aux chevaux ayant des baisses de performance.<\/strong><\/p>\n<p>La formule concentr\u00e9e de REDPLEX + est id\u00e9ale pour soutenir ponctuellement le cheval. Pour un soutien tout au long de l&#8217;ann\u00e9e BONUTRON (Sport Pro, Galop, ou Endurance) sera plus adapt\u00e9.<\/p>\n<p><strong>Utilisation :<\/strong><\/p>\n<ul>\n<li>Cheval athl\u00e8te \u00e0 l\u2019entra\u00eenement et en comp\u00e9tition.<\/li>\n<\/ul>\n","protected":false},"featured_media":188955,"template":"","meta":[],"product_cat":[12547,14072,12752,12566,12754],"product_tag":[],"class_list":{"0":"post-177230","1":"product","2":"type-product","3":"status-publish","4":"has-post-thumbnail","6":"product_cat-cheval","7":"product_cat-dietetique-et-complements-alimentaires-du-cheval","8":"product_cat-gestion-de-leffort-du-cheval","9":"product_cat-performance-du-cheval","10":"product_cat-soins-au-quotidien-du-cheval","11":"pa_marque-audevard","13":"first","14":"instock","15":"taxable","16":"shipping-taxable","17":"purchasable","18":"product-type-variable"},"yoast_head":"<!-- This site is optimized with the Yoast SEO plugin v27.3 - https:\/\/yoast.com\/product\/yoast-seo-wordpress\/ -->\n<title>Redplex + Audevard - V\u00e9torino<\/title>\n<meta name=\"description\" content=\"REDPLEX + est un aliment con\u00e7u pour apporter aux chevaux un soutien nutritionnel adapt\u00e9 aux chevaux \u00e0 l&#039;entra\u00eenement et en comp\u00e9tition, ainsi qu&#039;aux chevaux ayant des baisses de performance.  La formule concentr\u00e9e de REDPLEX + est id\u00e9ale pour soutenir ponctuellement le cheval. Pour un soutien tout au long de l&#039;ann\u00e9e BONUTRON (Sport Pro, Galop, ou Endurance) sera plus adapt\u00e9.  Utilisation :   Cheval athl\u00e8te \u00e0 l\u2019entra\u00eenement et en comp\u00e9tition.\" \/>\n<meta name=\"robots\" content=\"noindex, nofollow\" \/>\n<meta property=\"og:locale\" content=\"fr_FR\" \/>\n<meta property=\"og:type\" content=\"article\" \/>\n<meta property=\"og:title\" content=\"Redplex + Audevard - V\u00e9torino\" \/>\n<meta property=\"og:description\" content=\"REDPLEX + est un aliment con\u00e7u pour apporter aux chevaux un soutien nutritionnel adapt\u00e9 aux chevaux \u00e0 l&#039;entra\u00eenement et en comp\u00e9tition, ainsi qu&#039;aux chevaux ayant des baisses de performance.  La formule concentr\u00e9e de REDPLEX + est id\u00e9ale pour soutenir ponctuellement le cheval. Pour un soutien tout au long de l&#039;ann\u00e9e BONUTRON (Sport Pro, Galop, ou Endurance) sera plus adapt\u00e9.  Utilisation :   Cheval athl\u00e8te \u00e0 l\u2019entra\u00eenement et en comp\u00e9tition.\" \/>\n<meta property=\"og:url\" content=\"https:\/\/www.vetorino.com\/veterinaire\/plouzevede-29440\/boutique\/product\/redplex-2\/\" \/>\n<meta property=\"og:site_name\" content=\"V\u00e9torino\" \/>\n<meta property=\"article:publisher\" content=\"https:\/\/www.facebook.com\/Vetorino\/\" \/>\n<meta property=\"article:modified_time\" content=\"2025-02-18T15:39:22+00:00\" \/>\n<meta property=\"og:image\" content=\"https:\/\/www.vetorino.com\/boutique\/wp-content\/uploads\/2020\/06\/redplex.png\" \/>\n\t<meta property=\"og:image:width\" content=\"500\" \/>\n\t<meta property=\"og:image:height\" content=\"500\" \/>\n\t<meta property=\"og:image:type\" content=\"image\/png\" \/>\n<meta name=\"twitter:card\" content=\"summary_large_image\" \/>\n<meta name=\"twitter:label1\" content=\"Disponibilit\u00e9\" \/>\n\t<meta name=\"twitter:data1\" content=\"En stock\" \/>\n<script type=\"application\/ld+json\" class=\"yoast-schema-graph\">{\"@context\":\"https:\\\/\\\/schema.org\",\"@graph\":[{\"@type\":\"WebPage\",\"@id\":\"https:\\\/\\\/www.vetorino.com\\\/boutique\\\/product\\\/redplex-2\\\/\",\"url\":\"https:\\\/\\\/www.vetorino.com\\\/boutique\\\/product\\\/redplex-2\\\/\",\"name\":\"Redplex + Audevard - V\u00e9torino\",\"isPartOf\":{\"@id\":\"https:\\\/\\\/www.vetorino.com\\\/boutique\\\/#website\"},\"primaryImageOfPage\":{\"@id\":\"https:\\\/\\\/www.vetorino.com\\\/boutique\\\/product\\\/redplex-2\\\/#primaryimage\"},\"image\":{\"@id\":\"https:\\\/\\\/www.vetorino.com\\\/boutique\\\/product\\\/redplex-2\\\/#primaryimage\"},\"thumbnailUrl\":\"https:\\\/\\\/www.vetorino.com\\\/boutique\\\/wp-content\\\/uploads\\\/2020\\\/06\\\/redplex.png\",\"datePublished\":\"2021-05-04T16:45:05+00:00\",\"dateModified\":\"2025-02-18T15:39:22+00:00\",\"description\":\"REDPLEX + est un aliment con\u00e7u pour apporter aux chevaux un soutien nutritionnel adapt\u00e9 aux chevaux \u00e0 l'entra\u00eenement et en comp\u00e9tition, ainsi qu'aux chevaux ayant des baisses de performance. La formule concentr\u00e9e de REDPLEX + est id\u00e9ale pour soutenir ponctuellement le cheval. Pour un soutien tout au long de l'ann\u00e9e BONUTRON (Sport Pro, Galop, ou Endurance) sera plus adapt\u00e9. Utilisation : Cheval athl\u00e8te \u00e0 l\u2019entra\u00eenement et en comp\u00e9tition.\",\"breadcrumb\":{\"@id\":\"https:\\\/\\\/www.vetorino.com\\\/boutique\\\/product\\\/redplex-2\\\/#breadcrumb\"},\"inLanguage\":\"fr-FR\",\"potentialAction\":[{\"@type\":\"ReadAction\",\"target\":[\"https:\\\/\\\/www.vetorino.com\\\/boutique\\\/product\\\/redplex-2\\\/\"]}]},{\"@type\":\"ImageObject\",\"inLanguage\":\"fr-FR\",\"@id\":\"https:\\\/\\\/www.vetorino.com\\\/boutique\\\/product\\\/redplex-2\\\/#primaryimage\",\"url\":\"https:\\\/\\\/www.vetorino.com\\\/boutique\\\/wp-content\\\/uploads\\\/2020\\\/06\\\/redplex.png\",\"contentUrl\":\"https:\\\/\\\/www.vetorino.com\\\/boutique\\\/wp-content\\\/uploads\\\/2020\\\/06\\\/redplex.png\",\"width\":500,\"height\":500},{\"@type\":\"BreadcrumbList\",\"@id\":\"https:\\\/\\\/www.vetorino.com\\\/boutique\\\/product\\\/redplex-2\\\/#breadcrumb\",\"itemListElement\":[{\"@type\":\"ListItem\",\"position\":1,\"name\":\"Accueil\",\"item\":\"https:\\\/\\\/www.vetorino.com\\\/boutique\\\/\"},{\"@type\":\"ListItem\",\"position\":2,\"name\":\"Produits\",\"item\":\"https:\\\/\\\/www.vetorino.com\\\/boutique\\\/\"},{\"@type\":\"ListItem\",\"position\":3,\"name\":\"Redplex +\"}]},{\"@type\":\"WebSite\",\"@id\":\"https:\\\/\\\/www.vetorino.com\\\/boutique\\\/#website\",\"url\":\"https:\\\/\\\/www.vetorino.com\\\/boutique\\\/\",\"name\":\"V\u00e9torino\",\"description\":\"\",\"publisher\":{\"@id\":\"https:\\\/\\\/www.vetorino.com\\\/boutique\\\/#organization\"},\"potentialAction\":[{\"@type\":\"SearchAction\",\"target\":{\"@type\":\"EntryPoint\",\"urlTemplate\":\"https:\\\/\\\/www.vetorino.com\\\/boutique\\\/?s={search_term_string}\"},\"query-input\":{\"@type\":\"PropertyValueSpecification\",\"valueRequired\":true,\"valueName\":\"search_term_string\"}}],\"inLanguage\":\"fr-FR\"},{\"@type\":\"Organization\",\"@id\":\"https:\\\/\\\/www.vetorino.com\\\/boutique\\\/#organization\",\"name\":\"V\u00e9torino\",\"url\":\"https:\\\/\\\/www.vetorino.com\\\/boutique\\\/\",\"logo\":{\"@type\":\"ImageObject\",\"inLanguage\":\"fr-FR\",\"@id\":\"https:\\\/\\\/www.vetorino.com\\\/boutique\\\/#\\\/schema\\\/logo\\\/image\\\/\",\"url\":\"https:\\\/\\\/www.vetorino.com\\\/boutique\\\/wp-content\\\/uploads\\\/2024\\\/10\\\/logo.jpg\",\"contentUrl\":\"https:\\\/\\\/www.vetorino.com\\\/boutique\\\/wp-content\\\/uploads\\\/2024\\\/10\\\/logo.jpg\",\"width\":1200,\"height\":610,\"caption\":\"V\u00e9torino\"},\"image\":{\"@id\":\"https:\\\/\\\/www.vetorino.com\\\/boutique\\\/#\\\/schema\\\/logo\\\/image\\\/\"},\"sameAs\":[\"https:\\\/\\\/www.facebook.com\\\/Vetorino\\\/\",\"https:\\\/\\\/www.instagram.com\\\/vetorino_off\\\/\",\"https:\\\/\\\/www.linkedin.com\\\/company\\\/vtorino\\\/\"]}]}<\/script>\n<meta property=\"product:brand\" content=\"Audevard\" \/>\n<meta property=\"og:availability\" content=\"instock\" \/>\n<meta property=\"product:availability\" content=\"instock\" \/>\n<meta property=\"product:condition\" content=\"new\" \/>\n<!-- \/ Yoast SEO plugin. -->","yoast_head_json":{"title":"Redplex + Audevard - V\u00e9torino","description":"REDPLEX + est un aliment con\u00e7u pour apporter aux chevaux un soutien nutritionnel adapt\u00e9 aux chevaux \u00e0 l'entra\u00eenement et en comp\u00e9tition, ainsi qu'aux chevaux ayant des baisses de performance.  La formule concentr\u00e9e de REDPLEX + est id\u00e9ale pour soutenir ponctuellement le cheval. Pour un soutien tout au long de l'ann\u00e9e BONUTRON (Sport Pro, Galop, ou Endurance) sera plus adapt\u00e9.  Utilisation :   Cheval athl\u00e8te \u00e0 l\u2019entra\u00eenement et en comp\u00e9tition.","robots":{"index":"noindex","follow":"nofollow"},"og_locale":"fr_FR","og_type":"article","og_title":"Redplex + Audevard - V\u00e9torino","og_description":"REDPLEX + est un aliment con\u00e7u pour apporter aux chevaux un soutien nutritionnel adapt\u00e9 aux chevaux \u00e0 l'entra\u00eenement et en comp\u00e9tition, ainsi qu'aux chevaux ayant des baisses de performance.  La formule concentr\u00e9e de REDPLEX + est id\u00e9ale pour soutenir ponctuellement le cheval. Pour un soutien tout au long de l'ann\u00e9e BONUTRON (Sport Pro, Galop, ou Endurance) sera plus adapt\u00e9.  Utilisation :   Cheval athl\u00e8te \u00e0 l\u2019entra\u00eenement et en comp\u00e9tition.","og_url":"https:\/\/www.vetorino.com\/veterinaire\/plouzevede-29440\/boutique\/product\/redplex-2\/","og_site_name":"V\u00e9torino","article_publisher":"https:\/\/www.facebook.com\/Vetorino\/","article_modified_time":"2025-02-18T15:39:22+00:00","og_image":[{"width":500,"height":500,"url":"https:\/\/www.vetorino.com\/boutique\/wp-content\/uploads\/2020\/06\/redplex.png","type":"image\/png"}],"twitter_card":"summary_large_image","twitter_misc":{"Disponibilit\u00e9":"En stock"},"schema":{"@context":"https:\/\/schema.org","@graph":[{"@type":"WebPage","@id":"https:\/\/www.vetorino.com\/boutique\/product\/redplex-2\/","url":"https:\/\/www.vetorino.com\/boutique\/product\/redplex-2\/","name":"Redplex + Audevard - V\u00e9torino","isPartOf":{"@id":"https:\/\/www.vetorino.com\/boutique\/#website"},"primaryImageOfPage":{"@id":"https:\/\/www.vetorino.com\/boutique\/product\/redplex-2\/#primaryimage"},"image":{"@id":"https:\/\/www.vetorino.com\/boutique\/product\/redplex-2\/#primaryimage"},"thumbnailUrl":"https:\/\/www.vetorino.com\/boutique\/wp-content\/uploads\/2020\/06\/redplex.png","datePublished":"2021-05-04T16:45:05+00:00","dateModified":"2025-02-18T15:39:22+00:00","description":"REDPLEX + est un aliment con\u00e7u pour apporter aux chevaux un soutien nutritionnel adapt\u00e9 aux chevaux \u00e0 l'entra\u00eenement et en comp\u00e9tition, ainsi qu'aux chevaux ayant des baisses de performance. La formule concentr\u00e9e de REDPLEX + est id\u00e9ale pour soutenir ponctuellement le cheval. Pour un soutien tout au long de l'ann\u00e9e BONUTRON (Sport Pro, Galop, ou Endurance) sera plus adapt\u00e9. Utilisation : Cheval athl\u00e8te \u00e0 l\u2019entra\u00eenement et en comp\u00e9tition.","breadcrumb":{"@id":"https:\/\/www.vetorino.com\/boutique\/product\/redplex-2\/#breadcrumb"},"inLanguage":"fr-FR","potentialAction":[{"@type":"ReadAction","target":["https:\/\/www.vetorino.com\/boutique\/product\/redplex-2\/"]}]},{"@type":"ImageObject","inLanguage":"fr-FR","@id":"https:\/\/www.vetorino.com\/boutique\/product\/redplex-2\/#primaryimage","url":"https:\/\/www.vetorino.com\/boutique\/wp-content\/uploads\/2020\/06\/redplex.png","contentUrl":"https:\/\/www.vetorino.com\/boutique\/wp-content\/uploads\/2020\/06\/redplex.png","width":500,"height":500},{"@type":"BreadcrumbList","@id":"https:\/\/www.vetorino.com\/boutique\/product\/redplex-2\/#breadcrumb","itemListElement":[{"@type":"ListItem","position":1,"name":"Accueil","item":"https:\/\/www.vetorino.com\/boutique\/"},{"@type":"ListItem","position":2,"name":"Produits","item":"https:\/\/www.vetorino.com\/boutique\/"},{"@type":"ListItem","position":3,"name":"Redplex +"}]},{"@type":"WebSite","@id":"https:\/\/www.vetorino.com\/boutique\/#website","url":"https:\/\/www.vetorino.com\/boutique\/","name":"V\u00e9torino","description":"","publisher":{"@id":"https:\/\/www.vetorino.com\/boutique\/#organization"},"potentialAction":[{"@type":"SearchAction","target":{"@type":"EntryPoint","urlTemplate":"https:\/\/www.vetorino.com\/boutique\/?s={search_term_string}"},"query-input":{"@type":"PropertyValueSpecification","valueRequired":true,"valueName":"search_term_string"}}],"inLanguage":"fr-FR"},{"@type":"Organization","@id":"https:\/\/www.vetorino.com\/boutique\/#organization","name":"V\u00e9torino","url":"https:\/\/www.vetorino.com\/boutique\/","logo":{"@type":"ImageObject","inLanguage":"fr-FR","@id":"https:\/\/www.vetorino.com\/boutique\/#\/schema\/logo\/image\/","url":"https:\/\/www.vetorino.com\/boutique\/wp-content\/uploads\/2024\/10\/logo.jpg","contentUrl":"https:\/\/www.vetorino.com\/boutique\/wp-content\/uploads\/2024\/10\/logo.jpg","width":1200,"height":610,"caption":"V\u00e9torino"},"image":{"@id":"https:\/\/www.vetorino.com\/boutique\/#\/schema\/logo\/image\/"},"sameAs":["https:\/\/www.facebook.com\/Vetorino\/","https:\/\/www.instagram.com\/vetorino_off\/","https:\/\/www.linkedin.com\/company\/vtorino\/"]}]},"product_brand":"Audevard","og_availability":"instock","product_availability":"instock","product_condition":"new"},"_links":{"self":[{"href":"https:\/\/www.vetorino.com\/veterinaire\/plouzevede-29440\/boutique\/wp-json\/wp\/v2\/product\/177230","targetHints":{"allow":["GET"]}}],"collection":[{"href":"https:\/\/www.vetorino.com\/veterinaire\/plouzevede-29440\/boutique\/wp-json\/wp\/v2\/product"}],"about":[{"href":"https:\/\/www.vetorino.com\/veterinaire\/plouzevede-29440\/boutique\/wp-json\/wp\/v2\/types\/product"}],"wp:featuredmedia":[{"embeddable":true,"href":"https:\/\/www.vetorino.com\/veterinaire\/plouzevede-29440\/boutique\/wp-json\/wp\/v2\/media\/188955"}],"wp:attachment":[{"href":"https:\/\/www.vetorino.com\/veterinaire\/plouzevede-29440\/boutique\/wp-json\/wp\/v2\/media?parent=177230"}],"wp:term":[{"taxonomy":"product_cat","embeddable":true,"href":"https:\/\/www.vetorino.com\/veterinaire\/plouzevede-29440\/boutique\/wp-json\/wp\/v2\/product_cat?post=177230"},{"taxonomy":"product_tag","embeddable":true,"href":"https:\/\/www.vetorino.com\/veterinaire\/plouzevede-29440\/boutique\/wp-json\/wp\/v2\/product_tag?post=177230"}],"curies":[{"name":"wp","href":"https:\/\/api.w.org\/{rel}","templated":true}]}}