{"id":177252,"date":"2021-05-04T18:45:31","date_gmt":"2021-05-04T16:45:31","guid":{"rendered":"https:\/\/www.vetorino.com\/boutique\/product\/antiphlogistine\/"},"modified":"2024-05-10T15:25:42","modified_gmt":"2024-05-10T13:25:42","slug":"antiphlogistine","status":"publish","type":"product","link":"https:\/\/www.vetorino.com\/veterinaire\/plouzevede-29440\/boutique\/product\/antiphlogistine\/","title":{"rendered":"Antiphlogistine"},"content":{"rendered":"<p>L&#8217;<strong>Antiphlogistine<\/strong> <strong>Cheval<\/strong> de Horse Master est un cataplasme \u00e9mollient et adoucissant \u00e0 appliquer \u00e0 chaud, destin\u00e9 \u00e0 apaiser les membres surmen\u00e9s du cheval athl\u00e8te.<\/p>\n<p>Ce cataplasme peut \u00e9galement \u00eatre utilis\u00e9 pour son effet maturatif.<\/p>\n<h3><strong><br \/>\n<\/strong>Propri\u00e9t\u00e9s<\/h3>\n<p>La formule d&#8217;<strong>Antiphlogistine<\/strong> <strong>Cheval<\/strong> contient :<br \/>\n&#8211; du kaolin, reconnu pour ses propri\u00e9t\u00e9s astringentes et absorbantes,<br \/>\n&#8211; de la menthe poivr\u00e9e qui permet de soulager les douleurs musculo-tendineuses,<br \/>\n&#8211; de l\u2019eucalyptus, reconnu pour ses propri\u00e9t\u00e9s d\u00e9congestionnantes.<\/p>\n<h3><strong><br \/>\n<\/strong>Mode d\u2019emploi<\/h3>\n<p>1 &#8211; Retirer le couvercle et faire chauffer le cataplasme au bain marie ou micro-ondes.<br \/>\n2 &#8211; Apr\u00e8s chauffage, brasser la p\u00e2te pour obtenir une temp\u00e9rature homog\u00e8ne. Bien v\u00e9rifier la temp\u00e9rature de la p\u00e2te avant application sur la peau, afin de ne pas risquer de br\u00fbler le cheval.<br \/>\n3 &#8211; Bien remuer et appliquer une couche \u00e9paisse du produit chaud.<br \/>\n4 &#8211; Recouvrir de papier journal et d\u2019une flanelle puis entourer d\u2019une bande de repos.<br \/>\n5 &#8211; Laisser en place 12 \u00e0 24 heures.<br \/>\n6 &#8211; Rincer abondamment.<br \/>\n7 &#8211; Renouveler l\u2019application si n\u00e9cessaire.<\/p>\n<h3><\/h3>\n","protected":false},"excerpt":{"rendered":"<p>L&#8217;<strong>Antiphlogistine<\/strong> <strong>Cheval<\/strong> de Horse Master est un cataplasme \u00e9mollient et adoucissant \u00e0 appliquer \u00e0 chaud, destin\u00e9 \u00e0 apaiser les membres surmen\u00e9s du cheval athl\u00e8te.<\/p>\n<p>Ce cataplasme peut \u00e9galement \u00eatre utilis\u00e9 pour son effet maturatif.<\/p>\n<h3><\/h3>\n","protected":false},"featured_media":918189,"template":"","meta":[],"product_cat":[12547],"product_tag":[],"class_list":{"0":"post-177252","1":"product","2":"type-product","3":"status-publish","4":"has-post-thumbnail","6":"product_cat-cheval","7":"pa_marque-pommier-nutrition-ex-fed","9":"first","10":"instock","11":"taxable","12":"shipping-taxable","13":"purchasable","14":"product-type-variable"},"yoast_head":"<!-- This site is optimized with the Yoast SEO plugin v27.3 - https:\/\/yoast.com\/product\/yoast-seo-wordpress\/ -->\n<title>Antiphlogistine Pommier Nutrition Ex - V\u00e9torino<\/title>\n<meta name=\"description\" content=\"L&#039;Antiphlogistine Cheval de Horse Master est un cataplasme \u00e9mollient et adoucissant \u00e0 appliquer \u00e0 chaud, destin\u00e9 \u00e0 apaiser les membres surmen\u00e9s du cheval athl\u00e8te.  Ce cataplasme peut \u00e9galement \u00eatre utilis\u00e9 pour son effet maturatif.\" \/>\n<meta name=\"robots\" content=\"noindex, nofollow\" \/>\n<meta property=\"og:locale\" content=\"fr_FR\" \/>\n<meta property=\"og:type\" content=\"article\" \/>\n<meta property=\"og:title\" content=\"Antiphlogistine Pommier Nutrition Ex - V\u00e9torino\" \/>\n<meta property=\"og:description\" content=\"L&#039;Antiphlogistine Cheval de Horse Master est un cataplasme \u00e9mollient et adoucissant \u00e0 appliquer \u00e0 chaud, destin\u00e9 \u00e0 apaiser les membres surmen\u00e9s du cheval athl\u00e8te.  Ce cataplasme peut \u00e9galement \u00eatre utilis\u00e9 pour son effet maturatif.\" \/>\n<meta property=\"og:url\" content=\"https:\/\/www.vetorino.com\/veterinaire\/plouzevede-29440\/boutique\/product\/antiphlogistine\/\" \/>\n<meta property=\"og:site_name\" content=\"V\u00e9torino\" \/>\n<meta property=\"article:publisher\" content=\"https:\/\/www.facebook.com\/Vetorino\/\" \/>\n<meta property=\"article:modified_time\" content=\"2024-05-10T13:25:42+00:00\" \/>\n<meta property=\"og:image\" content=\"https:\/\/www.vetorino.com\/boutique\/wp-content\/uploads\/2022\/07\/antiphlogistine-cheval-horse-master.webp\" \/>\n\t<meta property=\"og:image:width\" content=\"800\" \/>\n\t<meta property=\"og:image:height\" content=\"800\" \/>\n\t<meta property=\"og:image:type\" content=\"image\/webp\" \/>\n<meta name=\"twitter:card\" content=\"summary_large_image\" \/>\n<meta name=\"twitter:label1\" content=\"Disponibilit\u00e9\" \/>\n\t<meta name=\"twitter:data1\" content=\"En stock\" \/>\n<script type=\"application\/ld+json\" class=\"yoast-schema-graph\">{\"@context\":\"https:\\\/\\\/schema.org\",\"@graph\":[{\"@type\":\"WebPage\",\"@id\":\"https:\\\/\\\/www.vetorino.com\\\/boutique\\\/product\\\/antiphlogistine\\\/\",\"url\":\"https:\\\/\\\/www.vetorino.com\\\/boutique\\\/product\\\/antiphlogistine\\\/\",\"name\":\"Antiphlogistine Pommier Nutrition Ex - V\u00e9torino\",\"isPartOf\":{\"@id\":\"https:\\\/\\\/www.vetorino.com\\\/boutique\\\/#website\"},\"primaryImageOfPage\":{\"@id\":\"https:\\\/\\\/www.vetorino.com\\\/boutique\\\/product\\\/antiphlogistine\\\/#primaryimage\"},\"image\":{\"@id\":\"https:\\\/\\\/www.vetorino.com\\\/boutique\\\/product\\\/antiphlogistine\\\/#primaryimage\"},\"thumbnailUrl\":\"https:\\\/\\\/www.vetorino.com\\\/boutique\\\/wp-content\\\/uploads\\\/2022\\\/07\\\/antiphlogistine-cheval-horse-master.webp\",\"datePublished\":\"2021-05-04T16:45:31+00:00\",\"dateModified\":\"2024-05-10T13:25:42+00:00\",\"description\":\"L'Antiphlogistine Cheval de Horse Master est un cataplasme \u00e9mollient et adoucissant \u00e0 appliquer \u00e0 chaud, destin\u00e9 \u00e0 apaiser les membres surmen\u00e9s du cheval athl\u00e8te. Ce cataplasme peut \u00e9galement \u00eatre utilis\u00e9 pour son effet maturatif.\",\"breadcrumb\":{\"@id\":\"https:\\\/\\\/www.vetorino.com\\\/boutique\\\/product\\\/antiphlogistine\\\/#breadcrumb\"},\"inLanguage\":\"fr-FR\",\"potentialAction\":[{\"@type\":\"ReadAction\",\"target\":[\"https:\\\/\\\/www.vetorino.com\\\/boutique\\\/product\\\/antiphlogistine\\\/\"]}]},{\"@type\":\"ImageObject\",\"inLanguage\":\"fr-FR\",\"@id\":\"https:\\\/\\\/www.vetorino.com\\\/boutique\\\/product\\\/antiphlogistine\\\/#primaryimage\",\"url\":\"https:\\\/\\\/www.vetorino.com\\\/boutique\\\/wp-content\\\/uploads\\\/2022\\\/07\\\/antiphlogistine-cheval-horse-master.webp\",\"contentUrl\":\"https:\\\/\\\/www.vetorino.com\\\/boutique\\\/wp-content\\\/uploads\\\/2022\\\/07\\\/antiphlogistine-cheval-horse-master.webp\",\"width\":800,\"height\":800},{\"@type\":\"BreadcrumbList\",\"@id\":\"https:\\\/\\\/www.vetorino.com\\\/boutique\\\/product\\\/antiphlogistine\\\/#breadcrumb\",\"itemListElement\":[{\"@type\":\"ListItem\",\"position\":1,\"name\":\"Accueil\",\"item\":\"https:\\\/\\\/www.vetorino.com\\\/boutique\\\/\"},{\"@type\":\"ListItem\",\"position\":2,\"name\":\"Produits\",\"item\":\"https:\\\/\\\/www.vetorino.com\\\/boutique\\\/\"},{\"@type\":\"ListItem\",\"position\":3,\"name\":\"Antiphlogistine\"}]},{\"@type\":\"WebSite\",\"@id\":\"https:\\\/\\\/www.vetorino.com\\\/boutique\\\/#website\",\"url\":\"https:\\\/\\\/www.vetorino.com\\\/boutique\\\/\",\"name\":\"V\u00e9torino\",\"description\":\"\",\"publisher\":{\"@id\":\"https:\\\/\\\/www.vetorino.com\\\/boutique\\\/#organization\"},\"potentialAction\":[{\"@type\":\"SearchAction\",\"target\":{\"@type\":\"EntryPoint\",\"urlTemplate\":\"https:\\\/\\\/www.vetorino.com\\\/boutique\\\/?s={search_term_string}\"},\"query-input\":{\"@type\":\"PropertyValueSpecification\",\"valueRequired\":true,\"valueName\":\"search_term_string\"}}],\"inLanguage\":\"fr-FR\"},{\"@type\":\"Organization\",\"@id\":\"https:\\\/\\\/www.vetorino.com\\\/boutique\\\/#organization\",\"name\":\"V\u00e9torino\",\"url\":\"https:\\\/\\\/www.vetorino.com\\\/boutique\\\/\",\"logo\":{\"@type\":\"ImageObject\",\"inLanguage\":\"fr-FR\",\"@id\":\"https:\\\/\\\/www.vetorino.com\\\/boutique\\\/#\\\/schema\\\/logo\\\/image\\\/\",\"url\":\"https:\\\/\\\/www.vetorino.com\\\/boutique\\\/wp-content\\\/uploads\\\/2024\\\/10\\\/logo.jpg\",\"contentUrl\":\"https:\\\/\\\/www.vetorino.com\\\/boutique\\\/wp-content\\\/uploads\\\/2024\\\/10\\\/logo.jpg\",\"width\":1200,\"height\":610,\"caption\":\"V\u00e9torino\"},\"image\":{\"@id\":\"https:\\\/\\\/www.vetorino.com\\\/boutique\\\/#\\\/schema\\\/logo\\\/image\\\/\"},\"sameAs\":[\"https:\\\/\\\/www.facebook.com\\\/Vetorino\\\/\",\"https:\\\/\\\/www.instagram.com\\\/vetorino_off\\\/\",\"https:\\\/\\\/www.linkedin.com\\\/company\\\/vtorino\\\/\"]}]}<\/script>\n<meta property=\"product:brand\" content=\"Pommier Nutrition Ex\" \/>\n<meta property=\"og:availability\" content=\"instock\" \/>\n<meta property=\"product:availability\" content=\"instock\" \/>\n<meta property=\"product:condition\" content=\"new\" \/>\n<!-- \/ Yoast SEO plugin. -->","yoast_head_json":{"title":"Antiphlogistine Pommier Nutrition Ex - V\u00e9torino","description":"L'Antiphlogistine Cheval de Horse Master est un cataplasme \u00e9mollient et adoucissant \u00e0 appliquer \u00e0 chaud, destin\u00e9 \u00e0 apaiser les membres surmen\u00e9s du cheval athl\u00e8te.  Ce cataplasme peut \u00e9galement \u00eatre utilis\u00e9 pour son effet maturatif.","robots":{"index":"noindex","follow":"nofollow"},"og_locale":"fr_FR","og_type":"article","og_title":"Antiphlogistine Pommier Nutrition Ex - V\u00e9torino","og_description":"L'Antiphlogistine Cheval de Horse Master est un cataplasme \u00e9mollient et adoucissant \u00e0 appliquer \u00e0 chaud, destin\u00e9 \u00e0 apaiser les membres surmen\u00e9s du cheval athl\u00e8te.  Ce cataplasme peut \u00e9galement \u00eatre utilis\u00e9 pour son effet maturatif.","og_url":"https:\/\/www.vetorino.com\/veterinaire\/plouzevede-29440\/boutique\/product\/antiphlogistine\/","og_site_name":"V\u00e9torino","article_publisher":"https:\/\/www.facebook.com\/Vetorino\/","article_modified_time":"2024-05-10T13:25:42+00:00","og_image":[{"width":800,"height":800,"url":"https:\/\/www.vetorino.com\/boutique\/wp-content\/uploads\/2022\/07\/antiphlogistine-cheval-horse-master.webp","type":"image\/webp"}],"twitter_card":"summary_large_image","twitter_misc":{"Disponibilit\u00e9":"En stock"},"schema":{"@context":"https:\/\/schema.org","@graph":[{"@type":"WebPage","@id":"https:\/\/www.vetorino.com\/boutique\/product\/antiphlogistine\/","url":"https:\/\/www.vetorino.com\/boutique\/product\/antiphlogistine\/","name":"Antiphlogistine Pommier Nutrition Ex - V\u00e9torino","isPartOf":{"@id":"https:\/\/www.vetorino.com\/boutique\/#website"},"primaryImageOfPage":{"@id":"https:\/\/www.vetorino.com\/boutique\/product\/antiphlogistine\/#primaryimage"},"image":{"@id":"https:\/\/www.vetorino.com\/boutique\/product\/antiphlogistine\/#primaryimage"},"thumbnailUrl":"https:\/\/www.vetorino.com\/boutique\/wp-content\/uploads\/2022\/07\/antiphlogistine-cheval-horse-master.webp","datePublished":"2021-05-04T16:45:31+00:00","dateModified":"2024-05-10T13:25:42+00:00","description":"L'Antiphlogistine Cheval de Horse Master est un cataplasme \u00e9mollient et adoucissant \u00e0 appliquer \u00e0 chaud, destin\u00e9 \u00e0 apaiser les membres surmen\u00e9s du cheval athl\u00e8te. Ce cataplasme peut \u00e9galement \u00eatre utilis\u00e9 pour son effet maturatif.","breadcrumb":{"@id":"https:\/\/www.vetorino.com\/boutique\/product\/antiphlogistine\/#breadcrumb"},"inLanguage":"fr-FR","potentialAction":[{"@type":"ReadAction","target":["https:\/\/www.vetorino.com\/boutique\/product\/antiphlogistine\/"]}]},{"@type":"ImageObject","inLanguage":"fr-FR","@id":"https:\/\/www.vetorino.com\/boutique\/product\/antiphlogistine\/#primaryimage","url":"https:\/\/www.vetorino.com\/boutique\/wp-content\/uploads\/2022\/07\/antiphlogistine-cheval-horse-master.webp","contentUrl":"https:\/\/www.vetorino.com\/boutique\/wp-content\/uploads\/2022\/07\/antiphlogistine-cheval-horse-master.webp","width":800,"height":800},{"@type":"BreadcrumbList","@id":"https:\/\/www.vetorino.com\/boutique\/product\/antiphlogistine\/#breadcrumb","itemListElement":[{"@type":"ListItem","position":1,"name":"Accueil","item":"https:\/\/www.vetorino.com\/boutique\/"},{"@type":"ListItem","position":2,"name":"Produits","item":"https:\/\/www.vetorino.com\/boutique\/"},{"@type":"ListItem","position":3,"name":"Antiphlogistine"}]},{"@type":"WebSite","@id":"https:\/\/www.vetorino.com\/boutique\/#website","url":"https:\/\/www.vetorino.com\/boutique\/","name":"V\u00e9torino","description":"","publisher":{"@id":"https:\/\/www.vetorino.com\/boutique\/#organization"},"potentialAction":[{"@type":"SearchAction","target":{"@type":"EntryPoint","urlTemplate":"https:\/\/www.vetorino.com\/boutique\/?s={search_term_string}"},"query-input":{"@type":"PropertyValueSpecification","valueRequired":true,"valueName":"search_term_string"}}],"inLanguage":"fr-FR"},{"@type":"Organization","@id":"https:\/\/www.vetorino.com\/boutique\/#organization","name":"V\u00e9torino","url":"https:\/\/www.vetorino.com\/boutique\/","logo":{"@type":"ImageObject","inLanguage":"fr-FR","@id":"https:\/\/www.vetorino.com\/boutique\/#\/schema\/logo\/image\/","url":"https:\/\/www.vetorino.com\/boutique\/wp-content\/uploads\/2024\/10\/logo.jpg","contentUrl":"https:\/\/www.vetorino.com\/boutique\/wp-content\/uploads\/2024\/10\/logo.jpg","width":1200,"height":610,"caption":"V\u00e9torino"},"image":{"@id":"https:\/\/www.vetorino.com\/boutique\/#\/schema\/logo\/image\/"},"sameAs":["https:\/\/www.facebook.com\/Vetorino\/","https:\/\/www.instagram.com\/vetorino_off\/","https:\/\/www.linkedin.com\/company\/vtorino\/"]}]},"product_brand":"Pommier Nutrition Ex","og_availability":"instock","product_availability":"instock","product_condition":"new"},"_links":{"self":[{"href":"https:\/\/www.vetorino.com\/veterinaire\/plouzevede-29440\/boutique\/wp-json\/wp\/v2\/product\/177252","targetHints":{"allow":["GET"]}}],"collection":[{"href":"https:\/\/www.vetorino.com\/veterinaire\/plouzevede-29440\/boutique\/wp-json\/wp\/v2\/product"}],"about":[{"href":"https:\/\/www.vetorino.com\/veterinaire\/plouzevede-29440\/boutique\/wp-json\/wp\/v2\/types\/product"}],"wp:featuredmedia":[{"embeddable":true,"href":"https:\/\/www.vetorino.com\/veterinaire\/plouzevede-29440\/boutique\/wp-json\/wp\/v2\/media\/918189"}],"wp:attachment":[{"href":"https:\/\/www.vetorino.com\/veterinaire\/plouzevede-29440\/boutique\/wp-json\/wp\/v2\/media?parent=177252"}],"wp:term":[{"taxonomy":"product_cat","embeddable":true,"href":"https:\/\/www.vetorino.com\/veterinaire\/plouzevede-29440\/boutique\/wp-json\/wp\/v2\/product_cat?post=177252"},{"taxonomy":"product_tag","embeddable":true,"href":"https:\/\/www.vetorino.com\/veterinaire\/plouzevede-29440\/boutique\/wp-json\/wp\/v2\/product_tag?post=177252"}],"curies":[{"name":"wp","href":"https:\/\/api.w.org\/{rel}","templated":true}]}}