{"id":177317,"date":"2021-05-04T18:47:13","date_gmt":"2021-05-04T16:47:13","guid":{"rendered":"https:\/\/www.vetorino.com\/boutique\/product\/traumagreen-cheval-2\/"},"modified":"2023-10-18T11:12:52","modified_gmt":"2023-10-18T09:12:52","slug":"traumagreen-cheval-2","status":"publish","type":"product","link":"https:\/\/www.vetorino.com\/veterinaire\/plouzevede-29440\/boutique\/product\/traumagreen-cheval-2\/","title":{"rendered":"Traumagreen Cheval"},"content":{"rendered":"<h2 class=\"title\" title=\"\">Conseils et Recommandations<\/h2>\n<p>Utiliser sur les zones articulaires, tendineuses et musculaires sensibles.<\/p>\n<p>Appliquer le gel \u00e0 rebrousse-poil, puis masser doucement la zone concern\u00e9e, jusqu\u2019\u00e0 p\u00e9n\u00e9tration compl\u00e8te du gel. Renouveler l\u2019application 2 \u00e0 3 fois par jour.<\/p>\n<p>Peut \u00eatre utilis\u00e9 avant ou apr\u00e8s l\u2019effort, en fonction de l\u2019objectif souhait\u00e9.<\/p>\n<p>Ne pas appliquer sur les muqueuses, sur une plaie ou une peau irrit\u00e9e. Ne pas appliquer sur les femelles en gestation ou en lactation, et sur les animaux de moins de 3 mois. Usage externe uniquement.<\/p>\n","protected":false},"excerpt":{"rendered":"<p>TRAUMAGREEN CHEVAL est un <strong>gel de massage<\/strong> destin\u00e9 aux <strong>chevaux<\/strong>, \u00e0 appliquer en cas de <strong>contusions<\/strong>. sans paraben : synergie d\u2019Hydrolat Bio, d\u2019Huiles Essentielles et d\u2019Extraits de plantes.<\/p>\n","protected":false},"featured_media":720667,"template":"","meta":[],"product_cat":[12547,13093,12754],"product_tag":[],"class_list":{"0":"post-177317","1":"product","2":"type-product","3":"status-publish","4":"has-post-thumbnail","6":"product_cat-cheval","7":"product_cat-soin-musculaire-du-cheval","8":"product_cat-soins-au-quotidien-du-cheval","9":"pa_marque-greenvet","11":"first","12":"instock","13":"taxable","14":"shipping-taxable","15":"purchasable","16":"product-type-simple"},"yoast_head":"<!-- This site is optimized with the Yoast SEO plugin v27.3 - https:\/\/yoast.com\/product\/yoast-seo-wordpress\/ -->\n<title>Traumagreen Cheval Greenvet - V\u00e9torino<\/title>\n<meta name=\"description\" content=\"TRAUMAGREEN CHEVAL est un gel de massage destin\u00e9 aux chevaux, \u00e0 appliquer en cas de contusions. sans paraben : synergie d\u2019Hydrolat Bio, d\u2019Huiles Essentielles et d\u2019Extraits de plantes.\" \/>\n<meta name=\"robots\" content=\"noindex, nofollow\" \/>\n<meta property=\"og:locale\" content=\"fr_FR\" \/>\n<meta property=\"og:type\" content=\"article\" \/>\n<meta property=\"og:title\" content=\"Traumagreen Cheval Greenvet - V\u00e9torino\" \/>\n<meta property=\"og:description\" content=\"TRAUMAGREEN CHEVAL est un gel de massage destin\u00e9 aux chevaux, \u00e0 appliquer en cas de contusions. sans paraben : synergie d\u2019Hydrolat Bio, d\u2019Huiles Essentielles et d\u2019Extraits de plantes.\" \/>\n<meta property=\"og:url\" content=\"https:\/\/www.vetorino.com\/veterinaire\/plouzevede-29440\/boutique\/product\/traumagreen-cheval-2\/\" \/>\n<meta property=\"og:site_name\" content=\"V\u00e9torino\" \/>\n<meta property=\"article:publisher\" content=\"https:\/\/www.facebook.com\/Vetorino\/\" \/>\n<meta property=\"article:modified_time\" content=\"2023-10-18T09:12:52+00:00\" \/>\n<meta property=\"og:image\" content=\"https:\/\/www.vetorino.com\/boutique\/wp-content\/uploads\/2021\/05\/GREEV-1846770-1.jpg\" \/>\n\t<meta property=\"og:image:width\" content=\"1999\" \/>\n\t<meta property=\"og:image:height\" content=\"1500\" \/>\n\t<meta property=\"og:image:type\" content=\"image\/jpeg\" \/>\n<meta name=\"twitter:card\" content=\"summary_large_image\" \/>\n<meta name=\"twitter:label1\" content=\"Prix\" \/>\n\t<meta name=\"twitter:data1\" content=\"48,26&euro;\" \/>\n\t<meta name=\"twitter:label2\" content=\"Disponibilit\u00e9\" \/>\n\t<meta name=\"twitter:data2\" content=\"En stock\" \/>\n<script type=\"application\/ld+json\" class=\"yoast-schema-graph\">{\"@context\":\"https:\\\/\\\/schema.org\",\"@graph\":[{\"@type\":\"WebPage\",\"@id\":\"https:\\\/\\\/www.vetorino.com\\\/boutique\\\/product\\\/traumagreen-cheval-2\\\/\",\"url\":\"https:\\\/\\\/www.vetorino.com\\\/boutique\\\/product\\\/traumagreen-cheval-2\\\/\",\"name\":\"Traumagreen Cheval Greenvet - V\u00e9torino\",\"isPartOf\":{\"@id\":\"https:\\\/\\\/www.vetorino.com\\\/boutique\\\/#website\"},\"primaryImageOfPage\":{\"@id\":\"https:\\\/\\\/www.vetorino.com\\\/boutique\\\/product\\\/traumagreen-cheval-2\\\/#primaryimage\"},\"image\":{\"@id\":\"https:\\\/\\\/www.vetorino.com\\\/boutique\\\/product\\\/traumagreen-cheval-2\\\/#primaryimage\"},\"thumbnailUrl\":\"https:\\\/\\\/www.vetorino.com\\\/boutique\\\/wp-content\\\/uploads\\\/2021\\\/05\\\/GREEV-1846770-1.jpg\",\"datePublished\":\"2021-05-04T16:47:13+00:00\",\"dateModified\":\"2023-10-18T09:12:52+00:00\",\"description\":\"TRAUMAGREEN CHEVAL est un gel de massage destin\u00e9 aux chevaux, \u00e0 appliquer en cas de contusions. sans paraben : synergie d\u2019Hydrolat Bio, d\u2019Huiles Essentielles et d\u2019Extraits de plantes.\",\"breadcrumb\":{\"@id\":\"https:\\\/\\\/www.vetorino.com\\\/boutique\\\/product\\\/traumagreen-cheval-2\\\/#breadcrumb\"},\"inLanguage\":\"fr-FR\",\"potentialAction\":[{\"@type\":\"ReadAction\",\"target\":[\"https:\\\/\\\/www.vetorino.com\\\/boutique\\\/product\\\/traumagreen-cheval-2\\\/\"]}]},{\"@type\":\"ImageObject\",\"inLanguage\":\"fr-FR\",\"@id\":\"https:\\\/\\\/www.vetorino.com\\\/boutique\\\/product\\\/traumagreen-cheval-2\\\/#primaryimage\",\"url\":\"https:\\\/\\\/www.vetorino.com\\\/boutique\\\/wp-content\\\/uploads\\\/2021\\\/05\\\/GREEV-1846770-1.jpg\",\"contentUrl\":\"https:\\\/\\\/www.vetorino.com\\\/boutique\\\/wp-content\\\/uploads\\\/2021\\\/05\\\/GREEV-1846770-1.jpg\",\"width\":1999,\"height\":1500},{\"@type\":\"BreadcrumbList\",\"@id\":\"https:\\\/\\\/www.vetorino.com\\\/boutique\\\/product\\\/traumagreen-cheval-2\\\/#breadcrumb\",\"itemListElement\":[{\"@type\":\"ListItem\",\"position\":1,\"name\":\"Accueil\",\"item\":\"https:\\\/\\\/www.vetorino.com\\\/boutique\\\/\"},{\"@type\":\"ListItem\",\"position\":2,\"name\":\"Produits\",\"item\":\"https:\\\/\\\/www.vetorino.com\\\/boutique\\\/\"},{\"@type\":\"ListItem\",\"position\":3,\"name\":\"Traumagreen Cheval\"}]},{\"@type\":\"WebSite\",\"@id\":\"https:\\\/\\\/www.vetorino.com\\\/boutique\\\/#website\",\"url\":\"https:\\\/\\\/www.vetorino.com\\\/boutique\\\/\",\"name\":\"V\u00e9torino\",\"description\":\"\",\"publisher\":{\"@id\":\"https:\\\/\\\/www.vetorino.com\\\/boutique\\\/#organization\"},\"potentialAction\":[{\"@type\":\"SearchAction\",\"target\":{\"@type\":\"EntryPoint\",\"urlTemplate\":\"https:\\\/\\\/www.vetorino.com\\\/boutique\\\/?s={search_term_string}\"},\"query-input\":{\"@type\":\"PropertyValueSpecification\",\"valueRequired\":true,\"valueName\":\"search_term_string\"}}],\"inLanguage\":\"fr-FR\"},{\"@type\":\"Organization\",\"@id\":\"https:\\\/\\\/www.vetorino.com\\\/boutique\\\/#organization\",\"name\":\"V\u00e9torino\",\"url\":\"https:\\\/\\\/www.vetorino.com\\\/boutique\\\/\",\"logo\":{\"@type\":\"ImageObject\",\"inLanguage\":\"fr-FR\",\"@id\":\"https:\\\/\\\/www.vetorino.com\\\/boutique\\\/#\\\/schema\\\/logo\\\/image\\\/\",\"url\":\"https:\\\/\\\/www.vetorino.com\\\/boutique\\\/wp-content\\\/uploads\\\/2024\\\/10\\\/logo.jpg\",\"contentUrl\":\"https:\\\/\\\/www.vetorino.com\\\/boutique\\\/wp-content\\\/uploads\\\/2024\\\/10\\\/logo.jpg\",\"width\":1200,\"height\":610,\"caption\":\"V\u00e9torino\"},\"image\":{\"@id\":\"https:\\\/\\\/www.vetorino.com\\\/boutique\\\/#\\\/schema\\\/logo\\\/image\\\/\"},\"sameAs\":[\"https:\\\/\\\/www.facebook.com\\\/Vetorino\\\/\",\"https:\\\/\\\/www.instagram.com\\\/vetorino_off\\\/\",\"https:\\\/\\\/www.linkedin.com\\\/company\\\/vtorino\\\/\"]}]}<\/script>\n<meta property=\"product:brand\" content=\"Greenvet\" \/>\n<meta property=\"product:price:amount\" content=\"48.26\" \/>\n<meta property=\"product:price:currency\" content=\"EUR\" \/>\n<meta property=\"og:availability\" content=\"instock\" \/>\n<meta property=\"product:availability\" content=\"instock\" \/>\n<meta property=\"product:retailer_item_id\" content=\"A-1846770\" \/>\n<meta property=\"product:condition\" content=\"new\" \/>\n<!-- \/ Yoast SEO plugin. -->","yoast_head_json":{"title":"Traumagreen Cheval Greenvet - V\u00e9torino","description":"TRAUMAGREEN CHEVAL est un gel de massage destin\u00e9 aux chevaux, \u00e0 appliquer en cas de contusions. sans paraben : synergie d\u2019Hydrolat Bio, d\u2019Huiles Essentielles et d\u2019Extraits de plantes.","robots":{"index":"noindex","follow":"nofollow"},"og_locale":"fr_FR","og_type":"article","og_title":"Traumagreen Cheval Greenvet - V\u00e9torino","og_description":"TRAUMAGREEN CHEVAL est un gel de massage destin\u00e9 aux chevaux, \u00e0 appliquer en cas de contusions. sans paraben : synergie d\u2019Hydrolat Bio, d\u2019Huiles Essentielles et d\u2019Extraits de plantes.","og_url":"https:\/\/www.vetorino.com\/veterinaire\/plouzevede-29440\/boutique\/product\/traumagreen-cheval-2\/","og_site_name":"V\u00e9torino","article_publisher":"https:\/\/www.facebook.com\/Vetorino\/","article_modified_time":"2023-10-18T09:12:52+00:00","og_image":[{"width":1999,"height":1500,"url":"https:\/\/www.vetorino.com\/boutique\/wp-content\/uploads\/2021\/05\/GREEV-1846770-1.jpg","type":"image\/jpeg"}],"twitter_card":"summary_large_image","twitter_misc":{"Prix":"48,26&euro;","Disponibilit\u00e9":"En stock"},"schema":{"@context":"https:\/\/schema.org","@graph":[{"@type":"WebPage","@id":"https:\/\/www.vetorino.com\/boutique\/product\/traumagreen-cheval-2\/","url":"https:\/\/www.vetorino.com\/boutique\/product\/traumagreen-cheval-2\/","name":"Traumagreen Cheval Greenvet - V\u00e9torino","isPartOf":{"@id":"https:\/\/www.vetorino.com\/boutique\/#website"},"primaryImageOfPage":{"@id":"https:\/\/www.vetorino.com\/boutique\/product\/traumagreen-cheval-2\/#primaryimage"},"image":{"@id":"https:\/\/www.vetorino.com\/boutique\/product\/traumagreen-cheval-2\/#primaryimage"},"thumbnailUrl":"https:\/\/www.vetorino.com\/boutique\/wp-content\/uploads\/2021\/05\/GREEV-1846770-1.jpg","datePublished":"2021-05-04T16:47:13+00:00","dateModified":"2023-10-18T09:12:52+00:00","description":"TRAUMAGREEN CHEVAL est un gel de massage destin\u00e9 aux chevaux, \u00e0 appliquer en cas de contusions. sans paraben : synergie d\u2019Hydrolat Bio, d\u2019Huiles Essentielles et d\u2019Extraits de plantes.","breadcrumb":{"@id":"https:\/\/www.vetorino.com\/boutique\/product\/traumagreen-cheval-2\/#breadcrumb"},"inLanguage":"fr-FR","potentialAction":[{"@type":"ReadAction","target":["https:\/\/www.vetorino.com\/boutique\/product\/traumagreen-cheval-2\/"]}]},{"@type":"ImageObject","inLanguage":"fr-FR","@id":"https:\/\/www.vetorino.com\/boutique\/product\/traumagreen-cheval-2\/#primaryimage","url":"https:\/\/www.vetorino.com\/boutique\/wp-content\/uploads\/2021\/05\/GREEV-1846770-1.jpg","contentUrl":"https:\/\/www.vetorino.com\/boutique\/wp-content\/uploads\/2021\/05\/GREEV-1846770-1.jpg","width":1999,"height":1500},{"@type":"BreadcrumbList","@id":"https:\/\/www.vetorino.com\/boutique\/product\/traumagreen-cheval-2\/#breadcrumb","itemListElement":[{"@type":"ListItem","position":1,"name":"Accueil","item":"https:\/\/www.vetorino.com\/boutique\/"},{"@type":"ListItem","position":2,"name":"Produits","item":"https:\/\/www.vetorino.com\/boutique\/"},{"@type":"ListItem","position":3,"name":"Traumagreen Cheval"}]},{"@type":"WebSite","@id":"https:\/\/www.vetorino.com\/boutique\/#website","url":"https:\/\/www.vetorino.com\/boutique\/","name":"V\u00e9torino","description":"","publisher":{"@id":"https:\/\/www.vetorino.com\/boutique\/#organization"},"potentialAction":[{"@type":"SearchAction","target":{"@type":"EntryPoint","urlTemplate":"https:\/\/www.vetorino.com\/boutique\/?s={search_term_string}"},"query-input":{"@type":"PropertyValueSpecification","valueRequired":true,"valueName":"search_term_string"}}],"inLanguage":"fr-FR"},{"@type":"Organization","@id":"https:\/\/www.vetorino.com\/boutique\/#organization","name":"V\u00e9torino","url":"https:\/\/www.vetorino.com\/boutique\/","logo":{"@type":"ImageObject","inLanguage":"fr-FR","@id":"https:\/\/www.vetorino.com\/boutique\/#\/schema\/logo\/image\/","url":"https:\/\/www.vetorino.com\/boutique\/wp-content\/uploads\/2024\/10\/logo.jpg","contentUrl":"https:\/\/www.vetorino.com\/boutique\/wp-content\/uploads\/2024\/10\/logo.jpg","width":1200,"height":610,"caption":"V\u00e9torino"},"image":{"@id":"https:\/\/www.vetorino.com\/boutique\/#\/schema\/logo\/image\/"},"sameAs":["https:\/\/www.facebook.com\/Vetorino\/","https:\/\/www.instagram.com\/vetorino_off\/","https:\/\/www.linkedin.com\/company\/vtorino\/"]}]},"product_brand":"Greenvet","product_price_amount":"48.26","product_price_currency":"EUR","og_availability":"instock","product_availability":"instock","product_retailer_item_id":"A-1846770","product_condition":"new"},"_links":{"self":[{"href":"https:\/\/www.vetorino.com\/veterinaire\/plouzevede-29440\/boutique\/wp-json\/wp\/v2\/product\/177317","targetHints":{"allow":["GET"]}}],"collection":[{"href":"https:\/\/www.vetorino.com\/veterinaire\/plouzevede-29440\/boutique\/wp-json\/wp\/v2\/product"}],"about":[{"href":"https:\/\/www.vetorino.com\/veterinaire\/plouzevede-29440\/boutique\/wp-json\/wp\/v2\/types\/product"}],"wp:featuredmedia":[{"embeddable":true,"href":"https:\/\/www.vetorino.com\/veterinaire\/plouzevede-29440\/boutique\/wp-json\/wp\/v2\/media\/720667"}],"wp:attachment":[{"href":"https:\/\/www.vetorino.com\/veterinaire\/plouzevede-29440\/boutique\/wp-json\/wp\/v2\/media?parent=177317"}],"wp:term":[{"taxonomy":"product_cat","embeddable":true,"href":"https:\/\/www.vetorino.com\/veterinaire\/plouzevede-29440\/boutique\/wp-json\/wp\/v2\/product_cat?post=177317"},{"taxonomy":"product_tag","embeddable":true,"href":"https:\/\/www.vetorino.com\/veterinaire\/plouzevede-29440\/boutique\/wp-json\/wp\/v2\/product_tag?post=177317"}],"curies":[{"name":"wp","href":"https:\/\/api.w.org\/{rel}","templated":true}]}}