{"id":177350,"date":"2021-05-04T18:52:43","date_gmt":"2021-05-04T16:52:43","guid":{"rendered":"https:\/\/www.vetorino.com\/boutique\/product\/tendilax-antiphlogistic-2\/"},"modified":"2025-02-19T12:35:11","modified_gmt":"2025-02-19T11:35:11","slug":"tendilax-antiphlogistic-2","status":"publish","type":"product","link":"https:\/\/www.vetorino.com\/veterinaire\/plouzevede-29440\/boutique\/product\/tendilax-antiphlogistic-2\/","title":{"rendered":"Tendilax Antiphlogistic"},"content":{"rendered":"<p><strong>Tendilax Antiphlogistic d&#8217;Audevard est une argile pour chevaux \u00e0 appliquer \u00e0 chaud, riche en kaolin et huile essentielle d&#8217;eucalyptus, destin\u00e9e \u00e0 apaiser les membres apr\u00e8s l&#8217;effort.<\/strong><\/p>\n<p>Cette argile pour chevaux est particuli\u00e8rement recommand\u00e9e:<\/p>\n<p>&#8211; R\u00e9cup\u00e9ration apr\u00e8s effort.<br \/>\n&#8211; Pour soulager douleur et contusions et diminuer l&#8217;inflammation locale, notamment lors de tendinite ou entorse.<br \/>\n&#8211; Pour diminuer l&#8217;engorgement.<br \/>\n&#8211; Pour faire m\u00fbrir un abc\u00e8s.<\/p>\n<p><strong>Comment utiliser Tendilax Antiphlogistic ?<\/strong><\/p>\n<p>&#8211; R\u00e9chauffer l&#8217;empl\u00e2tre au micro-onde ou au bain-marie.<br \/>\n&#8211; M\u00e9langer soigneusement.<br \/>\n&#8211; Tester la temp\u00e9rature avant application.<br \/>\n&#8211; Appliquer g\u00e9n\u00e9reusement l&#8217;empl\u00e2tre sur la zone concern\u00e9e.<br \/>\n&#8211; Recouvrir la zone de papier ou de film plastique, et maintenir l&#8217;ensemble avec une bande coh\u00e9sive.<\/p>\n<p><strong>Renouveler l&#8217;application 2 fois par jour pendant 3 \u00e0 8 jours. Ne pas appliquer sur une plaie. N&#8217;h\u00e9sitez pas \u00e0 demander conseil \u00e0 votre v\u00e9t\u00e9rinaire.<\/strong><\/p>\n","protected":false},"excerpt":{"rendered":"<p><strong>Tendilax Antiphlogistic d&#8217;Audevard est une argile pour chevaux \u00e0 appliquer \u00e0 chaud, riche en kaolin et huile essentielle d&#8217;eucalyptus, destin\u00e9e \u00e0 apaiser les membres apr\u00e8s l&#8217;effort.<\/strong><\/p>\n<p>Cette argile pour chevaux est particuli\u00e8rement recommand\u00e9e:<\/p>\n<p>&#8211; R\u00e9cup\u00e9ration apr\u00e8s effort.<br \/>\n&#8211; Pour soulager douleur et contusions et diminuer l&#8217;inflammation locale, notamment lors de tendinite ou entorse.<br \/>\n&#8211; Pour diminuer l&#8217;engorgement.<br \/>\n&#8211; Pour faire m\u00fbrir un abc\u00e8s.<\/p>\n","protected":false},"featured_media":1219549,"template":"","meta":[],"product_cat":[12547,13093,12754],"product_tag":[],"class_list":{"0":"post-177350","1":"product","2":"type-product","3":"status-publish","4":"has-post-thumbnail","6":"product_cat-cheval","7":"product_cat-soin-musculaire-du-cheval","8":"product_cat-soins-au-quotidien-du-cheval","9":"pa_marque-audevard","11":"first","12":"instock","13":"taxable","14":"shipping-taxable","15":"purchasable","16":"product-type-simple"},"yoast_head":"<!-- This site is optimized with the Yoast SEO plugin v27.3 - https:\/\/yoast.com\/product\/yoast-seo-wordpress\/ -->\n<title>Tendilax Antiphlogistic Audevard - V\u00e9torino<\/title>\n<meta name=\"description\" content=\"Tendilax Antiphlogistic d&#039;Audevard est une argile pour chevaux \u00e0 appliquer \u00e0 chaud, riche en kaolin et huile essentielle d&#039;eucalyptus, destin\u00e9e \u00e0 apaiser les membres apr\u00e8s l&#039;effort.  Cette argile pour chevaux est particuli\u00e8rement recommand\u00e9e:  - R\u00e9cup\u00e9ration apr\u00e8s effort. - Pour soulager douleur et contusions et diminuer l&#039;inflammation locale, notamment lors de tendinite ou entorse. - Pour diminuer l&#039;engorgement. - Pour faire m\u00fbrir un abc\u00e8s.\" \/>\n<meta name=\"robots\" content=\"noindex, nofollow\" \/>\n<meta property=\"og:locale\" content=\"fr_FR\" \/>\n<meta property=\"og:type\" content=\"article\" \/>\n<meta property=\"og:title\" content=\"Tendilax Antiphlogistic Audevard - V\u00e9torino\" \/>\n<meta property=\"og:description\" content=\"Tendilax Antiphlogistic d&#039;Audevard est une argile pour chevaux \u00e0 appliquer \u00e0 chaud, riche en kaolin et huile essentielle d&#039;eucalyptus, destin\u00e9e \u00e0 apaiser les membres apr\u00e8s l&#039;effort.  Cette argile pour chevaux est particuli\u00e8rement recommand\u00e9e:  - R\u00e9cup\u00e9ration apr\u00e8s effort. - Pour soulager douleur et contusions et diminuer l&#039;inflammation locale, notamment lors de tendinite ou entorse. - Pour diminuer l&#039;engorgement. - Pour faire m\u00fbrir un abc\u00e8s.\" \/>\n<meta property=\"og:url\" content=\"https:\/\/www.vetorino.com\/veterinaire\/plouzevede-29440\/boutique\/product\/tendilax-antiphlogistic-2\/\" \/>\n<meta property=\"og:site_name\" content=\"V\u00e9torino\" \/>\n<meta property=\"article:publisher\" content=\"https:\/\/www.facebook.com\/Vetorino\/\" \/>\n<meta property=\"article:modified_time\" content=\"2025-02-19T11:35:11+00:00\" \/>\n<meta property=\"og:image\" content=\"https:\/\/www.vetorino.com\/boutique\/wp-content\/uploads\/2021\/05\/tendilax-antiphlogistic.webp\" \/>\n\t<meta property=\"og:image:width\" content=\"800\" \/>\n\t<meta property=\"og:image:height\" content=\"800\" \/>\n\t<meta property=\"og:image:type\" content=\"image\/webp\" \/>\n<meta name=\"twitter:card\" content=\"summary_large_image\" \/>\n<meta name=\"twitter:label1\" content=\"Prix\" \/>\n\t<meta name=\"twitter:data1\" content=\"50,53&euro;\" \/>\n\t<meta name=\"twitter:label2\" content=\"Disponibilit\u00e9\" \/>\n\t<meta name=\"twitter:data2\" content=\"En stock\" \/>\n<script type=\"application\/ld+json\" class=\"yoast-schema-graph\">{\"@context\":\"https:\\\/\\\/schema.org\",\"@graph\":[{\"@type\":\"WebPage\",\"@id\":\"https:\\\/\\\/www.vetorino.com\\\/boutique\\\/product\\\/tendilax-antiphlogistic-2\\\/\",\"url\":\"https:\\\/\\\/www.vetorino.com\\\/boutique\\\/product\\\/tendilax-antiphlogistic-2\\\/\",\"name\":\"Tendilax Antiphlogistic Audevard - V\u00e9torino\",\"isPartOf\":{\"@id\":\"https:\\\/\\\/www.vetorino.com\\\/boutique\\\/#website\"},\"primaryImageOfPage\":{\"@id\":\"https:\\\/\\\/www.vetorino.com\\\/boutique\\\/product\\\/tendilax-antiphlogistic-2\\\/#primaryimage\"},\"image\":{\"@id\":\"https:\\\/\\\/www.vetorino.com\\\/boutique\\\/product\\\/tendilax-antiphlogistic-2\\\/#primaryimage\"},\"thumbnailUrl\":\"https:\\\/\\\/www.vetorino.com\\\/boutique\\\/wp-content\\\/uploads\\\/2021\\\/05\\\/tendilax-antiphlogistic.webp\",\"datePublished\":\"2021-05-04T16:52:43+00:00\",\"dateModified\":\"2025-02-19T11:35:11+00:00\",\"description\":\"Tendilax Antiphlogistic d'Audevard est une argile pour chevaux \u00e0 appliquer \u00e0 chaud, riche en kaolin et huile essentielle d'eucalyptus, destin\u00e9e \u00e0 apaiser les membres apr\u00e8s l'effort. Cette argile pour chevaux est particuli\u00e8rement recommand\u00e9e: - R\u00e9cup\u00e9ration apr\u00e8s effort. - Pour soulager douleur et contusions et diminuer l'inflammation locale, notamment lors de tendinite ou entorse. - Pour diminuer l'engorgement. - Pour faire m\u00fbrir un abc\u00e8s.\",\"breadcrumb\":{\"@id\":\"https:\\\/\\\/www.vetorino.com\\\/boutique\\\/product\\\/tendilax-antiphlogistic-2\\\/#breadcrumb\"},\"inLanguage\":\"fr-FR\",\"potentialAction\":[{\"@type\":\"ReadAction\",\"target\":[\"https:\\\/\\\/www.vetorino.com\\\/boutique\\\/product\\\/tendilax-antiphlogistic-2\\\/\"]}]},{\"@type\":\"ImageObject\",\"inLanguage\":\"fr-FR\",\"@id\":\"https:\\\/\\\/www.vetorino.com\\\/boutique\\\/product\\\/tendilax-antiphlogistic-2\\\/#primaryimage\",\"url\":\"https:\\\/\\\/www.vetorino.com\\\/boutique\\\/wp-content\\\/uploads\\\/2021\\\/05\\\/tendilax-antiphlogistic.webp\",\"contentUrl\":\"https:\\\/\\\/www.vetorino.com\\\/boutique\\\/wp-content\\\/uploads\\\/2021\\\/05\\\/tendilax-antiphlogistic.webp\",\"width\":800,\"height\":800},{\"@type\":\"BreadcrumbList\",\"@id\":\"https:\\\/\\\/www.vetorino.com\\\/boutique\\\/product\\\/tendilax-antiphlogistic-2\\\/#breadcrumb\",\"itemListElement\":[{\"@type\":\"ListItem\",\"position\":1,\"name\":\"Accueil\",\"item\":\"https:\\\/\\\/www.vetorino.com\\\/boutique\\\/\"},{\"@type\":\"ListItem\",\"position\":2,\"name\":\"Produits\",\"item\":\"https:\\\/\\\/www.vetorino.com\\\/boutique\\\/\"},{\"@type\":\"ListItem\",\"position\":3,\"name\":\"Tendilax Antiphlogistic\"}]},{\"@type\":\"WebSite\",\"@id\":\"https:\\\/\\\/www.vetorino.com\\\/boutique\\\/#website\",\"url\":\"https:\\\/\\\/www.vetorino.com\\\/boutique\\\/\",\"name\":\"V\u00e9torino\",\"description\":\"\",\"publisher\":{\"@id\":\"https:\\\/\\\/www.vetorino.com\\\/boutique\\\/#organization\"},\"potentialAction\":[{\"@type\":\"SearchAction\",\"target\":{\"@type\":\"EntryPoint\",\"urlTemplate\":\"https:\\\/\\\/www.vetorino.com\\\/boutique\\\/?s={search_term_string}\"},\"query-input\":{\"@type\":\"PropertyValueSpecification\",\"valueRequired\":true,\"valueName\":\"search_term_string\"}}],\"inLanguage\":\"fr-FR\"},{\"@type\":\"Organization\",\"@id\":\"https:\\\/\\\/www.vetorino.com\\\/boutique\\\/#organization\",\"name\":\"V\u00e9torino\",\"url\":\"https:\\\/\\\/www.vetorino.com\\\/boutique\\\/\",\"logo\":{\"@type\":\"ImageObject\",\"inLanguage\":\"fr-FR\",\"@id\":\"https:\\\/\\\/www.vetorino.com\\\/boutique\\\/#\\\/schema\\\/logo\\\/image\\\/\",\"url\":\"https:\\\/\\\/www.vetorino.com\\\/boutique\\\/wp-content\\\/uploads\\\/2024\\\/10\\\/logo.jpg\",\"contentUrl\":\"https:\\\/\\\/www.vetorino.com\\\/boutique\\\/wp-content\\\/uploads\\\/2024\\\/10\\\/logo.jpg\",\"width\":1200,\"height\":610,\"caption\":\"V\u00e9torino\"},\"image\":{\"@id\":\"https:\\\/\\\/www.vetorino.com\\\/boutique\\\/#\\\/schema\\\/logo\\\/image\\\/\"},\"sameAs\":[\"https:\\\/\\\/www.facebook.com\\\/Vetorino\\\/\",\"https:\\\/\\\/www.instagram.com\\\/vetorino_off\\\/\",\"https:\\\/\\\/www.linkedin.com\\\/company\\\/vtorino\\\/\"]}]}<\/script>\n<meta property=\"product:brand\" content=\"Audevard\" \/>\n<meta property=\"product:price:amount\" content=\"50.53\" \/>\n<meta property=\"product:price:currency\" content=\"EUR\" \/>\n<meta property=\"og:availability\" content=\"instock\" \/>\n<meta property=\"product:availability\" content=\"instock\" \/>\n<meta property=\"product:retailer_item_id\" content=\"A-8126108\" \/>\n<meta property=\"product:condition\" content=\"new\" \/>\n<!-- \/ Yoast SEO plugin. -->","yoast_head_json":{"title":"Tendilax Antiphlogistic Audevard - V\u00e9torino","description":"Tendilax Antiphlogistic d'Audevard est une argile pour chevaux \u00e0 appliquer \u00e0 chaud, riche en kaolin et huile essentielle d'eucalyptus, destin\u00e9e \u00e0 apaiser les membres apr\u00e8s l'effort.  Cette argile pour chevaux est particuli\u00e8rement recommand\u00e9e:  - R\u00e9cup\u00e9ration apr\u00e8s effort. - Pour soulager douleur et contusions et diminuer l'inflammation locale, notamment lors de tendinite ou entorse. - Pour diminuer l'engorgement. - Pour faire m\u00fbrir un abc\u00e8s.","robots":{"index":"noindex","follow":"nofollow"},"og_locale":"fr_FR","og_type":"article","og_title":"Tendilax Antiphlogistic Audevard - V\u00e9torino","og_description":"Tendilax Antiphlogistic d'Audevard est une argile pour chevaux \u00e0 appliquer \u00e0 chaud, riche en kaolin et huile essentielle d'eucalyptus, destin\u00e9e \u00e0 apaiser les membres apr\u00e8s l'effort.  Cette argile pour chevaux est particuli\u00e8rement recommand\u00e9e:  - R\u00e9cup\u00e9ration apr\u00e8s effort. - Pour soulager douleur et contusions et diminuer l'inflammation locale, notamment lors de tendinite ou entorse. - Pour diminuer l'engorgement. - Pour faire m\u00fbrir un abc\u00e8s.","og_url":"https:\/\/www.vetorino.com\/veterinaire\/plouzevede-29440\/boutique\/product\/tendilax-antiphlogistic-2\/","og_site_name":"V\u00e9torino","article_publisher":"https:\/\/www.facebook.com\/Vetorino\/","article_modified_time":"2025-02-19T11:35:11+00:00","og_image":[{"width":800,"height":800,"url":"https:\/\/www.vetorino.com\/boutique\/wp-content\/uploads\/2021\/05\/tendilax-antiphlogistic.webp","type":"image\/webp"}],"twitter_card":"summary_large_image","twitter_misc":{"Prix":"50,53&euro;","Disponibilit\u00e9":"En stock"},"schema":{"@context":"https:\/\/schema.org","@graph":[{"@type":"WebPage","@id":"https:\/\/www.vetorino.com\/boutique\/product\/tendilax-antiphlogistic-2\/","url":"https:\/\/www.vetorino.com\/boutique\/product\/tendilax-antiphlogistic-2\/","name":"Tendilax Antiphlogistic Audevard - V\u00e9torino","isPartOf":{"@id":"https:\/\/www.vetorino.com\/boutique\/#website"},"primaryImageOfPage":{"@id":"https:\/\/www.vetorino.com\/boutique\/product\/tendilax-antiphlogistic-2\/#primaryimage"},"image":{"@id":"https:\/\/www.vetorino.com\/boutique\/product\/tendilax-antiphlogistic-2\/#primaryimage"},"thumbnailUrl":"https:\/\/www.vetorino.com\/boutique\/wp-content\/uploads\/2021\/05\/tendilax-antiphlogistic.webp","datePublished":"2021-05-04T16:52:43+00:00","dateModified":"2025-02-19T11:35:11+00:00","description":"Tendilax Antiphlogistic d'Audevard est une argile pour chevaux \u00e0 appliquer \u00e0 chaud, riche en kaolin et huile essentielle d'eucalyptus, destin\u00e9e \u00e0 apaiser les membres apr\u00e8s l'effort. Cette argile pour chevaux est particuli\u00e8rement recommand\u00e9e: - R\u00e9cup\u00e9ration apr\u00e8s effort. - Pour soulager douleur et contusions et diminuer l'inflammation locale, notamment lors de tendinite ou entorse. - Pour diminuer l'engorgement. - Pour faire m\u00fbrir un abc\u00e8s.","breadcrumb":{"@id":"https:\/\/www.vetorino.com\/boutique\/product\/tendilax-antiphlogistic-2\/#breadcrumb"},"inLanguage":"fr-FR","potentialAction":[{"@type":"ReadAction","target":["https:\/\/www.vetorino.com\/boutique\/product\/tendilax-antiphlogistic-2\/"]}]},{"@type":"ImageObject","inLanguage":"fr-FR","@id":"https:\/\/www.vetorino.com\/boutique\/product\/tendilax-antiphlogistic-2\/#primaryimage","url":"https:\/\/www.vetorino.com\/boutique\/wp-content\/uploads\/2021\/05\/tendilax-antiphlogistic.webp","contentUrl":"https:\/\/www.vetorino.com\/boutique\/wp-content\/uploads\/2021\/05\/tendilax-antiphlogistic.webp","width":800,"height":800},{"@type":"BreadcrumbList","@id":"https:\/\/www.vetorino.com\/boutique\/product\/tendilax-antiphlogistic-2\/#breadcrumb","itemListElement":[{"@type":"ListItem","position":1,"name":"Accueil","item":"https:\/\/www.vetorino.com\/boutique\/"},{"@type":"ListItem","position":2,"name":"Produits","item":"https:\/\/www.vetorino.com\/boutique\/"},{"@type":"ListItem","position":3,"name":"Tendilax Antiphlogistic"}]},{"@type":"WebSite","@id":"https:\/\/www.vetorino.com\/boutique\/#website","url":"https:\/\/www.vetorino.com\/boutique\/","name":"V\u00e9torino","description":"","publisher":{"@id":"https:\/\/www.vetorino.com\/boutique\/#organization"},"potentialAction":[{"@type":"SearchAction","target":{"@type":"EntryPoint","urlTemplate":"https:\/\/www.vetorino.com\/boutique\/?s={search_term_string}"},"query-input":{"@type":"PropertyValueSpecification","valueRequired":true,"valueName":"search_term_string"}}],"inLanguage":"fr-FR"},{"@type":"Organization","@id":"https:\/\/www.vetorino.com\/boutique\/#organization","name":"V\u00e9torino","url":"https:\/\/www.vetorino.com\/boutique\/","logo":{"@type":"ImageObject","inLanguage":"fr-FR","@id":"https:\/\/www.vetorino.com\/boutique\/#\/schema\/logo\/image\/","url":"https:\/\/www.vetorino.com\/boutique\/wp-content\/uploads\/2024\/10\/logo.jpg","contentUrl":"https:\/\/www.vetorino.com\/boutique\/wp-content\/uploads\/2024\/10\/logo.jpg","width":1200,"height":610,"caption":"V\u00e9torino"},"image":{"@id":"https:\/\/www.vetorino.com\/boutique\/#\/schema\/logo\/image\/"},"sameAs":["https:\/\/www.facebook.com\/Vetorino\/","https:\/\/www.instagram.com\/vetorino_off\/","https:\/\/www.linkedin.com\/company\/vtorino\/"]}]},"product_brand":"Audevard","product_price_amount":"50.53","product_price_currency":"EUR","og_availability":"instock","product_availability":"instock","product_retailer_item_id":"A-8126108","product_condition":"new"},"_links":{"self":[{"href":"https:\/\/www.vetorino.com\/veterinaire\/plouzevede-29440\/boutique\/wp-json\/wp\/v2\/product\/177350","targetHints":{"allow":["GET"]}}],"collection":[{"href":"https:\/\/www.vetorino.com\/veterinaire\/plouzevede-29440\/boutique\/wp-json\/wp\/v2\/product"}],"about":[{"href":"https:\/\/www.vetorino.com\/veterinaire\/plouzevede-29440\/boutique\/wp-json\/wp\/v2\/types\/product"}],"wp:featuredmedia":[{"embeddable":true,"href":"https:\/\/www.vetorino.com\/veterinaire\/plouzevede-29440\/boutique\/wp-json\/wp\/v2\/media\/1219549"}],"wp:attachment":[{"href":"https:\/\/www.vetorino.com\/veterinaire\/plouzevede-29440\/boutique\/wp-json\/wp\/v2\/media?parent=177350"}],"wp:term":[{"taxonomy":"product_cat","embeddable":true,"href":"https:\/\/www.vetorino.com\/veterinaire\/plouzevede-29440\/boutique\/wp-json\/wp\/v2\/product_cat?post=177350"},{"taxonomy":"product_tag","embeddable":true,"href":"https:\/\/www.vetorino.com\/veterinaire\/plouzevede-29440\/boutique\/wp-json\/wp\/v2\/product_tag?post=177350"}],"curies":[{"name":"wp","href":"https:\/\/api.w.org\/{rel}","templated":true}]}}