{"id":180409,"date":"2021-05-11T12:10:10","date_gmt":"2021-05-11T10:10:10","guid":{"rendered":"https:\/\/www.vetorino.com\/boutique\/product\/povidum-solution-2\/"},"modified":"2025-02-19T12:03:18","modified_gmt":"2025-02-19T11:03:18","slug":"povidum-solution-2","status":"publish","type":"product","link":"https:\/\/www.vetorino.com\/veterinaire\/plouzevede-29440\/boutique\/product\/povidum-solution-2\/","title":{"rendered":"Povidum Solution"},"content":{"rendered":"<p><strong>Antiseptique et antifongique \u00e0 usage externe : Povidone solution spray iod\u00e9e \u00e0 10 % pour chevaux.<\/strong><br \/>\n&#8211; Neutre pour la peau et les muqueuses.<br \/>\n&#8211; Activit\u00e9 longue action, persistant m\u00eame en pr\u00e9sence de mati\u00e8re biologique.<br \/>\n&#8211; Spray pratique d&#8217;utilisation et \u00e9conomique.<br \/>\n&#8211; Marqueur d&#8217;efficacit\u00e9 (couleur brun-oranger).<br \/>\n&#8211; Se rince facilement (ne t\u00e2che pas les poils ni la peau).<\/p>\n","protected":false},"excerpt":{"rendered":"<p><strong>Antiseptique et antifongique \u00e0 usage externe : Povidone solution iod\u00e9e \u00e0 10 % pour chevaux.<\/strong><br \/>\n&#8211; Neutre pour la peau et les muqueuses.<br \/>\n&#8211; Activit\u00e9 longue action, persistant m\u00eame en pr\u00e9sence de mati\u00e8re biologique.<br \/>\n&#8211; Spray pratique d&#8217;utilisation et \u00e9conomique.<br \/>\n&#8211; Marqueur d&#8217;efficacit\u00e9 (couleur brun-oranger).<br \/>\n&#8211; Se rince facilement (ne t\u00e2che pas les poils ni la peau).<\/p>\n","protected":false},"featured_media":1219517,"template":"","meta":[],"product_cat":[12547,12754],"product_tag":[],"class_list":{"0":"post-180409","1":"product","2":"type-product","3":"status-publish","4":"has-post-thumbnail","6":"product_cat-cheval","7":"product_cat-soins-au-quotidien-du-cheval","8":"pa_marque-audevard","10":"first","11":"instock","12":"taxable","13":"shipping-taxable","14":"purchasable","15":"product-type-variable"},"yoast_head":"<!-- This site is optimized with the Yoast SEO plugin v27.3 - https:\/\/yoast.com\/product\/yoast-seo-wordpress\/ -->\n<title>Povidum Solution Audevard - V\u00e9torino<\/title>\n<meta name=\"description\" content=\"Antiseptique et antifongique \u00e0 usage externe : Povidone solution iod\u00e9e \u00e0 10 % pour chevaux. - Neutre pour la peau et les muqueuses. - Activit\u00e9 longue action, persistant m\u00eame en pr\u00e9sence de mati\u00e8re biologique. - Spray pratique d&#039;utilisation et \u00e9conomique. - Marqueur d&#039;efficacit\u00e9 (couleur brun-oranger). - Se rince facilement (ne t\u00e2che pas les poils ni la peau).\" \/>\n<meta name=\"robots\" content=\"noindex, nofollow\" \/>\n<meta property=\"og:locale\" content=\"fr_FR\" \/>\n<meta property=\"og:type\" content=\"article\" \/>\n<meta property=\"og:title\" content=\"Povidum Solution Audevard - V\u00e9torino\" \/>\n<meta property=\"og:description\" content=\"Antiseptique et antifongique \u00e0 usage externe : Povidone solution iod\u00e9e \u00e0 10 % pour chevaux. - Neutre pour la peau et les muqueuses. - Activit\u00e9 longue action, persistant m\u00eame en pr\u00e9sence de mati\u00e8re biologique. - Spray pratique d&#039;utilisation et \u00e9conomique. - Marqueur d&#039;efficacit\u00e9 (couleur brun-oranger). - Se rince facilement (ne t\u00e2che pas les poils ni la peau).\" \/>\n<meta property=\"og:url\" content=\"https:\/\/www.vetorino.com\/veterinaire\/plouzevede-29440\/boutique\/product\/povidum-solution-2\/\" \/>\n<meta property=\"og:site_name\" content=\"V\u00e9torino\" \/>\n<meta property=\"article:publisher\" content=\"https:\/\/www.facebook.com\/Vetorino\/\" \/>\n<meta property=\"article:modified_time\" content=\"2025-02-19T11:03:18+00:00\" \/>\n<meta property=\"og:image\" content=\"https:\/\/www.vetorino.com\/boutique\/wp-content\/uploads\/2021\/05\/povidum-solution.webp\" \/>\n\t<meta property=\"og:image:width\" content=\"800\" \/>\n\t<meta property=\"og:image:height\" content=\"800\" \/>\n\t<meta property=\"og:image:type\" content=\"image\/webp\" \/>\n<meta name=\"twitter:card\" content=\"summary_large_image\" \/>\n<meta name=\"twitter:label1\" content=\"Disponibilit\u00e9\" \/>\n\t<meta name=\"twitter:data1\" content=\"En stock\" \/>\n<script type=\"application\/ld+json\" class=\"yoast-schema-graph\">{\"@context\":\"https:\\\/\\\/schema.org\",\"@graph\":[{\"@type\":\"WebPage\",\"@id\":\"https:\\\/\\\/www.vetorino.com\\\/boutique\\\/product\\\/povidum-solution-2\\\/\",\"url\":\"https:\\\/\\\/www.vetorino.com\\\/boutique\\\/product\\\/povidum-solution-2\\\/\",\"name\":\"Povidum Solution Audevard - V\u00e9torino\",\"isPartOf\":{\"@id\":\"https:\\\/\\\/www.vetorino.com\\\/boutique\\\/#website\"},\"primaryImageOfPage\":{\"@id\":\"https:\\\/\\\/www.vetorino.com\\\/boutique\\\/product\\\/povidum-solution-2\\\/#primaryimage\"},\"image\":{\"@id\":\"https:\\\/\\\/www.vetorino.com\\\/boutique\\\/product\\\/povidum-solution-2\\\/#primaryimage\"},\"thumbnailUrl\":\"https:\\\/\\\/www.vetorino.com\\\/boutique\\\/wp-content\\\/uploads\\\/2021\\\/05\\\/povidum-solution.webp\",\"datePublished\":\"2021-05-11T10:10:10+00:00\",\"dateModified\":\"2025-02-19T11:03:18+00:00\",\"description\":\"Antiseptique et antifongique \u00e0 usage externe : Povidone solution iod\u00e9e \u00e0 10 % pour chevaux. - Neutre pour la peau et les muqueuses. - Activit\u00e9 longue action, persistant m\u00eame en pr\u00e9sence de mati\u00e8re biologique. - Spray pratique d'utilisation et \u00e9conomique. - Marqueur d'efficacit\u00e9 (couleur brun-oranger). - Se rince facilement (ne t\u00e2che pas les poils ni la peau).\",\"breadcrumb\":{\"@id\":\"https:\\\/\\\/www.vetorino.com\\\/boutique\\\/product\\\/povidum-solution-2\\\/#breadcrumb\"},\"inLanguage\":\"fr-FR\",\"potentialAction\":[{\"@type\":\"ReadAction\",\"target\":[\"https:\\\/\\\/www.vetorino.com\\\/boutique\\\/product\\\/povidum-solution-2\\\/\"]}]},{\"@type\":\"ImageObject\",\"inLanguage\":\"fr-FR\",\"@id\":\"https:\\\/\\\/www.vetorino.com\\\/boutique\\\/product\\\/povidum-solution-2\\\/#primaryimage\",\"url\":\"https:\\\/\\\/www.vetorino.com\\\/boutique\\\/wp-content\\\/uploads\\\/2021\\\/05\\\/povidum-solution.webp\",\"contentUrl\":\"https:\\\/\\\/www.vetorino.com\\\/boutique\\\/wp-content\\\/uploads\\\/2021\\\/05\\\/povidum-solution.webp\",\"width\":800,\"height\":800},{\"@type\":\"BreadcrumbList\",\"@id\":\"https:\\\/\\\/www.vetorino.com\\\/boutique\\\/product\\\/povidum-solution-2\\\/#breadcrumb\",\"itemListElement\":[{\"@type\":\"ListItem\",\"position\":1,\"name\":\"Accueil\",\"item\":\"https:\\\/\\\/www.vetorino.com\\\/boutique\\\/\"},{\"@type\":\"ListItem\",\"position\":2,\"name\":\"Produits\",\"item\":\"https:\\\/\\\/www.vetorino.com\\\/boutique\\\/\"},{\"@type\":\"ListItem\",\"position\":3,\"name\":\"Povidum Solution\"}]},{\"@type\":\"WebSite\",\"@id\":\"https:\\\/\\\/www.vetorino.com\\\/boutique\\\/#website\",\"url\":\"https:\\\/\\\/www.vetorino.com\\\/boutique\\\/\",\"name\":\"V\u00e9torino\",\"description\":\"\",\"publisher\":{\"@id\":\"https:\\\/\\\/www.vetorino.com\\\/boutique\\\/#organization\"},\"potentialAction\":[{\"@type\":\"SearchAction\",\"target\":{\"@type\":\"EntryPoint\",\"urlTemplate\":\"https:\\\/\\\/www.vetorino.com\\\/boutique\\\/?s={search_term_string}\"},\"query-input\":{\"@type\":\"PropertyValueSpecification\",\"valueRequired\":true,\"valueName\":\"search_term_string\"}}],\"inLanguage\":\"fr-FR\"},{\"@type\":\"Organization\",\"@id\":\"https:\\\/\\\/www.vetorino.com\\\/boutique\\\/#organization\",\"name\":\"V\u00e9torino\",\"url\":\"https:\\\/\\\/www.vetorino.com\\\/boutique\\\/\",\"logo\":{\"@type\":\"ImageObject\",\"inLanguage\":\"fr-FR\",\"@id\":\"https:\\\/\\\/www.vetorino.com\\\/boutique\\\/#\\\/schema\\\/logo\\\/image\\\/\",\"url\":\"https:\\\/\\\/www.vetorino.com\\\/boutique\\\/wp-content\\\/uploads\\\/2024\\\/10\\\/logo.jpg\",\"contentUrl\":\"https:\\\/\\\/www.vetorino.com\\\/boutique\\\/wp-content\\\/uploads\\\/2024\\\/10\\\/logo.jpg\",\"width\":1200,\"height\":610,\"caption\":\"V\u00e9torino\"},\"image\":{\"@id\":\"https:\\\/\\\/www.vetorino.com\\\/boutique\\\/#\\\/schema\\\/logo\\\/image\\\/\"},\"sameAs\":[\"https:\\\/\\\/www.facebook.com\\\/Vetorino\\\/\",\"https:\\\/\\\/www.instagram.com\\\/vetorino_off\\\/\",\"https:\\\/\\\/www.linkedin.com\\\/company\\\/vtorino\\\/\"]}]}<\/script>\n<meta property=\"product:brand\" content=\"Audevard\" \/>\n<meta property=\"og:availability\" content=\"instock\" \/>\n<meta property=\"product:availability\" content=\"instock\" \/>\n<meta property=\"product:condition\" content=\"new\" \/>\n<!-- \/ Yoast SEO plugin. -->","yoast_head_json":{"title":"Povidum Solution Audevard - V\u00e9torino","description":"Antiseptique et antifongique \u00e0 usage externe : Povidone solution iod\u00e9e \u00e0 10 % pour chevaux. - Neutre pour la peau et les muqueuses. - Activit\u00e9 longue action, persistant m\u00eame en pr\u00e9sence de mati\u00e8re biologique. - Spray pratique d'utilisation et \u00e9conomique. - Marqueur d'efficacit\u00e9 (couleur brun-oranger). - Se rince facilement (ne t\u00e2che pas les poils ni la peau).","robots":{"index":"noindex","follow":"nofollow"},"og_locale":"fr_FR","og_type":"article","og_title":"Povidum Solution Audevard - V\u00e9torino","og_description":"Antiseptique et antifongique \u00e0 usage externe : Povidone solution iod\u00e9e \u00e0 10 % pour chevaux. - Neutre pour la peau et les muqueuses. - Activit\u00e9 longue action, persistant m\u00eame en pr\u00e9sence de mati\u00e8re biologique. - Spray pratique d'utilisation et \u00e9conomique. - Marqueur d'efficacit\u00e9 (couleur brun-oranger). - Se rince facilement (ne t\u00e2che pas les poils ni la peau).","og_url":"https:\/\/www.vetorino.com\/veterinaire\/plouzevede-29440\/boutique\/product\/povidum-solution-2\/","og_site_name":"V\u00e9torino","article_publisher":"https:\/\/www.facebook.com\/Vetorino\/","article_modified_time":"2025-02-19T11:03:18+00:00","og_image":[{"width":800,"height":800,"url":"https:\/\/www.vetorino.com\/boutique\/wp-content\/uploads\/2021\/05\/povidum-solution.webp","type":"image\/webp"}],"twitter_card":"summary_large_image","twitter_misc":{"Disponibilit\u00e9":"En stock"},"schema":{"@context":"https:\/\/schema.org","@graph":[{"@type":"WebPage","@id":"https:\/\/www.vetorino.com\/boutique\/product\/povidum-solution-2\/","url":"https:\/\/www.vetorino.com\/boutique\/product\/povidum-solution-2\/","name":"Povidum Solution Audevard - V\u00e9torino","isPartOf":{"@id":"https:\/\/www.vetorino.com\/boutique\/#website"},"primaryImageOfPage":{"@id":"https:\/\/www.vetorino.com\/boutique\/product\/povidum-solution-2\/#primaryimage"},"image":{"@id":"https:\/\/www.vetorino.com\/boutique\/product\/povidum-solution-2\/#primaryimage"},"thumbnailUrl":"https:\/\/www.vetorino.com\/boutique\/wp-content\/uploads\/2021\/05\/povidum-solution.webp","datePublished":"2021-05-11T10:10:10+00:00","dateModified":"2025-02-19T11:03:18+00:00","description":"Antiseptique et antifongique \u00e0 usage externe : Povidone solution iod\u00e9e \u00e0 10 % pour chevaux. - Neutre pour la peau et les muqueuses. - Activit\u00e9 longue action, persistant m\u00eame en pr\u00e9sence de mati\u00e8re biologique. - Spray pratique d'utilisation et \u00e9conomique. - Marqueur d'efficacit\u00e9 (couleur brun-oranger). - Se rince facilement (ne t\u00e2che pas les poils ni la peau).","breadcrumb":{"@id":"https:\/\/www.vetorino.com\/boutique\/product\/povidum-solution-2\/#breadcrumb"},"inLanguage":"fr-FR","potentialAction":[{"@type":"ReadAction","target":["https:\/\/www.vetorino.com\/boutique\/product\/povidum-solution-2\/"]}]},{"@type":"ImageObject","inLanguage":"fr-FR","@id":"https:\/\/www.vetorino.com\/boutique\/product\/povidum-solution-2\/#primaryimage","url":"https:\/\/www.vetorino.com\/boutique\/wp-content\/uploads\/2021\/05\/povidum-solution.webp","contentUrl":"https:\/\/www.vetorino.com\/boutique\/wp-content\/uploads\/2021\/05\/povidum-solution.webp","width":800,"height":800},{"@type":"BreadcrumbList","@id":"https:\/\/www.vetorino.com\/boutique\/product\/povidum-solution-2\/#breadcrumb","itemListElement":[{"@type":"ListItem","position":1,"name":"Accueil","item":"https:\/\/www.vetorino.com\/boutique\/"},{"@type":"ListItem","position":2,"name":"Produits","item":"https:\/\/www.vetorino.com\/boutique\/"},{"@type":"ListItem","position":3,"name":"Povidum Solution"}]},{"@type":"WebSite","@id":"https:\/\/www.vetorino.com\/boutique\/#website","url":"https:\/\/www.vetorino.com\/boutique\/","name":"V\u00e9torino","description":"","publisher":{"@id":"https:\/\/www.vetorino.com\/boutique\/#organization"},"potentialAction":[{"@type":"SearchAction","target":{"@type":"EntryPoint","urlTemplate":"https:\/\/www.vetorino.com\/boutique\/?s={search_term_string}"},"query-input":{"@type":"PropertyValueSpecification","valueRequired":true,"valueName":"search_term_string"}}],"inLanguage":"fr-FR"},{"@type":"Organization","@id":"https:\/\/www.vetorino.com\/boutique\/#organization","name":"V\u00e9torino","url":"https:\/\/www.vetorino.com\/boutique\/","logo":{"@type":"ImageObject","inLanguage":"fr-FR","@id":"https:\/\/www.vetorino.com\/boutique\/#\/schema\/logo\/image\/","url":"https:\/\/www.vetorino.com\/boutique\/wp-content\/uploads\/2024\/10\/logo.jpg","contentUrl":"https:\/\/www.vetorino.com\/boutique\/wp-content\/uploads\/2024\/10\/logo.jpg","width":1200,"height":610,"caption":"V\u00e9torino"},"image":{"@id":"https:\/\/www.vetorino.com\/boutique\/#\/schema\/logo\/image\/"},"sameAs":["https:\/\/www.facebook.com\/Vetorino\/","https:\/\/www.instagram.com\/vetorino_off\/","https:\/\/www.linkedin.com\/company\/vtorino\/"]}]},"product_brand":"Audevard","og_availability":"instock","product_availability":"instock","product_condition":"new"},"_links":{"self":[{"href":"https:\/\/www.vetorino.com\/veterinaire\/plouzevede-29440\/boutique\/wp-json\/wp\/v2\/product\/180409","targetHints":{"allow":["GET"]}}],"collection":[{"href":"https:\/\/www.vetorino.com\/veterinaire\/plouzevede-29440\/boutique\/wp-json\/wp\/v2\/product"}],"about":[{"href":"https:\/\/www.vetorino.com\/veterinaire\/plouzevede-29440\/boutique\/wp-json\/wp\/v2\/types\/product"}],"wp:featuredmedia":[{"embeddable":true,"href":"https:\/\/www.vetorino.com\/veterinaire\/plouzevede-29440\/boutique\/wp-json\/wp\/v2\/media\/1219517"}],"wp:attachment":[{"href":"https:\/\/www.vetorino.com\/veterinaire\/plouzevede-29440\/boutique\/wp-json\/wp\/v2\/media?parent=180409"}],"wp:term":[{"taxonomy":"product_cat","embeddable":true,"href":"https:\/\/www.vetorino.com\/veterinaire\/plouzevede-29440\/boutique\/wp-json\/wp\/v2\/product_cat?post=180409"},{"taxonomy":"product_tag","embeddable":true,"href":"https:\/\/www.vetorino.com\/veterinaire\/plouzevede-29440\/boutique\/wp-json\/wp\/v2\/product_tag?post=180409"}],"curies":[{"name":"wp","href":"https:\/\/api.w.org\/{rel}","templated":true}]}}