{"id":180619,"date":"2021-05-11T17:22:34","date_gmt":"2021-05-11T15:22:34","guid":{"rendered":"https:\/\/www.vetorino.com\/boutique\/product\/cleanombyl-2\/"},"modified":"2025-07-30T11:53:31","modified_gmt":"2025-07-30T09:53:31","slug":"cleanombyl-2","status":"publish","type":"product","link":"https:\/\/www.vetorino.com\/veterinaire\/plouzevede-29440\/boutique\/product\/cleanombyl-2\/","title":{"rendered":"CleanOmbyl"},"content":{"rendered":"<p>Produit d&#8217;hygi\u00e8ne<strong> destin\u00e9 \u00e0 la d\u00e9sinfection du cordon ombilical<\/strong> chez les veaux, poulains, agneaux et chevreaux. Action<strong> ass\u00e9chante et protectrice.<\/strong><\/p>\n<p>Pour<strong> r\u00e9duire le risque de l\u00e9chage<\/strong> CleanOmbyl est compos\u00e9 de Bitrex au fort pouvoir am\u00e9risant et d\u2019huile essentielle de menthe poivr\u00e9e renfermant du menthol compos\u00e9 volatil puissamment odorif\u00e9rant.<\/p>\n","protected":false},"excerpt":{"rendered":"<p>Produit d&#8217;hygi\u00e8ne<strong> destin\u00e9 \u00e0 la d\u00e9sinfection du cordon ombilical<\/strong> chez les veaux, poulains, agneaux et chevreaux. Action<strong> ass\u00e9chante et protectrice.<\/strong><\/p>\n<p>Pour<strong> r\u00e9duire le risque de l\u00e9chage<\/strong> CleanOmbyl est compos\u00e9 de Bitrex au fort pouvoir am\u00e9risant et d\u2019huile essentielle de menthe poivr\u00e9e renfermant du menthol compos\u00e9 volatil puissamment odorif\u00e9rant.<\/p>\n","protected":false},"featured_media":1433859,"template":"","meta":[],"product_cat":[6864,6870,6871,12547,6873,12754],"product_tag":[],"class_list":{"0":"post-180619","1":"product","2":"type-product","3":"status-publish","4":"has-post-thumbnail","6":"product_cat-animaux-delevage","7":"product_cat-bovins","8":"product_cat-caprins","9":"product_cat-cheval","10":"product_cat-ovins","11":"product_cat-soins-au-quotidien-du-cheval","12":"pa_marque-savetis","14":"first","15":"instock","16":"taxable","17":"shipping-taxable","18":"purchasable","19":"product-type-simple"},"yoast_head":"<!-- This site is optimized with the Yoast SEO plugin v27.3 - https:\/\/yoast.com\/product\/yoast-seo-wordpress\/ -->\n<title>CleanOmbyl Savetis - V\u00e9torino<\/title>\n<meta name=\"description\" content=\"Produit d&#039;hygi\u00e8ne destin\u00e9 \u00e0 la d\u00e9sinfection du cordon ombilical chez les veaux, poulains, agneaux et chevreaux. Action ass\u00e9chante et protectrice.  Pour r\u00e9duire le risque de l\u00e9chage CleanOmbyl est compos\u00e9 de Bitrex au fort pouvoir am\u00e9risant et d\u2019huile essentielle de menthe poivr\u00e9e renfermant du menthol compos\u00e9 volatil puissamment odorif\u00e9rant.\" \/>\n<meta name=\"robots\" content=\"noindex, nofollow\" \/>\n<meta property=\"og:locale\" content=\"fr_FR\" \/>\n<meta property=\"og:type\" content=\"article\" \/>\n<meta property=\"og:title\" content=\"CleanOmbyl Savetis - V\u00e9torino\" \/>\n<meta property=\"og:description\" content=\"Produit d&#039;hygi\u00e8ne destin\u00e9 \u00e0 la d\u00e9sinfection du cordon ombilical chez les veaux, poulains, agneaux et chevreaux. Action ass\u00e9chante et protectrice.  Pour r\u00e9duire le risque de l\u00e9chage CleanOmbyl est compos\u00e9 de Bitrex au fort pouvoir am\u00e9risant et d\u2019huile essentielle de menthe poivr\u00e9e renfermant du menthol compos\u00e9 volatil puissamment odorif\u00e9rant.\" \/>\n<meta property=\"og:url\" content=\"https:\/\/www.vetorino.com\/veterinaire\/plouzevede-29440\/boutique\/product\/cleanombyl-2\/\" \/>\n<meta property=\"og:site_name\" content=\"V\u00e9torino\" \/>\n<meta property=\"article:publisher\" content=\"https:\/\/www.facebook.com\/Vetorino\/\" \/>\n<meta property=\"article:modified_time\" content=\"2025-07-30T09:53:31+00:00\" \/>\n<meta property=\"og:image\" content=\"https:\/\/www.vetorino.com\/boutique\/wp-content\/uploads\/2021\/05\/cleanombyl.jpg\" \/>\n\t<meta property=\"og:image:width\" content=\"1000\" \/>\n\t<meta property=\"og:image:height\" content=\"1000\" \/>\n\t<meta property=\"og:image:type\" content=\"image\/jpeg\" \/>\n<meta name=\"twitter:card\" content=\"summary_large_image\" \/>\n<meta name=\"twitter:label1\" content=\"Prix\" \/>\n\t<meta name=\"twitter:data1\" content=\"26,45&euro;\" \/>\n\t<meta name=\"twitter:label2\" content=\"Disponibilit\u00e9\" \/>\n\t<meta name=\"twitter:data2\" content=\"En stock\" \/>\n<script type=\"application\/ld+json\" class=\"yoast-schema-graph\">{\"@context\":\"https:\\\/\\\/schema.org\",\"@graph\":[{\"@type\":\"WebPage\",\"@id\":\"https:\\\/\\\/www.vetorino.com\\\/boutique\\\/product\\\/cleanombyl-2\\\/\",\"url\":\"https:\\\/\\\/www.vetorino.com\\\/boutique\\\/product\\\/cleanombyl-2\\\/\",\"name\":\"CleanOmbyl Savetis - V\u00e9torino\",\"isPartOf\":{\"@id\":\"https:\\\/\\\/www.vetorino.com\\\/boutique\\\/#website\"},\"primaryImageOfPage\":{\"@id\":\"https:\\\/\\\/www.vetorino.com\\\/boutique\\\/product\\\/cleanombyl-2\\\/#primaryimage\"},\"image\":{\"@id\":\"https:\\\/\\\/www.vetorino.com\\\/boutique\\\/product\\\/cleanombyl-2\\\/#primaryimage\"},\"thumbnailUrl\":\"https:\\\/\\\/www.vetorino.com\\\/boutique\\\/wp-content\\\/uploads\\\/2021\\\/05\\\/cleanombyl.jpg\",\"datePublished\":\"2021-05-11T15:22:34+00:00\",\"dateModified\":\"2025-07-30T09:53:31+00:00\",\"description\":\"Produit d'hygi\u00e8ne destin\u00e9 \u00e0 la d\u00e9sinfection du cordon ombilical chez les veaux, poulains, agneaux et chevreaux. Action ass\u00e9chante et protectrice. Pour r\u00e9duire le risque de l\u00e9chage CleanOmbyl est compos\u00e9 de Bitrex au fort pouvoir am\u00e9risant et d\u2019huile essentielle de menthe poivr\u00e9e renfermant du menthol compos\u00e9 volatil puissamment odorif\u00e9rant.\",\"breadcrumb\":{\"@id\":\"https:\\\/\\\/www.vetorino.com\\\/boutique\\\/product\\\/cleanombyl-2\\\/#breadcrumb\"},\"inLanguage\":\"fr-FR\",\"potentialAction\":[{\"@type\":\"ReadAction\",\"target\":[\"https:\\\/\\\/www.vetorino.com\\\/boutique\\\/product\\\/cleanombyl-2\\\/\"]}]},{\"@type\":\"ImageObject\",\"inLanguage\":\"fr-FR\",\"@id\":\"https:\\\/\\\/www.vetorino.com\\\/boutique\\\/product\\\/cleanombyl-2\\\/#primaryimage\",\"url\":\"https:\\\/\\\/www.vetorino.com\\\/boutique\\\/wp-content\\\/uploads\\\/2021\\\/05\\\/cleanombyl.jpg\",\"contentUrl\":\"https:\\\/\\\/www.vetorino.com\\\/boutique\\\/wp-content\\\/uploads\\\/2021\\\/05\\\/cleanombyl.jpg\",\"width\":1000,\"height\":1000},{\"@type\":\"BreadcrumbList\",\"@id\":\"https:\\\/\\\/www.vetorino.com\\\/boutique\\\/product\\\/cleanombyl-2\\\/#breadcrumb\",\"itemListElement\":[{\"@type\":\"ListItem\",\"position\":1,\"name\":\"Accueil\",\"item\":\"https:\\\/\\\/www.vetorino.com\\\/boutique\\\/\"},{\"@type\":\"ListItem\",\"position\":2,\"name\":\"Produits\",\"item\":\"https:\\\/\\\/www.vetorino.com\\\/boutique\\\/\"},{\"@type\":\"ListItem\",\"position\":3,\"name\":\"CleanOmbyl\"}]},{\"@type\":\"WebSite\",\"@id\":\"https:\\\/\\\/www.vetorino.com\\\/boutique\\\/#website\",\"url\":\"https:\\\/\\\/www.vetorino.com\\\/boutique\\\/\",\"name\":\"V\u00e9torino\",\"description\":\"\",\"publisher\":{\"@id\":\"https:\\\/\\\/www.vetorino.com\\\/boutique\\\/#organization\"},\"potentialAction\":[{\"@type\":\"SearchAction\",\"target\":{\"@type\":\"EntryPoint\",\"urlTemplate\":\"https:\\\/\\\/www.vetorino.com\\\/boutique\\\/?s={search_term_string}\"},\"query-input\":{\"@type\":\"PropertyValueSpecification\",\"valueRequired\":true,\"valueName\":\"search_term_string\"}}],\"inLanguage\":\"fr-FR\"},{\"@type\":\"Organization\",\"@id\":\"https:\\\/\\\/www.vetorino.com\\\/boutique\\\/#organization\",\"name\":\"V\u00e9torino\",\"url\":\"https:\\\/\\\/www.vetorino.com\\\/boutique\\\/\",\"logo\":{\"@type\":\"ImageObject\",\"inLanguage\":\"fr-FR\",\"@id\":\"https:\\\/\\\/www.vetorino.com\\\/boutique\\\/#\\\/schema\\\/logo\\\/image\\\/\",\"url\":\"https:\\\/\\\/www.vetorino.com\\\/boutique\\\/wp-content\\\/uploads\\\/2024\\\/10\\\/logo.jpg\",\"contentUrl\":\"https:\\\/\\\/www.vetorino.com\\\/boutique\\\/wp-content\\\/uploads\\\/2024\\\/10\\\/logo.jpg\",\"width\":1200,\"height\":610,\"caption\":\"V\u00e9torino\"},\"image\":{\"@id\":\"https:\\\/\\\/www.vetorino.com\\\/boutique\\\/#\\\/schema\\\/logo\\\/image\\\/\"},\"sameAs\":[\"https:\\\/\\\/www.facebook.com\\\/Vetorino\\\/\",\"https:\\\/\\\/www.instagram.com\\\/vetorino_off\\\/\",\"https:\\\/\\\/www.linkedin.com\\\/company\\\/vtorino\\\/\"]}]}<\/script>\n<meta property=\"product:brand\" content=\"Savetis\" \/>\n<meta property=\"product:price:amount\" content=\"26.45\" \/>\n<meta property=\"product:price:currency\" content=\"EUR\" \/>\n<meta property=\"og:availability\" content=\"instock\" \/>\n<meta property=\"product:availability\" content=\"instock\" \/>\n<meta property=\"product:retailer_item_id\" content=\"A-8128834\" \/>\n<meta property=\"product:condition\" content=\"new\" \/>\n<!-- \/ Yoast SEO plugin. -->","yoast_head_json":{"title":"CleanOmbyl Savetis - V\u00e9torino","description":"Produit d'hygi\u00e8ne destin\u00e9 \u00e0 la d\u00e9sinfection du cordon ombilical chez les veaux, poulains, agneaux et chevreaux. Action ass\u00e9chante et protectrice.  Pour r\u00e9duire le risque de l\u00e9chage CleanOmbyl est compos\u00e9 de Bitrex au fort pouvoir am\u00e9risant et d\u2019huile essentielle de menthe poivr\u00e9e renfermant du menthol compos\u00e9 volatil puissamment odorif\u00e9rant.","robots":{"index":"noindex","follow":"nofollow"},"og_locale":"fr_FR","og_type":"article","og_title":"CleanOmbyl Savetis - V\u00e9torino","og_description":"Produit d'hygi\u00e8ne destin\u00e9 \u00e0 la d\u00e9sinfection du cordon ombilical chez les veaux, poulains, agneaux et chevreaux. Action ass\u00e9chante et protectrice.  Pour r\u00e9duire le risque de l\u00e9chage CleanOmbyl est compos\u00e9 de Bitrex au fort pouvoir am\u00e9risant et d\u2019huile essentielle de menthe poivr\u00e9e renfermant du menthol compos\u00e9 volatil puissamment odorif\u00e9rant.","og_url":"https:\/\/www.vetorino.com\/veterinaire\/plouzevede-29440\/boutique\/product\/cleanombyl-2\/","og_site_name":"V\u00e9torino","article_publisher":"https:\/\/www.facebook.com\/Vetorino\/","article_modified_time":"2025-07-30T09:53:31+00:00","og_image":[{"width":1000,"height":1000,"url":"https:\/\/www.vetorino.com\/boutique\/wp-content\/uploads\/2021\/05\/cleanombyl.jpg","type":"image\/jpeg"}],"twitter_card":"summary_large_image","twitter_misc":{"Prix":"26,45&euro;","Disponibilit\u00e9":"En stock"},"schema":{"@context":"https:\/\/schema.org","@graph":[{"@type":"WebPage","@id":"https:\/\/www.vetorino.com\/boutique\/product\/cleanombyl-2\/","url":"https:\/\/www.vetorino.com\/boutique\/product\/cleanombyl-2\/","name":"CleanOmbyl Savetis - V\u00e9torino","isPartOf":{"@id":"https:\/\/www.vetorino.com\/boutique\/#website"},"primaryImageOfPage":{"@id":"https:\/\/www.vetorino.com\/boutique\/product\/cleanombyl-2\/#primaryimage"},"image":{"@id":"https:\/\/www.vetorino.com\/boutique\/product\/cleanombyl-2\/#primaryimage"},"thumbnailUrl":"https:\/\/www.vetorino.com\/boutique\/wp-content\/uploads\/2021\/05\/cleanombyl.jpg","datePublished":"2021-05-11T15:22:34+00:00","dateModified":"2025-07-30T09:53:31+00:00","description":"Produit d'hygi\u00e8ne destin\u00e9 \u00e0 la d\u00e9sinfection du cordon ombilical chez les veaux, poulains, agneaux et chevreaux. Action ass\u00e9chante et protectrice. Pour r\u00e9duire le risque de l\u00e9chage CleanOmbyl est compos\u00e9 de Bitrex au fort pouvoir am\u00e9risant et d\u2019huile essentielle de menthe poivr\u00e9e renfermant du menthol compos\u00e9 volatil puissamment odorif\u00e9rant.","breadcrumb":{"@id":"https:\/\/www.vetorino.com\/boutique\/product\/cleanombyl-2\/#breadcrumb"},"inLanguage":"fr-FR","potentialAction":[{"@type":"ReadAction","target":["https:\/\/www.vetorino.com\/boutique\/product\/cleanombyl-2\/"]}]},{"@type":"ImageObject","inLanguage":"fr-FR","@id":"https:\/\/www.vetorino.com\/boutique\/product\/cleanombyl-2\/#primaryimage","url":"https:\/\/www.vetorino.com\/boutique\/wp-content\/uploads\/2021\/05\/cleanombyl.jpg","contentUrl":"https:\/\/www.vetorino.com\/boutique\/wp-content\/uploads\/2021\/05\/cleanombyl.jpg","width":1000,"height":1000},{"@type":"BreadcrumbList","@id":"https:\/\/www.vetorino.com\/boutique\/product\/cleanombyl-2\/#breadcrumb","itemListElement":[{"@type":"ListItem","position":1,"name":"Accueil","item":"https:\/\/www.vetorino.com\/boutique\/"},{"@type":"ListItem","position":2,"name":"Produits","item":"https:\/\/www.vetorino.com\/boutique\/"},{"@type":"ListItem","position":3,"name":"CleanOmbyl"}]},{"@type":"WebSite","@id":"https:\/\/www.vetorino.com\/boutique\/#website","url":"https:\/\/www.vetorino.com\/boutique\/","name":"V\u00e9torino","description":"","publisher":{"@id":"https:\/\/www.vetorino.com\/boutique\/#organization"},"potentialAction":[{"@type":"SearchAction","target":{"@type":"EntryPoint","urlTemplate":"https:\/\/www.vetorino.com\/boutique\/?s={search_term_string}"},"query-input":{"@type":"PropertyValueSpecification","valueRequired":true,"valueName":"search_term_string"}}],"inLanguage":"fr-FR"},{"@type":"Organization","@id":"https:\/\/www.vetorino.com\/boutique\/#organization","name":"V\u00e9torino","url":"https:\/\/www.vetorino.com\/boutique\/","logo":{"@type":"ImageObject","inLanguage":"fr-FR","@id":"https:\/\/www.vetorino.com\/boutique\/#\/schema\/logo\/image\/","url":"https:\/\/www.vetorino.com\/boutique\/wp-content\/uploads\/2024\/10\/logo.jpg","contentUrl":"https:\/\/www.vetorino.com\/boutique\/wp-content\/uploads\/2024\/10\/logo.jpg","width":1200,"height":610,"caption":"V\u00e9torino"},"image":{"@id":"https:\/\/www.vetorino.com\/boutique\/#\/schema\/logo\/image\/"},"sameAs":["https:\/\/www.facebook.com\/Vetorino\/","https:\/\/www.instagram.com\/vetorino_off\/","https:\/\/www.linkedin.com\/company\/vtorino\/"]}]},"product_brand":"Savetis","product_price_amount":"26.45","product_price_currency":"EUR","og_availability":"instock","product_availability":"instock","product_retailer_item_id":"A-8128834","product_condition":"new"},"_links":{"self":[{"href":"https:\/\/www.vetorino.com\/veterinaire\/plouzevede-29440\/boutique\/wp-json\/wp\/v2\/product\/180619","targetHints":{"allow":["GET"]}}],"collection":[{"href":"https:\/\/www.vetorino.com\/veterinaire\/plouzevede-29440\/boutique\/wp-json\/wp\/v2\/product"}],"about":[{"href":"https:\/\/www.vetorino.com\/veterinaire\/plouzevede-29440\/boutique\/wp-json\/wp\/v2\/types\/product"}],"wp:featuredmedia":[{"embeddable":true,"href":"https:\/\/www.vetorino.com\/veterinaire\/plouzevede-29440\/boutique\/wp-json\/wp\/v2\/media\/1433859"}],"wp:attachment":[{"href":"https:\/\/www.vetorino.com\/veterinaire\/plouzevede-29440\/boutique\/wp-json\/wp\/v2\/media?parent=180619"}],"wp:term":[{"taxonomy":"product_cat","embeddable":true,"href":"https:\/\/www.vetorino.com\/veterinaire\/plouzevede-29440\/boutique\/wp-json\/wp\/v2\/product_cat?post=180619"},{"taxonomy":"product_tag","embeddable":true,"href":"https:\/\/www.vetorino.com\/veterinaire\/plouzevede-29440\/boutique\/wp-json\/wp\/v2\/product_tag?post=180619"}],"curies":[{"name":"wp","href":"https:\/\/api.w.org\/{rel}","templated":true}]}}