{"id":180941,"date":"2021-05-12T16:27:10","date_gmt":"2021-05-12T14:27:10","guid":{"rendered":"https:\/\/www.vetorino.com\/boutique\/product\/protege-dos-back-warmer-back-on-track-2\/"},"modified":"2024-07-12T11:45:47","modified_gmt":"2024-07-12T09:45:47","slug":"protege-dos-back-warmer-back-on-track-2","status":"publish","type":"product","link":"https:\/\/www.vetorino.com\/veterinaire\/plouzevede-29440\/boutique\/product\/protege-dos-back-warmer-back-on-track-2\/","title":{"rendered":"Protege dos Back Warmer"},"content":{"rendered":"<p>Le prot\u00e8ge dos chauffant Back Warmer de back on track recouvre\u00a0 toutes les parties importantes des muscles du dos, ceux de la r\u00e9gion lombaire et autour de la poitrine du cheval.<br \/>\nIl est utilis\u00e9 dans le but d&#8217;assouplir le dos ou si le cheval souffre d&#8217;un probl\u00e8me musculaire ou ligamentaire.<\/p>\n<p><strong>Utilisation<\/strong><\/p>\n<ul>\n<li>Appliquer la couverture chauffante avant et apr\u00e8s une comp\u00e9tition ou une s\u00e9ance d&#8217;exercices est une excellente mesure pr\u00e9ventive contre les blessures.<\/li>\n<li>La doublure comme le tissu externe sont faits de polypropyl\u00e8ne infus\u00e9 de c\u00e9ramique, avec un matelassage en polyester.<\/li>\n<li>Vous pouvez soit fixer le prot\u00e8ge dos \u00e0 la couverture gr\u00e2ce au velcro pr\u00e9vu soit le maintenir en place avec une sangle \u00e9lastique.<\/li>\n<li>La sangle n&#8217;est pas livr\u00e9e avec.<\/li>\n<\/ul>\n","protected":false},"excerpt":{"rendered":"<p><strong>Le prot\u00e8ge dos chauffant Back Warmer de Back On Track<\/strong> recouvre\u00a0 toutes les parties importantes des muscles du dos, ceux de la r\u00e9gion lombaire et autour de la poitrine du cheval.<br \/>\nIl est utilis\u00e9 dans le but d&#8217;assouplir le dos ou si le cheval souffre d&#8217;un probl\u00e8me musculaire ou ligamentaire.<\/p>\n","protected":false},"featured_media":180939,"template":"","meta":[],"product_cat":[12549,12547,13395,12760,12566,12754],"product_tag":[],"class_list":{"0":"post-180941","1":"product","2":"type-product","3":"status-publish","4":"has-post-thumbnail","6":"product_cat-accessoires-du-cheval","7":"product_cat-cheval","8":"product_cat-couverture-et-protection-du-cheval","9":"product_cat-materiel-et-equipement-du-cheval","10":"product_cat-performance-du-cheval","11":"product_cat-soins-au-quotidien-du-cheval","12":"pa_marque-back-on-track","14":"first","15":"outofstock","16":"taxable","17":"shipping-taxable","18":"product-type-variable"},"yoast_head":"<!-- This site is optimized with the Yoast SEO plugin v27.3 - https:\/\/yoast.com\/product\/yoast-seo-wordpress\/ -->\n<title>Protege dos Back Warmer Back on Track - V\u00e9torino<\/title>\n<meta name=\"description\" content=\"Le prot\u00e8ge dos chauffant Back Warmer de Back On Track recouvre\u00a0 toutes les parties importantes des muscles du dos, ceux de la r\u00e9gion lombaire et autour de la poitrine du cheval. Il est utilis\u00e9 dans le but d&#039;assouplir le dos ou si le cheval souffre d&#039;un probl\u00e8me musculaire ou ligamentaire.\" \/>\n<meta name=\"robots\" content=\"noindex, nofollow\" \/>\n<meta property=\"og:locale\" content=\"fr_FR\" \/>\n<meta property=\"og:type\" content=\"article\" \/>\n<meta property=\"og:title\" content=\"Protege dos Back Warmer Back on Track - V\u00e9torino\" \/>\n<meta property=\"og:description\" content=\"Le prot\u00e8ge dos chauffant Back Warmer de Back On Track recouvre\u00a0 toutes les parties importantes des muscles du dos, ceux de la r\u00e9gion lombaire et autour de la poitrine du cheval. Il est utilis\u00e9 dans le but d&#039;assouplir le dos ou si le cheval souffre d&#039;un probl\u00e8me musculaire ou ligamentaire.\" \/>\n<meta property=\"og:url\" content=\"https:\/\/www.vetorino.com\/veterinaire\/plouzevede-29440\/boutique\/product\/protege-dos-back-warmer-back-on-track-2\/\" \/>\n<meta property=\"og:site_name\" content=\"V\u00e9torino\" \/>\n<meta property=\"article:publisher\" content=\"https:\/\/www.facebook.com\/Vetorino\/\" \/>\n<meta property=\"article:modified_time\" content=\"2024-07-12T09:45:47+00:00\" \/>\n<meta property=\"og:image\" content=\"https:\/\/www.vetorino.com\/boutique\/wp-content\/uploads\/2021\/05\/8251463-2.jpg\" \/>\n\t<meta property=\"og:image:width\" content=\"255\" \/>\n\t<meta property=\"og:image:height\" content=\"255\" \/>\n\t<meta property=\"og:image:type\" content=\"image\/jpeg\" \/>\n<meta name=\"twitter:card\" content=\"summary_large_image\" \/>\n<meta name=\"twitter:label1\" content=\"Disponibilit\u00e9\" \/>\n\t<meta name=\"twitter:data1\" content=\"Rupture de stock\" \/>\n<script type=\"application\/ld+json\" class=\"yoast-schema-graph\">{\"@context\":\"https:\\\/\\\/schema.org\",\"@graph\":[{\"@type\":\"WebPage\",\"@id\":\"https:\\\/\\\/www.vetorino.com\\\/boutique\\\/product\\\/protege-dos-back-warmer-back-on-track-2\\\/\",\"url\":\"https:\\\/\\\/www.vetorino.com\\\/boutique\\\/product\\\/protege-dos-back-warmer-back-on-track-2\\\/\",\"name\":\"Protege dos Back Warmer Back on Track - V\u00e9torino\",\"isPartOf\":{\"@id\":\"https:\\\/\\\/www.vetorino.com\\\/boutique\\\/#website\"},\"primaryImageOfPage\":{\"@id\":\"https:\\\/\\\/www.vetorino.com\\\/boutique\\\/product\\\/protege-dos-back-warmer-back-on-track-2\\\/#primaryimage\"},\"image\":{\"@id\":\"https:\\\/\\\/www.vetorino.com\\\/boutique\\\/product\\\/protege-dos-back-warmer-back-on-track-2\\\/#primaryimage\"},\"thumbnailUrl\":\"https:\\\/\\\/www.vetorino.com\\\/boutique\\\/wp-content\\\/uploads\\\/2021\\\/05\\\/8251463-2.jpg\",\"datePublished\":\"2021-05-12T14:27:10+00:00\",\"dateModified\":\"2024-07-12T09:45:47+00:00\",\"description\":\"Le prot\u00e8ge dos chauffant Back Warmer de Back On Track recouvre\u00a0 toutes les parties importantes des muscles du dos, ceux de la r\u00e9gion lombaire et autour de la poitrine du cheval. Il est utilis\u00e9 dans le but d'assouplir le dos ou si le cheval souffre d'un probl\u00e8me musculaire ou ligamentaire.\",\"breadcrumb\":{\"@id\":\"https:\\\/\\\/www.vetorino.com\\\/boutique\\\/product\\\/protege-dos-back-warmer-back-on-track-2\\\/#breadcrumb\"},\"inLanguage\":\"fr-FR\",\"potentialAction\":[{\"@type\":\"ReadAction\",\"target\":[\"https:\\\/\\\/www.vetorino.com\\\/boutique\\\/product\\\/protege-dos-back-warmer-back-on-track-2\\\/\"]}]},{\"@type\":\"ImageObject\",\"inLanguage\":\"fr-FR\",\"@id\":\"https:\\\/\\\/www.vetorino.com\\\/boutique\\\/product\\\/protege-dos-back-warmer-back-on-track-2\\\/#primaryimage\",\"url\":\"https:\\\/\\\/www.vetorino.com\\\/boutique\\\/wp-content\\\/uploads\\\/2021\\\/05\\\/8251463-2.jpg\",\"contentUrl\":\"https:\\\/\\\/www.vetorino.com\\\/boutique\\\/wp-content\\\/uploads\\\/2021\\\/05\\\/8251463-2.jpg\",\"width\":255,\"height\":255},{\"@type\":\"BreadcrumbList\",\"@id\":\"https:\\\/\\\/www.vetorino.com\\\/boutique\\\/product\\\/protege-dos-back-warmer-back-on-track-2\\\/#breadcrumb\",\"itemListElement\":[{\"@type\":\"ListItem\",\"position\":1,\"name\":\"Accueil\",\"item\":\"https:\\\/\\\/www.vetorino.com\\\/boutique\\\/\"},{\"@type\":\"ListItem\",\"position\":2,\"name\":\"Produits\",\"item\":\"https:\\\/\\\/www.vetorino.com\\\/boutique\\\/\"},{\"@type\":\"ListItem\",\"position\":3,\"name\":\"Protege dos Back Warmer\"}]},{\"@type\":\"WebSite\",\"@id\":\"https:\\\/\\\/www.vetorino.com\\\/boutique\\\/#website\",\"url\":\"https:\\\/\\\/www.vetorino.com\\\/boutique\\\/\",\"name\":\"V\u00e9torino\",\"description\":\"\",\"publisher\":{\"@id\":\"https:\\\/\\\/www.vetorino.com\\\/boutique\\\/#organization\"},\"potentialAction\":[{\"@type\":\"SearchAction\",\"target\":{\"@type\":\"EntryPoint\",\"urlTemplate\":\"https:\\\/\\\/www.vetorino.com\\\/boutique\\\/?s={search_term_string}\"},\"query-input\":{\"@type\":\"PropertyValueSpecification\",\"valueRequired\":true,\"valueName\":\"search_term_string\"}}],\"inLanguage\":\"fr-FR\"},{\"@type\":\"Organization\",\"@id\":\"https:\\\/\\\/www.vetorino.com\\\/boutique\\\/#organization\",\"name\":\"V\u00e9torino\",\"url\":\"https:\\\/\\\/www.vetorino.com\\\/boutique\\\/\",\"logo\":{\"@type\":\"ImageObject\",\"inLanguage\":\"fr-FR\",\"@id\":\"https:\\\/\\\/www.vetorino.com\\\/boutique\\\/#\\\/schema\\\/logo\\\/image\\\/\",\"url\":\"https:\\\/\\\/www.vetorino.com\\\/boutique\\\/wp-content\\\/uploads\\\/2024\\\/10\\\/logo.jpg\",\"contentUrl\":\"https:\\\/\\\/www.vetorino.com\\\/boutique\\\/wp-content\\\/uploads\\\/2024\\\/10\\\/logo.jpg\",\"width\":1200,\"height\":610,\"caption\":\"V\u00e9torino\"},\"image\":{\"@id\":\"https:\\\/\\\/www.vetorino.com\\\/boutique\\\/#\\\/schema\\\/logo\\\/image\\\/\"},\"sameAs\":[\"https:\\\/\\\/www.facebook.com\\\/Vetorino\\\/\",\"https:\\\/\\\/www.instagram.com\\\/vetorino_off\\\/\",\"https:\\\/\\\/www.linkedin.com\\\/company\\\/vtorino\\\/\"]}]}<\/script>\n<meta property=\"product:brand\" content=\"Back on Track\" \/>\n<meta property=\"og:availability\" content=\"out of stock\" \/>\n<meta property=\"product:availability\" content=\"out of stock\" \/>\n<meta property=\"product:condition\" content=\"new\" \/>\n<!-- \/ Yoast SEO plugin. -->","yoast_head_json":{"title":"Protege dos Back Warmer Back on Track - V\u00e9torino","description":"Le prot\u00e8ge dos chauffant Back Warmer de Back On Track recouvre\u00a0 toutes les parties importantes des muscles du dos, ceux de la r\u00e9gion lombaire et autour de la poitrine du cheval. Il est utilis\u00e9 dans le but d'assouplir le dos ou si le cheval souffre d'un probl\u00e8me musculaire ou ligamentaire.","robots":{"index":"noindex","follow":"nofollow"},"og_locale":"fr_FR","og_type":"article","og_title":"Protege dos Back Warmer Back on Track - V\u00e9torino","og_description":"Le prot\u00e8ge dos chauffant Back Warmer de Back On Track recouvre\u00a0 toutes les parties importantes des muscles du dos, ceux de la r\u00e9gion lombaire et autour de la poitrine du cheval. Il est utilis\u00e9 dans le but d'assouplir le dos ou si le cheval souffre d'un probl\u00e8me musculaire ou ligamentaire.","og_url":"https:\/\/www.vetorino.com\/veterinaire\/plouzevede-29440\/boutique\/product\/protege-dos-back-warmer-back-on-track-2\/","og_site_name":"V\u00e9torino","article_publisher":"https:\/\/www.facebook.com\/Vetorino\/","article_modified_time":"2024-07-12T09:45:47+00:00","og_image":[{"width":255,"height":255,"url":"https:\/\/www.vetorino.com\/boutique\/wp-content\/uploads\/2021\/05\/8251463-2.jpg","type":"image\/jpeg"}],"twitter_card":"summary_large_image","twitter_misc":{"Disponibilit\u00e9":"Rupture de stock"},"schema":{"@context":"https:\/\/schema.org","@graph":[{"@type":"WebPage","@id":"https:\/\/www.vetorino.com\/boutique\/product\/protege-dos-back-warmer-back-on-track-2\/","url":"https:\/\/www.vetorino.com\/boutique\/product\/protege-dos-back-warmer-back-on-track-2\/","name":"Protege dos Back Warmer Back on Track - V\u00e9torino","isPartOf":{"@id":"https:\/\/www.vetorino.com\/boutique\/#website"},"primaryImageOfPage":{"@id":"https:\/\/www.vetorino.com\/boutique\/product\/protege-dos-back-warmer-back-on-track-2\/#primaryimage"},"image":{"@id":"https:\/\/www.vetorino.com\/boutique\/product\/protege-dos-back-warmer-back-on-track-2\/#primaryimage"},"thumbnailUrl":"https:\/\/www.vetorino.com\/boutique\/wp-content\/uploads\/2021\/05\/8251463-2.jpg","datePublished":"2021-05-12T14:27:10+00:00","dateModified":"2024-07-12T09:45:47+00:00","description":"Le prot\u00e8ge dos chauffant Back Warmer de Back On Track recouvre\u00a0 toutes les parties importantes des muscles du dos, ceux de la r\u00e9gion lombaire et autour de la poitrine du cheval. Il est utilis\u00e9 dans le but d'assouplir le dos ou si le cheval souffre d'un probl\u00e8me musculaire ou ligamentaire.","breadcrumb":{"@id":"https:\/\/www.vetorino.com\/boutique\/product\/protege-dos-back-warmer-back-on-track-2\/#breadcrumb"},"inLanguage":"fr-FR","potentialAction":[{"@type":"ReadAction","target":["https:\/\/www.vetorino.com\/boutique\/product\/protege-dos-back-warmer-back-on-track-2\/"]}]},{"@type":"ImageObject","inLanguage":"fr-FR","@id":"https:\/\/www.vetorino.com\/boutique\/product\/protege-dos-back-warmer-back-on-track-2\/#primaryimage","url":"https:\/\/www.vetorino.com\/boutique\/wp-content\/uploads\/2021\/05\/8251463-2.jpg","contentUrl":"https:\/\/www.vetorino.com\/boutique\/wp-content\/uploads\/2021\/05\/8251463-2.jpg","width":255,"height":255},{"@type":"BreadcrumbList","@id":"https:\/\/www.vetorino.com\/boutique\/product\/protege-dos-back-warmer-back-on-track-2\/#breadcrumb","itemListElement":[{"@type":"ListItem","position":1,"name":"Accueil","item":"https:\/\/www.vetorino.com\/boutique\/"},{"@type":"ListItem","position":2,"name":"Produits","item":"https:\/\/www.vetorino.com\/boutique\/"},{"@type":"ListItem","position":3,"name":"Protege dos Back Warmer"}]},{"@type":"WebSite","@id":"https:\/\/www.vetorino.com\/boutique\/#website","url":"https:\/\/www.vetorino.com\/boutique\/","name":"V\u00e9torino","description":"","publisher":{"@id":"https:\/\/www.vetorino.com\/boutique\/#organization"},"potentialAction":[{"@type":"SearchAction","target":{"@type":"EntryPoint","urlTemplate":"https:\/\/www.vetorino.com\/boutique\/?s={search_term_string}"},"query-input":{"@type":"PropertyValueSpecification","valueRequired":true,"valueName":"search_term_string"}}],"inLanguage":"fr-FR"},{"@type":"Organization","@id":"https:\/\/www.vetorino.com\/boutique\/#organization","name":"V\u00e9torino","url":"https:\/\/www.vetorino.com\/boutique\/","logo":{"@type":"ImageObject","inLanguage":"fr-FR","@id":"https:\/\/www.vetorino.com\/boutique\/#\/schema\/logo\/image\/","url":"https:\/\/www.vetorino.com\/boutique\/wp-content\/uploads\/2024\/10\/logo.jpg","contentUrl":"https:\/\/www.vetorino.com\/boutique\/wp-content\/uploads\/2024\/10\/logo.jpg","width":1200,"height":610,"caption":"V\u00e9torino"},"image":{"@id":"https:\/\/www.vetorino.com\/boutique\/#\/schema\/logo\/image\/"},"sameAs":["https:\/\/www.facebook.com\/Vetorino\/","https:\/\/www.instagram.com\/vetorino_off\/","https:\/\/www.linkedin.com\/company\/vtorino\/"]}]},"product_brand":"Back on Track","og_availability":"out of stock","product_availability":"out of stock","product_condition":"new"},"_links":{"self":[{"href":"https:\/\/www.vetorino.com\/veterinaire\/plouzevede-29440\/boutique\/wp-json\/wp\/v2\/product\/180941","targetHints":{"allow":["GET"]}}],"collection":[{"href":"https:\/\/www.vetorino.com\/veterinaire\/plouzevede-29440\/boutique\/wp-json\/wp\/v2\/product"}],"about":[{"href":"https:\/\/www.vetorino.com\/veterinaire\/plouzevede-29440\/boutique\/wp-json\/wp\/v2\/types\/product"}],"wp:featuredmedia":[{"embeddable":true,"href":"https:\/\/www.vetorino.com\/veterinaire\/plouzevede-29440\/boutique\/wp-json\/wp\/v2\/media\/180939"}],"wp:attachment":[{"href":"https:\/\/www.vetorino.com\/veterinaire\/plouzevede-29440\/boutique\/wp-json\/wp\/v2\/media?parent=180941"}],"wp:term":[{"taxonomy":"product_cat","embeddable":true,"href":"https:\/\/www.vetorino.com\/veterinaire\/plouzevede-29440\/boutique\/wp-json\/wp\/v2\/product_cat?post=180941"},{"taxonomy":"product_tag","embeddable":true,"href":"https:\/\/www.vetorino.com\/veterinaire\/plouzevede-29440\/boutique\/wp-json\/wp\/v2\/product_tag?post=180941"}],"curies":[{"name":"wp","href":"https:\/\/api.w.org\/{rel}","templated":true}]}}