{"id":180979,"date":"2021-05-12T16:56:25","date_gmt":"2021-05-12T14:56:25","guid":{"rendered":"https:\/\/www.vetorino.com\/boutique\/product\/phoscargil-poudre-orale\/"},"modified":"2025-08-11T09:38:14","modified_gmt":"2025-08-11T07:38:14","slug":"phoscargil-poudre-orale","status":"publish","type":"product","link":"https:\/\/www.vetorino.com\/veterinaire\/plouzevede-29440\/boutique\/product\/phoscargil-poudre-orale\/","title":{"rendered":"Phoscargil"},"content":{"rendered":"<p>Phoscargil poudre est un<strong> pansement digestif couvrant et cicatrisant\u00a0<\/strong> qui permet de soutenir la fonction intestinale dans les cas de diarrh\u00e9e aussi bien <strong>en pr\u00e9vention<\/strong>, qu&#8217;en <strong>accompagnement de traitements symptomatiques.<\/strong><\/p>\n<p><strong>Les plus de ce produit :\u00a0<\/strong><\/p>\n<ul>\n<li>En poudre facile a administrer<\/li>\n<li>Pr\u00e9vient les troubles digestifs<\/li>\n<\/ul>\n<p><strong>Recommandations :<\/strong><\/p>\n<p><em><strong>Distribuer matin et soir pendant 2 \u00e0 3 jours de suite :<\/strong><\/em><\/p>\n<ul>\n<li><em>Veaux : 20 \u00e0 25 g<\/em><\/li>\n<li><em>Bovins adultes : 50 \u00e0 75 g<\/em><\/li>\n<li><em>Ovins, caprins : 15 \u00e0 20 g par tranche de 60 \u00e0 90 kg.<\/em><\/li>\n<\/ul>\n<p><em><strong>En continu, sur p\u00e9riode \u00e0 risque, distribuer :<\/strong><\/em><\/p>\n<ul>\n<li><em>Bovins adultes : 50 g \/ jour dans la ration compl\u00e8te.<\/em><\/li>\n<li><em>Ovins, caprins : 15 g \/ jour dans la ration compl\u00e8te.<\/em><\/li>\n<\/ul>\n<p><em>L\u2019utilisation simultan\u00e9e de macrolides administr\u00e9s par voie orale doit \u00eatre \u00e9vit\u00e9e.<\/em><\/p>\n","protected":false},"excerpt":{"rendered":"<p>Phoscargil poudre est un<strong> pansement digestif couvrant et cicatrisant\u00a0<\/strong> qui permet de soutenir la fonction intestinale dans les cas de diarrh\u00e9e aussi bien <strong>en pr\u00e9vention<\/strong>, qu&#8217;en <strong>accompagnement de traitements symptomatiques.<\/strong><\/p>\n<p><strong>Les plus de ce produit :\u00a0<\/strong><\/p>\n<ul>\n<li>En poudre facile a administrer<\/li>\n<li>Pr\u00e9vient les troubles digestifs<\/li>\n<\/ul>\n","protected":false},"featured_media":1444788,"template":"","meta":[],"product_cat":[6864,6870,6871,14072,6873],"product_tag":[],"class_list":{"0":"post-180979","1":"product","2":"type-product","3":"status-publish","4":"has-post-thumbnail","6":"product_cat-animaux-delevage","7":"product_cat-bovins","8":"product_cat-caprins","9":"product_cat-dietetique-et-complements-alimentaires-du-cheval","10":"product_cat-ovins","11":"pa_marque-vetalis","13":"first","14":"instock","15":"taxable","16":"shipping-taxable","17":"purchasable","18":"product-type-variable"},"yoast_head":"<!-- This site is optimized with the Yoast SEO plugin v27.3 - https:\/\/yoast.com\/product\/yoast-seo-wordpress\/ -->\n<title>Phoscargil Vetalis - V\u00e9torino<\/title>\n<meta name=\"description\" content=\"Phoscargil poudre est un pansement digestif couvrant et cicatrisant\u00a0 qui permet de soutenir la fonction intestinale dans les cas de diarrh\u00e9e aussi bien en pr\u00e9vention, qu&#039;en accompagnement de traitements symptomatiques.  Les plus de ce produit :\u00a0   En poudre facile a administrer  Pr\u00e9vient les troubles digestifs\" \/>\n<meta name=\"robots\" content=\"noindex, nofollow\" \/>\n<meta property=\"og:locale\" content=\"fr_FR\" \/>\n<meta property=\"og:type\" content=\"article\" \/>\n<meta property=\"og:title\" content=\"Phoscargil Vetalis - V\u00e9torino\" \/>\n<meta property=\"og:description\" content=\"Phoscargil poudre est un pansement digestif couvrant et cicatrisant\u00a0 qui permet de soutenir la fonction intestinale dans les cas de diarrh\u00e9e aussi bien en pr\u00e9vention, qu&#039;en accompagnement de traitements symptomatiques.  Les plus de ce produit :\u00a0   En poudre facile a administrer  Pr\u00e9vient les troubles digestifs\" \/>\n<meta property=\"og:url\" content=\"https:\/\/www.vetorino.com\/veterinaire\/plouzevede-29440\/boutique\/product\/phoscargil-poudre-orale\/\" \/>\n<meta property=\"og:site_name\" content=\"V\u00e9torino\" \/>\n<meta property=\"article:publisher\" content=\"https:\/\/www.facebook.com\/Vetorino\/\" \/>\n<meta property=\"article:modified_time\" content=\"2025-08-11T07:38:14+00:00\" \/>\n<meta property=\"og:image\" content=\"https:\/\/www.vetorino.com\/boutique\/wp-content\/uploads\/2021\/05\/phoscargil-bovin.png\" \/>\n\t<meta property=\"og:image:width\" content=\"600\" \/>\n\t<meta property=\"og:image:height\" content=\"600\" \/>\n\t<meta property=\"og:image:type\" content=\"image\/png\" \/>\n<meta name=\"twitter:card\" content=\"summary_large_image\" \/>\n<meta name=\"twitter:label1\" content=\"Disponibilit\u00e9\" \/>\n\t<meta name=\"twitter:data1\" content=\"En stock\" \/>\n<script type=\"application\/ld+json\" class=\"yoast-schema-graph\">{\"@context\":\"https:\\\/\\\/schema.org\",\"@graph\":[{\"@type\":\"WebPage\",\"@id\":\"https:\\\/\\\/www.vetorino.com\\\/boutique\\\/product\\\/phoscargil-poudre-orale\\\/\",\"url\":\"https:\\\/\\\/www.vetorino.com\\\/boutique\\\/product\\\/phoscargil-poudre-orale\\\/\",\"name\":\"Phoscargil Vetalis - V\u00e9torino\",\"isPartOf\":{\"@id\":\"https:\\\/\\\/www.vetorino.com\\\/boutique\\\/#website\"},\"primaryImageOfPage\":{\"@id\":\"https:\\\/\\\/www.vetorino.com\\\/boutique\\\/product\\\/phoscargil-poudre-orale\\\/#primaryimage\"},\"image\":{\"@id\":\"https:\\\/\\\/www.vetorino.com\\\/boutique\\\/product\\\/phoscargil-poudre-orale\\\/#primaryimage\"},\"thumbnailUrl\":\"https:\\\/\\\/www.vetorino.com\\\/boutique\\\/wp-content\\\/uploads\\\/2021\\\/05\\\/phoscargil-bovin.png\",\"datePublished\":\"2021-05-12T14:56:25+00:00\",\"dateModified\":\"2025-08-11T07:38:14+00:00\",\"description\":\"Phoscargil poudre est un pansement digestif couvrant et cicatrisant\u00a0 qui permet de soutenir la fonction intestinale dans les cas de diarrh\u00e9e aussi bien en pr\u00e9vention, qu'en accompagnement de traitements symptomatiques. Les plus de ce produit :\u00a0 En poudre facile a administrer Pr\u00e9vient les troubles digestifs\",\"breadcrumb\":{\"@id\":\"https:\\\/\\\/www.vetorino.com\\\/boutique\\\/product\\\/phoscargil-poudre-orale\\\/#breadcrumb\"},\"inLanguage\":\"fr-FR\",\"potentialAction\":[{\"@type\":\"ReadAction\",\"target\":[\"https:\\\/\\\/www.vetorino.com\\\/boutique\\\/product\\\/phoscargil-poudre-orale\\\/\"]}]},{\"@type\":\"ImageObject\",\"inLanguage\":\"fr-FR\",\"@id\":\"https:\\\/\\\/www.vetorino.com\\\/boutique\\\/product\\\/phoscargil-poudre-orale\\\/#primaryimage\",\"url\":\"https:\\\/\\\/www.vetorino.com\\\/boutique\\\/wp-content\\\/uploads\\\/2021\\\/05\\\/phoscargil-bovin.png\",\"contentUrl\":\"https:\\\/\\\/www.vetorino.com\\\/boutique\\\/wp-content\\\/uploads\\\/2021\\\/05\\\/phoscargil-bovin.png\",\"width\":600,\"height\":600},{\"@type\":\"BreadcrumbList\",\"@id\":\"https:\\\/\\\/www.vetorino.com\\\/boutique\\\/product\\\/phoscargil-poudre-orale\\\/#breadcrumb\",\"itemListElement\":[{\"@type\":\"ListItem\",\"position\":1,\"name\":\"Accueil\",\"item\":\"https:\\\/\\\/www.vetorino.com\\\/boutique\\\/\"},{\"@type\":\"ListItem\",\"position\":2,\"name\":\"Produits\",\"item\":\"https:\\\/\\\/www.vetorino.com\\\/boutique\\\/\"},{\"@type\":\"ListItem\",\"position\":3,\"name\":\"Phoscargil\"}]},{\"@type\":\"WebSite\",\"@id\":\"https:\\\/\\\/www.vetorino.com\\\/boutique\\\/#website\",\"url\":\"https:\\\/\\\/www.vetorino.com\\\/boutique\\\/\",\"name\":\"V\u00e9torino\",\"description\":\"\",\"publisher\":{\"@id\":\"https:\\\/\\\/www.vetorino.com\\\/boutique\\\/#organization\"},\"potentialAction\":[{\"@type\":\"SearchAction\",\"target\":{\"@type\":\"EntryPoint\",\"urlTemplate\":\"https:\\\/\\\/www.vetorino.com\\\/boutique\\\/?s={search_term_string}\"},\"query-input\":{\"@type\":\"PropertyValueSpecification\",\"valueRequired\":true,\"valueName\":\"search_term_string\"}}],\"inLanguage\":\"fr-FR\"},{\"@type\":\"Organization\",\"@id\":\"https:\\\/\\\/www.vetorino.com\\\/boutique\\\/#organization\",\"name\":\"V\u00e9torino\",\"url\":\"https:\\\/\\\/www.vetorino.com\\\/boutique\\\/\",\"logo\":{\"@type\":\"ImageObject\",\"inLanguage\":\"fr-FR\",\"@id\":\"https:\\\/\\\/www.vetorino.com\\\/boutique\\\/#\\\/schema\\\/logo\\\/image\\\/\",\"url\":\"https:\\\/\\\/www.vetorino.com\\\/boutique\\\/wp-content\\\/uploads\\\/2024\\\/10\\\/logo.jpg\",\"contentUrl\":\"https:\\\/\\\/www.vetorino.com\\\/boutique\\\/wp-content\\\/uploads\\\/2024\\\/10\\\/logo.jpg\",\"width\":1200,\"height\":610,\"caption\":\"V\u00e9torino\"},\"image\":{\"@id\":\"https:\\\/\\\/www.vetorino.com\\\/boutique\\\/#\\\/schema\\\/logo\\\/image\\\/\"},\"sameAs\":[\"https:\\\/\\\/www.facebook.com\\\/Vetorino\\\/\",\"https:\\\/\\\/www.instagram.com\\\/vetorino_off\\\/\",\"https:\\\/\\\/www.linkedin.com\\\/company\\\/vtorino\\\/\"]}]}<\/script>\n<meta property=\"product:brand\" content=\"Vetalis\" \/>\n<meta property=\"og:availability\" content=\"instock\" \/>\n<meta property=\"product:availability\" content=\"instock\" \/>\n<meta property=\"product:condition\" content=\"new\" \/>\n<!-- \/ Yoast SEO plugin. -->","yoast_head_json":{"title":"Phoscargil Vetalis - V\u00e9torino","description":"Phoscargil poudre est un pansement digestif couvrant et cicatrisant\u00a0 qui permet de soutenir la fonction intestinale dans les cas de diarrh\u00e9e aussi bien en pr\u00e9vention, qu'en accompagnement de traitements symptomatiques.  Les plus de ce produit :\u00a0   En poudre facile a administrer  Pr\u00e9vient les troubles digestifs","robots":{"index":"noindex","follow":"nofollow"},"og_locale":"fr_FR","og_type":"article","og_title":"Phoscargil Vetalis - V\u00e9torino","og_description":"Phoscargil poudre est un pansement digestif couvrant et cicatrisant\u00a0 qui permet de soutenir la fonction intestinale dans les cas de diarrh\u00e9e aussi bien en pr\u00e9vention, qu'en accompagnement de traitements symptomatiques.  Les plus de ce produit :\u00a0   En poudre facile a administrer  Pr\u00e9vient les troubles digestifs","og_url":"https:\/\/www.vetorino.com\/veterinaire\/plouzevede-29440\/boutique\/product\/phoscargil-poudre-orale\/","og_site_name":"V\u00e9torino","article_publisher":"https:\/\/www.facebook.com\/Vetorino\/","article_modified_time":"2025-08-11T07:38:14+00:00","og_image":[{"width":600,"height":600,"url":"https:\/\/www.vetorino.com\/boutique\/wp-content\/uploads\/2021\/05\/phoscargil-bovin.png","type":"image\/png"}],"twitter_card":"summary_large_image","twitter_misc":{"Disponibilit\u00e9":"En stock"},"schema":{"@context":"https:\/\/schema.org","@graph":[{"@type":"WebPage","@id":"https:\/\/www.vetorino.com\/boutique\/product\/phoscargil-poudre-orale\/","url":"https:\/\/www.vetorino.com\/boutique\/product\/phoscargil-poudre-orale\/","name":"Phoscargil Vetalis - V\u00e9torino","isPartOf":{"@id":"https:\/\/www.vetorino.com\/boutique\/#website"},"primaryImageOfPage":{"@id":"https:\/\/www.vetorino.com\/boutique\/product\/phoscargil-poudre-orale\/#primaryimage"},"image":{"@id":"https:\/\/www.vetorino.com\/boutique\/product\/phoscargil-poudre-orale\/#primaryimage"},"thumbnailUrl":"https:\/\/www.vetorino.com\/boutique\/wp-content\/uploads\/2021\/05\/phoscargil-bovin.png","datePublished":"2021-05-12T14:56:25+00:00","dateModified":"2025-08-11T07:38:14+00:00","description":"Phoscargil poudre est un pansement digestif couvrant et cicatrisant\u00a0 qui permet de soutenir la fonction intestinale dans les cas de diarrh\u00e9e aussi bien en pr\u00e9vention, qu'en accompagnement de traitements symptomatiques. Les plus de ce produit :\u00a0 En poudre facile a administrer Pr\u00e9vient les troubles digestifs","breadcrumb":{"@id":"https:\/\/www.vetorino.com\/boutique\/product\/phoscargil-poudre-orale\/#breadcrumb"},"inLanguage":"fr-FR","potentialAction":[{"@type":"ReadAction","target":["https:\/\/www.vetorino.com\/boutique\/product\/phoscargil-poudre-orale\/"]}]},{"@type":"ImageObject","inLanguage":"fr-FR","@id":"https:\/\/www.vetorino.com\/boutique\/product\/phoscargil-poudre-orale\/#primaryimage","url":"https:\/\/www.vetorino.com\/boutique\/wp-content\/uploads\/2021\/05\/phoscargil-bovin.png","contentUrl":"https:\/\/www.vetorino.com\/boutique\/wp-content\/uploads\/2021\/05\/phoscargil-bovin.png","width":600,"height":600},{"@type":"BreadcrumbList","@id":"https:\/\/www.vetorino.com\/boutique\/product\/phoscargil-poudre-orale\/#breadcrumb","itemListElement":[{"@type":"ListItem","position":1,"name":"Accueil","item":"https:\/\/www.vetorino.com\/boutique\/"},{"@type":"ListItem","position":2,"name":"Produits","item":"https:\/\/www.vetorino.com\/boutique\/"},{"@type":"ListItem","position":3,"name":"Phoscargil"}]},{"@type":"WebSite","@id":"https:\/\/www.vetorino.com\/boutique\/#website","url":"https:\/\/www.vetorino.com\/boutique\/","name":"V\u00e9torino","description":"","publisher":{"@id":"https:\/\/www.vetorino.com\/boutique\/#organization"},"potentialAction":[{"@type":"SearchAction","target":{"@type":"EntryPoint","urlTemplate":"https:\/\/www.vetorino.com\/boutique\/?s={search_term_string}"},"query-input":{"@type":"PropertyValueSpecification","valueRequired":true,"valueName":"search_term_string"}}],"inLanguage":"fr-FR"},{"@type":"Organization","@id":"https:\/\/www.vetorino.com\/boutique\/#organization","name":"V\u00e9torino","url":"https:\/\/www.vetorino.com\/boutique\/","logo":{"@type":"ImageObject","inLanguage":"fr-FR","@id":"https:\/\/www.vetorino.com\/boutique\/#\/schema\/logo\/image\/","url":"https:\/\/www.vetorino.com\/boutique\/wp-content\/uploads\/2024\/10\/logo.jpg","contentUrl":"https:\/\/www.vetorino.com\/boutique\/wp-content\/uploads\/2024\/10\/logo.jpg","width":1200,"height":610,"caption":"V\u00e9torino"},"image":{"@id":"https:\/\/www.vetorino.com\/boutique\/#\/schema\/logo\/image\/"},"sameAs":["https:\/\/www.facebook.com\/Vetorino\/","https:\/\/www.instagram.com\/vetorino_off\/","https:\/\/www.linkedin.com\/company\/vtorino\/"]}]},"product_brand":"Vetalis","og_availability":"instock","product_availability":"instock","product_condition":"new"},"_links":{"self":[{"href":"https:\/\/www.vetorino.com\/veterinaire\/plouzevede-29440\/boutique\/wp-json\/wp\/v2\/product\/180979","targetHints":{"allow":["GET"]}}],"collection":[{"href":"https:\/\/www.vetorino.com\/veterinaire\/plouzevede-29440\/boutique\/wp-json\/wp\/v2\/product"}],"about":[{"href":"https:\/\/www.vetorino.com\/veterinaire\/plouzevede-29440\/boutique\/wp-json\/wp\/v2\/types\/product"}],"wp:featuredmedia":[{"embeddable":true,"href":"https:\/\/www.vetorino.com\/veterinaire\/plouzevede-29440\/boutique\/wp-json\/wp\/v2\/media\/1444788"}],"wp:attachment":[{"href":"https:\/\/www.vetorino.com\/veterinaire\/plouzevede-29440\/boutique\/wp-json\/wp\/v2\/media?parent=180979"}],"wp:term":[{"taxonomy":"product_cat","embeddable":true,"href":"https:\/\/www.vetorino.com\/veterinaire\/plouzevede-29440\/boutique\/wp-json\/wp\/v2\/product_cat?post=180979"},{"taxonomy":"product_tag","embeddable":true,"href":"https:\/\/www.vetorino.com\/veterinaire\/plouzevede-29440\/boutique\/wp-json\/wp\/v2\/product_tag?post=180979"}],"curies":[{"name":"wp","href":"https:\/\/api.w.org\/{rel}","templated":true}]}}