{"id":186859,"date":"2021-05-31T20:25:20","date_gmt":"2021-05-31T18:25:20","guid":{"rendered":"https:\/\/www.vetorino.com\/boutique\/product\/vetexpert-vitmin\/"},"modified":"2026-02-11T14:28:26","modified_gmt":"2026-02-11T13:28:26","slug":"vetexpert-vitmin","status":"publish","type":"product","link":"https:\/\/www.vetorino.com\/veterinaire\/plouzevede-29440\/boutique\/product\/vetexpert-vitmin\/","title":{"rendered":"Vit &amp; Min"},"content":{"rendered":"<p><strong>Compl\u00e9ment alimentaire qui assure un apport en min\u00e9raux et vitamines pour chiens et chats.<\/strong><\/p>\n<p><strong>Utilisation :<\/strong><\/p>\n<ul>\n<li>Gestation, lactation et croissance.<\/li>\n<li>Chiens \u00e2g\u00e9s.<\/li>\n<li>Convalescence de troubles ayant entrain\u00e9e une baisse d&#8217;app\u00e9tit marqu\u00e9e.<\/li>\n<li>Malassimilation, malabsorption ou transit acc\u00e9l\u00e9r\u00e9.<\/li>\n<li>Activit\u00e9 soutenue : sport, chasse, travail.<\/li>\n<\/ul>\n<p><strong>La capsule Twist Off\u00a0se caract\u00e9rise par :<\/strong><\/p>\n<ul>\n<li>Une app\u00e9tence remarquable\u00a0: elle peut \u00eatre donn\u00e9e comme une friandise.<\/li>\n<li>Une administration facile : le contenu de la g\u00e9lule est press\u00e9 directement dans la gueule, la nourriture ou sur une patte.<\/li>\n<\/ul>\n<p><strong>Le CALCIUM<\/strong> est essentiel pour la sant\u00e9 des os et des dents. Il aide \u00e0 maintenir une fonction nerveuse appropri\u00e9e, une contraction musculaire efficace et la coagulation sanguine.<\/p>\n<p><strong>La VITAMINE E<\/strong>\u00a0 est un antioxydant qui aide \u00e0 prot\u00e9ger les cellules des dommages caus\u00e9s par les radicaux libres produits lors d\u2019un stress oxydatif. Il soutient un syst\u00e8me immunitaire sain et contribue au maintien d&#8217;une peau et d&#8217;un pelage sains.<\/p>\n<p><strong>La VITAMINE A<\/strong> est essentielle pour la vision, la fonction immunitaire et la sant\u00e9 de la peau et des muqueuses. Elle joue \u00e9galement un r\u00f4le dans la croissance et le d\u00e9veloppement.<\/p>\n<p><strong>La VITAMINE D<\/strong> est essentielle pour soutenir le m\u00e9tabolisme du calcium, la structure osseuse et le syst\u00e8me immunitaire.<\/p>\n<p><strong>Le ZINC<\/strong> est un min\u00e9ral essentiel qui est impliqu\u00e9 dans de nombreuses r\u00e9actions enzymatiques dans l&#8217;organisme et important pour le maintien d&#8217;une peau et d&#8217;un pelage sains, le soutien de la fonction immunitaire et l&#8217;aide \u00e0 la cicatrisation des plaies.<\/p>\n<p><strong>Le FER<\/strong> est n\u00e9cessaire pour la formation d&#8217;h\u00e9moglobine, une prot\u00e9ine qui transporte l&#8217;oxyg\u00e8ne dans le sang.<\/p>\n<p><strong>Le COMPLEXE DE VITAMINES B<\/strong> est important pour le m\u00e9tabolisme \u00e9nerg\u00e9tique et soutient la fonction nerveuse et musculaire, la r\u00e9paration de l&#8217;ADN, l&#8217;\u00e9tat de la peau et du pelage, mais aussi un syst\u00e8me immunitaire efficace.<\/p>\n<p><strong>Le MANGANESE<\/strong> est un min\u00e9ral essentiel qui joue un r\u00f4le dans la formation osseuse, la cicatrisation des plaies et l&#8217;activit\u00e9 antioxydante.<\/p>\n<p><strong>Le\u00a0 CUIVRE<\/strong> est un oligo-\u00e9l\u00e9ment impliqu\u00e9 dans de nombreuses r\u00e9actions enzymatiques dans l&#8217;organisme et est important pour le maintien d&#8217;un tissu conjonctif sain, le soutien de la fonction immunitaire et l&#8217;aide \u00e0 l&#8217;absorption du fer.<\/p>\n<p><strong>Demandez conseil \u00e0 votre v\u00e9t\u00e9rinaire.<\/strong><\/p>\n","protected":false},"excerpt":{"rendered":"<p>Aliment compl\u00e9mentaire pour chats et chiens, apportant des vitamines et des min\u00e9raux soigneusement s\u00e9lectionn\u00e9s con\u00e7us pour \u00e9quilibrer les rations m\u00e9nag\u00e8res et r\u00e9pondre \u00e0 une demande alimentaire accrue.<\/p>\n<p><strong>Utilisation :<\/strong><\/p>\n<ul>\n<li>Gestation, lactation et croissance.<\/li>\n<li>Chiens \u00e2g\u00e9s.<\/li>\n<li>Convalescence de troubles ayant entrain\u00e9e une baisse d&#8217;app\u00e9tit marqu\u00e9e.<\/li>\n<li>Malassimilation, malabsorption ou transit acc\u00e9l\u00e9r\u00e9.<\/li>\n<li>Activit\u00e9 soutenue : sport, chasse, travail.<\/li>\n<\/ul>\n<p><strong>Demandez conseil \u00e0 votre v\u00e9t\u00e9rinaire.<\/strong><\/p>\n","protected":false},"featured_media":1698129,"template":"","meta":[],"product_cat":[12552,2730,2738,2697,2698],"product_tag":[],"class_list":{"0":"post-186859","1":"product","2":"type-product","3":"status-publish","4":"has-post-thumbnail","6":"product_cat-alimentation-du-chien","7":"product_cat-aliments-complementaires-pour-chat","8":"product_cat-aliments-complementaires-pour-chien","9":"product_cat-chat","10":"product_cat-chien","11":"pa_marque-vetexpert","13":"first","14":"instock","15":"taxable","16":"shipping-taxable","17":"purchasable","18":"product-type-variable"},"yoast_head":"<!-- This site is optimized with the Yoast SEO plugin v27.3 - https:\/\/yoast.com\/product\/yoast-seo-wordpress\/ -->\n<title>Vit &amp; Min Vetexpert - V\u00e9torino<\/title>\n<meta name=\"description\" content=\"Aliment compl\u00e9mentaire pour chats et chiens, apportant des vitamines et des min\u00e9raux soigneusement s\u00e9lectionn\u00e9s con\u00e7us pour \u00e9quilibrer les rations m\u00e9nag\u00e8res et r\u00e9pondre \u00e0 une demande alimentaire accrue.  Utilisation :   Gestation, lactation et croissance.  Chiens \u00e2g\u00e9s.  Convalescence de troubles ayant entrain\u00e9e une baisse d&#039;app\u00e9tit marqu\u00e9e.  Malassimilation, malabsorption ou transit acc\u00e9l\u00e9r\u00e9.  Activit\u00e9 soutenue : sport, chasse, travail.  Demandez conseil \u00e0 votre v\u00e9t\u00e9rinaire.\" \/>\n<meta name=\"robots\" content=\"noindex, nofollow\" \/>\n<meta property=\"og:locale\" content=\"fr_FR\" \/>\n<meta property=\"og:type\" content=\"article\" \/>\n<meta property=\"og:title\" content=\"Vit &amp; Min Vetexpert - V\u00e9torino\" \/>\n<meta property=\"og:description\" content=\"Aliment compl\u00e9mentaire pour chats et chiens, apportant des vitamines et des min\u00e9raux soigneusement s\u00e9lectionn\u00e9s con\u00e7us pour \u00e9quilibrer les rations m\u00e9nag\u00e8res et r\u00e9pondre \u00e0 une demande alimentaire accrue.  Utilisation :   Gestation, lactation et croissance.  Chiens \u00e2g\u00e9s.  Convalescence de troubles ayant entrain\u00e9e une baisse d&#039;app\u00e9tit marqu\u00e9e.  Malassimilation, malabsorption ou transit acc\u00e9l\u00e9r\u00e9.  Activit\u00e9 soutenue : sport, chasse, travail.  Demandez conseil \u00e0 votre v\u00e9t\u00e9rinaire.\" \/>\n<meta property=\"og:url\" content=\"https:\/\/www.vetorino.com\/veterinaire\/plouzevede-29440\/boutique\/product\/vetexpert-vitmin\/\" \/>\n<meta property=\"og:site_name\" content=\"V\u00e9torino\" \/>\n<meta property=\"article:publisher\" content=\"https:\/\/www.facebook.com\/Vetorino\/\" \/>\n<meta property=\"article:modified_time\" content=\"2026-02-11T13:28:26+00:00\" \/>\n<meta property=\"og:image\" content=\"https:\/\/www.vetorino.com\/boutique\/wp-content\/uploads\/2021\/05\/vit-min-1.webp\" \/>\n\t<meta property=\"og:image:width\" content=\"800\" \/>\n\t<meta property=\"og:image:height\" content=\"800\" \/>\n\t<meta property=\"og:image:type\" content=\"image\/webp\" \/>\n<meta name=\"twitter:card\" content=\"summary_large_image\" \/>\n<meta name=\"twitter:label1\" content=\"Disponibilit\u00e9\" \/>\n\t<meta name=\"twitter:data1\" content=\"En stock\" \/>\n<script type=\"application\/ld+json\" class=\"yoast-schema-graph\">{\"@context\":\"https:\\\/\\\/schema.org\",\"@graph\":[{\"@type\":\"WebPage\",\"@id\":\"https:\\\/\\\/www.vetorino.com\\\/boutique\\\/product\\\/vetexpert-vitmin\\\/\",\"url\":\"https:\\\/\\\/www.vetorino.com\\\/boutique\\\/product\\\/vetexpert-vitmin\\\/\",\"name\":\"Vit &amp; Min Vetexpert - V\u00e9torino\",\"isPartOf\":{\"@id\":\"https:\\\/\\\/www.vetorino.com\\\/boutique\\\/#website\"},\"primaryImageOfPage\":{\"@id\":\"https:\\\/\\\/www.vetorino.com\\\/boutique\\\/product\\\/vetexpert-vitmin\\\/#primaryimage\"},\"image\":{\"@id\":\"https:\\\/\\\/www.vetorino.com\\\/boutique\\\/product\\\/vetexpert-vitmin\\\/#primaryimage\"},\"thumbnailUrl\":\"https:\\\/\\\/www.vetorino.com\\\/boutique\\\/wp-content\\\/uploads\\\/2021\\\/05\\\/vit-min-1.webp\",\"datePublished\":\"2021-05-31T18:25:20+00:00\",\"dateModified\":\"2026-02-11T13:28:26+00:00\",\"description\":\"Aliment compl\u00e9mentaire pour chats et chiens, apportant des vitamines et des min\u00e9raux soigneusement s\u00e9lectionn\u00e9s con\u00e7us pour \u00e9quilibrer les rations m\u00e9nag\u00e8res et r\u00e9pondre \u00e0 une demande alimentaire accrue. Utilisation : Gestation, lactation et croissance. Chiens \u00e2g\u00e9s. Convalescence de troubles ayant entrain\u00e9e une baisse d'app\u00e9tit marqu\u00e9e. Malassimilation, malabsorption ou transit acc\u00e9l\u00e9r\u00e9. Activit\u00e9 soutenue : sport, chasse, travail. Demandez conseil \u00e0 votre v\u00e9t\u00e9rinaire.\",\"breadcrumb\":{\"@id\":\"https:\\\/\\\/www.vetorino.com\\\/boutique\\\/product\\\/vetexpert-vitmin\\\/#breadcrumb\"},\"inLanguage\":\"fr-FR\",\"potentialAction\":[{\"@type\":\"ReadAction\",\"target\":[\"https:\\\/\\\/www.vetorino.com\\\/boutique\\\/product\\\/vetexpert-vitmin\\\/\"]}]},{\"@type\":\"ImageObject\",\"inLanguage\":\"fr-FR\",\"@id\":\"https:\\\/\\\/www.vetorino.com\\\/boutique\\\/product\\\/vetexpert-vitmin\\\/#primaryimage\",\"url\":\"https:\\\/\\\/www.vetorino.com\\\/boutique\\\/wp-content\\\/uploads\\\/2021\\\/05\\\/vit-min-1.webp\",\"contentUrl\":\"https:\\\/\\\/www.vetorino.com\\\/boutique\\\/wp-content\\\/uploads\\\/2021\\\/05\\\/vit-min-1.webp\",\"width\":800,\"height\":800},{\"@type\":\"BreadcrumbList\",\"@id\":\"https:\\\/\\\/www.vetorino.com\\\/boutique\\\/product\\\/vetexpert-vitmin\\\/#breadcrumb\",\"itemListElement\":[{\"@type\":\"ListItem\",\"position\":1,\"name\":\"Accueil\",\"item\":\"https:\\\/\\\/www.vetorino.com\\\/boutique\\\/\"},{\"@type\":\"ListItem\",\"position\":2,\"name\":\"Produits\",\"item\":\"https:\\\/\\\/www.vetorino.com\\\/boutique\\\/\"},{\"@type\":\"ListItem\",\"position\":3,\"name\":\"Vit &amp; Min\"}]},{\"@type\":\"WebSite\",\"@id\":\"https:\\\/\\\/www.vetorino.com\\\/boutique\\\/#website\",\"url\":\"https:\\\/\\\/www.vetorino.com\\\/boutique\\\/\",\"name\":\"V\u00e9torino\",\"description\":\"\",\"publisher\":{\"@id\":\"https:\\\/\\\/www.vetorino.com\\\/boutique\\\/#organization\"},\"potentialAction\":[{\"@type\":\"SearchAction\",\"target\":{\"@type\":\"EntryPoint\",\"urlTemplate\":\"https:\\\/\\\/www.vetorino.com\\\/boutique\\\/?s={search_term_string}\"},\"query-input\":{\"@type\":\"PropertyValueSpecification\",\"valueRequired\":true,\"valueName\":\"search_term_string\"}}],\"inLanguage\":\"fr-FR\"},{\"@type\":\"Organization\",\"@id\":\"https:\\\/\\\/www.vetorino.com\\\/boutique\\\/#organization\",\"name\":\"V\u00e9torino\",\"url\":\"https:\\\/\\\/www.vetorino.com\\\/boutique\\\/\",\"logo\":{\"@type\":\"ImageObject\",\"inLanguage\":\"fr-FR\",\"@id\":\"https:\\\/\\\/www.vetorino.com\\\/boutique\\\/#\\\/schema\\\/logo\\\/image\\\/\",\"url\":\"https:\\\/\\\/www.vetorino.com\\\/boutique\\\/wp-content\\\/uploads\\\/2024\\\/10\\\/logo.jpg\",\"contentUrl\":\"https:\\\/\\\/www.vetorino.com\\\/boutique\\\/wp-content\\\/uploads\\\/2024\\\/10\\\/logo.jpg\",\"width\":1200,\"height\":610,\"caption\":\"V\u00e9torino\"},\"image\":{\"@id\":\"https:\\\/\\\/www.vetorino.com\\\/boutique\\\/#\\\/schema\\\/logo\\\/image\\\/\"},\"sameAs\":[\"https:\\\/\\\/www.facebook.com\\\/Vetorino\\\/\",\"https:\\\/\\\/www.instagram.com\\\/vetorino_off\\\/\",\"https:\\\/\\\/www.linkedin.com\\\/company\\\/vtorino\\\/\"]}]}<\/script>\n<meta property=\"product:brand\" content=\"Vetexpert\" \/>\n<meta property=\"og:availability\" content=\"instock\" \/>\n<meta property=\"product:availability\" content=\"instock\" \/>\n<meta property=\"product:condition\" content=\"new\" \/>\n<!-- \/ Yoast SEO plugin. -->","yoast_head_json":{"title":"Vit &amp; Min Vetexpert - V\u00e9torino","description":"Aliment compl\u00e9mentaire pour chats et chiens, apportant des vitamines et des min\u00e9raux soigneusement s\u00e9lectionn\u00e9s con\u00e7us pour \u00e9quilibrer les rations m\u00e9nag\u00e8res et r\u00e9pondre \u00e0 une demande alimentaire accrue.  Utilisation :   Gestation, lactation et croissance.  Chiens \u00e2g\u00e9s.  Convalescence de troubles ayant entrain\u00e9e une baisse d'app\u00e9tit marqu\u00e9e.  Malassimilation, malabsorption ou transit acc\u00e9l\u00e9r\u00e9.  Activit\u00e9 soutenue : sport, chasse, travail.  Demandez conseil \u00e0 votre v\u00e9t\u00e9rinaire.","robots":{"index":"noindex","follow":"nofollow"},"og_locale":"fr_FR","og_type":"article","og_title":"Vit &amp; Min Vetexpert - V\u00e9torino","og_description":"Aliment compl\u00e9mentaire pour chats et chiens, apportant des vitamines et des min\u00e9raux soigneusement s\u00e9lectionn\u00e9s con\u00e7us pour \u00e9quilibrer les rations m\u00e9nag\u00e8res et r\u00e9pondre \u00e0 une demande alimentaire accrue.  Utilisation :   Gestation, lactation et croissance.  Chiens \u00e2g\u00e9s.  Convalescence de troubles ayant entrain\u00e9e une baisse d'app\u00e9tit marqu\u00e9e.  Malassimilation, malabsorption ou transit acc\u00e9l\u00e9r\u00e9.  Activit\u00e9 soutenue : sport, chasse, travail.  Demandez conseil \u00e0 votre v\u00e9t\u00e9rinaire.","og_url":"https:\/\/www.vetorino.com\/veterinaire\/plouzevede-29440\/boutique\/product\/vetexpert-vitmin\/","og_site_name":"V\u00e9torino","article_publisher":"https:\/\/www.facebook.com\/Vetorino\/","article_modified_time":"2026-02-11T13:28:26+00:00","og_image":[{"width":800,"height":800,"url":"https:\/\/www.vetorino.com\/boutique\/wp-content\/uploads\/2021\/05\/vit-min-1.webp","type":"image\/webp"}],"twitter_card":"summary_large_image","twitter_misc":{"Disponibilit\u00e9":"En stock"},"schema":{"@context":"https:\/\/schema.org","@graph":[{"@type":"WebPage","@id":"https:\/\/www.vetorino.com\/boutique\/product\/vetexpert-vitmin\/","url":"https:\/\/www.vetorino.com\/boutique\/product\/vetexpert-vitmin\/","name":"Vit &amp; Min Vetexpert - V\u00e9torino","isPartOf":{"@id":"https:\/\/www.vetorino.com\/boutique\/#website"},"primaryImageOfPage":{"@id":"https:\/\/www.vetorino.com\/boutique\/product\/vetexpert-vitmin\/#primaryimage"},"image":{"@id":"https:\/\/www.vetorino.com\/boutique\/product\/vetexpert-vitmin\/#primaryimage"},"thumbnailUrl":"https:\/\/www.vetorino.com\/boutique\/wp-content\/uploads\/2021\/05\/vit-min-1.webp","datePublished":"2021-05-31T18:25:20+00:00","dateModified":"2026-02-11T13:28:26+00:00","description":"Aliment compl\u00e9mentaire pour chats et chiens, apportant des vitamines et des min\u00e9raux soigneusement s\u00e9lectionn\u00e9s con\u00e7us pour \u00e9quilibrer les rations m\u00e9nag\u00e8res et r\u00e9pondre \u00e0 une demande alimentaire accrue. Utilisation : Gestation, lactation et croissance. Chiens \u00e2g\u00e9s. Convalescence de troubles ayant entrain\u00e9e une baisse d'app\u00e9tit marqu\u00e9e. Malassimilation, malabsorption ou transit acc\u00e9l\u00e9r\u00e9. Activit\u00e9 soutenue : sport, chasse, travail. Demandez conseil \u00e0 votre v\u00e9t\u00e9rinaire.","breadcrumb":{"@id":"https:\/\/www.vetorino.com\/boutique\/product\/vetexpert-vitmin\/#breadcrumb"},"inLanguage":"fr-FR","potentialAction":[{"@type":"ReadAction","target":["https:\/\/www.vetorino.com\/boutique\/product\/vetexpert-vitmin\/"]}]},{"@type":"ImageObject","inLanguage":"fr-FR","@id":"https:\/\/www.vetorino.com\/boutique\/product\/vetexpert-vitmin\/#primaryimage","url":"https:\/\/www.vetorino.com\/boutique\/wp-content\/uploads\/2021\/05\/vit-min-1.webp","contentUrl":"https:\/\/www.vetorino.com\/boutique\/wp-content\/uploads\/2021\/05\/vit-min-1.webp","width":800,"height":800},{"@type":"BreadcrumbList","@id":"https:\/\/www.vetorino.com\/boutique\/product\/vetexpert-vitmin\/#breadcrumb","itemListElement":[{"@type":"ListItem","position":1,"name":"Accueil","item":"https:\/\/www.vetorino.com\/boutique\/"},{"@type":"ListItem","position":2,"name":"Produits","item":"https:\/\/www.vetorino.com\/boutique\/"},{"@type":"ListItem","position":3,"name":"Vit &amp; Min"}]},{"@type":"WebSite","@id":"https:\/\/www.vetorino.com\/boutique\/#website","url":"https:\/\/www.vetorino.com\/boutique\/","name":"V\u00e9torino","description":"","publisher":{"@id":"https:\/\/www.vetorino.com\/boutique\/#organization"},"potentialAction":[{"@type":"SearchAction","target":{"@type":"EntryPoint","urlTemplate":"https:\/\/www.vetorino.com\/boutique\/?s={search_term_string}"},"query-input":{"@type":"PropertyValueSpecification","valueRequired":true,"valueName":"search_term_string"}}],"inLanguage":"fr-FR"},{"@type":"Organization","@id":"https:\/\/www.vetorino.com\/boutique\/#organization","name":"V\u00e9torino","url":"https:\/\/www.vetorino.com\/boutique\/","logo":{"@type":"ImageObject","inLanguage":"fr-FR","@id":"https:\/\/www.vetorino.com\/boutique\/#\/schema\/logo\/image\/","url":"https:\/\/www.vetorino.com\/boutique\/wp-content\/uploads\/2024\/10\/logo.jpg","contentUrl":"https:\/\/www.vetorino.com\/boutique\/wp-content\/uploads\/2024\/10\/logo.jpg","width":1200,"height":610,"caption":"V\u00e9torino"},"image":{"@id":"https:\/\/www.vetorino.com\/boutique\/#\/schema\/logo\/image\/"},"sameAs":["https:\/\/www.facebook.com\/Vetorino\/","https:\/\/www.instagram.com\/vetorino_off\/","https:\/\/www.linkedin.com\/company\/vtorino\/"]}]},"product_brand":"Vetexpert","og_availability":"instock","product_availability":"instock","product_condition":"new"},"_links":{"self":[{"href":"https:\/\/www.vetorino.com\/veterinaire\/plouzevede-29440\/boutique\/wp-json\/wp\/v2\/product\/186859","targetHints":{"allow":["GET"]}}],"collection":[{"href":"https:\/\/www.vetorino.com\/veterinaire\/plouzevede-29440\/boutique\/wp-json\/wp\/v2\/product"}],"about":[{"href":"https:\/\/www.vetorino.com\/veterinaire\/plouzevede-29440\/boutique\/wp-json\/wp\/v2\/types\/product"}],"wp:featuredmedia":[{"embeddable":true,"href":"https:\/\/www.vetorino.com\/veterinaire\/plouzevede-29440\/boutique\/wp-json\/wp\/v2\/media\/1698129"}],"wp:attachment":[{"href":"https:\/\/www.vetorino.com\/veterinaire\/plouzevede-29440\/boutique\/wp-json\/wp\/v2\/media?parent=186859"}],"wp:term":[{"taxonomy":"product_cat","embeddable":true,"href":"https:\/\/www.vetorino.com\/veterinaire\/plouzevede-29440\/boutique\/wp-json\/wp\/v2\/product_cat?post=186859"},{"taxonomy":"product_tag","embeddable":true,"href":"https:\/\/www.vetorino.com\/veterinaire\/plouzevede-29440\/boutique\/wp-json\/wp\/v2\/product_tag?post=186859"}],"curies":[{"name":"wp","href":"https:\/\/api.w.org\/{rel}","templated":true}]}}