{"id":186874,"date":"2021-05-31T20:25:32","date_gmt":"2021-05-31T18:25:32","guid":{"rendered":"https:\/\/www.vetorino.com\/boutique\/product\/vetexpert-senio-top-s\/"},"modified":"2026-02-09T12:00:03","modified_gmt":"2026-02-09T11:00:03","slug":"vetexpert-senio-top-s","status":"publish","type":"product","link":"https:\/\/www.vetorino.com\/veterinaire\/plouzevede-29440\/boutique\/product\/vetexpert-senio-top-s\/","title":{"rendered":"Senio Top S"},"content":{"rendered":"<p><strong>Aliment compl\u00e9mentaire destin\u00e9 \u00e0 att\u00e9nuer les effets du vieillissement.<\/strong><\/p>\n<p>Recommand\u00e9 pour les chiens plus \u00e2g\u00e9s afin de <strong>soutenir le m\u00e9tabolisme \u00e9nerg\u00e9tique, la performance et la vitalit\u00e9 de l&#8217;organisme. <\/strong><\/p>\n<p>Il contribue au maintien du <strong>bon fonctionnement des articulations, des os et des muscles<\/strong> ainsi que du<strong> syst\u00e8me immunitaire.<\/strong><\/p>\n<p><strong>Utilisation :<\/strong><\/p>\n<ul>\n<li>Chien \u00e2g\u00e9 pesant moins de 15 kg<\/li>\n<\/ul>\n<p><strong>Avantages :<\/strong><\/p>\n<ul>\n<li>Associe glucosamine, beta-glucane, HMB, L-carnitine, lut\u00e9ine, omega 3 et acide alpha-lipo\u00efque<\/li>\n<li>Am\u00e9liore la qualit\u00e9 de vie du chien senior.<\/li>\n<\/ul>\n<p><strong>Mode d&#8217;emploi :<\/strong><\/p>\n<ul>\n<li>Chien pesant jusqu&#8217;\u00e0 7,5 kg : 1 comprim\u00e9 par jour.<\/li>\n<li>Chien pesant de 7,5 \u00e0 15 kg : 2 comprim\u00e9s par jour.<\/li>\n<\/ul>\n","protected":false},"excerpt":{"rendered":"<p><strong>Aliment compl\u00e9mentaire destin\u00e9 \u00e0 att\u00e9nuer les effets du vieillissement.<\/strong><\/p>\n<p>Recommand\u00e9 pour les chiens plus \u00e2g\u00e9s afin de <strong>soutenir le m\u00e9tabolisme \u00e9nerg\u00e9tique, la performance et la vitalit\u00e9 de l&#8217;organisme. <\/strong><\/p>\n<p>Il contribue au maintien du <strong>bon fonctionnement des articulations, des os et des muscles<\/strong> ainsi que du<strong> syst\u00e8me immunitaire.<\/strong><\/p>\n<p><strong>Utilisation :<\/strong><\/p>\n<ul>\n<li>Chien \u00e2g\u00e9 pesant moins de 15 kg<\/li>\n<\/ul>\n<p><strong>Demander conseil \u00e0 un v\u00e9t\u00e9rinaire avant utilisation.<\/strong><\/p>\n","protected":false},"featured_media":959106,"template":"","meta":[],"product_cat":[2738,2698],"product_tag":[],"class_list":{"0":"post-186874","1":"product","2":"type-product","3":"status-publish","4":"has-post-thumbnail","6":"product_cat-aliments-complementaires-pour-chien","7":"product_cat-chien","8":"pa_marque-vetexpert","10":"first","11":"instock","12":"taxable","13":"shipping-taxable","14":"purchasable","15":"product-type-variable"},"yoast_head":"<!-- This site is optimized with the Yoast SEO plugin v27.3 - https:\/\/yoast.com\/product\/yoast-seo-wordpress\/ -->\n<title>Senio Top S Vetexpert - V\u00e9torino<\/title>\n<meta name=\"description\" content=\"Aliment compl\u00e9mentaire destin\u00e9 \u00e0 att\u00e9nuer les effets du vieillissement.  Recommand\u00e9 pour les chiens plus \u00e2g\u00e9s afin de soutenir le m\u00e9tabolisme \u00e9nerg\u00e9tique, la performance et la vitalit\u00e9 de l&#039;organisme.   Il contribue au maintien du bon fonctionnement des articulations, des os et des muscles ainsi que du syst\u00e8me immunitaire.  Utilisation :   Chien \u00e2g\u00e9 pesant moins de 15 kg  Demander conseil \u00e0 un v\u00e9t\u00e9rinaire avant utilisation.\" \/>\n<meta name=\"robots\" content=\"noindex, nofollow\" \/>\n<meta property=\"og:locale\" content=\"fr_FR\" \/>\n<meta property=\"og:type\" content=\"article\" \/>\n<meta property=\"og:title\" content=\"Senio Top S Vetexpert - V\u00e9torino\" \/>\n<meta property=\"og:description\" content=\"Aliment compl\u00e9mentaire destin\u00e9 \u00e0 att\u00e9nuer les effets du vieillissement.  Recommand\u00e9 pour les chiens plus \u00e2g\u00e9s afin de soutenir le m\u00e9tabolisme \u00e9nerg\u00e9tique, la performance et la vitalit\u00e9 de l&#039;organisme.   Il contribue au maintien du bon fonctionnement des articulations, des os et des muscles ainsi que du syst\u00e8me immunitaire.  Utilisation :   Chien \u00e2g\u00e9 pesant moins de 15 kg  Demander conseil \u00e0 un v\u00e9t\u00e9rinaire avant utilisation.\" \/>\n<meta property=\"og:url\" content=\"https:\/\/www.vetorino.com\/veterinaire\/plouzevede-29440\/boutique\/product\/vetexpert-senio-top-s\/\" \/>\n<meta property=\"og:site_name\" content=\"V\u00e9torino\" \/>\n<meta property=\"article:publisher\" content=\"https:\/\/www.facebook.com\/Vetorino\/\" \/>\n<meta property=\"article:modified_time\" content=\"2026-02-09T11:00:03+00:00\" \/>\n<meta property=\"og:image\" content=\"https:\/\/www.vetorino.com\/boutique\/wp-content\/uploads\/2021\/05\/vetexpert-senio-top-s.png\" \/>\n\t<meta property=\"og:image:width\" content=\"800\" \/>\n\t<meta property=\"og:image:height\" content=\"800\" \/>\n\t<meta property=\"og:image:type\" content=\"image\/png\" \/>\n<meta name=\"twitter:card\" content=\"summary_large_image\" \/>\n<meta name=\"twitter:label1\" content=\"Disponibilit\u00e9\" \/>\n\t<meta name=\"twitter:data1\" content=\"En stock\" \/>\n<script type=\"application\/ld+json\" class=\"yoast-schema-graph\">{\"@context\":\"https:\\\/\\\/schema.org\",\"@graph\":[{\"@type\":\"WebPage\",\"@id\":\"https:\\\/\\\/www.vetorino.com\\\/boutique\\\/product\\\/vetexpert-senio-top-s\\\/\",\"url\":\"https:\\\/\\\/www.vetorino.com\\\/boutique\\\/product\\\/vetexpert-senio-top-s\\\/\",\"name\":\"Senio Top S Vetexpert - V\u00e9torino\",\"isPartOf\":{\"@id\":\"https:\\\/\\\/www.vetorino.com\\\/boutique\\\/#website\"},\"primaryImageOfPage\":{\"@id\":\"https:\\\/\\\/www.vetorino.com\\\/boutique\\\/product\\\/vetexpert-senio-top-s\\\/#primaryimage\"},\"image\":{\"@id\":\"https:\\\/\\\/www.vetorino.com\\\/boutique\\\/product\\\/vetexpert-senio-top-s\\\/#primaryimage\"},\"thumbnailUrl\":\"https:\\\/\\\/www.vetorino.com\\\/boutique\\\/wp-content\\\/uploads\\\/2021\\\/05\\\/vetexpert-senio-top-s.png\",\"datePublished\":\"2021-05-31T18:25:32+00:00\",\"dateModified\":\"2026-02-09T11:00:03+00:00\",\"description\":\"Aliment compl\u00e9mentaire destin\u00e9 \u00e0 att\u00e9nuer les effets du vieillissement. Recommand\u00e9 pour les chiens plus \u00e2g\u00e9s afin de soutenir le m\u00e9tabolisme \u00e9nerg\u00e9tique, la performance et la vitalit\u00e9 de l'organisme. Il contribue au maintien du bon fonctionnement des articulations, des os et des muscles ainsi que du syst\u00e8me immunitaire. Utilisation : Chien \u00e2g\u00e9 pesant moins de 15 kg Demander conseil \u00e0 un v\u00e9t\u00e9rinaire avant utilisation.\",\"breadcrumb\":{\"@id\":\"https:\\\/\\\/www.vetorino.com\\\/boutique\\\/product\\\/vetexpert-senio-top-s\\\/#breadcrumb\"},\"inLanguage\":\"fr-FR\",\"potentialAction\":[{\"@type\":\"ReadAction\",\"target\":[\"https:\\\/\\\/www.vetorino.com\\\/boutique\\\/product\\\/vetexpert-senio-top-s\\\/\"]}]},{\"@type\":\"ImageObject\",\"inLanguage\":\"fr-FR\",\"@id\":\"https:\\\/\\\/www.vetorino.com\\\/boutique\\\/product\\\/vetexpert-senio-top-s\\\/#primaryimage\",\"url\":\"https:\\\/\\\/www.vetorino.com\\\/boutique\\\/wp-content\\\/uploads\\\/2021\\\/05\\\/vetexpert-senio-top-s.png\",\"contentUrl\":\"https:\\\/\\\/www.vetorino.com\\\/boutique\\\/wp-content\\\/uploads\\\/2021\\\/05\\\/vetexpert-senio-top-s.png\",\"width\":800,\"height\":800},{\"@type\":\"BreadcrumbList\",\"@id\":\"https:\\\/\\\/www.vetorino.com\\\/boutique\\\/product\\\/vetexpert-senio-top-s\\\/#breadcrumb\",\"itemListElement\":[{\"@type\":\"ListItem\",\"position\":1,\"name\":\"Accueil\",\"item\":\"https:\\\/\\\/www.vetorino.com\\\/boutique\\\/\"},{\"@type\":\"ListItem\",\"position\":2,\"name\":\"Produits\",\"item\":\"https:\\\/\\\/www.vetorino.com\\\/boutique\\\/\"},{\"@type\":\"ListItem\",\"position\":3,\"name\":\"Senio Top S\"}]},{\"@type\":\"WebSite\",\"@id\":\"https:\\\/\\\/www.vetorino.com\\\/boutique\\\/#website\",\"url\":\"https:\\\/\\\/www.vetorino.com\\\/boutique\\\/\",\"name\":\"V\u00e9torino\",\"description\":\"\",\"publisher\":{\"@id\":\"https:\\\/\\\/www.vetorino.com\\\/boutique\\\/#organization\"},\"potentialAction\":[{\"@type\":\"SearchAction\",\"target\":{\"@type\":\"EntryPoint\",\"urlTemplate\":\"https:\\\/\\\/www.vetorino.com\\\/boutique\\\/?s={search_term_string}\"},\"query-input\":{\"@type\":\"PropertyValueSpecification\",\"valueRequired\":true,\"valueName\":\"search_term_string\"}}],\"inLanguage\":\"fr-FR\"},{\"@type\":\"Organization\",\"@id\":\"https:\\\/\\\/www.vetorino.com\\\/boutique\\\/#organization\",\"name\":\"V\u00e9torino\",\"url\":\"https:\\\/\\\/www.vetorino.com\\\/boutique\\\/\",\"logo\":{\"@type\":\"ImageObject\",\"inLanguage\":\"fr-FR\",\"@id\":\"https:\\\/\\\/www.vetorino.com\\\/boutique\\\/#\\\/schema\\\/logo\\\/image\\\/\",\"url\":\"https:\\\/\\\/www.vetorino.com\\\/boutique\\\/wp-content\\\/uploads\\\/2024\\\/10\\\/logo.jpg\",\"contentUrl\":\"https:\\\/\\\/www.vetorino.com\\\/boutique\\\/wp-content\\\/uploads\\\/2024\\\/10\\\/logo.jpg\",\"width\":1200,\"height\":610,\"caption\":\"V\u00e9torino\"},\"image\":{\"@id\":\"https:\\\/\\\/www.vetorino.com\\\/boutique\\\/#\\\/schema\\\/logo\\\/image\\\/\"},\"sameAs\":[\"https:\\\/\\\/www.facebook.com\\\/Vetorino\\\/\",\"https:\\\/\\\/www.instagram.com\\\/vetorino_off\\\/\",\"https:\\\/\\\/www.linkedin.com\\\/company\\\/vtorino\\\/\"]}]}<\/script>\n<meta property=\"product:brand\" content=\"Vetexpert\" \/>\n<meta property=\"og:availability\" content=\"instock\" \/>\n<meta property=\"product:availability\" content=\"instock\" \/>\n<meta property=\"product:condition\" content=\"new\" \/>\n<!-- \/ Yoast SEO plugin. -->","yoast_head_json":{"title":"Senio Top S Vetexpert - V\u00e9torino","description":"Aliment compl\u00e9mentaire destin\u00e9 \u00e0 att\u00e9nuer les effets du vieillissement.  Recommand\u00e9 pour les chiens plus \u00e2g\u00e9s afin de soutenir le m\u00e9tabolisme \u00e9nerg\u00e9tique, la performance et la vitalit\u00e9 de l'organisme.   Il contribue au maintien du bon fonctionnement des articulations, des os et des muscles ainsi que du syst\u00e8me immunitaire.  Utilisation :   Chien \u00e2g\u00e9 pesant moins de 15 kg  Demander conseil \u00e0 un v\u00e9t\u00e9rinaire avant utilisation.","robots":{"index":"noindex","follow":"nofollow"},"og_locale":"fr_FR","og_type":"article","og_title":"Senio Top S Vetexpert - V\u00e9torino","og_description":"Aliment compl\u00e9mentaire destin\u00e9 \u00e0 att\u00e9nuer les effets du vieillissement.  Recommand\u00e9 pour les chiens plus \u00e2g\u00e9s afin de soutenir le m\u00e9tabolisme \u00e9nerg\u00e9tique, la performance et la vitalit\u00e9 de l'organisme.   Il contribue au maintien du bon fonctionnement des articulations, des os et des muscles ainsi que du syst\u00e8me immunitaire.  Utilisation :   Chien \u00e2g\u00e9 pesant moins de 15 kg  Demander conseil \u00e0 un v\u00e9t\u00e9rinaire avant utilisation.","og_url":"https:\/\/www.vetorino.com\/veterinaire\/plouzevede-29440\/boutique\/product\/vetexpert-senio-top-s\/","og_site_name":"V\u00e9torino","article_publisher":"https:\/\/www.facebook.com\/Vetorino\/","article_modified_time":"2026-02-09T11:00:03+00:00","og_image":[{"width":800,"height":800,"url":"https:\/\/www.vetorino.com\/boutique\/wp-content\/uploads\/2021\/05\/vetexpert-senio-top-s.png","type":"image\/png"}],"twitter_card":"summary_large_image","twitter_misc":{"Disponibilit\u00e9":"En stock"},"schema":{"@context":"https:\/\/schema.org","@graph":[{"@type":"WebPage","@id":"https:\/\/www.vetorino.com\/boutique\/product\/vetexpert-senio-top-s\/","url":"https:\/\/www.vetorino.com\/boutique\/product\/vetexpert-senio-top-s\/","name":"Senio Top S Vetexpert - V\u00e9torino","isPartOf":{"@id":"https:\/\/www.vetorino.com\/boutique\/#website"},"primaryImageOfPage":{"@id":"https:\/\/www.vetorino.com\/boutique\/product\/vetexpert-senio-top-s\/#primaryimage"},"image":{"@id":"https:\/\/www.vetorino.com\/boutique\/product\/vetexpert-senio-top-s\/#primaryimage"},"thumbnailUrl":"https:\/\/www.vetorino.com\/boutique\/wp-content\/uploads\/2021\/05\/vetexpert-senio-top-s.png","datePublished":"2021-05-31T18:25:32+00:00","dateModified":"2026-02-09T11:00:03+00:00","description":"Aliment compl\u00e9mentaire destin\u00e9 \u00e0 att\u00e9nuer les effets du vieillissement. Recommand\u00e9 pour les chiens plus \u00e2g\u00e9s afin de soutenir le m\u00e9tabolisme \u00e9nerg\u00e9tique, la performance et la vitalit\u00e9 de l'organisme. Il contribue au maintien du bon fonctionnement des articulations, des os et des muscles ainsi que du syst\u00e8me immunitaire. Utilisation : Chien \u00e2g\u00e9 pesant moins de 15 kg Demander conseil \u00e0 un v\u00e9t\u00e9rinaire avant utilisation.","breadcrumb":{"@id":"https:\/\/www.vetorino.com\/boutique\/product\/vetexpert-senio-top-s\/#breadcrumb"},"inLanguage":"fr-FR","potentialAction":[{"@type":"ReadAction","target":["https:\/\/www.vetorino.com\/boutique\/product\/vetexpert-senio-top-s\/"]}]},{"@type":"ImageObject","inLanguage":"fr-FR","@id":"https:\/\/www.vetorino.com\/boutique\/product\/vetexpert-senio-top-s\/#primaryimage","url":"https:\/\/www.vetorino.com\/boutique\/wp-content\/uploads\/2021\/05\/vetexpert-senio-top-s.png","contentUrl":"https:\/\/www.vetorino.com\/boutique\/wp-content\/uploads\/2021\/05\/vetexpert-senio-top-s.png","width":800,"height":800},{"@type":"BreadcrumbList","@id":"https:\/\/www.vetorino.com\/boutique\/product\/vetexpert-senio-top-s\/#breadcrumb","itemListElement":[{"@type":"ListItem","position":1,"name":"Accueil","item":"https:\/\/www.vetorino.com\/boutique\/"},{"@type":"ListItem","position":2,"name":"Produits","item":"https:\/\/www.vetorino.com\/boutique\/"},{"@type":"ListItem","position":3,"name":"Senio Top S"}]},{"@type":"WebSite","@id":"https:\/\/www.vetorino.com\/boutique\/#website","url":"https:\/\/www.vetorino.com\/boutique\/","name":"V\u00e9torino","description":"","publisher":{"@id":"https:\/\/www.vetorino.com\/boutique\/#organization"},"potentialAction":[{"@type":"SearchAction","target":{"@type":"EntryPoint","urlTemplate":"https:\/\/www.vetorino.com\/boutique\/?s={search_term_string}"},"query-input":{"@type":"PropertyValueSpecification","valueRequired":true,"valueName":"search_term_string"}}],"inLanguage":"fr-FR"},{"@type":"Organization","@id":"https:\/\/www.vetorino.com\/boutique\/#organization","name":"V\u00e9torino","url":"https:\/\/www.vetorino.com\/boutique\/","logo":{"@type":"ImageObject","inLanguage":"fr-FR","@id":"https:\/\/www.vetorino.com\/boutique\/#\/schema\/logo\/image\/","url":"https:\/\/www.vetorino.com\/boutique\/wp-content\/uploads\/2024\/10\/logo.jpg","contentUrl":"https:\/\/www.vetorino.com\/boutique\/wp-content\/uploads\/2024\/10\/logo.jpg","width":1200,"height":610,"caption":"V\u00e9torino"},"image":{"@id":"https:\/\/www.vetorino.com\/boutique\/#\/schema\/logo\/image\/"},"sameAs":["https:\/\/www.facebook.com\/Vetorino\/","https:\/\/www.instagram.com\/vetorino_off\/","https:\/\/www.linkedin.com\/company\/vtorino\/"]}]},"product_brand":"Vetexpert","og_availability":"instock","product_availability":"instock","product_condition":"new"},"_links":{"self":[{"href":"https:\/\/www.vetorino.com\/veterinaire\/plouzevede-29440\/boutique\/wp-json\/wp\/v2\/product\/186874","targetHints":{"allow":["GET"]}}],"collection":[{"href":"https:\/\/www.vetorino.com\/veterinaire\/plouzevede-29440\/boutique\/wp-json\/wp\/v2\/product"}],"about":[{"href":"https:\/\/www.vetorino.com\/veterinaire\/plouzevede-29440\/boutique\/wp-json\/wp\/v2\/types\/product"}],"wp:featuredmedia":[{"embeddable":true,"href":"https:\/\/www.vetorino.com\/veterinaire\/plouzevede-29440\/boutique\/wp-json\/wp\/v2\/media\/959106"}],"wp:attachment":[{"href":"https:\/\/www.vetorino.com\/veterinaire\/plouzevede-29440\/boutique\/wp-json\/wp\/v2\/media?parent=186874"}],"wp:term":[{"taxonomy":"product_cat","embeddable":true,"href":"https:\/\/www.vetorino.com\/veterinaire\/plouzevede-29440\/boutique\/wp-json\/wp\/v2\/product_cat?post=186874"},{"taxonomy":"product_tag","embeddable":true,"href":"https:\/\/www.vetorino.com\/veterinaire\/plouzevede-29440\/boutique\/wp-json\/wp\/v2\/product_tag?post=186874"}],"curies":[{"name":"wp","href":"https:\/\/api.w.org\/{rel}","templated":true}]}}