{"id":186890,"date":"2021-05-31T20:25:45","date_gmt":"2021-05-31T18:25:45","guid":{"rendered":"https:\/\/www.vetorino.com\/boutique\/product\/vetexpert-art-hyal\/"},"modified":"2026-01-06T16:15:26","modified_gmt":"2026-01-06T15:15:26","slug":"vetexpert-art-hyal","status":"publish","type":"product","link":"https:\/\/www.vetorino.com\/veterinaire\/plouzevede-29440\/boutique\/product\/vetexpert-art-hyal\/","title":{"rendered":"Art-Hyal \u2013 chien"},"content":{"rendered":"<div class=\"product-description\">\n<p><strong>Aliment compl\u00e9mentaire<\/strong>\u00a0pour chiens et chats pour maintenir\u00a0<strong>le bon fonctionnement des cartilages articulaires et des articulations.<\/strong><\/p>\n<p>Il est recommand\u00e9 pour les\u00a0<strong>jeunes animaux<\/strong>\u00a0pendant la<strong>\u00a0p\u00e9riode de croissance intensive<\/strong>\u00a0ainsi que\u00a0<strong>pour les animaux plus \u00e2g\u00e9s.<\/strong><\/p>\n<\/div>\n<p>Art-Hyal associe les\u00a0<strong>3 composants les plus importants de la matrice intercellulaire du tissu cartilagineux<\/strong>\u00a0et la<strong>\u00a0vitamine C<\/strong>\u00a0:<\/p>\n<div class=\"product-description\">\n<p>La\u00a0<strong>GLUCOSAMINE<\/strong>\u00a0est n\u00e9cessaire pour la production de glycosaminoglycanes qui forment la base structurelle de la matrice extracellulaire des cartilages articulaires.<\/p>\n<p>La\u00a0<strong>CHONDROITINE<\/strong>\u00a0est utilis\u00e9 par les cartilages articulaires pour produire la matrice extracellulaire. Elle assure l\u2019hydratation correcte des cartilages articulaires, garantissant leur r\u00e9silience et leur \u00e9lasticit\u00e9.<\/p>\n<p>L\u2019<strong>ACIDE HYALURONIIQUE<\/strong>\u00a0est b\u00e9n\u00e9fique pour les animaux ayant des probl\u00e8mes articulaires et osseux tels que l\u2019arthrose. L\u2019acide hyaluronique aiderait \u00e0 r\u00e9duire l\u2019inflammation et la douleur dans les articulations, \u00e0 am\u00e9liorer la mobilit\u00e9 articulaire et \u00e0 ralentir la progression de la d\u00e9g\u00e9n\u00e9rescence articulaire.<\/p>\n<p>La\u00a0<strong>VITAMINE C<\/strong>\u00a0a des propri\u00e9t\u00e9s antioxydantes.<\/p>\n<\/div>\n","protected":false},"excerpt":{"rendered":"<p><strong>Aliment compl\u00e9mentaire<\/strong>\u00a0pour chiens et chats pour maintenir\u00a0<strong>le bon fonctionnement des cartilages articulaires et des articulations.<\/strong><\/p>\n<p>Il est recommand\u00e9 pour les\u00a0<strong>jeunes animaux<\/strong>\u00a0pendant la<strong>\u00a0p\u00e9riode de croissance intensive<\/strong>\u00a0ainsi que\u00a0<strong>pour les animaux plus \u00e2g\u00e9s.<\/strong><\/p>\n","protected":false},"featured_media":1643724,"template":"","meta":[],"product_cat":[2738,2698,12633],"product_tag":[],"class_list":{"0":"post-186890","1":"product","2":"type-product","3":"status-publish","4":"has-post-thumbnail","6":"product_cat-aliments-complementaires-pour-chien","7":"product_cat-chien","8":"product_cat-soutien-articulaire-du-chien","9":"pa_marque-vetexpert","11":"first","12":"outofstock","13":"taxable","14":"shipping-taxable","15":"purchasable","16":"product-type-simple"},"yoast_head":"<!-- This site is optimized with the Yoast SEO plugin v27.3 - https:\/\/yoast.com\/product\/yoast-seo-wordpress\/ -->\n<title>Art-Hyal \u2013 chien Vetexpert - V\u00e9torino<\/title>\n<meta name=\"description\" content=\"Aliment compl\u00e9mentaire\u00a0pour chiens et chats pour maintenir\u00a0le bon fonctionnement des cartilages articulaires et des articulations.  Il est recommand\u00e9 pour les\u00a0jeunes animaux\u00a0pendant la\u00a0p\u00e9riode de croissance intensive\u00a0ainsi que\u00a0pour les animaux plus \u00e2g\u00e9s.\" \/>\n<meta name=\"robots\" content=\"noindex, nofollow\" \/>\n<meta property=\"og:locale\" content=\"fr_FR\" \/>\n<meta property=\"og:type\" content=\"article\" \/>\n<meta property=\"og:title\" content=\"Art-Hyal \u2013 chien Vetexpert - V\u00e9torino\" \/>\n<meta property=\"og:description\" content=\"Aliment compl\u00e9mentaire\u00a0pour chiens et chats pour maintenir\u00a0le bon fonctionnement des cartilages articulaires et des articulations.  Il est recommand\u00e9 pour les\u00a0jeunes animaux\u00a0pendant la\u00a0p\u00e9riode de croissance intensive\u00a0ainsi que\u00a0pour les animaux plus \u00e2g\u00e9s.\" \/>\n<meta property=\"og:url\" content=\"https:\/\/www.vetorino.com\/veterinaire\/plouzevede-29440\/boutique\/product\/vetexpert-art-hyal\/\" \/>\n<meta property=\"og:site_name\" content=\"V\u00e9torino\" \/>\n<meta property=\"article:publisher\" content=\"https:\/\/www.facebook.com\/Vetorino\/\" \/>\n<meta property=\"article:modified_time\" content=\"2026-01-06T15:15:26+00:00\" \/>\n<meta property=\"og:image\" content=\"https:\/\/www.vetorino.com\/boutique\/wp-content\/uploads\/2020\/06\/art-hyal.webp\" \/>\n\t<meta property=\"og:image:width\" content=\"800\" \/>\n\t<meta property=\"og:image:height\" content=\"800\" \/>\n\t<meta property=\"og:image:type\" content=\"image\/webp\" \/>\n<meta name=\"twitter:card\" content=\"summary_large_image\" \/>\n<meta name=\"twitter:label1\" content=\"Prix\" \/>\n\t<meta name=\"twitter:data1\" content=\"48,42&euro;\" \/>\n\t<meta name=\"twitter:label2\" content=\"Disponibilit\u00e9\" \/>\n\t<meta name=\"twitter:data2\" content=\"Rupture de stock\" \/>\n<script type=\"application\/ld+json\" class=\"yoast-schema-graph\">{\"@context\":\"https:\\\/\\\/schema.org\",\"@graph\":[{\"@type\":\"WebPage\",\"@id\":\"https:\\\/\\\/www.vetorino.com\\\/boutique\\\/product\\\/vetexpert-art-hyal\\\/\",\"url\":\"https:\\\/\\\/www.vetorino.com\\\/boutique\\\/product\\\/vetexpert-art-hyal\\\/\",\"name\":\"Art-Hyal \u2013 chien Vetexpert - V\u00e9torino\",\"isPartOf\":{\"@id\":\"https:\\\/\\\/www.vetorino.com\\\/boutique\\\/#website\"},\"primaryImageOfPage\":{\"@id\":\"https:\\\/\\\/www.vetorino.com\\\/boutique\\\/product\\\/vetexpert-art-hyal\\\/#primaryimage\"},\"image\":{\"@id\":\"https:\\\/\\\/www.vetorino.com\\\/boutique\\\/product\\\/vetexpert-art-hyal\\\/#primaryimage\"},\"thumbnailUrl\":\"https:\\\/\\\/www.vetorino.com\\\/boutique\\\/wp-content\\\/uploads\\\/2020\\\/06\\\/art-hyal.webp\",\"datePublished\":\"2021-05-31T18:25:45+00:00\",\"dateModified\":\"2026-01-06T15:15:26+00:00\",\"description\":\"Aliment compl\u00e9mentaire\u00a0pour chiens et chats pour maintenir\u00a0le bon fonctionnement des cartilages articulaires et des articulations. Il est recommand\u00e9 pour les\u00a0jeunes animaux\u00a0pendant la\u00a0p\u00e9riode de croissance intensive\u00a0ainsi que\u00a0pour les animaux plus \u00e2g\u00e9s.\",\"breadcrumb\":{\"@id\":\"https:\\\/\\\/www.vetorino.com\\\/boutique\\\/product\\\/vetexpert-art-hyal\\\/#breadcrumb\"},\"inLanguage\":\"fr-FR\",\"potentialAction\":[{\"@type\":\"ReadAction\",\"target\":[\"https:\\\/\\\/www.vetorino.com\\\/boutique\\\/product\\\/vetexpert-art-hyal\\\/\"]}]},{\"@type\":\"ImageObject\",\"inLanguage\":\"fr-FR\",\"@id\":\"https:\\\/\\\/www.vetorino.com\\\/boutique\\\/product\\\/vetexpert-art-hyal\\\/#primaryimage\",\"url\":\"https:\\\/\\\/www.vetorino.com\\\/boutique\\\/wp-content\\\/uploads\\\/2020\\\/06\\\/art-hyal.webp\",\"contentUrl\":\"https:\\\/\\\/www.vetorino.com\\\/boutique\\\/wp-content\\\/uploads\\\/2020\\\/06\\\/art-hyal.webp\",\"width\":800,\"height\":800},{\"@type\":\"BreadcrumbList\",\"@id\":\"https:\\\/\\\/www.vetorino.com\\\/boutique\\\/product\\\/vetexpert-art-hyal\\\/#breadcrumb\",\"itemListElement\":[{\"@type\":\"ListItem\",\"position\":1,\"name\":\"Accueil\",\"item\":\"https:\\\/\\\/www.vetorino.com\\\/boutique\\\/\"},{\"@type\":\"ListItem\",\"position\":2,\"name\":\"Produits\",\"item\":\"https:\\\/\\\/www.vetorino.com\\\/boutique\\\/\"},{\"@type\":\"ListItem\",\"position\":3,\"name\":\"Art-Hyal \u2013 chien\"}]},{\"@type\":\"WebSite\",\"@id\":\"https:\\\/\\\/www.vetorino.com\\\/boutique\\\/#website\",\"url\":\"https:\\\/\\\/www.vetorino.com\\\/boutique\\\/\",\"name\":\"V\u00e9torino\",\"description\":\"\",\"publisher\":{\"@id\":\"https:\\\/\\\/www.vetorino.com\\\/boutique\\\/#organization\"},\"potentialAction\":[{\"@type\":\"SearchAction\",\"target\":{\"@type\":\"EntryPoint\",\"urlTemplate\":\"https:\\\/\\\/www.vetorino.com\\\/boutique\\\/?s={search_term_string}\"},\"query-input\":{\"@type\":\"PropertyValueSpecification\",\"valueRequired\":true,\"valueName\":\"search_term_string\"}}],\"inLanguage\":\"fr-FR\"},{\"@type\":\"Organization\",\"@id\":\"https:\\\/\\\/www.vetorino.com\\\/boutique\\\/#organization\",\"name\":\"V\u00e9torino\",\"url\":\"https:\\\/\\\/www.vetorino.com\\\/boutique\\\/\",\"logo\":{\"@type\":\"ImageObject\",\"inLanguage\":\"fr-FR\",\"@id\":\"https:\\\/\\\/www.vetorino.com\\\/boutique\\\/#\\\/schema\\\/logo\\\/image\\\/\",\"url\":\"https:\\\/\\\/www.vetorino.com\\\/boutique\\\/wp-content\\\/uploads\\\/2024\\\/10\\\/logo.jpg\",\"contentUrl\":\"https:\\\/\\\/www.vetorino.com\\\/boutique\\\/wp-content\\\/uploads\\\/2024\\\/10\\\/logo.jpg\",\"width\":1200,\"height\":610,\"caption\":\"V\u00e9torino\"},\"image\":{\"@id\":\"https:\\\/\\\/www.vetorino.com\\\/boutique\\\/#\\\/schema\\\/logo\\\/image\\\/\"},\"sameAs\":[\"https:\\\/\\\/www.facebook.com\\\/Vetorino\\\/\",\"https:\\\/\\\/www.instagram.com\\\/vetorino_off\\\/\",\"https:\\\/\\\/www.linkedin.com\\\/company\\\/vtorino\\\/\"]}]}<\/script>\n<meta property=\"product:brand\" content=\"Vetexpert\" \/>\n<meta property=\"product:price:amount\" content=\"48.42\" \/>\n<meta property=\"product:price:currency\" content=\"EUR\" \/>\n<meta property=\"og:availability\" content=\"out of stock\" \/>\n<meta property=\"product:availability\" content=\"out of stock\" \/>\n<meta property=\"product:retailer_item_id\" content=\"A-8134680\" \/>\n<meta property=\"product:condition\" content=\"new\" \/>\n<!-- \/ Yoast SEO plugin. -->","yoast_head_json":{"title":"Art-Hyal \u2013 chien Vetexpert - V\u00e9torino","description":"Aliment compl\u00e9mentaire\u00a0pour chiens et chats pour maintenir\u00a0le bon fonctionnement des cartilages articulaires et des articulations.  Il est recommand\u00e9 pour les\u00a0jeunes animaux\u00a0pendant la\u00a0p\u00e9riode de croissance intensive\u00a0ainsi que\u00a0pour les animaux plus \u00e2g\u00e9s.","robots":{"index":"noindex","follow":"nofollow"},"og_locale":"fr_FR","og_type":"article","og_title":"Art-Hyal \u2013 chien Vetexpert - V\u00e9torino","og_description":"Aliment compl\u00e9mentaire\u00a0pour chiens et chats pour maintenir\u00a0le bon fonctionnement des cartilages articulaires et des articulations.  Il est recommand\u00e9 pour les\u00a0jeunes animaux\u00a0pendant la\u00a0p\u00e9riode de croissance intensive\u00a0ainsi que\u00a0pour les animaux plus \u00e2g\u00e9s.","og_url":"https:\/\/www.vetorino.com\/veterinaire\/plouzevede-29440\/boutique\/product\/vetexpert-art-hyal\/","og_site_name":"V\u00e9torino","article_publisher":"https:\/\/www.facebook.com\/Vetorino\/","article_modified_time":"2026-01-06T15:15:26+00:00","og_image":[{"width":800,"height":800,"url":"https:\/\/www.vetorino.com\/boutique\/wp-content\/uploads\/2020\/06\/art-hyal.webp","type":"image\/webp"}],"twitter_card":"summary_large_image","twitter_misc":{"Prix":"48,42&euro;","Disponibilit\u00e9":"Rupture de stock"},"schema":{"@context":"https:\/\/schema.org","@graph":[{"@type":"WebPage","@id":"https:\/\/www.vetorino.com\/boutique\/product\/vetexpert-art-hyal\/","url":"https:\/\/www.vetorino.com\/boutique\/product\/vetexpert-art-hyal\/","name":"Art-Hyal \u2013 chien Vetexpert - V\u00e9torino","isPartOf":{"@id":"https:\/\/www.vetorino.com\/boutique\/#website"},"primaryImageOfPage":{"@id":"https:\/\/www.vetorino.com\/boutique\/product\/vetexpert-art-hyal\/#primaryimage"},"image":{"@id":"https:\/\/www.vetorino.com\/boutique\/product\/vetexpert-art-hyal\/#primaryimage"},"thumbnailUrl":"https:\/\/www.vetorino.com\/boutique\/wp-content\/uploads\/2020\/06\/art-hyal.webp","datePublished":"2021-05-31T18:25:45+00:00","dateModified":"2026-01-06T15:15:26+00:00","description":"Aliment compl\u00e9mentaire\u00a0pour chiens et chats pour maintenir\u00a0le bon fonctionnement des cartilages articulaires et des articulations. Il est recommand\u00e9 pour les\u00a0jeunes animaux\u00a0pendant la\u00a0p\u00e9riode de croissance intensive\u00a0ainsi que\u00a0pour les animaux plus \u00e2g\u00e9s.","breadcrumb":{"@id":"https:\/\/www.vetorino.com\/boutique\/product\/vetexpert-art-hyal\/#breadcrumb"},"inLanguage":"fr-FR","potentialAction":[{"@type":"ReadAction","target":["https:\/\/www.vetorino.com\/boutique\/product\/vetexpert-art-hyal\/"]}]},{"@type":"ImageObject","inLanguage":"fr-FR","@id":"https:\/\/www.vetorino.com\/boutique\/product\/vetexpert-art-hyal\/#primaryimage","url":"https:\/\/www.vetorino.com\/boutique\/wp-content\/uploads\/2020\/06\/art-hyal.webp","contentUrl":"https:\/\/www.vetorino.com\/boutique\/wp-content\/uploads\/2020\/06\/art-hyal.webp","width":800,"height":800},{"@type":"BreadcrumbList","@id":"https:\/\/www.vetorino.com\/boutique\/product\/vetexpert-art-hyal\/#breadcrumb","itemListElement":[{"@type":"ListItem","position":1,"name":"Accueil","item":"https:\/\/www.vetorino.com\/boutique\/"},{"@type":"ListItem","position":2,"name":"Produits","item":"https:\/\/www.vetorino.com\/boutique\/"},{"@type":"ListItem","position":3,"name":"Art-Hyal \u2013 chien"}]},{"@type":"WebSite","@id":"https:\/\/www.vetorino.com\/boutique\/#website","url":"https:\/\/www.vetorino.com\/boutique\/","name":"V\u00e9torino","description":"","publisher":{"@id":"https:\/\/www.vetorino.com\/boutique\/#organization"},"potentialAction":[{"@type":"SearchAction","target":{"@type":"EntryPoint","urlTemplate":"https:\/\/www.vetorino.com\/boutique\/?s={search_term_string}"},"query-input":{"@type":"PropertyValueSpecification","valueRequired":true,"valueName":"search_term_string"}}],"inLanguage":"fr-FR"},{"@type":"Organization","@id":"https:\/\/www.vetorino.com\/boutique\/#organization","name":"V\u00e9torino","url":"https:\/\/www.vetorino.com\/boutique\/","logo":{"@type":"ImageObject","inLanguage":"fr-FR","@id":"https:\/\/www.vetorino.com\/boutique\/#\/schema\/logo\/image\/","url":"https:\/\/www.vetorino.com\/boutique\/wp-content\/uploads\/2024\/10\/logo.jpg","contentUrl":"https:\/\/www.vetorino.com\/boutique\/wp-content\/uploads\/2024\/10\/logo.jpg","width":1200,"height":610,"caption":"V\u00e9torino"},"image":{"@id":"https:\/\/www.vetorino.com\/boutique\/#\/schema\/logo\/image\/"},"sameAs":["https:\/\/www.facebook.com\/Vetorino\/","https:\/\/www.instagram.com\/vetorino_off\/","https:\/\/www.linkedin.com\/company\/vtorino\/"]}]},"product_brand":"Vetexpert","product_price_amount":"48.42","product_price_currency":"EUR","og_availability":"out of stock","product_availability":"out of stock","product_retailer_item_id":"A-8134680","product_condition":"new"},"_links":{"self":[{"href":"https:\/\/www.vetorino.com\/veterinaire\/plouzevede-29440\/boutique\/wp-json\/wp\/v2\/product\/186890","targetHints":{"allow":["GET"]}}],"collection":[{"href":"https:\/\/www.vetorino.com\/veterinaire\/plouzevede-29440\/boutique\/wp-json\/wp\/v2\/product"}],"about":[{"href":"https:\/\/www.vetorino.com\/veterinaire\/plouzevede-29440\/boutique\/wp-json\/wp\/v2\/types\/product"}],"wp:featuredmedia":[{"embeddable":true,"href":"https:\/\/www.vetorino.com\/veterinaire\/plouzevede-29440\/boutique\/wp-json\/wp\/v2\/media\/1643724"}],"wp:attachment":[{"href":"https:\/\/www.vetorino.com\/veterinaire\/plouzevede-29440\/boutique\/wp-json\/wp\/v2\/media?parent=186890"}],"wp:term":[{"taxonomy":"product_cat","embeddable":true,"href":"https:\/\/www.vetorino.com\/veterinaire\/plouzevede-29440\/boutique\/wp-json\/wp\/v2\/product_cat?post=186890"},{"taxonomy":"product_tag","embeddable":true,"href":"https:\/\/www.vetorino.com\/veterinaire\/plouzevede-29440\/boutique\/wp-json\/wp\/v2\/product_tag?post=186890"}],"curies":[{"name":"wp","href":"https:\/\/api.w.org\/{rel}","templated":true}]}}