{"id":187184,"date":"2021-05-31T20:33:27","date_gmt":"2021-05-31T18:33:27","guid":{"rendered":"https:\/\/www.vetorino.com\/boutique\/product\/vetexpert-coprovet\/"},"modified":"2026-01-12T17:05:48","modified_gmt":"2026-01-12T16:05:48","slug":"vetexpert-coprovet","status":"publish","type":"product","link":"https:\/\/www.vetorino.com\/veterinaire\/plouzevede-29440\/boutique\/product\/vetexpert-coprovet\/","title":{"rendered":"Coprovet \u2013 chien, chat"},"content":{"rendered":"<p>La BROMELAINE est un <strong>m\u00e9lange d\u2019enzymes reconnu pour pr\u00e9senter une activit\u00e9 anti-inflammatoire<\/strong>, <strong>fibrinolytique, anticanc\u00e9reuse et immunomodulatrice.<\/strong><\/p>\n<p>Les probiotiques ENTEROCCUS FAECIUM et LACTOBACILLUS ACIDOPHILUS sont des cultures vivantes de bact\u00e9ries sp\u00e9cifiques aux chiens et aux chats qui a<strong>ffectent directement et indirectement l&#8217;optimisation de la microflore r\u00e9sidant dans le tube digestif<\/strong> ;<\/p>\n<ul>\n<li>directement , en raison de la croissance pr\u00e9f\u00e9rentielle de bact\u00e9ries b\u00e9n\u00e9fiques et de la limitation de la croissance des bact\u00e9ries pathog\u00e8nes<\/li>\n<li>et\u00a0 indirectement, par l&#8217;interaction avec les cellules \u00e9pith\u00e9liales intestinales et le syst\u00e8me immunitaire \u00e9pith\u00e9lial intestinal.<\/li>\n<\/ul>\n<p>Les FRUCTOOLIGOSACCHARIDES (FOS<strong>) stimulent la croissance de la flore symbiotique<\/strong> et <strong>affectent le pH intestinal,<\/strong> ce qui rend les conditions d\u00e9favorables pour le d\u00e9veloppement de bact\u00e9ries pathog\u00e8nes telles que Clostridium perfringens, Escherichia coli ou Salmonella enterica.<\/p>\n<p>Le YUCCA SCHIDIGERA contient des compos\u00e9s tels que le<strong>s saponines, les ph\u00e9nols et les antioxydants qui ont des propri\u00e9t\u00e9s anti-inflammatoires, antioxydantes et antimicrobiennes<\/strong>.<br \/>\nIl a \u00e9galement \u00e9t\u00e9 \u00e9tudi\u00e9 pour ses capacit\u00e9s potentielles \u00e0 <strong>r\u00e9duire les taux de cholest\u00e9rol, \u00e0 am\u00e9liorer la fonction immunitaire, mais aussi \u00e0 r\u00e9duire les odeurs et am\u00e9liorer la digestion.<\/strong><\/p>\n<p>&nbsp;<\/p>\n","protected":false},"excerpt":{"rendered":"<p><strong>Aliment compl\u00e9mentaire pour chiens et chats<\/strong> afin de soutenir un <strong>fonctionnement correct du microbiome gastro-intestinal. <\/strong><\/p>\n<p>Il<strong> r\u00e9duit le risque de coprophagie<\/strong> caus\u00e9e par une digestion anormale.<\/p>\n","protected":false},"featured_media":1652851,"template":"","meta":[],"product_cat":[2730,2738,2697,2698],"product_tag":[],"class_list":{"0":"post-187184","1":"product","2":"type-product","3":"status-publish","4":"has-post-thumbnail","6":"product_cat-aliments-complementaires-pour-chat","7":"product_cat-aliments-complementaires-pour-chien","8":"product_cat-chat","9":"product_cat-chien","10":"pa_marque-vetexpert","12":"first","13":"instock","14":"taxable","15":"shipping-taxable","16":"purchasable","17":"product-type-simple"},"yoast_head":"<!-- This site is optimized with the Yoast SEO plugin v27.3 - https:\/\/yoast.com\/product\/yoast-seo-wordpress\/ -->\n<title>Coprovet \u2013 chien, chat Vetexpert - V\u00e9torino<\/title>\n<meta name=\"description\" content=\"Aliment compl\u00e9mentaire pour chiens et chats afin de soutenir un fonctionnement correct du microbiome gastro-intestinal.   Il r\u00e9duit le risque de coprophagie caus\u00e9e par une digestion anormale.\" \/>\n<meta name=\"robots\" content=\"noindex, nofollow\" \/>\n<meta property=\"og:locale\" content=\"fr_FR\" \/>\n<meta property=\"og:type\" content=\"article\" \/>\n<meta property=\"og:title\" content=\"Coprovet \u2013 chien, chat Vetexpert - V\u00e9torino\" \/>\n<meta property=\"og:description\" content=\"Aliment compl\u00e9mentaire pour chiens et chats afin de soutenir un fonctionnement correct du microbiome gastro-intestinal.   Il r\u00e9duit le risque de coprophagie caus\u00e9e par une digestion anormale.\" \/>\n<meta property=\"og:url\" content=\"https:\/\/www.vetorino.com\/veterinaire\/plouzevede-29440\/boutique\/product\/vetexpert-coprovet\/\" \/>\n<meta property=\"og:site_name\" content=\"V\u00e9torino\" \/>\n<meta property=\"article:publisher\" content=\"https:\/\/www.facebook.com\/Vetorino\/\" \/>\n<meta property=\"article:modified_time\" content=\"2026-01-12T16:05:48+00:00\" \/>\n<meta property=\"og:image\" content=\"https:\/\/www.vetorino.com\/boutique\/wp-content\/uploads\/2021\/05\/coprovet.webp\" \/>\n\t<meta property=\"og:image:width\" content=\"800\" \/>\n\t<meta property=\"og:image:height\" content=\"800\" \/>\n\t<meta property=\"og:image:type\" content=\"image\/webp\" \/>\n<meta name=\"twitter:card\" content=\"summary_large_image\" \/>\n<meta name=\"twitter:label1\" content=\"Prix\" \/>\n\t<meta name=\"twitter:data1\" content=\"33,22&euro;\" \/>\n\t<meta name=\"twitter:label2\" content=\"Disponibilit\u00e9\" \/>\n\t<meta name=\"twitter:data2\" content=\"En stock\" \/>\n<script type=\"application\/ld+json\" class=\"yoast-schema-graph\">{\"@context\":\"https:\\\/\\\/schema.org\",\"@graph\":[{\"@type\":\"WebPage\",\"@id\":\"https:\\\/\\\/www.vetorino.com\\\/boutique\\\/product\\\/vetexpert-coprovet\\\/\",\"url\":\"https:\\\/\\\/www.vetorino.com\\\/boutique\\\/product\\\/vetexpert-coprovet\\\/\",\"name\":\"Coprovet \u2013 chien, chat Vetexpert - V\u00e9torino\",\"isPartOf\":{\"@id\":\"https:\\\/\\\/www.vetorino.com\\\/boutique\\\/#website\"},\"primaryImageOfPage\":{\"@id\":\"https:\\\/\\\/www.vetorino.com\\\/boutique\\\/product\\\/vetexpert-coprovet\\\/#primaryimage\"},\"image\":{\"@id\":\"https:\\\/\\\/www.vetorino.com\\\/boutique\\\/product\\\/vetexpert-coprovet\\\/#primaryimage\"},\"thumbnailUrl\":\"https:\\\/\\\/www.vetorino.com\\\/boutique\\\/wp-content\\\/uploads\\\/2021\\\/05\\\/coprovet.webp\",\"datePublished\":\"2021-05-31T18:33:27+00:00\",\"dateModified\":\"2026-01-12T16:05:48+00:00\",\"description\":\"Aliment compl\u00e9mentaire pour chiens et chats afin de soutenir un fonctionnement correct du microbiome gastro-intestinal. Il r\u00e9duit le risque de coprophagie caus\u00e9e par une digestion anormale.\",\"breadcrumb\":{\"@id\":\"https:\\\/\\\/www.vetorino.com\\\/boutique\\\/product\\\/vetexpert-coprovet\\\/#breadcrumb\"},\"inLanguage\":\"fr-FR\",\"potentialAction\":[{\"@type\":\"ReadAction\",\"target\":[\"https:\\\/\\\/www.vetorino.com\\\/boutique\\\/product\\\/vetexpert-coprovet\\\/\"]}]},{\"@type\":\"ImageObject\",\"inLanguage\":\"fr-FR\",\"@id\":\"https:\\\/\\\/www.vetorino.com\\\/boutique\\\/product\\\/vetexpert-coprovet\\\/#primaryimage\",\"url\":\"https:\\\/\\\/www.vetorino.com\\\/boutique\\\/wp-content\\\/uploads\\\/2021\\\/05\\\/coprovet.webp\",\"contentUrl\":\"https:\\\/\\\/www.vetorino.com\\\/boutique\\\/wp-content\\\/uploads\\\/2021\\\/05\\\/coprovet.webp\",\"width\":800,\"height\":800},{\"@type\":\"BreadcrumbList\",\"@id\":\"https:\\\/\\\/www.vetorino.com\\\/boutique\\\/product\\\/vetexpert-coprovet\\\/#breadcrumb\",\"itemListElement\":[{\"@type\":\"ListItem\",\"position\":1,\"name\":\"Accueil\",\"item\":\"https:\\\/\\\/www.vetorino.com\\\/boutique\\\/\"},{\"@type\":\"ListItem\",\"position\":2,\"name\":\"Produits\",\"item\":\"https:\\\/\\\/www.vetorino.com\\\/boutique\\\/\"},{\"@type\":\"ListItem\",\"position\":3,\"name\":\"Coprovet \u2013 chien, chat\"}]},{\"@type\":\"WebSite\",\"@id\":\"https:\\\/\\\/www.vetorino.com\\\/boutique\\\/#website\",\"url\":\"https:\\\/\\\/www.vetorino.com\\\/boutique\\\/\",\"name\":\"V\u00e9torino\",\"description\":\"\",\"publisher\":{\"@id\":\"https:\\\/\\\/www.vetorino.com\\\/boutique\\\/#organization\"},\"potentialAction\":[{\"@type\":\"SearchAction\",\"target\":{\"@type\":\"EntryPoint\",\"urlTemplate\":\"https:\\\/\\\/www.vetorino.com\\\/boutique\\\/?s={search_term_string}\"},\"query-input\":{\"@type\":\"PropertyValueSpecification\",\"valueRequired\":true,\"valueName\":\"search_term_string\"}}],\"inLanguage\":\"fr-FR\"},{\"@type\":\"Organization\",\"@id\":\"https:\\\/\\\/www.vetorino.com\\\/boutique\\\/#organization\",\"name\":\"V\u00e9torino\",\"url\":\"https:\\\/\\\/www.vetorino.com\\\/boutique\\\/\",\"logo\":{\"@type\":\"ImageObject\",\"inLanguage\":\"fr-FR\",\"@id\":\"https:\\\/\\\/www.vetorino.com\\\/boutique\\\/#\\\/schema\\\/logo\\\/image\\\/\",\"url\":\"https:\\\/\\\/www.vetorino.com\\\/boutique\\\/wp-content\\\/uploads\\\/2024\\\/10\\\/logo.jpg\",\"contentUrl\":\"https:\\\/\\\/www.vetorino.com\\\/boutique\\\/wp-content\\\/uploads\\\/2024\\\/10\\\/logo.jpg\",\"width\":1200,\"height\":610,\"caption\":\"V\u00e9torino\"},\"image\":{\"@id\":\"https:\\\/\\\/www.vetorino.com\\\/boutique\\\/#\\\/schema\\\/logo\\\/image\\\/\"},\"sameAs\":[\"https:\\\/\\\/www.facebook.com\\\/Vetorino\\\/\",\"https:\\\/\\\/www.instagram.com\\\/vetorino_off\\\/\",\"https:\\\/\\\/www.linkedin.com\\\/company\\\/vtorino\\\/\"]}]}<\/script>\n<meta property=\"product:brand\" content=\"Vetexpert\" \/>\n<meta property=\"product:price:amount\" content=\"33.22\" \/>\n<meta property=\"product:price:currency\" content=\"EUR\" \/>\n<meta property=\"og:availability\" content=\"instock\" \/>\n<meta property=\"product:availability\" content=\"instock\" \/>\n<meta property=\"product:retailer_item_id\" content=\"A-1852430\" \/>\n<meta property=\"product:condition\" content=\"new\" \/>\n<!-- \/ Yoast SEO plugin. -->","yoast_head_json":{"title":"Coprovet \u2013 chien, chat Vetexpert - V\u00e9torino","description":"Aliment compl\u00e9mentaire pour chiens et chats afin de soutenir un fonctionnement correct du microbiome gastro-intestinal.   Il r\u00e9duit le risque de coprophagie caus\u00e9e par une digestion anormale.","robots":{"index":"noindex","follow":"nofollow"},"og_locale":"fr_FR","og_type":"article","og_title":"Coprovet \u2013 chien, chat Vetexpert - V\u00e9torino","og_description":"Aliment compl\u00e9mentaire pour chiens et chats afin de soutenir un fonctionnement correct du microbiome gastro-intestinal.   Il r\u00e9duit le risque de coprophagie caus\u00e9e par une digestion anormale.","og_url":"https:\/\/www.vetorino.com\/veterinaire\/plouzevede-29440\/boutique\/product\/vetexpert-coprovet\/","og_site_name":"V\u00e9torino","article_publisher":"https:\/\/www.facebook.com\/Vetorino\/","article_modified_time":"2026-01-12T16:05:48+00:00","og_image":[{"width":800,"height":800,"url":"https:\/\/www.vetorino.com\/boutique\/wp-content\/uploads\/2021\/05\/coprovet.webp","type":"image\/webp"}],"twitter_card":"summary_large_image","twitter_misc":{"Prix":"33,22&euro;","Disponibilit\u00e9":"En stock"},"schema":{"@context":"https:\/\/schema.org","@graph":[{"@type":"WebPage","@id":"https:\/\/www.vetorino.com\/boutique\/product\/vetexpert-coprovet\/","url":"https:\/\/www.vetorino.com\/boutique\/product\/vetexpert-coprovet\/","name":"Coprovet \u2013 chien, chat Vetexpert - V\u00e9torino","isPartOf":{"@id":"https:\/\/www.vetorino.com\/boutique\/#website"},"primaryImageOfPage":{"@id":"https:\/\/www.vetorino.com\/boutique\/product\/vetexpert-coprovet\/#primaryimage"},"image":{"@id":"https:\/\/www.vetorino.com\/boutique\/product\/vetexpert-coprovet\/#primaryimage"},"thumbnailUrl":"https:\/\/www.vetorino.com\/boutique\/wp-content\/uploads\/2021\/05\/coprovet.webp","datePublished":"2021-05-31T18:33:27+00:00","dateModified":"2026-01-12T16:05:48+00:00","description":"Aliment compl\u00e9mentaire pour chiens et chats afin de soutenir un fonctionnement correct du microbiome gastro-intestinal. Il r\u00e9duit le risque de coprophagie caus\u00e9e par une digestion anormale.","breadcrumb":{"@id":"https:\/\/www.vetorino.com\/boutique\/product\/vetexpert-coprovet\/#breadcrumb"},"inLanguage":"fr-FR","potentialAction":[{"@type":"ReadAction","target":["https:\/\/www.vetorino.com\/boutique\/product\/vetexpert-coprovet\/"]}]},{"@type":"ImageObject","inLanguage":"fr-FR","@id":"https:\/\/www.vetorino.com\/boutique\/product\/vetexpert-coprovet\/#primaryimage","url":"https:\/\/www.vetorino.com\/boutique\/wp-content\/uploads\/2021\/05\/coprovet.webp","contentUrl":"https:\/\/www.vetorino.com\/boutique\/wp-content\/uploads\/2021\/05\/coprovet.webp","width":800,"height":800},{"@type":"BreadcrumbList","@id":"https:\/\/www.vetorino.com\/boutique\/product\/vetexpert-coprovet\/#breadcrumb","itemListElement":[{"@type":"ListItem","position":1,"name":"Accueil","item":"https:\/\/www.vetorino.com\/boutique\/"},{"@type":"ListItem","position":2,"name":"Produits","item":"https:\/\/www.vetorino.com\/boutique\/"},{"@type":"ListItem","position":3,"name":"Coprovet \u2013 chien, chat"}]},{"@type":"WebSite","@id":"https:\/\/www.vetorino.com\/boutique\/#website","url":"https:\/\/www.vetorino.com\/boutique\/","name":"V\u00e9torino","description":"","publisher":{"@id":"https:\/\/www.vetorino.com\/boutique\/#organization"},"potentialAction":[{"@type":"SearchAction","target":{"@type":"EntryPoint","urlTemplate":"https:\/\/www.vetorino.com\/boutique\/?s={search_term_string}"},"query-input":{"@type":"PropertyValueSpecification","valueRequired":true,"valueName":"search_term_string"}}],"inLanguage":"fr-FR"},{"@type":"Organization","@id":"https:\/\/www.vetorino.com\/boutique\/#organization","name":"V\u00e9torino","url":"https:\/\/www.vetorino.com\/boutique\/","logo":{"@type":"ImageObject","inLanguage":"fr-FR","@id":"https:\/\/www.vetorino.com\/boutique\/#\/schema\/logo\/image\/","url":"https:\/\/www.vetorino.com\/boutique\/wp-content\/uploads\/2024\/10\/logo.jpg","contentUrl":"https:\/\/www.vetorino.com\/boutique\/wp-content\/uploads\/2024\/10\/logo.jpg","width":1200,"height":610,"caption":"V\u00e9torino"},"image":{"@id":"https:\/\/www.vetorino.com\/boutique\/#\/schema\/logo\/image\/"},"sameAs":["https:\/\/www.facebook.com\/Vetorino\/","https:\/\/www.instagram.com\/vetorino_off\/","https:\/\/www.linkedin.com\/company\/vtorino\/"]}]},"product_brand":"Vetexpert","product_price_amount":"33.22","product_price_currency":"EUR","og_availability":"instock","product_availability":"instock","product_retailer_item_id":"A-1852430","product_condition":"new"},"_links":{"self":[{"href":"https:\/\/www.vetorino.com\/veterinaire\/plouzevede-29440\/boutique\/wp-json\/wp\/v2\/product\/187184","targetHints":{"allow":["GET"]}}],"collection":[{"href":"https:\/\/www.vetorino.com\/veterinaire\/plouzevede-29440\/boutique\/wp-json\/wp\/v2\/product"}],"about":[{"href":"https:\/\/www.vetorino.com\/veterinaire\/plouzevede-29440\/boutique\/wp-json\/wp\/v2\/types\/product"}],"wp:featuredmedia":[{"embeddable":true,"href":"https:\/\/www.vetorino.com\/veterinaire\/plouzevede-29440\/boutique\/wp-json\/wp\/v2\/media\/1652851"}],"wp:attachment":[{"href":"https:\/\/www.vetorino.com\/veterinaire\/plouzevede-29440\/boutique\/wp-json\/wp\/v2\/media?parent=187184"}],"wp:term":[{"taxonomy":"product_cat","embeddable":true,"href":"https:\/\/www.vetorino.com\/veterinaire\/plouzevede-29440\/boutique\/wp-json\/wp\/v2\/product_cat?post=187184"},{"taxonomy":"product_tag","embeddable":true,"href":"https:\/\/www.vetorino.com\/veterinaire\/plouzevede-29440\/boutique\/wp-json\/wp\/v2\/product_tag?post=187184"}],"curies":[{"name":"wp","href":"https:\/\/api.w.org\/{rel}","templated":true}]}}