{"id":187354,"date":"2021-05-31T20:38:34","date_gmt":"2021-05-31T18:38:34","guid":{"rendered":"https:\/\/www.vetorino.com\/boutique\/product\/vetexpert-hepatiale-forte-advanced\/"},"modified":"2026-01-14T15:51:06","modified_gmt":"2026-01-14T14:51:06","slug":"vetexpert-hepatiale-forte-advanced","status":"publish","type":"product","link":"https:\/\/www.vetorino.com\/veterinaire\/plouzevede-29440\/boutique\/product\/vetexpert-hepatiale-forte-advanced\/","title":{"rendered":"Hepatiale Forte Advanced &#8211; chien, chat"},"content":{"rendered":"<p><strong>Aliment compl\u00e9mentaire pour chat et chien en comprim\u00e9, recommand\u00e9 pour soutenir les fonctions h\u00e9patiques en cas d&#8217;insuffisance et de fonctions anormales.<\/strong><\/p>\n<p><strong>Utilisation :<\/strong><\/p>\n<ul>\n<li>Particuli\u00e8rement recommand\u00e9 dans les cas graves, les maladies chroniques du foie et les h\u00e9patites toxiques<\/li>\n<li>Chien et chat<\/li>\n<\/ul>\n<p><strong>L&#8217;ARGININE<\/strong> est un acide amin\u00e9 prot\u00e9ique exog\u00e8ne impliqu\u00e9 dans un certain nombre de processus m\u00e9taboliques dans le foie. Sa fonction principale est li\u00e9e au transport, \u00e0 l&#8217;accumulation et \u00e0 l&#8217;excr\u00e9tion de l&#8217;azote et de l&#8217;ammoniac par le cycle de l&#8217;ur\u00e9e. L&#8217;arginine est le pr\u00e9curseur de l&#8217;ornithine dans le cycle d&#8217;ur\u00e9e. C&#8217;est \u00e9galement un acide amin\u00e9 essentiel dans les cas de stress m\u00e9tabolique et dans les r\u00e9gimes riches en prot\u00e9ines.<\/p>\n<p><strong>La GLUTAMINE<\/strong> est un acide amin\u00e9 non essentiel qui devient essentiel dans les conditions de stress catabolique. Sa fonction premi\u00e8re est de fournir des substrats pour la n\u00e9oglucogen\u00e8se, qui a lieu dans le foie. Il est \u00e9galement un pr\u00e9curseur de l&#8217;ornithine et joue donc un r\u00f4le important dans le m\u00e9tabolisme de l&#8217;azote et aide \u00e0 \u00e9liminer l&#8217;ammoniac de l&#8217;organisme, form\u00e9 par le m\u00e9tabolisme prot\u00e9ique.<\/p>\n<p><strong>La BETAINE<\/strong> (trim\u00e9thylglycine) est un d\u00e9riv\u00e9 de la glycine et du principal donneur du groupe m\u00e9thyle. En faisant don d&#8217;un groupe m\u00e9thyle, la b\u00e9ta\u00efne participe \u00e0 la synth\u00e8se de S-adenosylm\u00e9thionine (SAM), qui est un antioxydant naturel. En outre, il augmente la concentration en glutathion, ce qui favorise \u00e9galement la protection cellulaire contre les radicaux libres.<\/p>\n<p><strong>L&#8217;extrait de CHARDON MARIE<\/strong> (Silybum marianum) contient de la silymarine, un complexe actif de 4 flavonolignanes dont la silibine, la silidiamine, la silicristine et l&#8217;isolibinine. La silymarine a un effet h\u00e9patoprotecteur, c&#8217;est-\u00e0-dire un effet protecteur et stabilisant sur les cellules h\u00e9patiques. Ce complexe scelle les membranes des h\u00e9patocytes et les prot\u00e8ge de la p\u00e9n\u00e9tration des toxines. La silymarine a de fortes propri\u00e9t\u00e9s antioxydantes, maintient une concentration \u00e9lev\u00e9e de glutathion dans les cellules h\u00e9patiques, influence la synth\u00e8se de l&#8217;ARN et de l&#8217;ADN, participe \u00e0 la biosynth\u00e8se des prot\u00e9ines dans les cellules h\u00e9patiques. L&#8217;association de silybine avec des phospholipides a un tr\u00e8s fort effet protecteur sur le foie.<\/p>\n<p><strong>Le ZINC<\/strong> est un composant de nombreuses enzymes n\u00e9cessaires au bon fonctionnement des organes tels que le foie. Dans le foie, le zinc soutient le m\u00e9tabolisme du glucose et des graisses et prot\u00e8ge les cellules h\u00e9patiques des processus de d\u00e9gradation. Le zinc stabilise les structures cellulaires, prot\u00e8ge les cellules des radicaux libres et est n\u00e9cessaire au bon fonctionnement de nombreuses cellules<\/p>\n<p><strong>Mode d&#8217;emploi :<\/strong><\/p>\n<p><em>Chiens et Chats jusqu\u2019\u00e0 10kg : 1 comprim\u00e9 par jour<\/em><\/p>\n<p><em>Chiens de plus de 10kg : 2 comprim\u00e9s par jour<\/em><\/p>\n<p><em>A administrer avant ou pendant les repas. Les comprim\u00e9s peuvent \u00eatre \u00e9cras\u00e9s. Si la dose quotidienne n\u00e9cessite l&#8217;administration de plusieurs comprim\u00e9s, elle peut \u00eatre divis\u00e9e en 2-3 portions. Les animaux devront toujours avoir de l&#8217;eau fraiche \u00e0 disposition.<\/em><\/p>\n<p><strong>Ce produit est un m\u00e9dicament.\u00a0Demandez l&#8217;avis de votre v\u00e9t\u00e9rinaire avant toute utilisation ou prolongation de la dur\u00e9e d&#8217;utilisation.<\/strong><\/p>\n","protected":false},"excerpt":{"rendered":"<p><strong>Aliment compl\u00e9mentaire pour chat et chien en comprim\u00e9, recommand\u00e9 pour soutenir les fonctions h\u00e9patiques en cas d&#8217;insuffisance et de fonctions anormales.<\/strong><\/p>\n<p><strong>Utilisation :<\/strong><\/p>\n<ul>\n<li>Particuli\u00e8rement recommand\u00e9 dans les cas graves, les maladies chroniques du foie et les h\u00e9patites toxiques<\/li>\n<li>Chien et chat<\/li>\n<\/ul>\n<p><strong>Ce produit est un m\u00e9dicament.\u00a0Demandez\u00a0l&#8217;avis\u00a0de votre\u00a0v\u00e9t\u00e9rinaire avant toute utilisation ou prolongation de la dur\u00e9e d&#8217;utilisation.<\/strong><\/p>\n","protected":false},"featured_media":1655960,"template":"","meta":[],"product_cat":[2730,2738,2697,2698,12637,12638],"product_tag":[],"class_list":{"0":"post-187354","1":"product","2":"type-product","3":"status-publish","4":"has-post-thumbnail","6":"product_cat-aliments-complementaires-pour-chat","7":"product_cat-aliments-complementaires-pour-chien","8":"product_cat-chat","9":"product_cat-chien","10":"product_cat-systeme-hepatique-du-chat","11":"product_cat-systeme-hepatique-du-chien","12":"pa_marque-vetexpert","14":"first","15":"instock","16":"taxable","17":"shipping-taxable","18":"purchasable","19":"product-type-simple"},"yoast_head":"<!-- This site is optimized with the Yoast SEO plugin v27.3 - https:\/\/yoast.com\/product\/yoast-seo-wordpress\/ -->\n<title>Hepatiale Forte Advanced - chien, chat Vetexpert - V\u00e9torino<\/title>\n<meta name=\"description\" content=\"Aliment compl\u00e9mentaire pour chat et chien en comprim\u00e9, recommand\u00e9 pour soutenir les fonctions h\u00e9patiques en cas d&#039;insuffisance et de fonctions anormales.  Utilisation :   Particuli\u00e8rement recommand\u00e9 dans les cas graves, les maladies chroniques du foie et les h\u00e9patites toxiques  Chien et chat  Ce produit est un m\u00e9dicament.\u00a0Demandez\u00a0l&#039;avis\u00a0de votre\u00a0v\u00e9t\u00e9rinaire avant toute utilisation ou prolongation de la dur\u00e9e d&#039;utilisation.\" \/>\n<meta name=\"robots\" content=\"noindex, nofollow\" \/>\n<meta property=\"og:locale\" content=\"fr_FR\" \/>\n<meta property=\"og:type\" content=\"article\" \/>\n<meta property=\"og:title\" content=\"Hepatiale Forte Advanced - chien, chat Vetexpert - V\u00e9torino\" \/>\n<meta property=\"og:description\" content=\"Aliment compl\u00e9mentaire pour chat et chien en comprim\u00e9, recommand\u00e9 pour soutenir les fonctions h\u00e9patiques en cas d&#039;insuffisance et de fonctions anormales.  Utilisation :   Particuli\u00e8rement recommand\u00e9 dans les cas graves, les maladies chroniques du foie et les h\u00e9patites toxiques  Chien et chat  Ce produit est un m\u00e9dicament.\u00a0Demandez\u00a0l&#039;avis\u00a0de votre\u00a0v\u00e9t\u00e9rinaire avant toute utilisation ou prolongation de la dur\u00e9e d&#039;utilisation.\" \/>\n<meta property=\"og:url\" content=\"https:\/\/www.vetorino.com\/veterinaire\/plouzevede-29440\/boutique\/product\/vetexpert-hepatiale-forte-advanced\/\" \/>\n<meta property=\"og:site_name\" content=\"V\u00e9torino\" \/>\n<meta property=\"article:publisher\" content=\"https:\/\/www.facebook.com\/Vetorino\/\" \/>\n<meta property=\"article:modified_time\" content=\"2026-01-14T14:51:06+00:00\" \/>\n<meta property=\"og:image\" content=\"https:\/\/www.vetorino.com\/boutique\/wp-content\/uploads\/2021\/05\/hepatiale-forte-advanced-1.webp\" \/>\n\t<meta property=\"og:image:width\" content=\"800\" \/>\n\t<meta property=\"og:image:height\" content=\"800\" \/>\n\t<meta property=\"og:image:type\" content=\"image\/webp\" \/>\n<meta name=\"twitter:card\" content=\"summary_large_image\" \/>\n<meta name=\"twitter:label1\" content=\"Prix\" \/>\n\t<meta name=\"twitter:data1\" content=\"37,91&euro;\" \/>\n\t<meta name=\"twitter:label2\" content=\"Disponibilit\u00e9\" \/>\n\t<meta name=\"twitter:data2\" content=\"En stock\" \/>\n<script type=\"application\/ld+json\" class=\"yoast-schema-graph\">{\"@context\":\"https:\\\/\\\/schema.org\",\"@graph\":[{\"@type\":\"WebPage\",\"@id\":\"https:\\\/\\\/www.vetorino.com\\\/boutique\\\/product\\\/vetexpert-hepatiale-forte-advanced\\\/\",\"url\":\"https:\\\/\\\/www.vetorino.com\\\/boutique\\\/product\\\/vetexpert-hepatiale-forte-advanced\\\/\",\"name\":\"Hepatiale Forte Advanced - chien, chat Vetexpert - V\u00e9torino\",\"isPartOf\":{\"@id\":\"https:\\\/\\\/www.vetorino.com\\\/boutique\\\/#website\"},\"primaryImageOfPage\":{\"@id\":\"https:\\\/\\\/www.vetorino.com\\\/boutique\\\/product\\\/vetexpert-hepatiale-forte-advanced\\\/#primaryimage\"},\"image\":{\"@id\":\"https:\\\/\\\/www.vetorino.com\\\/boutique\\\/product\\\/vetexpert-hepatiale-forte-advanced\\\/#primaryimage\"},\"thumbnailUrl\":\"https:\\\/\\\/www.vetorino.com\\\/boutique\\\/wp-content\\\/uploads\\\/2021\\\/05\\\/hepatiale-forte-advanced-1.webp\",\"datePublished\":\"2021-05-31T18:38:34+00:00\",\"dateModified\":\"2026-01-14T14:51:06+00:00\",\"description\":\"Aliment compl\u00e9mentaire pour chat et chien en comprim\u00e9, recommand\u00e9 pour soutenir les fonctions h\u00e9patiques en cas d'insuffisance et de fonctions anormales. Utilisation : Particuli\u00e8rement recommand\u00e9 dans les cas graves, les maladies chroniques du foie et les h\u00e9patites toxiques Chien et chat Ce produit est un m\u00e9dicament.\u00a0Demandez\u00a0l'avis\u00a0de votre\u00a0v\u00e9t\u00e9rinaire avant toute utilisation ou prolongation de la dur\u00e9e d'utilisation.\",\"breadcrumb\":{\"@id\":\"https:\\\/\\\/www.vetorino.com\\\/boutique\\\/product\\\/vetexpert-hepatiale-forte-advanced\\\/#breadcrumb\"},\"inLanguage\":\"fr-FR\",\"potentialAction\":[{\"@type\":\"ReadAction\",\"target\":[\"https:\\\/\\\/www.vetorino.com\\\/boutique\\\/product\\\/vetexpert-hepatiale-forte-advanced\\\/\"]}]},{\"@type\":\"ImageObject\",\"inLanguage\":\"fr-FR\",\"@id\":\"https:\\\/\\\/www.vetorino.com\\\/boutique\\\/product\\\/vetexpert-hepatiale-forte-advanced\\\/#primaryimage\",\"url\":\"https:\\\/\\\/www.vetorino.com\\\/boutique\\\/wp-content\\\/uploads\\\/2021\\\/05\\\/hepatiale-forte-advanced-1.webp\",\"contentUrl\":\"https:\\\/\\\/www.vetorino.com\\\/boutique\\\/wp-content\\\/uploads\\\/2021\\\/05\\\/hepatiale-forte-advanced-1.webp\",\"width\":800,\"height\":800},{\"@type\":\"BreadcrumbList\",\"@id\":\"https:\\\/\\\/www.vetorino.com\\\/boutique\\\/product\\\/vetexpert-hepatiale-forte-advanced\\\/#breadcrumb\",\"itemListElement\":[{\"@type\":\"ListItem\",\"position\":1,\"name\":\"Accueil\",\"item\":\"https:\\\/\\\/www.vetorino.com\\\/boutique\\\/\"},{\"@type\":\"ListItem\",\"position\":2,\"name\":\"Produits\",\"item\":\"https:\\\/\\\/www.vetorino.com\\\/boutique\\\/\"},{\"@type\":\"ListItem\",\"position\":3,\"name\":\"Hepatiale Forte Advanced &#8211; chien, chat\"}]},{\"@type\":\"WebSite\",\"@id\":\"https:\\\/\\\/www.vetorino.com\\\/boutique\\\/#website\",\"url\":\"https:\\\/\\\/www.vetorino.com\\\/boutique\\\/\",\"name\":\"V\u00e9torino\",\"description\":\"\",\"publisher\":{\"@id\":\"https:\\\/\\\/www.vetorino.com\\\/boutique\\\/#organization\"},\"potentialAction\":[{\"@type\":\"SearchAction\",\"target\":{\"@type\":\"EntryPoint\",\"urlTemplate\":\"https:\\\/\\\/www.vetorino.com\\\/boutique\\\/?s={search_term_string}\"},\"query-input\":{\"@type\":\"PropertyValueSpecification\",\"valueRequired\":true,\"valueName\":\"search_term_string\"}}],\"inLanguage\":\"fr-FR\"},{\"@type\":\"Organization\",\"@id\":\"https:\\\/\\\/www.vetorino.com\\\/boutique\\\/#organization\",\"name\":\"V\u00e9torino\",\"url\":\"https:\\\/\\\/www.vetorino.com\\\/boutique\\\/\",\"logo\":{\"@type\":\"ImageObject\",\"inLanguage\":\"fr-FR\",\"@id\":\"https:\\\/\\\/www.vetorino.com\\\/boutique\\\/#\\\/schema\\\/logo\\\/image\\\/\",\"url\":\"https:\\\/\\\/www.vetorino.com\\\/boutique\\\/wp-content\\\/uploads\\\/2024\\\/10\\\/logo.jpg\",\"contentUrl\":\"https:\\\/\\\/www.vetorino.com\\\/boutique\\\/wp-content\\\/uploads\\\/2024\\\/10\\\/logo.jpg\",\"width\":1200,\"height\":610,\"caption\":\"V\u00e9torino\"},\"image\":{\"@id\":\"https:\\\/\\\/www.vetorino.com\\\/boutique\\\/#\\\/schema\\\/logo\\\/image\\\/\"},\"sameAs\":[\"https:\\\/\\\/www.facebook.com\\\/Vetorino\\\/\",\"https:\\\/\\\/www.instagram.com\\\/vetorino_off\\\/\",\"https:\\\/\\\/www.linkedin.com\\\/company\\\/vtorino\\\/\"]}]}<\/script>\n<meta property=\"product:brand\" content=\"Vetexpert\" \/>\n<meta property=\"product:price:amount\" content=\"37.91\" \/>\n<meta property=\"product:price:currency\" content=\"EUR\" \/>\n<meta property=\"og:availability\" content=\"instock\" \/>\n<meta property=\"product:availability\" content=\"instock\" \/>\n<meta property=\"product:retailer_item_id\" content=\"A-1833060\" \/>\n<meta property=\"product:condition\" content=\"new\" \/>\n<!-- \/ Yoast SEO plugin. -->","yoast_head_json":{"title":"Hepatiale Forte Advanced - chien, chat Vetexpert - V\u00e9torino","description":"Aliment compl\u00e9mentaire pour chat et chien en comprim\u00e9, recommand\u00e9 pour soutenir les fonctions h\u00e9patiques en cas d'insuffisance et de fonctions anormales.  Utilisation :   Particuli\u00e8rement recommand\u00e9 dans les cas graves, les maladies chroniques du foie et les h\u00e9patites toxiques  Chien et chat  Ce produit est un m\u00e9dicament.\u00a0Demandez\u00a0l'avis\u00a0de votre\u00a0v\u00e9t\u00e9rinaire avant toute utilisation ou prolongation de la dur\u00e9e d'utilisation.","robots":{"index":"noindex","follow":"nofollow"},"og_locale":"fr_FR","og_type":"article","og_title":"Hepatiale Forte Advanced - chien, chat Vetexpert - V\u00e9torino","og_description":"Aliment compl\u00e9mentaire pour chat et chien en comprim\u00e9, recommand\u00e9 pour soutenir les fonctions h\u00e9patiques en cas d'insuffisance et de fonctions anormales.  Utilisation :   Particuli\u00e8rement recommand\u00e9 dans les cas graves, les maladies chroniques du foie et les h\u00e9patites toxiques  Chien et chat  Ce produit est un m\u00e9dicament.\u00a0Demandez\u00a0l'avis\u00a0de votre\u00a0v\u00e9t\u00e9rinaire avant toute utilisation ou prolongation de la dur\u00e9e d'utilisation.","og_url":"https:\/\/www.vetorino.com\/veterinaire\/plouzevede-29440\/boutique\/product\/vetexpert-hepatiale-forte-advanced\/","og_site_name":"V\u00e9torino","article_publisher":"https:\/\/www.facebook.com\/Vetorino\/","article_modified_time":"2026-01-14T14:51:06+00:00","og_image":[{"width":800,"height":800,"url":"https:\/\/www.vetorino.com\/boutique\/wp-content\/uploads\/2021\/05\/hepatiale-forte-advanced-1.webp","type":"image\/webp"}],"twitter_card":"summary_large_image","twitter_misc":{"Prix":"37,91&euro;","Disponibilit\u00e9":"En stock"},"schema":{"@context":"https:\/\/schema.org","@graph":[{"@type":"WebPage","@id":"https:\/\/www.vetorino.com\/boutique\/product\/vetexpert-hepatiale-forte-advanced\/","url":"https:\/\/www.vetorino.com\/boutique\/product\/vetexpert-hepatiale-forte-advanced\/","name":"Hepatiale Forte Advanced - chien, chat Vetexpert - V\u00e9torino","isPartOf":{"@id":"https:\/\/www.vetorino.com\/boutique\/#website"},"primaryImageOfPage":{"@id":"https:\/\/www.vetorino.com\/boutique\/product\/vetexpert-hepatiale-forte-advanced\/#primaryimage"},"image":{"@id":"https:\/\/www.vetorino.com\/boutique\/product\/vetexpert-hepatiale-forte-advanced\/#primaryimage"},"thumbnailUrl":"https:\/\/www.vetorino.com\/boutique\/wp-content\/uploads\/2021\/05\/hepatiale-forte-advanced-1.webp","datePublished":"2021-05-31T18:38:34+00:00","dateModified":"2026-01-14T14:51:06+00:00","description":"Aliment compl\u00e9mentaire pour chat et chien en comprim\u00e9, recommand\u00e9 pour soutenir les fonctions h\u00e9patiques en cas d'insuffisance et de fonctions anormales. Utilisation : Particuli\u00e8rement recommand\u00e9 dans les cas graves, les maladies chroniques du foie et les h\u00e9patites toxiques Chien et chat Ce produit est un m\u00e9dicament.\u00a0Demandez\u00a0l'avis\u00a0de votre\u00a0v\u00e9t\u00e9rinaire avant toute utilisation ou prolongation de la dur\u00e9e d'utilisation.","breadcrumb":{"@id":"https:\/\/www.vetorino.com\/boutique\/product\/vetexpert-hepatiale-forte-advanced\/#breadcrumb"},"inLanguage":"fr-FR","potentialAction":[{"@type":"ReadAction","target":["https:\/\/www.vetorino.com\/boutique\/product\/vetexpert-hepatiale-forte-advanced\/"]}]},{"@type":"ImageObject","inLanguage":"fr-FR","@id":"https:\/\/www.vetorino.com\/boutique\/product\/vetexpert-hepatiale-forte-advanced\/#primaryimage","url":"https:\/\/www.vetorino.com\/boutique\/wp-content\/uploads\/2021\/05\/hepatiale-forte-advanced-1.webp","contentUrl":"https:\/\/www.vetorino.com\/boutique\/wp-content\/uploads\/2021\/05\/hepatiale-forte-advanced-1.webp","width":800,"height":800},{"@type":"BreadcrumbList","@id":"https:\/\/www.vetorino.com\/boutique\/product\/vetexpert-hepatiale-forte-advanced\/#breadcrumb","itemListElement":[{"@type":"ListItem","position":1,"name":"Accueil","item":"https:\/\/www.vetorino.com\/boutique\/"},{"@type":"ListItem","position":2,"name":"Produits","item":"https:\/\/www.vetorino.com\/boutique\/"},{"@type":"ListItem","position":3,"name":"Hepatiale Forte Advanced &#8211; chien, chat"}]},{"@type":"WebSite","@id":"https:\/\/www.vetorino.com\/boutique\/#website","url":"https:\/\/www.vetorino.com\/boutique\/","name":"V\u00e9torino","description":"","publisher":{"@id":"https:\/\/www.vetorino.com\/boutique\/#organization"},"potentialAction":[{"@type":"SearchAction","target":{"@type":"EntryPoint","urlTemplate":"https:\/\/www.vetorino.com\/boutique\/?s={search_term_string}"},"query-input":{"@type":"PropertyValueSpecification","valueRequired":true,"valueName":"search_term_string"}}],"inLanguage":"fr-FR"},{"@type":"Organization","@id":"https:\/\/www.vetorino.com\/boutique\/#organization","name":"V\u00e9torino","url":"https:\/\/www.vetorino.com\/boutique\/","logo":{"@type":"ImageObject","inLanguage":"fr-FR","@id":"https:\/\/www.vetorino.com\/boutique\/#\/schema\/logo\/image\/","url":"https:\/\/www.vetorino.com\/boutique\/wp-content\/uploads\/2024\/10\/logo.jpg","contentUrl":"https:\/\/www.vetorino.com\/boutique\/wp-content\/uploads\/2024\/10\/logo.jpg","width":1200,"height":610,"caption":"V\u00e9torino"},"image":{"@id":"https:\/\/www.vetorino.com\/boutique\/#\/schema\/logo\/image\/"},"sameAs":["https:\/\/www.facebook.com\/Vetorino\/","https:\/\/www.instagram.com\/vetorino_off\/","https:\/\/www.linkedin.com\/company\/vtorino\/"]}]},"product_brand":"Vetexpert","product_price_amount":"37.91","product_price_currency":"EUR","og_availability":"instock","product_availability":"instock","product_retailer_item_id":"A-1833060","product_condition":"new"},"_links":{"self":[{"href":"https:\/\/www.vetorino.com\/veterinaire\/plouzevede-29440\/boutique\/wp-json\/wp\/v2\/product\/187354","targetHints":{"allow":["GET"]}}],"collection":[{"href":"https:\/\/www.vetorino.com\/veterinaire\/plouzevede-29440\/boutique\/wp-json\/wp\/v2\/product"}],"about":[{"href":"https:\/\/www.vetorino.com\/veterinaire\/plouzevede-29440\/boutique\/wp-json\/wp\/v2\/types\/product"}],"wp:featuredmedia":[{"embeddable":true,"href":"https:\/\/www.vetorino.com\/veterinaire\/plouzevede-29440\/boutique\/wp-json\/wp\/v2\/media\/1655960"}],"wp:attachment":[{"href":"https:\/\/www.vetorino.com\/veterinaire\/plouzevede-29440\/boutique\/wp-json\/wp\/v2\/media?parent=187354"}],"wp:term":[{"taxonomy":"product_cat","embeddable":true,"href":"https:\/\/www.vetorino.com\/veterinaire\/plouzevede-29440\/boutique\/wp-json\/wp\/v2\/product_cat?post=187354"},{"taxonomy":"product_tag","embeddable":true,"href":"https:\/\/www.vetorino.com\/veterinaire\/plouzevede-29440\/boutique\/wp-json\/wp\/v2\/product_tag?post=187354"}],"curies":[{"name":"wp","href":"https:\/\/api.w.org\/{rel}","templated":true}]}}