{"id":187434,"date":"2021-05-31T20:40:49","date_gmt":"2021-05-31T18:40:49","guid":{"rendered":"https:\/\/www.vetorino.com\/boutique\/product\/energy-supp-2\/"},"modified":"2024-06-17T14:57:33","modified_gmt":"2024-06-17T12:57:33","slug":"energy-supp-2","status":"publish","type":"product","link":"https:\/\/www.vetorino.com\/veterinaire\/plouzevede-29440\/boutique\/product\/energy-supp-2\/","title":{"rendered":"Energy Supp"},"content":{"rendered":"<p><strong>Energy Supp est un comprim\u00e9 qui contribue \u00e0 la pr\u00e9paration des efforts physiques, de la p\u00e9riode de reproduction et permet une r\u00e9cup\u00e9ration plus rapide chez les sportifs et tous les convalescents.<\/strong><\/p>\n<p><strong>Utilisation :<\/strong><\/p>\n<ul>\n<li>Chien et chat<\/li>\n<li>Pr\u00e9paration des efforts physiques ou de la p\u00e9riode de reproduction<\/li>\n<\/ul>\n<p><strong>Mode d&#8217;emploi :<\/strong><\/p>\n<ul>\n<li>Chien et chat de moins de 10 kg : un demi comprim\u00e9 par jour<\/li>\n<li>Chien de 10 \u00e0 20 kg : 1 comprim\u00e9 par jour<\/li>\n<li>Chien de 20 \u00e0 30 kg : 2 comprim\u00e9s par jour<\/li>\n<li>Chien de plus de 30 kg : 3 comprim\u00e9s par jour<\/li>\n<\/ul>\n<p><strong>Respectez les conseils de votre v\u00e9t\u00e9rinaire.<\/strong><\/p>\n<p><strong>Avantages :<\/strong><\/p>\n<ul>\n<li>Les comprim\u00e9s sont tr\u00e8s app\u00e9tents et accept\u00e9s spontan\u00e9ment par la majorit\u00e9 des chiens et des chats. Ils peuvent \u00e9galement \u00eatre \u00e9miett\u00e9s et m\u00e9lang\u00e9s \u00e0 la nourriture.<\/li>\n<li>La grenade, le ginseng, le melon et la taurine sont des antioxydants naturels et puissants qui favorisent la neutralisation des radicaux libres.<\/li>\n<\/ul>\n","protected":false},"excerpt":{"rendered":"<p><strong>Energy Supp est un comprim\u00e9 qui contribue \u00e0 la pr\u00e9paration des efforts physiques, de la p\u00e9riode de reproduction et permet une r\u00e9cup\u00e9ration plus rapide chez les sportifs et tous les convalescents.<\/strong><\/p>\n<p><strong>Utilisation :<\/strong><\/p>\n<ul>\n<li>Chien et chat<\/li>\n<li>Pr\u00e9paration des efforts physiques ou de la p\u00e9riode de reproduction<\/li>\n<\/ul>\n","protected":false},"featured_media":949869,"template":"","meta":[],"product_cat":[12551,12552,2730,2738,2697,2698],"product_tag":[],"class_list":{"0":"post-187434","1":"product","2":"type-product","3":"status-publish","4":"has-post-thumbnail","6":"product_cat-alimentation-du-chat","7":"product_cat-alimentation-du-chien","8":"product_cat-aliments-complementaires-pour-chat","9":"product_cat-aliments-complementaires-pour-chien","10":"product_cat-chat","11":"product_cat-chien","12":"pa_marque-miloa","14":"first","15":"instock","16":"taxable","17":"shipping-taxable","18":"purchasable","19":"product-type-simple"},"yoast_head":"<!-- This site is optimized with the Yoast SEO plugin v27.3 - https:\/\/yoast.com\/product\/yoast-seo-wordpress\/ -->\n<title>Energy Supp Miloa - V\u00e9torino<\/title>\n<meta name=\"description\" content=\"Energy Supp est un comprim\u00e9 qui contribue \u00e0 la pr\u00e9paration des efforts physiques, de la p\u00e9riode de reproduction et permet une r\u00e9cup\u00e9ration plus rapide chez les sportifs et tous les convalescents.  Utilisation :   Chien et chat  Pr\u00e9paration des efforts physiques ou de la p\u00e9riode de reproduction\" \/>\n<meta name=\"robots\" content=\"noindex, nofollow\" \/>\n<meta property=\"og:locale\" content=\"fr_FR\" \/>\n<meta property=\"og:type\" content=\"article\" \/>\n<meta property=\"og:title\" content=\"Energy Supp Miloa - V\u00e9torino\" \/>\n<meta property=\"og:description\" content=\"Energy Supp est un comprim\u00e9 qui contribue \u00e0 la pr\u00e9paration des efforts physiques, de la p\u00e9riode de reproduction et permet une r\u00e9cup\u00e9ration plus rapide chez les sportifs et tous les convalescents.  Utilisation :   Chien et chat  Pr\u00e9paration des efforts physiques ou de la p\u00e9riode de reproduction\" \/>\n<meta property=\"og:url\" content=\"https:\/\/www.vetorino.com\/veterinaire\/plouzevede-29440\/boutique\/product\/energy-supp-2\/\" \/>\n<meta property=\"og:site_name\" content=\"V\u00e9torino\" \/>\n<meta property=\"article:publisher\" content=\"https:\/\/www.facebook.com\/Vetorino\/\" \/>\n<meta property=\"article:modified_time\" content=\"2024-06-17T12:57:33+00:00\" \/>\n<meta property=\"og:image\" content=\"https:\/\/www.vetorino.com\/boutique\/wp-content\/uploads\/2021\/05\/energy-supp.png\" \/>\n\t<meta property=\"og:image:width\" content=\"540\" \/>\n\t<meta property=\"og:image:height\" content=\"540\" \/>\n\t<meta property=\"og:image:type\" content=\"image\/png\" \/>\n<meta name=\"twitter:card\" content=\"summary_large_image\" \/>\n<meta name=\"twitter:label1\" content=\"Prix\" \/>\n\t<meta name=\"twitter:data1\" content=\"34,45&euro;\" \/>\n\t<meta name=\"twitter:label2\" content=\"Disponibilit\u00e9\" \/>\n\t<meta name=\"twitter:data2\" content=\"En stock\" \/>\n<script type=\"application\/ld+json\" class=\"yoast-schema-graph\">{\"@context\":\"https:\\\/\\\/schema.org\",\"@graph\":[{\"@type\":\"WebPage\",\"@id\":\"https:\\\/\\\/www.vetorino.com\\\/boutique\\\/product\\\/energy-supp-2\\\/\",\"url\":\"https:\\\/\\\/www.vetorino.com\\\/boutique\\\/product\\\/energy-supp-2\\\/\",\"name\":\"Energy Supp Miloa - V\u00e9torino\",\"isPartOf\":{\"@id\":\"https:\\\/\\\/www.vetorino.com\\\/boutique\\\/#website\"},\"primaryImageOfPage\":{\"@id\":\"https:\\\/\\\/www.vetorino.com\\\/boutique\\\/product\\\/energy-supp-2\\\/#primaryimage\"},\"image\":{\"@id\":\"https:\\\/\\\/www.vetorino.com\\\/boutique\\\/product\\\/energy-supp-2\\\/#primaryimage\"},\"thumbnailUrl\":\"https:\\\/\\\/www.vetorino.com\\\/boutique\\\/wp-content\\\/uploads\\\/2021\\\/05\\\/energy-supp.png\",\"datePublished\":\"2021-05-31T18:40:49+00:00\",\"dateModified\":\"2024-06-17T12:57:33+00:00\",\"description\":\"Energy Supp est un comprim\u00e9 qui contribue \u00e0 la pr\u00e9paration des efforts physiques, de la p\u00e9riode de reproduction et permet une r\u00e9cup\u00e9ration plus rapide chez les sportifs et tous les convalescents. Utilisation : Chien et chat Pr\u00e9paration des efforts physiques ou de la p\u00e9riode de reproduction\",\"breadcrumb\":{\"@id\":\"https:\\\/\\\/www.vetorino.com\\\/boutique\\\/product\\\/energy-supp-2\\\/#breadcrumb\"},\"inLanguage\":\"fr-FR\",\"potentialAction\":[{\"@type\":\"ReadAction\",\"target\":[\"https:\\\/\\\/www.vetorino.com\\\/boutique\\\/product\\\/energy-supp-2\\\/\"]}]},{\"@type\":\"ImageObject\",\"inLanguage\":\"fr-FR\",\"@id\":\"https:\\\/\\\/www.vetorino.com\\\/boutique\\\/product\\\/energy-supp-2\\\/#primaryimage\",\"url\":\"https:\\\/\\\/www.vetorino.com\\\/boutique\\\/wp-content\\\/uploads\\\/2021\\\/05\\\/energy-supp.png\",\"contentUrl\":\"https:\\\/\\\/www.vetorino.com\\\/boutique\\\/wp-content\\\/uploads\\\/2021\\\/05\\\/energy-supp.png\",\"width\":540,\"height\":540},{\"@type\":\"BreadcrumbList\",\"@id\":\"https:\\\/\\\/www.vetorino.com\\\/boutique\\\/product\\\/energy-supp-2\\\/#breadcrumb\",\"itemListElement\":[{\"@type\":\"ListItem\",\"position\":1,\"name\":\"Accueil\",\"item\":\"https:\\\/\\\/www.vetorino.com\\\/boutique\\\/\"},{\"@type\":\"ListItem\",\"position\":2,\"name\":\"Produits\",\"item\":\"https:\\\/\\\/www.vetorino.com\\\/boutique\\\/\"},{\"@type\":\"ListItem\",\"position\":3,\"name\":\"Energy Supp\"}]},{\"@type\":\"WebSite\",\"@id\":\"https:\\\/\\\/www.vetorino.com\\\/boutique\\\/#website\",\"url\":\"https:\\\/\\\/www.vetorino.com\\\/boutique\\\/\",\"name\":\"V\u00e9torino\",\"description\":\"\",\"publisher\":{\"@id\":\"https:\\\/\\\/www.vetorino.com\\\/boutique\\\/#organization\"},\"potentialAction\":[{\"@type\":\"SearchAction\",\"target\":{\"@type\":\"EntryPoint\",\"urlTemplate\":\"https:\\\/\\\/www.vetorino.com\\\/boutique\\\/?s={search_term_string}\"},\"query-input\":{\"@type\":\"PropertyValueSpecification\",\"valueRequired\":true,\"valueName\":\"search_term_string\"}}],\"inLanguage\":\"fr-FR\"},{\"@type\":\"Organization\",\"@id\":\"https:\\\/\\\/www.vetorino.com\\\/boutique\\\/#organization\",\"name\":\"V\u00e9torino\",\"url\":\"https:\\\/\\\/www.vetorino.com\\\/boutique\\\/\",\"logo\":{\"@type\":\"ImageObject\",\"inLanguage\":\"fr-FR\",\"@id\":\"https:\\\/\\\/www.vetorino.com\\\/boutique\\\/#\\\/schema\\\/logo\\\/image\\\/\",\"url\":\"https:\\\/\\\/www.vetorino.com\\\/boutique\\\/wp-content\\\/uploads\\\/2024\\\/10\\\/logo.jpg\",\"contentUrl\":\"https:\\\/\\\/www.vetorino.com\\\/boutique\\\/wp-content\\\/uploads\\\/2024\\\/10\\\/logo.jpg\",\"width\":1200,\"height\":610,\"caption\":\"V\u00e9torino\"},\"image\":{\"@id\":\"https:\\\/\\\/www.vetorino.com\\\/boutique\\\/#\\\/schema\\\/logo\\\/image\\\/\"},\"sameAs\":[\"https:\\\/\\\/www.facebook.com\\\/Vetorino\\\/\",\"https:\\\/\\\/www.instagram.com\\\/vetorino_off\\\/\",\"https:\\\/\\\/www.linkedin.com\\\/company\\\/vtorino\\\/\"]}]}<\/script>\n<meta property=\"product:brand\" content=\"Miloa\" \/>\n<meta property=\"product:price:amount\" content=\"34.45\" \/>\n<meta property=\"product:price:currency\" content=\"EUR\" \/>\n<meta property=\"og:availability\" content=\"instock\" \/>\n<meta property=\"product:availability\" content=\"instock\" \/>\n<meta property=\"product:retailer_item_id\" content=\"A-1823690\" \/>\n<meta property=\"product:condition\" content=\"new\" \/>\n<!-- \/ Yoast SEO plugin. -->","yoast_head_json":{"title":"Energy Supp Miloa - V\u00e9torino","description":"Energy Supp est un comprim\u00e9 qui contribue \u00e0 la pr\u00e9paration des efforts physiques, de la p\u00e9riode de reproduction et permet une r\u00e9cup\u00e9ration plus rapide chez les sportifs et tous les convalescents.  Utilisation :   Chien et chat  Pr\u00e9paration des efforts physiques ou de la p\u00e9riode de reproduction","robots":{"index":"noindex","follow":"nofollow"},"og_locale":"fr_FR","og_type":"article","og_title":"Energy Supp Miloa - V\u00e9torino","og_description":"Energy Supp est un comprim\u00e9 qui contribue \u00e0 la pr\u00e9paration des efforts physiques, de la p\u00e9riode de reproduction et permet une r\u00e9cup\u00e9ration plus rapide chez les sportifs et tous les convalescents.  Utilisation :   Chien et chat  Pr\u00e9paration des efforts physiques ou de la p\u00e9riode de reproduction","og_url":"https:\/\/www.vetorino.com\/veterinaire\/plouzevede-29440\/boutique\/product\/energy-supp-2\/","og_site_name":"V\u00e9torino","article_publisher":"https:\/\/www.facebook.com\/Vetorino\/","article_modified_time":"2024-06-17T12:57:33+00:00","og_image":[{"width":540,"height":540,"url":"https:\/\/www.vetorino.com\/boutique\/wp-content\/uploads\/2021\/05\/energy-supp.png","type":"image\/png"}],"twitter_card":"summary_large_image","twitter_misc":{"Prix":"34,45&euro;","Disponibilit\u00e9":"En stock"},"schema":{"@context":"https:\/\/schema.org","@graph":[{"@type":"WebPage","@id":"https:\/\/www.vetorino.com\/boutique\/product\/energy-supp-2\/","url":"https:\/\/www.vetorino.com\/boutique\/product\/energy-supp-2\/","name":"Energy Supp Miloa - V\u00e9torino","isPartOf":{"@id":"https:\/\/www.vetorino.com\/boutique\/#website"},"primaryImageOfPage":{"@id":"https:\/\/www.vetorino.com\/boutique\/product\/energy-supp-2\/#primaryimage"},"image":{"@id":"https:\/\/www.vetorino.com\/boutique\/product\/energy-supp-2\/#primaryimage"},"thumbnailUrl":"https:\/\/www.vetorino.com\/boutique\/wp-content\/uploads\/2021\/05\/energy-supp.png","datePublished":"2021-05-31T18:40:49+00:00","dateModified":"2024-06-17T12:57:33+00:00","description":"Energy Supp est un comprim\u00e9 qui contribue \u00e0 la pr\u00e9paration des efforts physiques, de la p\u00e9riode de reproduction et permet une r\u00e9cup\u00e9ration plus rapide chez les sportifs et tous les convalescents. Utilisation : Chien et chat Pr\u00e9paration des efforts physiques ou de la p\u00e9riode de reproduction","breadcrumb":{"@id":"https:\/\/www.vetorino.com\/boutique\/product\/energy-supp-2\/#breadcrumb"},"inLanguage":"fr-FR","potentialAction":[{"@type":"ReadAction","target":["https:\/\/www.vetorino.com\/boutique\/product\/energy-supp-2\/"]}]},{"@type":"ImageObject","inLanguage":"fr-FR","@id":"https:\/\/www.vetorino.com\/boutique\/product\/energy-supp-2\/#primaryimage","url":"https:\/\/www.vetorino.com\/boutique\/wp-content\/uploads\/2021\/05\/energy-supp.png","contentUrl":"https:\/\/www.vetorino.com\/boutique\/wp-content\/uploads\/2021\/05\/energy-supp.png","width":540,"height":540},{"@type":"BreadcrumbList","@id":"https:\/\/www.vetorino.com\/boutique\/product\/energy-supp-2\/#breadcrumb","itemListElement":[{"@type":"ListItem","position":1,"name":"Accueil","item":"https:\/\/www.vetorino.com\/boutique\/"},{"@type":"ListItem","position":2,"name":"Produits","item":"https:\/\/www.vetorino.com\/boutique\/"},{"@type":"ListItem","position":3,"name":"Energy Supp"}]},{"@type":"WebSite","@id":"https:\/\/www.vetorino.com\/boutique\/#website","url":"https:\/\/www.vetorino.com\/boutique\/","name":"V\u00e9torino","description":"","publisher":{"@id":"https:\/\/www.vetorino.com\/boutique\/#organization"},"potentialAction":[{"@type":"SearchAction","target":{"@type":"EntryPoint","urlTemplate":"https:\/\/www.vetorino.com\/boutique\/?s={search_term_string}"},"query-input":{"@type":"PropertyValueSpecification","valueRequired":true,"valueName":"search_term_string"}}],"inLanguage":"fr-FR"},{"@type":"Organization","@id":"https:\/\/www.vetorino.com\/boutique\/#organization","name":"V\u00e9torino","url":"https:\/\/www.vetorino.com\/boutique\/","logo":{"@type":"ImageObject","inLanguage":"fr-FR","@id":"https:\/\/www.vetorino.com\/boutique\/#\/schema\/logo\/image\/","url":"https:\/\/www.vetorino.com\/boutique\/wp-content\/uploads\/2024\/10\/logo.jpg","contentUrl":"https:\/\/www.vetorino.com\/boutique\/wp-content\/uploads\/2024\/10\/logo.jpg","width":1200,"height":610,"caption":"V\u00e9torino"},"image":{"@id":"https:\/\/www.vetorino.com\/boutique\/#\/schema\/logo\/image\/"},"sameAs":["https:\/\/www.facebook.com\/Vetorino\/","https:\/\/www.instagram.com\/vetorino_off\/","https:\/\/www.linkedin.com\/company\/vtorino\/"]}]},"product_brand":"Miloa","product_price_amount":"34.45","product_price_currency":"EUR","og_availability":"instock","product_availability":"instock","product_retailer_item_id":"A-1823690","product_condition":"new"},"_links":{"self":[{"href":"https:\/\/www.vetorino.com\/veterinaire\/plouzevede-29440\/boutique\/wp-json\/wp\/v2\/product\/187434","targetHints":{"allow":["GET"]}}],"collection":[{"href":"https:\/\/www.vetorino.com\/veterinaire\/plouzevede-29440\/boutique\/wp-json\/wp\/v2\/product"}],"about":[{"href":"https:\/\/www.vetorino.com\/veterinaire\/plouzevede-29440\/boutique\/wp-json\/wp\/v2\/types\/product"}],"wp:featuredmedia":[{"embeddable":true,"href":"https:\/\/www.vetorino.com\/veterinaire\/plouzevede-29440\/boutique\/wp-json\/wp\/v2\/media\/949869"}],"wp:attachment":[{"href":"https:\/\/www.vetorino.com\/veterinaire\/plouzevede-29440\/boutique\/wp-json\/wp\/v2\/media?parent=187434"}],"wp:term":[{"taxonomy":"product_cat","embeddable":true,"href":"https:\/\/www.vetorino.com\/veterinaire\/plouzevede-29440\/boutique\/wp-json\/wp\/v2\/product_cat?post=187434"},{"taxonomy":"product_tag","embeddable":true,"href":"https:\/\/www.vetorino.com\/veterinaire\/plouzevede-29440\/boutique\/wp-json\/wp\/v2\/product_tag?post=187434"}],"curies":[{"name":"wp","href":"https:\/\/api.w.org\/{rel}","templated":true}]}}