{"id":187438,"date":"2021-05-31T20:40:58","date_gmt":"2021-05-31T18:40:58","guid":{"rendered":"https:\/\/www.vetorino.com\/boutique\/product\/wamine-gastrimild\/"},"modified":"2022-07-05T12:22:31","modified_gmt":"2022-07-05T10:22:31","slug":"wamine-gastrimild","status":"publish","type":"product","link":"https:\/\/www.vetorino.com\/veterinaire\/plouzevede-29440\/boutique\/product\/wamine-gastrimild\/","title":{"rendered":"Gastrimild Confort gastrique"},"content":{"rendered":"<section id=\"product-advantages\">\n<ul>\n<li>Contient des extraits de 3 plantes reconnues pour leur soutien \u00e0 la fonction digestive<\/li>\n<li>Recommand\u00e9 pour \u00e9viter les d\u00e9sagr\u00e9ments dus au voyage, aux stress, aux divers changements de r\u00e9gime<\/li>\n<li>Mini comprim\u00e9s pour une observance facilit\u00e9e<\/li>\n<li>Extraits de plantes obtenus gr\u00e2ce au proc\u00e9d\u00e9 Phytostandard\u00ae reconnu pour son respect de l\u2019int\u00e9grit\u00e9 des compos\u00e9s de la plante<\/li>\n<\/ul>\n<\/section>\n","protected":false},"excerpt":{"rendered":"<p class=\"title\">Aliment compl\u00e9mentaire pour chiens et chats<\/p>\n<ul>\n<li>Le gingembre pr\u00e9vient des naus\u00e9es et vomissements dus au mal des trasnports.<\/li>\n<li>La r\u00e9glisse contribue au bien-\u00eatre.<\/li>\n<li>La m\u00e9lisse aide \u00e0 apaiser les ballonements.<\/li>\n<\/ul>\n<p>Bo\u00eete de 30 comprim\u00e9s<\/p>\n","protected":false},"featured_media":341076,"template":"","meta":[],"product_cat":[2730,2738,2759,2786,2697,2698],"product_tag":[],"class_list":{"0":"post-187438","1":"product","2":"type-product","3":"status-publish","4":"has-post-thumbnail","6":"product_cat-aliments-complementaires-pour-chat","7":"product_cat-aliments-complementaires-pour-chien","8":"product_cat-anti-stress-et-anxiete-pour-chat","9":"product_cat-anti-stress-et-anxiete-du-chien","10":"product_cat-chat","11":"product_cat-chien","12":"pa_marque-wamine","14":"first","15":"instock","16":"taxable","17":"shipping-taxable","18":"purchasable","19":"product-type-simple"},"yoast_head":"<!-- This site is optimized with the Yoast SEO plugin v27.3 - https:\/\/yoast.com\/product\/yoast-seo-wordpress\/ -->\n<title>Gastrimild Confort gastrique Wamine - V\u00e9torino<\/title>\n<meta name=\"description\" content=\"Aliment compl\u00e9mentaire pour chiens et chats    Le gingembre pr\u00e9vient des naus\u00e9es et vomissements dus au mal des trasnports.  La r\u00e9glisse contribue au bien-\u00eatre.  La m\u00e9lisse aide \u00e0 apaiser les ballonements.  Bo\u00eete de 30 comprim\u00e9s\" \/>\n<meta name=\"robots\" content=\"noindex, nofollow\" \/>\n<meta property=\"og:locale\" content=\"fr_FR\" \/>\n<meta property=\"og:type\" content=\"article\" \/>\n<meta property=\"og:title\" content=\"Gastrimild Confort gastrique Wamine - V\u00e9torino\" \/>\n<meta property=\"og:description\" content=\"Aliment compl\u00e9mentaire pour chiens et chats    Le gingembre pr\u00e9vient des naus\u00e9es et vomissements dus au mal des trasnports.  La r\u00e9glisse contribue au bien-\u00eatre.  La m\u00e9lisse aide \u00e0 apaiser les ballonements.  Bo\u00eete de 30 comprim\u00e9s\" \/>\n<meta property=\"og:url\" content=\"https:\/\/www.vetorino.com\/veterinaire\/plouzevede-29440\/boutique\/product\/wamine-gastrimild\/\" \/>\n<meta property=\"og:site_name\" content=\"V\u00e9torino\" \/>\n<meta property=\"article:publisher\" content=\"https:\/\/www.facebook.com\/Vetorino\/\" \/>\n<meta property=\"article:modified_time\" content=\"2022-07-05T10:22:31+00:00\" \/>\n<meta property=\"og:image\" content=\"https:\/\/www.vetorino.com\/boutique\/wp-content\/uploads\/2021\/05\/GASTRIMILD-30CP-485x748-3.png\" \/>\n\t<meta property=\"og:image:width\" content=\"310\" \/>\n\t<meta property=\"og:image:height\" content=\"478\" \/>\n\t<meta property=\"og:image:type\" content=\"image\/png\" \/>\n<meta name=\"twitter:card\" content=\"summary_large_image\" \/>\n<meta name=\"twitter:label1\" content=\"Prix\" \/>\n\t<meta name=\"twitter:data1\" content=\"15,38&euro;\" \/>\n\t<meta name=\"twitter:label2\" content=\"Disponibilit\u00e9\" \/>\n\t<meta name=\"twitter:data2\" content=\"En stock\" \/>\n<script type=\"application\/ld+json\" class=\"yoast-schema-graph\">{\"@context\":\"https:\\\/\\\/schema.org\",\"@graph\":[{\"@type\":\"WebPage\",\"@id\":\"https:\\\/\\\/www.vetorino.com\\\/boutique\\\/product\\\/wamine-gastrimild\\\/\",\"url\":\"https:\\\/\\\/www.vetorino.com\\\/boutique\\\/product\\\/wamine-gastrimild\\\/\",\"name\":\"Gastrimild Confort gastrique Wamine - V\u00e9torino\",\"isPartOf\":{\"@id\":\"https:\\\/\\\/www.vetorino.com\\\/boutique\\\/#website\"},\"primaryImageOfPage\":{\"@id\":\"https:\\\/\\\/www.vetorino.com\\\/boutique\\\/product\\\/wamine-gastrimild\\\/#primaryimage\"},\"image\":{\"@id\":\"https:\\\/\\\/www.vetorino.com\\\/boutique\\\/product\\\/wamine-gastrimild\\\/#primaryimage\"},\"thumbnailUrl\":\"https:\\\/\\\/www.vetorino.com\\\/boutique\\\/wp-content\\\/uploads\\\/2021\\\/05\\\/GASTRIMILD-30CP-485x748-3.png\",\"datePublished\":\"2021-05-31T18:40:58+00:00\",\"dateModified\":\"2022-07-05T10:22:31+00:00\",\"description\":\"Aliment compl\u00e9mentaire pour chiens et chats Le gingembre pr\u00e9vient des naus\u00e9es et vomissements dus au mal des trasnports. La r\u00e9glisse contribue au bien-\u00eatre. La m\u00e9lisse aide \u00e0 apaiser les ballonements. Bo\u00eete de 30 comprim\u00e9s\",\"breadcrumb\":{\"@id\":\"https:\\\/\\\/www.vetorino.com\\\/boutique\\\/product\\\/wamine-gastrimild\\\/#breadcrumb\"},\"inLanguage\":\"fr-FR\",\"potentialAction\":[{\"@type\":\"ReadAction\",\"target\":[\"https:\\\/\\\/www.vetorino.com\\\/boutique\\\/product\\\/wamine-gastrimild\\\/\"]}]},{\"@type\":\"ImageObject\",\"inLanguage\":\"fr-FR\",\"@id\":\"https:\\\/\\\/www.vetorino.com\\\/boutique\\\/product\\\/wamine-gastrimild\\\/#primaryimage\",\"url\":\"https:\\\/\\\/www.vetorino.com\\\/boutique\\\/wp-content\\\/uploads\\\/2021\\\/05\\\/GASTRIMILD-30CP-485x748-3.png\",\"contentUrl\":\"https:\\\/\\\/www.vetorino.com\\\/boutique\\\/wp-content\\\/uploads\\\/2021\\\/05\\\/GASTRIMILD-30CP-485x748-3.png\",\"width\":310,\"height\":478},{\"@type\":\"BreadcrumbList\",\"@id\":\"https:\\\/\\\/www.vetorino.com\\\/boutique\\\/product\\\/wamine-gastrimild\\\/#breadcrumb\",\"itemListElement\":[{\"@type\":\"ListItem\",\"position\":1,\"name\":\"Accueil\",\"item\":\"https:\\\/\\\/www.vetorino.com\\\/boutique\\\/\"},{\"@type\":\"ListItem\",\"position\":2,\"name\":\"Produits\",\"item\":\"https:\\\/\\\/www.vetorino.com\\\/boutique\\\/\"},{\"@type\":\"ListItem\",\"position\":3,\"name\":\"Gastrimild Confort gastrique\"}]},{\"@type\":\"WebSite\",\"@id\":\"https:\\\/\\\/www.vetorino.com\\\/boutique\\\/#website\",\"url\":\"https:\\\/\\\/www.vetorino.com\\\/boutique\\\/\",\"name\":\"V\u00e9torino\",\"description\":\"\",\"publisher\":{\"@id\":\"https:\\\/\\\/www.vetorino.com\\\/boutique\\\/#organization\"},\"potentialAction\":[{\"@type\":\"SearchAction\",\"target\":{\"@type\":\"EntryPoint\",\"urlTemplate\":\"https:\\\/\\\/www.vetorino.com\\\/boutique\\\/?s={search_term_string}\"},\"query-input\":{\"@type\":\"PropertyValueSpecification\",\"valueRequired\":true,\"valueName\":\"search_term_string\"}}],\"inLanguage\":\"fr-FR\"},{\"@type\":\"Organization\",\"@id\":\"https:\\\/\\\/www.vetorino.com\\\/boutique\\\/#organization\",\"name\":\"V\u00e9torino\",\"url\":\"https:\\\/\\\/www.vetorino.com\\\/boutique\\\/\",\"logo\":{\"@type\":\"ImageObject\",\"inLanguage\":\"fr-FR\",\"@id\":\"https:\\\/\\\/www.vetorino.com\\\/boutique\\\/#\\\/schema\\\/logo\\\/image\\\/\",\"url\":\"https:\\\/\\\/www.vetorino.com\\\/boutique\\\/wp-content\\\/uploads\\\/2024\\\/10\\\/logo.jpg\",\"contentUrl\":\"https:\\\/\\\/www.vetorino.com\\\/boutique\\\/wp-content\\\/uploads\\\/2024\\\/10\\\/logo.jpg\",\"width\":1200,\"height\":610,\"caption\":\"V\u00e9torino\"},\"image\":{\"@id\":\"https:\\\/\\\/www.vetorino.com\\\/boutique\\\/#\\\/schema\\\/logo\\\/image\\\/\"},\"sameAs\":[\"https:\\\/\\\/www.facebook.com\\\/Vetorino\\\/\",\"https:\\\/\\\/www.instagram.com\\\/vetorino_off\\\/\",\"https:\\\/\\\/www.linkedin.com\\\/company\\\/vtorino\\\/\"]}]}<\/script>\n<meta property=\"product:brand\" content=\"Wamine\" \/>\n<meta property=\"product:price:amount\" content=\"15.38\" \/>\n<meta property=\"product:price:currency\" content=\"EUR\" \/>\n<meta property=\"og:availability\" content=\"instock\" \/>\n<meta property=\"product:availability\" content=\"instock\" \/>\n<meta property=\"product:retailer_item_id\" content=\"A-1823500\" \/>\n<meta property=\"product:condition\" content=\"new\" \/>\n<!-- \/ Yoast SEO plugin. -->","yoast_head_json":{"title":"Gastrimild Confort gastrique Wamine - V\u00e9torino","description":"Aliment compl\u00e9mentaire pour chiens et chats    Le gingembre pr\u00e9vient des naus\u00e9es et vomissements dus au mal des trasnports.  La r\u00e9glisse contribue au bien-\u00eatre.  La m\u00e9lisse aide \u00e0 apaiser les ballonements.  Bo\u00eete de 30 comprim\u00e9s","robots":{"index":"noindex","follow":"nofollow"},"og_locale":"fr_FR","og_type":"article","og_title":"Gastrimild Confort gastrique Wamine - V\u00e9torino","og_description":"Aliment compl\u00e9mentaire pour chiens et chats    Le gingembre pr\u00e9vient des naus\u00e9es et vomissements dus au mal des trasnports.  La r\u00e9glisse contribue au bien-\u00eatre.  La m\u00e9lisse aide \u00e0 apaiser les ballonements.  Bo\u00eete de 30 comprim\u00e9s","og_url":"https:\/\/www.vetorino.com\/veterinaire\/plouzevede-29440\/boutique\/product\/wamine-gastrimild\/","og_site_name":"V\u00e9torino","article_publisher":"https:\/\/www.facebook.com\/Vetorino\/","article_modified_time":"2022-07-05T10:22:31+00:00","og_image":[{"width":310,"height":478,"url":"https:\/\/www.vetorino.com\/boutique\/wp-content\/uploads\/2021\/05\/GASTRIMILD-30CP-485x748-3.png","type":"image\/png"}],"twitter_card":"summary_large_image","twitter_misc":{"Prix":"15,38&euro;","Disponibilit\u00e9":"En stock"},"schema":{"@context":"https:\/\/schema.org","@graph":[{"@type":"WebPage","@id":"https:\/\/www.vetorino.com\/boutique\/product\/wamine-gastrimild\/","url":"https:\/\/www.vetorino.com\/boutique\/product\/wamine-gastrimild\/","name":"Gastrimild Confort gastrique Wamine - V\u00e9torino","isPartOf":{"@id":"https:\/\/www.vetorino.com\/boutique\/#website"},"primaryImageOfPage":{"@id":"https:\/\/www.vetorino.com\/boutique\/product\/wamine-gastrimild\/#primaryimage"},"image":{"@id":"https:\/\/www.vetorino.com\/boutique\/product\/wamine-gastrimild\/#primaryimage"},"thumbnailUrl":"https:\/\/www.vetorino.com\/boutique\/wp-content\/uploads\/2021\/05\/GASTRIMILD-30CP-485x748-3.png","datePublished":"2021-05-31T18:40:58+00:00","dateModified":"2022-07-05T10:22:31+00:00","description":"Aliment compl\u00e9mentaire pour chiens et chats Le gingembre pr\u00e9vient des naus\u00e9es et vomissements dus au mal des trasnports. La r\u00e9glisse contribue au bien-\u00eatre. La m\u00e9lisse aide \u00e0 apaiser les ballonements. Bo\u00eete de 30 comprim\u00e9s","breadcrumb":{"@id":"https:\/\/www.vetorino.com\/boutique\/product\/wamine-gastrimild\/#breadcrumb"},"inLanguage":"fr-FR","potentialAction":[{"@type":"ReadAction","target":["https:\/\/www.vetorino.com\/boutique\/product\/wamine-gastrimild\/"]}]},{"@type":"ImageObject","inLanguage":"fr-FR","@id":"https:\/\/www.vetorino.com\/boutique\/product\/wamine-gastrimild\/#primaryimage","url":"https:\/\/www.vetorino.com\/boutique\/wp-content\/uploads\/2021\/05\/GASTRIMILD-30CP-485x748-3.png","contentUrl":"https:\/\/www.vetorino.com\/boutique\/wp-content\/uploads\/2021\/05\/GASTRIMILD-30CP-485x748-3.png","width":310,"height":478},{"@type":"BreadcrumbList","@id":"https:\/\/www.vetorino.com\/boutique\/product\/wamine-gastrimild\/#breadcrumb","itemListElement":[{"@type":"ListItem","position":1,"name":"Accueil","item":"https:\/\/www.vetorino.com\/boutique\/"},{"@type":"ListItem","position":2,"name":"Produits","item":"https:\/\/www.vetorino.com\/boutique\/"},{"@type":"ListItem","position":3,"name":"Gastrimild Confort gastrique"}]},{"@type":"WebSite","@id":"https:\/\/www.vetorino.com\/boutique\/#website","url":"https:\/\/www.vetorino.com\/boutique\/","name":"V\u00e9torino","description":"","publisher":{"@id":"https:\/\/www.vetorino.com\/boutique\/#organization"},"potentialAction":[{"@type":"SearchAction","target":{"@type":"EntryPoint","urlTemplate":"https:\/\/www.vetorino.com\/boutique\/?s={search_term_string}"},"query-input":{"@type":"PropertyValueSpecification","valueRequired":true,"valueName":"search_term_string"}}],"inLanguage":"fr-FR"},{"@type":"Organization","@id":"https:\/\/www.vetorino.com\/boutique\/#organization","name":"V\u00e9torino","url":"https:\/\/www.vetorino.com\/boutique\/","logo":{"@type":"ImageObject","inLanguage":"fr-FR","@id":"https:\/\/www.vetorino.com\/boutique\/#\/schema\/logo\/image\/","url":"https:\/\/www.vetorino.com\/boutique\/wp-content\/uploads\/2024\/10\/logo.jpg","contentUrl":"https:\/\/www.vetorino.com\/boutique\/wp-content\/uploads\/2024\/10\/logo.jpg","width":1200,"height":610,"caption":"V\u00e9torino"},"image":{"@id":"https:\/\/www.vetorino.com\/boutique\/#\/schema\/logo\/image\/"},"sameAs":["https:\/\/www.facebook.com\/Vetorino\/","https:\/\/www.instagram.com\/vetorino_off\/","https:\/\/www.linkedin.com\/company\/vtorino\/"]}]},"product_brand":"Wamine","product_price_amount":"15.38","product_price_currency":"EUR","og_availability":"instock","product_availability":"instock","product_retailer_item_id":"A-1823500","product_condition":"new"},"_links":{"self":[{"href":"https:\/\/www.vetorino.com\/veterinaire\/plouzevede-29440\/boutique\/wp-json\/wp\/v2\/product\/187438","targetHints":{"allow":["GET"]}}],"collection":[{"href":"https:\/\/www.vetorino.com\/veterinaire\/plouzevede-29440\/boutique\/wp-json\/wp\/v2\/product"}],"about":[{"href":"https:\/\/www.vetorino.com\/veterinaire\/plouzevede-29440\/boutique\/wp-json\/wp\/v2\/types\/product"}],"wp:featuredmedia":[{"embeddable":true,"href":"https:\/\/www.vetorino.com\/veterinaire\/plouzevede-29440\/boutique\/wp-json\/wp\/v2\/media\/341076"}],"wp:attachment":[{"href":"https:\/\/www.vetorino.com\/veterinaire\/plouzevede-29440\/boutique\/wp-json\/wp\/v2\/media?parent=187438"}],"wp:term":[{"taxonomy":"product_cat","embeddable":true,"href":"https:\/\/www.vetorino.com\/veterinaire\/plouzevede-29440\/boutique\/wp-json\/wp\/v2\/product_cat?post=187438"},{"taxonomy":"product_tag","embeddable":true,"href":"https:\/\/www.vetorino.com\/veterinaire\/plouzevede-29440\/boutique\/wp-json\/wp\/v2\/product_tag?post=187438"}],"curies":[{"name":"wp","href":"https:\/\/api.w.org\/{rel}","templated":true}]}}