{"id":187554,"date":"2021-05-31T20:44:20","date_gmt":"2021-05-31T18:44:20","guid":{"rendered":"https:\/\/www.vetorino.com\/boutique\/product\/tonivet-huile-de-saumon\/"},"modified":"2024-10-15T12:23:46","modified_gmt":"2024-10-15T10:23:46","slug":"tonivet-huile-de-saumon","status":"publish","type":"product","link":"https:\/\/www.vetorino.com\/veterinaire\/plouzevede-29440\/boutique\/product\/tonivet-huile-de-saumon\/","title":{"rendered":"Huile de saumon"},"content":{"rendered":"<p><strong>L\u2019huile de Saumon pour chien TONIVET est un compl\u00e9ment nutritionnel adapt\u00e9 aux chiens et chats de tout \u00e2ge.\u00a0Elle favorise le bon entretien de la peau, du pelage et des articulations.<\/strong><\/p>\n<p><strong>Utilisation :\u00a0<\/strong><\/p>\n<ul>\n<li>Chiens et chats de tout \u00e2ge<\/li>\n<\/ul>\n<p><strong>Bienfaits essentiels :<\/strong><\/p>\n<ul>\n<li>Att\u00e9nue les probl\u00e8mes de peau en rendant la peau saine (poil sain et brillant)<\/li>\n<li>Am\u00e9liore les performances sportives des chiens et redonne de l&#8217;\u00e9nergie aux chiens de chasse<\/li>\n<li>Ralentit le\u00a0vieillissement des chiens et chats<\/li>\n<li>Am\u00e9lioration des capacit\u00e9s d\u2019apprentissage chez le chiot<\/li>\n<li>Stimule l&#8217;app\u00e9tit de l&#8217;animal<\/li>\n<li>Action contre l&#8217;inflammation articulaire ; l&#8217;arthrose<\/li>\n<li>Action contre l&#8217;insuffisance r\u00e9nale<\/li>\n<li>Action contre la diarrh\u00e9e inflammatoire<\/li>\n<li>Augmente l&#8217;acuit\u00e9 visuelle<\/li>\n<\/ul>\n<p><strong>Administration :<\/strong><\/p>\n<p>Chiens et chats : 2.5ml (1 pression) pour 5 \u00e0 10 kg de poids dans la nourriture.<\/p>\n<p>\u00c0 conserver \u00e0 l\u2019 abri de la lumi\u00e8re, de l\u2019humidit\u00e9 et dans un endroit sec.<\/p>\n","protected":false},"excerpt":{"rendered":"<div class=\"product-information\">\n<div id=\"product-description-short-5031\">\n<p><strong>L\u2019huile de Saumon pour chien TONIVET est un compl\u00e9ment nutritionnel adapt\u00e9 aux chiens et chats de tout \u00e2ge.\u00a0Elle favorise le bon entretien de la peau, du pelage et des articulations.<\/strong><\/p>\n<p><strong>Utilisation :\u00a0<\/strong><\/p>\n<ul>\n<li>Chiens et chats de tout \u00e2ge<\/li>\n<\/ul>\n<\/div>\n<\/div>\n","protected":false},"featured_media":190165,"template":"","meta":[],"product_cat":[2730,2697],"product_tag":[],"class_list":{"0":"post-187554","1":"product","2":"type-product","3":"status-publish","4":"has-post-thumbnail","6":"product_cat-aliments-complementaires-pour-chat","7":"product_cat-chat","8":"pa_marque-tonivet","10":"first","11":"instock","12":"taxable","13":"shipping-taxable","14":"purchasable","15":"product-type-variable"},"yoast_head":"<!-- This site is optimized with the Yoast SEO plugin v27.3 - https:\/\/yoast.com\/product\/yoast-seo-wordpress\/ -->\n<title>Huile de saumon Tonivet - V\u00e9torino<\/title>\n<meta name=\"description\" content=\"L\u2019huile de Saumon pour chien TONIVET est un compl\u00e9ment nutritionnel adapt\u00e9 aux chiens et chats de tout \u00e2ge.\u00a0Elle favorise le bon entretien de la peau, du pelage et des articulations.  Utilisation :\u00a0   Chiens et chats de tout \u00e2ge\" \/>\n<meta name=\"robots\" content=\"noindex, nofollow\" \/>\n<meta property=\"og:locale\" content=\"fr_FR\" \/>\n<meta property=\"og:type\" content=\"article\" \/>\n<meta property=\"og:title\" content=\"Huile de saumon Tonivet - V\u00e9torino\" \/>\n<meta property=\"og:description\" content=\"L\u2019huile de Saumon pour chien TONIVET est un compl\u00e9ment nutritionnel adapt\u00e9 aux chiens et chats de tout \u00e2ge.\u00a0Elle favorise le bon entretien de la peau, du pelage et des articulations.  Utilisation :\u00a0   Chiens et chats de tout \u00e2ge\" \/>\n<meta property=\"og:url\" content=\"https:\/\/www.vetorino.com\/veterinaire\/plouzevede-29440\/boutique\/product\/tonivet-huile-de-saumon\/\" \/>\n<meta property=\"og:site_name\" content=\"V\u00e9torino\" \/>\n<meta property=\"article:publisher\" content=\"https:\/\/www.facebook.com\/Vetorino\/\" \/>\n<meta property=\"article:modified_time\" content=\"2024-10-15T10:23:46+00:00\" \/>\n<meta property=\"og:image\" content=\"https:\/\/www.vetorino.com\/boutique\/wp-content\/uploads\/2021\/05\/tonivet-huile-de-saumon-tonivet.jpg\" \/>\n\t<meta property=\"og:image:width\" content=\"458\" \/>\n\t<meta property=\"og:image:height\" content=\"458\" \/>\n\t<meta property=\"og:image:type\" content=\"image\/jpeg\" \/>\n<meta name=\"twitter:card\" content=\"summary_large_image\" \/>\n<meta name=\"twitter:label1\" content=\"Disponibilit\u00e9\" \/>\n\t<meta name=\"twitter:data1\" content=\"En stock\" \/>\n<script type=\"application\/ld+json\" class=\"yoast-schema-graph\">{\"@context\":\"https:\\\/\\\/schema.org\",\"@graph\":[{\"@type\":\"WebPage\",\"@id\":\"https:\\\/\\\/www.vetorino.com\\\/boutique\\\/product\\\/tonivet-huile-de-saumon\\\/\",\"url\":\"https:\\\/\\\/www.vetorino.com\\\/boutique\\\/product\\\/tonivet-huile-de-saumon\\\/\",\"name\":\"Huile de saumon Tonivet - V\u00e9torino\",\"isPartOf\":{\"@id\":\"https:\\\/\\\/www.vetorino.com\\\/boutique\\\/#website\"},\"primaryImageOfPage\":{\"@id\":\"https:\\\/\\\/www.vetorino.com\\\/boutique\\\/product\\\/tonivet-huile-de-saumon\\\/#primaryimage\"},\"image\":{\"@id\":\"https:\\\/\\\/www.vetorino.com\\\/boutique\\\/product\\\/tonivet-huile-de-saumon\\\/#primaryimage\"},\"thumbnailUrl\":\"https:\\\/\\\/www.vetorino.com\\\/boutique\\\/wp-content\\\/uploads\\\/2021\\\/05\\\/tonivet-huile-de-saumon-tonivet.jpg\",\"datePublished\":\"2021-05-31T18:44:20+00:00\",\"dateModified\":\"2024-10-15T10:23:46+00:00\",\"description\":\"L\u2019huile de Saumon pour chien TONIVET est un compl\u00e9ment nutritionnel adapt\u00e9 aux chiens et chats de tout \u00e2ge.\u00a0Elle favorise le bon entretien de la peau, du pelage et des articulations. Utilisation :\u00a0 Chiens et chats de tout \u00e2ge\",\"breadcrumb\":{\"@id\":\"https:\\\/\\\/www.vetorino.com\\\/boutique\\\/product\\\/tonivet-huile-de-saumon\\\/#breadcrumb\"},\"inLanguage\":\"fr-FR\",\"potentialAction\":[{\"@type\":\"ReadAction\",\"target\":[\"https:\\\/\\\/www.vetorino.com\\\/boutique\\\/product\\\/tonivet-huile-de-saumon\\\/\"]}]},{\"@type\":\"ImageObject\",\"inLanguage\":\"fr-FR\",\"@id\":\"https:\\\/\\\/www.vetorino.com\\\/boutique\\\/product\\\/tonivet-huile-de-saumon\\\/#primaryimage\",\"url\":\"https:\\\/\\\/www.vetorino.com\\\/boutique\\\/wp-content\\\/uploads\\\/2021\\\/05\\\/tonivet-huile-de-saumon-tonivet.jpg\",\"contentUrl\":\"https:\\\/\\\/www.vetorino.com\\\/boutique\\\/wp-content\\\/uploads\\\/2021\\\/05\\\/tonivet-huile-de-saumon-tonivet.jpg\",\"width\":458,\"height\":458},{\"@type\":\"BreadcrumbList\",\"@id\":\"https:\\\/\\\/www.vetorino.com\\\/boutique\\\/product\\\/tonivet-huile-de-saumon\\\/#breadcrumb\",\"itemListElement\":[{\"@type\":\"ListItem\",\"position\":1,\"name\":\"Accueil\",\"item\":\"https:\\\/\\\/www.vetorino.com\\\/boutique\\\/\"},{\"@type\":\"ListItem\",\"position\":2,\"name\":\"Produits\",\"item\":\"https:\\\/\\\/www.vetorino.com\\\/boutique\\\/\"},{\"@type\":\"ListItem\",\"position\":3,\"name\":\"Huile de saumon\"}]},{\"@type\":\"WebSite\",\"@id\":\"https:\\\/\\\/www.vetorino.com\\\/boutique\\\/#website\",\"url\":\"https:\\\/\\\/www.vetorino.com\\\/boutique\\\/\",\"name\":\"V\u00e9torino\",\"description\":\"\",\"publisher\":{\"@id\":\"https:\\\/\\\/www.vetorino.com\\\/boutique\\\/#organization\"},\"potentialAction\":[{\"@type\":\"SearchAction\",\"target\":{\"@type\":\"EntryPoint\",\"urlTemplate\":\"https:\\\/\\\/www.vetorino.com\\\/boutique\\\/?s={search_term_string}\"},\"query-input\":{\"@type\":\"PropertyValueSpecification\",\"valueRequired\":true,\"valueName\":\"search_term_string\"}}],\"inLanguage\":\"fr-FR\"},{\"@type\":\"Organization\",\"@id\":\"https:\\\/\\\/www.vetorino.com\\\/boutique\\\/#organization\",\"name\":\"V\u00e9torino\",\"url\":\"https:\\\/\\\/www.vetorino.com\\\/boutique\\\/\",\"logo\":{\"@type\":\"ImageObject\",\"inLanguage\":\"fr-FR\",\"@id\":\"https:\\\/\\\/www.vetorino.com\\\/boutique\\\/#\\\/schema\\\/logo\\\/image\\\/\",\"url\":\"https:\\\/\\\/www.vetorino.com\\\/boutique\\\/wp-content\\\/uploads\\\/2024\\\/10\\\/logo.jpg\",\"contentUrl\":\"https:\\\/\\\/www.vetorino.com\\\/boutique\\\/wp-content\\\/uploads\\\/2024\\\/10\\\/logo.jpg\",\"width\":1200,\"height\":610,\"caption\":\"V\u00e9torino\"},\"image\":{\"@id\":\"https:\\\/\\\/www.vetorino.com\\\/boutique\\\/#\\\/schema\\\/logo\\\/image\\\/\"},\"sameAs\":[\"https:\\\/\\\/www.facebook.com\\\/Vetorino\\\/\",\"https:\\\/\\\/www.instagram.com\\\/vetorino_off\\\/\",\"https:\\\/\\\/www.linkedin.com\\\/company\\\/vtorino\\\/\"]}]}<\/script>\n<meta property=\"product:brand\" content=\"Tonivet\" \/>\n<meta property=\"og:availability\" content=\"instock\" \/>\n<meta property=\"product:availability\" content=\"instock\" \/>\n<meta property=\"product:condition\" content=\"new\" \/>\n<!-- \/ Yoast SEO plugin. -->","yoast_head_json":{"title":"Huile de saumon Tonivet - V\u00e9torino","description":"L\u2019huile de Saumon pour chien TONIVET est un compl\u00e9ment nutritionnel adapt\u00e9 aux chiens et chats de tout \u00e2ge.\u00a0Elle favorise le bon entretien de la peau, du pelage et des articulations.  Utilisation :\u00a0   Chiens et chats de tout \u00e2ge","robots":{"index":"noindex","follow":"nofollow"},"og_locale":"fr_FR","og_type":"article","og_title":"Huile de saumon Tonivet - V\u00e9torino","og_description":"L\u2019huile de Saumon pour chien TONIVET est un compl\u00e9ment nutritionnel adapt\u00e9 aux chiens et chats de tout \u00e2ge.\u00a0Elle favorise le bon entretien de la peau, du pelage et des articulations.  Utilisation :\u00a0   Chiens et chats de tout \u00e2ge","og_url":"https:\/\/www.vetorino.com\/veterinaire\/plouzevede-29440\/boutique\/product\/tonivet-huile-de-saumon\/","og_site_name":"V\u00e9torino","article_publisher":"https:\/\/www.facebook.com\/Vetorino\/","article_modified_time":"2024-10-15T10:23:46+00:00","og_image":[{"width":458,"height":458,"url":"https:\/\/www.vetorino.com\/boutique\/wp-content\/uploads\/2021\/05\/tonivet-huile-de-saumon-tonivet.jpg","type":"image\/jpeg"}],"twitter_card":"summary_large_image","twitter_misc":{"Disponibilit\u00e9":"En stock"},"schema":{"@context":"https:\/\/schema.org","@graph":[{"@type":"WebPage","@id":"https:\/\/www.vetorino.com\/boutique\/product\/tonivet-huile-de-saumon\/","url":"https:\/\/www.vetorino.com\/boutique\/product\/tonivet-huile-de-saumon\/","name":"Huile de saumon Tonivet - V\u00e9torino","isPartOf":{"@id":"https:\/\/www.vetorino.com\/boutique\/#website"},"primaryImageOfPage":{"@id":"https:\/\/www.vetorino.com\/boutique\/product\/tonivet-huile-de-saumon\/#primaryimage"},"image":{"@id":"https:\/\/www.vetorino.com\/boutique\/product\/tonivet-huile-de-saumon\/#primaryimage"},"thumbnailUrl":"https:\/\/www.vetorino.com\/boutique\/wp-content\/uploads\/2021\/05\/tonivet-huile-de-saumon-tonivet.jpg","datePublished":"2021-05-31T18:44:20+00:00","dateModified":"2024-10-15T10:23:46+00:00","description":"L\u2019huile de Saumon pour chien TONIVET est un compl\u00e9ment nutritionnel adapt\u00e9 aux chiens et chats de tout \u00e2ge.\u00a0Elle favorise le bon entretien de la peau, du pelage et des articulations. Utilisation :\u00a0 Chiens et chats de tout \u00e2ge","breadcrumb":{"@id":"https:\/\/www.vetorino.com\/boutique\/product\/tonivet-huile-de-saumon\/#breadcrumb"},"inLanguage":"fr-FR","potentialAction":[{"@type":"ReadAction","target":["https:\/\/www.vetorino.com\/boutique\/product\/tonivet-huile-de-saumon\/"]}]},{"@type":"ImageObject","inLanguage":"fr-FR","@id":"https:\/\/www.vetorino.com\/boutique\/product\/tonivet-huile-de-saumon\/#primaryimage","url":"https:\/\/www.vetorino.com\/boutique\/wp-content\/uploads\/2021\/05\/tonivet-huile-de-saumon-tonivet.jpg","contentUrl":"https:\/\/www.vetorino.com\/boutique\/wp-content\/uploads\/2021\/05\/tonivet-huile-de-saumon-tonivet.jpg","width":458,"height":458},{"@type":"BreadcrumbList","@id":"https:\/\/www.vetorino.com\/boutique\/product\/tonivet-huile-de-saumon\/#breadcrumb","itemListElement":[{"@type":"ListItem","position":1,"name":"Accueil","item":"https:\/\/www.vetorino.com\/boutique\/"},{"@type":"ListItem","position":2,"name":"Produits","item":"https:\/\/www.vetorino.com\/boutique\/"},{"@type":"ListItem","position":3,"name":"Huile de saumon"}]},{"@type":"WebSite","@id":"https:\/\/www.vetorino.com\/boutique\/#website","url":"https:\/\/www.vetorino.com\/boutique\/","name":"V\u00e9torino","description":"","publisher":{"@id":"https:\/\/www.vetorino.com\/boutique\/#organization"},"potentialAction":[{"@type":"SearchAction","target":{"@type":"EntryPoint","urlTemplate":"https:\/\/www.vetorino.com\/boutique\/?s={search_term_string}"},"query-input":{"@type":"PropertyValueSpecification","valueRequired":true,"valueName":"search_term_string"}}],"inLanguage":"fr-FR"},{"@type":"Organization","@id":"https:\/\/www.vetorino.com\/boutique\/#organization","name":"V\u00e9torino","url":"https:\/\/www.vetorino.com\/boutique\/","logo":{"@type":"ImageObject","inLanguage":"fr-FR","@id":"https:\/\/www.vetorino.com\/boutique\/#\/schema\/logo\/image\/","url":"https:\/\/www.vetorino.com\/boutique\/wp-content\/uploads\/2024\/10\/logo.jpg","contentUrl":"https:\/\/www.vetorino.com\/boutique\/wp-content\/uploads\/2024\/10\/logo.jpg","width":1200,"height":610,"caption":"V\u00e9torino"},"image":{"@id":"https:\/\/www.vetorino.com\/boutique\/#\/schema\/logo\/image\/"},"sameAs":["https:\/\/www.facebook.com\/Vetorino\/","https:\/\/www.instagram.com\/vetorino_off\/","https:\/\/www.linkedin.com\/company\/vtorino\/"]}]},"product_brand":"Tonivet","og_availability":"instock","product_availability":"instock","product_condition":"new"},"_links":{"self":[{"href":"https:\/\/www.vetorino.com\/veterinaire\/plouzevede-29440\/boutique\/wp-json\/wp\/v2\/product\/187554","targetHints":{"allow":["GET"]}}],"collection":[{"href":"https:\/\/www.vetorino.com\/veterinaire\/plouzevede-29440\/boutique\/wp-json\/wp\/v2\/product"}],"about":[{"href":"https:\/\/www.vetorino.com\/veterinaire\/plouzevede-29440\/boutique\/wp-json\/wp\/v2\/types\/product"}],"wp:featuredmedia":[{"embeddable":true,"href":"https:\/\/www.vetorino.com\/veterinaire\/plouzevede-29440\/boutique\/wp-json\/wp\/v2\/media\/190165"}],"wp:attachment":[{"href":"https:\/\/www.vetorino.com\/veterinaire\/plouzevede-29440\/boutique\/wp-json\/wp\/v2\/media?parent=187554"}],"wp:term":[{"taxonomy":"product_cat","embeddable":true,"href":"https:\/\/www.vetorino.com\/veterinaire\/plouzevede-29440\/boutique\/wp-json\/wp\/v2\/product_cat?post=187554"},{"taxonomy":"product_tag","embeddable":true,"href":"https:\/\/www.vetorino.com\/veterinaire\/plouzevede-29440\/boutique\/wp-json\/wp\/v2\/product_tag?post=187554"}],"curies":[{"name":"wp","href":"https:\/\/api.w.org\/{rel}","templated":true}]}}