{"id":188048,"date":"2021-06-01T16:24:42","date_gmt":"2021-06-01T14:24:42","guid":{"rendered":"https:\/\/www.vetorino.com\/boutique\/product\/tri-tec-14-repulsif\/"},"modified":"2022-01-04T15:32:17","modified_gmt":"2022-01-04T14:32:17","slug":"tri-tec-14-repulsif","status":"publish","type":"product","link":"https:\/\/www.vetorino.com\/veterinaire\/plouzevede-29440\/boutique\/product\/tri-tec-14-repulsif\/","title":{"rendered":"Tri-tec 14 Repulsif"},"content":{"rendered":"<p>TRI-TEC 14 est un spray anti-mouches puissant, utilis\u00e9 par les plus grands professionnels.<br \/>\nSon action insecticide et insectifuge est imm\u00e9diate et assure une protection longue dur\u00e9e (r\u00e9manence de 5 \u00e0 7 jours !) contre les mouches, taons, tiques, moustiques et autres insectes volants.<br \/>\nIl ne t\u00e2che pas et son odeur est agr\u00e9able.<br \/>\nLe flacon pulv\u00e9risateur de 300 ml est pratique et \u00e0 emporter partout !<br \/>\nExiste en recharge \u00e9conomique.<br \/>\nTRI-TEC 14 est homologu\u00e9 sous le num\u00e9ro AMM 2080047 par le minist\u00e8re de l&#8217;agriculture comme insecticide pour logements d&#8217;animaux domestiques, en particulier les boxes et les \u00e9curies de chevaux.<br \/>\nTRITEC 14 ne pr\u00e9sente aucun danger pour le cheval.<br \/>\nMode d&#8217;emploi :<br \/>\n&#8211; Pulv\u00e9riser TRI-TEC 14 sur les endroits les plus recherch\u00e9s par les insectes.<br \/>\n&#8211; Renouveler les applications tous les 5 \u00e0 7 jours et agalement apr\u00e8s une grosse pluie.<\/p>\n","protected":false},"excerpt":{"rendered":"<p><strong>TRI-TEC 14<\/strong> est un <strong>spray anti-mouches puissant<\/strong>!<br \/>\nAction <strong>insecticide<\/strong> et <strong>insectifuge<\/strong> est <strong>imm\u00e9diate<\/strong> et assure une <strong>protection longue dur\u00e9e<\/strong> (r\u00e9manence de 5 \u00e0 7 jours !) contre les mouches, taons, tiques, moustiques et autres insectes volants.<\/p>\n","protected":false},"featured_media":188053,"template":"","meta":[],"product_cat":[12756,12547,12754],"product_tag":[],"class_list":{"0":"post-188048","1":"product","2":"type-product","3":"status-publish","4":"has-post-thumbnail","6":"product_cat-anti-mouche-pour-cheval","7":"product_cat-cheval","8":"product_cat-soins-au-quotidien-du-cheval","9":"pa_marque-pommier-nutriti","11":"first","12":"instock","13":"taxable","14":"shipping-taxable","15":"purchasable","16":"product-type-variable"},"yoast_head":"<!-- This site is optimized with the Yoast SEO plugin v27.3 - https:\/\/yoast.com\/product\/yoast-seo-wordpress\/ -->\n<title>Tri-tec 14 Repulsif Pommier Nutrition - V\u00e9torino<\/title>\n<meta name=\"description\" content=\"TRI-TEC 14 est un spray anti-mouches puissant! Action insecticide et insectifuge est imm\u00e9diate et assure une protection longue dur\u00e9e (r\u00e9manence de 5 \u00e0 7 jours !) contre les mouches, taons, tiques, moustiques et autres insectes volants.\" \/>\n<meta name=\"robots\" content=\"noindex, nofollow\" \/>\n<meta property=\"og:locale\" content=\"fr_FR\" \/>\n<meta property=\"og:type\" content=\"article\" \/>\n<meta property=\"og:title\" content=\"Tri-tec 14 Repulsif Pommier Nutrition - V\u00e9torino\" \/>\n<meta property=\"og:description\" content=\"TRI-TEC 14 est un spray anti-mouches puissant! Action insecticide et insectifuge est imm\u00e9diate et assure une protection longue dur\u00e9e (r\u00e9manence de 5 \u00e0 7 jours !) contre les mouches, taons, tiques, moustiques et autres insectes volants.\" \/>\n<meta property=\"og:url\" content=\"https:\/\/www.vetorino.com\/veterinaire\/plouzevede-29440\/boutique\/product\/tri-tec-14-repulsif\/\" \/>\n<meta property=\"og:site_name\" content=\"V\u00e9torino\" \/>\n<meta property=\"article:publisher\" content=\"https:\/\/www.facebook.com\/Vetorino\/\" \/>\n<meta property=\"article:modified_time\" content=\"2022-01-04T14:32:17+00:00\" \/>\n<meta property=\"og:image\" content=\"https:\/\/www.vetorino.com\/boutique\/wp-content\/uploads\/2020\/06\/tri-tec-14-spray-anti-insectes-950ml.jpeg\" \/>\n\t<meta property=\"og:image:width\" content=\"1000\" \/>\n\t<meta property=\"og:image:height\" content=\"1000\" \/>\n\t<meta property=\"og:image:type\" content=\"image\/jpeg\" \/>\n<meta name=\"twitter:card\" content=\"summary_large_image\" \/>\n<meta name=\"twitter:label1\" content=\"Disponibilit\u00e9\" \/>\n\t<meta name=\"twitter:data1\" content=\"En stock\" \/>\n<script type=\"application\/ld+json\" class=\"yoast-schema-graph\">{\"@context\":\"https:\\\/\\\/schema.org\",\"@graph\":[{\"@type\":\"WebPage\",\"@id\":\"https:\\\/\\\/www.vetorino.com\\\/boutique\\\/product\\\/tri-tec-14-repulsif\\\/\",\"url\":\"https:\\\/\\\/www.vetorino.com\\\/boutique\\\/product\\\/tri-tec-14-repulsif\\\/\",\"name\":\"Tri-tec 14 Repulsif Pommier Nutrition - V\u00e9torino\",\"isPartOf\":{\"@id\":\"https:\\\/\\\/www.vetorino.com\\\/boutique\\\/#website\"},\"primaryImageOfPage\":{\"@id\":\"https:\\\/\\\/www.vetorino.com\\\/boutique\\\/product\\\/tri-tec-14-repulsif\\\/#primaryimage\"},\"image\":{\"@id\":\"https:\\\/\\\/www.vetorino.com\\\/boutique\\\/product\\\/tri-tec-14-repulsif\\\/#primaryimage\"},\"thumbnailUrl\":\"https:\\\/\\\/www.vetorino.com\\\/boutique\\\/wp-content\\\/uploads\\\/2020\\\/06\\\/tri-tec-14-spray-anti-insectes-950ml.jpeg\",\"datePublished\":\"2021-06-01T14:24:42+00:00\",\"dateModified\":\"2022-01-04T14:32:17+00:00\",\"description\":\"TRI-TEC 14 est un spray anti-mouches puissant! Action insecticide et insectifuge est imm\u00e9diate et assure une protection longue dur\u00e9e (r\u00e9manence de 5 \u00e0 7 jours !) contre les mouches, taons, tiques, moustiques et autres insectes volants.\",\"breadcrumb\":{\"@id\":\"https:\\\/\\\/www.vetorino.com\\\/boutique\\\/product\\\/tri-tec-14-repulsif\\\/#breadcrumb\"},\"inLanguage\":\"fr-FR\",\"potentialAction\":[{\"@type\":\"ReadAction\",\"target\":[\"https:\\\/\\\/www.vetorino.com\\\/boutique\\\/product\\\/tri-tec-14-repulsif\\\/\"]}]},{\"@type\":\"ImageObject\",\"inLanguage\":\"fr-FR\",\"@id\":\"https:\\\/\\\/www.vetorino.com\\\/boutique\\\/product\\\/tri-tec-14-repulsif\\\/#primaryimage\",\"url\":\"https:\\\/\\\/www.vetorino.com\\\/boutique\\\/wp-content\\\/uploads\\\/2020\\\/06\\\/tri-tec-14-spray-anti-insectes-950ml.jpeg\",\"contentUrl\":\"https:\\\/\\\/www.vetorino.com\\\/boutique\\\/wp-content\\\/uploads\\\/2020\\\/06\\\/tri-tec-14-spray-anti-insectes-950ml.jpeg\",\"width\":1000,\"height\":1000},{\"@type\":\"BreadcrumbList\",\"@id\":\"https:\\\/\\\/www.vetorino.com\\\/boutique\\\/product\\\/tri-tec-14-repulsif\\\/#breadcrumb\",\"itemListElement\":[{\"@type\":\"ListItem\",\"position\":1,\"name\":\"Accueil\",\"item\":\"https:\\\/\\\/www.vetorino.com\\\/boutique\\\/\"},{\"@type\":\"ListItem\",\"position\":2,\"name\":\"Produits\",\"item\":\"https:\\\/\\\/www.vetorino.com\\\/boutique\\\/\"},{\"@type\":\"ListItem\",\"position\":3,\"name\":\"Tri-tec 14 Repulsif\"}]},{\"@type\":\"WebSite\",\"@id\":\"https:\\\/\\\/www.vetorino.com\\\/boutique\\\/#website\",\"url\":\"https:\\\/\\\/www.vetorino.com\\\/boutique\\\/\",\"name\":\"V\u00e9torino\",\"description\":\"\",\"publisher\":{\"@id\":\"https:\\\/\\\/www.vetorino.com\\\/boutique\\\/#organization\"},\"potentialAction\":[{\"@type\":\"SearchAction\",\"target\":{\"@type\":\"EntryPoint\",\"urlTemplate\":\"https:\\\/\\\/www.vetorino.com\\\/boutique\\\/?s={search_term_string}\"},\"query-input\":{\"@type\":\"PropertyValueSpecification\",\"valueRequired\":true,\"valueName\":\"search_term_string\"}}],\"inLanguage\":\"fr-FR\"},{\"@type\":\"Organization\",\"@id\":\"https:\\\/\\\/www.vetorino.com\\\/boutique\\\/#organization\",\"name\":\"V\u00e9torino\",\"url\":\"https:\\\/\\\/www.vetorino.com\\\/boutique\\\/\",\"logo\":{\"@type\":\"ImageObject\",\"inLanguage\":\"fr-FR\",\"@id\":\"https:\\\/\\\/www.vetorino.com\\\/boutique\\\/#\\\/schema\\\/logo\\\/image\\\/\",\"url\":\"https:\\\/\\\/www.vetorino.com\\\/boutique\\\/wp-content\\\/uploads\\\/2024\\\/10\\\/logo.jpg\",\"contentUrl\":\"https:\\\/\\\/www.vetorino.com\\\/boutique\\\/wp-content\\\/uploads\\\/2024\\\/10\\\/logo.jpg\",\"width\":1200,\"height\":610,\"caption\":\"V\u00e9torino\"},\"image\":{\"@id\":\"https:\\\/\\\/www.vetorino.com\\\/boutique\\\/#\\\/schema\\\/logo\\\/image\\\/\"},\"sameAs\":[\"https:\\\/\\\/www.facebook.com\\\/Vetorino\\\/\",\"https:\\\/\\\/www.instagram.com\\\/vetorino_off\\\/\",\"https:\\\/\\\/www.linkedin.com\\\/company\\\/vtorino\\\/\"]}]}<\/script>\n<meta property=\"product:brand\" content=\"Pommier Nutrition\" \/>\n<meta property=\"og:availability\" content=\"instock\" \/>\n<meta property=\"product:availability\" content=\"instock\" \/>\n<meta property=\"product:condition\" content=\"new\" \/>\n<!-- \/ Yoast SEO plugin. -->","yoast_head_json":{"title":"Tri-tec 14 Repulsif Pommier Nutrition - V\u00e9torino","description":"TRI-TEC 14 est un spray anti-mouches puissant! Action insecticide et insectifuge est imm\u00e9diate et assure une protection longue dur\u00e9e (r\u00e9manence de 5 \u00e0 7 jours !) contre les mouches, taons, tiques, moustiques et autres insectes volants.","robots":{"index":"noindex","follow":"nofollow"},"og_locale":"fr_FR","og_type":"article","og_title":"Tri-tec 14 Repulsif Pommier Nutrition - V\u00e9torino","og_description":"TRI-TEC 14 est un spray anti-mouches puissant! Action insecticide et insectifuge est imm\u00e9diate et assure une protection longue dur\u00e9e (r\u00e9manence de 5 \u00e0 7 jours !) contre les mouches, taons, tiques, moustiques et autres insectes volants.","og_url":"https:\/\/www.vetorino.com\/veterinaire\/plouzevede-29440\/boutique\/product\/tri-tec-14-repulsif\/","og_site_name":"V\u00e9torino","article_publisher":"https:\/\/www.facebook.com\/Vetorino\/","article_modified_time":"2022-01-04T14:32:17+00:00","og_image":[{"width":1000,"height":1000,"url":"https:\/\/www.vetorino.com\/boutique\/wp-content\/uploads\/2020\/06\/tri-tec-14-spray-anti-insectes-950ml.jpeg","type":"image\/jpeg"}],"twitter_card":"summary_large_image","twitter_misc":{"Disponibilit\u00e9":"En stock"},"schema":{"@context":"https:\/\/schema.org","@graph":[{"@type":"WebPage","@id":"https:\/\/www.vetorino.com\/boutique\/product\/tri-tec-14-repulsif\/","url":"https:\/\/www.vetorino.com\/boutique\/product\/tri-tec-14-repulsif\/","name":"Tri-tec 14 Repulsif Pommier Nutrition - V\u00e9torino","isPartOf":{"@id":"https:\/\/www.vetorino.com\/boutique\/#website"},"primaryImageOfPage":{"@id":"https:\/\/www.vetorino.com\/boutique\/product\/tri-tec-14-repulsif\/#primaryimage"},"image":{"@id":"https:\/\/www.vetorino.com\/boutique\/product\/tri-tec-14-repulsif\/#primaryimage"},"thumbnailUrl":"https:\/\/www.vetorino.com\/boutique\/wp-content\/uploads\/2020\/06\/tri-tec-14-spray-anti-insectes-950ml.jpeg","datePublished":"2021-06-01T14:24:42+00:00","dateModified":"2022-01-04T14:32:17+00:00","description":"TRI-TEC 14 est un spray anti-mouches puissant! Action insecticide et insectifuge est imm\u00e9diate et assure une protection longue dur\u00e9e (r\u00e9manence de 5 \u00e0 7 jours !) contre les mouches, taons, tiques, moustiques et autres insectes volants.","breadcrumb":{"@id":"https:\/\/www.vetorino.com\/boutique\/product\/tri-tec-14-repulsif\/#breadcrumb"},"inLanguage":"fr-FR","potentialAction":[{"@type":"ReadAction","target":["https:\/\/www.vetorino.com\/boutique\/product\/tri-tec-14-repulsif\/"]}]},{"@type":"ImageObject","inLanguage":"fr-FR","@id":"https:\/\/www.vetorino.com\/boutique\/product\/tri-tec-14-repulsif\/#primaryimage","url":"https:\/\/www.vetorino.com\/boutique\/wp-content\/uploads\/2020\/06\/tri-tec-14-spray-anti-insectes-950ml.jpeg","contentUrl":"https:\/\/www.vetorino.com\/boutique\/wp-content\/uploads\/2020\/06\/tri-tec-14-spray-anti-insectes-950ml.jpeg","width":1000,"height":1000},{"@type":"BreadcrumbList","@id":"https:\/\/www.vetorino.com\/boutique\/product\/tri-tec-14-repulsif\/#breadcrumb","itemListElement":[{"@type":"ListItem","position":1,"name":"Accueil","item":"https:\/\/www.vetorino.com\/boutique\/"},{"@type":"ListItem","position":2,"name":"Produits","item":"https:\/\/www.vetorino.com\/boutique\/"},{"@type":"ListItem","position":3,"name":"Tri-tec 14 Repulsif"}]},{"@type":"WebSite","@id":"https:\/\/www.vetorino.com\/boutique\/#website","url":"https:\/\/www.vetorino.com\/boutique\/","name":"V\u00e9torino","description":"","publisher":{"@id":"https:\/\/www.vetorino.com\/boutique\/#organization"},"potentialAction":[{"@type":"SearchAction","target":{"@type":"EntryPoint","urlTemplate":"https:\/\/www.vetorino.com\/boutique\/?s={search_term_string}"},"query-input":{"@type":"PropertyValueSpecification","valueRequired":true,"valueName":"search_term_string"}}],"inLanguage":"fr-FR"},{"@type":"Organization","@id":"https:\/\/www.vetorino.com\/boutique\/#organization","name":"V\u00e9torino","url":"https:\/\/www.vetorino.com\/boutique\/","logo":{"@type":"ImageObject","inLanguage":"fr-FR","@id":"https:\/\/www.vetorino.com\/boutique\/#\/schema\/logo\/image\/","url":"https:\/\/www.vetorino.com\/boutique\/wp-content\/uploads\/2024\/10\/logo.jpg","contentUrl":"https:\/\/www.vetorino.com\/boutique\/wp-content\/uploads\/2024\/10\/logo.jpg","width":1200,"height":610,"caption":"V\u00e9torino"},"image":{"@id":"https:\/\/www.vetorino.com\/boutique\/#\/schema\/logo\/image\/"},"sameAs":["https:\/\/www.facebook.com\/Vetorino\/","https:\/\/www.instagram.com\/vetorino_off\/","https:\/\/www.linkedin.com\/company\/vtorino\/"]}]},"product_brand":"Pommier Nutrition","og_availability":"instock","product_availability":"instock","product_condition":"new"},"_links":{"self":[{"href":"https:\/\/www.vetorino.com\/veterinaire\/plouzevede-29440\/boutique\/wp-json\/wp\/v2\/product\/188048","targetHints":{"allow":["GET"]}}],"collection":[{"href":"https:\/\/www.vetorino.com\/veterinaire\/plouzevede-29440\/boutique\/wp-json\/wp\/v2\/product"}],"about":[{"href":"https:\/\/www.vetorino.com\/veterinaire\/plouzevede-29440\/boutique\/wp-json\/wp\/v2\/types\/product"}],"wp:featuredmedia":[{"embeddable":true,"href":"https:\/\/www.vetorino.com\/veterinaire\/plouzevede-29440\/boutique\/wp-json\/wp\/v2\/media\/188053"}],"wp:attachment":[{"href":"https:\/\/www.vetorino.com\/veterinaire\/plouzevede-29440\/boutique\/wp-json\/wp\/v2\/media?parent=188048"}],"wp:term":[{"taxonomy":"product_cat","embeddable":true,"href":"https:\/\/www.vetorino.com\/veterinaire\/plouzevede-29440\/boutique\/wp-json\/wp\/v2\/product_cat?post=188048"},{"taxonomy":"product_tag","embeddable":true,"href":"https:\/\/www.vetorino.com\/veterinaire\/plouzevede-29440\/boutique\/wp-json\/wp\/v2\/product_tag?post=188048"}],"curies":[{"name":"wp","href":"https:\/\/api.w.org\/{rel}","templated":true}]}}