{"id":189187,"date":"2021-06-04T11:50:26","date_gmt":"2021-06-04T09:50:26","guid":{"rendered":"https:\/\/www.vetorino.com\/boutique\/product\/protege-genou-back-on-track-2\/"},"modified":"2024-07-12T11:40:22","modified_gmt":"2024-07-12T09:40:22","slug":"protege-genou-back-on-track-2","status":"publish","type":"product","link":"https:\/\/www.vetorino.com\/veterinaire\/plouzevede-29440\/boutique\/product\/protege-genou-back-on-track-2\/","title":{"rendered":"Protege-genou"},"content":{"rendered":"<p>Cette genouill\u00e8re est facile \u00e0 appliquer, son ext\u00e9rieur est en n\u00e9opr\u00e8ne robuste. Elle est \u00e0 utiliser uniquement au repos et aidera \u00e0 pr\u00e9venir engorgements et blessures. Afin de minimiser le risque de glissement, nous recommandons de mettre une bande de repos sous la protection<\/p>\n","protected":false},"excerpt":{"rendered":"<p>Cette genouill\u00e8re est facile \u00e0 appliquer, son ext\u00e9rieur est en n\u00e9opr\u00e8ne robuste. Elle est \u00e0 utiliser uniquement au repos et aidera \u00e0 pr\u00e9venir engorgements et blessures. Afin de minimiser le risque de glissement, nous recommandons de mettre une bande de repos sous la protection<\/p>\n","protected":false},"featured_media":189185,"template":"","meta":[],"product_cat":[12549,12547,13395,12760,12754],"product_tag":[],"class_list":{"0":"post-189187","1":"product","2":"type-product","3":"status-publish","4":"has-post-thumbnail","6":"product_cat-accessoires-du-cheval","7":"product_cat-cheval","8":"product_cat-couverture-et-protection-du-cheval","9":"product_cat-materiel-et-equipement-du-cheval","10":"product_cat-soins-au-quotidien-du-cheval","11":"pa_marque-back-on-track","13":"first","14":"instock","15":"taxable","16":"shipping-taxable","17":"purchasable","18":"product-type-variable"},"yoast_head":"<!-- This site is optimized with the Yoast SEO plugin v27.3 - https:\/\/yoast.com\/product\/yoast-seo-wordpress\/ -->\n<title>Protege-genou Back on Track - V\u00e9torino<\/title>\n<meta name=\"description\" content=\"Cette genouill\u00e8re est facile \u00e0 appliquer, son ext\u00e9rieur est en n\u00e9opr\u00e8ne robuste. Elle est \u00e0 utiliser uniquement au repos et aidera \u00e0 pr\u00e9venir engorgements et blessures. Afin de minimiser le risque de glissement, nous recommandons de mettre une bande de repos sous la protection\" \/>\n<meta name=\"robots\" content=\"noindex, nofollow\" \/>\n<meta property=\"og:locale\" content=\"fr_FR\" \/>\n<meta property=\"og:type\" content=\"article\" \/>\n<meta property=\"og:title\" content=\"Protege-genou Back on Track - V\u00e9torino\" \/>\n<meta property=\"og:description\" content=\"Cette genouill\u00e8re est facile \u00e0 appliquer, son ext\u00e9rieur est en n\u00e9opr\u00e8ne robuste. Elle est \u00e0 utiliser uniquement au repos et aidera \u00e0 pr\u00e9venir engorgements et blessures. Afin de minimiser le risque de glissement, nous recommandons de mettre une bande de repos sous la protection\" \/>\n<meta property=\"og:url\" content=\"https:\/\/www.vetorino.com\/veterinaire\/plouzevede-29440\/boutique\/product\/protege-genou-back-on-track-2\/\" \/>\n<meta property=\"og:site_name\" content=\"V\u00e9torino\" \/>\n<meta property=\"article:publisher\" content=\"https:\/\/www.facebook.com\/Vetorino\/\" \/>\n<meta property=\"article:modified_time\" content=\"2024-07-12T09:40:22+00:00\" \/>\n<meta property=\"og:image\" content=\"https:\/\/www.vetorino.com\/boutique\/wp-content\/uploads\/2021\/06\/8260114-1.jpg\" \/>\n\t<meta property=\"og:image:width\" content=\"255\" \/>\n\t<meta property=\"og:image:height\" content=\"255\" \/>\n\t<meta property=\"og:image:type\" content=\"image\/jpeg\" \/>\n<meta name=\"twitter:card\" content=\"summary_large_image\" \/>\n<meta name=\"twitter:label1\" content=\"Disponibilit\u00e9\" \/>\n\t<meta name=\"twitter:data1\" content=\"En stock\" \/>\n<script type=\"application\/ld+json\" class=\"yoast-schema-graph\">{\"@context\":\"https:\\\/\\\/schema.org\",\"@graph\":[{\"@type\":\"WebPage\",\"@id\":\"https:\\\/\\\/www.vetorino.com\\\/boutique\\\/product\\\/protege-genou-back-on-track-2\\\/\",\"url\":\"https:\\\/\\\/www.vetorino.com\\\/boutique\\\/product\\\/protege-genou-back-on-track-2\\\/\",\"name\":\"Protege-genou Back on Track - V\u00e9torino\",\"isPartOf\":{\"@id\":\"https:\\\/\\\/www.vetorino.com\\\/boutique\\\/#website\"},\"primaryImageOfPage\":{\"@id\":\"https:\\\/\\\/www.vetorino.com\\\/boutique\\\/product\\\/protege-genou-back-on-track-2\\\/#primaryimage\"},\"image\":{\"@id\":\"https:\\\/\\\/www.vetorino.com\\\/boutique\\\/product\\\/protege-genou-back-on-track-2\\\/#primaryimage\"},\"thumbnailUrl\":\"https:\\\/\\\/www.vetorino.com\\\/boutique\\\/wp-content\\\/uploads\\\/2021\\\/06\\\/8260114-1.jpg\",\"datePublished\":\"2021-06-04T09:50:26+00:00\",\"dateModified\":\"2024-07-12T09:40:22+00:00\",\"description\":\"Cette genouill\u00e8re est facile \u00e0 appliquer, son ext\u00e9rieur est en n\u00e9opr\u00e8ne robuste. Elle est \u00e0 utiliser uniquement au repos et aidera \u00e0 pr\u00e9venir engorgements et blessures. Afin de minimiser le risque de glissement, nous recommandons de mettre une bande de repos sous la protection\",\"breadcrumb\":{\"@id\":\"https:\\\/\\\/www.vetorino.com\\\/boutique\\\/product\\\/protege-genou-back-on-track-2\\\/#breadcrumb\"},\"inLanguage\":\"fr-FR\",\"potentialAction\":[{\"@type\":\"ReadAction\",\"target\":[\"https:\\\/\\\/www.vetorino.com\\\/boutique\\\/product\\\/protege-genou-back-on-track-2\\\/\"]}]},{\"@type\":\"ImageObject\",\"inLanguage\":\"fr-FR\",\"@id\":\"https:\\\/\\\/www.vetorino.com\\\/boutique\\\/product\\\/protege-genou-back-on-track-2\\\/#primaryimage\",\"url\":\"https:\\\/\\\/www.vetorino.com\\\/boutique\\\/wp-content\\\/uploads\\\/2021\\\/06\\\/8260114-1.jpg\",\"contentUrl\":\"https:\\\/\\\/www.vetorino.com\\\/boutique\\\/wp-content\\\/uploads\\\/2021\\\/06\\\/8260114-1.jpg\",\"width\":255,\"height\":255},{\"@type\":\"BreadcrumbList\",\"@id\":\"https:\\\/\\\/www.vetorino.com\\\/boutique\\\/product\\\/protege-genou-back-on-track-2\\\/#breadcrumb\",\"itemListElement\":[{\"@type\":\"ListItem\",\"position\":1,\"name\":\"Accueil\",\"item\":\"https:\\\/\\\/www.vetorino.com\\\/boutique\\\/\"},{\"@type\":\"ListItem\",\"position\":2,\"name\":\"Produits\",\"item\":\"https:\\\/\\\/www.vetorino.com\\\/boutique\\\/\"},{\"@type\":\"ListItem\",\"position\":3,\"name\":\"Protege-genou\"}]},{\"@type\":\"WebSite\",\"@id\":\"https:\\\/\\\/www.vetorino.com\\\/boutique\\\/#website\",\"url\":\"https:\\\/\\\/www.vetorino.com\\\/boutique\\\/\",\"name\":\"V\u00e9torino\",\"description\":\"\",\"publisher\":{\"@id\":\"https:\\\/\\\/www.vetorino.com\\\/boutique\\\/#organization\"},\"potentialAction\":[{\"@type\":\"SearchAction\",\"target\":{\"@type\":\"EntryPoint\",\"urlTemplate\":\"https:\\\/\\\/www.vetorino.com\\\/boutique\\\/?s={search_term_string}\"},\"query-input\":{\"@type\":\"PropertyValueSpecification\",\"valueRequired\":true,\"valueName\":\"search_term_string\"}}],\"inLanguage\":\"fr-FR\"},{\"@type\":\"Organization\",\"@id\":\"https:\\\/\\\/www.vetorino.com\\\/boutique\\\/#organization\",\"name\":\"V\u00e9torino\",\"url\":\"https:\\\/\\\/www.vetorino.com\\\/boutique\\\/\",\"logo\":{\"@type\":\"ImageObject\",\"inLanguage\":\"fr-FR\",\"@id\":\"https:\\\/\\\/www.vetorino.com\\\/boutique\\\/#\\\/schema\\\/logo\\\/image\\\/\",\"url\":\"https:\\\/\\\/www.vetorino.com\\\/boutique\\\/wp-content\\\/uploads\\\/2024\\\/10\\\/logo.jpg\",\"contentUrl\":\"https:\\\/\\\/www.vetorino.com\\\/boutique\\\/wp-content\\\/uploads\\\/2024\\\/10\\\/logo.jpg\",\"width\":1200,\"height\":610,\"caption\":\"V\u00e9torino\"},\"image\":{\"@id\":\"https:\\\/\\\/www.vetorino.com\\\/boutique\\\/#\\\/schema\\\/logo\\\/image\\\/\"},\"sameAs\":[\"https:\\\/\\\/www.facebook.com\\\/Vetorino\\\/\",\"https:\\\/\\\/www.instagram.com\\\/vetorino_off\\\/\",\"https:\\\/\\\/www.linkedin.com\\\/company\\\/vtorino\\\/\"]}]}<\/script>\n<meta property=\"product:brand\" content=\"Back on Track\" \/>\n<meta property=\"og:availability\" content=\"instock\" \/>\n<meta property=\"product:availability\" content=\"instock\" \/>\n<meta property=\"product:condition\" content=\"new\" \/>\n<!-- \/ Yoast SEO plugin. -->","yoast_head_json":{"title":"Protege-genou Back on Track - V\u00e9torino","description":"Cette genouill\u00e8re est facile \u00e0 appliquer, son ext\u00e9rieur est en n\u00e9opr\u00e8ne robuste. Elle est \u00e0 utiliser uniquement au repos et aidera \u00e0 pr\u00e9venir engorgements et blessures. Afin de minimiser le risque de glissement, nous recommandons de mettre une bande de repos sous la protection","robots":{"index":"noindex","follow":"nofollow"},"og_locale":"fr_FR","og_type":"article","og_title":"Protege-genou Back on Track - V\u00e9torino","og_description":"Cette genouill\u00e8re est facile \u00e0 appliquer, son ext\u00e9rieur est en n\u00e9opr\u00e8ne robuste. Elle est \u00e0 utiliser uniquement au repos et aidera \u00e0 pr\u00e9venir engorgements et blessures. Afin de minimiser le risque de glissement, nous recommandons de mettre une bande de repos sous la protection","og_url":"https:\/\/www.vetorino.com\/veterinaire\/plouzevede-29440\/boutique\/product\/protege-genou-back-on-track-2\/","og_site_name":"V\u00e9torino","article_publisher":"https:\/\/www.facebook.com\/Vetorino\/","article_modified_time":"2024-07-12T09:40:22+00:00","og_image":[{"width":255,"height":255,"url":"https:\/\/www.vetorino.com\/boutique\/wp-content\/uploads\/2021\/06\/8260114-1.jpg","type":"image\/jpeg"}],"twitter_card":"summary_large_image","twitter_misc":{"Disponibilit\u00e9":"En stock"},"schema":{"@context":"https:\/\/schema.org","@graph":[{"@type":"WebPage","@id":"https:\/\/www.vetorino.com\/boutique\/product\/protege-genou-back-on-track-2\/","url":"https:\/\/www.vetorino.com\/boutique\/product\/protege-genou-back-on-track-2\/","name":"Protege-genou Back on Track - V\u00e9torino","isPartOf":{"@id":"https:\/\/www.vetorino.com\/boutique\/#website"},"primaryImageOfPage":{"@id":"https:\/\/www.vetorino.com\/boutique\/product\/protege-genou-back-on-track-2\/#primaryimage"},"image":{"@id":"https:\/\/www.vetorino.com\/boutique\/product\/protege-genou-back-on-track-2\/#primaryimage"},"thumbnailUrl":"https:\/\/www.vetorino.com\/boutique\/wp-content\/uploads\/2021\/06\/8260114-1.jpg","datePublished":"2021-06-04T09:50:26+00:00","dateModified":"2024-07-12T09:40:22+00:00","description":"Cette genouill\u00e8re est facile \u00e0 appliquer, son ext\u00e9rieur est en n\u00e9opr\u00e8ne robuste. Elle est \u00e0 utiliser uniquement au repos et aidera \u00e0 pr\u00e9venir engorgements et blessures. Afin de minimiser le risque de glissement, nous recommandons de mettre une bande de repos sous la protection","breadcrumb":{"@id":"https:\/\/www.vetorino.com\/boutique\/product\/protege-genou-back-on-track-2\/#breadcrumb"},"inLanguage":"fr-FR","potentialAction":[{"@type":"ReadAction","target":["https:\/\/www.vetorino.com\/boutique\/product\/protege-genou-back-on-track-2\/"]}]},{"@type":"ImageObject","inLanguage":"fr-FR","@id":"https:\/\/www.vetorino.com\/boutique\/product\/protege-genou-back-on-track-2\/#primaryimage","url":"https:\/\/www.vetorino.com\/boutique\/wp-content\/uploads\/2021\/06\/8260114-1.jpg","contentUrl":"https:\/\/www.vetorino.com\/boutique\/wp-content\/uploads\/2021\/06\/8260114-1.jpg","width":255,"height":255},{"@type":"BreadcrumbList","@id":"https:\/\/www.vetorino.com\/boutique\/product\/protege-genou-back-on-track-2\/#breadcrumb","itemListElement":[{"@type":"ListItem","position":1,"name":"Accueil","item":"https:\/\/www.vetorino.com\/boutique\/"},{"@type":"ListItem","position":2,"name":"Produits","item":"https:\/\/www.vetorino.com\/boutique\/"},{"@type":"ListItem","position":3,"name":"Protege-genou"}]},{"@type":"WebSite","@id":"https:\/\/www.vetorino.com\/boutique\/#website","url":"https:\/\/www.vetorino.com\/boutique\/","name":"V\u00e9torino","description":"","publisher":{"@id":"https:\/\/www.vetorino.com\/boutique\/#organization"},"potentialAction":[{"@type":"SearchAction","target":{"@type":"EntryPoint","urlTemplate":"https:\/\/www.vetorino.com\/boutique\/?s={search_term_string}"},"query-input":{"@type":"PropertyValueSpecification","valueRequired":true,"valueName":"search_term_string"}}],"inLanguage":"fr-FR"},{"@type":"Organization","@id":"https:\/\/www.vetorino.com\/boutique\/#organization","name":"V\u00e9torino","url":"https:\/\/www.vetorino.com\/boutique\/","logo":{"@type":"ImageObject","inLanguage":"fr-FR","@id":"https:\/\/www.vetorino.com\/boutique\/#\/schema\/logo\/image\/","url":"https:\/\/www.vetorino.com\/boutique\/wp-content\/uploads\/2024\/10\/logo.jpg","contentUrl":"https:\/\/www.vetorino.com\/boutique\/wp-content\/uploads\/2024\/10\/logo.jpg","width":1200,"height":610,"caption":"V\u00e9torino"},"image":{"@id":"https:\/\/www.vetorino.com\/boutique\/#\/schema\/logo\/image\/"},"sameAs":["https:\/\/www.facebook.com\/Vetorino\/","https:\/\/www.instagram.com\/vetorino_off\/","https:\/\/www.linkedin.com\/company\/vtorino\/"]}]},"product_brand":"Back on Track","og_availability":"instock","product_availability":"instock","product_condition":"new"},"_links":{"self":[{"href":"https:\/\/www.vetorino.com\/veterinaire\/plouzevede-29440\/boutique\/wp-json\/wp\/v2\/product\/189187","targetHints":{"allow":["GET"]}}],"collection":[{"href":"https:\/\/www.vetorino.com\/veterinaire\/plouzevede-29440\/boutique\/wp-json\/wp\/v2\/product"}],"about":[{"href":"https:\/\/www.vetorino.com\/veterinaire\/plouzevede-29440\/boutique\/wp-json\/wp\/v2\/types\/product"}],"wp:featuredmedia":[{"embeddable":true,"href":"https:\/\/www.vetorino.com\/veterinaire\/plouzevede-29440\/boutique\/wp-json\/wp\/v2\/media\/189185"}],"wp:attachment":[{"href":"https:\/\/www.vetorino.com\/veterinaire\/plouzevede-29440\/boutique\/wp-json\/wp\/v2\/media?parent=189187"}],"wp:term":[{"taxonomy":"product_cat","embeddable":true,"href":"https:\/\/www.vetorino.com\/veterinaire\/plouzevede-29440\/boutique\/wp-json\/wp\/v2\/product_cat?post=189187"},{"taxonomy":"product_tag","embeddable":true,"href":"https:\/\/www.vetorino.com\/veterinaire\/plouzevede-29440\/boutique\/wp-json\/wp\/v2\/product_tag?post=189187"}],"curies":[{"name":"wp","href":"https:\/\/api.w.org\/{rel}","templated":true}]}}