{"id":189194,"date":"2021-06-04T11:57:15","date_gmt":"2021-06-04T09:57:15","guid":{"rendered":"https:\/\/www.vetorino.com\/boutique\/product\/protege-jarret-back-on-track\/"},"modified":"2024-07-12T11:25:18","modified_gmt":"2024-07-12T09:25:18","slug":"protege-jarret-back-on-track","status":"publish","type":"product","link":"https:\/\/www.vetorino.com\/veterinaire\/plouzevede-29440\/boutique\/product\/protege-jarret-back-on-track\/","title":{"rendered":"Protege jarret Back on Track"},"content":{"rendered":"<p>Ce prot\u00e8ge-jarret peut-\u00eatre utilis\u00e9 dans le traitement de probl\u00e8mes li\u00e9s \u00e0 l&#8217;inflammation de l&#8217;articulation du jarret.<br \/>\nL&#8217;int\u00e9rieur est en Welltex avec 50% coton et 50% polyester.<br \/>\nL&#8217;ext\u00e9rieur est en n\u00e9opr\u00e8ne offrant une bonne respirabilit\u00e9.<br \/>\nLes articles de la gamme Back on Track sont en Welltex, tissu polyester dans lequel a \u00e9t\u00e9 fondu de la poudre de c\u00e9ramique. Le Welltex refl\u00e8te la chaleur du corps diminuant ainsi la tension musculaire et augmentant la circulation sanguine.<\/p>\n","protected":false},"excerpt":{"rendered":"<p><strong> Prot\u00e8ge-jarret ouvert Back On Track<\/strong> peut-\u00eatre utilis\u00e9 dans le traitement de <strong>probl\u00e8mes li\u00e9s \u00e0 l&#8217;inflammation de l&#8217;articulation du jarret<\/strong><\/p>\n","protected":false},"featured_media":189198,"template":"","meta":[],"product_cat":[12549,12547,13395,12760,13093],"product_tag":[],"class_list":{"0":"post-189194","1":"product","2":"type-product","3":"status-publish","4":"has-post-thumbnail","6":"product_cat-accessoires-du-cheval","7":"product_cat-cheval","8":"product_cat-couverture-et-protection-du-cheval","9":"product_cat-materiel-et-equipement-du-cheval","10":"product_cat-soin-musculaire-du-cheval","11":"pa_marque-back-on-track","13":"first","14":"instock","15":"taxable","16":"shipping-taxable","17":"purchasable","18":"product-type-variable"},"yoast_head":"<!-- This site is optimized with the Yoast SEO plugin v27.3 - https:\/\/yoast.com\/product\/yoast-seo-wordpress\/ -->\n<title>Protege jarret Back on Track Back on Track - V\u00e9torino<\/title>\n<meta name=\"description\" content=\"Prot\u00e8ge-jarret ouvert Back On Track peut-\u00eatre utilis\u00e9 dans le traitement de probl\u00e8mes li\u00e9s \u00e0 l&#039;inflammation de l&#039;articulation du jarret\" \/>\n<meta name=\"robots\" content=\"noindex, nofollow\" \/>\n<meta property=\"og:locale\" content=\"fr_FR\" \/>\n<meta property=\"og:type\" content=\"article\" \/>\n<meta property=\"og:title\" content=\"Protege jarret Back on Track Back on Track - V\u00e9torino\" \/>\n<meta property=\"og:description\" content=\"Prot\u00e8ge-jarret ouvert Back On Track peut-\u00eatre utilis\u00e9 dans le traitement de probl\u00e8mes li\u00e9s \u00e0 l&#039;inflammation de l&#039;articulation du jarret\" \/>\n<meta property=\"og:url\" content=\"https:\/\/www.vetorino.com\/veterinaire\/plouzevede-29440\/boutique\/product\/protege-jarret-back-on-track\/\" \/>\n<meta property=\"og:site_name\" content=\"V\u00e9torino\" \/>\n<meta property=\"article:publisher\" content=\"https:\/\/www.facebook.com\/Vetorino\/\" \/>\n<meta property=\"article:modified_time\" content=\"2024-07-12T09:25:18+00:00\" \/>\n<meta property=\"og:image\" content=\"https:\/\/www.vetorino.com\/boutique\/wp-content\/uploads\/2020\/06\/protege-jarret-droit-ouvert-back-on-track.jpeg\" \/>\n\t<meta property=\"og:image:width\" content=\"452\" \/>\n\t<meta property=\"og:image:height\" content=\"584\" \/>\n\t<meta property=\"og:image:type\" content=\"image\/jpeg\" \/>\n<meta name=\"twitter:card\" content=\"summary_large_image\" \/>\n<meta name=\"twitter:label1\" content=\"Disponibilit\u00e9\" \/>\n\t<meta name=\"twitter:data1\" content=\"En stock\" \/>\n<script type=\"application\/ld+json\" class=\"yoast-schema-graph\">{\"@context\":\"https:\\\/\\\/schema.org\",\"@graph\":[{\"@type\":\"WebPage\",\"@id\":\"https:\\\/\\\/www.vetorino.com\\\/boutique\\\/product\\\/protege-jarret-back-on-track\\\/\",\"url\":\"https:\\\/\\\/www.vetorino.com\\\/boutique\\\/product\\\/protege-jarret-back-on-track\\\/\",\"name\":\"Protege jarret Back on Track Back on Track - V\u00e9torino\",\"isPartOf\":{\"@id\":\"https:\\\/\\\/www.vetorino.com\\\/boutique\\\/#website\"},\"primaryImageOfPage\":{\"@id\":\"https:\\\/\\\/www.vetorino.com\\\/boutique\\\/product\\\/protege-jarret-back-on-track\\\/#primaryimage\"},\"image\":{\"@id\":\"https:\\\/\\\/www.vetorino.com\\\/boutique\\\/product\\\/protege-jarret-back-on-track\\\/#primaryimage\"},\"thumbnailUrl\":\"https:\\\/\\\/www.vetorino.com\\\/boutique\\\/wp-content\\\/uploads\\\/2020\\\/06\\\/protege-jarret-droit-ouvert-back-on-track.jpeg\",\"datePublished\":\"2021-06-04T09:57:15+00:00\",\"dateModified\":\"2024-07-12T09:25:18+00:00\",\"description\":\"Prot\u00e8ge-jarret ouvert Back On Track peut-\u00eatre utilis\u00e9 dans le traitement de probl\u00e8mes li\u00e9s \u00e0 l'inflammation de l'articulation du jarret\",\"breadcrumb\":{\"@id\":\"https:\\\/\\\/www.vetorino.com\\\/boutique\\\/product\\\/protege-jarret-back-on-track\\\/#breadcrumb\"},\"inLanguage\":\"fr-FR\",\"potentialAction\":[{\"@type\":\"ReadAction\",\"target\":[\"https:\\\/\\\/www.vetorino.com\\\/boutique\\\/product\\\/protege-jarret-back-on-track\\\/\"]}]},{\"@type\":\"ImageObject\",\"inLanguage\":\"fr-FR\",\"@id\":\"https:\\\/\\\/www.vetorino.com\\\/boutique\\\/product\\\/protege-jarret-back-on-track\\\/#primaryimage\",\"url\":\"https:\\\/\\\/www.vetorino.com\\\/boutique\\\/wp-content\\\/uploads\\\/2020\\\/06\\\/protege-jarret-droit-ouvert-back-on-track.jpeg\",\"contentUrl\":\"https:\\\/\\\/www.vetorino.com\\\/boutique\\\/wp-content\\\/uploads\\\/2020\\\/06\\\/protege-jarret-droit-ouvert-back-on-track.jpeg\",\"width\":452,\"height\":584},{\"@type\":\"BreadcrumbList\",\"@id\":\"https:\\\/\\\/www.vetorino.com\\\/boutique\\\/product\\\/protege-jarret-back-on-track\\\/#breadcrumb\",\"itemListElement\":[{\"@type\":\"ListItem\",\"position\":1,\"name\":\"Accueil\",\"item\":\"https:\\\/\\\/www.vetorino.com\\\/boutique\\\/\"},{\"@type\":\"ListItem\",\"position\":2,\"name\":\"Produits\",\"item\":\"https:\\\/\\\/www.vetorino.com\\\/boutique\\\/\"},{\"@type\":\"ListItem\",\"position\":3,\"name\":\"Protege jarret Back on Track\"}]},{\"@type\":\"WebSite\",\"@id\":\"https:\\\/\\\/www.vetorino.com\\\/boutique\\\/#website\",\"url\":\"https:\\\/\\\/www.vetorino.com\\\/boutique\\\/\",\"name\":\"V\u00e9torino\",\"description\":\"\",\"publisher\":{\"@id\":\"https:\\\/\\\/www.vetorino.com\\\/boutique\\\/#organization\"},\"potentialAction\":[{\"@type\":\"SearchAction\",\"target\":{\"@type\":\"EntryPoint\",\"urlTemplate\":\"https:\\\/\\\/www.vetorino.com\\\/boutique\\\/?s={search_term_string}\"},\"query-input\":{\"@type\":\"PropertyValueSpecification\",\"valueRequired\":true,\"valueName\":\"search_term_string\"}}],\"inLanguage\":\"fr-FR\"},{\"@type\":\"Organization\",\"@id\":\"https:\\\/\\\/www.vetorino.com\\\/boutique\\\/#organization\",\"name\":\"V\u00e9torino\",\"url\":\"https:\\\/\\\/www.vetorino.com\\\/boutique\\\/\",\"logo\":{\"@type\":\"ImageObject\",\"inLanguage\":\"fr-FR\",\"@id\":\"https:\\\/\\\/www.vetorino.com\\\/boutique\\\/#\\\/schema\\\/logo\\\/image\\\/\",\"url\":\"https:\\\/\\\/www.vetorino.com\\\/boutique\\\/wp-content\\\/uploads\\\/2024\\\/10\\\/logo.jpg\",\"contentUrl\":\"https:\\\/\\\/www.vetorino.com\\\/boutique\\\/wp-content\\\/uploads\\\/2024\\\/10\\\/logo.jpg\",\"width\":1200,\"height\":610,\"caption\":\"V\u00e9torino\"},\"image\":{\"@id\":\"https:\\\/\\\/www.vetorino.com\\\/boutique\\\/#\\\/schema\\\/logo\\\/image\\\/\"},\"sameAs\":[\"https:\\\/\\\/www.facebook.com\\\/Vetorino\\\/\",\"https:\\\/\\\/www.instagram.com\\\/vetorino_off\\\/\",\"https:\\\/\\\/www.linkedin.com\\\/company\\\/vtorino\\\/\"]}]}<\/script>\n<meta property=\"product:brand\" content=\"Back on Track\" \/>\n<meta property=\"og:availability\" content=\"instock\" \/>\n<meta property=\"product:availability\" content=\"instock\" \/>\n<meta property=\"product:condition\" content=\"new\" \/>\n<!-- \/ Yoast SEO plugin. -->","yoast_head_json":{"title":"Protege jarret Back on Track Back on Track - V\u00e9torino","description":"Prot\u00e8ge-jarret ouvert Back On Track peut-\u00eatre utilis\u00e9 dans le traitement de probl\u00e8mes li\u00e9s \u00e0 l'inflammation de l'articulation du jarret","robots":{"index":"noindex","follow":"nofollow"},"og_locale":"fr_FR","og_type":"article","og_title":"Protege jarret Back on Track Back on Track - V\u00e9torino","og_description":"Prot\u00e8ge-jarret ouvert Back On Track peut-\u00eatre utilis\u00e9 dans le traitement de probl\u00e8mes li\u00e9s \u00e0 l'inflammation de l'articulation du jarret","og_url":"https:\/\/www.vetorino.com\/veterinaire\/plouzevede-29440\/boutique\/product\/protege-jarret-back-on-track\/","og_site_name":"V\u00e9torino","article_publisher":"https:\/\/www.facebook.com\/Vetorino\/","article_modified_time":"2024-07-12T09:25:18+00:00","og_image":[{"width":452,"height":584,"url":"https:\/\/www.vetorino.com\/boutique\/wp-content\/uploads\/2020\/06\/protege-jarret-droit-ouvert-back-on-track.jpeg","type":"image\/jpeg"}],"twitter_card":"summary_large_image","twitter_misc":{"Disponibilit\u00e9":"En stock"},"schema":{"@context":"https:\/\/schema.org","@graph":[{"@type":"WebPage","@id":"https:\/\/www.vetorino.com\/boutique\/product\/protege-jarret-back-on-track\/","url":"https:\/\/www.vetorino.com\/boutique\/product\/protege-jarret-back-on-track\/","name":"Protege jarret Back on Track Back on Track - V\u00e9torino","isPartOf":{"@id":"https:\/\/www.vetorino.com\/boutique\/#website"},"primaryImageOfPage":{"@id":"https:\/\/www.vetorino.com\/boutique\/product\/protege-jarret-back-on-track\/#primaryimage"},"image":{"@id":"https:\/\/www.vetorino.com\/boutique\/product\/protege-jarret-back-on-track\/#primaryimage"},"thumbnailUrl":"https:\/\/www.vetorino.com\/boutique\/wp-content\/uploads\/2020\/06\/protege-jarret-droit-ouvert-back-on-track.jpeg","datePublished":"2021-06-04T09:57:15+00:00","dateModified":"2024-07-12T09:25:18+00:00","description":"Prot\u00e8ge-jarret ouvert Back On Track peut-\u00eatre utilis\u00e9 dans le traitement de probl\u00e8mes li\u00e9s \u00e0 l'inflammation de l'articulation du jarret","breadcrumb":{"@id":"https:\/\/www.vetorino.com\/boutique\/product\/protege-jarret-back-on-track\/#breadcrumb"},"inLanguage":"fr-FR","potentialAction":[{"@type":"ReadAction","target":["https:\/\/www.vetorino.com\/boutique\/product\/protege-jarret-back-on-track\/"]}]},{"@type":"ImageObject","inLanguage":"fr-FR","@id":"https:\/\/www.vetorino.com\/boutique\/product\/protege-jarret-back-on-track\/#primaryimage","url":"https:\/\/www.vetorino.com\/boutique\/wp-content\/uploads\/2020\/06\/protege-jarret-droit-ouvert-back-on-track.jpeg","contentUrl":"https:\/\/www.vetorino.com\/boutique\/wp-content\/uploads\/2020\/06\/protege-jarret-droit-ouvert-back-on-track.jpeg","width":452,"height":584},{"@type":"BreadcrumbList","@id":"https:\/\/www.vetorino.com\/boutique\/product\/protege-jarret-back-on-track\/#breadcrumb","itemListElement":[{"@type":"ListItem","position":1,"name":"Accueil","item":"https:\/\/www.vetorino.com\/boutique\/"},{"@type":"ListItem","position":2,"name":"Produits","item":"https:\/\/www.vetorino.com\/boutique\/"},{"@type":"ListItem","position":3,"name":"Protege jarret Back on Track"}]},{"@type":"WebSite","@id":"https:\/\/www.vetorino.com\/boutique\/#website","url":"https:\/\/www.vetorino.com\/boutique\/","name":"V\u00e9torino","description":"","publisher":{"@id":"https:\/\/www.vetorino.com\/boutique\/#organization"},"potentialAction":[{"@type":"SearchAction","target":{"@type":"EntryPoint","urlTemplate":"https:\/\/www.vetorino.com\/boutique\/?s={search_term_string}"},"query-input":{"@type":"PropertyValueSpecification","valueRequired":true,"valueName":"search_term_string"}}],"inLanguage":"fr-FR"},{"@type":"Organization","@id":"https:\/\/www.vetorino.com\/boutique\/#organization","name":"V\u00e9torino","url":"https:\/\/www.vetorino.com\/boutique\/","logo":{"@type":"ImageObject","inLanguage":"fr-FR","@id":"https:\/\/www.vetorino.com\/boutique\/#\/schema\/logo\/image\/","url":"https:\/\/www.vetorino.com\/boutique\/wp-content\/uploads\/2024\/10\/logo.jpg","contentUrl":"https:\/\/www.vetorino.com\/boutique\/wp-content\/uploads\/2024\/10\/logo.jpg","width":1200,"height":610,"caption":"V\u00e9torino"},"image":{"@id":"https:\/\/www.vetorino.com\/boutique\/#\/schema\/logo\/image\/"},"sameAs":["https:\/\/www.facebook.com\/Vetorino\/","https:\/\/www.instagram.com\/vetorino_off\/","https:\/\/www.linkedin.com\/company\/vtorino\/"]}]},"product_brand":"Back on Track","og_availability":"instock","product_availability":"instock","product_condition":"new"},"_links":{"self":[{"href":"https:\/\/www.vetorino.com\/veterinaire\/plouzevede-29440\/boutique\/wp-json\/wp\/v2\/product\/189194","targetHints":{"allow":["GET"]}}],"collection":[{"href":"https:\/\/www.vetorino.com\/veterinaire\/plouzevede-29440\/boutique\/wp-json\/wp\/v2\/product"}],"about":[{"href":"https:\/\/www.vetorino.com\/veterinaire\/plouzevede-29440\/boutique\/wp-json\/wp\/v2\/types\/product"}],"wp:featuredmedia":[{"embeddable":true,"href":"https:\/\/www.vetorino.com\/veterinaire\/plouzevede-29440\/boutique\/wp-json\/wp\/v2\/media\/189198"}],"wp:attachment":[{"href":"https:\/\/www.vetorino.com\/veterinaire\/plouzevede-29440\/boutique\/wp-json\/wp\/v2\/media?parent=189194"}],"wp:term":[{"taxonomy":"product_cat","embeddable":true,"href":"https:\/\/www.vetorino.com\/veterinaire\/plouzevede-29440\/boutique\/wp-json\/wp\/v2\/product_cat?post=189194"},{"taxonomy":"product_tag","embeddable":true,"href":"https:\/\/www.vetorino.com\/veterinaire\/plouzevede-29440\/boutique\/wp-json\/wp\/v2\/product_tag?post=189194"}],"curies":[{"name":"wp","href":"https:\/\/api.w.org\/{rel}","templated":true}]}}