{"id":213374,"date":"2021-08-12T10:43:49","date_gmt":"2021-08-12T08:43:49","guid":{"rendered":"https:\/\/www.vetorino.com\/boutique\/product\/bonutron-leisure-new-2\/"},"modified":"2023-03-21T10:46:48","modified_gmt":"2023-03-21T09:46:48","slug":"bonutron-leisure-new-2","status":"publish","type":"product","link":"https:\/\/www.vetorino.com\/veterinaire\/plouzevede-29440\/boutique\/product\/bonutron-leisure-new-2\/","title":{"rendered":"Bonutron Leisure New"},"content":{"rendered":"<p><strong>Audevard Bonutron Leisure<\/strong> est un apport nutritionnel compl\u00e9mentaire adapt\u00e9 aux besoins des chevaux effectuant des efforts mod\u00e9r\u00e9s (disciplines sportives amateurs, randonn\u00e9es, ballades, cheval au pr\u00e9\u2026).<\/p>\n<p><em>Pour les chevaux et poneys dont le niveau de travail est plus \u00e9lev\u00e9, pr\u00e9f\u00e9rez BONUTRON SPORT PRO.<\/em><\/p>\n<p><strong><br \/>\nUtilisation:<br \/>\n<\/strong><\/p>\n<ul>\n<li>Chevaux et poneys de loisir<\/li>\n<li>Activit\u00e9 de moins de 8 heures par semaine \u00e0 faible intensit\u00e9<\/li>\n<li>En compl\u00e9ment de l&#8217;alimentation quotidienne<\/li>\n<\/ul>\n","protected":false},"excerpt":{"rendered":"<p><strong>Audevard Bonutron Leisure<\/strong> est un apport nutritionnel compl\u00e9mentaire adapt\u00e9 aux besoins des chevaux effectuant des efforts mod\u00e9r\u00e9s (disciplines sportives amateurs, randonn\u00e9es, ballades, cheval au pr\u00e9\u2026).<\/p>\n<p><em>Pour les chevaux et poneys dont le niveau de travail est plus \u00e9lev\u00e9, pr\u00e9f\u00e9rez BONUTRON SPORT PRO.<\/em><\/p>\n","protected":false},"featured_media":213379,"template":"","meta":[],"product_cat":[12547,12752,12566],"product_tag":[],"class_list":{"0":"post-213374","1":"product","2":"type-product","3":"status-publish","4":"has-post-thumbnail","6":"product_cat-cheval","7":"product_cat-gestion-de-leffort-du-cheval","8":"product_cat-performance-du-cheval","9":"pa_marque-audevard","11":"first","12":"instock","13":"taxable","14":"shipping-taxable","15":"purchasable","16":"product-type-variable"},"yoast_head":"<!-- This site is optimized with the Yoast SEO plugin v27.3 - https:\/\/yoast.com\/product\/yoast-seo-wordpress\/ -->\n<title>Bonutron Leisure New Audevard - V\u00e9torino<\/title>\n<meta name=\"description\" content=\"Audevard Bonutron Leisure est un apport nutritionnel compl\u00e9mentaire adapt\u00e9 aux besoins des chevaux effectuant des efforts mod\u00e9r\u00e9s (disciplines sportives amateurs, randonn\u00e9es, ballades, cheval au pr\u00e9\u2026).  Pour les chevaux et poneys dont le niveau de travail est plus \u00e9lev\u00e9, pr\u00e9f\u00e9rez BONUTRON SPORT PRO.\" \/>\n<meta name=\"robots\" content=\"noindex, nofollow\" \/>\n<meta property=\"og:locale\" content=\"fr_FR\" \/>\n<meta property=\"og:type\" content=\"article\" \/>\n<meta property=\"og:title\" content=\"Bonutron Leisure New Audevard - V\u00e9torino\" \/>\n<meta property=\"og:description\" content=\"Audevard Bonutron Leisure est un apport nutritionnel compl\u00e9mentaire adapt\u00e9 aux besoins des chevaux effectuant des efforts mod\u00e9r\u00e9s (disciplines sportives amateurs, randonn\u00e9es, ballades, cheval au pr\u00e9\u2026).  Pour les chevaux et poneys dont le niveau de travail est plus \u00e9lev\u00e9, pr\u00e9f\u00e9rez BONUTRON SPORT PRO.\" \/>\n<meta property=\"og:url\" content=\"https:\/\/www.vetorino.com\/veterinaire\/plouzevede-29440\/boutique\/product\/bonutron-leisure-new-2\/\" \/>\n<meta property=\"og:site_name\" content=\"V\u00e9torino\" \/>\n<meta property=\"article:publisher\" content=\"https:\/\/www.facebook.com\/Vetorino\/\" \/>\n<meta property=\"article:modified_time\" content=\"2023-03-21T09:46:48+00:00\" \/>\n<meta property=\"og:image\" content=\"https:\/\/www.vetorino.com\/boutique\/wp-content\/uploads\/2020\/06\/bonutron-leisure.png\" \/>\n\t<meta property=\"og:image:width\" content=\"800\" \/>\n\t<meta property=\"og:image:height\" content=\"800\" \/>\n\t<meta property=\"og:image:type\" content=\"image\/png\" \/>\n<meta name=\"twitter:card\" content=\"summary_large_image\" \/>\n<meta name=\"twitter:label1\" content=\"Disponibilit\u00e9\" \/>\n\t<meta name=\"twitter:data1\" content=\"En stock\" \/>\n<script type=\"application\/ld+json\" class=\"yoast-schema-graph\">{\"@context\":\"https:\\\/\\\/schema.org\",\"@graph\":[{\"@type\":\"WebPage\",\"@id\":\"https:\\\/\\\/www.vetorino.com\\\/boutique\\\/product\\\/bonutron-leisure-new-2\\\/\",\"url\":\"https:\\\/\\\/www.vetorino.com\\\/boutique\\\/product\\\/bonutron-leisure-new-2\\\/\",\"name\":\"Bonutron Leisure New Audevard - V\u00e9torino\",\"isPartOf\":{\"@id\":\"https:\\\/\\\/www.vetorino.com\\\/boutique\\\/#website\"},\"primaryImageOfPage\":{\"@id\":\"https:\\\/\\\/www.vetorino.com\\\/boutique\\\/product\\\/bonutron-leisure-new-2\\\/#primaryimage\"},\"image\":{\"@id\":\"https:\\\/\\\/www.vetorino.com\\\/boutique\\\/product\\\/bonutron-leisure-new-2\\\/#primaryimage\"},\"thumbnailUrl\":\"https:\\\/\\\/www.vetorino.com\\\/boutique\\\/wp-content\\\/uploads\\\/2020\\\/06\\\/bonutron-leisure.png\",\"datePublished\":\"2021-08-12T08:43:49+00:00\",\"dateModified\":\"2023-03-21T09:46:48+00:00\",\"description\":\"Audevard Bonutron Leisure est un apport nutritionnel compl\u00e9mentaire adapt\u00e9 aux besoins des chevaux effectuant des efforts mod\u00e9r\u00e9s (disciplines sportives amateurs, randonn\u00e9es, ballades, cheval au pr\u00e9\u2026). Pour les chevaux et poneys dont le niveau de travail est plus \u00e9lev\u00e9, pr\u00e9f\u00e9rez BONUTRON SPORT PRO.\",\"breadcrumb\":{\"@id\":\"https:\\\/\\\/www.vetorino.com\\\/boutique\\\/product\\\/bonutron-leisure-new-2\\\/#breadcrumb\"},\"inLanguage\":\"fr-FR\",\"potentialAction\":[{\"@type\":\"ReadAction\",\"target\":[\"https:\\\/\\\/www.vetorino.com\\\/boutique\\\/product\\\/bonutron-leisure-new-2\\\/\"]}]},{\"@type\":\"ImageObject\",\"inLanguage\":\"fr-FR\",\"@id\":\"https:\\\/\\\/www.vetorino.com\\\/boutique\\\/product\\\/bonutron-leisure-new-2\\\/#primaryimage\",\"url\":\"https:\\\/\\\/www.vetorino.com\\\/boutique\\\/wp-content\\\/uploads\\\/2020\\\/06\\\/bonutron-leisure.png\",\"contentUrl\":\"https:\\\/\\\/www.vetorino.com\\\/boutique\\\/wp-content\\\/uploads\\\/2020\\\/06\\\/bonutron-leisure.png\",\"width\":800,\"height\":800},{\"@type\":\"BreadcrumbList\",\"@id\":\"https:\\\/\\\/www.vetorino.com\\\/boutique\\\/product\\\/bonutron-leisure-new-2\\\/#breadcrumb\",\"itemListElement\":[{\"@type\":\"ListItem\",\"position\":1,\"name\":\"Accueil\",\"item\":\"https:\\\/\\\/www.vetorino.com\\\/boutique\\\/\"},{\"@type\":\"ListItem\",\"position\":2,\"name\":\"Produits\",\"item\":\"https:\\\/\\\/www.vetorino.com\\\/boutique\\\/\"},{\"@type\":\"ListItem\",\"position\":3,\"name\":\"Bonutron Leisure New\"}]},{\"@type\":\"WebSite\",\"@id\":\"https:\\\/\\\/www.vetorino.com\\\/boutique\\\/#website\",\"url\":\"https:\\\/\\\/www.vetorino.com\\\/boutique\\\/\",\"name\":\"V\u00e9torino\",\"description\":\"\",\"publisher\":{\"@id\":\"https:\\\/\\\/www.vetorino.com\\\/boutique\\\/#organization\"},\"potentialAction\":[{\"@type\":\"SearchAction\",\"target\":{\"@type\":\"EntryPoint\",\"urlTemplate\":\"https:\\\/\\\/www.vetorino.com\\\/boutique\\\/?s={search_term_string}\"},\"query-input\":{\"@type\":\"PropertyValueSpecification\",\"valueRequired\":true,\"valueName\":\"search_term_string\"}}],\"inLanguage\":\"fr-FR\"},{\"@type\":\"Organization\",\"@id\":\"https:\\\/\\\/www.vetorino.com\\\/boutique\\\/#organization\",\"name\":\"V\u00e9torino\",\"url\":\"https:\\\/\\\/www.vetorino.com\\\/boutique\\\/\",\"logo\":{\"@type\":\"ImageObject\",\"inLanguage\":\"fr-FR\",\"@id\":\"https:\\\/\\\/www.vetorino.com\\\/boutique\\\/#\\\/schema\\\/logo\\\/image\\\/\",\"url\":\"https:\\\/\\\/www.vetorino.com\\\/boutique\\\/wp-content\\\/uploads\\\/2024\\\/10\\\/logo.jpg\",\"contentUrl\":\"https:\\\/\\\/www.vetorino.com\\\/boutique\\\/wp-content\\\/uploads\\\/2024\\\/10\\\/logo.jpg\",\"width\":1200,\"height\":610,\"caption\":\"V\u00e9torino\"},\"image\":{\"@id\":\"https:\\\/\\\/www.vetorino.com\\\/boutique\\\/#\\\/schema\\\/logo\\\/image\\\/\"},\"sameAs\":[\"https:\\\/\\\/www.facebook.com\\\/Vetorino\\\/\",\"https:\\\/\\\/www.instagram.com\\\/vetorino_off\\\/\",\"https:\\\/\\\/www.linkedin.com\\\/company\\\/vtorino\\\/\"]}]}<\/script>\n<meta property=\"product:brand\" content=\"Audevard\" \/>\n<meta property=\"og:availability\" content=\"instock\" \/>\n<meta property=\"product:availability\" content=\"instock\" \/>\n<meta property=\"product:condition\" content=\"new\" \/>\n<!-- \/ Yoast SEO plugin. -->","yoast_head_json":{"title":"Bonutron Leisure New Audevard - V\u00e9torino","description":"Audevard Bonutron Leisure est un apport nutritionnel compl\u00e9mentaire adapt\u00e9 aux besoins des chevaux effectuant des efforts mod\u00e9r\u00e9s (disciplines sportives amateurs, randonn\u00e9es, ballades, cheval au pr\u00e9\u2026).  Pour les chevaux et poneys dont le niveau de travail est plus \u00e9lev\u00e9, pr\u00e9f\u00e9rez BONUTRON SPORT PRO.","robots":{"index":"noindex","follow":"nofollow"},"og_locale":"fr_FR","og_type":"article","og_title":"Bonutron Leisure New Audevard - V\u00e9torino","og_description":"Audevard Bonutron Leisure est un apport nutritionnel compl\u00e9mentaire adapt\u00e9 aux besoins des chevaux effectuant des efforts mod\u00e9r\u00e9s (disciplines sportives amateurs, randonn\u00e9es, ballades, cheval au pr\u00e9\u2026).  Pour les chevaux et poneys dont le niveau de travail est plus \u00e9lev\u00e9, pr\u00e9f\u00e9rez BONUTRON SPORT PRO.","og_url":"https:\/\/www.vetorino.com\/veterinaire\/plouzevede-29440\/boutique\/product\/bonutron-leisure-new-2\/","og_site_name":"V\u00e9torino","article_publisher":"https:\/\/www.facebook.com\/Vetorino\/","article_modified_time":"2023-03-21T09:46:48+00:00","og_image":[{"width":800,"height":800,"url":"https:\/\/www.vetorino.com\/boutique\/wp-content\/uploads\/2020\/06\/bonutron-leisure.png","type":"image\/png"}],"twitter_card":"summary_large_image","twitter_misc":{"Disponibilit\u00e9":"En stock"},"schema":{"@context":"https:\/\/schema.org","@graph":[{"@type":"WebPage","@id":"https:\/\/www.vetorino.com\/boutique\/product\/bonutron-leisure-new-2\/","url":"https:\/\/www.vetorino.com\/boutique\/product\/bonutron-leisure-new-2\/","name":"Bonutron Leisure New Audevard - V\u00e9torino","isPartOf":{"@id":"https:\/\/www.vetorino.com\/boutique\/#website"},"primaryImageOfPage":{"@id":"https:\/\/www.vetorino.com\/boutique\/product\/bonutron-leisure-new-2\/#primaryimage"},"image":{"@id":"https:\/\/www.vetorino.com\/boutique\/product\/bonutron-leisure-new-2\/#primaryimage"},"thumbnailUrl":"https:\/\/www.vetorino.com\/boutique\/wp-content\/uploads\/2020\/06\/bonutron-leisure.png","datePublished":"2021-08-12T08:43:49+00:00","dateModified":"2023-03-21T09:46:48+00:00","description":"Audevard Bonutron Leisure est un apport nutritionnel compl\u00e9mentaire adapt\u00e9 aux besoins des chevaux effectuant des efforts mod\u00e9r\u00e9s (disciplines sportives amateurs, randonn\u00e9es, ballades, cheval au pr\u00e9\u2026). Pour les chevaux et poneys dont le niveau de travail est plus \u00e9lev\u00e9, pr\u00e9f\u00e9rez BONUTRON SPORT PRO.","breadcrumb":{"@id":"https:\/\/www.vetorino.com\/boutique\/product\/bonutron-leisure-new-2\/#breadcrumb"},"inLanguage":"fr-FR","potentialAction":[{"@type":"ReadAction","target":["https:\/\/www.vetorino.com\/boutique\/product\/bonutron-leisure-new-2\/"]}]},{"@type":"ImageObject","inLanguage":"fr-FR","@id":"https:\/\/www.vetorino.com\/boutique\/product\/bonutron-leisure-new-2\/#primaryimage","url":"https:\/\/www.vetorino.com\/boutique\/wp-content\/uploads\/2020\/06\/bonutron-leisure.png","contentUrl":"https:\/\/www.vetorino.com\/boutique\/wp-content\/uploads\/2020\/06\/bonutron-leisure.png","width":800,"height":800},{"@type":"BreadcrumbList","@id":"https:\/\/www.vetorino.com\/boutique\/product\/bonutron-leisure-new-2\/#breadcrumb","itemListElement":[{"@type":"ListItem","position":1,"name":"Accueil","item":"https:\/\/www.vetorino.com\/boutique\/"},{"@type":"ListItem","position":2,"name":"Produits","item":"https:\/\/www.vetorino.com\/boutique\/"},{"@type":"ListItem","position":3,"name":"Bonutron Leisure New"}]},{"@type":"WebSite","@id":"https:\/\/www.vetorino.com\/boutique\/#website","url":"https:\/\/www.vetorino.com\/boutique\/","name":"V\u00e9torino","description":"","publisher":{"@id":"https:\/\/www.vetorino.com\/boutique\/#organization"},"potentialAction":[{"@type":"SearchAction","target":{"@type":"EntryPoint","urlTemplate":"https:\/\/www.vetorino.com\/boutique\/?s={search_term_string}"},"query-input":{"@type":"PropertyValueSpecification","valueRequired":true,"valueName":"search_term_string"}}],"inLanguage":"fr-FR"},{"@type":"Organization","@id":"https:\/\/www.vetorino.com\/boutique\/#organization","name":"V\u00e9torino","url":"https:\/\/www.vetorino.com\/boutique\/","logo":{"@type":"ImageObject","inLanguage":"fr-FR","@id":"https:\/\/www.vetorino.com\/boutique\/#\/schema\/logo\/image\/","url":"https:\/\/www.vetorino.com\/boutique\/wp-content\/uploads\/2024\/10\/logo.jpg","contentUrl":"https:\/\/www.vetorino.com\/boutique\/wp-content\/uploads\/2024\/10\/logo.jpg","width":1200,"height":610,"caption":"V\u00e9torino"},"image":{"@id":"https:\/\/www.vetorino.com\/boutique\/#\/schema\/logo\/image\/"},"sameAs":["https:\/\/www.facebook.com\/Vetorino\/","https:\/\/www.instagram.com\/vetorino_off\/","https:\/\/www.linkedin.com\/company\/vtorino\/"]}]},"product_brand":"Audevard","og_availability":"instock","product_availability":"instock","product_condition":"new"},"_links":{"self":[{"href":"https:\/\/www.vetorino.com\/veterinaire\/plouzevede-29440\/boutique\/wp-json\/wp\/v2\/product\/213374","targetHints":{"allow":["GET"]}}],"collection":[{"href":"https:\/\/www.vetorino.com\/veterinaire\/plouzevede-29440\/boutique\/wp-json\/wp\/v2\/product"}],"about":[{"href":"https:\/\/www.vetorino.com\/veterinaire\/plouzevede-29440\/boutique\/wp-json\/wp\/v2\/types\/product"}],"wp:featuredmedia":[{"embeddable":true,"href":"https:\/\/www.vetorino.com\/veterinaire\/plouzevede-29440\/boutique\/wp-json\/wp\/v2\/media\/213379"}],"wp:attachment":[{"href":"https:\/\/www.vetorino.com\/veterinaire\/plouzevede-29440\/boutique\/wp-json\/wp\/v2\/media?parent=213374"}],"wp:term":[{"taxonomy":"product_cat","embeddable":true,"href":"https:\/\/www.vetorino.com\/veterinaire\/plouzevede-29440\/boutique\/wp-json\/wp\/v2\/product_cat?post=213374"},{"taxonomy":"product_tag","embeddable":true,"href":"https:\/\/www.vetorino.com\/veterinaire\/plouzevede-29440\/boutique\/wp-json\/wp\/v2\/product_tag?post=213374"}],"curies":[{"name":"wp","href":"https:\/\/api.w.org\/{rel}","templated":true}]}}