{"id":223711,"date":"2021-09-07T12:25:44","date_gmt":"2021-09-07T10:25:44","guid":{"rendered":"https:\/\/www.vetorino.com\/boutique\/product\/canine-i-d-activbiome\/"},"modified":"2025-10-21T11:27:11","modified_gmt":"2025-10-21T09:27:11","slug":"canine-i-d-activbiome","status":"publish","type":"product","link":"https:\/\/www.vetorino.com\/veterinaire\/plouzevede-29440\/boutique\/product\/canine-i-d-activbiome\/","title":{"rendered":"i\/d Digestive Care au Poulet &#8211; chien"},"content":{"rendered":"<p><strong>Prescription Diet i\/d Canine est cliniquement prouv\u00e9 pour\u00a0calmer les troubles digestifs\u00a0chez le\u00a0chien en seulement 3 jours.<\/strong><\/p>\n<p><strong>Utilisation :<\/strong><\/p>\n<ul>\n<li>Chien ayant des\u00a0troubles digestifs<\/li>\n<\/ul>\n<p><strong>Bienfaits essentiels :<\/strong><\/p>\n<ul>\n<li>Une alimentation qui aide \u00e0\u00a0<strong>am\u00e9liorer la digestion et la qualit\u00e9 des selles<\/strong>.<\/li>\n<li>Renforc\u00e9e par la technologie des ingr\u00e9dients Hill&#8217;s\u00a0<strong>ActivBiome+<\/strong>, un m\u00e9lange exclusif de\u00a0<strong>pr\u00e9biotiques<\/strong>, cliniquement prouv\u00e9 pour nourrir rapidement le microbiome intestinal afin de soutenir la bonne sant\u00e9 digestive et le bien-\u00eatre en g\u00e9n\u00e9ral.<\/li>\n<li>Une alimentation hautement digeste\u00a0<strong>facilitant l&#8217;assimilation des nutriments<\/strong>.<\/li>\n<li>Une\u00a0haute teneur en \u00e9lectrolytes et vitamines du groupe B pour\u00a0<strong>compenser les pertes de nutriments<\/strong>.<\/li>\n<li>Des antioxydants cliniquement prouv\u00e9s pour\u00a0soutenir la\u00a0<strong>bonne sant\u00e9\u00a0du syst\u00e8me immunitaire<\/strong>.<\/li>\n<li>Un\u00a0<strong>go\u00fbt excellent<\/strong>\u00a0que votre chien va adorer.<\/li>\n<\/ul>\n<p><strong>Ce produit est destin\u00e9 \u00e0 la prise en charge d&#8217;une maladie. Il est conseill\u00e9 de demander conseil \u00e0 votre v\u00e9t\u00e9rinaire avant utilisation.<\/strong><\/p>\n","protected":false},"excerpt":{"rendered":"<div><strong>Prouv\u00e9 pour\u00a0calmer les troubles digestifs\u00a0chez le\u00a0chien en seulement 3 jours.<\/strong><\/div>\n<div><\/div>\n<div><strong>Utilisation :<\/strong><\/div>\n<ul>\n<li>Chien ayant des\u00a0troubles digestifs<\/li>\n<\/ul>\n<p><strong>Ce produit est destin\u00e9 \u00e0 la prise en charge d&#8217;une maladie. Il est conseill\u00e9 de demander conseil \u00e0 votre v\u00e9t\u00e9rinaire avant utilisation.<\/strong><\/p>\n<p><span style=\"color: #993366\"><strong>Nouvelle formulation du produit i\/d, ajout de la Technologie Sox Shield. Pendant la p\u00e9riode de transition, il est possible de recevoir l\u2019ancienne ou la nouvelle formule selon les stocks disponibles.<\/strong><\/span><\/p>\n","protected":false},"featured_media":1535752,"template":"","meta":[],"product_cat":[12552,12582,2698,12636],"product_tag":[],"class_list":{"0":"post-223711","1":"product","2":"type-product","3":"status-publish","4":"has-post-thumbnail","6":"product_cat-alimentation-du-chien","7":"product_cat-alimentation-medicalisee-pour-chien","8":"product_cat-chien","9":"product_cat-systeme-digestif-du-chien","10":"pa_marque-hills-pet-nutrition","12":"first","13":"instock","14":"taxable","15":"shipping-taxable","16":"purchasable","17":"product-type-variable"},"yoast_head":"<!-- This site is optimized with the Yoast SEO plugin v27.3 - https:\/\/yoast.com\/product\/yoast-seo-wordpress\/ -->\n<title>Prescription Diet (Hill&#039;s) i\/d Digestive Care au Poulet - chien Hill&#039;s - V\u00e9torino<\/title>\n<meta name=\"description\" content=\"Prouv\u00e9 pour\u00a0calmer les troubles digestifs\u00a0chez le\u00a0chien en seulement 3 jours.  Utilisation :   Chien ayant des\u00a0troubles digestifs  Ce produit est destin\u00e9 \u00e0 la prise en charge d&#039;une maladie. Il est conseill\u00e9 de demander conseil \u00e0 votre v\u00e9t\u00e9rinaire avant utilisation.  Nouvelle formulation du produit i\/d, ajout de la Technologie Sox Shield. Pendant la p\u00e9riode de transition, il est possible de recevoir l\u2019ancienne ou la nouvelle formule selon les stocks disponibles.\" \/>\n<meta name=\"robots\" content=\"noindex, nofollow\" \/>\n<meta property=\"og:locale\" content=\"fr_FR\" \/>\n<meta property=\"og:type\" content=\"article\" \/>\n<meta property=\"og:title\" content=\"Prescription Diet (Hill&#039;s) i\/d Digestive Care au Poulet - chien Hill&#039;s - V\u00e9torino\" \/>\n<meta property=\"og:description\" content=\"Prouv\u00e9 pour\u00a0calmer les troubles digestifs\u00a0chez le\u00a0chien en seulement 3 jours.  Utilisation :   Chien ayant des\u00a0troubles digestifs  Ce produit est destin\u00e9 \u00e0 la prise en charge d&#039;une maladie. Il est conseill\u00e9 de demander conseil \u00e0 votre v\u00e9t\u00e9rinaire avant utilisation.  Nouvelle formulation du produit i\/d, ajout de la Technologie Sox Shield. Pendant la p\u00e9riode de transition, il est possible de recevoir l\u2019ancienne ou la nouvelle formule selon les stocks disponibles.\" \/>\n<meta property=\"og:url\" content=\"https:\/\/www.vetorino.com\/veterinaire\/plouzevede-29440\/boutique\/product\/canine-i-d-activbiome\/\" \/>\n<meta property=\"og:site_name\" content=\"V\u00e9torino\" \/>\n<meta property=\"article:publisher\" content=\"https:\/\/www.facebook.com\/Vetorino\/\" \/>\n<meta property=\"article:modified_time\" content=\"2025-10-21T09:27:11+00:00\" \/>\n<meta property=\"og:image\" content=\"https:\/\/www.vetorino.com\/boutique\/wp-content\/uploads\/2021\/09\/52742043166_0-prescription-diet-chien-i_d-croquettes-2.jpg\" \/>\n\t<meta property=\"og:image:width\" content=\"800\" \/>\n\t<meta property=\"og:image:height\" content=\"800\" \/>\n\t<meta property=\"og:image:type\" content=\"image\/jpeg\" \/>\n<meta name=\"twitter:card\" content=\"summary_large_image\" \/>\n<meta name=\"twitter:label1\" content=\"Disponibilit\u00e9\" \/>\n\t<meta name=\"twitter:data1\" content=\"En stock\" \/>\n<script type=\"application\/ld+json\" class=\"yoast-schema-graph\">{\"@context\":\"https:\\\/\\\/schema.org\",\"@graph\":[{\"@type\":\"WebPage\",\"@id\":\"https:\\\/\\\/www.vetorino.com\\\/veterinaire\\\/briancon-05100\\\/boutique\\\/product\\\/canine-i-d-activbiome\\\/\",\"url\":\"https:\\\/\\\/www.vetorino.com\\\/veterinaire\\\/briancon-05100\\\/boutique\\\/product\\\/canine-i-d-activbiome\\\/\",\"name\":\"Prescription Diet (Hill's) i\\\/d Digestive Care au Poulet - chien Hill's - V\u00e9torino\",\"isPartOf\":{\"@id\":\"https:\\\/\\\/www.vetorino.com\\\/boutique\\\/#website\"},\"primaryImageOfPage\":{\"@id\":\"https:\\\/\\\/www.vetorino.com\\\/veterinaire\\\/briancon-05100\\\/boutique\\\/product\\\/canine-i-d-activbiome\\\/#primaryimage\"},\"image\":{\"@id\":\"https:\\\/\\\/www.vetorino.com\\\/veterinaire\\\/briancon-05100\\\/boutique\\\/product\\\/canine-i-d-activbiome\\\/#primaryimage\"},\"thumbnailUrl\":\"https:\\\/\\\/www.vetorino.com\\\/boutique\\\/wp-content\\\/uploads\\\/2021\\\/09\\\/52742043166_0-prescription-diet-chien-i_d-croquettes-2.jpg\",\"datePublished\":\"2021-09-07T10:25:44+00:00\",\"dateModified\":\"2025-10-21T09:27:11+00:00\",\"description\":\"Prouv\u00e9 pour\u00a0calmer les troubles digestifs\u00a0chez le\u00a0chien en seulement 3 jours. Utilisation : Chien ayant des\u00a0troubles digestifs Ce produit est destin\u00e9 \u00e0 la prise en charge d'une maladie. Il est conseill\u00e9 de demander conseil \u00e0 votre v\u00e9t\u00e9rinaire avant utilisation. Nouvelle formulation du produit i\\\/d, ajout de la Technologie Sox Shield. Pendant la p\u00e9riode de transition, il est possible de recevoir l\u2019ancienne ou la nouvelle formule selon les stocks disponibles.\",\"breadcrumb\":{\"@id\":\"https:\\\/\\\/www.vetorino.com\\\/veterinaire\\\/briancon-05100\\\/boutique\\\/product\\\/canine-i-d-activbiome\\\/#breadcrumb\"},\"inLanguage\":\"fr-FR\",\"potentialAction\":[{\"@type\":\"ReadAction\",\"target\":[\"https:\\\/\\\/www.vetorino.com\\\/veterinaire\\\/briancon-05100\\\/boutique\\\/product\\\/canine-i-d-activbiome\\\/\"]}]},{\"@type\":\"ImageObject\",\"inLanguage\":\"fr-FR\",\"@id\":\"https:\\\/\\\/www.vetorino.com\\\/veterinaire\\\/briancon-05100\\\/boutique\\\/product\\\/canine-i-d-activbiome\\\/#primaryimage\",\"url\":\"https:\\\/\\\/www.vetorino.com\\\/boutique\\\/wp-content\\\/uploads\\\/2021\\\/09\\\/52742043166_0-prescription-diet-chien-i_d-croquettes-2.jpg\",\"contentUrl\":\"https:\\\/\\\/www.vetorino.com\\\/boutique\\\/wp-content\\\/uploads\\\/2021\\\/09\\\/52742043166_0-prescription-diet-chien-i_d-croquettes-2.jpg\",\"width\":800,\"height\":800},{\"@type\":\"BreadcrumbList\",\"@id\":\"https:\\\/\\\/www.vetorino.com\\\/veterinaire\\\/briancon-05100\\\/boutique\\\/product\\\/canine-i-d-activbiome\\\/#breadcrumb\",\"itemListElement\":[{\"@type\":\"ListItem\",\"position\":1,\"name\":\"Accueil\",\"item\":\"https:\\\/\\\/www.vetorino.com\\\/boutique\\\/\"},{\"@type\":\"ListItem\",\"position\":2,\"name\":\"Produits\",\"item\":\"https:\\\/\\\/www.vetorino.com\\\/boutique\\\/\"},{\"@type\":\"ListItem\",\"position\":3,\"name\":\"i\\\/d Digestive Care au Poulet &#8211; chien\"}]},{\"@type\":\"WebSite\",\"@id\":\"https:\\\/\\\/www.vetorino.com\\\/boutique\\\/#website\",\"url\":\"https:\\\/\\\/www.vetorino.com\\\/boutique\\\/\",\"name\":\"V\u00e9torino\",\"description\":\"\",\"publisher\":{\"@id\":\"https:\\\/\\\/www.vetorino.com\\\/boutique\\\/#organization\"},\"potentialAction\":[{\"@type\":\"SearchAction\",\"target\":{\"@type\":\"EntryPoint\",\"urlTemplate\":\"https:\\\/\\\/www.vetorino.com\\\/boutique\\\/?s={search_term_string}\"},\"query-input\":{\"@type\":\"PropertyValueSpecification\",\"valueRequired\":true,\"valueName\":\"search_term_string\"}}],\"inLanguage\":\"fr-FR\"},{\"@type\":\"Organization\",\"@id\":\"https:\\\/\\\/www.vetorino.com\\\/boutique\\\/#organization\",\"name\":\"V\u00e9torino\",\"url\":\"https:\\\/\\\/www.vetorino.com\\\/boutique\\\/\",\"logo\":{\"@type\":\"ImageObject\",\"inLanguage\":\"fr-FR\",\"@id\":\"https:\\\/\\\/www.vetorino.com\\\/boutique\\\/#\\\/schema\\\/logo\\\/image\\\/\",\"url\":\"https:\\\/\\\/www.vetorino.com\\\/boutique\\\/wp-content\\\/uploads\\\/2024\\\/10\\\/logo.jpg\",\"contentUrl\":\"https:\\\/\\\/www.vetorino.com\\\/boutique\\\/wp-content\\\/uploads\\\/2024\\\/10\\\/logo.jpg\",\"width\":1200,\"height\":610,\"caption\":\"V\u00e9torino\"},\"image\":{\"@id\":\"https:\\\/\\\/www.vetorino.com\\\/boutique\\\/#\\\/schema\\\/logo\\\/image\\\/\"},\"sameAs\":[\"https:\\\/\\\/www.facebook.com\\\/Vetorino\\\/\",\"https:\\\/\\\/www.instagram.com\\\/vetorino_off\\\/\",\"https:\\\/\\\/www.linkedin.com\\\/company\\\/vtorino\\\/\"]}]}<\/script>\n<meta property=\"product:brand\" content=\"Hill&#039;s\" \/>\n<meta property=\"og:availability\" content=\"instock\" \/>\n<meta property=\"product:availability\" content=\"instock\" \/>\n<meta property=\"product:condition\" content=\"new\" \/>\n<!-- \/ Yoast SEO plugin. -->","yoast_head_json":{"title":"Prescription Diet (Hill's) i\/d Digestive Care au Poulet - chien Hill's - V\u00e9torino","description":"Prouv\u00e9 pour\u00a0calmer les troubles digestifs\u00a0chez le\u00a0chien en seulement 3 jours.  Utilisation :   Chien ayant des\u00a0troubles digestifs  Ce produit est destin\u00e9 \u00e0 la prise en charge d'une maladie. Il est conseill\u00e9 de demander conseil \u00e0 votre v\u00e9t\u00e9rinaire avant utilisation.  Nouvelle formulation du produit i\/d, ajout de la Technologie Sox Shield. Pendant la p\u00e9riode de transition, il est possible de recevoir l\u2019ancienne ou la nouvelle formule selon les stocks disponibles.","robots":{"index":"noindex","follow":"nofollow"},"og_locale":"fr_FR","og_type":"article","og_title":"Prescription Diet (Hill's) i\/d Digestive Care au Poulet - chien Hill's - V\u00e9torino","og_description":"Prouv\u00e9 pour\u00a0calmer les troubles digestifs\u00a0chez le\u00a0chien en seulement 3 jours.  Utilisation :   Chien ayant des\u00a0troubles digestifs  Ce produit est destin\u00e9 \u00e0 la prise en charge d'une maladie. Il est conseill\u00e9 de demander conseil \u00e0 votre v\u00e9t\u00e9rinaire avant utilisation.  Nouvelle formulation du produit i\/d, ajout de la Technologie Sox Shield. Pendant la p\u00e9riode de transition, il est possible de recevoir l\u2019ancienne ou la nouvelle formule selon les stocks disponibles.","og_url":"https:\/\/www.vetorino.com\/veterinaire\/plouzevede-29440\/boutique\/product\/canine-i-d-activbiome\/","og_site_name":"V\u00e9torino","article_publisher":"https:\/\/www.facebook.com\/Vetorino\/","article_modified_time":"2025-10-21T09:27:11+00:00","og_image":[{"width":800,"height":800,"url":"https:\/\/www.vetorino.com\/boutique\/wp-content\/uploads\/2021\/09\/52742043166_0-prescription-diet-chien-i_d-croquettes-2.jpg","type":"image\/jpeg"}],"twitter_card":"summary_large_image","twitter_misc":{"Disponibilit\u00e9":"En stock"},"schema":{"@context":"https:\/\/schema.org","@graph":[{"@type":"WebPage","@id":"https:\/\/www.vetorino.com\/veterinaire\/briancon-05100\/boutique\/product\/canine-i-d-activbiome\/","url":"https:\/\/www.vetorino.com\/veterinaire\/briancon-05100\/boutique\/product\/canine-i-d-activbiome\/","name":"Prescription Diet (Hill's) i\/d Digestive Care au Poulet - chien Hill's - V\u00e9torino","isPartOf":{"@id":"https:\/\/www.vetorino.com\/boutique\/#website"},"primaryImageOfPage":{"@id":"https:\/\/www.vetorino.com\/veterinaire\/briancon-05100\/boutique\/product\/canine-i-d-activbiome\/#primaryimage"},"image":{"@id":"https:\/\/www.vetorino.com\/veterinaire\/briancon-05100\/boutique\/product\/canine-i-d-activbiome\/#primaryimage"},"thumbnailUrl":"https:\/\/www.vetorino.com\/boutique\/wp-content\/uploads\/2021\/09\/52742043166_0-prescription-diet-chien-i_d-croquettes-2.jpg","datePublished":"2021-09-07T10:25:44+00:00","dateModified":"2025-10-21T09:27:11+00:00","description":"Prouv\u00e9 pour\u00a0calmer les troubles digestifs\u00a0chez le\u00a0chien en seulement 3 jours. Utilisation : Chien ayant des\u00a0troubles digestifs Ce produit est destin\u00e9 \u00e0 la prise en charge d'une maladie. Il est conseill\u00e9 de demander conseil \u00e0 votre v\u00e9t\u00e9rinaire avant utilisation. Nouvelle formulation du produit i\/d, ajout de la Technologie Sox Shield. Pendant la p\u00e9riode de transition, il est possible de recevoir l\u2019ancienne ou la nouvelle formule selon les stocks disponibles.","breadcrumb":{"@id":"https:\/\/www.vetorino.com\/veterinaire\/briancon-05100\/boutique\/product\/canine-i-d-activbiome\/#breadcrumb"},"inLanguage":"fr-FR","potentialAction":[{"@type":"ReadAction","target":["https:\/\/www.vetorino.com\/veterinaire\/briancon-05100\/boutique\/product\/canine-i-d-activbiome\/"]}]},{"@type":"ImageObject","inLanguage":"fr-FR","@id":"https:\/\/www.vetorino.com\/veterinaire\/briancon-05100\/boutique\/product\/canine-i-d-activbiome\/#primaryimage","url":"https:\/\/www.vetorino.com\/boutique\/wp-content\/uploads\/2021\/09\/52742043166_0-prescription-diet-chien-i_d-croquettes-2.jpg","contentUrl":"https:\/\/www.vetorino.com\/boutique\/wp-content\/uploads\/2021\/09\/52742043166_0-prescription-diet-chien-i_d-croquettes-2.jpg","width":800,"height":800},{"@type":"BreadcrumbList","@id":"https:\/\/www.vetorino.com\/veterinaire\/briancon-05100\/boutique\/product\/canine-i-d-activbiome\/#breadcrumb","itemListElement":[{"@type":"ListItem","position":1,"name":"Accueil","item":"https:\/\/www.vetorino.com\/boutique\/"},{"@type":"ListItem","position":2,"name":"Produits","item":"https:\/\/www.vetorino.com\/boutique\/"},{"@type":"ListItem","position":3,"name":"i\/d Digestive Care au Poulet &#8211; chien"}]},{"@type":"WebSite","@id":"https:\/\/www.vetorino.com\/boutique\/#website","url":"https:\/\/www.vetorino.com\/boutique\/","name":"V\u00e9torino","description":"","publisher":{"@id":"https:\/\/www.vetorino.com\/boutique\/#organization"},"potentialAction":[{"@type":"SearchAction","target":{"@type":"EntryPoint","urlTemplate":"https:\/\/www.vetorino.com\/boutique\/?s={search_term_string}"},"query-input":{"@type":"PropertyValueSpecification","valueRequired":true,"valueName":"search_term_string"}}],"inLanguage":"fr-FR"},{"@type":"Organization","@id":"https:\/\/www.vetorino.com\/boutique\/#organization","name":"V\u00e9torino","url":"https:\/\/www.vetorino.com\/boutique\/","logo":{"@type":"ImageObject","inLanguage":"fr-FR","@id":"https:\/\/www.vetorino.com\/boutique\/#\/schema\/logo\/image\/","url":"https:\/\/www.vetorino.com\/boutique\/wp-content\/uploads\/2024\/10\/logo.jpg","contentUrl":"https:\/\/www.vetorino.com\/boutique\/wp-content\/uploads\/2024\/10\/logo.jpg","width":1200,"height":610,"caption":"V\u00e9torino"},"image":{"@id":"https:\/\/www.vetorino.com\/boutique\/#\/schema\/logo\/image\/"},"sameAs":["https:\/\/www.facebook.com\/Vetorino\/","https:\/\/www.instagram.com\/vetorino_off\/","https:\/\/www.linkedin.com\/company\/vtorino\/"]}]},"product_brand":"Hill's","og_availability":"instock","product_availability":"instock","product_condition":"new"},"_links":{"self":[{"href":"https:\/\/www.vetorino.com\/veterinaire\/plouzevede-29440\/boutique\/wp-json\/wp\/v2\/product\/223711","targetHints":{"allow":["GET"]}}],"collection":[{"href":"https:\/\/www.vetorino.com\/veterinaire\/plouzevede-29440\/boutique\/wp-json\/wp\/v2\/product"}],"about":[{"href":"https:\/\/www.vetorino.com\/veterinaire\/plouzevede-29440\/boutique\/wp-json\/wp\/v2\/types\/product"}],"wp:featuredmedia":[{"embeddable":true,"href":"https:\/\/www.vetorino.com\/veterinaire\/plouzevede-29440\/boutique\/wp-json\/wp\/v2\/media\/1535752"}],"wp:attachment":[{"href":"https:\/\/www.vetorino.com\/veterinaire\/plouzevede-29440\/boutique\/wp-json\/wp\/v2\/media?parent=223711"}],"wp:term":[{"taxonomy":"product_cat","embeddable":true,"href":"https:\/\/www.vetorino.com\/veterinaire\/plouzevede-29440\/boutique\/wp-json\/wp\/v2\/product_cat?post=223711"},{"taxonomy":"product_tag","embeddable":true,"href":"https:\/\/www.vetorino.com\/veterinaire\/plouzevede-29440\/boutique\/wp-json\/wp\/v2\/product_tag?post=223711"}],"curies":[{"name":"wp","href":"https:\/\/api.w.org\/{rel}","templated":true}]}}