{"id":310924,"date":"2022-04-05T17:44:42","date_gmt":"2022-04-05T15:44:42","guid":{"rendered":"https:\/\/www.vetorino.com\/boutique\/product\/specific-cn-ctsc-spec-care-treats-300g\/"},"modified":"2025-09-01T10:41:24","modified_gmt":"2025-09-01T08:41:24","slug":"specific-cn-ctsc-spec-care-treats-300g","status":"publish","type":"product","link":"https:\/\/www.vetorino.com\/veterinaire\/plouzevede-29440\/boutique\/product\/specific-cn-ctsc-spec-care-treats-300g\/","title":{"rendered":"CT-SC Special Care Treats \u2013 friandises chien"},"content":{"rendered":"<p><strong>Friandises pauvres en \u00e9nergie et en graisses, pens\u00e9es pour les chiens atteints de pathologies telles que la pancr\u00e9atite, l\u2019insuffisance r\u00e9nale, cardiaque ou h\u00e9patique, l\u2019urolithiase, les douleurs articulaires et de probl\u00e8mes de mobilit\u00e9, le diab\u00e8te sucr\u00e9 ou d\u2019allergies.<\/strong><\/p>\n<p><strong>Utilisation :<\/strong><\/p>\n<ul>\n<li>Suppl\u00e9ment de l&#8217;alimentation habituelle de votre chien en tant que r\u00e9compense.<\/li>\n<\/ul>\n<p><strong>Bienfaits essentiels :<\/strong><\/p>\n<ul>\n<li>Ces friandises sont fabriqu\u00e9es \u00e0 partir de merlan bleu, de krill, d\u2019algues et de sorgho, un glucide \u00e0 lib\u00e9ration lente,\u00a0<strong>naturellement sans gluten<\/strong>.<\/li>\n<li><strong>Cuites en douceur<\/strong>\u00a0pour garantir une\u00a0<strong>app\u00e9tence \u00e9lev\u00e9e<\/strong>.<\/li>\n<li>Contiennent\u00a0<strong>peu de prot\u00e9ines<\/strong>\u00a0et une s\u00e9lection de nutriments.<\/li>\n<li>Compos\u00e9es d\u2019ingr\u00e9dients\u00a0<strong>peu allerg\u00e8nes<\/strong>, ces friandises sont id\u00e9ales pour les chiens souffrant d\u2019allergies et de probl\u00e8mes de peau.<\/li>\n<li>L\u2019apport en calories et en graisse de ces friandises est id\u00e9al pour les\u00a0<strong>chiens atteints de douleurs articulaires<\/strong>\u00a0et de probl\u00e8mes de mobilit\u00e9.<\/li>\n<li>La teneur en graisses de ces friandises est id\u00e9ale pour les chiens atteintes de\u00a0<strong>pancr\u00e9atite<\/strong>.<\/li>\n<li>La\u00a0<strong>faible teneur en prot\u00e9ines, magn\u00e9sium, phosphore, calcium et sodium<\/strong>\u00a0rend ces friandises id\u00e9ales pour les chiens atteints de troubles r\u00e9naux ou cardiaques ou de calculs v\u00e9sicaux.<\/li>\n<\/ul>\n","protected":false},"excerpt":{"rendered":"<p><strong>Friandises pens\u00e9es pour les chiens atteints de pathologies tels que la pancr\u00e9atite, l\u2019insuffisance r\u00e9nale, cardiaque ou h\u00e9patique, l\u2019urolithiase, les douleurs articulaires et de probl\u00e8mes de mobilit\u00e9, le diab\u00e8te sucr\u00e9 ou d\u2019allergies.<\/strong><\/p>\n<p><strong>Utilisation :<\/strong><\/p>\n<ul>\n<li>Suppl\u00e9ment de l&#8217;alimentation habituelle de votre chien en tant que r\u00e9compense.<\/li>\n<\/ul>\n","protected":false},"featured_media":1249417,"template":"","meta":[],"product_cat":[12552,2698,12603],"product_tag":[],"class_list":{"0":"post-310924","1":"product","2":"type-product","3":"status-publish","4":"has-post-thumbnail","6":"product_cat-alimentation-du-chien","7":"product_cat-chien","8":"product_cat-friandises-pour-chien","9":"pa_marque-specific","11":"first","12":"outofstock","13":"taxable","14":"shipping-taxable","15":"purchasable","16":"product-type-simple"},"yoast_head":"<!-- This site is optimized with the Yoast SEO plugin v27.3 - https:\/\/yoast.com\/product\/yoast-seo-wordpress\/ -->\n<title>CT-SC Special Care Treats \u2013 friandises chien Specific - V\u00e9torino<\/title>\n<meta name=\"description\" content=\"Friandises pens\u00e9es pour les chiens atteints de pathologies tels que la pancr\u00e9atite, l\u2019insuffisance r\u00e9nale, cardiaque ou h\u00e9patique, l\u2019urolithiase, les douleurs articulaires et de probl\u00e8mes de mobilit\u00e9, le diab\u00e8te sucr\u00e9 ou d\u2019allergies.  Utilisation :   Suppl\u00e9ment de l&#039;alimentation habituelle de votre chien en tant que r\u00e9compense.\" \/>\n<meta name=\"robots\" content=\"noindex, nofollow\" \/>\n<meta property=\"og:locale\" content=\"fr_FR\" \/>\n<meta property=\"og:type\" content=\"article\" \/>\n<meta property=\"og:title\" content=\"CT-SC Special Care Treats \u2013 friandises chien Specific - V\u00e9torino\" \/>\n<meta property=\"og:description\" content=\"Friandises pens\u00e9es pour les chiens atteints de pathologies tels que la pancr\u00e9atite, l\u2019insuffisance r\u00e9nale, cardiaque ou h\u00e9patique, l\u2019urolithiase, les douleurs articulaires et de probl\u00e8mes de mobilit\u00e9, le diab\u00e8te sucr\u00e9 ou d\u2019allergies.  Utilisation :   Suppl\u00e9ment de l&#039;alimentation habituelle de votre chien en tant que r\u00e9compense.\" \/>\n<meta property=\"og:url\" content=\"https:\/\/www.vetorino.com\/veterinaire\/plouzevede-29440\/boutique\/product\/specific-cn-ctsc-spec-care-treats-300g\/\" \/>\n<meta property=\"og:site_name\" content=\"V\u00e9torino\" \/>\n<meta property=\"article:publisher\" content=\"https:\/\/www.facebook.com\/Vetorino\/\" \/>\n<meta property=\"article:modified_time\" content=\"2025-09-01T08:41:24+00:00\" \/>\n<meta property=\"og:image\" content=\"https:\/\/www.vetorino.com\/boutique\/wp-content\/uploads\/2022\/04\/getimage.jpg\" \/>\n\t<meta property=\"og:image:width\" content=\"540\" \/>\n\t<meta property=\"og:image:height\" content=\"531\" \/>\n\t<meta property=\"og:image:type\" content=\"image\/jpeg\" \/>\n<meta name=\"twitter:card\" content=\"summary_large_image\" \/>\n<meta name=\"twitter:label1\" content=\"Prix\" \/>\n\t<meta name=\"twitter:data1\" content=\"4,84&euro;\" \/>\n\t<meta name=\"twitter:label2\" content=\"Disponibilit\u00e9\" \/>\n\t<meta name=\"twitter:data2\" content=\"Rupture de stock\" \/>\n<script type=\"application\/ld+json\" class=\"yoast-schema-graph\">{\"@context\":\"https:\\\/\\\/schema.org\",\"@graph\":[{\"@type\":\"WebPage\",\"@id\":\"https:\\\/\\\/www.vetorino.com\\\/boutique\\\/product\\\/specific-cn-ctsc-spec-care-treats-300g\\\/\",\"url\":\"https:\\\/\\\/www.vetorino.com\\\/boutique\\\/product\\\/specific-cn-ctsc-spec-care-treats-300g\\\/\",\"name\":\"CT-SC Special Care Treats \u2013 friandises chien Specific - V\u00e9torino\",\"isPartOf\":{\"@id\":\"https:\\\/\\\/www.vetorino.com\\\/boutique\\\/#website\"},\"primaryImageOfPage\":{\"@id\":\"https:\\\/\\\/www.vetorino.com\\\/boutique\\\/product\\\/specific-cn-ctsc-spec-care-treats-300g\\\/#primaryimage\"},\"image\":{\"@id\":\"https:\\\/\\\/www.vetorino.com\\\/boutique\\\/product\\\/specific-cn-ctsc-spec-care-treats-300g\\\/#primaryimage\"},\"thumbnailUrl\":\"https:\\\/\\\/www.vetorino.com\\\/boutique\\\/wp-content\\\/uploads\\\/2022\\\/04\\\/getimage.jpg\",\"datePublished\":\"2022-04-05T15:44:42+00:00\",\"dateModified\":\"2025-09-01T08:41:24+00:00\",\"description\":\"Friandises pens\u00e9es pour les chiens atteints de pathologies tels que la pancr\u00e9atite, l\u2019insuffisance r\u00e9nale, cardiaque ou h\u00e9patique, l\u2019urolithiase, les douleurs articulaires et de probl\u00e8mes de mobilit\u00e9, le diab\u00e8te sucr\u00e9 ou d\u2019allergies. Utilisation : Suppl\u00e9ment de l'alimentation habituelle de votre chien en tant que r\u00e9compense.\",\"breadcrumb\":{\"@id\":\"https:\\\/\\\/www.vetorino.com\\\/boutique\\\/product\\\/specific-cn-ctsc-spec-care-treats-300g\\\/#breadcrumb\"},\"inLanguage\":\"fr-FR\",\"potentialAction\":[{\"@type\":\"ReadAction\",\"target\":[\"https:\\\/\\\/www.vetorino.com\\\/boutique\\\/product\\\/specific-cn-ctsc-spec-care-treats-300g\\\/\"]}]},{\"@type\":\"ImageObject\",\"inLanguage\":\"fr-FR\",\"@id\":\"https:\\\/\\\/www.vetorino.com\\\/boutique\\\/product\\\/specific-cn-ctsc-spec-care-treats-300g\\\/#primaryimage\",\"url\":\"https:\\\/\\\/www.vetorino.com\\\/boutique\\\/wp-content\\\/uploads\\\/2022\\\/04\\\/getimage.jpg\",\"contentUrl\":\"https:\\\/\\\/www.vetorino.com\\\/boutique\\\/wp-content\\\/uploads\\\/2022\\\/04\\\/getimage.jpg\",\"width\":540,\"height\":531},{\"@type\":\"BreadcrumbList\",\"@id\":\"https:\\\/\\\/www.vetorino.com\\\/boutique\\\/product\\\/specific-cn-ctsc-spec-care-treats-300g\\\/#breadcrumb\",\"itemListElement\":[{\"@type\":\"ListItem\",\"position\":1,\"name\":\"Accueil\",\"item\":\"https:\\\/\\\/www.vetorino.com\\\/boutique\\\/\"},{\"@type\":\"ListItem\",\"position\":2,\"name\":\"Produits\",\"item\":\"https:\\\/\\\/www.vetorino.com\\\/boutique\\\/\"},{\"@type\":\"ListItem\",\"position\":3,\"name\":\"CT-SC Special Care Treats \u2013 friandises chien\"}]},{\"@type\":\"WebSite\",\"@id\":\"https:\\\/\\\/www.vetorino.com\\\/boutique\\\/#website\",\"url\":\"https:\\\/\\\/www.vetorino.com\\\/boutique\\\/\",\"name\":\"V\u00e9torino\",\"description\":\"\",\"publisher\":{\"@id\":\"https:\\\/\\\/www.vetorino.com\\\/boutique\\\/#organization\"},\"potentialAction\":[{\"@type\":\"SearchAction\",\"target\":{\"@type\":\"EntryPoint\",\"urlTemplate\":\"https:\\\/\\\/www.vetorino.com\\\/boutique\\\/?s={search_term_string}\"},\"query-input\":{\"@type\":\"PropertyValueSpecification\",\"valueRequired\":true,\"valueName\":\"search_term_string\"}}],\"inLanguage\":\"fr-FR\"},{\"@type\":\"Organization\",\"@id\":\"https:\\\/\\\/www.vetorino.com\\\/boutique\\\/#organization\",\"name\":\"V\u00e9torino\",\"url\":\"https:\\\/\\\/www.vetorino.com\\\/boutique\\\/\",\"logo\":{\"@type\":\"ImageObject\",\"inLanguage\":\"fr-FR\",\"@id\":\"https:\\\/\\\/www.vetorino.com\\\/boutique\\\/#\\\/schema\\\/logo\\\/image\\\/\",\"url\":\"https:\\\/\\\/www.vetorino.com\\\/boutique\\\/wp-content\\\/uploads\\\/2024\\\/10\\\/logo.jpg\",\"contentUrl\":\"https:\\\/\\\/www.vetorino.com\\\/boutique\\\/wp-content\\\/uploads\\\/2024\\\/10\\\/logo.jpg\",\"width\":1200,\"height\":610,\"caption\":\"V\u00e9torino\"},\"image\":{\"@id\":\"https:\\\/\\\/www.vetorino.com\\\/boutique\\\/#\\\/schema\\\/logo\\\/image\\\/\"},\"sameAs\":[\"https:\\\/\\\/www.facebook.com\\\/Vetorino\\\/\",\"https:\\\/\\\/www.instagram.com\\\/vetorino_off\\\/\",\"https:\\\/\\\/www.linkedin.com\\\/company\\\/vtorino\\\/\"]}]}<\/script>\n<meta property=\"product:brand\" content=\"Specific\" \/>\n<meta property=\"product:price:amount\" content=\"4.84\" \/>\n<meta property=\"product:price:currency\" content=\"EUR\" \/>\n<meta property=\"og:availability\" content=\"out of stock\" \/>\n<meta property=\"product:availability\" content=\"out of stock\" \/>\n<meta property=\"product:retailer_item_id\" content=\"A-1862240\" \/>\n<meta property=\"product:condition\" content=\"new\" \/>\n<!-- \/ Yoast SEO plugin. -->","yoast_head_json":{"title":"CT-SC Special Care Treats \u2013 friandises chien Specific - V\u00e9torino","description":"Friandises pens\u00e9es pour les chiens atteints de pathologies tels que la pancr\u00e9atite, l\u2019insuffisance r\u00e9nale, cardiaque ou h\u00e9patique, l\u2019urolithiase, les douleurs articulaires et de probl\u00e8mes de mobilit\u00e9, le diab\u00e8te sucr\u00e9 ou d\u2019allergies.  Utilisation :   Suppl\u00e9ment de l'alimentation habituelle de votre chien en tant que r\u00e9compense.","robots":{"index":"noindex","follow":"nofollow"},"og_locale":"fr_FR","og_type":"article","og_title":"CT-SC Special Care Treats \u2013 friandises chien Specific - V\u00e9torino","og_description":"Friandises pens\u00e9es pour les chiens atteints de pathologies tels que la pancr\u00e9atite, l\u2019insuffisance r\u00e9nale, cardiaque ou h\u00e9patique, l\u2019urolithiase, les douleurs articulaires et de probl\u00e8mes de mobilit\u00e9, le diab\u00e8te sucr\u00e9 ou d\u2019allergies.  Utilisation :   Suppl\u00e9ment de l'alimentation habituelle de votre chien en tant que r\u00e9compense.","og_url":"https:\/\/www.vetorino.com\/veterinaire\/plouzevede-29440\/boutique\/product\/specific-cn-ctsc-spec-care-treats-300g\/","og_site_name":"V\u00e9torino","article_publisher":"https:\/\/www.facebook.com\/Vetorino\/","article_modified_time":"2025-09-01T08:41:24+00:00","og_image":[{"width":540,"height":531,"url":"https:\/\/www.vetorino.com\/boutique\/wp-content\/uploads\/2022\/04\/getimage.jpg","type":"image\/jpeg"}],"twitter_card":"summary_large_image","twitter_misc":{"Prix":"4,84&euro;","Disponibilit\u00e9":"Rupture de stock"},"schema":{"@context":"https:\/\/schema.org","@graph":[{"@type":"WebPage","@id":"https:\/\/www.vetorino.com\/boutique\/product\/specific-cn-ctsc-spec-care-treats-300g\/","url":"https:\/\/www.vetorino.com\/boutique\/product\/specific-cn-ctsc-spec-care-treats-300g\/","name":"CT-SC Special Care Treats \u2013 friandises chien Specific - V\u00e9torino","isPartOf":{"@id":"https:\/\/www.vetorino.com\/boutique\/#website"},"primaryImageOfPage":{"@id":"https:\/\/www.vetorino.com\/boutique\/product\/specific-cn-ctsc-spec-care-treats-300g\/#primaryimage"},"image":{"@id":"https:\/\/www.vetorino.com\/boutique\/product\/specific-cn-ctsc-spec-care-treats-300g\/#primaryimage"},"thumbnailUrl":"https:\/\/www.vetorino.com\/boutique\/wp-content\/uploads\/2022\/04\/getimage.jpg","datePublished":"2022-04-05T15:44:42+00:00","dateModified":"2025-09-01T08:41:24+00:00","description":"Friandises pens\u00e9es pour les chiens atteints de pathologies tels que la pancr\u00e9atite, l\u2019insuffisance r\u00e9nale, cardiaque ou h\u00e9patique, l\u2019urolithiase, les douleurs articulaires et de probl\u00e8mes de mobilit\u00e9, le diab\u00e8te sucr\u00e9 ou d\u2019allergies. Utilisation : Suppl\u00e9ment de l'alimentation habituelle de votre chien en tant que r\u00e9compense.","breadcrumb":{"@id":"https:\/\/www.vetorino.com\/boutique\/product\/specific-cn-ctsc-spec-care-treats-300g\/#breadcrumb"},"inLanguage":"fr-FR","potentialAction":[{"@type":"ReadAction","target":["https:\/\/www.vetorino.com\/boutique\/product\/specific-cn-ctsc-spec-care-treats-300g\/"]}]},{"@type":"ImageObject","inLanguage":"fr-FR","@id":"https:\/\/www.vetorino.com\/boutique\/product\/specific-cn-ctsc-spec-care-treats-300g\/#primaryimage","url":"https:\/\/www.vetorino.com\/boutique\/wp-content\/uploads\/2022\/04\/getimage.jpg","contentUrl":"https:\/\/www.vetorino.com\/boutique\/wp-content\/uploads\/2022\/04\/getimage.jpg","width":540,"height":531},{"@type":"BreadcrumbList","@id":"https:\/\/www.vetorino.com\/boutique\/product\/specific-cn-ctsc-spec-care-treats-300g\/#breadcrumb","itemListElement":[{"@type":"ListItem","position":1,"name":"Accueil","item":"https:\/\/www.vetorino.com\/boutique\/"},{"@type":"ListItem","position":2,"name":"Produits","item":"https:\/\/www.vetorino.com\/boutique\/"},{"@type":"ListItem","position":3,"name":"CT-SC Special Care Treats \u2013 friandises chien"}]},{"@type":"WebSite","@id":"https:\/\/www.vetorino.com\/boutique\/#website","url":"https:\/\/www.vetorino.com\/boutique\/","name":"V\u00e9torino","description":"","publisher":{"@id":"https:\/\/www.vetorino.com\/boutique\/#organization"},"potentialAction":[{"@type":"SearchAction","target":{"@type":"EntryPoint","urlTemplate":"https:\/\/www.vetorino.com\/boutique\/?s={search_term_string}"},"query-input":{"@type":"PropertyValueSpecification","valueRequired":true,"valueName":"search_term_string"}}],"inLanguage":"fr-FR"},{"@type":"Organization","@id":"https:\/\/www.vetorino.com\/boutique\/#organization","name":"V\u00e9torino","url":"https:\/\/www.vetorino.com\/boutique\/","logo":{"@type":"ImageObject","inLanguage":"fr-FR","@id":"https:\/\/www.vetorino.com\/boutique\/#\/schema\/logo\/image\/","url":"https:\/\/www.vetorino.com\/boutique\/wp-content\/uploads\/2024\/10\/logo.jpg","contentUrl":"https:\/\/www.vetorino.com\/boutique\/wp-content\/uploads\/2024\/10\/logo.jpg","width":1200,"height":610,"caption":"V\u00e9torino"},"image":{"@id":"https:\/\/www.vetorino.com\/boutique\/#\/schema\/logo\/image\/"},"sameAs":["https:\/\/www.facebook.com\/Vetorino\/","https:\/\/www.instagram.com\/vetorino_off\/","https:\/\/www.linkedin.com\/company\/vtorino\/"]}]},"product_brand":"Specific","product_price_amount":"4.84","product_price_currency":"EUR","og_availability":"out of stock","product_availability":"out of stock","product_retailer_item_id":"A-1862240","product_condition":"new"},"_links":{"self":[{"href":"https:\/\/www.vetorino.com\/veterinaire\/plouzevede-29440\/boutique\/wp-json\/wp\/v2\/product\/310924","targetHints":{"allow":["GET"]}}],"collection":[{"href":"https:\/\/www.vetorino.com\/veterinaire\/plouzevede-29440\/boutique\/wp-json\/wp\/v2\/product"}],"about":[{"href":"https:\/\/www.vetorino.com\/veterinaire\/plouzevede-29440\/boutique\/wp-json\/wp\/v2\/types\/product"}],"wp:featuredmedia":[{"embeddable":true,"href":"https:\/\/www.vetorino.com\/veterinaire\/plouzevede-29440\/boutique\/wp-json\/wp\/v2\/media\/1249417"}],"wp:attachment":[{"href":"https:\/\/www.vetorino.com\/veterinaire\/plouzevede-29440\/boutique\/wp-json\/wp\/v2\/media?parent=310924"}],"wp:term":[{"taxonomy":"product_cat","embeddable":true,"href":"https:\/\/www.vetorino.com\/veterinaire\/plouzevede-29440\/boutique\/wp-json\/wp\/v2\/product_cat?post=310924"},{"taxonomy":"product_tag","embeddable":true,"href":"https:\/\/www.vetorino.com\/veterinaire\/plouzevede-29440\/boutique\/wp-json\/wp\/v2\/product_tag?post=310924"}],"curies":[{"name":"wp","href":"https:\/\/api.w.org\/{rel}","templated":true}]}}