{"id":312032,"date":"2022-04-08T20:23:30","date_gmt":"2022-04-08T18:23:30","guid":{"rendered":"https:\/\/www.vetorino.com\/boutique\/product\/feline-metabolic\/"},"modified":"2025-12-22T11:48:43","modified_gmt":"2025-12-22T10:48:43","slug":"feline-metabolic","status":"publish","type":"product","link":"https:\/\/www.vetorino.com\/veterinaire\/plouzevede-29440\/boutique\/product\/feline-metabolic\/","title":{"rendered":"Metabolic Croquettes Poulet &#8211; chat"},"content":{"rendered":"<p><strong>Hill&#8217;s Prescription Diet Feline\u00a0Metabolic\u00a0est un aliment complet et \u00e9quilibr\u00e9, cliniquement prouv\u00e9\u00a0pour favoriser la perte et le maintien du poids\u00a0chez le chat.<\/strong><\/p>\n<p><strong>Utilisation :<\/strong><\/p>\n<ul>\n<li>Perte de poids<\/li>\n<li>Maintien du poids (pr\u00e9dispos\u00e9 \u00e0 l&#8217;ob\u00e9sit\u00e9 ou apr\u00e8s la perte de poids)<\/li>\n<li>Diab\u00e8te chez les chats de poids normal ou l\u00e9g\u00e8rement en surpoids<\/li>\n<\/ul>\n<p><strong>Bienfaits essentiels :<\/strong><\/p>\n<ul>\n<li><strong>Perte de poids sans privation<\/strong>\u00a0\u2013 81% des chats ont perdu du poids en 2 mois \u00e0 domicile, 89% des chats ont termin\u00e9 le programme de perte de poids<\/li>\n<li>Cliniquement prouv\u00e9 pour la<strong>\u00a0pr\u00e9vention de la reprise de poids<\/strong>\u00a0apr\u00e8s avoir effectu\u00e9 un r\u00e9gime<\/li>\n<\/ul>\n<p><strong>Cet aliment est destin\u00e9 \u00e0 la prise en charge nutritionnelle d\u2019une maladie. Il doit \u00eatre prescrit en accord avec l&#8217;\u00e9tat de sant\u00e9 de votre animal. Demandez conseil \u00e0 votre v\u00e9t\u00e9rinaire avant toute utilisation ou avant prolongation de la dur\u00e9e d\u2019utilisation.<\/strong><\/p>\n","protected":false},"excerpt":{"rendered":"<p><strong>Hill&#8217;s Prescription Diet Feline Metabolic est un aliment complet et \u00e9quilibr\u00e9, cliniquement prouv\u00e9 pour favoriser la perte et le maintien du poids chez le chat.<\/strong><\/p>\n<div id=\"product-description-short-3137\">\n<p><strong>Utilisation :<\/strong><\/p>\n<ul>\n<li>Perte de poids<\/li>\n<li>Maintien du poids (pr\u00e9dispos\u00e9 \u00e0 l&#8217;ob\u00e9sit\u00e9 ou apr\u00e8s la perte de poids)<\/li>\n<li>Diab\u00e8te chez les chats de poids normal ou l\u00e9g\u00e8rement en surpoids<\/li>\n<\/ul>\n<\/div>\n","protected":false},"featured_media":1623372,"template":"","meta":[],"product_cat":[12551,12581,2697],"product_tag":[],"class_list":{"0":"post-312032","1":"product","2":"type-product","3":"status-publish","4":"has-post-thumbnail","6":"product_cat-alimentation-du-chat","7":"product_cat-alimentation-medicalisee-pour-chat","8":"product_cat-chat","9":"pa_marque-hills-pet-nutrition","11":"first","12":"instock","13":"taxable","14":"shipping-taxable","15":"purchasable","16":"product-type-variable"},"yoast_head":"<!-- This site is optimized with the Yoast SEO plugin v27.3 - https:\/\/yoast.com\/product\/yoast-seo-wordpress\/ -->\n<title>Prescription Diet (Hill&#039;s) Metabolic Croquettes Poulet - chat Hill&#039;s - V\u00e9torino<\/title>\n<meta name=\"description\" content=\"Hill&#039;s Prescription Diet Feline Metabolic est un aliment complet et \u00e9quilibr\u00e9, cliniquement prouv\u00e9 pour favoriser la perte et le maintien du poids chez le chat.   Utilisation :   Perte de poids  Maintien du poids (pr\u00e9dispos\u00e9 \u00e0 l&#039;ob\u00e9sit\u00e9 ou apr\u00e8s la perte de poids)  Diab\u00e8te chez les chats de poids normal ou l\u00e9g\u00e8rement en surpoids\" \/>\n<meta name=\"robots\" content=\"noindex, nofollow\" \/>\n<meta property=\"og:locale\" content=\"fr_FR\" \/>\n<meta property=\"og:type\" content=\"article\" \/>\n<meta property=\"og:title\" content=\"Prescription Diet (Hill&#039;s) Metabolic Croquettes Poulet - chat Hill&#039;s - V\u00e9torino\" \/>\n<meta property=\"og:description\" content=\"Hill&#039;s Prescription Diet Feline Metabolic est un aliment complet et \u00e9quilibr\u00e9, cliniquement prouv\u00e9 pour favoriser la perte et le maintien du poids chez le chat.   Utilisation :   Perte de poids  Maintien du poids (pr\u00e9dispos\u00e9 \u00e0 l&#039;ob\u00e9sit\u00e9 ou apr\u00e8s la perte de poids)  Diab\u00e8te chez les chats de poids normal ou l\u00e9g\u00e8rement en surpoids\" \/>\n<meta property=\"og:url\" content=\"https:\/\/www.vetorino.com\/veterinaire\/plouzevede-29440\/boutique\/product\/feline-metabolic\/\" \/>\n<meta property=\"og:site_name\" content=\"V\u00e9torino\" \/>\n<meta property=\"article:publisher\" content=\"https:\/\/www.facebook.com\/Vetorino\/\" \/>\n<meta property=\"article:modified_time\" content=\"2025-12-22T10:48:43+00:00\" \/>\n<meta property=\"og:image\" content=\"https:\/\/www.vetorino.com\/boutique\/wp-content\/uploads\/2022\/04\/1-prescription-diet-chat-metabolic-croquettes-poulet.jpg\" \/>\n\t<meta property=\"og:image:width\" content=\"900\" \/>\n\t<meta property=\"og:image:height\" content=\"900\" \/>\n\t<meta property=\"og:image:type\" content=\"image\/jpeg\" \/>\n<meta name=\"twitter:card\" content=\"summary_large_image\" \/>\n<meta name=\"twitter:label1\" content=\"Disponibilit\u00e9\" \/>\n\t<meta name=\"twitter:data1\" content=\"En stock\" \/>\n<script type=\"application\/ld+json\" class=\"yoast-schema-graph\">{\"@context\":\"https:\\\/\\\/schema.org\",\"@graph\":[{\"@type\":\"WebPage\",\"@id\":\"https:\\\/\\\/www.vetorino.com\\\/veterinaire\\\/briancon-05100\\\/boutique\\\/product\\\/feline-metabolic\\\/\",\"url\":\"https:\\\/\\\/www.vetorino.com\\\/veterinaire\\\/briancon-05100\\\/boutique\\\/product\\\/feline-metabolic\\\/\",\"name\":\"Prescription Diet (Hill's) Metabolic Croquettes Poulet - chat Hill's - V\u00e9torino\",\"isPartOf\":{\"@id\":\"https:\\\/\\\/www.vetorino.com\\\/boutique\\\/#website\"},\"primaryImageOfPage\":{\"@id\":\"https:\\\/\\\/www.vetorino.com\\\/veterinaire\\\/briancon-05100\\\/boutique\\\/product\\\/feline-metabolic\\\/#primaryimage\"},\"image\":{\"@id\":\"https:\\\/\\\/www.vetorino.com\\\/veterinaire\\\/briancon-05100\\\/boutique\\\/product\\\/feline-metabolic\\\/#primaryimage\"},\"thumbnailUrl\":\"https:\\\/\\\/www.vetorino.com\\\/boutique\\\/wp-content\\\/uploads\\\/2022\\\/04\\\/1-prescription-diet-chat-metabolic-croquettes-poulet.jpg\",\"datePublished\":\"2022-04-08T18:23:30+00:00\",\"dateModified\":\"2025-12-22T10:48:43+00:00\",\"description\":\"Hill's Prescription Diet Feline Metabolic est un aliment complet et \u00e9quilibr\u00e9, cliniquement prouv\u00e9 pour favoriser la perte et le maintien du poids chez le chat. Utilisation : Perte de poids Maintien du poids (pr\u00e9dispos\u00e9 \u00e0 l'ob\u00e9sit\u00e9 ou apr\u00e8s la perte de poids) Diab\u00e8te chez les chats de poids normal ou l\u00e9g\u00e8rement en surpoids\",\"breadcrumb\":{\"@id\":\"https:\\\/\\\/www.vetorino.com\\\/veterinaire\\\/briancon-05100\\\/boutique\\\/product\\\/feline-metabolic\\\/#breadcrumb\"},\"inLanguage\":\"fr-FR\",\"potentialAction\":[{\"@type\":\"ReadAction\",\"target\":[\"https:\\\/\\\/www.vetorino.com\\\/veterinaire\\\/briancon-05100\\\/boutique\\\/product\\\/feline-metabolic\\\/\"]}]},{\"@type\":\"ImageObject\",\"inLanguage\":\"fr-FR\",\"@id\":\"https:\\\/\\\/www.vetorino.com\\\/veterinaire\\\/briancon-05100\\\/boutique\\\/product\\\/feline-metabolic\\\/#primaryimage\",\"url\":\"https:\\\/\\\/www.vetorino.com\\\/boutique\\\/wp-content\\\/uploads\\\/2022\\\/04\\\/1-prescription-diet-chat-metabolic-croquettes-poulet.jpg\",\"contentUrl\":\"https:\\\/\\\/www.vetorino.com\\\/boutique\\\/wp-content\\\/uploads\\\/2022\\\/04\\\/1-prescription-diet-chat-metabolic-croquettes-poulet.jpg\",\"width\":900,\"height\":900},{\"@type\":\"BreadcrumbList\",\"@id\":\"https:\\\/\\\/www.vetorino.com\\\/veterinaire\\\/briancon-05100\\\/boutique\\\/product\\\/feline-metabolic\\\/#breadcrumb\",\"itemListElement\":[{\"@type\":\"ListItem\",\"position\":1,\"name\":\"Accueil\",\"item\":\"https:\\\/\\\/www.vetorino.com\\\/boutique\\\/\"},{\"@type\":\"ListItem\",\"position\":2,\"name\":\"Produits\",\"item\":\"https:\\\/\\\/www.vetorino.com\\\/boutique\\\/\"},{\"@type\":\"ListItem\",\"position\":3,\"name\":\"Metabolic Croquettes Poulet &#8211; chat\"}]},{\"@type\":\"WebSite\",\"@id\":\"https:\\\/\\\/www.vetorino.com\\\/boutique\\\/#website\",\"url\":\"https:\\\/\\\/www.vetorino.com\\\/boutique\\\/\",\"name\":\"V\u00e9torino\",\"description\":\"\",\"publisher\":{\"@id\":\"https:\\\/\\\/www.vetorino.com\\\/boutique\\\/#organization\"},\"potentialAction\":[{\"@type\":\"SearchAction\",\"target\":{\"@type\":\"EntryPoint\",\"urlTemplate\":\"https:\\\/\\\/www.vetorino.com\\\/boutique\\\/?s={search_term_string}\"},\"query-input\":{\"@type\":\"PropertyValueSpecification\",\"valueRequired\":true,\"valueName\":\"search_term_string\"}}],\"inLanguage\":\"fr-FR\"},{\"@type\":\"Organization\",\"@id\":\"https:\\\/\\\/www.vetorino.com\\\/boutique\\\/#organization\",\"name\":\"V\u00e9torino\",\"url\":\"https:\\\/\\\/www.vetorino.com\\\/boutique\\\/\",\"logo\":{\"@type\":\"ImageObject\",\"inLanguage\":\"fr-FR\",\"@id\":\"https:\\\/\\\/www.vetorino.com\\\/boutique\\\/#\\\/schema\\\/logo\\\/image\\\/\",\"url\":\"https:\\\/\\\/www.vetorino.com\\\/boutique\\\/wp-content\\\/uploads\\\/2024\\\/10\\\/logo.jpg\",\"contentUrl\":\"https:\\\/\\\/www.vetorino.com\\\/boutique\\\/wp-content\\\/uploads\\\/2024\\\/10\\\/logo.jpg\",\"width\":1200,\"height\":610,\"caption\":\"V\u00e9torino\"},\"image\":{\"@id\":\"https:\\\/\\\/www.vetorino.com\\\/boutique\\\/#\\\/schema\\\/logo\\\/image\\\/\"},\"sameAs\":[\"https:\\\/\\\/www.facebook.com\\\/Vetorino\\\/\",\"https:\\\/\\\/www.instagram.com\\\/vetorino_off\\\/\",\"https:\\\/\\\/www.linkedin.com\\\/company\\\/vtorino\\\/\"]}]}<\/script>\n<meta property=\"product:brand\" content=\"Hill&#039;s\" \/>\n<meta property=\"og:availability\" content=\"instock\" \/>\n<meta property=\"product:availability\" content=\"instock\" \/>\n<meta property=\"product:condition\" content=\"new\" \/>\n<!-- \/ Yoast SEO plugin. -->","yoast_head_json":{"title":"Prescription Diet (Hill's) Metabolic Croquettes Poulet - chat Hill's - V\u00e9torino","description":"Hill's Prescription Diet Feline Metabolic est un aliment complet et \u00e9quilibr\u00e9, cliniquement prouv\u00e9 pour favoriser la perte et le maintien du poids chez le chat.   Utilisation :   Perte de poids  Maintien du poids (pr\u00e9dispos\u00e9 \u00e0 l'ob\u00e9sit\u00e9 ou apr\u00e8s la perte de poids)  Diab\u00e8te chez les chats de poids normal ou l\u00e9g\u00e8rement en surpoids","robots":{"index":"noindex","follow":"nofollow"},"og_locale":"fr_FR","og_type":"article","og_title":"Prescription Diet (Hill's) Metabolic Croquettes Poulet - chat Hill's - V\u00e9torino","og_description":"Hill's Prescription Diet Feline Metabolic est un aliment complet et \u00e9quilibr\u00e9, cliniquement prouv\u00e9 pour favoriser la perte et le maintien du poids chez le chat.   Utilisation :   Perte de poids  Maintien du poids (pr\u00e9dispos\u00e9 \u00e0 l'ob\u00e9sit\u00e9 ou apr\u00e8s la perte de poids)  Diab\u00e8te chez les chats de poids normal ou l\u00e9g\u00e8rement en surpoids","og_url":"https:\/\/www.vetorino.com\/veterinaire\/plouzevede-29440\/boutique\/product\/feline-metabolic\/","og_site_name":"V\u00e9torino","article_publisher":"https:\/\/www.facebook.com\/Vetorino\/","article_modified_time":"2025-12-22T10:48:43+00:00","og_image":[{"width":900,"height":900,"url":"https:\/\/www.vetorino.com\/boutique\/wp-content\/uploads\/2022\/04\/1-prescription-diet-chat-metabolic-croquettes-poulet.jpg","type":"image\/jpeg"}],"twitter_card":"summary_large_image","twitter_misc":{"Disponibilit\u00e9":"En stock"},"schema":{"@context":"https:\/\/schema.org","@graph":[{"@type":"WebPage","@id":"https:\/\/www.vetorino.com\/veterinaire\/briancon-05100\/boutique\/product\/feline-metabolic\/","url":"https:\/\/www.vetorino.com\/veterinaire\/briancon-05100\/boutique\/product\/feline-metabolic\/","name":"Prescription Diet (Hill's) Metabolic Croquettes Poulet - chat Hill's - V\u00e9torino","isPartOf":{"@id":"https:\/\/www.vetorino.com\/boutique\/#website"},"primaryImageOfPage":{"@id":"https:\/\/www.vetorino.com\/veterinaire\/briancon-05100\/boutique\/product\/feline-metabolic\/#primaryimage"},"image":{"@id":"https:\/\/www.vetorino.com\/veterinaire\/briancon-05100\/boutique\/product\/feline-metabolic\/#primaryimage"},"thumbnailUrl":"https:\/\/www.vetorino.com\/boutique\/wp-content\/uploads\/2022\/04\/1-prescription-diet-chat-metabolic-croquettes-poulet.jpg","datePublished":"2022-04-08T18:23:30+00:00","dateModified":"2025-12-22T10:48:43+00:00","description":"Hill's Prescription Diet Feline Metabolic est un aliment complet et \u00e9quilibr\u00e9, cliniquement prouv\u00e9 pour favoriser la perte et le maintien du poids chez le chat. Utilisation : Perte de poids Maintien du poids (pr\u00e9dispos\u00e9 \u00e0 l'ob\u00e9sit\u00e9 ou apr\u00e8s la perte de poids) Diab\u00e8te chez les chats de poids normal ou l\u00e9g\u00e8rement en surpoids","breadcrumb":{"@id":"https:\/\/www.vetorino.com\/veterinaire\/briancon-05100\/boutique\/product\/feline-metabolic\/#breadcrumb"},"inLanguage":"fr-FR","potentialAction":[{"@type":"ReadAction","target":["https:\/\/www.vetorino.com\/veterinaire\/briancon-05100\/boutique\/product\/feline-metabolic\/"]}]},{"@type":"ImageObject","inLanguage":"fr-FR","@id":"https:\/\/www.vetorino.com\/veterinaire\/briancon-05100\/boutique\/product\/feline-metabolic\/#primaryimage","url":"https:\/\/www.vetorino.com\/boutique\/wp-content\/uploads\/2022\/04\/1-prescription-diet-chat-metabolic-croquettes-poulet.jpg","contentUrl":"https:\/\/www.vetorino.com\/boutique\/wp-content\/uploads\/2022\/04\/1-prescription-diet-chat-metabolic-croquettes-poulet.jpg","width":900,"height":900},{"@type":"BreadcrumbList","@id":"https:\/\/www.vetorino.com\/veterinaire\/briancon-05100\/boutique\/product\/feline-metabolic\/#breadcrumb","itemListElement":[{"@type":"ListItem","position":1,"name":"Accueil","item":"https:\/\/www.vetorino.com\/boutique\/"},{"@type":"ListItem","position":2,"name":"Produits","item":"https:\/\/www.vetorino.com\/boutique\/"},{"@type":"ListItem","position":3,"name":"Metabolic Croquettes Poulet &#8211; chat"}]},{"@type":"WebSite","@id":"https:\/\/www.vetorino.com\/boutique\/#website","url":"https:\/\/www.vetorino.com\/boutique\/","name":"V\u00e9torino","description":"","publisher":{"@id":"https:\/\/www.vetorino.com\/boutique\/#organization"},"potentialAction":[{"@type":"SearchAction","target":{"@type":"EntryPoint","urlTemplate":"https:\/\/www.vetorino.com\/boutique\/?s={search_term_string}"},"query-input":{"@type":"PropertyValueSpecification","valueRequired":true,"valueName":"search_term_string"}}],"inLanguage":"fr-FR"},{"@type":"Organization","@id":"https:\/\/www.vetorino.com\/boutique\/#organization","name":"V\u00e9torino","url":"https:\/\/www.vetorino.com\/boutique\/","logo":{"@type":"ImageObject","inLanguage":"fr-FR","@id":"https:\/\/www.vetorino.com\/boutique\/#\/schema\/logo\/image\/","url":"https:\/\/www.vetorino.com\/boutique\/wp-content\/uploads\/2024\/10\/logo.jpg","contentUrl":"https:\/\/www.vetorino.com\/boutique\/wp-content\/uploads\/2024\/10\/logo.jpg","width":1200,"height":610,"caption":"V\u00e9torino"},"image":{"@id":"https:\/\/www.vetorino.com\/boutique\/#\/schema\/logo\/image\/"},"sameAs":["https:\/\/www.facebook.com\/Vetorino\/","https:\/\/www.instagram.com\/vetorino_off\/","https:\/\/www.linkedin.com\/company\/vtorino\/"]}]},"product_brand":"Hill's","og_availability":"instock","product_availability":"instock","product_condition":"new"},"_links":{"self":[{"href":"https:\/\/www.vetorino.com\/veterinaire\/plouzevede-29440\/boutique\/wp-json\/wp\/v2\/product\/312032","targetHints":{"allow":["GET"]}}],"collection":[{"href":"https:\/\/www.vetorino.com\/veterinaire\/plouzevede-29440\/boutique\/wp-json\/wp\/v2\/product"}],"about":[{"href":"https:\/\/www.vetorino.com\/veterinaire\/plouzevede-29440\/boutique\/wp-json\/wp\/v2\/types\/product"}],"wp:featuredmedia":[{"embeddable":true,"href":"https:\/\/www.vetorino.com\/veterinaire\/plouzevede-29440\/boutique\/wp-json\/wp\/v2\/media\/1623372"}],"wp:attachment":[{"href":"https:\/\/www.vetorino.com\/veterinaire\/plouzevede-29440\/boutique\/wp-json\/wp\/v2\/media?parent=312032"}],"wp:term":[{"taxonomy":"product_cat","embeddable":true,"href":"https:\/\/www.vetorino.com\/veterinaire\/plouzevede-29440\/boutique\/wp-json\/wp\/v2\/product_cat?post=312032"},{"taxonomy":"product_tag","embeddable":true,"href":"https:\/\/www.vetorino.com\/veterinaire\/plouzevede-29440\/boutique\/wp-json\/wp\/v2\/product_tag?post=312032"}],"curies":[{"name":"wp","href":"https:\/\/api.w.org\/{rel}","templated":true}]}}