{"id":32935,"date":"2020-03-04T21:51:25","date_gmt":"2020-03-04T20:51:25","guid":{"rendered":"https:\/\/www.vetorino.com\/boutique\/product\/oxbow-foin-orchard-grass\/"},"modified":"2022-01-04T15:47:03","modified_gmt":"2022-01-04T14:47:03","slug":"oxbow-foin-orchard-grass","status":"publish","type":"product","link":"https:\/\/www.vetorino.com\/veterinaire\/plouzevede-29440\/boutique\/product\/oxbow-foin-orchard-grass\/","title":{"rendered":"Oxbow Foin Orchard Grass"},"content":{"rendered":"<div class='hidden'> Oxbow <\/div>\n<p><b>Caract\u00e9risiques<\/b><br \/> Compos\u00e9 d&#8217;une haute teneur en fibres, ce foin assure un bon fonctionnement des organes gastro-intestinaux et contribue au bon fonctionnement du syst\u00e8me urinaire. Il pr\u00e9vient l&#8217;ob\u00e9sit\u00e9 des rongeurs et aide \u00e0 diminuer la fr\u00e9quence de selles molles anormales, les ralentissements de transit et les ballonnements. Sucr\u00e9 et fruit\u00e9, ce foin peut \u00eatre donn\u00e9 \u00e0 volont\u00e9.<br \/><b>Bon \u00e0 savoir<\/b><br \/> Demandez conseil \u00e0 votre v\u00e9t\u00e9rinaire. Variez l&#8217;alimentation pour vous assurer que l&#8217;animal ait un apport vari\u00e9 de vitamines et de min\u00e9raux.INGREDIENTS Prot\u00e9ines brutes min 7%, Mati\u00e8res Grasses min 1.5%, Cellulose brute max 32%, Humidit\u00e9 max 15%.<\/p>\n","protected":false},"excerpt":{"rendered":"<p>Le foin ORCHARD GRASS, pour lapin, cochon d&#8217;Inde et chinchilla; jeune ou adulte, est un aliment sp\u00e9cialement con\u00e7u pour stimuler la motricit\u00e9 digestive et assurer le bon fonctionnement de leur syst\u00e8me gastro-intestinal.<\/p>\n","protected":false},"featured_media":132410,"template":"","meta":[],"product_cat":[2812,12563,2727],"product_tag":[],"class_list":{"0":"post-32935","1":"product","2":"type-product","3":"status-publish","4":"has-post-thumbnail","6":"product_cat-alimentation-pour-lapin-rongeur","7":"product_cat-lapin","8":"product_cat-nac","9":"pa_marque-alinac","11":"first","12":"outofstock","13":"taxable","14":"shipping-taxable","15":"product-type-variable"},"yoast_head":"<!-- This site is optimized with the Yoast SEO plugin v27.3 - https:\/\/yoast.com\/product\/yoast-seo-wordpress\/ -->\n<title>Oxbow Foin Orchard Grass Alinac - V\u00e9torino<\/title>\n<meta name=\"description\" content=\"Le foin ORCHARD GRASS, pour lapin, cochon d&#039;Inde et chinchilla; jeune ou adulte, est un aliment sp\u00e9cialement con\u00e7u pour stimuler la motricit\u00e9 digestive et assurer le bon fonctionnement de leur syst\u00e8me gastro-intestinal.\" \/>\n<meta name=\"robots\" content=\"noindex, nofollow\" \/>\n<meta property=\"og:locale\" content=\"fr_FR\" \/>\n<meta property=\"og:type\" content=\"article\" \/>\n<meta property=\"og:title\" content=\"Oxbow Foin Orchard Grass Alinac - V\u00e9torino\" \/>\n<meta property=\"og:description\" content=\"Le foin ORCHARD GRASS, pour lapin, cochon d&#039;Inde et chinchilla; jeune ou adulte, est un aliment sp\u00e9cialement con\u00e7u pour stimuler la motricit\u00e9 digestive et assurer le bon fonctionnement de leur syst\u00e8me gastro-intestinal.\" \/>\n<meta property=\"og:url\" content=\"https:\/\/www.vetorino.com\/veterinaire\/plouzevede-29440\/boutique\/product\/oxbow-foin-orchard-grass\/\" \/>\n<meta property=\"og:site_name\" content=\"V\u00e9torino\" \/>\n<meta property=\"article:publisher\" content=\"https:\/\/www.facebook.com\/Vetorino\/\" \/>\n<meta property=\"article:modified_time\" content=\"2022-01-04T14:47:03+00:00\" \/>\n<meta property=\"og:image\" content=\"https:\/\/www.vetorino.com\/boutique\/wp-content\/uploads\/2020\/11\/foin-lapin-rongeur-oxbow-orchard-grass-sac-1125-kg.jpg\" \/>\n\t<meta property=\"og:image:width\" content=\"800\" \/>\n\t<meta property=\"og:image:height\" content=\"800\" \/>\n\t<meta property=\"og:image:type\" content=\"image\/jpeg\" \/>\n<meta name=\"twitter:card\" content=\"summary_large_image\" \/>\n<meta name=\"twitter:label1\" content=\"Disponibilit\u00e9\" \/>\n\t<meta name=\"twitter:data1\" content=\"Rupture de stock\" \/>\n<script type=\"application\/ld+json\" class=\"yoast-schema-graph\">{\"@context\":\"https:\\\/\\\/schema.org\",\"@graph\":[{\"@type\":\"WebPage\",\"@id\":\"https:\\\/\\\/www.vetorino.com\\\/boutique\\\/product\\\/oxbow-foin-orchard-grass\\\/\",\"url\":\"https:\\\/\\\/www.vetorino.com\\\/boutique\\\/product\\\/oxbow-foin-orchard-grass\\\/\",\"name\":\"Oxbow Foin Orchard Grass Alinac - V\u00e9torino\",\"isPartOf\":{\"@id\":\"https:\\\/\\\/www.vetorino.com\\\/boutique\\\/#website\"},\"primaryImageOfPage\":{\"@id\":\"https:\\\/\\\/www.vetorino.com\\\/boutique\\\/product\\\/oxbow-foin-orchard-grass\\\/#primaryimage\"},\"image\":{\"@id\":\"https:\\\/\\\/www.vetorino.com\\\/boutique\\\/product\\\/oxbow-foin-orchard-grass\\\/#primaryimage\"},\"thumbnailUrl\":\"https:\\\/\\\/www.vetorino.com\\\/boutique\\\/wp-content\\\/uploads\\\/2020\\\/11\\\/foin-lapin-rongeur-oxbow-orchard-grass-sac-1125-kg.jpg\",\"datePublished\":\"2020-03-04T20:51:25+00:00\",\"dateModified\":\"2022-01-04T14:47:03+00:00\",\"description\":\"Le foin ORCHARD GRASS, pour lapin, cochon d'Inde et chinchilla; jeune ou adulte, est un aliment sp\u00e9cialement con\u00e7u pour stimuler la motricit\u00e9 digestive et assurer le bon fonctionnement de leur syst\u00e8me gastro-intestinal.\",\"breadcrumb\":{\"@id\":\"https:\\\/\\\/www.vetorino.com\\\/boutique\\\/product\\\/oxbow-foin-orchard-grass\\\/#breadcrumb\"},\"inLanguage\":\"fr-FR\",\"potentialAction\":[{\"@type\":\"ReadAction\",\"target\":[\"https:\\\/\\\/www.vetorino.com\\\/boutique\\\/product\\\/oxbow-foin-orchard-grass\\\/\"]}]},{\"@type\":\"ImageObject\",\"inLanguage\":\"fr-FR\",\"@id\":\"https:\\\/\\\/www.vetorino.com\\\/boutique\\\/product\\\/oxbow-foin-orchard-grass\\\/#primaryimage\",\"url\":\"https:\\\/\\\/www.vetorino.com\\\/boutique\\\/wp-content\\\/uploads\\\/2020\\\/11\\\/foin-lapin-rongeur-oxbow-orchard-grass-sac-1125-kg.jpg\",\"contentUrl\":\"https:\\\/\\\/www.vetorino.com\\\/boutique\\\/wp-content\\\/uploads\\\/2020\\\/11\\\/foin-lapin-rongeur-oxbow-orchard-grass-sac-1125-kg.jpg\",\"width\":800,\"height\":800},{\"@type\":\"BreadcrumbList\",\"@id\":\"https:\\\/\\\/www.vetorino.com\\\/boutique\\\/product\\\/oxbow-foin-orchard-grass\\\/#breadcrumb\",\"itemListElement\":[{\"@type\":\"ListItem\",\"position\":1,\"name\":\"Accueil\",\"item\":\"https:\\\/\\\/www.vetorino.com\\\/boutique\\\/\"},{\"@type\":\"ListItem\",\"position\":2,\"name\":\"Produits\",\"item\":\"https:\\\/\\\/www.vetorino.com\\\/boutique\\\/\"},{\"@type\":\"ListItem\",\"position\":3,\"name\":\"Oxbow Foin Orchard Grass\"}]},{\"@type\":\"WebSite\",\"@id\":\"https:\\\/\\\/www.vetorino.com\\\/boutique\\\/#website\",\"url\":\"https:\\\/\\\/www.vetorino.com\\\/boutique\\\/\",\"name\":\"V\u00e9torino\",\"description\":\"\",\"publisher\":{\"@id\":\"https:\\\/\\\/www.vetorino.com\\\/boutique\\\/#organization\"},\"potentialAction\":[{\"@type\":\"SearchAction\",\"target\":{\"@type\":\"EntryPoint\",\"urlTemplate\":\"https:\\\/\\\/www.vetorino.com\\\/boutique\\\/?s={search_term_string}\"},\"query-input\":{\"@type\":\"PropertyValueSpecification\",\"valueRequired\":true,\"valueName\":\"search_term_string\"}}],\"inLanguage\":\"fr-FR\"},{\"@type\":\"Organization\",\"@id\":\"https:\\\/\\\/www.vetorino.com\\\/boutique\\\/#organization\",\"name\":\"V\u00e9torino\",\"url\":\"https:\\\/\\\/www.vetorino.com\\\/boutique\\\/\",\"logo\":{\"@type\":\"ImageObject\",\"inLanguage\":\"fr-FR\",\"@id\":\"https:\\\/\\\/www.vetorino.com\\\/boutique\\\/#\\\/schema\\\/logo\\\/image\\\/\",\"url\":\"https:\\\/\\\/www.vetorino.com\\\/boutique\\\/wp-content\\\/uploads\\\/2024\\\/10\\\/logo.jpg\",\"contentUrl\":\"https:\\\/\\\/www.vetorino.com\\\/boutique\\\/wp-content\\\/uploads\\\/2024\\\/10\\\/logo.jpg\",\"width\":1200,\"height\":610,\"caption\":\"V\u00e9torino\"},\"image\":{\"@id\":\"https:\\\/\\\/www.vetorino.com\\\/boutique\\\/#\\\/schema\\\/logo\\\/image\\\/\"},\"sameAs\":[\"https:\\\/\\\/www.facebook.com\\\/Vetorino\\\/\",\"https:\\\/\\\/www.instagram.com\\\/vetorino_off\\\/\",\"https:\\\/\\\/www.linkedin.com\\\/company\\\/vtorino\\\/\"]}]}<\/script>\n<meta property=\"product:brand\" content=\"Alinac\" \/>\n<meta property=\"og:availability\" content=\"out of stock\" \/>\n<meta property=\"product:availability\" content=\"out of stock\" \/>\n<meta property=\"product:condition\" content=\"new\" \/>\n<!-- \/ Yoast SEO plugin. -->","yoast_head_json":{"title":"Oxbow Foin Orchard Grass Alinac - V\u00e9torino","description":"Le foin ORCHARD GRASS, pour lapin, cochon d'Inde et chinchilla; jeune ou adulte, est un aliment sp\u00e9cialement con\u00e7u pour stimuler la motricit\u00e9 digestive et assurer le bon fonctionnement de leur syst\u00e8me gastro-intestinal.","robots":{"index":"noindex","follow":"nofollow"},"og_locale":"fr_FR","og_type":"article","og_title":"Oxbow Foin Orchard Grass Alinac - V\u00e9torino","og_description":"Le foin ORCHARD GRASS, pour lapin, cochon d'Inde et chinchilla; jeune ou adulte, est un aliment sp\u00e9cialement con\u00e7u pour stimuler la motricit\u00e9 digestive et assurer le bon fonctionnement de leur syst\u00e8me gastro-intestinal.","og_url":"https:\/\/www.vetorino.com\/veterinaire\/plouzevede-29440\/boutique\/product\/oxbow-foin-orchard-grass\/","og_site_name":"V\u00e9torino","article_publisher":"https:\/\/www.facebook.com\/Vetorino\/","article_modified_time":"2022-01-04T14:47:03+00:00","og_image":[{"width":800,"height":800,"url":"https:\/\/www.vetorino.com\/boutique\/wp-content\/uploads\/2020\/11\/foin-lapin-rongeur-oxbow-orchard-grass-sac-1125-kg.jpg","type":"image\/jpeg"}],"twitter_card":"summary_large_image","twitter_misc":{"Disponibilit\u00e9":"Rupture de stock"},"schema":{"@context":"https:\/\/schema.org","@graph":[{"@type":"WebPage","@id":"https:\/\/www.vetorino.com\/boutique\/product\/oxbow-foin-orchard-grass\/","url":"https:\/\/www.vetorino.com\/boutique\/product\/oxbow-foin-orchard-grass\/","name":"Oxbow Foin Orchard Grass Alinac - V\u00e9torino","isPartOf":{"@id":"https:\/\/www.vetorino.com\/boutique\/#website"},"primaryImageOfPage":{"@id":"https:\/\/www.vetorino.com\/boutique\/product\/oxbow-foin-orchard-grass\/#primaryimage"},"image":{"@id":"https:\/\/www.vetorino.com\/boutique\/product\/oxbow-foin-orchard-grass\/#primaryimage"},"thumbnailUrl":"https:\/\/www.vetorino.com\/boutique\/wp-content\/uploads\/2020\/11\/foin-lapin-rongeur-oxbow-orchard-grass-sac-1125-kg.jpg","datePublished":"2020-03-04T20:51:25+00:00","dateModified":"2022-01-04T14:47:03+00:00","description":"Le foin ORCHARD GRASS, pour lapin, cochon d'Inde et chinchilla; jeune ou adulte, est un aliment sp\u00e9cialement con\u00e7u pour stimuler la motricit\u00e9 digestive et assurer le bon fonctionnement de leur syst\u00e8me gastro-intestinal.","breadcrumb":{"@id":"https:\/\/www.vetorino.com\/boutique\/product\/oxbow-foin-orchard-grass\/#breadcrumb"},"inLanguage":"fr-FR","potentialAction":[{"@type":"ReadAction","target":["https:\/\/www.vetorino.com\/boutique\/product\/oxbow-foin-orchard-grass\/"]}]},{"@type":"ImageObject","inLanguage":"fr-FR","@id":"https:\/\/www.vetorino.com\/boutique\/product\/oxbow-foin-orchard-grass\/#primaryimage","url":"https:\/\/www.vetorino.com\/boutique\/wp-content\/uploads\/2020\/11\/foin-lapin-rongeur-oxbow-orchard-grass-sac-1125-kg.jpg","contentUrl":"https:\/\/www.vetorino.com\/boutique\/wp-content\/uploads\/2020\/11\/foin-lapin-rongeur-oxbow-orchard-grass-sac-1125-kg.jpg","width":800,"height":800},{"@type":"BreadcrumbList","@id":"https:\/\/www.vetorino.com\/boutique\/product\/oxbow-foin-orchard-grass\/#breadcrumb","itemListElement":[{"@type":"ListItem","position":1,"name":"Accueil","item":"https:\/\/www.vetorino.com\/boutique\/"},{"@type":"ListItem","position":2,"name":"Produits","item":"https:\/\/www.vetorino.com\/boutique\/"},{"@type":"ListItem","position":3,"name":"Oxbow Foin Orchard Grass"}]},{"@type":"WebSite","@id":"https:\/\/www.vetorino.com\/boutique\/#website","url":"https:\/\/www.vetorino.com\/boutique\/","name":"V\u00e9torino","description":"","publisher":{"@id":"https:\/\/www.vetorino.com\/boutique\/#organization"},"potentialAction":[{"@type":"SearchAction","target":{"@type":"EntryPoint","urlTemplate":"https:\/\/www.vetorino.com\/boutique\/?s={search_term_string}"},"query-input":{"@type":"PropertyValueSpecification","valueRequired":true,"valueName":"search_term_string"}}],"inLanguage":"fr-FR"},{"@type":"Organization","@id":"https:\/\/www.vetorino.com\/boutique\/#organization","name":"V\u00e9torino","url":"https:\/\/www.vetorino.com\/boutique\/","logo":{"@type":"ImageObject","inLanguage":"fr-FR","@id":"https:\/\/www.vetorino.com\/boutique\/#\/schema\/logo\/image\/","url":"https:\/\/www.vetorino.com\/boutique\/wp-content\/uploads\/2024\/10\/logo.jpg","contentUrl":"https:\/\/www.vetorino.com\/boutique\/wp-content\/uploads\/2024\/10\/logo.jpg","width":1200,"height":610,"caption":"V\u00e9torino"},"image":{"@id":"https:\/\/www.vetorino.com\/boutique\/#\/schema\/logo\/image\/"},"sameAs":["https:\/\/www.facebook.com\/Vetorino\/","https:\/\/www.instagram.com\/vetorino_off\/","https:\/\/www.linkedin.com\/company\/vtorino\/"]}]},"product_brand":"Alinac","og_availability":"out of stock","product_availability":"out of stock","product_condition":"new"},"_links":{"self":[{"href":"https:\/\/www.vetorino.com\/veterinaire\/plouzevede-29440\/boutique\/wp-json\/wp\/v2\/product\/32935","targetHints":{"allow":["GET"]}}],"collection":[{"href":"https:\/\/www.vetorino.com\/veterinaire\/plouzevede-29440\/boutique\/wp-json\/wp\/v2\/product"}],"about":[{"href":"https:\/\/www.vetorino.com\/veterinaire\/plouzevede-29440\/boutique\/wp-json\/wp\/v2\/types\/product"}],"wp:featuredmedia":[{"embeddable":true,"href":"https:\/\/www.vetorino.com\/veterinaire\/plouzevede-29440\/boutique\/wp-json\/wp\/v2\/media\/132410"}],"wp:attachment":[{"href":"https:\/\/www.vetorino.com\/veterinaire\/plouzevede-29440\/boutique\/wp-json\/wp\/v2\/media?parent=32935"}],"wp:term":[{"taxonomy":"product_cat","embeddable":true,"href":"https:\/\/www.vetorino.com\/veterinaire\/plouzevede-29440\/boutique\/wp-json\/wp\/v2\/product_cat?post=32935"},{"taxonomy":"product_tag","embeddable":true,"href":"https:\/\/www.vetorino.com\/veterinaire\/plouzevede-29440\/boutique\/wp-json\/wp\/v2\/product_tag?post=32935"}],"curies":[{"name":"wp","href":"https:\/\/api.w.org\/{rel}","templated":true}]}}