{"id":33054,"date":"2020-03-04T21:54:54","date_gmt":"2020-03-04T20:54:54","guid":{"rendered":"https:\/\/www.vetorino.com\/boutique\/product\/specific-chien-cxd-xl-adult-large-giant-breed\/"},"modified":"2025-08-21T15:38:32","modified_gmt":"2025-08-21T13:38:32","slug":"specific-chien-cxd-xl-adult-large-giant-breed","status":"publish","type":"product","link":"https:\/\/www.vetorino.com\/veterinaire\/plouzevede-29440\/boutique\/product\/specific-chien-cxd-xl-adult-large-giant-breed\/","title":{"rendered":"CXD-XL Adult Large &amp; Giant \u2013 chien"},"content":{"rendered":"<p><strong>Aliment complet et \u00e9quilibr\u00e9 pour le chien adulte de grande race et de race g\u00e9ante (plus de 25 kg).<\/strong><\/p>\n<p><strong>Utilisation :<\/strong><\/p>\n<ul>\n<li>Alimentation quotidienne du chien de grande race et de race g\u00e9ante (plus de 25 kg) en bonne sant\u00e9, \u00e2g\u00e9 de 1 \u00e0 6 ans (grande race) et de 1 \u00e0 5 ans (race g\u00e9ante), st\u00e9rilis\u00e9 ou non.<\/li>\n<\/ul>\n<p><strong>Bienfaits essentiels :<\/strong><\/p>\n<ul>\n<li>Un aliment complet et \u00e9quilibr\u00e9, \u00e0 teneur mod\u00e9r\u00e9e en \u00e9nergie et compos\u00e9 d\u2019ingr\u00e9dients hautement digestibles, qui couvre les besoins du chien adulte de grande race et de race g\u00e9ante, qu\u2019il soit st\u00e9rilis\u00e9 ou non, et l&#8217;<strong>aide \u00e0 maintenir sonpoids optimal<\/strong>.<\/li>\n<li>Les acides gras Om\u00e9ga-3 EPA et DHA (issus d\u2019huile de poisson) ont un<strong> effet b\u00e9n\u00e9fique sur la sant\u00e9 de la peau et du pelage<\/strong>. Associ\u00e9s \u00e0 une densit\u00e9 \u00e9nerg\u00e9tique mod\u00e9r\u00e9e, ils<strong> favorisent \u00e9galement la bonne sant\u00e9 des articulations<\/strong> des chiens de grandes races et de races g\u00e9antes.<\/li>\n<li>Les ingr\u00e9dients hautement digestibles de qualit\u00e9 sup\u00e9rieure garantissent un<strong> apport maximum de nutriments \u00e0 partir de l\u2019alimentation, tout en r\u00e9duisant le volume des selles<\/strong>.<\/li>\n<li>Contient des \u00df-1,3\/1,6-glucanes issus de levure boulang\u00e8re, qui peuvent se lier aux r\u00e9cepteurs des macrophages et ainsi <strong>stimuler le syst\u00e8me immunitaire et favoriser la r\u00e9ponse immunitaire<\/strong>.<\/li>\n<li>Le psyllium est une fibre soluble mucilagineuse qui a la capacit\u00e9 d\u2019absorber plusieurs fois son poids en eau. Il est connu pour son<strong> effet b\u00e9n\u00e9fique sur la r\u00e9gulation du transit intestinal<\/strong>. Les ingr\u00e9dients hautement digestibles ont \u00e9t\u00e9 <strong>sp\u00e9cialement s\u00e9lectionn\u00e9s pour le syst\u00e8me digestif sensible des chiens de grandes races et de races g\u00e9antes<\/strong>.<\/li>\n<\/ul>\n","protected":false},"excerpt":{"rendered":"<div><strong>Aliment complet et \u00e9quilibr\u00e9 pour le chien adulte de grande race et de race g\u00e9ante (plus de\u00a025 kg).<\/strong><\/div>\n<p><strong>Utilisation :<\/strong><\/p>\n<ul>\n<li>Alimentation quotidienne du chien de grande race et de race g\u00e9ante (plus de 25 kg) en bonne sant\u00e9, \u00e2g\u00e9 de 1 \u00e0 6 ans (grande race) et de 1 \u00e0 5 ans (race g\u00e9ante), st\u00e9rilis\u00e9 ou non.<\/li>\n<\/ul>\n","protected":false},"featured_media":1425226,"template":"","meta":[],"product_cat":[12552,12584,2698],"product_tag":[],"class_list":{"0":"post-33054","1":"product","2":"type-product","3":"status-publish","4":"has-post-thumbnail","6":"product_cat-alimentation-du-chien","7":"product_cat-alimentation-premium-pour-chien","8":"product_cat-chien","9":"pa_marque-specific","11":"first","12":"instock","13":"taxable","14":"shipping-taxable","15":"purchasable","16":"product-type-variable"},"yoast_head":"<!-- This site is optimized with the Yoast SEO plugin v27.3 - https:\/\/yoast.com\/product\/yoast-seo-wordpress\/ -->\n<title>CXD-XL Adult Large &amp; Giant \u2013 chien Specific - V\u00e9torino<\/title>\n<meta name=\"description\" content=\"Aliment complet et \u00e9quilibr\u00e9 pour le chien adulte de grande race et de race g\u00e9ante (plus de\u00a025 kg). Utilisation :   Alimentation quotidienne du chien de grande race et de race g\u00e9ante (plus de 25 kg) en bonne sant\u00e9, \u00e2g\u00e9 de 1 \u00e0 6 ans (grande race) et de 1 \u00e0 5 ans (race g\u00e9ante), st\u00e9rilis\u00e9 ou non.\" \/>\n<meta name=\"robots\" content=\"noindex, nofollow\" \/>\n<meta property=\"og:locale\" content=\"fr_FR\" \/>\n<meta property=\"og:type\" content=\"article\" \/>\n<meta property=\"og:title\" content=\"CXD-XL Adult Large &amp; Giant \u2013 chien Specific - V\u00e9torino\" \/>\n<meta property=\"og:description\" content=\"Aliment complet et \u00e9quilibr\u00e9 pour le chien adulte de grande race et de race g\u00e9ante (plus de\u00a025 kg). Utilisation :   Alimentation quotidienne du chien de grande race et de race g\u00e9ante (plus de 25 kg) en bonne sant\u00e9, \u00e2g\u00e9 de 1 \u00e0 6 ans (grande race) et de 1 \u00e0 5 ans (race g\u00e9ante), st\u00e9rilis\u00e9 ou non.\" \/>\n<meta property=\"og:url\" content=\"https:\/\/www.vetorino.com\/veterinaire\/plouzevede-29440\/boutique\/product\/specific-chien-cxd-xl-adult-large-giant-breed\/\" \/>\n<meta property=\"og:site_name\" content=\"V\u00e9torino\" \/>\n<meta property=\"article:publisher\" content=\"https:\/\/www.facebook.com\/Vetorino\/\" \/>\n<meta property=\"article:modified_time\" content=\"2025-08-21T13:38:32+00:00\" \/>\n<meta property=\"og:image\" content=\"https:\/\/www.vetorino.com\/boutique\/wp-content\/uploads\/2020\/03\/specific-chien-adult-large-giant-breed.jpg\" \/>\n\t<meta property=\"og:image:width\" content=\"800\" \/>\n\t<meta property=\"og:image:height\" content=\"800\" \/>\n\t<meta property=\"og:image:type\" content=\"image\/jpeg\" \/>\n<meta name=\"twitter:card\" content=\"summary_large_image\" \/>\n<meta name=\"twitter:label1\" content=\"Disponibilit\u00e9\" \/>\n\t<meta name=\"twitter:data1\" content=\"En stock\" \/>\n<script type=\"application\/ld+json\" class=\"yoast-schema-graph\">{\"@context\":\"https:\\\/\\\/schema.org\",\"@graph\":[{\"@type\":\"WebPage\",\"@id\":\"https:\\\/\\\/www.vetorino.com\\\/boutique\\\/product\\\/specific-chien-cxd-xl-adult-large-giant-breed\\\/\",\"url\":\"https:\\\/\\\/www.vetorino.com\\\/boutique\\\/product\\\/specific-chien-cxd-xl-adult-large-giant-breed\\\/\",\"name\":\"CXD-XL Adult Large &amp; Giant \u2013 chien Specific - V\u00e9torino\",\"isPartOf\":{\"@id\":\"https:\\\/\\\/www.vetorino.com\\\/boutique\\\/#website\"},\"primaryImageOfPage\":{\"@id\":\"https:\\\/\\\/www.vetorino.com\\\/boutique\\\/product\\\/specific-chien-cxd-xl-adult-large-giant-breed\\\/#primaryimage\"},\"image\":{\"@id\":\"https:\\\/\\\/www.vetorino.com\\\/boutique\\\/product\\\/specific-chien-cxd-xl-adult-large-giant-breed\\\/#primaryimage\"},\"thumbnailUrl\":\"https:\\\/\\\/www.vetorino.com\\\/boutique\\\/wp-content\\\/uploads\\\/2020\\\/03\\\/specific-chien-adult-large-giant-breed.jpg\",\"datePublished\":\"2020-03-04T20:54:54+00:00\",\"dateModified\":\"2025-08-21T13:38:32+00:00\",\"description\":\"Aliment complet et \u00e9quilibr\u00e9 pour le chien adulte de grande race et de race g\u00e9ante (plus de\u00a025 kg). Utilisation : Alimentation quotidienne du chien de grande race et de race g\u00e9ante (plus de 25 kg) en bonne sant\u00e9, \u00e2g\u00e9 de 1 \u00e0 6 ans (grande race) et de 1 \u00e0 5 ans (race g\u00e9ante), st\u00e9rilis\u00e9 ou non.\",\"breadcrumb\":{\"@id\":\"https:\\\/\\\/www.vetorino.com\\\/boutique\\\/product\\\/specific-chien-cxd-xl-adult-large-giant-breed\\\/#breadcrumb\"},\"inLanguage\":\"fr-FR\",\"potentialAction\":[{\"@type\":\"ReadAction\",\"target\":[\"https:\\\/\\\/www.vetorino.com\\\/boutique\\\/product\\\/specific-chien-cxd-xl-adult-large-giant-breed\\\/\"]}]},{\"@type\":\"ImageObject\",\"inLanguage\":\"fr-FR\",\"@id\":\"https:\\\/\\\/www.vetorino.com\\\/boutique\\\/product\\\/specific-chien-cxd-xl-adult-large-giant-breed\\\/#primaryimage\",\"url\":\"https:\\\/\\\/www.vetorino.com\\\/boutique\\\/wp-content\\\/uploads\\\/2020\\\/03\\\/specific-chien-adult-large-giant-breed.jpg\",\"contentUrl\":\"https:\\\/\\\/www.vetorino.com\\\/boutique\\\/wp-content\\\/uploads\\\/2020\\\/03\\\/specific-chien-adult-large-giant-breed.jpg\",\"width\":800,\"height\":800},{\"@type\":\"BreadcrumbList\",\"@id\":\"https:\\\/\\\/www.vetorino.com\\\/boutique\\\/product\\\/specific-chien-cxd-xl-adult-large-giant-breed\\\/#breadcrumb\",\"itemListElement\":[{\"@type\":\"ListItem\",\"position\":1,\"name\":\"Accueil\",\"item\":\"https:\\\/\\\/www.vetorino.com\\\/boutique\\\/\"},{\"@type\":\"ListItem\",\"position\":2,\"name\":\"Produits\",\"item\":\"https:\\\/\\\/www.vetorino.com\\\/boutique\\\/\"},{\"@type\":\"ListItem\",\"position\":3,\"name\":\"CXD-XL Adult Large &amp; Giant \u2013 chien\"}]},{\"@type\":\"WebSite\",\"@id\":\"https:\\\/\\\/www.vetorino.com\\\/boutique\\\/#website\",\"url\":\"https:\\\/\\\/www.vetorino.com\\\/boutique\\\/\",\"name\":\"V\u00e9torino\",\"description\":\"\",\"publisher\":{\"@id\":\"https:\\\/\\\/www.vetorino.com\\\/boutique\\\/#organization\"},\"potentialAction\":[{\"@type\":\"SearchAction\",\"target\":{\"@type\":\"EntryPoint\",\"urlTemplate\":\"https:\\\/\\\/www.vetorino.com\\\/boutique\\\/?s={search_term_string}\"},\"query-input\":{\"@type\":\"PropertyValueSpecification\",\"valueRequired\":true,\"valueName\":\"search_term_string\"}}],\"inLanguage\":\"fr-FR\"},{\"@type\":\"Organization\",\"@id\":\"https:\\\/\\\/www.vetorino.com\\\/boutique\\\/#organization\",\"name\":\"V\u00e9torino\",\"url\":\"https:\\\/\\\/www.vetorino.com\\\/boutique\\\/\",\"logo\":{\"@type\":\"ImageObject\",\"inLanguage\":\"fr-FR\",\"@id\":\"https:\\\/\\\/www.vetorino.com\\\/boutique\\\/#\\\/schema\\\/logo\\\/image\\\/\",\"url\":\"https:\\\/\\\/www.vetorino.com\\\/boutique\\\/wp-content\\\/uploads\\\/2024\\\/10\\\/logo.jpg\",\"contentUrl\":\"https:\\\/\\\/www.vetorino.com\\\/boutique\\\/wp-content\\\/uploads\\\/2024\\\/10\\\/logo.jpg\",\"width\":1200,\"height\":610,\"caption\":\"V\u00e9torino\"},\"image\":{\"@id\":\"https:\\\/\\\/www.vetorino.com\\\/boutique\\\/#\\\/schema\\\/logo\\\/image\\\/\"},\"sameAs\":[\"https:\\\/\\\/www.facebook.com\\\/Vetorino\\\/\",\"https:\\\/\\\/www.instagram.com\\\/vetorino_off\\\/\",\"https:\\\/\\\/www.linkedin.com\\\/company\\\/vtorino\\\/\"]}]}<\/script>\n<meta property=\"product:brand\" content=\"Specific\" \/>\n<meta property=\"og:availability\" content=\"instock\" \/>\n<meta property=\"product:availability\" content=\"instock\" \/>\n<meta property=\"product:condition\" content=\"new\" \/>\n<!-- \/ Yoast SEO plugin. -->","yoast_head_json":{"title":"CXD-XL Adult Large &amp; Giant \u2013 chien Specific - V\u00e9torino","description":"Aliment complet et \u00e9quilibr\u00e9 pour le chien adulte de grande race et de race g\u00e9ante (plus de\u00a025 kg). Utilisation :   Alimentation quotidienne du chien de grande race et de race g\u00e9ante (plus de 25 kg) en bonne sant\u00e9, \u00e2g\u00e9 de 1 \u00e0 6 ans (grande race) et de 1 \u00e0 5 ans (race g\u00e9ante), st\u00e9rilis\u00e9 ou non.","robots":{"index":"noindex","follow":"nofollow"},"og_locale":"fr_FR","og_type":"article","og_title":"CXD-XL Adult Large &amp; Giant \u2013 chien Specific - V\u00e9torino","og_description":"Aliment complet et \u00e9quilibr\u00e9 pour le chien adulte de grande race et de race g\u00e9ante (plus de\u00a025 kg). Utilisation :   Alimentation quotidienne du chien de grande race et de race g\u00e9ante (plus de 25 kg) en bonne sant\u00e9, \u00e2g\u00e9 de 1 \u00e0 6 ans (grande race) et de 1 \u00e0 5 ans (race g\u00e9ante), st\u00e9rilis\u00e9 ou non.","og_url":"https:\/\/www.vetorino.com\/veterinaire\/plouzevede-29440\/boutique\/product\/specific-chien-cxd-xl-adult-large-giant-breed\/","og_site_name":"V\u00e9torino","article_publisher":"https:\/\/www.facebook.com\/Vetorino\/","article_modified_time":"2025-08-21T13:38:32+00:00","og_image":[{"width":800,"height":800,"url":"https:\/\/www.vetorino.com\/boutique\/wp-content\/uploads\/2020\/03\/specific-chien-adult-large-giant-breed.jpg","type":"image\/jpeg"}],"twitter_card":"summary_large_image","twitter_misc":{"Disponibilit\u00e9":"En stock"},"schema":{"@context":"https:\/\/schema.org","@graph":[{"@type":"WebPage","@id":"https:\/\/www.vetorino.com\/boutique\/product\/specific-chien-cxd-xl-adult-large-giant-breed\/","url":"https:\/\/www.vetorino.com\/boutique\/product\/specific-chien-cxd-xl-adult-large-giant-breed\/","name":"CXD-XL Adult Large &amp; Giant \u2013 chien Specific - V\u00e9torino","isPartOf":{"@id":"https:\/\/www.vetorino.com\/boutique\/#website"},"primaryImageOfPage":{"@id":"https:\/\/www.vetorino.com\/boutique\/product\/specific-chien-cxd-xl-adult-large-giant-breed\/#primaryimage"},"image":{"@id":"https:\/\/www.vetorino.com\/boutique\/product\/specific-chien-cxd-xl-adult-large-giant-breed\/#primaryimage"},"thumbnailUrl":"https:\/\/www.vetorino.com\/boutique\/wp-content\/uploads\/2020\/03\/specific-chien-adult-large-giant-breed.jpg","datePublished":"2020-03-04T20:54:54+00:00","dateModified":"2025-08-21T13:38:32+00:00","description":"Aliment complet et \u00e9quilibr\u00e9 pour le chien adulte de grande race et de race g\u00e9ante (plus de\u00a025 kg). Utilisation : Alimentation quotidienne du chien de grande race et de race g\u00e9ante (plus de 25 kg) en bonne sant\u00e9, \u00e2g\u00e9 de 1 \u00e0 6 ans (grande race) et de 1 \u00e0 5 ans (race g\u00e9ante), st\u00e9rilis\u00e9 ou non.","breadcrumb":{"@id":"https:\/\/www.vetorino.com\/boutique\/product\/specific-chien-cxd-xl-adult-large-giant-breed\/#breadcrumb"},"inLanguage":"fr-FR","potentialAction":[{"@type":"ReadAction","target":["https:\/\/www.vetorino.com\/boutique\/product\/specific-chien-cxd-xl-adult-large-giant-breed\/"]}]},{"@type":"ImageObject","inLanguage":"fr-FR","@id":"https:\/\/www.vetorino.com\/boutique\/product\/specific-chien-cxd-xl-adult-large-giant-breed\/#primaryimage","url":"https:\/\/www.vetorino.com\/boutique\/wp-content\/uploads\/2020\/03\/specific-chien-adult-large-giant-breed.jpg","contentUrl":"https:\/\/www.vetorino.com\/boutique\/wp-content\/uploads\/2020\/03\/specific-chien-adult-large-giant-breed.jpg","width":800,"height":800},{"@type":"BreadcrumbList","@id":"https:\/\/www.vetorino.com\/boutique\/product\/specific-chien-cxd-xl-adult-large-giant-breed\/#breadcrumb","itemListElement":[{"@type":"ListItem","position":1,"name":"Accueil","item":"https:\/\/www.vetorino.com\/boutique\/"},{"@type":"ListItem","position":2,"name":"Produits","item":"https:\/\/www.vetorino.com\/boutique\/"},{"@type":"ListItem","position":3,"name":"CXD-XL Adult Large &amp; Giant \u2013 chien"}]},{"@type":"WebSite","@id":"https:\/\/www.vetorino.com\/boutique\/#website","url":"https:\/\/www.vetorino.com\/boutique\/","name":"V\u00e9torino","description":"","publisher":{"@id":"https:\/\/www.vetorino.com\/boutique\/#organization"},"potentialAction":[{"@type":"SearchAction","target":{"@type":"EntryPoint","urlTemplate":"https:\/\/www.vetorino.com\/boutique\/?s={search_term_string}"},"query-input":{"@type":"PropertyValueSpecification","valueRequired":true,"valueName":"search_term_string"}}],"inLanguage":"fr-FR"},{"@type":"Organization","@id":"https:\/\/www.vetorino.com\/boutique\/#organization","name":"V\u00e9torino","url":"https:\/\/www.vetorino.com\/boutique\/","logo":{"@type":"ImageObject","inLanguage":"fr-FR","@id":"https:\/\/www.vetorino.com\/boutique\/#\/schema\/logo\/image\/","url":"https:\/\/www.vetorino.com\/boutique\/wp-content\/uploads\/2024\/10\/logo.jpg","contentUrl":"https:\/\/www.vetorino.com\/boutique\/wp-content\/uploads\/2024\/10\/logo.jpg","width":1200,"height":610,"caption":"V\u00e9torino"},"image":{"@id":"https:\/\/www.vetorino.com\/boutique\/#\/schema\/logo\/image\/"},"sameAs":["https:\/\/www.facebook.com\/Vetorino\/","https:\/\/www.instagram.com\/vetorino_off\/","https:\/\/www.linkedin.com\/company\/vtorino\/"]}]},"product_brand":"Specific","og_availability":"instock","product_availability":"instock","product_condition":"new"},"_links":{"self":[{"href":"https:\/\/www.vetorino.com\/veterinaire\/plouzevede-29440\/boutique\/wp-json\/wp\/v2\/product\/33054","targetHints":{"allow":["GET"]}}],"collection":[{"href":"https:\/\/www.vetorino.com\/veterinaire\/plouzevede-29440\/boutique\/wp-json\/wp\/v2\/product"}],"about":[{"href":"https:\/\/www.vetorino.com\/veterinaire\/plouzevede-29440\/boutique\/wp-json\/wp\/v2\/types\/product"}],"wp:featuredmedia":[{"embeddable":true,"href":"https:\/\/www.vetorino.com\/veterinaire\/plouzevede-29440\/boutique\/wp-json\/wp\/v2\/media\/1425226"}],"wp:attachment":[{"href":"https:\/\/www.vetorino.com\/veterinaire\/plouzevede-29440\/boutique\/wp-json\/wp\/v2\/media?parent=33054"}],"wp:term":[{"taxonomy":"product_cat","embeddable":true,"href":"https:\/\/www.vetorino.com\/veterinaire\/plouzevede-29440\/boutique\/wp-json\/wp\/v2\/product_cat?post=33054"},{"taxonomy":"product_tag","embeddable":true,"href":"https:\/\/www.vetorino.com\/veterinaire\/plouzevede-29440\/boutique\/wp-json\/wp\/v2\/product_tag?post=33054"}],"curies":[{"name":"wp","href":"https:\/\/api.w.org\/{rel}","templated":true}]}}