{"id":33074,"date":"2020-03-04T21:54:59","date_gmt":"2020-03-04T20:54:59","guid":{"rendered":"https:\/\/www.vetorino.com\/boutique\/product\/specific-chien-cod-hy-high-allergy-management\/"},"modified":"2025-08-21T16:42:35","modified_gmt":"2025-08-21T14:42:35","slug":"specific-chien-cod-hy-high-allergy-management","status":"publish","type":"product","link":"https:\/\/www.vetorino.com\/veterinaire\/plouzevede-29440\/boutique\/product\/specific-chien-cod-hy-high-allergy-management\/","title":{"rendered":"COD-HY High Allergen Management Plus &#8211; chien"},"content":{"rendered":"<p><strong>Les croquettes SPECIFIC\u2122 COD-HY Allergen Management Plus sont adapt\u00e9es aux chiens souffrant d\u2019allergies multiples (alimentaires et environnementales (pollen, acariens, puces, &#8230;). Elles ont \u00e9t\u00e9 sp\u00e9cialement formul\u00e9es par des v\u00e9t\u00e9rinaires. Ses ingr\u00e9dients s\u00e9lectionn\u00e9s avec soin r\u00e9duisent le risque d\u2019allergies alimentaires. <\/strong><\/p>\n<p><strong>Les croquettes SPECIFIC\u2122 COD-HY contiennent des nutriments qui participent au renforcement de la barri\u00e8re cutan\u00e9e, prot\u00e9geant ainsi des allerg\u00e8nes environnementaux. Les sympt\u00f4mes des allergies sont soulag\u00e9s par la teneur exceptionnellement \u00e9lev\u00e9e en Om\u00e9ga-3 issus du poisson qui participent \u00e0 r\u00e9duire l\u2019inflammation dont souffre votre animal.<br \/>\n<\/strong><\/p>\n<p><strong>Utilisation :<\/strong><\/p>\n<ul>\n<li>Chiot et chien adulte<\/li>\n<li>Probl\u00e8mes de peau et\/ou d&#8217;intol\u00e9rances alimentaire<\/li>\n<\/ul>\n<p><strong>Bienfaits essentiels :<\/strong><\/p>\n<ul>\n<li>Limite les allergies alimentaires gr\u00e2ce aux prot\u00e9ines de saumon hydrolys\u00e9es hautement digestibles et faiblement allerg\u00e8nes.<\/li>\n<li>Contribue \u00e0 r\u00e9duire les r\u00e9actions inflammatoires li\u00e9s aux allerg\u00e8nes gr\u00e2ce aux teneurs exceptionnellement \u00e9lev\u00e9es en Om\u00e9ga-3 EPA et DHA.<\/li>\n<li>Renforce la peau et le pelage par sa richesse en Om\u00e9ga-6 GLA issus d\u2019huile de bourrache.<\/li>\n<li>Des ingr\u00e9dients soigneusement s\u00e9lectionn\u00e9s et hautement digestibles pour une meilleure digestion.<\/li>\n<\/ul>\n<p>Afin de pr\u00e9server toute la fra\u00eecheur et la qualit\u00e9 de notre compl\u00e9mentation exceptionnelle en acides gras essentiels, la pr\u00e9sentation 12 kg se pr\u00e9sente sous la forme de 3&#215;4 kg. De m\u00eame, il est recommand\u00e9 de bien vider l&#8217;air du sac avant chaque fermeture.<\/p>\n<p><strong>Cet aliment est destin\u00e9 \u00e0 la prise en charge nutritionnelle d\u2019une maladie. Pour la sant\u00e9 de votre chien, il est recommand\u00e9 de consulter votre v\u00e9t\u00e9rinaire et de respecter scrupuleusement ses recommandations nutritionnelles.<\/strong><\/p>\n","protected":false},"excerpt":{"rendered":"<p><strong>Aliment di\u00e9t\u00e9tique complet sp\u00e9cialement formul\u00e9 pour les chiens souffrant d&#8217;allergies multiples \u00e0 la fois alimentaire et environnementale (pollen, acariens, puces\u2026).<br \/>\n<\/strong><\/p>\n<p><strong>Utilisation :<\/strong><\/p>\n<ul>\n<li>Chiot et chien adulte<\/li>\n<li>Probl\u00e8mes de peau et\/ou d&#8217;intol\u00e9rances alimentaires<\/li>\n<\/ul>\n<p><strong>Cet aliment est destin\u00e9 \u00e0 la prise en charge nutritionnelle d\u2019une maladie. Il est recommand\u00e9 de consulter votre v\u00e9t\u00e9rinaire.<\/strong><\/p>\n<p><span style=\"color: #ff9900\"><strong>Le conditionnement 12kg est compos\u00e9 de 3 sacs de 4kg, pour tout retour le lot devra imp\u00e9rativement \u00eatre ramen\u00e9 en int\u00e9gralit\u00e9, soit les 3 sacs de 4kg.<\/strong><\/span><\/p>\n","protected":false},"featured_media":1191911,"template":"","meta":[],"product_cat":[12552,12582,2698],"product_tag":[],"class_list":{"0":"post-33074","1":"product","2":"type-product","3":"status-publish","4":"has-post-thumbnail","6":"product_cat-alimentation-du-chien","7":"product_cat-alimentation-medicalisee-pour-chien","8":"product_cat-chien","9":"pa_marque-specific","11":"first","12":"instock","13":"taxable","14":"shipping-taxable","15":"purchasable","16":"product-type-variable"},"yoast_head":"<!-- This site is optimized with the Yoast SEO plugin v27.3 - https:\/\/yoast.com\/product\/yoast-seo-wordpress\/ -->\n<title>COD-HY High Allergen Management Plus - chien Specific - V\u00e9torino<\/title>\n<meta name=\"description\" content=\"Aliment di\u00e9t\u00e9tique complet sp\u00e9cialement formul\u00e9 pour les chiens souffrant d&#039;allergies multiples \u00e0 la fois alimentaire et environnementale (pollen, acariens, puces\u2026).   Utilisation :   Chiot et chien adulte  Probl\u00e8mes de peau et\/ou d&#039;intol\u00e9rances alimentaires  Cet aliment est destin\u00e9 \u00e0 la prise en charge nutritionnelle d\u2019une maladie. Il est recommand\u00e9 de consulter votre v\u00e9t\u00e9rinaire.  Le conditionnement 12kg est compos\u00e9 de 3 sacs de 4kg, pour tout retour le lot devra imp\u00e9rativement \u00eatre ramen\u00e9 en int\u00e9gralit\u00e9, soit les 3 sacs de 4kg.\" \/>\n<meta name=\"robots\" content=\"noindex, nofollow\" \/>\n<meta property=\"og:locale\" content=\"fr_FR\" \/>\n<meta property=\"og:type\" content=\"article\" \/>\n<meta property=\"og:title\" content=\"COD-HY High Allergen Management Plus - chien Specific - V\u00e9torino\" \/>\n<meta property=\"og:description\" content=\"Aliment di\u00e9t\u00e9tique complet sp\u00e9cialement formul\u00e9 pour les chiens souffrant d&#039;allergies multiples \u00e0 la fois alimentaire et environnementale (pollen, acariens, puces\u2026).   Utilisation :   Chiot et chien adulte  Probl\u00e8mes de peau et\/ou d&#039;intol\u00e9rances alimentaires  Cet aliment est destin\u00e9 \u00e0 la prise en charge nutritionnelle d\u2019une maladie. Il est recommand\u00e9 de consulter votre v\u00e9t\u00e9rinaire.  Le conditionnement 12kg est compos\u00e9 de 3 sacs de 4kg, pour tout retour le lot devra imp\u00e9rativement \u00eatre ramen\u00e9 en int\u00e9gralit\u00e9, soit les 3 sacs de 4kg.\" \/>\n<meta property=\"og:url\" content=\"https:\/\/www.vetorino.com\/veterinaire\/plouzevede-29440\/boutique\/product\/specific-chien-cod-hy-high-allergy-management\/\" \/>\n<meta property=\"og:site_name\" content=\"V\u00e9torino\" \/>\n<meta property=\"article:publisher\" content=\"https:\/\/www.facebook.com\/Vetorino\/\" \/>\n<meta property=\"article:modified_time\" content=\"2025-08-21T14:42:35+00:00\" \/>\n<meta property=\"og:image\" content=\"https:\/\/www.vetorino.com\/boutique\/wp-content\/uploads\/2020\/03\/specific-cod-hy-allergy-management.webp\" \/>\n\t<meta property=\"og:image:width\" content=\"800\" \/>\n\t<meta property=\"og:image:height\" content=\"800\" \/>\n\t<meta property=\"og:image:type\" content=\"image\/webp\" \/>\n<meta name=\"twitter:card\" content=\"summary_large_image\" \/>\n<meta name=\"twitter:label1\" content=\"Disponibilit\u00e9\" \/>\n\t<meta name=\"twitter:data1\" content=\"En stock\" \/>\n<script type=\"application\/ld+json\" class=\"yoast-schema-graph\">{\"@context\":\"https:\\\/\\\/schema.org\",\"@graph\":[{\"@type\":\"WebPage\",\"@id\":\"https:\\\/\\\/www.vetorino.com\\\/boutique\\\/product\\\/specific-chien-cod-hy-high-allergy-management\\\/\",\"url\":\"https:\\\/\\\/www.vetorino.com\\\/boutique\\\/product\\\/specific-chien-cod-hy-high-allergy-management\\\/\",\"name\":\"COD-HY High Allergen Management Plus - chien Specific - V\u00e9torino\",\"isPartOf\":{\"@id\":\"https:\\\/\\\/www.vetorino.com\\\/boutique\\\/#website\"},\"primaryImageOfPage\":{\"@id\":\"https:\\\/\\\/www.vetorino.com\\\/boutique\\\/product\\\/specific-chien-cod-hy-high-allergy-management\\\/#primaryimage\"},\"image\":{\"@id\":\"https:\\\/\\\/www.vetorino.com\\\/boutique\\\/product\\\/specific-chien-cod-hy-high-allergy-management\\\/#primaryimage\"},\"thumbnailUrl\":\"https:\\\/\\\/www.vetorino.com\\\/boutique\\\/wp-content\\\/uploads\\\/2020\\\/03\\\/specific-cod-hy-allergy-management.webp\",\"datePublished\":\"2020-03-04T20:54:59+00:00\",\"dateModified\":\"2025-08-21T14:42:35+00:00\",\"description\":\"Aliment di\u00e9t\u00e9tique complet sp\u00e9cialement formul\u00e9 pour les chiens souffrant d'allergies multiples \u00e0 la fois alimentaire et environnementale (pollen, acariens, puces\u2026). Utilisation : Chiot et chien adulte Probl\u00e8mes de peau et\\\/ou d'intol\u00e9rances alimentaires Cet aliment est destin\u00e9 \u00e0 la prise en charge nutritionnelle d\u2019une maladie. Il est recommand\u00e9 de consulter votre v\u00e9t\u00e9rinaire. Le conditionnement 12kg est compos\u00e9 de 3 sacs de 4kg, pour tout retour le lot devra imp\u00e9rativement \u00eatre ramen\u00e9 en int\u00e9gralit\u00e9, soit les 3 sacs de 4kg.\",\"breadcrumb\":{\"@id\":\"https:\\\/\\\/www.vetorino.com\\\/boutique\\\/product\\\/specific-chien-cod-hy-high-allergy-management\\\/#breadcrumb\"},\"inLanguage\":\"fr-FR\",\"potentialAction\":[{\"@type\":\"ReadAction\",\"target\":[\"https:\\\/\\\/www.vetorino.com\\\/boutique\\\/product\\\/specific-chien-cod-hy-high-allergy-management\\\/\"]}]},{\"@type\":\"ImageObject\",\"inLanguage\":\"fr-FR\",\"@id\":\"https:\\\/\\\/www.vetorino.com\\\/boutique\\\/product\\\/specific-chien-cod-hy-high-allergy-management\\\/#primaryimage\",\"url\":\"https:\\\/\\\/www.vetorino.com\\\/boutique\\\/wp-content\\\/uploads\\\/2020\\\/03\\\/specific-cod-hy-allergy-management.webp\",\"contentUrl\":\"https:\\\/\\\/www.vetorino.com\\\/boutique\\\/wp-content\\\/uploads\\\/2020\\\/03\\\/specific-cod-hy-allergy-management.webp\",\"width\":800,\"height\":800},{\"@type\":\"BreadcrumbList\",\"@id\":\"https:\\\/\\\/www.vetorino.com\\\/boutique\\\/product\\\/specific-chien-cod-hy-high-allergy-management\\\/#breadcrumb\",\"itemListElement\":[{\"@type\":\"ListItem\",\"position\":1,\"name\":\"Accueil\",\"item\":\"https:\\\/\\\/www.vetorino.com\\\/boutique\\\/\"},{\"@type\":\"ListItem\",\"position\":2,\"name\":\"Produits\",\"item\":\"https:\\\/\\\/www.vetorino.com\\\/boutique\\\/\"},{\"@type\":\"ListItem\",\"position\":3,\"name\":\"COD-HY High Allergen Management Plus &#8211; chien\"}]},{\"@type\":\"WebSite\",\"@id\":\"https:\\\/\\\/www.vetorino.com\\\/boutique\\\/#website\",\"url\":\"https:\\\/\\\/www.vetorino.com\\\/boutique\\\/\",\"name\":\"V\u00e9torino\",\"description\":\"\",\"publisher\":{\"@id\":\"https:\\\/\\\/www.vetorino.com\\\/boutique\\\/#organization\"},\"potentialAction\":[{\"@type\":\"SearchAction\",\"target\":{\"@type\":\"EntryPoint\",\"urlTemplate\":\"https:\\\/\\\/www.vetorino.com\\\/boutique\\\/?s={search_term_string}\"},\"query-input\":{\"@type\":\"PropertyValueSpecification\",\"valueRequired\":true,\"valueName\":\"search_term_string\"}}],\"inLanguage\":\"fr-FR\"},{\"@type\":\"Organization\",\"@id\":\"https:\\\/\\\/www.vetorino.com\\\/boutique\\\/#organization\",\"name\":\"V\u00e9torino\",\"url\":\"https:\\\/\\\/www.vetorino.com\\\/boutique\\\/\",\"logo\":{\"@type\":\"ImageObject\",\"inLanguage\":\"fr-FR\",\"@id\":\"https:\\\/\\\/www.vetorino.com\\\/boutique\\\/#\\\/schema\\\/logo\\\/image\\\/\",\"url\":\"https:\\\/\\\/www.vetorino.com\\\/boutique\\\/wp-content\\\/uploads\\\/2024\\\/10\\\/logo.jpg\",\"contentUrl\":\"https:\\\/\\\/www.vetorino.com\\\/boutique\\\/wp-content\\\/uploads\\\/2024\\\/10\\\/logo.jpg\",\"width\":1200,\"height\":610,\"caption\":\"V\u00e9torino\"},\"image\":{\"@id\":\"https:\\\/\\\/www.vetorino.com\\\/boutique\\\/#\\\/schema\\\/logo\\\/image\\\/\"},\"sameAs\":[\"https:\\\/\\\/www.facebook.com\\\/Vetorino\\\/\",\"https:\\\/\\\/www.instagram.com\\\/vetorino_off\\\/\",\"https:\\\/\\\/www.linkedin.com\\\/company\\\/vtorino\\\/\"]}]}<\/script>\n<meta property=\"product:brand\" content=\"Specific\" \/>\n<meta property=\"og:availability\" content=\"instock\" \/>\n<meta property=\"product:availability\" content=\"instock\" \/>\n<meta property=\"product:condition\" content=\"new\" \/>\n<!-- \/ Yoast SEO plugin. -->","yoast_head_json":{"title":"COD-HY High Allergen Management Plus - chien Specific - V\u00e9torino","description":"Aliment di\u00e9t\u00e9tique complet sp\u00e9cialement formul\u00e9 pour les chiens souffrant d'allergies multiples \u00e0 la fois alimentaire et environnementale (pollen, acariens, puces\u2026).   Utilisation :   Chiot et chien adulte  Probl\u00e8mes de peau et\/ou d'intol\u00e9rances alimentaires  Cet aliment est destin\u00e9 \u00e0 la prise en charge nutritionnelle d\u2019une maladie. Il est recommand\u00e9 de consulter votre v\u00e9t\u00e9rinaire.  Le conditionnement 12kg est compos\u00e9 de 3 sacs de 4kg, pour tout retour le lot devra imp\u00e9rativement \u00eatre ramen\u00e9 en int\u00e9gralit\u00e9, soit les 3 sacs de 4kg.","robots":{"index":"noindex","follow":"nofollow"},"og_locale":"fr_FR","og_type":"article","og_title":"COD-HY High Allergen Management Plus - chien Specific - V\u00e9torino","og_description":"Aliment di\u00e9t\u00e9tique complet sp\u00e9cialement formul\u00e9 pour les chiens souffrant d'allergies multiples \u00e0 la fois alimentaire et environnementale (pollen, acariens, puces\u2026).   Utilisation :   Chiot et chien adulte  Probl\u00e8mes de peau et\/ou d'intol\u00e9rances alimentaires  Cet aliment est destin\u00e9 \u00e0 la prise en charge nutritionnelle d\u2019une maladie. Il est recommand\u00e9 de consulter votre v\u00e9t\u00e9rinaire.  Le conditionnement 12kg est compos\u00e9 de 3 sacs de 4kg, pour tout retour le lot devra imp\u00e9rativement \u00eatre ramen\u00e9 en int\u00e9gralit\u00e9, soit les 3 sacs de 4kg.","og_url":"https:\/\/www.vetorino.com\/veterinaire\/plouzevede-29440\/boutique\/product\/specific-chien-cod-hy-high-allergy-management\/","og_site_name":"V\u00e9torino","article_publisher":"https:\/\/www.facebook.com\/Vetorino\/","article_modified_time":"2025-08-21T14:42:35+00:00","og_image":[{"width":800,"height":800,"url":"https:\/\/www.vetorino.com\/boutique\/wp-content\/uploads\/2020\/03\/specific-cod-hy-allergy-management.webp","type":"image\/webp"}],"twitter_card":"summary_large_image","twitter_misc":{"Disponibilit\u00e9":"En stock"},"schema":{"@context":"https:\/\/schema.org","@graph":[{"@type":"WebPage","@id":"https:\/\/www.vetorino.com\/boutique\/product\/specific-chien-cod-hy-high-allergy-management\/","url":"https:\/\/www.vetorino.com\/boutique\/product\/specific-chien-cod-hy-high-allergy-management\/","name":"COD-HY High Allergen Management Plus - chien Specific - V\u00e9torino","isPartOf":{"@id":"https:\/\/www.vetorino.com\/boutique\/#website"},"primaryImageOfPage":{"@id":"https:\/\/www.vetorino.com\/boutique\/product\/specific-chien-cod-hy-high-allergy-management\/#primaryimage"},"image":{"@id":"https:\/\/www.vetorino.com\/boutique\/product\/specific-chien-cod-hy-high-allergy-management\/#primaryimage"},"thumbnailUrl":"https:\/\/www.vetorino.com\/boutique\/wp-content\/uploads\/2020\/03\/specific-cod-hy-allergy-management.webp","datePublished":"2020-03-04T20:54:59+00:00","dateModified":"2025-08-21T14:42:35+00:00","description":"Aliment di\u00e9t\u00e9tique complet sp\u00e9cialement formul\u00e9 pour les chiens souffrant d'allergies multiples \u00e0 la fois alimentaire et environnementale (pollen, acariens, puces\u2026). Utilisation : Chiot et chien adulte Probl\u00e8mes de peau et\/ou d'intol\u00e9rances alimentaires Cet aliment est destin\u00e9 \u00e0 la prise en charge nutritionnelle d\u2019une maladie. Il est recommand\u00e9 de consulter votre v\u00e9t\u00e9rinaire. Le conditionnement 12kg est compos\u00e9 de 3 sacs de 4kg, pour tout retour le lot devra imp\u00e9rativement \u00eatre ramen\u00e9 en int\u00e9gralit\u00e9, soit les 3 sacs de 4kg.","breadcrumb":{"@id":"https:\/\/www.vetorino.com\/boutique\/product\/specific-chien-cod-hy-high-allergy-management\/#breadcrumb"},"inLanguage":"fr-FR","potentialAction":[{"@type":"ReadAction","target":["https:\/\/www.vetorino.com\/boutique\/product\/specific-chien-cod-hy-high-allergy-management\/"]}]},{"@type":"ImageObject","inLanguage":"fr-FR","@id":"https:\/\/www.vetorino.com\/boutique\/product\/specific-chien-cod-hy-high-allergy-management\/#primaryimage","url":"https:\/\/www.vetorino.com\/boutique\/wp-content\/uploads\/2020\/03\/specific-cod-hy-allergy-management.webp","contentUrl":"https:\/\/www.vetorino.com\/boutique\/wp-content\/uploads\/2020\/03\/specific-cod-hy-allergy-management.webp","width":800,"height":800},{"@type":"BreadcrumbList","@id":"https:\/\/www.vetorino.com\/boutique\/product\/specific-chien-cod-hy-high-allergy-management\/#breadcrumb","itemListElement":[{"@type":"ListItem","position":1,"name":"Accueil","item":"https:\/\/www.vetorino.com\/boutique\/"},{"@type":"ListItem","position":2,"name":"Produits","item":"https:\/\/www.vetorino.com\/boutique\/"},{"@type":"ListItem","position":3,"name":"COD-HY High Allergen Management Plus &#8211; chien"}]},{"@type":"WebSite","@id":"https:\/\/www.vetorino.com\/boutique\/#website","url":"https:\/\/www.vetorino.com\/boutique\/","name":"V\u00e9torino","description":"","publisher":{"@id":"https:\/\/www.vetorino.com\/boutique\/#organization"},"potentialAction":[{"@type":"SearchAction","target":{"@type":"EntryPoint","urlTemplate":"https:\/\/www.vetorino.com\/boutique\/?s={search_term_string}"},"query-input":{"@type":"PropertyValueSpecification","valueRequired":true,"valueName":"search_term_string"}}],"inLanguage":"fr-FR"},{"@type":"Organization","@id":"https:\/\/www.vetorino.com\/boutique\/#organization","name":"V\u00e9torino","url":"https:\/\/www.vetorino.com\/boutique\/","logo":{"@type":"ImageObject","inLanguage":"fr-FR","@id":"https:\/\/www.vetorino.com\/boutique\/#\/schema\/logo\/image\/","url":"https:\/\/www.vetorino.com\/boutique\/wp-content\/uploads\/2024\/10\/logo.jpg","contentUrl":"https:\/\/www.vetorino.com\/boutique\/wp-content\/uploads\/2024\/10\/logo.jpg","width":1200,"height":610,"caption":"V\u00e9torino"},"image":{"@id":"https:\/\/www.vetorino.com\/boutique\/#\/schema\/logo\/image\/"},"sameAs":["https:\/\/www.facebook.com\/Vetorino\/","https:\/\/www.instagram.com\/vetorino_off\/","https:\/\/www.linkedin.com\/company\/vtorino\/"]}]},"product_brand":"Specific","og_availability":"instock","product_availability":"instock","product_condition":"new"},"_links":{"self":[{"href":"https:\/\/www.vetorino.com\/veterinaire\/plouzevede-29440\/boutique\/wp-json\/wp\/v2\/product\/33074","targetHints":{"allow":["GET"]}}],"collection":[{"href":"https:\/\/www.vetorino.com\/veterinaire\/plouzevede-29440\/boutique\/wp-json\/wp\/v2\/product"}],"about":[{"href":"https:\/\/www.vetorino.com\/veterinaire\/plouzevede-29440\/boutique\/wp-json\/wp\/v2\/types\/product"}],"wp:featuredmedia":[{"embeddable":true,"href":"https:\/\/www.vetorino.com\/veterinaire\/plouzevede-29440\/boutique\/wp-json\/wp\/v2\/media\/1191911"}],"wp:attachment":[{"href":"https:\/\/www.vetorino.com\/veterinaire\/plouzevede-29440\/boutique\/wp-json\/wp\/v2\/media?parent=33074"}],"wp:term":[{"taxonomy":"product_cat","embeddable":true,"href":"https:\/\/www.vetorino.com\/veterinaire\/plouzevede-29440\/boutique\/wp-json\/wp\/v2\/product_cat?post=33074"},{"taxonomy":"product_tag","embeddable":true,"href":"https:\/\/www.vetorino.com\/veterinaire\/plouzevede-29440\/boutique\/wp-json\/wp\/v2\/product_tag?post=33074"}],"curies":[{"name":"wp","href":"https:\/\/api.w.org\/{rel}","templated":true}]}}