{"id":33173,"date":"2020-03-04T21:55:26","date_gmt":"2020-03-04T20:55:26","guid":{"rendered":"https:\/\/www.vetorino.com\/boutique\/product\/sedaphytol\/"},"modified":"2024-08-28T10:19:25","modified_gmt":"2024-08-28T08:19:25","slug":"sedaphytol","status":"publish","type":"product","link":"https:\/\/www.vetorino.com\/veterinaire\/plouzevede-29440\/boutique\/product\/sedaphytol\/","title":{"rendered":"Sedaphytol"},"content":{"rendered":"<p>Sedaphytol\u00a0est un aliment compl\u00e9mentaire qui aide le\u00a0chien et le chat \u00e0 se d\u00e9tendre, \u00e0 s&#8217;apaiser afin de\u00a0s\u2019adapter aux situations stressantes.<\/p>\n<p>Sedaphytol peut \u00eatre utilis\u00e9 dans une situation anxiog\u00e8ne ponctuelle (trajet en voiture, visite chez le v\u00e9t\u00e9rinaire, feux d\u2019artifices\u2026), mais \u00e9galement en cas de p\u00e9riode stressante prolong\u00e9e (arriv\u00e9e d\u2019un enfant ou d\u2019un autre animal dans le foyer, anxi\u00e9t\u00e9 de s\u00e9paration\u2026).<\/p>\n<p><strong>Principes actifs<\/strong><\/p>\n<ul>\n<li><strong>La\u00a0Rhodiole<\/strong>\u00a0est une plante adaptog\u00e8ne, reconnue pour ses capacit\u00e9s de r\u00e9sistance au stress.<\/li>\n<li><strong>La<\/strong>\u00a0<strong>Passiflore<\/strong>, aussi appel\u00e9e Fleur de la passion, est traditionnellement utilis\u00e9e pour ses propri\u00e9t\u00e9s anxiolytiques. Elle est particuli\u00e8rement int\u00e9ressante dans l\u2019anxi\u00e9t\u00e9 de transport.<\/li>\n<li><strong>La\u00a0Val\u00e9riane<\/strong> est utilis\u00e9e depuis l\u2019Antiquit\u00e9 comme tranquillisant, gr\u00e2ce \u00e0 ses propri\u00e9t\u00e9s calmantes et myorelaxantes.<\/li>\n<li><strong>Le Tryptophane <\/strong>est un pr\u00e9curseur m\u00e9tabolique de la s\u00e9rotonine, un neurom\u00e9diateur intervenant dans la r\u00e9gulation des \u00e9motions.<\/li>\n<li>La vitamine B6 participe \u00e0 la biosynth\u00e8se de la s\u00e9rotonine, et la vitamine B12 contribue \u00e0 un bon fonctionnement du syst\u00e8me nerveux.<\/li>\n<li>Bisglycinate de magn\u00e9sium\u00a0: ce magn\u00e9sium amino-ch\u00e9lat\u00e9 poss\u00e8de une tr\u00e8s bonne biodisponibilit\u00e9 et est bien tol\u00e9r\u00e9 du point de vue digestif.<\/li>\n<\/ul>\n<p><strong>Composition<\/strong><\/p>\n<p>poudre de rhodiole, concentr\u00e9 de prot\u00e9ines de lactos\u00e9rum, extrait de passiflore, extrait de val\u00e9riane, trymptophanes, vitamines B6-B12, ar\u00f4\u00f9e boeuf\/krill\/crevette<\/p>\n<p><strong>Ration journali\u00e8re recommand\u00e9e<\/strong><\/p>\n<p>2 prises par jour pendant 1 mois.<\/p>\n<div class=\"table_container\">\n<table border=\"1\" cellspacing=\"1\" cellpadding=\"1\">\n<tbody>\n<tr>\n<td><strong>Poids de l&#8217;animal<\/strong><\/td>\n<td><strong>Comprim\u00e9(s) par jour<\/strong><\/td>\n<\/tr>\n<tr>\n<td>Jusqu&#8217;\u00e0 5 kg<\/td>\n<td>\u00bc de comprim\u00e9<\/td>\n<\/tr>\n<tr>\n<td>De 5 \u00e0 10 kg<\/td>\n<td>\u00bd comprim\u00e9<\/td>\n<\/tr>\n<tr>\n<td>De 10 \u00e0 15 kg<\/td>\n<td>\u00be de comprim\u00e9<\/td>\n<\/tr>\n<tr>\n<td>De 15 \u00e0 20 kg<\/td>\n<td>1 comprim\u00e9<\/td>\n<\/tr>\n<\/tbody>\n<\/table>\n<\/div>\n","protected":false},"excerpt":{"rendered":"<p><strong>Sedaphytol<\/strong>\u00a0est un aliment compl\u00e9mentaire qui aide le\u00a0chien et le chat \u00e0 se d\u00e9tendre, \u00e0 s&#8217;apaiser afin de\u00a0s\u2019adapter aux situations stressantes.<\/p>\n","protected":false},"featured_media":1006332,"template":"","meta":[],"product_cat":[12551,12552,12581,2738,2759,2786,2697,2698],"product_tag":[],"class_list":{"0":"post-33173","1":"product","2":"type-product","3":"status-publish","4":"has-post-thumbnail","6":"product_cat-alimentation-du-chat","7":"product_cat-alimentation-du-chien","8":"product_cat-alimentation-medicalisee-pour-chat","9":"product_cat-aliments-complementaires-pour-chien","10":"product_cat-anti-stress-et-anxiete-pour-chat","11":"product_cat-anti-stress-et-anxiete-du-chien","12":"product_cat-chat","13":"product_cat-chien","14":"pa_marque-greenvet","16":"first","17":"instock","18":"taxable","19":"shipping-taxable","20":"purchasable","21":"product-type-variable"},"yoast_head":"<!-- This site is optimized with the Yoast SEO plugin v27.3 - https:\/\/yoast.com\/product\/yoast-seo-wordpress\/ -->\n<title>Sedaphytol Greenvet - V\u00e9torino<\/title>\n<meta name=\"description\" content=\"Sedaphytol\u00a0est un aliment compl\u00e9mentaire qui aide le\u00a0chien et le chat \u00e0 se d\u00e9tendre, \u00e0 s&#039;apaiser afin de\u00a0s\u2019adapter aux situations stressantes.\" \/>\n<meta name=\"robots\" content=\"noindex, nofollow\" \/>\n<meta property=\"og:locale\" content=\"fr_FR\" \/>\n<meta property=\"og:type\" content=\"article\" \/>\n<meta property=\"og:title\" content=\"Sedaphytol Greenvet - V\u00e9torino\" \/>\n<meta property=\"og:description\" content=\"Sedaphytol\u00a0est un aliment compl\u00e9mentaire qui aide le\u00a0chien et le chat \u00e0 se d\u00e9tendre, \u00e0 s&#039;apaiser afin de\u00a0s\u2019adapter aux situations stressantes.\" \/>\n<meta property=\"og:url\" content=\"https:\/\/www.vetorino.com\/veterinaire\/plouzevede-29440\/boutique\/product\/sedaphytol\/\" \/>\n<meta property=\"og:site_name\" content=\"V\u00e9torino\" \/>\n<meta property=\"article:publisher\" content=\"https:\/\/www.facebook.com\/Vetorino\/\" \/>\n<meta property=\"article:modified_time\" content=\"2024-08-28T08:19:25+00:00\" \/>\n<meta property=\"og:image\" content=\"https:\/\/www.vetorino.com\/boutique\/wp-content\/uploads\/2020\/03\/sedaphytol.jpg\" \/>\n\t<meta property=\"og:image:width\" content=\"800\" \/>\n\t<meta property=\"og:image:height\" content=\"800\" \/>\n\t<meta property=\"og:image:type\" content=\"image\/jpeg\" \/>\n<meta name=\"twitter:card\" content=\"summary_large_image\" \/>\n<meta name=\"twitter:label1\" content=\"Disponibilit\u00e9\" \/>\n\t<meta name=\"twitter:data1\" content=\"En stock\" \/>\n<script type=\"application\/ld+json\" class=\"yoast-schema-graph\">{\"@context\":\"https:\\\/\\\/schema.org\",\"@graph\":[{\"@type\":\"WebPage\",\"@id\":\"https:\\\/\\\/www.vetorino.com\\\/boutique\\\/product\\\/sedaphytol\\\/\",\"url\":\"https:\\\/\\\/www.vetorino.com\\\/boutique\\\/product\\\/sedaphytol\\\/\",\"name\":\"Sedaphytol Greenvet - V\u00e9torino\",\"isPartOf\":{\"@id\":\"https:\\\/\\\/www.vetorino.com\\\/boutique\\\/#website\"},\"primaryImageOfPage\":{\"@id\":\"https:\\\/\\\/www.vetorino.com\\\/boutique\\\/product\\\/sedaphytol\\\/#primaryimage\"},\"image\":{\"@id\":\"https:\\\/\\\/www.vetorino.com\\\/boutique\\\/product\\\/sedaphytol\\\/#primaryimage\"},\"thumbnailUrl\":\"https:\\\/\\\/www.vetorino.com\\\/boutique\\\/wp-content\\\/uploads\\\/2020\\\/03\\\/sedaphytol.jpg\",\"datePublished\":\"2020-03-04T20:55:26+00:00\",\"dateModified\":\"2024-08-28T08:19:25+00:00\",\"description\":\"Sedaphytol\u00a0est un aliment compl\u00e9mentaire qui aide le\u00a0chien et le chat \u00e0 se d\u00e9tendre, \u00e0 s'apaiser afin de\u00a0s\u2019adapter aux situations stressantes.\",\"breadcrumb\":{\"@id\":\"https:\\\/\\\/www.vetorino.com\\\/boutique\\\/product\\\/sedaphytol\\\/#breadcrumb\"},\"inLanguage\":\"fr-FR\",\"potentialAction\":[{\"@type\":\"ReadAction\",\"target\":[\"https:\\\/\\\/www.vetorino.com\\\/boutique\\\/product\\\/sedaphytol\\\/\"]}]},{\"@type\":\"ImageObject\",\"inLanguage\":\"fr-FR\",\"@id\":\"https:\\\/\\\/www.vetorino.com\\\/boutique\\\/product\\\/sedaphytol\\\/#primaryimage\",\"url\":\"https:\\\/\\\/www.vetorino.com\\\/boutique\\\/wp-content\\\/uploads\\\/2020\\\/03\\\/sedaphytol.jpg\",\"contentUrl\":\"https:\\\/\\\/www.vetorino.com\\\/boutique\\\/wp-content\\\/uploads\\\/2020\\\/03\\\/sedaphytol.jpg\",\"width\":800,\"height\":800},{\"@type\":\"BreadcrumbList\",\"@id\":\"https:\\\/\\\/www.vetorino.com\\\/boutique\\\/product\\\/sedaphytol\\\/#breadcrumb\",\"itemListElement\":[{\"@type\":\"ListItem\",\"position\":1,\"name\":\"Accueil\",\"item\":\"https:\\\/\\\/www.vetorino.com\\\/boutique\\\/\"},{\"@type\":\"ListItem\",\"position\":2,\"name\":\"Produits\",\"item\":\"https:\\\/\\\/www.vetorino.com\\\/boutique\\\/\"},{\"@type\":\"ListItem\",\"position\":3,\"name\":\"Sedaphytol\"}]},{\"@type\":\"WebSite\",\"@id\":\"https:\\\/\\\/www.vetorino.com\\\/boutique\\\/#website\",\"url\":\"https:\\\/\\\/www.vetorino.com\\\/boutique\\\/\",\"name\":\"V\u00e9torino\",\"description\":\"\",\"publisher\":{\"@id\":\"https:\\\/\\\/www.vetorino.com\\\/boutique\\\/#organization\"},\"potentialAction\":[{\"@type\":\"SearchAction\",\"target\":{\"@type\":\"EntryPoint\",\"urlTemplate\":\"https:\\\/\\\/www.vetorino.com\\\/boutique\\\/?s={search_term_string}\"},\"query-input\":{\"@type\":\"PropertyValueSpecification\",\"valueRequired\":true,\"valueName\":\"search_term_string\"}}],\"inLanguage\":\"fr-FR\"},{\"@type\":\"Organization\",\"@id\":\"https:\\\/\\\/www.vetorino.com\\\/boutique\\\/#organization\",\"name\":\"V\u00e9torino\",\"url\":\"https:\\\/\\\/www.vetorino.com\\\/boutique\\\/\",\"logo\":{\"@type\":\"ImageObject\",\"inLanguage\":\"fr-FR\",\"@id\":\"https:\\\/\\\/www.vetorino.com\\\/boutique\\\/#\\\/schema\\\/logo\\\/image\\\/\",\"url\":\"https:\\\/\\\/www.vetorino.com\\\/boutique\\\/wp-content\\\/uploads\\\/2024\\\/10\\\/logo.jpg\",\"contentUrl\":\"https:\\\/\\\/www.vetorino.com\\\/boutique\\\/wp-content\\\/uploads\\\/2024\\\/10\\\/logo.jpg\",\"width\":1200,\"height\":610,\"caption\":\"V\u00e9torino\"},\"image\":{\"@id\":\"https:\\\/\\\/www.vetorino.com\\\/boutique\\\/#\\\/schema\\\/logo\\\/image\\\/\"},\"sameAs\":[\"https:\\\/\\\/www.facebook.com\\\/Vetorino\\\/\",\"https:\\\/\\\/www.instagram.com\\\/vetorino_off\\\/\",\"https:\\\/\\\/www.linkedin.com\\\/company\\\/vtorino\\\/\"]}]}<\/script>\n<meta property=\"product:brand\" content=\"Greenvet\" \/>\n<meta property=\"og:availability\" content=\"instock\" \/>\n<meta property=\"product:availability\" content=\"instock\" \/>\n<meta property=\"product:condition\" content=\"new\" \/>\n<!-- \/ Yoast SEO plugin. -->","yoast_head_json":{"title":"Sedaphytol Greenvet - V\u00e9torino","description":"Sedaphytol\u00a0est un aliment compl\u00e9mentaire qui aide le\u00a0chien et le chat \u00e0 se d\u00e9tendre, \u00e0 s'apaiser afin de\u00a0s\u2019adapter aux situations stressantes.","robots":{"index":"noindex","follow":"nofollow"},"og_locale":"fr_FR","og_type":"article","og_title":"Sedaphytol Greenvet - V\u00e9torino","og_description":"Sedaphytol\u00a0est un aliment compl\u00e9mentaire qui aide le\u00a0chien et le chat \u00e0 se d\u00e9tendre, \u00e0 s'apaiser afin de\u00a0s\u2019adapter aux situations stressantes.","og_url":"https:\/\/www.vetorino.com\/veterinaire\/plouzevede-29440\/boutique\/product\/sedaphytol\/","og_site_name":"V\u00e9torino","article_publisher":"https:\/\/www.facebook.com\/Vetorino\/","article_modified_time":"2024-08-28T08:19:25+00:00","og_image":[{"width":800,"height":800,"url":"https:\/\/www.vetorino.com\/boutique\/wp-content\/uploads\/2020\/03\/sedaphytol.jpg","type":"image\/jpeg"}],"twitter_card":"summary_large_image","twitter_misc":{"Disponibilit\u00e9":"En stock"},"schema":{"@context":"https:\/\/schema.org","@graph":[{"@type":"WebPage","@id":"https:\/\/www.vetorino.com\/boutique\/product\/sedaphytol\/","url":"https:\/\/www.vetorino.com\/boutique\/product\/sedaphytol\/","name":"Sedaphytol Greenvet - V\u00e9torino","isPartOf":{"@id":"https:\/\/www.vetorino.com\/boutique\/#website"},"primaryImageOfPage":{"@id":"https:\/\/www.vetorino.com\/boutique\/product\/sedaphytol\/#primaryimage"},"image":{"@id":"https:\/\/www.vetorino.com\/boutique\/product\/sedaphytol\/#primaryimage"},"thumbnailUrl":"https:\/\/www.vetorino.com\/boutique\/wp-content\/uploads\/2020\/03\/sedaphytol.jpg","datePublished":"2020-03-04T20:55:26+00:00","dateModified":"2024-08-28T08:19:25+00:00","description":"Sedaphytol\u00a0est un aliment compl\u00e9mentaire qui aide le\u00a0chien et le chat \u00e0 se d\u00e9tendre, \u00e0 s'apaiser afin de\u00a0s\u2019adapter aux situations stressantes.","breadcrumb":{"@id":"https:\/\/www.vetorino.com\/boutique\/product\/sedaphytol\/#breadcrumb"},"inLanguage":"fr-FR","potentialAction":[{"@type":"ReadAction","target":["https:\/\/www.vetorino.com\/boutique\/product\/sedaphytol\/"]}]},{"@type":"ImageObject","inLanguage":"fr-FR","@id":"https:\/\/www.vetorino.com\/boutique\/product\/sedaphytol\/#primaryimage","url":"https:\/\/www.vetorino.com\/boutique\/wp-content\/uploads\/2020\/03\/sedaphytol.jpg","contentUrl":"https:\/\/www.vetorino.com\/boutique\/wp-content\/uploads\/2020\/03\/sedaphytol.jpg","width":800,"height":800},{"@type":"BreadcrumbList","@id":"https:\/\/www.vetorino.com\/boutique\/product\/sedaphytol\/#breadcrumb","itemListElement":[{"@type":"ListItem","position":1,"name":"Accueil","item":"https:\/\/www.vetorino.com\/boutique\/"},{"@type":"ListItem","position":2,"name":"Produits","item":"https:\/\/www.vetorino.com\/boutique\/"},{"@type":"ListItem","position":3,"name":"Sedaphytol"}]},{"@type":"WebSite","@id":"https:\/\/www.vetorino.com\/boutique\/#website","url":"https:\/\/www.vetorino.com\/boutique\/","name":"V\u00e9torino","description":"","publisher":{"@id":"https:\/\/www.vetorino.com\/boutique\/#organization"},"potentialAction":[{"@type":"SearchAction","target":{"@type":"EntryPoint","urlTemplate":"https:\/\/www.vetorino.com\/boutique\/?s={search_term_string}"},"query-input":{"@type":"PropertyValueSpecification","valueRequired":true,"valueName":"search_term_string"}}],"inLanguage":"fr-FR"},{"@type":"Organization","@id":"https:\/\/www.vetorino.com\/boutique\/#organization","name":"V\u00e9torino","url":"https:\/\/www.vetorino.com\/boutique\/","logo":{"@type":"ImageObject","inLanguage":"fr-FR","@id":"https:\/\/www.vetorino.com\/boutique\/#\/schema\/logo\/image\/","url":"https:\/\/www.vetorino.com\/boutique\/wp-content\/uploads\/2024\/10\/logo.jpg","contentUrl":"https:\/\/www.vetorino.com\/boutique\/wp-content\/uploads\/2024\/10\/logo.jpg","width":1200,"height":610,"caption":"V\u00e9torino"},"image":{"@id":"https:\/\/www.vetorino.com\/boutique\/#\/schema\/logo\/image\/"},"sameAs":["https:\/\/www.facebook.com\/Vetorino\/","https:\/\/www.instagram.com\/vetorino_off\/","https:\/\/www.linkedin.com\/company\/vtorino\/"]}]},"product_brand":"Greenvet","og_availability":"instock","product_availability":"instock","product_condition":"new"},"_links":{"self":[{"href":"https:\/\/www.vetorino.com\/veterinaire\/plouzevede-29440\/boutique\/wp-json\/wp\/v2\/product\/33173","targetHints":{"allow":["GET"]}}],"collection":[{"href":"https:\/\/www.vetorino.com\/veterinaire\/plouzevede-29440\/boutique\/wp-json\/wp\/v2\/product"}],"about":[{"href":"https:\/\/www.vetorino.com\/veterinaire\/plouzevede-29440\/boutique\/wp-json\/wp\/v2\/types\/product"}],"wp:featuredmedia":[{"embeddable":true,"href":"https:\/\/www.vetorino.com\/veterinaire\/plouzevede-29440\/boutique\/wp-json\/wp\/v2\/media\/1006332"}],"wp:attachment":[{"href":"https:\/\/www.vetorino.com\/veterinaire\/plouzevede-29440\/boutique\/wp-json\/wp\/v2\/media?parent=33173"}],"wp:term":[{"taxonomy":"product_cat","embeddable":true,"href":"https:\/\/www.vetorino.com\/veterinaire\/plouzevede-29440\/boutique\/wp-json\/wp\/v2\/product_cat?post=33173"},{"taxonomy":"product_tag","embeddable":true,"href":"https:\/\/www.vetorino.com\/veterinaire\/plouzevede-29440\/boutique\/wp-json\/wp\/v2\/product_tag?post=33173"}],"curies":[{"name":"wp","href":"https:\/\/api.w.org\/{rel}","templated":true}]}}